{"id":266,"date":"2023-05-16T14:58:21","date_gmt":"2023-05-16T12:58:21","guid":{"rendered":"https:\/\/multi-gyn.com\/at\/?page_id=266"},"modified":"2026-03-27T11:35:29","modified_gmt":"2026-03-27T10:35:29","slug":"fachkreise","status":"publish","type":"page","link":"https:\/\/multi-gyn.com\/at\/fachkreise\/","title":{"rendered":"+Fachkreise"},"content":{"rendered":"\n<div class=\"wp-block-karopharma-free-text pt-medium pb-medium bg-center bg-cover bg-no-repeat  is-style-primary\" style=\"background-image:url()\"><div class=\"free-text-wrapper container max-w-medium text-left\">\n<h1 class=\"wp-block-heading\">Fachkreise<\/h1>\n<\/div><\/div>\n\n\n\n<div class=\"wp-block-karopharma-free-text pt-medium pb-medium bg-center bg-cover bg-no-repeat  is-style-transparent\" style=\"background-image:url()\"><div class=\"free-text-wrapper container max-w-medium text-left\">\n<p class=\"is-style-paragraph-preamble\">Ihre Patientinnen berichten von fischigem Intimgeruch und ungew\u00f6hnlichem Ausfluss? Klingt nach einer bakteriellen Vaginose. Jetzt gibt es eine neue Therapieoption von Multi-Gyn, Ihrem Partner f\u00fcr Intimgesundheit und -pflege.<\/p>\n\n\n\n<figure class=\"wp-block-image size-full is-resized\"><img loading=\"lazy\" decoding=\"async\" width=\"442\" height=\"668\" src=\"https:\/\/multi-gyn.com\/app\/uploads\/sites\/21\/2023\/05\/Multi-Gyn-ActiGel-2IN1.png\" alt=\"Multi-Gyn-ActiGel-2IN1\" class=\"wp-image-269\" style=\"width:221px;height:334px\" srcset=\"https:\/\/multi-gyn.com\/app\/uploads\/sites\/21\/2023\/05\/Multi-Gyn-ActiGel-2IN1.png 442w, https:\/\/multi-gyn.com\/app\/uploads\/sites\/21\/2023\/05\/Multi-Gyn-ActiGel-2IN1-212x320.png 212w\" sizes=\"auto, (max-width: 442px) 100vw, 442px\" \/><\/figure>\n\n\n\n<h3 class=\"wp-block-heading is-style-heading-h3\">NEU: Multi-Gyn ActiGel 2IN1 \u2013 Bei bakterieller Vaginose<\/h3>\n\n\n\n<ul class=\"wp-block-list is-style-default\">\n<li>Vaginalgel mit der nat\u00fcrlichen Kraft von Aloe vera und Milchs\u00e4ure<\/li>\n\n\n\n<li>Schnelle Sypmtomlinderung*<\/li>\n\n\n\n<li>Wiederherstellung von vaginalem pH-Wert und Vaginalflora<\/li>\n\n\n\n<li>Kann alternativ oder erg\u00e4nzend zu Antibiotika eingesetzt werden<\/li>\n\n\n\n<li>Bildet eine Schutzschicht auf der Vaginalschleimhaut und verhindert so die Besiedlung durch pathogene Bakterien und Hefepilze<\/li>\n<\/ul>\n\n\n\n<p class=\"is-style-paragraph-small\">* 2\/3 der Betroffenen berichten von einer Symptomlinderung (Brennen, Juckreiz und Irritationen) innerhalb der ersten 10 Minuten nach der ersten Anwendung.<\/p>\n\n\n\n<p>Bereits in vielen Apotheke erh\u00e4ltlich. <\/p>\n\n\n\n<p>PZN DE: 18119670<br>PZN AT: 5666672<br>Pharmacode Schweiz: 7836273<\/p>\n\n\n\n<div class=\"wp-block-buttons is-layout-flex wp-block-buttons-is-layout-flex\">\n<div class=\"wp-block-button\"><a class=\"wp-block-button__link wp-element-button\" href=\"https:\/\/multi-gyn.com\/app\/uploads\/sites\/21\/2023\/05\/Multi-Gyn-ActiGel-2IN1_Detailinfos.pdf\" target=\"_blank\" rel=\"noreferrer noopener\">Mehr Infos zu Multi-Gyn ActiGel 2IN1<\/a><\/div>\n<\/div>\n<\/div><\/div>\n\n\n\n<div class=\"wp-block-karopharma-free-text pt-large pb-large bg-center bg-cover bg-no-repeat  is-style-tertiary\" style=\"background-image:url()\"><div class=\"free-text-wrapper container max-w-medium text-left\">\n<h3 class=\"wp-block-heading is-style-heading-h3\">Der Experte Prof. Dr. med. Werner Mendling bewertet ActiGel 2IN1 als interessante neue Therapieoption:<\/h3>\n\n\n\n<figure class=\"wp-block-image size-full\"><img loading=\"lazy\" decoding=\"async\" width=\"260\" height=\"260\" src=\"https:\/\/multi-gyn.com\/app\/uploads\/sites\/21\/2023\/05\/Prof-Mendling.jpg\" alt=\"Prof-Mendling\" class=\"wp-image-270\" srcset=\"https:\/\/multi-gyn.com\/app\/uploads\/sites\/21\/2023\/05\/Prof-Mendling.jpg 260w, https:\/\/multi-gyn.com\/app\/uploads\/sites\/21\/2023\/05\/Prof-Mendling-150x150.jpg 150w, https:\/\/multi-gyn.com\/app\/uploads\/sites\/21\/2023\/05\/Prof-Mendling-100x100.jpg 100w\" sizes=\"auto, (max-width: 260px) 100vw, 260px\" \/><\/figure>\n\n\n\n<p> \u201eActiGel 2in1 kann nach einer leitliniengerechten Therapie der bakteriellen Vaginose als interessante Option bewertet werden, da die Wirkung sofort einsetzt, zu einer Optimierung der Vaginalflora ohne Resistenzprobleme beitr\u00e4gt und von den Patientinnen als angenehm empfunden wird.&#8220;<\/p>\n\n\n\n<h3 class=\"wp-block-heading is-style-heading-h3\">Das best\u00e4tigt auch Erwin G\u00f6ckeler-Leopold:<\/h3>\n\n\n\n<figure class=\"wp-block-image size-full\"><img loading=\"lazy\" decoding=\"async\" width=\"260\" height=\"260\" src=\"https:\/\/multi-gyn.com\/app\/uploads\/sites\/21\/2023\/05\/Erwin-Gockeler-Leopold.webp\" alt=\"Erwin-Gockeler-Leopold\" class=\"wp-image-271\" srcset=\"https:\/\/multi-gyn.com\/app\/uploads\/sites\/21\/2023\/05\/Erwin-Gockeler-Leopold.webp 260w, https:\/\/multi-gyn.com\/app\/uploads\/sites\/21\/2023\/05\/Erwin-Gockeler-Leopold-150x150.webp 150w, https:\/\/multi-gyn.com\/app\/uploads\/sites\/21\/2023\/05\/Erwin-Gockeler-Leopold-100x100.webp 100w\" sizes=\"auto, (max-width: 260px) 100vw, 260px\" \/><\/figure>\n\n\n\n<p>\u201eZwei Drittel der Hauptbeschwerden wurden innerhalb von 10 Minuten gelindert. Das sind klinische Erfolge, die helfen k\u00f6nnen, ohne dass wir antibiotische Resistenzen ausl\u00f6sen.\u201c<\/p>\n<\/div><\/div>\n\n\n\n<div class=\"wp-block-karopharma-free-text pt-large pb-large bg-center bg-cover bg-no-repeat  is-style-transparent\" style=\"background-image:url()\"><div class=\"free-text-wrapper container max-w-medium text-left\">\n<h3 class=\"wp-block-heading is-style-heading-h2\">Unser Service f\u00fcr Sie \u2013 ein Webinar zum aktuellen Stand der Therapie einer bakteriellen Vaginose:<\/h3>\n\n\n\n<figure class=\"wp-block-image size-large\"><img loading=\"lazy\" decoding=\"async\" width=\"1024\" height=\"574\" src=\"https:\/\/multi-gyn.com\/app\/uploads\/sites\/21\/2023\/05\/Picture-Webinar-BV_Fachkreise-1024x574.jpg\" alt=\"Picture-Webinar-BV_Fachkreise\" class=\"wp-image-267\" srcset=\"https:\/\/multi-gyn.com\/app\/uploads\/sites\/21\/2023\/05\/Picture-Webinar-BV_Fachkreise-1024x574.jpg 1024w, https:\/\/multi-gyn.com\/app\/uploads\/sites\/21\/2023\/05\/Picture-Webinar-BV_Fachkreise-320x179.jpg 320w, https:\/\/multi-gyn.com\/app\/uploads\/sites\/21\/2023\/05\/Picture-Webinar-BV_Fachkreise-768x430.jpg 768w, https:\/\/multi-gyn.com\/app\/uploads\/sites\/21\/2023\/05\/Picture-Webinar-BV_Fachkreise-600x336.jpg 600w, https:\/\/multi-gyn.com\/app\/uploads\/sites\/21\/2023\/05\/Picture-Webinar-BV_Fachkreise.jpg 1321w\" sizes=\"auto, (max-width: 1024px) 100vw, 1024px\" \/><\/figure>\n\n\n\n<p>Prof. Dr. med. Werner Mendling und Erwin G\u00f6ckeler-Leopold diskutieren \u00fcber den Status Quo der bakteriellen Vaginose in Deutschland und \u00fcber die Bedeutung der bakteriellen Vaginose f\u00fcr die Frauengesundheit. Dar\u00fcber hinaus geben sie einen Ausblick auf alternative Behandlungsm\u00f6glichkeiten zur Antibiotikatherapie.<\/p>\n\n\n\n<h3 class=\"wp-block-heading is-style-heading-h3\">Impulsvortrag Prof. Dr. med. Werner Mendling<\/h3>\n\n\n\n<div class=\"wp-block-karopharma-video\"><div class=\"video-wrapper\"><iframe loading=\"lazy\" frameborder=\"0\" allowfullscreen allow=\"accelerometer; encrypted-media; gyroscope; picture-in-picture\" data-src=\"https:\/\/www.youtube.com\/embed\/ddudT-Nq_S0?autoplay=1\"><\/iframe><picture><source media=\"(max-width: 550px)\" srcset=\"https:\/\/img.youtube.com\/vi\/ddudT-Nq_S0\/mqdefault.jpg\"\/><source media=\"(max-width: 800px)\" srcset=\"https:\/\/img.youtube.com\/vi\/ddudT-Nq_S0\/hqdefault.jpg\"\/><img decoding=\"async\" width=\"1280\" height=\"720\" loading=\"lazy\" src=\"https:\/\/img.youtube.com\/vi\/ddudT-Nq_S0\/maxresdefault.jpg\" alt=\"Embedded YouTube video player thumbnail\"\/><\/picture><div class=\"video-trigger group\"><div class=\"video-trigger__circle group-hover:opacity-[85%]\"><svg width=\"14\" height=\"16\" viewBox=\"0 0 14 16\" fill=\"none\" xmlns=\"http:\/\/www.w3.org\/2000\/svg\"><path d=\"M13.2625 6.70935L2.2625 0.206225C1.36875 -0.3219 0 0.1906 0 1.49685V14.5C0 15.6719 1.27188 16.3781 2.2625 15.7906L13.2625 9.2906C14.2437 8.71248 14.2469 7.28748 13.2625 6.70935V6.70935Z\" fill=\"white\"><\/path><\/svg><\/div><\/div><\/div><\/div>\n\n\n\n<h3 class=\"wp-block-heading is-style-heading-h3\">Impulsvortrag Erwin G\u00f6ckeler-Leopold<\/h3>\n\n\n\n<div class=\"wp-block-karopharma-video\"><div class=\"video-wrapper\"><iframe loading=\"lazy\" frameborder=\"0\" allowfullscreen allow=\"accelerometer; encrypted-media; gyroscope; picture-in-picture\" data-src=\"https:\/\/www.youtube.com\/embed\/nqKX77H4D6o?autoplay=1\"><\/iframe><picture><source media=\"(max-width: 550px)\" srcset=\"https:\/\/img.youtube.com\/vi\/nqKX77H4D6o\/mqdefault.jpg\"\/><source media=\"(max-width: 800px)\" srcset=\"https:\/\/img.youtube.com\/vi\/nqKX77H4D6o\/hqdefault.jpg\"\/><img decoding=\"async\" width=\"1280\" height=\"720\" loading=\"lazy\" src=\"https:\/\/img.youtube.com\/vi\/nqKX77H4D6o\/maxresdefault.jpg\" alt=\"Embedded YouTube video player thumbnail\"\/><\/picture><div class=\"video-trigger group\"><div class=\"video-trigger__circle group-hover:opacity-[85%]\"><svg width=\"14\" height=\"16\" viewBox=\"0 0 14 16\" fill=\"none\" xmlns=\"http:\/\/www.w3.org\/2000\/svg\"><path d=\"M13.2625 6.70935L2.2625 0.206225C1.36875 -0.3219 0 0.1906 0 1.49685V14.5C0 15.6719 1.27188 16.3781 2.2625 15.7906L13.2625 9.2906C14.2437 8.71248 14.2469 7.28748 13.2625 6.70935V6.70935Z\" fill=\"white\"><\/path><\/svg><\/div><\/div><\/div><\/div>\n\n\n\n<h3 class=\"wp-block-heading is-style-heading-h3\">Diskussionsrunde<\/h3>\n\n\n\n<div class=\"wp-block-karopharma-video\"><div class=\"video-wrapper\"><iframe loading=\"lazy\" frameborder=\"0\" allowfullscreen allow=\"accelerometer; encrypted-media; gyroscope; picture-in-picture\" data-src=\"https:\/\/www.youtube.com\/embed\/IwYtrDS5EGo?autoplay=1\"><\/iframe><picture><source media=\"(max-width: 550px)\" srcset=\"https:\/\/img.youtube.com\/vi\/IwYtrDS5EGo\/mqdefault.jpg\"\/><source media=\"(max-width: 800px)\" srcset=\"https:\/\/img.youtube.com\/vi\/IwYtrDS5EGo\/hqdefault.jpg\"\/><img decoding=\"async\" width=\"480\" height=\"360\" loading=\"lazy\" src=\"https:\/\/img.youtube.com\/vi\/IwYtrDS5EGo\/hqdefault.jpg\" alt=\"Embedded YouTube video player thumbnail\"\/><\/picture><div class=\"video-trigger group\"><div class=\"video-trigger__circle group-hover:opacity-[85%]\"><svg width=\"14\" height=\"16\" viewBox=\"0 0 14 16\" fill=\"none\" xmlns=\"http:\/\/www.w3.org\/2000\/svg\"><path d=\"M13.2625 6.70935L2.2625 0.206225C1.36875 -0.3219 0 0.1906 0 1.49685V14.5C0 15.6719 1.27188 16.3781 2.2625 15.7906L13.2625 9.2906C14.2437 8.71248 14.2469 7.28748 13.2625 6.70935V6.70935Z\" fill=\"white\"><\/path><\/svg><\/div><\/div><\/div><\/div>\n\n\n\n<div style=\"height:20px\" aria-hidden=\"true\" class=\"wp-block-spacer is-style-responsive-medium\"><\/div>\n\n\n\n<div class=\"wp-block-buttons is-vertical is-layout-flex wp-container-core-buttons-is-layout-8cad6afd wp-block-buttons-is-layout-flex\">\n<div class=\"wp-block-button\"><a class=\"wp-block-button__link wp-element-button\" href=\"https:\/\/multi-gyn.com\/at\/produktuebersicht\/\">Produkt\u00fcbersicht<\/a><\/div>\n<\/div>\n<\/div><\/div>\n","protected":false},"excerpt":{"rendered":"","protected":false},"author":2,"featured_media":0,"parent":0,"menu_order":0,"comment_status":"closed","ping_status":"closed","template":"","meta":{"_acf_changed":false,"footnotes":""},"from-article-database":[],"class_list":["post-266","page","type-page","status-publish","hentry"],"acf":[],"yoast_head":"<!-- This site is optimized with the Yoast SEO plugin v26.6 - https:\/\/yoast.com\/wordpress\/plugins\/seo\/ -->\n<title>Fachkreise - Login | Multi-Gyn\u00ae<\/title>\n<meta name=\"description\" content=\"Login f\u00fcr Fachkreise: Logge Dich ein und entdecke exklusive Produkt- &amp; Fachinformationen von Multi-Gyn\u00ae\" \/>\n<meta name=\"robots\" content=\"index, follow, max-snippet:-1, max-image-preview:large, max-video-preview:-1\" \/>\n<link rel=\"canonical\" href=\"https:\/\/multi-gyn.com\/at\/fachkreise\/\" \/>\n<meta property=\"og:locale\" content=\"de_DE\" \/>\n<meta property=\"og:type\" content=\"article\" \/>\n<meta property=\"og:title\" content=\"Fachkreise - Login | Multi-Gyn\u00ae\" \/>\n<meta property=\"og:description\" content=\"Login f\u00fcr Fachkreise: Logge Dich ein und entdecke exklusive Produkt- &amp; Fachinformationen von Multi-Gyn\u00ae\" \/>\n<meta property=\"og:url\" content=\"https:\/\/multi-gyn.com\/at\/fachkreise\/\" \/>\n<meta property=\"og:site_name\" content=\"Multi-Gyn\" \/>\n<meta property=\"article:modified_time\" content=\"2026-03-27T10:35:29+00:00\" \/>\n<meta property=\"og:image\" content=\"https:\/\/multi-gyn.com\/app\/uploads\/sites\/21\/2023\/05\/Multi-Gyn-ActiGel-2IN1.png\" \/>\n\t<meta property=\"og:image:width\" content=\"442\" \/>\n\t<meta property=\"og:image:height\" content=\"668\" \/>\n\t<meta property=\"og:image:type\" content=\"image\/png\" \/>\n<meta name=\"twitter:card\" content=\"summary_large_image\" \/>\n<meta name=\"twitter:label1\" content=\"Gesch\u00e4tzte Lesezeit\" \/>\n\t<meta name=\"twitter:data1\" content=\"3 Minuten\" \/>\n<script type=\"application\/ld+json\" class=\"yoast-schema-graph\">{\"@context\":\"https:\/\/schema.org\",\"@graph\":[{\"@type\":\"WebPage\",\"@id\":\"https:\/\/multi-gyn.com\/at\/fachkreise\/\",\"url\":\"https:\/\/multi-gyn.com\/at\/fachkreise\/\",\"name\":\"Fachkreise - Login | Multi-Gyn\u00ae\",\"isPartOf\":{\"@id\":\"https:\/\/multi-gyn.com\/at\/#website\"},\"primaryImageOfPage\":{\"@id\":\"https:\/\/multi-gyn.com\/at\/fachkreise\/#primaryimage\"},\"image\":{\"@id\":\"https:\/\/multi-gyn.com\/at\/fachkreise\/#primaryimage\"},\"thumbnailUrl\":\"https:\/\/multi-gyn.com\/app\/uploads\/sites\/21\/2023\/05\/Multi-Gyn-ActiGel-2IN1.png\",\"datePublished\":\"2023-05-16T12:58:21+00:00\",\"dateModified\":\"2026-03-27T10:35:29+00:00\",\"description\":\"Login f\u00fcr Fachkreise: Logge Dich ein und entdecke exklusive Produkt- & Fachinformationen von Multi-Gyn\u00ae\",\"breadcrumb\":{\"@id\":\"https:\/\/multi-gyn.com\/at\/fachkreise\/#breadcrumb\"},\"inLanguage\":\"de-AT\",\"potentialAction\":[{\"@type\":\"ReadAction\",\"target\":[\"https:\/\/multi-gyn.com\/at\/fachkreise\/\"]}]},{\"@type\":\"ImageObject\",\"inLanguage\":\"de-AT\",\"@id\":\"https:\/\/multi-gyn.com\/at\/fachkreise\/#primaryimage\",\"url\":\"https:\/\/multi-gyn.com\/app\/uploads\/sites\/21\/2023\/05\/Multi-Gyn-ActiGel-2IN1.png\",\"contentUrl\":\"https:\/\/multi-gyn.com\/app\/uploads\/sites\/21\/2023\/05\/Multi-Gyn-ActiGel-2IN1.png\"},{\"@type\":\"BreadcrumbList\",\"@id\":\"https:\/\/multi-gyn.com\/at\/fachkreise\/#breadcrumb\",\"itemListElement\":[{\"@type\":\"ListItem\",\"position\":1,\"name\":\"Startseite\",\"item\":\"https:\/\/multi-gyn.com\/at\/\"},{\"@type\":\"ListItem\",\"position\":2,\"name\":\"+Fachkreise\"}]},{\"@type\":\"WebSite\",\"@id\":\"https:\/\/multi-gyn.com\/at\/#website\",\"url\":\"https:\/\/multi-gyn.com\/at\/\",\"name\":\"Multi-Gyn\",\"description\":\"\",\"publisher\":{\"@id\":\"https:\/\/multi-gyn.com\/at\/#organization\"},\"potentialAction\":[{\"@type\":\"SearchAction\",\"target\":{\"@type\":\"EntryPoint\",\"urlTemplate\":\"https:\/\/multi-gyn.com\/at\/?s={search_term_string}\"},\"query-input\":{\"@type\":\"PropertyValueSpecification\",\"valueRequired\":true,\"valueName\":\"search_term_string\"}}],\"inLanguage\":\"de-AT\"},{\"@type\":\"Organization\",\"@id\":\"https:\/\/multi-gyn.com\/at\/#organization\",\"name\":\"Multi-Gyn\",\"url\":\"https:\/\/multi-gyn.com\/at\/\",\"logo\":{\"@type\":\"ImageObject\",\"inLanguage\":\"de-AT\",\"@id\":\"https:\/\/multi-gyn.com\/at\/#\/schema\/logo\/image\/\",\"url\":\"https:\/\/multi-gyn.com\/app\/uploads\/sites\/21\/2022\/08\/multi-gyn-logo.png\",\"contentUrl\":\"https:\/\/multi-gyn.com\/app\/uploads\/sites\/21\/2022\/08\/multi-gyn-logo.png\",\"width\":149,\"height\":32,\"caption\":\"Multi-Gyn\"},\"image\":{\"@id\":\"https:\/\/multi-gyn.com\/at\/#\/schema\/logo\/image\/\"}}]}<\/script>\n<!-- \/ Yoast SEO plugin. -->","yoast_head_json":{"title":"Fachkreise - Login | Multi-Gyn\u00ae","description":"Login f\u00fcr Fachkreise: Logge Dich ein und entdecke exklusive Produkt- & Fachinformationen von Multi-Gyn\u00ae","robots":{"index":"index","follow":"follow","max-snippet":"max-snippet:-1","max-image-preview":"max-image-preview:large","max-video-preview":"max-video-preview:-1"},"canonical":"https:\/\/multi-gyn.com\/at\/fachkreise\/","og_locale":"de_DE","og_type":"article","og_title":"Fachkreise - Login | Multi-Gyn\u00ae","og_description":"Login f\u00fcr Fachkreise: Logge Dich ein und entdecke exklusive Produkt- & Fachinformationen von Multi-Gyn\u00ae","og_url":"https:\/\/multi-gyn.com\/at\/fachkreise\/","og_site_name":"Multi-Gyn","article_modified_time":"2026-03-27T10:35:29+00:00","og_image":[{"width":442,"height":668,"url":"https:\/\/multi-gyn.com\/app\/uploads\/sites\/21\/2023\/05\/Multi-Gyn-ActiGel-2IN1.png","type":"image\/png"}],"twitter_card":"summary_large_image","twitter_misc":{"Gesch\u00e4tzte Lesezeit":"3 Minuten"},"schema":{"@context":"https:\/\/schema.org","@graph":[{"@type":"WebPage","@id":"https:\/\/multi-gyn.com\/at\/fachkreise\/","url":"https:\/\/multi-gyn.com\/at\/fachkreise\/","name":"Fachkreise - Login | Multi-Gyn\u00ae","isPartOf":{"@id":"https:\/\/multi-gyn.com\/at\/#website"},"primaryImageOfPage":{"@id":"https:\/\/multi-gyn.com\/at\/fachkreise\/#primaryimage"},"image":{"@id":"https:\/\/multi-gyn.com\/at\/fachkreise\/#primaryimage"},"thumbnailUrl":"https:\/\/multi-gyn.com\/app\/uploads\/sites\/21\/2023\/05\/Multi-Gyn-ActiGel-2IN1.png","datePublished":"2023-05-16T12:58:21+00:00","dateModified":"2026-03-27T10:35:29+00:00","description":"Login f\u00fcr Fachkreise: Logge Dich ein und entdecke exklusive Produkt- & Fachinformationen von Multi-Gyn\u00ae","breadcrumb":{"@id":"https:\/\/multi-gyn.com\/at\/fachkreise\/#breadcrumb"},"inLanguage":"de-AT","potentialAction":[{"@type":"ReadAction","target":["https:\/\/multi-gyn.com\/at\/fachkreise\/"]}]},{"@type":"ImageObject","inLanguage":"de-AT","@id":"https:\/\/multi-gyn.com\/at\/fachkreise\/#primaryimage","url":"https:\/\/multi-gyn.com\/app\/uploads\/sites\/21\/2023\/05\/Multi-Gyn-ActiGel-2IN1.png","contentUrl":"https:\/\/multi-gyn.com\/app\/uploads\/sites\/21\/2023\/05\/Multi-Gyn-ActiGel-2IN1.png"},{"@type":"BreadcrumbList","@id":"https:\/\/multi-gyn.com\/at\/fachkreise\/#breadcrumb","itemListElement":[{"@type":"ListItem","position":1,"name":"Startseite","item":"https:\/\/multi-gyn.com\/at\/"},{"@type":"ListItem","position":2,"name":"+Fachkreise"}]},{"@type":"WebSite","@id":"https:\/\/multi-gyn.com\/at\/#website","url":"https:\/\/multi-gyn.com\/at\/","name":"Multi-Gyn","description":"","publisher":{"@id":"https:\/\/multi-gyn.com\/at\/#organization"},"potentialAction":[{"@type":"SearchAction","target":{"@type":"EntryPoint","urlTemplate":"https:\/\/multi-gyn.com\/at\/?s={search_term_string}"},"query-input":{"@type":"PropertyValueSpecification","valueRequired":true,"valueName":"search_term_string"}}],"inLanguage":"de-AT"},{"@type":"Organization","@id":"https:\/\/multi-gyn.com\/at\/#organization","name":"Multi-Gyn","url":"https:\/\/multi-gyn.com\/at\/","logo":{"@type":"ImageObject","inLanguage":"de-AT","@id":"https:\/\/multi-gyn.com\/at\/#\/schema\/logo\/image\/","url":"https:\/\/multi-gyn.com\/app\/uploads\/sites\/21\/2022\/08\/multi-gyn-logo.png","contentUrl":"https:\/\/multi-gyn.com\/app\/uploads\/sites\/21\/2022\/08\/multi-gyn-logo.png","width":149,"height":32,"caption":"Multi-Gyn"},"image":{"@id":"https:\/\/multi-gyn.com\/at\/#\/schema\/logo\/image\/"}}]}},"_links":{"self":[{"href":"https:\/\/multi-gyn.com\/at\/wp-json\/wp\/v2\/pages\/266","targetHints":{"allow":["GET"]}}],"collection":[{"href":"https:\/\/multi-gyn.com\/at\/wp-json\/wp\/v2\/pages"}],"about":[{"href":"https:\/\/multi-gyn.com\/at\/wp-json\/wp\/v2\/types\/page"}],"author":[{"embeddable":true,"href":"https:\/\/multi-gyn.com\/at\/wp-json\/wp\/v2\/users\/2"}],"replies":[{"embeddable":true,"href":"https:\/\/multi-gyn.com\/at\/wp-json\/wp\/v2\/comments?post=266"}],"version-history":[{"count":6,"href":"https:\/\/multi-gyn.com\/at\/wp-json\/wp\/v2\/pages\/266\/revisions"}],"predecessor-version":[{"id":454,"href":"https:\/\/multi-gyn.com\/at\/wp-json\/wp\/v2\/pages\/266\/revisions\/454"}],"wp:attachment":[{"href":"https:\/\/multi-gyn.com\/at\/wp-json\/wp\/v2\/media?parent=266"}],"wp:term":[{"taxonomy":"from-article-database","embeddable":true,"href":"https:\/\/multi-gyn.com\/at\/wp-json\/wp\/v2\/from-article-database?post=266"}],"curies":[{"name":"wp","href":"https:\/\/api.w.org\/{rel}","templated":true}]}}