{"id":274,"date":"2023-05-16T15:23:44","date_gmt":"2023-05-16T13:23:44","guid":{"rendered":"https:\/\/multi-gyn.com\/at\/?page_id=274"},"modified":"2026-03-27T11:35:29","modified_gmt":"2026-03-27T10:35:29","slug":"produktuebersicht","status":"publish","type":"page","link":"https:\/\/multi-gyn.com\/at\/produktuebersicht\/","title":{"rendered":"Produkt\u00fcbersicht"},"content":{"rendered":"\n<div class=\"wp-block-karopharma-free-text pt-large pb-large bg-center bg-cover bg-no-repeat  is-style-primary\" style=\"background-image:url()\"><div class=\"free-text-wrapper container max-w-medium text-left\">\n<h1 class=\"wp-block-heading\">\u00dcber Multi-Gyn<\/h1>\n\n\n\n<p class=\"is-style-paragraph-preamble\">Wir bieten Produkte zur Behandlung von bakterieller Vaginose, Scheidenpilz und vaginaler Trockenheit sowie Intimhygiene und Reizung des \u00e4u\u00dferen Intimbereichs.<\/p>\n<\/div><\/div>\n\n\n\n<div class=\"wp-block-karopharma-free-text pt-large pb-large bg-center bg-cover bg-no-repeat\" style=\"background-image:url()\"><div class=\"free-text-wrapper container max-w-medium text-left\">\n<figure class=\"wp-block-image size-large\"><img loading=\"lazy\" decoding=\"async\" width=\"1024\" height=\"724\" src=\"https:\/\/multi-gyn.com\/app\/uploads\/sites\/21\/2024\/01\/produkt-1-a02-1024x724.png\" alt=\"produkt-1-a02\" class=\"wp-image-334\" srcset=\"https:\/\/multi-gyn.com\/app\/uploads\/sites\/21\/2024\/01\/produkt-1-a02-1024x724.png 1024w, https:\/\/multi-gyn.com\/app\/uploads\/sites\/21\/2024\/01\/produkt-1-a02-320x226.png 320w, https:\/\/multi-gyn.com\/app\/uploads\/sites\/21\/2024\/01\/produkt-1-a02-768x543.png 768w, https:\/\/multi-gyn.com\/app\/uploads\/sites\/21\/2024\/01\/produkt-1-a02-600x424.png 600w, https:\/\/multi-gyn.com\/app\/uploads\/sites\/21\/2024\/01\/produkt-1-a02.png 1235w\" sizes=\"auto, (max-width: 1024px) 100vw, 1024px\" \/><\/figure>\n\n\n\n<figure class=\"wp-block-image size-large\"><img loading=\"lazy\" decoding=\"async\" width=\"1024\" height=\"724\" src=\"https:\/\/multi-gyn.com\/app\/uploads\/sites\/21\/2024\/01\/produkt-2-a02-1024x724.png\" alt=\"produkt-2-a02\" class=\"wp-image-335\" srcset=\"https:\/\/multi-gyn.com\/app\/uploads\/sites\/21\/2024\/01\/produkt-2-a02-1024x724.png 1024w, https:\/\/multi-gyn.com\/app\/uploads\/sites\/21\/2024\/01\/produkt-2-a02-320x226.png 320w, https:\/\/multi-gyn.com\/app\/uploads\/sites\/21\/2024\/01\/produkt-2-a02-768x543.png 768w, https:\/\/multi-gyn.com\/app\/uploads\/sites\/21\/2024\/01\/produkt-2-a02-600x424.png 600w, https:\/\/multi-gyn.com\/app\/uploads\/sites\/21\/2024\/01\/produkt-2-a02.png 1235w\" sizes=\"auto, (max-width: 1024px) 100vw, 1024px\" \/><\/figure>\n\n\n\n<div class=\"wp-block-buttons is-layout-flex wp-block-buttons-is-layout-flex\">\n<div class=\"wp-block-button\"><a class=\"wp-block-button__link wp-element-button\" href=\"https:\/\/multi-gyn.com\/app\/uploads\/sites\/14\/2024\/01\/240117_LY_multi-gyn_Produktu\u0308bersicht_digital-1.pdf\" target=\"_blank\" rel=\"noreferrer noopener\">Produkt\u00fcbersicht Multi-Gyn<\/a><\/div>\n<\/div>\n\n\n\n<p>Multi-Gyn Produkte lindern Intimbeschwerden, indem sie das nat\u00fcrliche Gleichgewicht der Scheidenflora wiederherstellen. Wenn die Scheidenflora ausgeglichen ist, sch\u00fctzt sie sich auf nat\u00fcrliche Weise vor Bakterien und Hefepilzen. Wenn dieses Gleichgewicht jedoch gest\u00f6rt wird, k\u00f6nnen Beschwerden wie Juckreiz, Ausfluss, Trockenheit oder Infektionen wie Bakterielle Vaginose und Scheidenpilz auftreten. Indem dieses Gleichgewicht wiederhergestellt wird, lindern Multi- Gyn Produkte Intimbeschwerden nicht nur, sondern optimieren auch die Vaginalflora.<\/p>\n<\/div><\/div>\n","protected":false},"excerpt":{"rendered":"","protected":false},"author":2,"featured_media":0,"parent":0,"menu_order":0,"comment_status":"closed","ping_status":"closed","template":"","meta":{"_acf_changed":false,"footnotes":""},"from-article-database":[],"class_list":["post-274","page","type-page","status-publish","hentry"],"acf":[],"yoast_head":"<!-- This site is optimized with the Yoast SEO plugin v26.6 - https:\/\/yoast.com\/wordpress\/plugins\/seo\/ -->\n<title>Produkt\u00fcbersicht - Multi-Gyn<\/title>\n<meta name=\"description\" content=\"Wir bieten Produkte zur Behandlung von bakterieller Vaginose, Scheidenpilz und vaginaler Trockenheit sowie Intimhygiene und Reizung des \u00e4u\u00dferen Intimbereichs.\" \/>\n<meta name=\"robots\" content=\"index, follow, max-snippet:-1, max-image-preview:large, max-video-preview:-1\" \/>\n<link rel=\"canonical\" href=\"https:\/\/multi-gyn.com\/at\/produktuebersicht\/\" \/>\n<meta property=\"og:locale\" content=\"de_DE\" \/>\n<meta property=\"og:type\" content=\"article\" \/>\n<meta property=\"og:title\" content=\"Produkt\u00fcbersicht - Multi-Gyn\" \/>\n<meta property=\"og:description\" content=\"Wir bieten Produkte zur Behandlung von bakterieller Vaginose, Scheidenpilz und vaginaler Trockenheit sowie Intimhygiene und Reizung des \u00e4u\u00dferen Intimbereichs.\" \/>\n<meta property=\"og:url\" content=\"https:\/\/multi-gyn.com\/at\/produktuebersicht\/\" \/>\n<meta property=\"og:site_name\" content=\"Multi-Gyn\" \/>\n<meta property=\"article:modified_time\" content=\"2026-03-27T10:35:29+00:00\" \/>\n<meta property=\"og:image\" content=\"https:\/\/multi-gyn.com\/app\/uploads\/sites\/21\/2024\/01\/produkt-1-a02.png\" \/>\n\t<meta property=\"og:image:width\" content=\"1235\" \/>\n\t<meta property=\"og:image:height\" content=\"873\" \/>\n\t<meta property=\"og:image:type\" content=\"image\/png\" \/>\n<meta name=\"twitter:card\" content=\"summary_large_image\" \/>\n<meta name=\"twitter:label1\" content=\"Gesch\u00e4tzte Lesezeit\" \/>\n\t<meta name=\"twitter:data1\" content=\"1 Minute\" \/>\n<script type=\"application\/ld+json\" class=\"yoast-schema-graph\">{\"@context\":\"https:\/\/schema.org\",\"@graph\":[{\"@type\":\"WebPage\",\"@id\":\"https:\/\/multi-gyn.com\/at\/produktuebersicht\/\",\"url\":\"https:\/\/multi-gyn.com\/at\/produktuebersicht\/\",\"name\":\"Produkt\u00fcbersicht - Multi-Gyn\",\"isPartOf\":{\"@id\":\"https:\/\/multi-gyn.com\/at\/#website\"},\"primaryImageOfPage\":{\"@id\":\"https:\/\/multi-gyn.com\/at\/produktuebersicht\/#primaryimage\"},\"image\":{\"@id\":\"https:\/\/multi-gyn.com\/at\/produktuebersicht\/#primaryimage\"},\"thumbnailUrl\":\"https:\/\/multi-gyn.com\/app\/uploads\/sites\/21\/2024\/01\/produkt-1-a02-1024x724.png\",\"datePublished\":\"2023-05-16T13:23:44+00:00\",\"dateModified\":\"2026-03-27T10:35:29+00:00\",\"description\":\"Wir bieten Produkte zur Behandlung von bakterieller Vaginose, Scheidenpilz und vaginaler Trockenheit sowie Intimhygiene und Reizung des \u00e4u\u00dferen Intimbereichs.\",\"breadcrumb\":{\"@id\":\"https:\/\/multi-gyn.com\/at\/produktuebersicht\/#breadcrumb\"},\"inLanguage\":\"de-AT\",\"potentialAction\":[{\"@type\":\"ReadAction\",\"target\":[\"https:\/\/multi-gyn.com\/at\/produktuebersicht\/\"]}]},{\"@type\":\"ImageObject\",\"inLanguage\":\"de-AT\",\"@id\":\"https:\/\/multi-gyn.com\/at\/produktuebersicht\/#primaryimage\",\"url\":\"https:\/\/multi-gyn.com\/app\/uploads\/sites\/21\/2024\/01\/produkt-1-a02-1024x724.png\",\"contentUrl\":\"https:\/\/multi-gyn.com\/app\/uploads\/sites\/21\/2024\/01\/produkt-1-a02-1024x724.png\"},{\"@type\":\"BreadcrumbList\",\"@id\":\"https:\/\/multi-gyn.com\/at\/produktuebersicht\/#breadcrumb\",\"itemListElement\":[{\"@type\":\"ListItem\",\"position\":1,\"name\":\"Startseite\",\"item\":\"https:\/\/multi-gyn.com\/at\/\"},{\"@type\":\"ListItem\",\"position\":2,\"name\":\"Produkt\u00fcbersicht\"}]},{\"@type\":\"WebSite\",\"@id\":\"https:\/\/multi-gyn.com\/at\/#website\",\"url\":\"https:\/\/multi-gyn.com\/at\/\",\"name\":\"Multi-Gyn\",\"description\":\"\",\"publisher\":{\"@id\":\"https:\/\/multi-gyn.com\/at\/#organization\"},\"potentialAction\":[{\"@type\":\"SearchAction\",\"target\":{\"@type\":\"EntryPoint\",\"urlTemplate\":\"https:\/\/multi-gyn.com\/at\/?s={search_term_string}\"},\"query-input\":{\"@type\":\"PropertyValueSpecification\",\"valueRequired\":true,\"valueName\":\"search_term_string\"}}],\"inLanguage\":\"de-AT\"},{\"@type\":\"Organization\",\"@id\":\"https:\/\/multi-gyn.com\/at\/#organization\",\"name\":\"Multi-Gyn\",\"url\":\"https:\/\/multi-gyn.com\/at\/\",\"logo\":{\"@type\":\"ImageObject\",\"inLanguage\":\"de-AT\",\"@id\":\"https:\/\/multi-gyn.com\/at\/#\/schema\/logo\/image\/\",\"url\":\"https:\/\/multi-gyn.com\/app\/uploads\/sites\/21\/2022\/08\/multi-gyn-logo.png\",\"contentUrl\":\"https:\/\/multi-gyn.com\/app\/uploads\/sites\/21\/2022\/08\/multi-gyn-logo.png\",\"width\":149,\"height\":32,\"caption\":\"Multi-Gyn\"},\"image\":{\"@id\":\"https:\/\/multi-gyn.com\/at\/#\/schema\/logo\/image\/\"}}]}<\/script>\n<!-- \/ Yoast SEO plugin. -->","yoast_head_json":{"title":"Produkt\u00fcbersicht - Multi-Gyn","description":"Wir bieten Produkte zur Behandlung von bakterieller Vaginose, Scheidenpilz und vaginaler Trockenheit sowie Intimhygiene und Reizung des \u00e4u\u00dferen Intimbereichs.","robots":{"index":"index","follow":"follow","max-snippet":"max-snippet:-1","max-image-preview":"max-image-preview:large","max-video-preview":"max-video-preview:-1"},"canonical":"https:\/\/multi-gyn.com\/at\/produktuebersicht\/","og_locale":"de_DE","og_type":"article","og_title":"Produkt\u00fcbersicht - Multi-Gyn","og_description":"Wir bieten Produkte zur Behandlung von bakterieller Vaginose, Scheidenpilz und vaginaler Trockenheit sowie Intimhygiene und Reizung des \u00e4u\u00dferen Intimbereichs.","og_url":"https:\/\/multi-gyn.com\/at\/produktuebersicht\/","og_site_name":"Multi-Gyn","article_modified_time":"2026-03-27T10:35:29+00:00","og_image":[{"width":1235,"height":873,"url":"https:\/\/multi-gyn.com\/app\/uploads\/sites\/21\/2024\/01\/produkt-1-a02.png","type":"image\/png"}],"twitter_card":"summary_large_image","twitter_misc":{"Gesch\u00e4tzte Lesezeit":"1 Minute"},"schema":{"@context":"https:\/\/schema.org","@graph":[{"@type":"WebPage","@id":"https:\/\/multi-gyn.com\/at\/produktuebersicht\/","url":"https:\/\/multi-gyn.com\/at\/produktuebersicht\/","name":"Produkt\u00fcbersicht - Multi-Gyn","isPartOf":{"@id":"https:\/\/multi-gyn.com\/at\/#website"},"primaryImageOfPage":{"@id":"https:\/\/multi-gyn.com\/at\/produktuebersicht\/#primaryimage"},"image":{"@id":"https:\/\/multi-gyn.com\/at\/produktuebersicht\/#primaryimage"},"thumbnailUrl":"https:\/\/multi-gyn.com\/app\/uploads\/sites\/21\/2024\/01\/produkt-1-a02-1024x724.png","datePublished":"2023-05-16T13:23:44+00:00","dateModified":"2026-03-27T10:35:29+00:00","description":"Wir bieten Produkte zur Behandlung von bakterieller Vaginose, Scheidenpilz und vaginaler Trockenheit sowie Intimhygiene und Reizung des \u00e4u\u00dferen Intimbereichs.","breadcrumb":{"@id":"https:\/\/multi-gyn.com\/at\/produktuebersicht\/#breadcrumb"},"inLanguage":"de-AT","potentialAction":[{"@type":"ReadAction","target":["https:\/\/multi-gyn.com\/at\/produktuebersicht\/"]}]},{"@type":"ImageObject","inLanguage":"de-AT","@id":"https:\/\/multi-gyn.com\/at\/produktuebersicht\/#primaryimage","url":"https:\/\/multi-gyn.com\/app\/uploads\/sites\/21\/2024\/01\/produkt-1-a02-1024x724.png","contentUrl":"https:\/\/multi-gyn.com\/app\/uploads\/sites\/21\/2024\/01\/produkt-1-a02-1024x724.png"},{"@type":"BreadcrumbList","@id":"https:\/\/multi-gyn.com\/at\/produktuebersicht\/#breadcrumb","itemListElement":[{"@type":"ListItem","position":1,"name":"Startseite","item":"https:\/\/multi-gyn.com\/at\/"},{"@type":"ListItem","position":2,"name":"Produkt\u00fcbersicht"}]},{"@type":"WebSite","@id":"https:\/\/multi-gyn.com\/at\/#website","url":"https:\/\/multi-gyn.com\/at\/","name":"Multi-Gyn","description":"","publisher":{"@id":"https:\/\/multi-gyn.com\/at\/#organization"},"potentialAction":[{"@type":"SearchAction","target":{"@type":"EntryPoint","urlTemplate":"https:\/\/multi-gyn.com\/at\/?s={search_term_string}"},"query-input":{"@type":"PropertyValueSpecification","valueRequired":true,"valueName":"search_term_string"}}],"inLanguage":"de-AT"},{"@type":"Organization","@id":"https:\/\/multi-gyn.com\/at\/#organization","name":"Multi-Gyn","url":"https:\/\/multi-gyn.com\/at\/","logo":{"@type":"ImageObject","inLanguage":"de-AT","@id":"https:\/\/multi-gyn.com\/at\/#\/schema\/logo\/image\/","url":"https:\/\/multi-gyn.com\/app\/uploads\/sites\/21\/2022\/08\/multi-gyn-logo.png","contentUrl":"https:\/\/multi-gyn.com\/app\/uploads\/sites\/21\/2022\/08\/multi-gyn-logo.png","width":149,"height":32,"caption":"Multi-Gyn"},"image":{"@id":"https:\/\/multi-gyn.com\/at\/#\/schema\/logo\/image\/"}}]}},"_links":{"self":[{"href":"https:\/\/multi-gyn.com\/at\/wp-json\/wp\/v2\/pages\/274","targetHints":{"allow":["GET"]}}],"collection":[{"href":"https:\/\/multi-gyn.com\/at\/wp-json\/wp\/v2\/pages"}],"about":[{"href":"https:\/\/multi-gyn.com\/at\/wp-json\/wp\/v2\/types\/page"}],"author":[{"embeddable":true,"href":"https:\/\/multi-gyn.com\/at\/wp-json\/wp\/v2\/users\/2"}],"replies":[{"embeddable":true,"href":"https:\/\/multi-gyn.com\/at\/wp-json\/wp\/v2\/comments?post=274"}],"version-history":[{"count":6,"href":"https:\/\/multi-gyn.com\/at\/wp-json\/wp\/v2\/pages\/274\/revisions"}],"predecessor-version":[{"id":453,"href":"https:\/\/multi-gyn.com\/at\/wp-json\/wp\/v2\/pages\/274\/revisions\/453"}],"wp:attachment":[{"href":"https:\/\/multi-gyn.com\/at\/wp-json\/wp\/v2\/media?parent=274"}],"wp:term":[{"taxonomy":"from-article-database","embeddable":true,"href":"https:\/\/multi-gyn.com\/at\/wp-json\/wp\/v2\/from-article-database?post=274"}],"curies":[{"name":"wp","href":"https:\/\/api.w.org\/{rel}","templated":true}]}}