{"id":40,"date":"2022-08-31T11:06:13","date_gmt":"2022-08-31T09:06:13","guid":{"rendered":"https:\/\/multi-gyn.com\/rebrand-at\/?page_id=40"},"modified":"2026-03-27T11:40:00","modified_gmt":"2026-03-27T10:40:00","slug":"faq","status":"publish","type":"page","link":"https:\/\/multi-gyn.com\/at\/faq\/","title":{"rendered":"FAQ"},"content":{"rendered":"\n<div class=\"wp-block-karopharma-free-text pt-large pb-large bg-center bg-cover bg-no-repeat\" style=\"background-image:url(https:\/\/multi-gyn.com\/cdn-cgi\/image\/format=auto\/app\/uploads\/sites\/21\/2025\/10\/Multi-Gyn_1920x750_Banner_FAQ.jpg)\"><div class=\"free-text-wrapper container max-w-medium text-center\">\n<div style=\"height:100px\" aria-hidden=\"true\" class=\"wp-block-spacer is-style-responsive-medium\"><\/div>\n\n\n\n<h1 class=\"wp-block-heading is-style-heading-huge has-white-color has-text-color\">FAQ<\/h1>\n\n\n\n<div style=\"height:100px\" aria-hidden=\"true\" class=\"wp-block-spacer is-style-responsive-medium\"><\/div>\n<\/div><\/div>\n\n\n\n<div class=\"container breadcrumb-wrapper\"><div class=\"site-breadcrumbs overflow-x-auto whitespace-nowrap pb-2 text-sm\" style=\"-webkit-overflow-scrolling: touch; scrollbar-width: none;\">\n            <nav id=\"breadcrumbs\" class=\"yoast-breadcrumbs\"><span><span><a href=\"https:\/\/multi-gyn.com\/at\/\">Startseite<\/a><\/span><\/span><\/nav>\n        <\/div><\/div>\n\n\n\n<div class=\"wp-block-karopharma-accordions\"><div class=\"container\">\n<details class=\"wp-block-karopharma-accordion\"><summary><h2 class=\"accordion-title\">Was ist eine bakterielle Vaginose?<\/h2><\/summary><div class=\"accordion-content\">\n<p>Die Scheide hat einen speziellen Geruch, der meist als s\u00e4uerlich empfunden wird. Das ist kein Grund zur Sorge und ganz normal. Riecht die Scheide jedoch fischig, so kann das eine Anzeichen f\u00fcr eine bakterielle Vaginose (BV) sein. Die bakterielle Vaginose ist die h\u00e4ufigste Scheideninfektion und wird von unangenehmen Scheidengeruch begleitet. Etwa eine von vier Frauen in Europa ist im Laufe ihres Lebens betroffen. Frauen im geb\u00e4rf\u00e4higen Alter tragen ein h\u00f6heres Risiko, eine Infektion kann auch in der Menopause auftreten. Obwohl eine bakterielle Vaginose BV durch ein vaginales Ungleichgewicht ausgel\u00f6st wird und nicht zu den sexuell \u00fcbertragbaren Krankheiten z\u00e4hlt, kann sie das Risiko einer Infektion mit einer Infektion durch z.B. Chlamydien, erh\u00f6hen. Gl\u00fccklicherweise ist eine bakterielle Vaginose an sich nicht gef\u00e4hrlich und l\u00e4sst sich leicht mit Produkten aus dem Versandhandel, aus Ihrer Apotheke oder aus bestimmten Drogerien behandeln und vorbeugen.<\/p>\n<\/div><\/details>\n\n\n\n<details class=\"wp-block-karopharma-accordion\"><summary><h2 class=\"accordion-title\">Was ist Scheidenpilz?<\/h2><\/summary><div class=\"accordion-content\">\n<p>EeIhre Scheide juckt und ist gereizt? Haben Sie einen dichten, wei\u00dfen und kr\u00fcmmeligen Ausfluss bemerkt? Leiden Sie beim Wasserlassen unter einem Brennen rund um die Vaginal\u00f6ffnung? Dann haben Sie mit gro\u00dfer Wahrscheinlichkeit einen Scheidenpilz \u2013 und Sie sind nicht allein damit. Ganze drei von vier Frauen leiden mindestens einmal in ihrem Leben unter einer Scheidenpilzinfektion. Viele Frauen k\u00e4mpfen mit immer wiederkehrenden Infektionen. Gl\u00fccklicherweise ist Scheidenpilz nicht gef\u00e4hrlich und l\u00e4sst sich meist leicht behandeln mit Produkten aus der Apotheke oder aus der Drogerie.<\/p>\n<\/div><\/details>\n\n\n\n<details class=\"wp-block-karopharma-accordion\"><summary><h2 class=\"accordion-title\">Warum ist meine Scheide trocken?<\/h2><\/summary><div class=\"accordion-content\">\n<p>Hitzewallungen und eine unregelm\u00e4\u00dfige Periode sind bekannte Anzeichen daf\u00fcr, dass die Wechseljahre vor der T\u00fcr stehen. Wussten Sie aber, dass auch Scheidentrockenheit und Hautreizungen in der Scheide h\u00e4ufig in den Wechseljahren auftreten? Denn auch die Scheide ver\u00e4ndert sich. Normalerweise tr\u00e4gt \u00d6strogen zur Befeuchtung der Scheide bei. W\u00e4hrend der Wechseljahre l\u00e4sst die Produktion des weiblichen Sexualhormons \u00d6strogens nach. Der Scheide wird Feuchtigkeit entzogen und das Gewebe wird d\u00fcnner, trockener und neigt eventuell h\u00e4ufiger zu Entz\u00fcndungen. Dieses Ph\u00e4nomen wird vaginale Atrophie genannt. Doch die Wechseljahre sind nicht der einzige Ausl\u00f6ser f\u00fcr einen sinkenden \u00d6strogenspiegel. Schwangerschaft und Stillzeit, einige Krankheitserscheinungen und die Einnahme der Pille k\u00f6nnen ebenfalls zu einem niedrigen \u00d6strogenspiegel f\u00fchren und damit eine Scheidentrockenheit beg\u00fcnstigen. In manchen F\u00e4llen wurde eine Scheidentrockenheit nicht durch ein Mangel an \u00d6strogen, sondern durch eine \u00fcbertriebene Intimhygiene ausgel\u00f6st. Doch egal, was die Ursache daf\u00fcr ist, dass sich Ihre Scheide trocken anf\u00fchlt\u2013 es gibt sichere, effektive Behandlungsm\u00f6glichkeiten, die Abhilfe schaffen.<\/p>\n<\/div><\/details>\n<\/div><\/div>\n","protected":false},"excerpt":{"rendered":"","protected":false},"author":2,"featured_media":0,"parent":0,"menu_order":0,"comment_status":"closed","ping_status":"closed","template":"","meta":{"_acf_changed":false,"footnotes":""},"from-article-database":[],"class_list":["post-40","page","type-page","status-publish","hentry"],"acf":[],"yoast_head":"<!-- This site is optimized with the Yoast SEO plugin v26.6 - https:\/\/yoast.com\/wordpress\/plugins\/seo\/ -->\n<title>FAQ: Bakterielle Vaginose, Scheidenpilz &amp; -trockenheit | Multi-Gyn\u00ae<\/title>\n<meta name=\"description\" content=\"Antworten auf h\u00e4ufige Fragen zu BV, Scheidenpilz &amp; Scheidentrockenheit. Wissenswertes \u00fcber Ursachen, Symptome &amp; Behandlung - einfach erkl\u00e4rt\" \/>\n<meta name=\"robots\" content=\"index, follow, max-snippet:-1, max-image-preview:large, max-video-preview:-1\" \/>\n<link rel=\"canonical\" href=\"https:\/\/multi-gyn.com\/at\/faq\/\" \/>\n<meta property=\"og:locale\" content=\"de_DE\" \/>\n<meta property=\"og:type\" content=\"article\" \/>\n<meta property=\"og:title\" content=\"FAQ: Bakterielle Vaginose, Scheidenpilz &amp; -trockenheit | Multi-Gyn\u00ae\" \/>\n<meta property=\"og:description\" content=\"Antworten auf h\u00e4ufige Fragen zu BV, Scheidenpilz &amp; Scheidentrockenheit. Wissenswertes \u00fcber Ursachen, Symptome &amp; Behandlung - einfach erkl\u00e4rt\" \/>\n<meta property=\"og:url\" content=\"https:\/\/multi-gyn.com\/at\/faq\/\" \/>\n<meta property=\"og:site_name\" content=\"Multi-Gyn\" \/>\n<meta property=\"article:modified_time\" content=\"2026-03-27T10:40:00+00:00\" \/>\n<meta name=\"twitter:card\" content=\"summary_large_image\" \/>\n<meta name=\"twitter:label1\" content=\"Gesch\u00e4tzte Lesezeit\" \/>\n\t<meta name=\"twitter:data1\" content=\"3 Minuten\" \/>\n<script type=\"application\/ld+json\" class=\"yoast-schema-graph\">{\"@context\":\"https:\/\/schema.org\",\"@graph\":[{\"@type\":\"WebPage\",\"@id\":\"https:\/\/multi-gyn.com\/at\/faq\/\",\"url\":\"https:\/\/multi-gyn.com\/at\/faq\/\",\"name\":\"FAQ: Bakterielle Vaginose, Scheidenpilz & -trockenheit | Multi-Gyn\u00ae\",\"isPartOf\":{\"@id\":\"https:\/\/multi-gyn.com\/at\/#website\"},\"datePublished\":\"2022-08-31T09:06:13+00:00\",\"dateModified\":\"2026-03-27T10:40:00+00:00\",\"description\":\"Antworten auf h\u00e4ufige Fragen zu BV, Scheidenpilz & Scheidentrockenheit. Wissenswertes \u00fcber Ursachen, Symptome & Behandlung - einfach erkl\u00e4rt\",\"breadcrumb\":{\"@id\":\"https:\/\/multi-gyn.com\/at\/faq\/#breadcrumb\"},\"inLanguage\":\"de-AT\",\"potentialAction\":[{\"@type\":\"ReadAction\",\"target\":[\"https:\/\/multi-gyn.com\/at\/faq\/\"]}]},{\"@type\":\"BreadcrumbList\",\"@id\":\"https:\/\/multi-gyn.com\/at\/faq\/#breadcrumb\",\"itemListElement\":[{\"@type\":\"ListItem\",\"position\":1,\"name\":\"Startseite\",\"item\":\"https:\/\/multi-gyn.com\/at\/\"},{\"@type\":\"ListItem\",\"position\":2,\"name\":\"FAQ\"}]},{\"@type\":\"WebSite\",\"@id\":\"https:\/\/multi-gyn.com\/at\/#website\",\"url\":\"https:\/\/multi-gyn.com\/at\/\",\"name\":\"Multi-Gyn\",\"description\":\"\",\"publisher\":{\"@id\":\"https:\/\/multi-gyn.com\/at\/#organization\"},\"potentialAction\":[{\"@type\":\"SearchAction\",\"target\":{\"@type\":\"EntryPoint\",\"urlTemplate\":\"https:\/\/multi-gyn.com\/at\/?s={search_term_string}\"},\"query-input\":{\"@type\":\"PropertyValueSpecification\",\"valueRequired\":true,\"valueName\":\"search_term_string\"}}],\"inLanguage\":\"de-AT\"},{\"@type\":\"Organization\",\"@id\":\"https:\/\/multi-gyn.com\/at\/#organization\",\"name\":\"Multi-Gyn\",\"url\":\"https:\/\/multi-gyn.com\/at\/\",\"logo\":{\"@type\":\"ImageObject\",\"inLanguage\":\"de-AT\",\"@id\":\"https:\/\/multi-gyn.com\/at\/#\/schema\/logo\/image\/\",\"url\":\"https:\/\/multi-gyn.com\/app\/uploads\/sites\/21\/2022\/08\/multi-gyn-logo.png\",\"contentUrl\":\"https:\/\/multi-gyn.com\/app\/uploads\/sites\/21\/2022\/08\/multi-gyn-logo.png\",\"width\":149,\"height\":32,\"caption\":\"Multi-Gyn\"},\"image\":{\"@id\":\"https:\/\/multi-gyn.com\/at\/#\/schema\/logo\/image\/\"}}]}<\/script>\n<!-- \/ Yoast SEO plugin. -->","yoast_head_json":{"title":"FAQ: Bakterielle Vaginose, Scheidenpilz & -trockenheit | Multi-Gyn\u00ae","description":"Antworten auf h\u00e4ufige Fragen zu BV, Scheidenpilz & Scheidentrockenheit. Wissenswertes \u00fcber Ursachen, Symptome & Behandlung - einfach erkl\u00e4rt","robots":{"index":"index","follow":"follow","max-snippet":"max-snippet:-1","max-image-preview":"max-image-preview:large","max-video-preview":"max-video-preview:-1"},"canonical":"https:\/\/multi-gyn.com\/at\/faq\/","og_locale":"de_DE","og_type":"article","og_title":"FAQ: Bakterielle Vaginose, Scheidenpilz & -trockenheit | Multi-Gyn\u00ae","og_description":"Antworten auf h\u00e4ufige Fragen zu BV, Scheidenpilz & Scheidentrockenheit. Wissenswertes \u00fcber Ursachen, Symptome & Behandlung - einfach erkl\u00e4rt","og_url":"https:\/\/multi-gyn.com\/at\/faq\/","og_site_name":"Multi-Gyn","article_modified_time":"2026-03-27T10:40:00+00:00","twitter_card":"summary_large_image","twitter_misc":{"Gesch\u00e4tzte Lesezeit":"3 Minuten"},"schema":{"@context":"https:\/\/schema.org","@graph":[{"@type":"WebPage","@id":"https:\/\/multi-gyn.com\/at\/faq\/","url":"https:\/\/multi-gyn.com\/at\/faq\/","name":"FAQ: Bakterielle Vaginose, Scheidenpilz & -trockenheit | Multi-Gyn\u00ae","isPartOf":{"@id":"https:\/\/multi-gyn.com\/at\/#website"},"datePublished":"2022-08-31T09:06:13+00:00","dateModified":"2026-03-27T10:40:00+00:00","description":"Antworten auf h\u00e4ufige Fragen zu BV, Scheidenpilz & Scheidentrockenheit. Wissenswertes \u00fcber Ursachen, Symptome & Behandlung - einfach erkl\u00e4rt","breadcrumb":{"@id":"https:\/\/multi-gyn.com\/at\/faq\/#breadcrumb"},"inLanguage":"de-AT","potentialAction":[{"@type":"ReadAction","target":["https:\/\/multi-gyn.com\/at\/faq\/"]}]},{"@type":"BreadcrumbList","@id":"https:\/\/multi-gyn.com\/at\/faq\/#breadcrumb","itemListElement":[{"@type":"ListItem","position":1,"name":"Startseite","item":"https:\/\/multi-gyn.com\/at\/"},{"@type":"ListItem","position":2,"name":"FAQ"}]},{"@type":"WebSite","@id":"https:\/\/multi-gyn.com\/at\/#website","url":"https:\/\/multi-gyn.com\/at\/","name":"Multi-Gyn","description":"","publisher":{"@id":"https:\/\/multi-gyn.com\/at\/#organization"},"potentialAction":[{"@type":"SearchAction","target":{"@type":"EntryPoint","urlTemplate":"https:\/\/multi-gyn.com\/at\/?s={search_term_string}"},"query-input":{"@type":"PropertyValueSpecification","valueRequired":true,"valueName":"search_term_string"}}],"inLanguage":"de-AT"},{"@type":"Organization","@id":"https:\/\/multi-gyn.com\/at\/#organization","name":"Multi-Gyn","url":"https:\/\/multi-gyn.com\/at\/","logo":{"@type":"ImageObject","inLanguage":"de-AT","@id":"https:\/\/multi-gyn.com\/at\/#\/schema\/logo\/image\/","url":"https:\/\/multi-gyn.com\/app\/uploads\/sites\/21\/2022\/08\/multi-gyn-logo.png","contentUrl":"https:\/\/multi-gyn.com\/app\/uploads\/sites\/21\/2022\/08\/multi-gyn-logo.png","width":149,"height":32,"caption":"Multi-Gyn"},"image":{"@id":"https:\/\/multi-gyn.com\/at\/#\/schema\/logo\/image\/"}}]}},"_links":{"self":[{"href":"https:\/\/multi-gyn.com\/at\/wp-json\/wp\/v2\/pages\/40","targetHints":{"allow":["GET"]}}],"collection":[{"href":"https:\/\/multi-gyn.com\/at\/wp-json\/wp\/v2\/pages"}],"about":[{"href":"https:\/\/multi-gyn.com\/at\/wp-json\/wp\/v2\/types\/page"}],"author":[{"embeddable":true,"href":"https:\/\/multi-gyn.com\/at\/wp-json\/wp\/v2\/users\/2"}],"replies":[{"embeddable":true,"href":"https:\/\/multi-gyn.com\/at\/wp-json\/wp\/v2\/comments?post=40"}],"version-history":[{"count":7,"href":"https:\/\/multi-gyn.com\/at\/wp-json\/wp\/v2\/pages\/40\/revisions"}],"predecessor-version":[{"id":786,"href":"https:\/\/multi-gyn.com\/at\/wp-json\/wp\/v2\/pages\/40\/revisions\/786"}],"wp:attachment":[{"href":"https:\/\/multi-gyn.com\/at\/wp-json\/wp\/v2\/media?parent=40"}],"wp:term":[{"taxonomy":"from-article-database","embeddable":true,"href":"https:\/\/multi-gyn.com\/at\/wp-json\/wp\/v2\/from-article-database?post=40"}],"curies":[{"name":"wp","href":"https:\/\/api.w.org\/{rel}","templated":true}]}}