{"id":571,"date":"2025-12-08T09:54:16","date_gmt":"2025-12-08T08:54:16","guid":{"rendered":"https:\/\/multi-gyn.com\/at\/?post_type=product&#038;p=571"},"modified":"2026-03-27T11:35:29","modified_gmt":"2026-03-27T10:35:29","slug":"multi-gyn-florabalance","status":"publish","type":"product","link":"https:\/\/multi-gyn.com\/at\/produkt\/multi-gyn-florabalance\/","title":{"rendered":"Multi-Gyn FloraBalance"},"content":{"rendered":"\n<div class=\"wp-block-karopharma-accordions is-style-secondary\"><div class=\"container\">\n<details class=\"wp-block-karopharma-accordion\"><summary><h2 class=\"accordion-title\">Wof\u00fcr wird Multi-Gyn FloraBalance angewendet?<\/h2><\/summary><div class=\"accordion-content\">\n<p>Multi-Gyn FloraBalance ist ein Medizinprodukt mit Milchs\u00e4ure. Es st\u00e4rkt &amp; sch\u00fctzt die Vaginalflora und stellt ihr Gleichgewicht wieder her. *<\/p>\n\n\n\n<p class=\"is-style-paragraph-small\">*bei Frauen die an einer bakteriellen Vaginose oder \u00e4hnlichen Symptomen leiden.<\/p>\n<\/div><\/details>\n\n\n\n<details class=\"wp-block-karopharma-accordion\"><summary><h2 class=\"accordion-title\">Wie wird Multi-Gyn FloraBalance angewendet?<\/h2><\/summary><div class=\"accordion-content\">\n<p>Multi-Gyn FloraBalance mindestens einmal t\u00e4glich an 7 aufeinanderfolgenden Tagen mit dem Finger oder dem Applikator in die Vagina einf\u00fchren. Nach 30 aufeinanderfolgenden eine Pause einlegen.<\/p>\n<\/div><\/details>\n\n\n\n<details class=\"wp-block-karopharma-accordion\"><summary><h2 class=\"accordion-title\">Ist es normal, nach der Anwendung ein prickelndes oder brennendes Gef\u00fchl zu versp\u00fcren?<\/h2><\/summary><div class=\"accordion-content\">\n<p>Wenn Sie nach der Anwendung ein Brennen und\/oder Prickeln versp\u00fcren, machen Sie sich keine Sorgen. Dies ist normal und wird rasch vergehen.<\/p>\n<\/div><\/details>\n\n\n\n<details class=\"wp-block-karopharma-accordion\"><summary><h2 class=\"accordion-title\">Hat Multi-Gyn FloraBalance Auswirkungen auf eine Antibiotika-Therapie?<\/h2><\/summary><div class=\"accordion-content\">\n<p>Nein, Multi-Gyn FloraBalance hat keine negativen Auswirkungen auf eine Antibiotika-Therapie. Wir empfehlen sogar, Multi-Gyn FloraBalance oder nach einer Antibiotika-Therapie anzuwenden, da es die Vaginalflora sch\u00fctzt und bei der Regeneration der Vaginalflora unterst\u00fctzen kann.<\/p>\n<\/div><\/details>\n\n\n\n<details class=\"wp-block-karopharma-accordion\"><summary><h2 class=\"accordion-title\">Enth\u00e4lt Multi-Gyn FloraBalance Konservierungs-, Duft- oder Farbstoffen?<\/h2><\/summary><div class=\"accordion-content\">\n<p>Nein, alle Multi-Gyn Produkte sind auf Basis nat\u00fcrlicher Inhaltsstoffe und frei von Konservierungs-, Duft- oder Farbstoffen.<\/p>\n<\/div><\/details>\n\n\n\n<details class=\"wp-block-karopharma-accordion\"><summary><h2 class=\"accordion-title\">Ist Multi-Gyn FloraBalance vertr\u00e4glich mit Kondomen?<\/h2><\/summary><div class=\"accordion-content\">\n<p>Multi-Gyn FloraBalance sollte nicht gleichzeitig mit Kondomen verwendet werden.<\/p>\n<\/div><\/details>\n\n\n\n<details class=\"wp-block-karopharma-accordion\"><summary><h2 class=\"accordion-title\">Was sollte ich bei aktivem Kinderwunsch beachten?<\/h2><\/summary><div class=\"accordion-content\">\n<p>Da Multi-Gyn FloraBalance einen f\u00fcr die Vagina optimalen S\u00e4uregrad (niedriger pH-Wert) hat und Sperma alkalisch (hoher pH-Wert) ist, kann die Anwendung von Multi-Gyn FloraBalance die Spermaaktivit\u00e4t verringern. Daher sollte Multi-Gyn FloraBalance nicht in der empf\u00e4ngnisbereiten Zyklusphase verwendet werden, wenn der Wunsch nach einer Schwangerschaft besteht.<\/p>\n<\/div><\/details>\n\n\n\n<details class=\"wp-block-karopharma-accordion\"><summary><h2 class=\"accordion-title\">Kann ich Multi-Gyn FloraBalance in Schwangerschaft\/Stillzeit verwenden?<\/h2><\/summary><div class=\"accordion-content\">\n<p>Es sind keine Gegenanzeigen f\u00fcr die Verwendung von Multi-Gyn FloraBalance w\u00e4hrend Schwangerschaft und Stillzeit bekannt. Bitte sprich vor der Anwendung mit Deiner \u00c4rztin bzw. Deinem Arzt.<\/p>\n<\/div><\/details>\n\n\n\n<details class=\"wp-block-karopharma-accordion\"><summary><h2 class=\"accordion-title\">Kann ich Multi-Gyn FloraBalance auch w\u00e4hrend meiner Periode verwenden?<\/h2><\/summary><div class=\"accordion-content\">\n<p>Nein, bitte verwende Multi-Gyn FloraBalance nicht w\u00e4hrend der Menstruation.<\/p>\n<\/div><\/details>\n\n\n\n<details class=\"wp-block-karopharma-accordion\"><summary><h2 class=\"accordion-title\">Wie sollte ich das Produkt lagern?<\/h2><\/summary><div class=\"accordion-content\">\n<p>Multi-Gyn FloraBalance sollte zwischen 10\u00b0C und 25\u00b0C (Zimmertemperatur) gelagert werden und f\u00fcr Kinder unzug\u00e4nglich aufbewahrt werden. Verwende das Produkt nicht nach Ablauf des Verfalldatums.<\/p>\n<\/div><\/details>\n<\/div><\/div>\n\n\n\n<script type=\"application\/ld+json\">\n{\n  \"@context\": \"https:\/\/schema.org\",\n  \"@type\": \"FAQPage\",\n  \"mainEntity\": [\n    {\n      \"@type\": \"Question\",\n      \"name\": \"Wof\u00fcr wird Multi-Gyn FloraBalance angewendet?\",\n      \"acceptedAnswer\": {\n        \"@type\": \"Answer\",\n        \"text\": \"Multi-Gyn FloraBalance ist ein Medizinprodukt mit Milchs\u00e4ure. Es st\u00e4rkt & sch\u00fctzt die Vaginalflora und stellt ihr Gleichgewicht wieder her (bei Frauen die an einer bakteriellen Vaginose oder \u00e4hnlichen Symptomen leiden).\"\n      }\n    },\n    {\n      \"@type\": \"Question\",\n      \"name\": \"Wie wird Multi-Gyn FloraBalance angewendet?\",\n      \"acceptedAnswer\": {\n        \"@type\": \"Answer\",\n        \"text\": \"Multi-Gyn FloraBalance mindestens einmal t\u00e4glich an 7 aufeinanderfolgenden Tagen mit dem Finger oder dem Applikator in die Vagina einf\u00fchren. Nach 30 aufeinanderfolgenden Tagen eine Pause einlegen.\"\n      }\n    },\n    {\n      \"@type\": \"Question\",\n      \"name\": \"Ist es normal, nach der Anwendung ein prickelndes oder brennendes Gef\u00fchl zu versp\u00fcren?\",\n      \"acceptedAnswer\": {\n        \"@type\": \"Answer\",\n        \"text\": \"Wenn Sie nach der Anwendung ein Brennen und\/oder Prickeln versp\u00fcren, machen Sie sich keine Sorgen. Dies ist normal und wird rasch vergehen.\"\n      }\n    },\n    {\n      \"@type\": \"Question\",\n      \"name\": \"Hat Multi-Gyn FloraBalance Auswirkungen auf eine Antibiotika-Therapie?\",\n      \"acceptedAnswer\": {\n        \"@type\": \"Answer\",\n        \"text\": \"Nein, Multi-Gyn FloraBalance hat keine negativen Auswirkungen auf eine Antibiotika-Therapie. Wir empfehlen sogar, Multi-Gyn FloraBalance w\u00e4hrend oder nach einer Antibiotika-Therapie anzuwenden, da es die Vaginalflora sch\u00fctzt und bei der Regeneration der Vaginalflora unterst\u00fctzen kann.\"\n      }\n    },\n    {\n      \"@type\": \"Question\",\n      \"name\": \"Enth\u00e4lt Multi-Gyn FloraBalance Konservierungs-, Duft- oder Farbstoffen?\",\n      \"acceptedAnswer\": {\n        \"@type\": \"Answer\",\n        \"text\": \"Nein, alle Multi-Gyn Produkte sind auf Basis nat\u00fcrlicher Inhaltsstoffe und frei von Konservierungs-, Duft- oder Farbstoffen.\"\n      }\n    },\n    {\n      \"@type\": \"Question\",\n      \"name\": \"Ist Multi-Gyn FloraBalance vertr\u00e4glich mit Kondomen?\",\n      \"acceptedAnswer\": {\n        \"@type\": \"Answer\",\n        \"text\": \"Multi-Gyn FloraBalance sollte nicht gleichzeitig mit Kondomen verwendet werden.\"\n      }\n    },\n    {\n      \"@type\": \"Question\",\n      \"name\": \"Was sollte ich bei aktivem Kinderwunsch beachten?\",\n      \"acceptedAnswer\": {\n        \"@type\": \"Answer\",\n        \"text\": \"Da Multi-Gyn FloraBalance einen f\u00fcr die Vagina optimalen S\u00e4uregrad (niedriger pH-Wert) hat und Sperma alkalisch (hoher pH-Wert) ist, kann die Anwendung von Multi-Gyn FloraBalance die Spermaaktivit\u00e4t verringern. Daher sollte Multi-Gyn FloraBalance nicht in der empf\u00e4ngnisbereiten Zyklusphase verwendet werden, wenn der Wunsch nach einer Schwangerschaft besteht.\"\n      }\n    },\n    {\n      \"@type\": \"Question\",\n      \"name\": \"Kann ich Multi-Gyn FloraBalance in Schwangerschaft\/Stillzeit verwenden?\",\n      \"acceptedAnswer\": {\n        \"@type\": \"Answer\",\n        \"text\": \"Es sind keine Gegenanzeigen f\u00fcr die Verwendung von Multi-Gyn FloraBalance w\u00e4hrend Schwangerschaft und Stillzeit bekannt. Bitte sprich vor der Anwendung mit Deiner \u00c4rztin bzw. Deinem Arzt.\"\n      }\n    },\n    {\n      \"@type\": \"Question\",\n      \"name\": \"Kann ich Multi-Gyn FloraBalance auch w\u00e4hrend meiner Periode verwenden?\",\n      \"acceptedAnswer\": {\n        \"@type\": \"Answer\",\n        \"text\": \"Nein, bitte verwende Multi-Gyn FloraBalance nicht w\u00e4hrend der Menstruation.\"\n      }\n    },\n    {\n      \"@type\": \"Question\",\n      \"name\": \"Wie sollte ich das Produkt lagern?\",\n      \"acceptedAnswer\": {\n        \"@type\": \"Answer\",\n        \"text\": \"Multi-Gyn FloraBalance sollte zwischen 10\u00b0C und 25\u00b0C (Zimmertemperatur) gelagert werden und f\u00fcr Kinder unzug\u00e4nglich aufbewahrt werden. Verwende das Produkt nicht nach Ablauf des Verfalldatums.\"\n      }\n    }\n  ]\n}\n<\/script>\n","protected":false},"excerpt":{"rendered":"<p>Vaginalgel mit Milchs\u00e4ure \u2013 St\u00e4rkt &#038; sch\u00fctzt die Vaginalflora und stellt ihr Gleichgewicht wieder her*<\/p>\n","protected":false},"featured_media":572,"comment_status":"closed","ping_status":"closed","template":"","meta":{"_acf_changed":false,"footnotes":""},"product_brand":[],"product_cat":[19],"product_tag":[],"class_list":{"0":"post-571","1":"product","2":"type-product","3":"status-publish","4":"has-post-thumbnail","6":"product_cat-behandlung","8":"first","9":"instock","10":"shipping-taxable","11":"product-type-simple"},"acf":[],"yoast_head":"<!-- This site is optimized with the Yoast SEO plugin v26.6 - https:\/\/yoast.com\/wordpress\/plugins\/seo\/ -->\n<title>Multi-Gyn\u00ae FloraBalance: St\u00e4rkt Scheidenflora mit Milchs\u00e4ure<\/title>\n<meta name=\"description\" content=\"Multi-Gyn\u00ae FloraBalance: Intimgel zur Wiederherstellung der Scheidenflora &amp; Aufbau von einem gesunden pH-Wert der Scheide\" \/>\n<meta name=\"robots\" content=\"index, follow, max-snippet:-1, max-image-preview:large, max-video-preview:-1\" \/>\n<link rel=\"canonical\" href=\"https:\/\/multi-gyn.com\/at\/produkt\/multi-gyn-florabalance\/\" \/>\n<meta property=\"og:locale\" content=\"de_DE\" \/>\n<meta property=\"og:type\" content=\"article\" \/>\n<meta property=\"og:title\" content=\"Multi-Gyn\u00ae FloraBalance: St\u00e4rkt Scheidenflora mit Milchs\u00e4ure\" \/>\n<meta property=\"og:description\" content=\"Multi-Gyn\u00ae FloraBalance: Intimgel zur Wiederherstellung der Scheidenflora &amp; Aufbau von einem gesunden pH-Wert der Scheide\" \/>\n<meta property=\"og:url\" content=\"https:\/\/multi-gyn.com\/at\/produkt\/multi-gyn-florabalance\/\" \/>\n<meta property=\"og:site_name\" content=\"Multi-Gyn\" \/>\n<meta property=\"article:modified_time\" content=\"2026-03-27T10:35:29+00:00\" \/>\n<meta property=\"og:image\" content=\"https:\/\/multi-gyn.com\/app\/uploads\/sites\/21\/2025\/12\/Multi-Gyn-FloraBalance-50ml-splash.png\" \/>\n\t<meta property=\"og:image:width\" content=\"800\" \/>\n\t<meta property=\"og:image:height\" content=\"800\" \/>\n\t<meta property=\"og:image:type\" content=\"image\/png\" \/>\n<meta name=\"twitter:card\" content=\"summary_large_image\" \/>\n<meta name=\"twitter:label1\" content=\"Gesch\u00e4tzte Lesezeit\" \/>\n\t<meta name=\"twitter:data1\" content=\"2 Minuten\" \/>\n<script type=\"application\/ld+json\" class=\"yoast-schema-graph\">{\"@context\":\"https:\/\/schema.org\",\"@graph\":[{\"@type\":\"WebPage\",\"@id\":\"https:\/\/multi-gyn.com\/at\/produkt\/multi-gyn-florabalance\/\",\"url\":\"https:\/\/multi-gyn.com\/at\/produkt\/multi-gyn-florabalance\/\",\"name\":\"Multi-Gyn\u00ae FloraBalance: St\u00e4rkt Scheidenflora mit Milchs\u00e4ure\",\"isPartOf\":{\"@id\":\"https:\/\/multi-gyn.com\/at\/#website\"},\"primaryImageOfPage\":{\"@id\":\"https:\/\/multi-gyn.com\/at\/produkt\/multi-gyn-florabalance\/#primaryimage\"},\"image\":{\"@id\":\"https:\/\/multi-gyn.com\/at\/produkt\/multi-gyn-florabalance\/#primaryimage\"},\"thumbnailUrl\":\"https:\/\/multi-gyn.com\/app\/uploads\/sites\/21\/2025\/12\/Multi-Gyn-FloraBalance-50ml-splash.png\",\"datePublished\":\"2025-12-08T08:54:16+00:00\",\"dateModified\":\"2026-03-27T10:35:29+00:00\",\"description\":\"Multi-Gyn\u00ae FloraBalance: Intimgel zur Wiederherstellung der Scheidenflora & Aufbau von einem gesunden pH-Wert der Scheide\",\"breadcrumb\":{\"@id\":\"https:\/\/multi-gyn.com\/at\/produkt\/multi-gyn-florabalance\/#breadcrumb\"},\"inLanguage\":\"de-AT\",\"potentialAction\":[{\"@type\":\"ReadAction\",\"target\":[\"https:\/\/multi-gyn.com\/at\/produkt\/multi-gyn-florabalance\/\"]}]},{\"@type\":\"ImageObject\",\"inLanguage\":\"de-AT\",\"@id\":\"https:\/\/multi-gyn.com\/at\/produkt\/multi-gyn-florabalance\/#primaryimage\",\"url\":\"https:\/\/multi-gyn.com\/app\/uploads\/sites\/21\/2025\/12\/Multi-Gyn-FloraBalance-50ml-splash.png\",\"contentUrl\":\"https:\/\/multi-gyn.com\/app\/uploads\/sites\/21\/2025\/12\/Multi-Gyn-FloraBalance-50ml-splash.png\",\"width\":800,\"height\":800,\"caption\":\"Multi-Gyn-FloraBalance-50ml-splash\"},{\"@type\":\"BreadcrumbList\",\"@id\":\"https:\/\/multi-gyn.com\/at\/produkt\/multi-gyn-florabalance\/#breadcrumb\",\"itemListElement\":[{\"@type\":\"ListItem\",\"position\":1,\"name\":\"Startseite\",\"item\":\"https:\/\/multi-gyn.com\/at\/\"},{\"@type\":\"ListItem\",\"position\":2,\"name\":\"Produkte\",\"item\":\"https:\/\/multi-gyn.com\/at\/produkte\/\"},{\"@type\":\"ListItem\",\"position\":3,\"name\":\"Behandlung\",\"item\":\"https:\/\/multi-gyn.com\/at\/produkt-kategorie\/behandlung\/\"},{\"@type\":\"ListItem\",\"position\":4,\"name\":\"Multi-Gyn FloraBalance\"}]},{\"@type\":\"WebSite\",\"@id\":\"https:\/\/multi-gyn.com\/at\/#website\",\"url\":\"https:\/\/multi-gyn.com\/at\/\",\"name\":\"Multi-Gyn\",\"description\":\"\",\"publisher\":{\"@id\":\"https:\/\/multi-gyn.com\/at\/#organization\"},\"potentialAction\":[{\"@type\":\"SearchAction\",\"target\":{\"@type\":\"EntryPoint\",\"urlTemplate\":\"https:\/\/multi-gyn.com\/at\/?s={search_term_string}\"},\"query-input\":{\"@type\":\"PropertyValueSpecification\",\"valueRequired\":true,\"valueName\":\"search_term_string\"}}],\"inLanguage\":\"de-AT\"},{\"@type\":\"Organization\",\"@id\":\"https:\/\/multi-gyn.com\/at\/#organization\",\"name\":\"Multi-Gyn\",\"url\":\"https:\/\/multi-gyn.com\/at\/\",\"logo\":{\"@type\":\"ImageObject\",\"inLanguage\":\"de-AT\",\"@id\":\"https:\/\/multi-gyn.com\/at\/#\/schema\/logo\/image\/\",\"url\":\"https:\/\/multi-gyn.com\/app\/uploads\/sites\/21\/2022\/08\/multi-gyn-logo.png\",\"contentUrl\":\"https:\/\/multi-gyn.com\/app\/uploads\/sites\/21\/2022\/08\/multi-gyn-logo.png\",\"width\":149,\"height\":32,\"caption\":\"Multi-Gyn\"},\"image\":{\"@id\":\"https:\/\/multi-gyn.com\/at\/#\/schema\/logo\/image\/\"}}]}<\/script>\n<!-- \/ Yoast SEO plugin. -->","yoast_head_json":{"title":"Multi-Gyn\u00ae FloraBalance: St\u00e4rkt Scheidenflora mit Milchs\u00e4ure","description":"Multi-Gyn\u00ae FloraBalance: Intimgel zur Wiederherstellung der Scheidenflora & Aufbau von einem gesunden pH-Wert der Scheide","robots":{"index":"index","follow":"follow","max-snippet":"max-snippet:-1","max-image-preview":"max-image-preview:large","max-video-preview":"max-video-preview:-1"},"canonical":"https:\/\/multi-gyn.com\/at\/produkt\/multi-gyn-florabalance\/","og_locale":"de_DE","og_type":"article","og_title":"Multi-Gyn\u00ae FloraBalance: St\u00e4rkt Scheidenflora mit Milchs\u00e4ure","og_description":"Multi-Gyn\u00ae FloraBalance: Intimgel zur Wiederherstellung der Scheidenflora & Aufbau von einem gesunden pH-Wert der Scheide","og_url":"https:\/\/multi-gyn.com\/at\/produkt\/multi-gyn-florabalance\/","og_site_name":"Multi-Gyn","article_modified_time":"2026-03-27T10:35:29+00:00","og_image":[{"width":800,"height":800,"url":"https:\/\/multi-gyn.com\/app\/uploads\/sites\/21\/2025\/12\/Multi-Gyn-FloraBalance-50ml-splash.png","type":"image\/png"}],"twitter_card":"summary_large_image","twitter_misc":{"Gesch\u00e4tzte Lesezeit":"2 Minuten"},"schema":{"@context":"https:\/\/schema.org","@graph":[{"@type":"WebPage","@id":"https:\/\/multi-gyn.com\/at\/produkt\/multi-gyn-florabalance\/","url":"https:\/\/multi-gyn.com\/at\/produkt\/multi-gyn-florabalance\/","name":"Multi-Gyn\u00ae FloraBalance: St\u00e4rkt Scheidenflora mit Milchs\u00e4ure","isPartOf":{"@id":"https:\/\/multi-gyn.com\/at\/#website"},"primaryImageOfPage":{"@id":"https:\/\/multi-gyn.com\/at\/produkt\/multi-gyn-florabalance\/#primaryimage"},"image":{"@id":"https:\/\/multi-gyn.com\/at\/produkt\/multi-gyn-florabalance\/#primaryimage"},"thumbnailUrl":"https:\/\/multi-gyn.com\/app\/uploads\/sites\/21\/2025\/12\/Multi-Gyn-FloraBalance-50ml-splash.png","datePublished":"2025-12-08T08:54:16+00:00","dateModified":"2026-03-27T10:35:29+00:00","description":"Multi-Gyn\u00ae FloraBalance: Intimgel zur Wiederherstellung der Scheidenflora & Aufbau von einem gesunden pH-Wert der Scheide","breadcrumb":{"@id":"https:\/\/multi-gyn.com\/at\/produkt\/multi-gyn-florabalance\/#breadcrumb"},"inLanguage":"de-AT","potentialAction":[{"@type":"ReadAction","target":["https:\/\/multi-gyn.com\/at\/produkt\/multi-gyn-florabalance\/"]}]},{"@type":"ImageObject","inLanguage":"de-AT","@id":"https:\/\/multi-gyn.com\/at\/produkt\/multi-gyn-florabalance\/#primaryimage","url":"https:\/\/multi-gyn.com\/app\/uploads\/sites\/21\/2025\/12\/Multi-Gyn-FloraBalance-50ml-splash.png","contentUrl":"https:\/\/multi-gyn.com\/app\/uploads\/sites\/21\/2025\/12\/Multi-Gyn-FloraBalance-50ml-splash.png","width":800,"height":800,"caption":"Multi-Gyn-FloraBalance-50ml-splash"},{"@type":"BreadcrumbList","@id":"https:\/\/multi-gyn.com\/at\/produkt\/multi-gyn-florabalance\/#breadcrumb","itemListElement":[{"@type":"ListItem","position":1,"name":"Startseite","item":"https:\/\/multi-gyn.com\/at\/"},{"@type":"ListItem","position":2,"name":"Produkte","item":"https:\/\/multi-gyn.com\/at\/produkte\/"},{"@type":"ListItem","position":3,"name":"Behandlung","item":"https:\/\/multi-gyn.com\/at\/produkt-kategorie\/behandlung\/"},{"@type":"ListItem","position":4,"name":"Multi-Gyn FloraBalance"}]},{"@type":"WebSite","@id":"https:\/\/multi-gyn.com\/at\/#website","url":"https:\/\/multi-gyn.com\/at\/","name":"Multi-Gyn","description":"","publisher":{"@id":"https:\/\/multi-gyn.com\/at\/#organization"},"potentialAction":[{"@type":"SearchAction","target":{"@type":"EntryPoint","urlTemplate":"https:\/\/multi-gyn.com\/at\/?s={search_term_string}"},"query-input":{"@type":"PropertyValueSpecification","valueRequired":true,"valueName":"search_term_string"}}],"inLanguage":"de-AT"},{"@type":"Organization","@id":"https:\/\/multi-gyn.com\/at\/#organization","name":"Multi-Gyn","url":"https:\/\/multi-gyn.com\/at\/","logo":{"@type":"ImageObject","inLanguage":"de-AT","@id":"https:\/\/multi-gyn.com\/at\/#\/schema\/logo\/image\/","url":"https:\/\/multi-gyn.com\/app\/uploads\/sites\/21\/2022\/08\/multi-gyn-logo.png","contentUrl":"https:\/\/multi-gyn.com\/app\/uploads\/sites\/21\/2022\/08\/multi-gyn-logo.png","width":149,"height":32,"caption":"Multi-Gyn"},"image":{"@id":"https:\/\/multi-gyn.com\/at\/#\/schema\/logo\/image\/"}}]}},"_links":{"self":[{"href":"https:\/\/multi-gyn.com\/at\/wp-json\/wp\/v2\/product\/571","targetHints":{"allow":["GET"]}}],"collection":[{"href":"https:\/\/multi-gyn.com\/at\/wp-json\/wp\/v2\/product"}],"about":[{"href":"https:\/\/multi-gyn.com\/at\/wp-json\/wp\/v2\/types\/product"}],"replies":[{"embeddable":true,"href":"https:\/\/multi-gyn.com\/at\/wp-json\/wp\/v2\/comments?post=571"}],"version-history":[{"count":4,"href":"https:\/\/multi-gyn.com\/at\/wp-json\/wp\/v2\/product\/571\/revisions"}],"predecessor-version":[{"id":762,"href":"https:\/\/multi-gyn.com\/at\/wp-json\/wp\/v2\/product\/571\/revisions\/762"}],"wp:featuredmedia":[{"embeddable":true,"href":"https:\/\/multi-gyn.com\/at\/wp-json\/wp\/v2\/media\/572"}],"wp:attachment":[{"href":"https:\/\/multi-gyn.com\/at\/wp-json\/wp\/v2\/media?parent=571"}],"wp:term":[{"taxonomy":"product_brand","embeddable":true,"href":"https:\/\/multi-gyn.com\/at\/wp-json\/wp\/v2\/product_brand?post=571"},{"taxonomy":"product_cat","embeddable":true,"href":"https:\/\/multi-gyn.com\/at\/wp-json\/wp\/v2\/product_cat?post=571"},{"taxonomy":"product_tag","embeddable":true,"href":"https:\/\/multi-gyn.com\/at\/wp-json\/wp\/v2\/product_tag?post=571"}],"curies":[{"name":"wp","href":"https:\/\/api.w.org\/{rel}","templated":true}]}}