{"id":69,"date":"2022-08-31T13:24:21","date_gmt":"2022-08-31T11:24:21","guid":{"rendered":"https:\/\/multi-gyn.com\/rebrand-at\/?post_type=product&#038;p=69"},"modified":"2026-03-27T11:35:30","modified_gmt":"2026-03-27T10:35:30","slug":"multi-gyn-intifresh","status":"publish","type":"product","link":"https:\/\/multi-gyn.com\/at\/produkt\/multi-gyn-intifresh\/","title":{"rendered":"Multi-Gyn IntiFresh"},"content":{"rendered":"\n<div class=\"wp-block-karopharma-accordions is-style-secondary\"><div class=\"container\">\n<details class=\"wp-block-karopharma-accordion\"><summary><h2 class=\"accordion-title\">Wof\u00fcr wird Multi-Gyn IntiFresh angewendet?<\/h2><\/summary><div class=\"accordion-content\">\n<p>Multi-Gyn IntiFresh sind Intimpfleget\u00fccher f\u00fcr eine erfrischende, k\u00fchlende und geruchsneutralisierende Pflege des \u00e4u\u00dferen Intimbereichs.<\/p>\n<\/div><\/details>\n\n\n\n<details class=\"wp-block-karopharma-accordion\"><summary><h2 class=\"accordion-title\">Wie wird Multi-Gyn IntiFresh angewendet?<\/h2><\/summary><div class=\"accordion-content\">\n<p>Ein Tuch Multi-Gyn IntiFresh aus der Verpackung und nehmen und den \u00e4u\u00dferen Intimbereich s\u00e4ubern.<\/p>\n<\/div><\/details>\n\n\n\n<details class=\"wp-block-karopharma-accordion\"><summary><h2 class=\"accordion-title\">Kann ich Multi-Gyn IntiFresh auch innerlich anwenden?<\/h2><\/summary><div class=\"accordion-content\">\n<p>Nein, Multi-Gyn IntiFresh ist nur f\u00fcr die Reinigung des \u00e4u\u00dferen Intimbereichs gedacht.<\/p>\n<\/div><\/details>\n\n\n\n<details class=\"wp-block-karopharma-accordion\"><summary><h2 class=\"accordion-title\">Wie oft kann ich Multi-Gyn IntiFresh verwenden?<\/h2><\/summary><div class=\"accordion-content\">\n<p>Du kannst Multi-Gyn IntiFresh T\u00fccher so oft verwenden, wie du m\u00f6chtest.<\/p>\n<\/div><\/details>\n\n\n\n<details class=\"wp-block-karopharma-accordion\"><summary><h2 class=\"accordion-title\">Hilft Multi-Gyn IntiFresh bei bakterieller Vaginose oder Scheidenpilz?<\/h2><\/summary><div class=\"accordion-content\">\n<p>Nein, Multi-Gyn IntiFresh ist ein Produkt zur Reinigung des \u00e4u\u00dferen Intimbereichs. Bei Verdacht auf eine bakterielle Vaginose oder Scheidenpilz wende dich bitte an deinen Arzt\/deine \u00c4rztin oder lass dich in deiner Apotheke beraten.<\/p>\n<\/div><\/details>\n\n\n\n<details class=\"wp-block-karopharma-accordion\"><summary><h2 class=\"accordion-title\">Enth\u00e4lt Multi-Gyn IntiFresh Konservierungs-, Duft- oder Farbstoffen?<\/h2><\/summary><div class=\"accordion-content\">\n<p>Nein, alle Multi-Gyn Produkte sind auf Basis nat\u00fcrlicher Inhaltsstoffe und frei von Konservierungs-, Duft- oder Farbstoffen.<\/p>\n<\/div><\/details>\n\n\n\n<details class=\"wp-block-karopharma-accordion\"><summary><h2 class=\"accordion-title\">Kann ich Multi-Gyn IntiFresh in Schwangerschaft\/Stillzeit verwenden?<\/h2><\/summary><div class=\"accordion-content\">\n<p>Es sind keine Gegenanzeigen f\u00fcr die Verwendung von Multi-Gyn IntiFresh w\u00e4hrend Schwangerschaft und Stillzeit bekannt. Bitte sprich vor der Anwendung mit Deiner \u00c4rztin bzw. Deinem Arzt.<\/p>\n<\/div><\/details>\n\n\n\n<details class=\"wp-block-karopharma-accordion\"><summary><h2 class=\"accordion-title\">Wie sollte ich das Produkt lagern?<\/h2><\/summary><div class=\"accordion-content\">\n<p>Multi-Gyn IntiFresh sollte zwischen 10\u00b0C und 25\u00b0C (Zimmertemperatur) gelagert und f\u00fcr Kinder unzug\u00e4nglich aufbewahrt werden. Verwende das Produkt nicht nach Ablauf des Verfalldatums.<\/p>\n<\/div><\/details>\n<\/div><\/div>\n\n\n\n<script type=\"application\/ld+json\">\n{\n  \"@context\": \"https:\/\/schema.org\",\n  \"@type\": \"FAQPage\",\n  \"mainEntity\": [\n    {\n      \"@type\": \"Question\",\n      \"name\": \"Wof\u00fcr wird Multi-Gyn IntiFresh angewendet?\",\n      \"acceptedAnswer\": {\n        \"@type\": \"Answer\",\n        \"text\": \"Multi-Gyn IntiFresh sind Intimpfleget\u00fccher f\u00fcr eine erfrischende, k\u00fchlende und geruchsneutralisierende Pflege des \u00e4u\u00dferen Intimbereichs.\"\n      }\n    },\n    {\n      \"@type\": \"Question\",\n      \"name\": \"Wie wird Multi-Gyn IntiFresh angewendet?\",\n      \"acceptedAnswer\": {\n        \"@type\": \"Answer\",\n        \"text\": \"Ein Tuch Multi-Gyn IntiFresh aus der Verpackung und nehmen und den \u00e4u\u00dferen Intimbereich s\u00e4ubern.\"\n      }\n    },\n    {\n      \"@type\": \"Question\",\n      \"name\": \"Kann ich Multi-Gyn IntiFresh auch innerlich anwenden?\",\n      \"acceptedAnswer\": {\n        \"@type\": \"Answer\",\n        \"text\": \"Nein, Multi-Gyn IntiFresh ist nur f\u00fcr die Reinigung des \u00e4u\u00dferen Intimbereichs gedacht.\"\n      }\n    },\n    {\n      \"@type\": \"Question\",\n      \"name\": \"Wie oft kann ich Multi-Gyn IntiFresh verwenden?\",\n      \"acceptedAnswer\": {\n        \"@type\": \"Answer\",\n        \"text\": \"Du kannst Multi-Gyn IntiFresh T\u00fccher so oft verwenden, wie du m\u00f6chtest.\"\n      }\n    },\n    {\n      \"@type\": \"Question\",\n      \"name\": \"Hilft Multi-Gyn IntiFresh bei bakterieller Vaginose oder Scheidenpilz?\",\n      \"acceptedAnswer\": {\n        \"@type\": \"Answer\",\n        \"text\": \"Nein, Multi-Gyn IntiFresh ist ein Produkt zur Reinigung des \u00e4u\u00dferen Intimbereichs. Bei Verdacht auf eine bakterielle Vaginose oder Scheidenpilz wende dich bitte an deinen Arzt\/deine \u00c4rztin oder lass dich in deiner Apotheke beraten.\"\n      }\n    },\n    {\n      \"@type\": \"Question\",\n      \"name\": \"Enth\u00e4lt Multi-Gyn IntiFresh Konservierungs-, Duft- oder Farbstoffen?\",\n      \"acceptedAnswer\": {\n        \"@type\": \"Answer\",\n        \"text\": \"Nein, alle Multi-Gyn Produkte sind auf Basis nat\u00fcrlicher Inhaltsstoffe und frei von Konservierungs-, Duft- oder Farbstoffen.\"\n      }\n    },\n    {\n      \"@type\": \"Question\",\n      \"name\": \"Kann ich Multi-Gyn IntiFresh in Schwangerschaft\/Stillzeit verwenden?\",\n      \"acceptedAnswer\": {\n        \"@type\": \"Answer\",\n        \"text\": \"Es sind keine Gegenanzeigen f\u00fcr die Verwendung von Multi-Gyn IntiFresh w\u00e4hrend Schwangerschaft und Stillzeit bekannt. Bitte sprich vor der Anwendung mit Deiner \u00c4rztin bzw. Deinem Arzt.\"\n      }\n    },\n    {\n      \"@type\": \"Question\",\n      \"name\": \"Wie sollte ich das Produkt lagern?\",\n      \"acceptedAnswer\": {\n        \"@type\": \"Answer\",\n        \"text\": \"Multi-Gyn IntiFresh sollte zwischen 10\u00b0C und 25\u00b0C (Zimmertemperatur) gelagert und f\u00fcr Kinder unzug\u00e4nglich aufbewahrt werden. Verwende das Produkt nicht nach Ablauf des Verfalldatums.\"\n      }\n    }\n  ]\n}\n<\/script>\n","protected":false},"excerpt":{"rendered":"<p>Frische-Intimt\u00fccher \u2013 k\u00fchlend und geruchsneutralisierend f\u00fcr Hygiene &#038; Wohlbefinden unterwegs<\/p>\n","protected":false},"featured_media":238,"comment_status":"closed","ping_status":"closed","template":"","meta":{"_acf_changed":false,"footnotes":""},"product_brand":[],"product_cat":[18],"product_tag":[],"class_list":{"0":"post-69","1":"product","2":"type-product","3":"status-publish","4":"has-post-thumbnail","6":"product_cat-hygiene-und-pflege","8":"first","9":"instock","10":"shipping-taxable","11":"product-type-simple"},"acf":[],"yoast_head":"<!-- This site is optimized with the Yoast SEO plugin v26.6 - https:\/\/yoast.com\/wordpress\/plugins\/seo\/ -->\n<title>Multi-Gyn\u00ae IntiFresh: Intimpflege-T\u00fccher f\u00fcr Intimhygiene<\/title>\n<meta name=\"description\" content=\"Multi-Gyn\u00ae IntiFresh: Intimpfleget\u00fccher f\u00fcr die t\u00e4gliche Intimhygiene. Sanft &amp; k\u00fchlend f\u00fcr ein angenehmes Frischegef\u00fchl im Intimbereich\" \/>\n<meta name=\"robots\" content=\"index, follow, max-snippet:-1, max-image-preview:large, max-video-preview:-1\" \/>\n<link rel=\"canonical\" href=\"https:\/\/multi-gyn.com\/at\/produkt\/multi-gyn-intifresh\/\" \/>\n<meta property=\"og:locale\" content=\"de_DE\" \/>\n<meta property=\"og:type\" content=\"article\" \/>\n<meta property=\"og:title\" content=\"Multi-Gyn\u00ae IntiFresh: Intimpflege-T\u00fccher f\u00fcr Intimhygiene\" \/>\n<meta property=\"og:description\" content=\"Multi-Gyn\u00ae IntiFresh: Intimpfleget\u00fccher f\u00fcr die t\u00e4gliche Intimhygiene. Sanft &amp; k\u00fchlend f\u00fcr ein angenehmes Frischegef\u00fchl im Intimbereich\" \/>\n<meta property=\"og:url\" content=\"https:\/\/multi-gyn.com\/at\/produkt\/multi-gyn-intifresh\/\" \/>\n<meta property=\"og:site_name\" content=\"Multi-Gyn\" \/>\n<meta property=\"article:modified_time\" content=\"2026-03-27T10:35:30+00:00\" \/>\n<meta property=\"og:image\" content=\"https:\/\/multi-gyn.com\/app\/uploads\/sites\/21\/2022\/08\/Multi-Gyn-IntiFresh.png\" \/>\n\t<meta property=\"og:image:width\" content=\"800\" \/>\n\t<meta property=\"og:image:height\" content=\"800\" \/>\n\t<meta property=\"og:image:type\" content=\"image\/png\" \/>\n<meta name=\"twitter:card\" content=\"summary_large_image\" \/>\n<meta name=\"twitter:label1\" content=\"Gesch\u00e4tzte Lesezeit\" \/>\n\t<meta name=\"twitter:data1\" content=\"2 Minuten\" \/>\n<script type=\"application\/ld+json\" class=\"yoast-schema-graph\">{\"@context\":\"https:\/\/schema.org\",\"@graph\":[{\"@type\":\"WebPage\",\"@id\":\"https:\/\/multi-gyn.com\/at\/produkt\/multi-gyn-intifresh\/\",\"url\":\"https:\/\/multi-gyn.com\/at\/produkt\/multi-gyn-intifresh\/\",\"name\":\"Multi-Gyn\u00ae IntiFresh: Intimpflege-T\u00fccher f\u00fcr Intimhygiene\",\"isPartOf\":{\"@id\":\"https:\/\/multi-gyn.com\/at\/#website\"},\"primaryImageOfPage\":{\"@id\":\"https:\/\/multi-gyn.com\/at\/produkt\/multi-gyn-intifresh\/#primaryimage\"},\"image\":{\"@id\":\"https:\/\/multi-gyn.com\/at\/produkt\/multi-gyn-intifresh\/#primaryimage\"},\"thumbnailUrl\":\"https:\/\/multi-gyn.com\/app\/uploads\/sites\/21\/2022\/08\/Multi-Gyn-IntiFresh.png\",\"datePublished\":\"2022-08-31T11:24:21+00:00\",\"dateModified\":\"2026-03-27T10:35:30+00:00\",\"description\":\"Multi-Gyn\u00ae IntiFresh: Intimpfleget\u00fccher f\u00fcr die t\u00e4gliche Intimhygiene. Sanft & k\u00fchlend f\u00fcr ein angenehmes Frischegef\u00fchl im Intimbereich\",\"breadcrumb\":{\"@id\":\"https:\/\/multi-gyn.com\/at\/produkt\/multi-gyn-intifresh\/#breadcrumb\"},\"inLanguage\":\"de-AT\",\"potentialAction\":[{\"@type\":\"ReadAction\",\"target\":[\"https:\/\/multi-gyn.com\/at\/produkt\/multi-gyn-intifresh\/\"]}]},{\"@type\":\"ImageObject\",\"inLanguage\":\"de-AT\",\"@id\":\"https:\/\/multi-gyn.com\/at\/produkt\/multi-gyn-intifresh\/#primaryimage\",\"url\":\"https:\/\/multi-gyn.com\/app\/uploads\/sites\/21\/2022\/08\/Multi-Gyn-IntiFresh.png\",\"contentUrl\":\"https:\/\/multi-gyn.com\/app\/uploads\/sites\/21\/2022\/08\/Multi-Gyn-IntiFresh.png\",\"width\":800,\"height\":800,\"caption\":\"Multi-Gyn IntiFresh\"},{\"@type\":\"BreadcrumbList\",\"@id\":\"https:\/\/multi-gyn.com\/at\/produkt\/multi-gyn-intifresh\/#breadcrumb\",\"itemListElement\":[{\"@type\":\"ListItem\",\"position\":1,\"name\":\"Startseite\",\"item\":\"https:\/\/multi-gyn.com\/at\/\"},{\"@type\":\"ListItem\",\"position\":2,\"name\":\"Produkte\",\"item\":\"https:\/\/multi-gyn.com\/at\/produkte\/\"},{\"@type\":\"ListItem\",\"position\":3,\"name\":\"Hygiene und Pflege\",\"item\":\"https:\/\/multi-gyn.com\/at\/produkt-kategorie\/hygiene-und-pflege\/\"},{\"@type\":\"ListItem\",\"position\":4,\"name\":\"Multi-Gyn IntiFresh\"}]},{\"@type\":\"WebSite\",\"@id\":\"https:\/\/multi-gyn.com\/at\/#website\",\"url\":\"https:\/\/multi-gyn.com\/at\/\",\"name\":\"Multi-Gyn\",\"description\":\"\",\"publisher\":{\"@id\":\"https:\/\/multi-gyn.com\/at\/#organization\"},\"potentialAction\":[{\"@type\":\"SearchAction\",\"target\":{\"@type\":\"EntryPoint\",\"urlTemplate\":\"https:\/\/multi-gyn.com\/at\/?s={search_term_string}\"},\"query-input\":{\"@type\":\"PropertyValueSpecification\",\"valueRequired\":true,\"valueName\":\"search_term_string\"}}],\"inLanguage\":\"de-AT\"},{\"@type\":\"Organization\",\"@id\":\"https:\/\/multi-gyn.com\/at\/#organization\",\"name\":\"Multi-Gyn\",\"url\":\"https:\/\/multi-gyn.com\/at\/\",\"logo\":{\"@type\":\"ImageObject\",\"inLanguage\":\"de-AT\",\"@id\":\"https:\/\/multi-gyn.com\/at\/#\/schema\/logo\/image\/\",\"url\":\"https:\/\/multi-gyn.com\/app\/uploads\/sites\/21\/2022\/08\/multi-gyn-logo.png\",\"contentUrl\":\"https:\/\/multi-gyn.com\/app\/uploads\/sites\/21\/2022\/08\/multi-gyn-logo.png\",\"width\":149,\"height\":32,\"caption\":\"Multi-Gyn\"},\"image\":{\"@id\":\"https:\/\/multi-gyn.com\/at\/#\/schema\/logo\/image\/\"}}]}<\/script>\n<!-- \/ Yoast SEO plugin. -->","yoast_head_json":{"title":"Multi-Gyn\u00ae IntiFresh: Intimpflege-T\u00fccher f\u00fcr Intimhygiene","description":"Multi-Gyn\u00ae IntiFresh: Intimpfleget\u00fccher f\u00fcr die t\u00e4gliche Intimhygiene. Sanft & k\u00fchlend f\u00fcr ein angenehmes Frischegef\u00fchl im Intimbereich","robots":{"index":"index","follow":"follow","max-snippet":"max-snippet:-1","max-image-preview":"max-image-preview:large","max-video-preview":"max-video-preview:-1"},"canonical":"https:\/\/multi-gyn.com\/at\/produkt\/multi-gyn-intifresh\/","og_locale":"de_DE","og_type":"article","og_title":"Multi-Gyn\u00ae IntiFresh: Intimpflege-T\u00fccher f\u00fcr Intimhygiene","og_description":"Multi-Gyn\u00ae IntiFresh: Intimpfleget\u00fccher f\u00fcr die t\u00e4gliche Intimhygiene. Sanft & k\u00fchlend f\u00fcr ein angenehmes Frischegef\u00fchl im Intimbereich","og_url":"https:\/\/multi-gyn.com\/at\/produkt\/multi-gyn-intifresh\/","og_site_name":"Multi-Gyn","article_modified_time":"2026-03-27T10:35:30+00:00","og_image":[{"width":800,"height":800,"url":"https:\/\/multi-gyn.com\/app\/uploads\/sites\/21\/2022\/08\/Multi-Gyn-IntiFresh.png","type":"image\/png"}],"twitter_card":"summary_large_image","twitter_misc":{"Gesch\u00e4tzte Lesezeit":"2 Minuten"},"schema":{"@context":"https:\/\/schema.org","@graph":[{"@type":"WebPage","@id":"https:\/\/multi-gyn.com\/at\/produkt\/multi-gyn-intifresh\/","url":"https:\/\/multi-gyn.com\/at\/produkt\/multi-gyn-intifresh\/","name":"Multi-Gyn\u00ae IntiFresh: Intimpflege-T\u00fccher f\u00fcr Intimhygiene","isPartOf":{"@id":"https:\/\/multi-gyn.com\/at\/#website"},"primaryImageOfPage":{"@id":"https:\/\/multi-gyn.com\/at\/produkt\/multi-gyn-intifresh\/#primaryimage"},"image":{"@id":"https:\/\/multi-gyn.com\/at\/produkt\/multi-gyn-intifresh\/#primaryimage"},"thumbnailUrl":"https:\/\/multi-gyn.com\/app\/uploads\/sites\/21\/2022\/08\/Multi-Gyn-IntiFresh.png","datePublished":"2022-08-31T11:24:21+00:00","dateModified":"2026-03-27T10:35:30+00:00","description":"Multi-Gyn\u00ae IntiFresh: Intimpfleget\u00fccher f\u00fcr die t\u00e4gliche Intimhygiene. Sanft & k\u00fchlend f\u00fcr ein angenehmes Frischegef\u00fchl im Intimbereich","breadcrumb":{"@id":"https:\/\/multi-gyn.com\/at\/produkt\/multi-gyn-intifresh\/#breadcrumb"},"inLanguage":"de-AT","potentialAction":[{"@type":"ReadAction","target":["https:\/\/multi-gyn.com\/at\/produkt\/multi-gyn-intifresh\/"]}]},{"@type":"ImageObject","inLanguage":"de-AT","@id":"https:\/\/multi-gyn.com\/at\/produkt\/multi-gyn-intifresh\/#primaryimage","url":"https:\/\/multi-gyn.com\/app\/uploads\/sites\/21\/2022\/08\/Multi-Gyn-IntiFresh.png","contentUrl":"https:\/\/multi-gyn.com\/app\/uploads\/sites\/21\/2022\/08\/Multi-Gyn-IntiFresh.png","width":800,"height":800,"caption":"Multi-Gyn IntiFresh"},{"@type":"BreadcrumbList","@id":"https:\/\/multi-gyn.com\/at\/produkt\/multi-gyn-intifresh\/#breadcrumb","itemListElement":[{"@type":"ListItem","position":1,"name":"Startseite","item":"https:\/\/multi-gyn.com\/at\/"},{"@type":"ListItem","position":2,"name":"Produkte","item":"https:\/\/multi-gyn.com\/at\/produkte\/"},{"@type":"ListItem","position":3,"name":"Hygiene und Pflege","item":"https:\/\/multi-gyn.com\/at\/produkt-kategorie\/hygiene-und-pflege\/"},{"@type":"ListItem","position":4,"name":"Multi-Gyn IntiFresh"}]},{"@type":"WebSite","@id":"https:\/\/multi-gyn.com\/at\/#website","url":"https:\/\/multi-gyn.com\/at\/","name":"Multi-Gyn","description":"","publisher":{"@id":"https:\/\/multi-gyn.com\/at\/#organization"},"potentialAction":[{"@type":"SearchAction","target":{"@type":"EntryPoint","urlTemplate":"https:\/\/multi-gyn.com\/at\/?s={search_term_string}"},"query-input":{"@type":"PropertyValueSpecification","valueRequired":true,"valueName":"search_term_string"}}],"inLanguage":"de-AT"},{"@type":"Organization","@id":"https:\/\/multi-gyn.com\/at\/#organization","name":"Multi-Gyn","url":"https:\/\/multi-gyn.com\/at\/","logo":{"@type":"ImageObject","inLanguage":"de-AT","@id":"https:\/\/multi-gyn.com\/at\/#\/schema\/logo\/image\/","url":"https:\/\/multi-gyn.com\/app\/uploads\/sites\/21\/2022\/08\/multi-gyn-logo.png","contentUrl":"https:\/\/multi-gyn.com\/app\/uploads\/sites\/21\/2022\/08\/multi-gyn-logo.png","width":149,"height":32,"caption":"Multi-Gyn"},"image":{"@id":"https:\/\/multi-gyn.com\/at\/#\/schema\/logo\/image\/"}}]}},"_links":{"self":[{"href":"https:\/\/multi-gyn.com\/at\/wp-json\/wp\/v2\/product\/69","targetHints":{"allow":["GET"]}}],"collection":[{"href":"https:\/\/multi-gyn.com\/at\/wp-json\/wp\/v2\/product"}],"about":[{"href":"https:\/\/multi-gyn.com\/at\/wp-json\/wp\/v2\/types\/product"}],"replies":[{"embeddable":true,"href":"https:\/\/multi-gyn.com\/at\/wp-json\/wp\/v2\/comments?post=69"}],"version-history":[{"count":10,"href":"https:\/\/multi-gyn.com\/at\/wp-json\/wp\/v2\/product\/69\/revisions"}],"predecessor-version":[{"id":767,"href":"https:\/\/multi-gyn.com\/at\/wp-json\/wp\/v2\/product\/69\/revisions\/767"}],"wp:featuredmedia":[{"embeddable":true,"href":"https:\/\/multi-gyn.com\/at\/wp-json\/wp\/v2\/media\/238"}],"wp:attachment":[{"href":"https:\/\/multi-gyn.com\/at\/wp-json\/wp\/v2\/media?parent=69"}],"wp:term":[{"taxonomy":"product_brand","embeddable":true,"href":"https:\/\/multi-gyn.com\/at\/wp-json\/wp\/v2\/product_brand?post=69"},{"taxonomy":"product_cat","embeddable":true,"href":"https:\/\/multi-gyn.com\/at\/wp-json\/wp\/v2\/product_cat?post=69"},{"taxonomy":"product_tag","embeddable":true,"href":"https:\/\/multi-gyn.com\/at\/wp-json\/wp\/v2\/product_tag?post=69"}],"curies":[{"name":"wp","href":"https:\/\/api.w.org\/{rel}","templated":true}]}}