{"id":176,"date":"2022-08-30T09:45:09","date_gmt":"2022-08-30T07:45:09","guid":{"rendered":"https:\/\/multi-gyn.com\/rebrand-be\/trouver-une-solution\/"},"modified":"2025-10-10T10:42:51","modified_gmt":"2025-10-10T08:42:51","slug":"trouver-une-solution","status":"publish","type":"page","link":"https:\/\/multi-gyn.com\/be\/fr\/trouver-une-solution\/","title":{"rendered":"Trouver une solution"},"content":{"rendered":"\n<div class=\"wp-block-karopharma-free-text pt-large pb-large bg-center bg-cover bg-no-repeat\" style=\"background-image:url(https:\/\/multi-gyn.com\/cdn-cgi\/image\/format=auto\/app\/uploads\/sites\/17\/2025\/10\/Multi-Gyn_1920x750_Banner_FindSolution.jpg)\"><div class=\"free-text-wrapper container max-w-medium text-left\">\n<div style=\"height:100px\" aria-hidden=\"true\" class=\"wp-block-spacer\"><\/div>\n\n\n\n<h1 class=\"wp-block-heading has-text-align-center is-style-heading-huge has-white-color has-text-color\">Quel produit Multi-Gyn est la bonne solution pour vous?<\/h1>\n\n\n\n<div style=\"height:100px\" aria-hidden=\"true\" class=\"wp-block-spacer\"><\/div>\n<\/div><\/div>\n\n\n\n<div class=\"wp-block-karopharma-free-text pt-large pb-large bg-center bg-cover bg-no-repeat  is-style-primary\" style=\"background-image:url()\"><div class=\"free-text-wrapper container max-w-medium text-center\">\n<p class=\"is-style-paragraph-preamble\">Peu importe votre \u00e2ge, la sant\u00e9 intime peut \u00eatre tr\u00e8s d\u00e9concertante. Surtout lorsqu&rsquo;il y a quelque chose qui cloche.&nbsp;<\/p>\n\n\n\n<p class=\"is-style-paragraph-preamble\">Pas de souci, nous vous aidons \u00e0 trouver une solution qui vous convient, afin que vous puissiez rapidement retrouver votre forme fantastique.&nbsp;<\/p>\n\n\n\n<button data-tf-popup=\"Ut6gFtFL\" data-tf-iframe-props=\"title=BE-FR Multi-Gyn\" data-tf-medium=\"snippet\" style=\"all:unset;font-family:Helvetica,Arial,sans-serif;display:inline-block;max-width:100%;white-space:nowrap;overflow:hidden;text-overflow:ellipsis;background-color:#753CBE;color:#FFFFFF;font-size:20px;border-radius:25px;padding:0 33px;font-weight:bold;height:50px;cursor:pointer;line-height:50px;text-align:center;margin:0;text-decoration:none;\">Regarder ma solution<\/button><script src=\"\/\/embed.typeform.com\/next\/embed.js\"><\/script>\n<\/div><\/div>\n\n\n<p><!-- \/wp:post-content --><\/p>\n<p><!-- wp:karopharma\/product-list \/--><\/p>","protected":false},"excerpt":{"rendered":"","protected":false},"author":6,"featured_media":0,"parent":0,"menu_order":0,"comment_status":"closed","ping_status":"closed","template":"","meta":{"_acf_changed":false,"footnotes":""},"from-article-database":[],"class_list":["post-176","page","type-page","status-publish","hentry"],"acf":[],"yoast_head":"<!-- This site is optimized with the Yoast SEO plugin v26.6 - https:\/\/yoast.com\/wordpress\/plugins\/seo\/ -->\n<title>Trouver une solution - Multi-Gyn<\/title>\n<meta name=\"description\" content=\"Peu importe votre \u00e2ge, la sant\u00e9 intime peut \u00eatre tr\u00e8s d\u00e9concertante. Surtout lorsqu\u2019il y a quelque chose qui cloche.\" \/>\n<meta name=\"robots\" content=\"index, follow, max-snippet:-1, max-image-preview:large, max-video-preview:-1\" \/>\n<link rel=\"canonical\" href=\"https:\/\/multi-gyn.com\/be\/fr\/trouver-une-solution\/\" \/>\n<meta property=\"og:locale\" content=\"fr_FR\" \/>\n<meta property=\"og:type\" content=\"article\" \/>\n<meta property=\"og:title\" content=\"Trouver une solution - Multi-Gyn\" \/>\n<meta property=\"og:description\" content=\"Peu importe votre \u00e2ge, la sant\u00e9 intime peut \u00eatre tr\u00e8s d\u00e9concertante. Surtout lorsqu\u2019il y a quelque chose qui cloche.\" \/>\n<meta property=\"og:url\" content=\"https:\/\/multi-gyn.com\/be\/fr\/trouver-une-solution\/\" \/>\n<meta property=\"og:site_name\" content=\"Multi-Gyn\" \/>\n<meta property=\"article:modified_time\" content=\"2025-10-10T08:42:51+00:00\" \/>\n<meta name=\"twitter:card\" content=\"summary_large_image\" \/>\n<meta name=\"twitter:label1\" content=\"Dur\u00e9e de lecture est.\" \/>\n\t<meta name=\"twitter:data1\" content=\"1 minute\" \/>\n<script type=\"application\/ld+json\" class=\"yoast-schema-graph\">{\"@context\":\"https:\/\/schema.org\",\"@graph\":[{\"@type\":\"WebPage\",\"@id\":\"https:\/\/multi-gyn.com\/be\/fr\/trouver-une-solution\/\",\"url\":\"https:\/\/multi-gyn.com\/be\/fr\/trouver-une-solution\/\",\"name\":\"Trouver une solution - Multi-Gyn\",\"isPartOf\":{\"@id\":\"https:\/\/multi-gyn.com\/be\/fr\/#website\"},\"datePublished\":\"2022-08-30T07:45:09+00:00\",\"dateModified\":\"2025-10-10T08:42:51+00:00\",\"description\":\"Peu importe votre \u00e2ge, la sant\u00e9 intime peut \u00eatre tr\u00e8s d\u00e9concertante. Surtout lorsqu\u2019il y a quelque chose qui cloche.\",\"breadcrumb\":{\"@id\":\"https:\/\/multi-gyn.com\/be\/fr\/trouver-une-solution\/#breadcrumb\"},\"inLanguage\":\"fr-BE\",\"potentialAction\":[{\"@type\":\"ReadAction\",\"target\":[\"https:\/\/multi-gyn.com\/be\/fr\/trouver-une-solution\/\"]}]},{\"@type\":\"BreadcrumbList\",\"@id\":\"https:\/\/multi-gyn.com\/be\/fr\/trouver-une-solution\/#breadcrumb\",\"itemListElement\":[{\"@type\":\"ListItem\",\"position\":1,\"name\":\"Home\",\"item\":\"https:\/\/multi-gyn.com\/be\/fr\/\"},{\"@type\":\"ListItem\",\"position\":2,\"name\":\"Trouver une solution\"}]},{\"@type\":\"WebSite\",\"@id\":\"https:\/\/multi-gyn.com\/be\/fr\/#website\",\"url\":\"https:\/\/multi-gyn.com\/be\/fr\/\",\"name\":\"Multi-Gyn\",\"description\":\"\",\"publisher\":{\"@id\":\"https:\/\/multi-gyn.com\/be\/fr\/#organization\"},\"potentialAction\":[{\"@type\":\"SearchAction\",\"target\":{\"@type\":\"EntryPoint\",\"urlTemplate\":\"https:\/\/multi-gyn.com\/be\/fr\/?s={search_term_string}\"},\"query-input\":{\"@type\":\"PropertyValueSpecification\",\"valueRequired\":true,\"valueName\":\"search_term_string\"}}],\"inLanguage\":\"fr-BE\"},{\"@type\":\"Organization\",\"@id\":\"https:\/\/multi-gyn.com\/be\/fr\/#organization\",\"name\":\"Multi-Gyn\",\"url\":\"https:\/\/multi-gyn.com\/be\/fr\/\",\"logo\":{\"@type\":\"ImageObject\",\"inLanguage\":\"fr-BE\",\"@id\":\"https:\/\/multi-gyn.com\/be\/fr\/#\/schema\/logo\/image\/\",\"url\":\"https:\/\/multi-gyn.com\/app\/uploads\/sites\/17\/2022\/08\/multi-gyn-logo.png\",\"contentUrl\":\"https:\/\/multi-gyn.com\/app\/uploads\/sites\/17\/2022\/08\/multi-gyn-logo.png\",\"width\":149,\"height\":32,\"caption\":\"Multi-Gyn\"},\"image\":{\"@id\":\"https:\/\/multi-gyn.com\/be\/fr\/#\/schema\/logo\/image\/\"}}]}<\/script>\n<!-- \/ Yoast SEO plugin. -->","yoast_head_json":{"title":"Trouver une solution - Multi-Gyn","description":"Peu importe votre \u00e2ge, la sant\u00e9 intime peut \u00eatre tr\u00e8s d\u00e9concertante. Surtout lorsqu\u2019il y a quelque chose qui cloche.","robots":{"index":"index","follow":"follow","max-snippet":"max-snippet:-1","max-image-preview":"max-image-preview:large","max-video-preview":"max-video-preview:-1"},"canonical":"https:\/\/multi-gyn.com\/be\/fr\/trouver-une-solution\/","og_locale":"fr_FR","og_type":"article","og_title":"Trouver une solution - Multi-Gyn","og_description":"Peu importe votre \u00e2ge, la sant\u00e9 intime peut \u00eatre tr\u00e8s d\u00e9concertante. Surtout lorsqu\u2019il y a quelque chose qui cloche.","og_url":"https:\/\/multi-gyn.com\/be\/fr\/trouver-une-solution\/","og_site_name":"Multi-Gyn","article_modified_time":"2025-10-10T08:42:51+00:00","twitter_card":"summary_large_image","twitter_misc":{"Dur\u00e9e de lecture est.":"1 minute"},"schema":{"@context":"https:\/\/schema.org","@graph":[{"@type":"WebPage","@id":"https:\/\/multi-gyn.com\/be\/fr\/trouver-une-solution\/","url":"https:\/\/multi-gyn.com\/be\/fr\/trouver-une-solution\/","name":"Trouver une solution - Multi-Gyn","isPartOf":{"@id":"https:\/\/multi-gyn.com\/be\/fr\/#website"},"datePublished":"2022-08-30T07:45:09+00:00","dateModified":"2025-10-10T08:42:51+00:00","description":"Peu importe votre \u00e2ge, la sant\u00e9 intime peut \u00eatre tr\u00e8s d\u00e9concertante. Surtout lorsqu\u2019il y a quelque chose qui cloche.","breadcrumb":{"@id":"https:\/\/multi-gyn.com\/be\/fr\/trouver-une-solution\/#breadcrumb"},"inLanguage":"fr-BE","potentialAction":[{"@type":"ReadAction","target":["https:\/\/multi-gyn.com\/be\/fr\/trouver-une-solution\/"]}]},{"@type":"BreadcrumbList","@id":"https:\/\/multi-gyn.com\/be\/fr\/trouver-une-solution\/#breadcrumb","itemListElement":[{"@type":"ListItem","position":1,"name":"Home","item":"https:\/\/multi-gyn.com\/be\/fr\/"},{"@type":"ListItem","position":2,"name":"Trouver une solution"}]},{"@type":"WebSite","@id":"https:\/\/multi-gyn.com\/be\/fr\/#website","url":"https:\/\/multi-gyn.com\/be\/fr\/","name":"Multi-Gyn","description":"","publisher":{"@id":"https:\/\/multi-gyn.com\/be\/fr\/#organization"},"potentialAction":[{"@type":"SearchAction","target":{"@type":"EntryPoint","urlTemplate":"https:\/\/multi-gyn.com\/be\/fr\/?s={search_term_string}"},"query-input":{"@type":"PropertyValueSpecification","valueRequired":true,"valueName":"search_term_string"}}],"inLanguage":"fr-BE"},{"@type":"Organization","@id":"https:\/\/multi-gyn.com\/be\/fr\/#organization","name":"Multi-Gyn","url":"https:\/\/multi-gyn.com\/be\/fr\/","logo":{"@type":"ImageObject","inLanguage":"fr-BE","@id":"https:\/\/multi-gyn.com\/be\/fr\/#\/schema\/logo\/image\/","url":"https:\/\/multi-gyn.com\/app\/uploads\/sites\/17\/2022\/08\/multi-gyn-logo.png","contentUrl":"https:\/\/multi-gyn.com\/app\/uploads\/sites\/17\/2022\/08\/multi-gyn-logo.png","width":149,"height":32,"caption":"Multi-Gyn"},"image":{"@id":"https:\/\/multi-gyn.com\/be\/fr\/#\/schema\/logo\/image\/"}}]}},"_links":{"self":[{"href":"https:\/\/multi-gyn.com\/be\/fr\/wp-json\/wp\/v2\/pages\/176","targetHints":{"allow":["GET"]}}],"collection":[{"href":"https:\/\/multi-gyn.com\/be\/fr\/wp-json\/wp\/v2\/pages"}],"about":[{"href":"https:\/\/multi-gyn.com\/be\/fr\/wp-json\/wp\/v2\/types\/page"}],"author":[{"embeddable":true,"href":"https:\/\/multi-gyn.com\/be\/fr\/wp-json\/wp\/v2\/users\/6"}],"replies":[{"embeddable":true,"href":"https:\/\/multi-gyn.com\/be\/fr\/wp-json\/wp\/v2\/comments?post=176"}],"version-history":[{"count":7,"href":"https:\/\/multi-gyn.com\/be\/fr\/wp-json\/wp\/v2\/pages\/176\/revisions"}],"predecessor-version":[{"id":814,"href":"https:\/\/multi-gyn.com\/be\/fr\/wp-json\/wp\/v2\/pages\/176\/revisions\/814"}],"wp:attachment":[{"href":"https:\/\/multi-gyn.com\/be\/fr\/wp-json\/wp\/v2\/media?parent=176"}],"wp:term":[{"taxonomy":"from-article-database","embeddable":true,"href":"https:\/\/multi-gyn.com\/be\/fr\/wp-json\/wp\/v2\/from-article-database?post=176"}],"curies":[{"name":"wp","href":"https:\/\/api.w.org\/{rel}","templated":true}]}}