{"id":254,"date":"2022-08-30T15:48:00","date_gmt":"2022-08-30T13:48:00","guid":{"rendered":"https:\/\/multi-gyn.com\/rebrand-be\/trouver-une-solution\/bacteriele-vaginose-bv\/"},"modified":"2025-03-10T14:27:12","modified_gmt":"2025-03-10T13:27:12","slug":"vaginose-bacterienne","status":"publish","type":"page","link":"https:\/\/multi-gyn.com\/be\/fr\/trouver-une-solution\/vaginose-bacterienne\/","title":{"rendered":"Vaginose bact\u00e9rienne (VB)"},"content":{"rendered":"\n<div class=\"wp-block-karopharma-free-text pt-large pb-large bg-center bg-cover bg-no-repeat\" style=\"background-image:url(https:\/\/multi-gyn.com\/cdn-cgi\/image\/format=auto\/app\/uploads\/sites\/17\/2022\/08\/solution-hero.jpg)\"><div class=\"free-text-wrapper container max-w-medium text-left\">\n<div style=\"height:100px\" aria-hidden=\"true\" class=\"wp-block-spacer is-style-responsive-medium\"><\/div>\n\n\n\n<h1 class=\"has-text-align-center is-style-heading-huge has-white-color has-text-color wp-block-heading\">R\u00e9sultat<\/h1>\n\n\n\n<div style=\"height:100px\" aria-hidden=\"true\" class=\"wp-block-spacer is-style-responsive-medium\"><\/div>\n<\/div><\/div>\n\n\n\n<div class=\"wp-block-karopharma-free-text pt-large pb-large bg-center bg-contain bg-no-repeat  undefined is-style-primary\" style=\"background-image:url()\"><div class=\"free-text-wrapper container max-w-medium text-left\">\n<h1 class=\"has-text-align-left is-style-heading-h1 wp-block-heading\">Vous pouvez avoir la vaginose bact\u00e9rienne (VB)<\/h1>\n<\/div><\/div>\n\n\n\n<div class=\"wp-block-karopharma-free-text pt-large pb-large bg-center bg-contain bg-no-repeat  undefined\" style=\"background-image:url()\"><div class=\"free-text-wrapper container max-w-medium text-left\">\n<h2 class=\"wp-block-heading\" id=\"wie-man-bv-behandelt\">Solution<\/h2>\n\n\n\n<p>Vous pouvez reconna\u00eetre la vaginose bact\u00e9rienne (VB) \u00e0 une forte odeur (de poisson), des d\u00e9mangeaisons et une irritation. <a href=\"https:\/\/multi-gyn.com\/rebrand-be\/fr\/produit\/multi-gyn-actigel\/\">Multi-Gyn ActiGel<\/a> traite efficacement la vaginose bact\u00e9rienne, r\u00e9duit les odeurs d\u00e9sagr\u00e9ables et les pertes, et soulage rapidement les d\u00e9mangeaisons et l&rsquo;irritation. Ce gel est \u00e0 base d\u2019ingr\u00e9dients naturels.<\/p>\n\n\n\n<p>En vente libre en ligne et \u00e0 la droguerie. Se trouve au rayon menstruation \u00e0 Kruidvat et sant\u00e9 des femmes \u00e0 Etos.<\/p>\n<\/div><\/div>\n\n\n<div class=\"product-list wp-block-karopharma-product-list\" data-testid=\"product-list\">\n      <div class=\"swiper-container\">\n      <div class=\"swiper\">\n        <div class=\"swiper-wrapper\">\n                      <div class=\"swiper-slide\">\n              <div class=\"product-card\" data-testid=\"product-card\">\n  <a\n    href=https:\/\/multi-gyn.com\/be\/fr\/produit\/multi-gyn-actigel\/\n    class=\"product-card-link\"\n    title=\"Multi-Gyn ActiGel\"\n  >\n  <figure class=\"product-card-image\" data-testid=\"product-image\">\n                          <img decoding=\"async\" src=\"https:\/\/multi-gyn.com\/cdn-cgi\/image\/width=700,format=auto\/app\/uploads\/sites\/17\/2022\/08\/Multi-Gyn-ActiGel.png\"\n        srcset=\"https:\/\/multi-gyn.com\/cdn-cgi\/image\/width=250,format=auto\/app\/uploads\/sites\/17\/2022\/08\/Multi-Gyn-ActiGel.png 250w,\n                https:\/\/multi-gyn.com\/cdn-cgi\/image\/width=500,format=auto\/app\/uploads\/sites\/17\/2022\/08\/Multi-Gyn-ActiGel.png 500w,\n                https:\/\/multi-gyn.com\/cdn-cgi\/image\/width=700,format=auto\/app\/uploads\/sites\/17\/2022\/08\/Multi-Gyn-ActiGel.png 700w\"\n        sizes=\"(max-width: 400px) 250px, (max-width: 800px) 500px, 700px\"\n        alt=\"Multi-Gyn ActiGel\"\n        class=\"img\">\n            <\/figure>\n    <div class=\"product-card-content\">\n      <div class=\"heading-wrapper\">\n        <h2 class=\"heading\">Multi-Gyn ActiGel<\/h2>\n      <\/div>\n      <div class=\"product-card-description\">Traite la vaginose bact\u00e9rienne<\/div>\n                      <\/div>\n  <\/a>\n          <div class=\"button-wrapper buy-now \" data-testid=\"buy-now\">\n      <div class=\"buy-now-container dropdown-container\">\n      <div class=\"theme-button button-primary-color dropdown-link\" aria-label=\"Acheter maintenant\">\n          Acheter maintenant <i class=\"dropdown\"><\/i>\n      <\/div>\n      <ul class=\"reseller-list submenu\">\n                    <li>\n              <a\n                href=\"https:\/\/www.bol.com\/be\/nl\/p\/multi-gyn-actigel-bacteriele-vaginose-50-ml\/9300000120472338\/\" onclick=\"dataLayer.push({'event':'ga_event', 'eventCategory':'Click on Reseller', 'eventAction':'Bol', 'eventLabel':'Multi-Gyn ActiGel', 'eventValue': undefined})\" rel=\"noopener\" target=\"_blank\" title=\"Bol\"\n                data-testid=\"buy-now-reseller\">\n                <i class=\"fa-solid fa-arrow-right\"><\/i> Bol\n              <\/a>\n          <\/li>\n                    <li>\n              <a\n                href=\"https:\/\/www.farmaline.be\/apotheek\/bestellen\/multi-gyn-actigel-applicator\/\" onclick=\"dataLayer.push({'event':'ga_event', 'eventCategory':'Click on Reseller', 'eventAction':'Farmaline', 'eventLabel':'Multi-Gyn ActiGel', 'eventValue': undefined})\" rel=\"noopener\" target=\"_blank\" title=\"Farmaline\"\n                data-testid=\"buy-now-reseller\">\n                <i class=\"fa-solid fa-arrow-right\"><\/i> Farmaline\n              <\/a>\n          <\/li>\n                    <li>\n              <a\n                href=\"https:\/\/www.newpharma.be\/apotheek\/multi-gyn\/525866\/multi-gyn-actigel-plus-applicator-tube-50ml.html\" onclick=\"dataLayer.push({'event':'ga_event', 'eventCategory':'Click on Reseller', 'eventAction':'Newpharma', 'eventLabel':'Multi-Gyn ActiGel', 'eventValue': undefined})\" rel=\"noopener\" target=\"_blank\" title=\"Newpharma\"\n                data-testid=\"buy-now-reseller\">\n                <i class=\"fa-solid fa-arrow-right\"><\/i> Newpharma\n              <\/a>\n          <\/li>\n                    <li>\n              <a\n                href=\"https:\/\/www.viata.be\/multigyn-actigel-applicator-vaginale-gel-50-ml-nl\" onclick=\"dataLayer.push({'event':'ga_event', 'eventCategory':'Click on Reseller', 'eventAction':'Viata', 'eventLabel':'Multi-Gyn ActiGel', 'eventValue': undefined})\" rel=\"noopener\" target=\"_blank\" title=\"Viata\"\n                data-testid=\"buy-now-reseller\">\n                <i class=\"fa-solid fa-arrow-right\"><\/i> Viata\n              <\/a>\n          <\/li>\n                <\/ul>\n    <\/div>\n  <\/div>\n  <\/div>\n            <\/div>\n                  <\/div>\n        <div class=\"swiper-scrollbar\"><\/div>\n      <\/div>\n    <\/div>\n  <\/div>\n\n\n\n<div class=\"wp-block-karopharma-free-text pt-large pb-large bg-center bg-contain bg-no-repeat  undefined is-style-secondary\" style=\"background-image:url()\"><div class=\"free-text-wrapper container max-w-medium text-left\">\n<h2 class=\"wp-block-heading\" id=\"wie-man-bv-behandelt\">Quelles sont les causes de la VB&nbsp;?<\/h2>\n\n\n\n<p>Ne vous en faites pas \u2013 1 femme sur 3 souffre de VB. Elle est m\u00eame plus fr\u00e9quente qu&rsquo;une mycose vaginale. La VB n&rsquo;est pas dangereuse et peut \u00eatre trait\u00e9e ad\u00e9quatement, mais elle peut \u00eatre source d&rsquo;inconfort.<\/p>\n\n\n\n<p>La VB se produit lorsqu&rsquo;il y trop de bact\u00e9ries ind\u00e9sirables qui se d\u00e9veloppent dans votre vagin. Normalement, les lactobacilles sains sont la bact\u00e9rie dominante dans le vagin, mais lorsqu&rsquo;un autre type de bact\u00e9rie l&#8217;emporte, vous pouvez attraper une VB.<\/p>\n\n\n\n<p>La cause pr\u00e9cise n&rsquo;en est toutefois pas encore connue. En revanche, nous savons que certaines activit\u00e9s augmentent les risques. Songez \u00e0 des rapports sexuels non prot\u00e9g\u00e9s ou au tabagisme.<\/p>\n\n\n\n<p>Si vos d\u00e9sagr\u00e9ments persistent ou empirent, veuillez contacter votre m\u00e9decin traitant.<\/p>\n<\/div><\/div>\n","protected":false},"excerpt":{"rendered":"","protected":false},"author":6,"featured_media":0,"parent":176,"menu_order":0,"comment_status":"closed","ping_status":"closed","template":"","meta":{"_acf_changed":false,"footnotes":""},"from-article-database":[],"class_list":["post-254","page","type-page","status-publish","hentry"],"acf":[],"yoast_head":"<!-- This site is optimized with the Yoast SEO plugin v26.6 - https:\/\/yoast.com\/wordpress\/plugins\/seo\/ -->\n<title>Vaginose bact\u00e9rienne (VB) - Multi-Gyn<\/title>\n<meta name=\"description\" content=\"La vaginose bact\u00e9rienne (VB) est l\u2019infection vaginale la plus courante chez les femmes en \u00e2ge de procr\u00e9er.\" \/>\n<meta name=\"robots\" content=\"index, follow, max-snippet:-1, max-image-preview:large, max-video-preview:-1\" \/>\n<link rel=\"canonical\" href=\"https:\/\/multi-gyn.com\/be\/fr\/trouver-une-solution\/vaginose-bacterienne\/\" \/>\n<meta property=\"og:locale\" content=\"fr_FR\" \/>\n<meta property=\"og:type\" content=\"article\" \/>\n<meta property=\"og:title\" content=\"Vaginose bact\u00e9rienne (VB) - Multi-Gyn\" \/>\n<meta property=\"og:description\" content=\"La vaginose bact\u00e9rienne (VB) est l\u2019infection vaginale la plus courante chez les femmes en \u00e2ge de procr\u00e9er.\" \/>\n<meta property=\"og:url\" content=\"https:\/\/multi-gyn.com\/be\/fr\/trouver-une-solution\/vaginose-bacterienne\/\" \/>\n<meta property=\"og:site_name\" content=\"Multi-Gyn\" \/>\n<meta property=\"article:modified_time\" content=\"2025-03-10T13:27:12+00:00\" \/>\n<meta name=\"twitter:card\" content=\"summary_large_image\" \/>\n<meta name=\"twitter:label1\" content=\"Dur\u00e9e de lecture est.\" \/>\n\t<meta name=\"twitter:data1\" content=\"1 minute\" \/>\n<script type=\"application\/ld+json\" class=\"yoast-schema-graph\">{\"@context\":\"https:\/\/schema.org\",\"@graph\":[{\"@type\":\"WebPage\",\"@id\":\"https:\/\/multi-gyn.com\/be\/fr\/trouver-une-solution\/vaginose-bacterienne\/\",\"url\":\"https:\/\/multi-gyn.com\/be\/fr\/trouver-une-solution\/vaginose-bacterienne\/\",\"name\":\"Vaginose bact\u00e9rienne (VB) - Multi-Gyn\",\"isPartOf\":{\"@id\":\"https:\/\/multi-gyn.com\/be\/fr\/#website\"},\"datePublished\":\"2022-08-30T13:48:00+00:00\",\"dateModified\":\"2025-03-10T13:27:12+00:00\",\"description\":\"La vaginose bact\u00e9rienne (VB) est l\u2019infection vaginale la plus courante chez les femmes en \u00e2ge de procr\u00e9er.\",\"breadcrumb\":{\"@id\":\"https:\/\/multi-gyn.com\/be\/fr\/trouver-une-solution\/vaginose-bacterienne\/#breadcrumb\"},\"inLanguage\":\"fr-BE\",\"potentialAction\":[{\"@type\":\"ReadAction\",\"target\":[\"https:\/\/multi-gyn.com\/be\/fr\/trouver-une-solution\/vaginose-bacterienne\/\"]}]},{\"@type\":\"BreadcrumbList\",\"@id\":\"https:\/\/multi-gyn.com\/be\/fr\/trouver-une-solution\/vaginose-bacterienne\/#breadcrumb\",\"itemListElement\":[{\"@type\":\"ListItem\",\"position\":1,\"name\":\"Home\",\"item\":\"https:\/\/multi-gyn.com\/be\/fr\/\"},{\"@type\":\"ListItem\",\"position\":2,\"name\":\"Trouver une solution\",\"item\":\"https:\/\/multi-gyn.com\/be\/fr\/trouver-une-solution\/\"},{\"@type\":\"ListItem\",\"position\":3,\"name\":\"Vaginose bact\u00e9rienne (VB)\"}]},{\"@type\":\"WebSite\",\"@id\":\"https:\/\/multi-gyn.com\/be\/fr\/#website\",\"url\":\"https:\/\/multi-gyn.com\/be\/fr\/\",\"name\":\"Multi-Gyn\",\"description\":\"\",\"publisher\":{\"@id\":\"https:\/\/multi-gyn.com\/be\/fr\/#organization\"},\"potentialAction\":[{\"@type\":\"SearchAction\",\"target\":{\"@type\":\"EntryPoint\",\"urlTemplate\":\"https:\/\/multi-gyn.com\/be\/fr\/?s={search_term_string}\"},\"query-input\":{\"@type\":\"PropertyValueSpecification\",\"valueRequired\":true,\"valueName\":\"search_term_string\"}}],\"inLanguage\":\"fr-BE\"},{\"@type\":\"Organization\",\"@id\":\"https:\/\/multi-gyn.com\/be\/fr\/#organization\",\"name\":\"Multi-Gyn\",\"url\":\"https:\/\/multi-gyn.com\/be\/fr\/\",\"logo\":{\"@type\":\"ImageObject\",\"inLanguage\":\"fr-BE\",\"@id\":\"https:\/\/multi-gyn.com\/be\/fr\/#\/schema\/logo\/image\/\",\"url\":\"https:\/\/multi-gyn.com\/app\/uploads\/sites\/17\/2022\/08\/multi-gyn-logo.png\",\"contentUrl\":\"https:\/\/multi-gyn.com\/app\/uploads\/sites\/17\/2022\/08\/multi-gyn-logo.png\",\"width\":149,\"height\":32,\"caption\":\"Multi-Gyn\"},\"image\":{\"@id\":\"https:\/\/multi-gyn.com\/be\/fr\/#\/schema\/logo\/image\/\"}}]}<\/script>\n<!-- \/ Yoast SEO plugin. -->","yoast_head_json":{"title":"Vaginose bact\u00e9rienne (VB) - Multi-Gyn","description":"La vaginose bact\u00e9rienne (VB) est l\u2019infection vaginale la plus courante chez les femmes en \u00e2ge de procr\u00e9er.","robots":{"index":"index","follow":"follow","max-snippet":"max-snippet:-1","max-image-preview":"max-image-preview:large","max-video-preview":"max-video-preview:-1"},"canonical":"https:\/\/multi-gyn.com\/be\/fr\/trouver-une-solution\/vaginose-bacterienne\/","og_locale":"fr_FR","og_type":"article","og_title":"Vaginose bact\u00e9rienne (VB) - Multi-Gyn","og_description":"La vaginose bact\u00e9rienne (VB) est l\u2019infection vaginale la plus courante chez les femmes en \u00e2ge de procr\u00e9er.","og_url":"https:\/\/multi-gyn.com\/be\/fr\/trouver-une-solution\/vaginose-bacterienne\/","og_site_name":"Multi-Gyn","article_modified_time":"2025-03-10T13:27:12+00:00","twitter_card":"summary_large_image","twitter_misc":{"Dur\u00e9e de lecture est.":"1 minute"},"schema":{"@context":"https:\/\/schema.org","@graph":[{"@type":"WebPage","@id":"https:\/\/multi-gyn.com\/be\/fr\/trouver-une-solution\/vaginose-bacterienne\/","url":"https:\/\/multi-gyn.com\/be\/fr\/trouver-une-solution\/vaginose-bacterienne\/","name":"Vaginose bact\u00e9rienne (VB) - Multi-Gyn","isPartOf":{"@id":"https:\/\/multi-gyn.com\/be\/fr\/#website"},"datePublished":"2022-08-30T13:48:00+00:00","dateModified":"2025-03-10T13:27:12+00:00","description":"La vaginose bact\u00e9rienne (VB) est l\u2019infection vaginale la plus courante chez les femmes en \u00e2ge de procr\u00e9er.","breadcrumb":{"@id":"https:\/\/multi-gyn.com\/be\/fr\/trouver-une-solution\/vaginose-bacterienne\/#breadcrumb"},"inLanguage":"fr-BE","potentialAction":[{"@type":"ReadAction","target":["https:\/\/multi-gyn.com\/be\/fr\/trouver-une-solution\/vaginose-bacterienne\/"]}]},{"@type":"BreadcrumbList","@id":"https:\/\/multi-gyn.com\/be\/fr\/trouver-une-solution\/vaginose-bacterienne\/#breadcrumb","itemListElement":[{"@type":"ListItem","position":1,"name":"Home","item":"https:\/\/multi-gyn.com\/be\/fr\/"},{"@type":"ListItem","position":2,"name":"Trouver une solution","item":"https:\/\/multi-gyn.com\/be\/fr\/trouver-une-solution\/"},{"@type":"ListItem","position":3,"name":"Vaginose bact\u00e9rienne (VB)"}]},{"@type":"WebSite","@id":"https:\/\/multi-gyn.com\/be\/fr\/#website","url":"https:\/\/multi-gyn.com\/be\/fr\/","name":"Multi-Gyn","description":"","publisher":{"@id":"https:\/\/multi-gyn.com\/be\/fr\/#organization"},"potentialAction":[{"@type":"SearchAction","target":{"@type":"EntryPoint","urlTemplate":"https:\/\/multi-gyn.com\/be\/fr\/?s={search_term_string}"},"query-input":{"@type":"PropertyValueSpecification","valueRequired":true,"valueName":"search_term_string"}}],"inLanguage":"fr-BE"},{"@type":"Organization","@id":"https:\/\/multi-gyn.com\/be\/fr\/#organization","name":"Multi-Gyn","url":"https:\/\/multi-gyn.com\/be\/fr\/","logo":{"@type":"ImageObject","inLanguage":"fr-BE","@id":"https:\/\/multi-gyn.com\/be\/fr\/#\/schema\/logo\/image\/","url":"https:\/\/multi-gyn.com\/app\/uploads\/sites\/17\/2022\/08\/multi-gyn-logo.png","contentUrl":"https:\/\/multi-gyn.com\/app\/uploads\/sites\/17\/2022\/08\/multi-gyn-logo.png","width":149,"height":32,"caption":"Multi-Gyn"},"image":{"@id":"https:\/\/multi-gyn.com\/be\/fr\/#\/schema\/logo\/image\/"}}]}},"_links":{"self":[{"href":"https:\/\/multi-gyn.com\/be\/fr\/wp-json\/wp\/v2\/pages\/254","targetHints":{"allow":["GET"]}}],"collection":[{"href":"https:\/\/multi-gyn.com\/be\/fr\/wp-json\/wp\/v2\/pages"}],"about":[{"href":"https:\/\/multi-gyn.com\/be\/fr\/wp-json\/wp\/v2\/types\/page"}],"author":[{"embeddable":true,"href":"https:\/\/multi-gyn.com\/be\/fr\/wp-json\/wp\/v2\/users\/6"}],"replies":[{"embeddable":true,"href":"https:\/\/multi-gyn.com\/be\/fr\/wp-json\/wp\/v2\/comments?post=254"}],"version-history":[{"count":9,"href":"https:\/\/multi-gyn.com\/be\/fr\/wp-json\/wp\/v2\/pages\/254\/revisions"}],"predecessor-version":[{"id":462,"href":"https:\/\/multi-gyn.com\/be\/fr\/wp-json\/wp\/v2\/pages\/254\/revisions\/462"}],"up":[{"embeddable":true,"href":"https:\/\/multi-gyn.com\/be\/fr\/wp-json\/wp\/v2\/pages\/176"}],"wp:attachment":[{"href":"https:\/\/multi-gyn.com\/be\/fr\/wp-json\/wp\/v2\/media?parent=254"}],"wp:term":[{"taxonomy":"from-article-database","embeddable":true,"href":"https:\/\/multi-gyn.com\/be\/fr\/wp-json\/wp\/v2\/from-article-database?post=254"}],"curies":[{"name":"wp","href":"https:\/\/api.w.org\/{rel}","templated":true}]}}