{"id":258,"date":"2022-08-30T15:51:26","date_gmt":"2022-08-30T13:51:26","guid":{"rendered":"https:\/\/multi-gyn.com\/rebrand-be\/trouver-une-solution\/vaginale-schimmel\/"},"modified":"2025-11-05T08:46:38","modified_gmt":"2025-11-05T07:46:38","slug":"vaginale-mycose","status":"publish","type":"page","link":"https:\/\/multi-gyn.com\/be\/fr\/trouver-une-solution\/vaginale-mycose\/","title":{"rendered":"Mycose"},"content":{"rendered":"\n<div class=\"wp-block-karopharma-free-text pt-large pb-large bg-center bg-cover bg-no-repeat\" style=\"background-image:url(https:\/\/multi-gyn.com\/cdn-cgi\/image\/format=auto\/app\/uploads\/sites\/17\/2025\/10\/Multi-Gyn_1920x750_Banner_FindSolution-1.jpg)\"><div class=\"free-text-wrapper container max-w-medium text-left\">\n<div style=\"height:100px\" aria-hidden=\"true\" class=\"wp-block-spacer\"><\/div>\n\n\n\n<h1 class=\"wp-block-heading has-text-align-center is-style-heading-huge has-white-color has-text-color\">R\u00e9sultats<\/h1>\n\n\n\n<div style=\"height:100px\" aria-hidden=\"true\" class=\"wp-block-spacer\"><\/div>\n<\/div><\/div>\n\n\n\n<div class=\"wp-block-karopharma-free-text pt-large pb-large bg-center bg-contain bg-no-repeat  undefined is-style-primary\" style=\"background-image:url()\"><div class=\"free-text-wrapper container max-w-medium text-left\">\n<h2 class=\"wp-block-heading\">Si vos d\u00e9sagr\u00e9ments persistent ou empirent, veuillez contacter votre m\u00e9decin traitant.<\/h2>\n<\/div><\/div>\n\n\n\n<div class=\"wp-block-karopharma-free-text pt-large pb-large bg-center bg-contain bg-no-repeat  undefined\" style=\"background-image:url()\"><div class=\"free-text-wrapper container max-w-medium text-left\">\n<h2 class=\"wp-block-heading\" id=\"wie-man-scheidenpilz-behandelt\">Solution<\/h2>\n\n\n\n<p><a href=\"https:\/\/multi-gyn.com\/rebrand-be\/fr\/produit\/multi-gyn-floraplus\/\">Multi-Gyn FloraPlus<\/a> traite efficacement la mycose vaginale et procure un soulagement rapide des d\u00e9mangeaisons, de l\u2019irritation et des pertes blanches grumeleuses. Le produit optimise la flore vaginale et peut \u00e9galement \u00eatre utilis\u00e9 \u00e0 titre pr\u00e9ventif. \u00c0 base d&rsquo;ingr\u00e9dients naturels.<\/p>\n\n\n\n<p>En vente libre en ligne et \u00e0 la droguerie. Se trouve au rayon menstruation \u00e0 Kruidvat et sant\u00e9 des femmes \u00e0 Etos.<\/p>\n<\/div><\/div>\n\n\n<div class=\"product-list wp-block-karopharma-product-list\" data-testid=\"product-list\">\n      <div class=\"swiper-container\">\n      <div class=\"swiper\">\n        <div class=\"swiper-wrapper\">\n                      <div class=\"swiper-slide\">\n              <div class=\"product-card\" data-testid=\"product-card\">\n  <a\n    href=https:\/\/multi-gyn.com\/be\/fr\/produit\/multi-gyn-floraplus\/\n    class=\"product-card-link\"\n    title=\"Multi-Gyn FloraPlus\"\n  >\n  <figure class=\"product-card-image\" data-testid=\"product-image\">\n                          <img decoding=\"async\" src=\"https:\/\/multi-gyn.com\/cdn-cgi\/image\/width=700,format=auto\/app\/uploads\/sites\/17\/2022\/08\/Multi-Gyn-FloraPlus.png\"\n        srcset=\"https:\/\/multi-gyn.com\/cdn-cgi\/image\/width=250,format=auto\/app\/uploads\/sites\/17\/2022\/08\/Multi-Gyn-FloraPlus.png 250w,\n                https:\/\/multi-gyn.com\/cdn-cgi\/image\/width=500,format=auto\/app\/uploads\/sites\/17\/2022\/08\/Multi-Gyn-FloraPlus.png 500w,\n                https:\/\/multi-gyn.com\/cdn-cgi\/image\/width=700,format=auto\/app\/uploads\/sites\/17\/2022\/08\/Multi-Gyn-FloraPlus.png 700w\"\n        sizes=\"(max-width: 400px) 250px, (max-width: 800px) 500px, 700px\"\n        alt=\"Multi-Gyn FloraPlus\"\n        class=\"img\">\n            <\/figure>\n    <div class=\"product-card-content\">\n      <div class=\"heading-wrapper\">\n        <h2 class=\"heading\">Multi-Gyn FloraPlus<\/h2>\n      <\/div>\n      <div class=\"product-card-description\">Traite les sympt\u00f4mes des mycoses vaginales<\/div>\n                      <\/div>\n  <\/a>\n          <div class=\"button-wrapper buy-now \" data-testid=\"buy-now\">\n      <div class=\"buy-now-container dropdown-container\">\n      <div class=\"theme-button button-primary-color dropdown-link\" aria-label=\"Acheter maintenant\">\n          Acheter maintenant <i class=\"dropdown\"><\/i>\n      <\/div>\n      <ul class=\"reseller-list submenu\">\n                    <li>\n              <a\n                href=\"https:\/\/www.bol.com\/be\/nl\/p\/multi-gyn-flora-plus-gel-5-x-5ml\/9300000148476126\/\" onclick=\"dataLayer.push({'event':'ga_event', 'eventCategory':'Click on Reseller', 'eventAction':'Bol', 'eventLabel':'Multi-Gyn FloraPlus', 'eventValue': undefined})\" rel=\"noopener\" target=\"_blank\" title=\"Bol\"\n                data-testid=\"buy-now-reseller\">\n                <i class=\"fa-solid fa-arrow-right\"><\/i> Bol\n              <\/a>\n          <\/li>\n                    <li>\n              <a\n                href=\"https:\/\/www.farmaline.be\/apotheek\/bestellen\/multi-gyn-floraplus\/\" onclick=\"dataLayer.push({'event':'ga_event', 'eventCategory':'Click on Reseller', 'eventAction':'Farmaline', 'eventLabel':'Multi-Gyn FloraPlus', 'eventValue': undefined})\" rel=\"noopener\" target=\"_blank\" title=\"Farmaline\"\n                data-testid=\"buy-now-reseller\">\n                <i class=\"fa-solid fa-arrow-right\"><\/i> Farmaline\n              <\/a>\n          <\/li>\n                    <li>\n              <a\n                href=\"https:\/\/www.newpharma.be\/apotheek\/multi-gyn\/525867\/multi-gyn-floraplus-5x5ml.html\" onclick=\"dataLayer.push({'event':'ga_event', 'eventCategory':'Click on Reseller', 'eventAction':'Newpharma', 'eventLabel':'Multi-Gyn FloraPlus', 'eventValue': undefined})\" rel=\"noopener\" target=\"_blank\" title=\"Newpharma\"\n                data-testid=\"buy-now-reseller\">\n                <i class=\"fa-solid fa-arrow-right\"><\/i> Newpharma\n              <\/a>\n          <\/li>\n                    <li>\n              <a\n                href=\"https:\/\/www.viata.be\/multigyn-floraplus-vaginale-gel-5x5-ml-nl\" onclick=\"dataLayer.push({'event':'ga_event', 'eventCategory':'Click on Reseller', 'eventAction':'Viata', 'eventLabel':'Multi-Gyn FloraPlus', 'eventValue': undefined})\" rel=\"noopener\" target=\"_blank\" title=\"Viata\"\n                data-testid=\"buy-now-reseller\">\n                <i class=\"fa-solid fa-arrow-right\"><\/i> Viata\n              <\/a>\n          <\/li>\n                <\/ul>\n    <\/div>\n  <\/div>\n  <\/div>\n            <\/div>\n                  <\/div>\n        <div class=\"swiper-scrollbar\"><\/div>\n      <\/div>\n    <\/div>\n  <\/div>\n\n\n\n<div class=\"wp-block-karopharma-free-text pt-large pb-large bg-center bg-contain bg-no-repeat  undefined is-style-secondary\" style=\"background-image:url()\"><div class=\"free-text-wrapper container max-w-medium text-left\">\n<h2 class=\"wp-block-heading\" id=\"wie-man-scheidenpilz-behandelt\">Quelles sont les causes de la mycose vaginale&nbsp;?<\/h2>\n\n\n\n<p>La flore vaginale peut \u00eatre perturb\u00e9e par des antibiotiques, une hygi\u00e8ne intensive ou excessive, une s\u00e9cheresse vaginale ou d&rsquo;autres facteurs comme les fluctuations hormonales. Cela peut entra\u00eener une prolif\u00e9ration de Candida, un champignon. \u00c0 cause de cette prolif\u00e9ration, la flore vaginale peut pr\u00e9senter un d\u00e9s\u00e9quilibre, ce qui peut entra\u00eener une mycose vaginale. Certaines femmes y sont plus pr\u00e9dispos\u00e9es que d&rsquo;autres.&nbsp;<\/p>\n\n\n\n<p>Si vos d\u00e9sagr\u00e9ments persistent ou empirent, veuillez contacter votre m\u00e9decin traitant.<\/p>\n<\/div><\/div>\n","protected":false},"excerpt":{"rendered":"","protected":false},"author":6,"featured_media":0,"parent":176,"menu_order":0,"comment_status":"closed","ping_status":"closed","template":"","meta":{"_acf_changed":false,"footnotes":""},"from-article-database":[],"class_list":["post-258","page","type-page","status-publish","hentry"],"acf":[],"yoast_head":"<!-- This site is optimized with the Yoast SEO plugin v26.6 - https:\/\/yoast.com\/wordpress\/plugins\/seo\/ -->\n<title>Mycose - Multi-Gyn<\/title>\n<meta name=\"description\" content=\"De nombreux probl\u00e8mes intimes peuvent \u00eatre attribu\u00e9s \u00e0 un champignon vaginal, \u00e9galement appel\u00e9 infection fongique vaginale ou mycose vaginale.\" \/>\n<meta name=\"robots\" content=\"index, follow, max-snippet:-1, max-image-preview:large, max-video-preview:-1\" \/>\n<link rel=\"canonical\" href=\"https:\/\/multi-gyn.com\/be\/fr\/trouver-une-solution\/vaginale-mycose\/\" \/>\n<meta property=\"og:locale\" content=\"fr_FR\" \/>\n<meta property=\"og:type\" content=\"article\" \/>\n<meta property=\"og:title\" content=\"Mycose - Multi-Gyn\" \/>\n<meta property=\"og:description\" content=\"De nombreux probl\u00e8mes intimes peuvent \u00eatre attribu\u00e9s \u00e0 un champignon vaginal, \u00e9galement appel\u00e9 infection fongique vaginale ou mycose vaginale.\" \/>\n<meta property=\"og:url\" content=\"https:\/\/multi-gyn.com\/be\/fr\/trouver-une-solution\/vaginale-mycose\/\" \/>\n<meta property=\"og:site_name\" content=\"Multi-Gyn\" \/>\n<meta property=\"article:modified_time\" content=\"2025-11-05T07:46:38+00:00\" \/>\n<meta name=\"twitter:card\" content=\"summary_large_image\" \/>\n<meta name=\"twitter:label1\" content=\"Dur\u00e9e de lecture est.\" \/>\n\t<meta name=\"twitter:data1\" content=\"1 minute\" \/>\n<script type=\"application\/ld+json\" class=\"yoast-schema-graph\">{\"@context\":\"https:\/\/schema.org\",\"@graph\":[{\"@type\":\"WebPage\",\"@id\":\"https:\/\/multi-gyn.com\/be\/fr\/trouver-une-solution\/vaginale-mycose\/\",\"url\":\"https:\/\/multi-gyn.com\/be\/fr\/trouver-une-solution\/vaginale-mycose\/\",\"name\":\"Mycose - Multi-Gyn\",\"isPartOf\":{\"@id\":\"https:\/\/multi-gyn.com\/be\/fr\/#website\"},\"datePublished\":\"2022-08-30T13:51:26+00:00\",\"dateModified\":\"2025-11-05T07:46:38+00:00\",\"description\":\"De nombreux probl\u00e8mes intimes peuvent \u00eatre attribu\u00e9s \u00e0 un champignon vaginal, \u00e9galement appel\u00e9 infection fongique vaginale ou mycose vaginale.\",\"breadcrumb\":{\"@id\":\"https:\/\/multi-gyn.com\/be\/fr\/trouver-une-solution\/vaginale-mycose\/#breadcrumb\"},\"inLanguage\":\"fr-BE\",\"potentialAction\":[{\"@type\":\"ReadAction\",\"target\":[\"https:\/\/multi-gyn.com\/be\/fr\/trouver-une-solution\/vaginale-mycose\/\"]}]},{\"@type\":\"BreadcrumbList\",\"@id\":\"https:\/\/multi-gyn.com\/be\/fr\/trouver-une-solution\/vaginale-mycose\/#breadcrumb\",\"itemListElement\":[{\"@type\":\"ListItem\",\"position\":1,\"name\":\"Home\",\"item\":\"https:\/\/multi-gyn.com\/be\/fr\/\"},{\"@type\":\"ListItem\",\"position\":2,\"name\":\"Trouver une solution\",\"item\":\"https:\/\/multi-gyn.com\/be\/fr\/trouver-une-solution\/\"},{\"@type\":\"ListItem\",\"position\":3,\"name\":\"Mycose\"}]},{\"@type\":\"WebSite\",\"@id\":\"https:\/\/multi-gyn.com\/be\/fr\/#website\",\"url\":\"https:\/\/multi-gyn.com\/be\/fr\/\",\"name\":\"Multi-Gyn\",\"description\":\"\",\"publisher\":{\"@id\":\"https:\/\/multi-gyn.com\/be\/fr\/#organization\"},\"potentialAction\":[{\"@type\":\"SearchAction\",\"target\":{\"@type\":\"EntryPoint\",\"urlTemplate\":\"https:\/\/multi-gyn.com\/be\/fr\/?s={search_term_string}\"},\"query-input\":{\"@type\":\"PropertyValueSpecification\",\"valueRequired\":true,\"valueName\":\"search_term_string\"}}],\"inLanguage\":\"fr-BE\"},{\"@type\":\"Organization\",\"@id\":\"https:\/\/multi-gyn.com\/be\/fr\/#organization\",\"name\":\"Multi-Gyn\",\"url\":\"https:\/\/multi-gyn.com\/be\/fr\/\",\"logo\":{\"@type\":\"ImageObject\",\"inLanguage\":\"fr-BE\",\"@id\":\"https:\/\/multi-gyn.com\/be\/fr\/#\/schema\/logo\/image\/\",\"url\":\"https:\/\/multi-gyn.com\/app\/uploads\/sites\/17\/2022\/08\/multi-gyn-logo.png\",\"contentUrl\":\"https:\/\/multi-gyn.com\/app\/uploads\/sites\/17\/2022\/08\/multi-gyn-logo.png\",\"width\":149,\"height\":32,\"caption\":\"Multi-Gyn\"},\"image\":{\"@id\":\"https:\/\/multi-gyn.com\/be\/fr\/#\/schema\/logo\/image\/\"}}]}<\/script>\n<!-- \/ Yoast SEO plugin. -->","yoast_head_json":{"title":"Mycose - Multi-Gyn","description":"De nombreux probl\u00e8mes intimes peuvent \u00eatre attribu\u00e9s \u00e0 un champignon vaginal, \u00e9galement appel\u00e9 infection fongique vaginale ou mycose vaginale.","robots":{"index":"index","follow":"follow","max-snippet":"max-snippet:-1","max-image-preview":"max-image-preview:large","max-video-preview":"max-video-preview:-1"},"canonical":"https:\/\/multi-gyn.com\/be\/fr\/trouver-une-solution\/vaginale-mycose\/","og_locale":"fr_FR","og_type":"article","og_title":"Mycose - Multi-Gyn","og_description":"De nombreux probl\u00e8mes intimes peuvent \u00eatre attribu\u00e9s \u00e0 un champignon vaginal, \u00e9galement appel\u00e9 infection fongique vaginale ou mycose vaginale.","og_url":"https:\/\/multi-gyn.com\/be\/fr\/trouver-une-solution\/vaginale-mycose\/","og_site_name":"Multi-Gyn","article_modified_time":"2025-11-05T07:46:38+00:00","twitter_card":"summary_large_image","twitter_misc":{"Dur\u00e9e de lecture est.":"1 minute"},"schema":{"@context":"https:\/\/schema.org","@graph":[{"@type":"WebPage","@id":"https:\/\/multi-gyn.com\/be\/fr\/trouver-une-solution\/vaginale-mycose\/","url":"https:\/\/multi-gyn.com\/be\/fr\/trouver-une-solution\/vaginale-mycose\/","name":"Mycose - Multi-Gyn","isPartOf":{"@id":"https:\/\/multi-gyn.com\/be\/fr\/#website"},"datePublished":"2022-08-30T13:51:26+00:00","dateModified":"2025-11-05T07:46:38+00:00","description":"De nombreux probl\u00e8mes intimes peuvent \u00eatre attribu\u00e9s \u00e0 un champignon vaginal, \u00e9galement appel\u00e9 infection fongique vaginale ou mycose vaginale.","breadcrumb":{"@id":"https:\/\/multi-gyn.com\/be\/fr\/trouver-une-solution\/vaginale-mycose\/#breadcrumb"},"inLanguage":"fr-BE","potentialAction":[{"@type":"ReadAction","target":["https:\/\/multi-gyn.com\/be\/fr\/trouver-une-solution\/vaginale-mycose\/"]}]},{"@type":"BreadcrumbList","@id":"https:\/\/multi-gyn.com\/be\/fr\/trouver-une-solution\/vaginale-mycose\/#breadcrumb","itemListElement":[{"@type":"ListItem","position":1,"name":"Home","item":"https:\/\/multi-gyn.com\/be\/fr\/"},{"@type":"ListItem","position":2,"name":"Trouver une solution","item":"https:\/\/multi-gyn.com\/be\/fr\/trouver-une-solution\/"},{"@type":"ListItem","position":3,"name":"Mycose"}]},{"@type":"WebSite","@id":"https:\/\/multi-gyn.com\/be\/fr\/#website","url":"https:\/\/multi-gyn.com\/be\/fr\/","name":"Multi-Gyn","description":"","publisher":{"@id":"https:\/\/multi-gyn.com\/be\/fr\/#organization"},"potentialAction":[{"@type":"SearchAction","target":{"@type":"EntryPoint","urlTemplate":"https:\/\/multi-gyn.com\/be\/fr\/?s={search_term_string}"},"query-input":{"@type":"PropertyValueSpecification","valueRequired":true,"valueName":"search_term_string"}}],"inLanguage":"fr-BE"},{"@type":"Organization","@id":"https:\/\/multi-gyn.com\/be\/fr\/#organization","name":"Multi-Gyn","url":"https:\/\/multi-gyn.com\/be\/fr\/","logo":{"@type":"ImageObject","inLanguage":"fr-BE","@id":"https:\/\/multi-gyn.com\/be\/fr\/#\/schema\/logo\/image\/","url":"https:\/\/multi-gyn.com\/app\/uploads\/sites\/17\/2022\/08\/multi-gyn-logo.png","contentUrl":"https:\/\/multi-gyn.com\/app\/uploads\/sites\/17\/2022\/08\/multi-gyn-logo.png","width":149,"height":32,"caption":"Multi-Gyn"},"image":{"@id":"https:\/\/multi-gyn.com\/be\/fr\/#\/schema\/logo\/image\/"}}]}},"_links":{"self":[{"href":"https:\/\/multi-gyn.com\/be\/fr\/wp-json\/wp\/v2\/pages\/258","targetHints":{"allow":["GET"]}}],"collection":[{"href":"https:\/\/multi-gyn.com\/be\/fr\/wp-json\/wp\/v2\/pages"}],"about":[{"href":"https:\/\/multi-gyn.com\/be\/fr\/wp-json\/wp\/v2\/types\/page"}],"author":[{"embeddable":true,"href":"https:\/\/multi-gyn.com\/be\/fr\/wp-json\/wp\/v2\/users\/6"}],"replies":[{"embeddable":true,"href":"https:\/\/multi-gyn.com\/be\/fr\/wp-json\/wp\/v2\/comments?post=258"}],"version-history":[{"count":8,"href":"https:\/\/multi-gyn.com\/be\/fr\/wp-json\/wp\/v2\/pages\/258\/revisions"}],"predecessor-version":[{"id":909,"href":"https:\/\/multi-gyn.com\/be\/fr\/wp-json\/wp\/v2\/pages\/258\/revisions\/909"}],"up":[{"embeddable":true,"href":"https:\/\/multi-gyn.com\/be\/fr\/wp-json\/wp\/v2\/pages\/176"}],"wp:attachment":[{"href":"https:\/\/multi-gyn.com\/be\/fr\/wp-json\/wp\/v2\/media?parent=258"}],"wp:term":[{"taxonomy":"from-article-database","embeddable":true,"href":"https:\/\/multi-gyn.com\/be\/fr\/wp-json\/wp\/v2\/from-article-database?post=258"}],"curies":[{"name":"wp","href":"https:\/\/api.w.org\/{rel}","templated":true}]}}