{"id":186,"date":"2022-08-30T08:33:03","date_gmt":"2022-08-30T06:33:03","guid":{"rendered":"https:\/\/multi-gyn.com\/rebrand-be\/product\/multi-gyn-actigel\/"},"modified":"2025-03-10T14:27:24","modified_gmt":"2025-03-10T13:27:24","slug":"multi-gyn-actigel","status":"publish","type":"product","link":"https:\/\/multi-gyn.com\/be\/fr\/produit\/multi-gyn-actigel\/","title":{"rendered":"Multi-Gyn ActiGel"},"content":{"rendered":"\n<div class=\"wp-block-karopharma-accordions is-style-secondary\"><div class=\"container\">\n<details class=\"wp-block-karopharma-accordion\"><summary><h2 class=\"accordion-title\">\u00c1 quelle fr\u00e9quence dois-je utiliser Multi-Gyn ActiGel?<\/h2><\/summary><div class=\"accordion-content\">\n<p>Pour le traitement des d\u00e9sagr\u00e9ments vaginaux, nous conseillons d\u2019utiliser Multi-Gyn ActiGel deux fois par jour pendant 5 jours cons\u00e9cutifs. Cependant, vous pouvez utiliser Multi-Gyn ActiGel chaque fois que vous en ressentez le besoin. Multi-Gyn ActiGel ne doit pas \u00eatre utilis\u00e9 plus de 30 jours cons\u00e9cutifs pour permettre \u00e0 la flore vaginale de se stabiliser d\u2019elle-m\u00eame.<\/p>\n<\/div><\/details>\n\n\n\n<details class=\"wp-block-karopharma-accordion\"><summary><h2 class=\"accordion-title\">Quand vais-je en ressentir les effets?<\/h2><\/summary><div class=\"accordion-content\">\n<p>Vous pouvez ressentir un effet imm\u00e9diat, surtout en cas de sympt\u00f4mes comme une irritation ou des d\u00e9mangeaisons. Cependant, cela peut \u00eatre diff\u00e9rent pour chaque personne.<\/p>\n<\/div><\/details>\n\n\n\n<details class=\"wp-block-karopharma-accordion\"><summary><h2 class=\"accordion-title\">Multi-Gyn ActiGel a-t-il des effets ind\u00e9sirables?<\/h2><\/summary><div class=\"accordion-content\">\n<p>Non, le produit n\u2019a aucun effet ind\u00e9sirable connu.<\/p>\n<\/div><\/details>\n\n\n\n<details class=\"wp-block-karopharma-accordion\"><summary><h2 class=\"accordion-title\">Mes d\u00e9sagr\u00e9ments ont disparu, dois-je continuer \u00e1 utiliser Multi-Gyn ActiGel?<\/h2><\/summary><div class=\"accordion-content\">\n<p>Nee, het is niet nodig om Multi-Gyn ActiGel te blijven gebruiken. Als je wilt, kun je Multi-Gyn ActiGel meerdere keren per week Non, il n\u2019est pas n\u00e9cessaire de continuer \u00e0 utiliser Multi-Gyn ActiGel. Si vous le souhaitez, vous pouvez utiliser Multi-Gyn ActiGel plusieurs fois par semaine.<\/p>\n<\/div><\/details>\n\n\n\n<details class=\"wp-block-karopharma-accordion\"><summary><h2 class=\"accordion-title\">Multi-Gyn ActiGel affect-t-il l&rsquo;action des antibiotiques?<\/h2><\/summary><div class=\"accordion-content\">\n<p>Non, Multi-Gyn ActiGel n\u2019a pas d\u2019effet sur l\u2019action des antibiotiques. En fait, nous conseillons d\u2019utiliser Multi-Gyn ActiGel pendant ou apr\u00e8s l\u2019utilisation de tout traitement antibiotique.<\/p>\n<\/div><\/details>\n\n\n\n<details class=\"wp-block-karopharma-accordion\"><summary><h2 class=\"accordion-title\">Dois-je uteliser le tube complet?<\/h2><\/summary><div class=\"accordion-content\">\n<p>Pour traiter la vaginose bact\u00e9rienne, vous devez utiliser Multi-Gyn ActiGel au moins deux fois par jour pendant 5 jours cons\u00e9cutifs. Si vos d\u00e9sagr\u00e9ments ont disparu apr\u00e8s ces 5 jours, vous n\u2019avez pas besoin d\u2019utiliser le tube entier.<\/p>\n<\/div><\/details>\n<\/div><\/div>\n","protected":false},"excerpt":{"rendered":"<p>Traite la vaginose bact\u00e9rienne<\/p>\n","protected":false},"featured_media":557,"comment_status":"closed","ping_status":"closed","template":"","meta":{"_acf_changed":false,"footnotes":""},"product_brand":[],"product_cat":[],"product_tag":[],"class_list":{"0":"post-186","1":"product","2":"type-product","3":"status-publish","4":"has-post-thumbnail","7":"first","8":"instock","9":"shipping-taxable","10":"product-type-simple"},"acf":[],"yoast_head":"<!-- This site is optimized with the Yoast SEO plugin v26.6 - https:\/\/yoast.com\/wordpress\/plugins\/seo\/ -->\n<title>Multi-Gyn ActiGel - Multi-Gyn<\/title>\n<meta name=\"description\" content=\"Multi-Gyn ActiGel. Traite la vaginose bact\u00e9rienne.\" \/>\n<meta name=\"robots\" content=\"index, follow, max-snippet:-1, max-image-preview:large, max-video-preview:-1\" \/>\n<link rel=\"canonical\" href=\"https:\/\/multi-gyn.com\/be\/fr\/produit\/multi-gyn-actigel\/\" \/>\n<meta property=\"og:locale\" content=\"fr_FR\" \/>\n<meta property=\"og:type\" content=\"article\" \/>\n<meta property=\"og:title\" content=\"Multi-Gyn ActiGel - Multi-Gyn\" \/>\n<meta property=\"og:description\" content=\"Multi-Gyn ActiGel. Traite la vaginose bact\u00e9rienne.\" \/>\n<meta property=\"og:url\" content=\"https:\/\/multi-gyn.com\/be\/fr\/produit\/multi-gyn-actigel\/\" \/>\n<meta property=\"og:site_name\" content=\"Multi-Gyn\" \/>\n<meta property=\"article:modified_time\" content=\"2025-03-10T13:27:24+00:00\" \/>\n<meta property=\"og:image\" content=\"https:\/\/multi-gyn.com\/app\/uploads\/sites\/17\/2022\/08\/Multi-Gyn-ActiGel.png\" \/>\n\t<meta property=\"og:image:width\" content=\"800\" \/>\n\t<meta property=\"og:image:height\" content=\"800\" \/>\n\t<meta property=\"og:image:type\" content=\"image\/png\" \/>\n<meta name=\"twitter:card\" content=\"summary_large_image\" \/>\n<meta name=\"twitter:label1\" content=\"Dur\u00e9e de lecture est.\" \/>\n\t<meta name=\"twitter:data1\" content=\"2 minutes\" \/>\n<script type=\"application\/ld+json\" class=\"yoast-schema-graph\">{\"@context\":\"https:\/\/schema.org\",\"@graph\":[{\"@type\":\"WebPage\",\"@id\":\"https:\/\/multi-gyn.com\/be\/fr\/produit\/multi-gyn-actigel\/\",\"url\":\"https:\/\/multi-gyn.com\/be\/fr\/produit\/multi-gyn-actigel\/\",\"name\":\"Multi-Gyn ActiGel - Multi-Gyn\",\"isPartOf\":{\"@id\":\"https:\/\/multi-gyn.com\/be\/fr\/#website\"},\"primaryImageOfPage\":{\"@id\":\"https:\/\/multi-gyn.com\/be\/fr\/produit\/multi-gyn-actigel\/#primaryimage\"},\"image\":{\"@id\":\"https:\/\/multi-gyn.com\/be\/fr\/produit\/multi-gyn-actigel\/#primaryimage\"},\"thumbnailUrl\":\"https:\/\/multi-gyn.com\/app\/uploads\/sites\/17\/2022\/08\/Multi-Gyn-ActiGel.png\",\"datePublished\":\"2022-08-30T06:33:03+00:00\",\"dateModified\":\"2025-03-10T13:27:24+00:00\",\"description\":\"Multi-Gyn ActiGel. Traite la vaginose bact\u00e9rienne.\",\"breadcrumb\":{\"@id\":\"https:\/\/multi-gyn.com\/be\/fr\/produit\/multi-gyn-actigel\/#breadcrumb\"},\"inLanguage\":\"fr-BE\",\"potentialAction\":[{\"@type\":\"ReadAction\",\"target\":[\"https:\/\/multi-gyn.com\/be\/fr\/produit\/multi-gyn-actigel\/\"]}]},{\"@type\":\"ImageObject\",\"inLanguage\":\"fr-BE\",\"@id\":\"https:\/\/multi-gyn.com\/be\/fr\/produit\/multi-gyn-actigel\/#primaryimage\",\"url\":\"https:\/\/multi-gyn.com\/app\/uploads\/sites\/17\/2022\/08\/Multi-Gyn-ActiGel.png\",\"contentUrl\":\"https:\/\/multi-gyn.com\/app\/uploads\/sites\/17\/2022\/08\/Multi-Gyn-ActiGel.png\",\"width\":800,\"height\":800,\"caption\":\"Multi-Gyn ActiGel\"},{\"@type\":\"BreadcrumbList\",\"@id\":\"https:\/\/multi-gyn.com\/be\/fr\/produit\/multi-gyn-actigel\/#breadcrumb\",\"itemListElement\":[{\"@type\":\"ListItem\",\"position\":1,\"name\":\"Home\",\"item\":\"https:\/\/multi-gyn.com\/be\/fr\/\"},{\"@type\":\"ListItem\",\"position\":2,\"name\":\"Produits\",\"item\":\"https:\/\/multi-gyn.com\/be\/fr\/produits\/\"},{\"@type\":\"ListItem\",\"position\":3,\"name\":\"Multi-Gyn ActiGel\"}]},{\"@type\":\"WebSite\",\"@id\":\"https:\/\/multi-gyn.com\/be\/fr\/#website\",\"url\":\"https:\/\/multi-gyn.com\/be\/fr\/\",\"name\":\"Multi-Gyn\",\"description\":\"\",\"publisher\":{\"@id\":\"https:\/\/multi-gyn.com\/be\/fr\/#organization\"},\"potentialAction\":[{\"@type\":\"SearchAction\",\"target\":{\"@type\":\"EntryPoint\",\"urlTemplate\":\"https:\/\/multi-gyn.com\/be\/fr\/?s={search_term_string}\"},\"query-input\":{\"@type\":\"PropertyValueSpecification\",\"valueRequired\":true,\"valueName\":\"search_term_string\"}}],\"inLanguage\":\"fr-BE\"},{\"@type\":\"Organization\",\"@id\":\"https:\/\/multi-gyn.com\/be\/fr\/#organization\",\"name\":\"Multi-Gyn\",\"url\":\"https:\/\/multi-gyn.com\/be\/fr\/\",\"logo\":{\"@type\":\"ImageObject\",\"inLanguage\":\"fr-BE\",\"@id\":\"https:\/\/multi-gyn.com\/be\/fr\/#\/schema\/logo\/image\/\",\"url\":\"https:\/\/multi-gyn.com\/app\/uploads\/sites\/17\/2022\/08\/multi-gyn-logo.png\",\"contentUrl\":\"https:\/\/multi-gyn.com\/app\/uploads\/sites\/17\/2022\/08\/multi-gyn-logo.png\",\"width\":149,\"height\":32,\"caption\":\"Multi-Gyn\"},\"image\":{\"@id\":\"https:\/\/multi-gyn.com\/be\/fr\/#\/schema\/logo\/image\/\"}}]}<\/script>\n<!-- \/ Yoast SEO plugin. -->","yoast_head_json":{"title":"Multi-Gyn ActiGel - Multi-Gyn","description":"Multi-Gyn ActiGel. Traite la vaginose bact\u00e9rienne.","robots":{"index":"index","follow":"follow","max-snippet":"max-snippet:-1","max-image-preview":"max-image-preview:large","max-video-preview":"max-video-preview:-1"},"canonical":"https:\/\/multi-gyn.com\/be\/fr\/produit\/multi-gyn-actigel\/","og_locale":"fr_FR","og_type":"article","og_title":"Multi-Gyn ActiGel - Multi-Gyn","og_description":"Multi-Gyn ActiGel. Traite la vaginose bact\u00e9rienne.","og_url":"https:\/\/multi-gyn.com\/be\/fr\/produit\/multi-gyn-actigel\/","og_site_name":"Multi-Gyn","article_modified_time":"2025-03-10T13:27:24+00:00","og_image":[{"width":800,"height":800,"url":"https:\/\/multi-gyn.com\/app\/uploads\/sites\/17\/2022\/08\/Multi-Gyn-ActiGel.png","type":"image\/png"}],"twitter_card":"summary_large_image","twitter_misc":{"Dur\u00e9e de lecture est.":"2 minutes"},"schema":{"@context":"https:\/\/schema.org","@graph":[{"@type":"WebPage","@id":"https:\/\/multi-gyn.com\/be\/fr\/produit\/multi-gyn-actigel\/","url":"https:\/\/multi-gyn.com\/be\/fr\/produit\/multi-gyn-actigel\/","name":"Multi-Gyn ActiGel - Multi-Gyn","isPartOf":{"@id":"https:\/\/multi-gyn.com\/be\/fr\/#website"},"primaryImageOfPage":{"@id":"https:\/\/multi-gyn.com\/be\/fr\/produit\/multi-gyn-actigel\/#primaryimage"},"image":{"@id":"https:\/\/multi-gyn.com\/be\/fr\/produit\/multi-gyn-actigel\/#primaryimage"},"thumbnailUrl":"https:\/\/multi-gyn.com\/app\/uploads\/sites\/17\/2022\/08\/Multi-Gyn-ActiGel.png","datePublished":"2022-08-30T06:33:03+00:00","dateModified":"2025-03-10T13:27:24+00:00","description":"Multi-Gyn ActiGel. Traite la vaginose bact\u00e9rienne.","breadcrumb":{"@id":"https:\/\/multi-gyn.com\/be\/fr\/produit\/multi-gyn-actigel\/#breadcrumb"},"inLanguage":"fr-BE","potentialAction":[{"@type":"ReadAction","target":["https:\/\/multi-gyn.com\/be\/fr\/produit\/multi-gyn-actigel\/"]}]},{"@type":"ImageObject","inLanguage":"fr-BE","@id":"https:\/\/multi-gyn.com\/be\/fr\/produit\/multi-gyn-actigel\/#primaryimage","url":"https:\/\/multi-gyn.com\/app\/uploads\/sites\/17\/2022\/08\/Multi-Gyn-ActiGel.png","contentUrl":"https:\/\/multi-gyn.com\/app\/uploads\/sites\/17\/2022\/08\/Multi-Gyn-ActiGel.png","width":800,"height":800,"caption":"Multi-Gyn ActiGel"},{"@type":"BreadcrumbList","@id":"https:\/\/multi-gyn.com\/be\/fr\/produit\/multi-gyn-actigel\/#breadcrumb","itemListElement":[{"@type":"ListItem","position":1,"name":"Home","item":"https:\/\/multi-gyn.com\/be\/fr\/"},{"@type":"ListItem","position":2,"name":"Produits","item":"https:\/\/multi-gyn.com\/be\/fr\/produits\/"},{"@type":"ListItem","position":3,"name":"Multi-Gyn ActiGel"}]},{"@type":"WebSite","@id":"https:\/\/multi-gyn.com\/be\/fr\/#website","url":"https:\/\/multi-gyn.com\/be\/fr\/","name":"Multi-Gyn","description":"","publisher":{"@id":"https:\/\/multi-gyn.com\/be\/fr\/#organization"},"potentialAction":[{"@type":"SearchAction","target":{"@type":"EntryPoint","urlTemplate":"https:\/\/multi-gyn.com\/be\/fr\/?s={search_term_string}"},"query-input":{"@type":"PropertyValueSpecification","valueRequired":true,"valueName":"search_term_string"}}],"inLanguage":"fr-BE"},{"@type":"Organization","@id":"https:\/\/multi-gyn.com\/be\/fr\/#organization","name":"Multi-Gyn","url":"https:\/\/multi-gyn.com\/be\/fr\/","logo":{"@type":"ImageObject","inLanguage":"fr-BE","@id":"https:\/\/multi-gyn.com\/be\/fr\/#\/schema\/logo\/image\/","url":"https:\/\/multi-gyn.com\/app\/uploads\/sites\/17\/2022\/08\/multi-gyn-logo.png","contentUrl":"https:\/\/multi-gyn.com\/app\/uploads\/sites\/17\/2022\/08\/multi-gyn-logo.png","width":149,"height":32,"caption":"Multi-Gyn"},"image":{"@id":"https:\/\/multi-gyn.com\/be\/fr\/#\/schema\/logo\/image\/"}}]}},"_links":{"self":[{"href":"https:\/\/multi-gyn.com\/be\/fr\/wp-json\/wp\/v2\/product\/186","targetHints":{"allow":["GET"]}}],"collection":[{"href":"https:\/\/multi-gyn.com\/be\/fr\/wp-json\/wp\/v2\/product"}],"about":[{"href":"https:\/\/multi-gyn.com\/be\/fr\/wp-json\/wp\/v2\/types\/product"}],"replies":[{"embeddable":true,"href":"https:\/\/multi-gyn.com\/be\/fr\/wp-json\/wp\/v2\/comments?post=186"}],"version-history":[{"count":9,"href":"https:\/\/multi-gyn.com\/be\/fr\/wp-json\/wp\/v2\/product\/186\/revisions"}],"predecessor-version":[{"id":599,"href":"https:\/\/multi-gyn.com\/be\/fr\/wp-json\/wp\/v2\/product\/186\/revisions\/599"}],"wp:featuredmedia":[{"embeddable":true,"href":"https:\/\/multi-gyn.com\/be\/fr\/wp-json\/wp\/v2\/media\/557"}],"wp:attachment":[{"href":"https:\/\/multi-gyn.com\/be\/fr\/wp-json\/wp\/v2\/media?parent=186"}],"wp:term":[{"taxonomy":"product_brand","embeddable":true,"href":"https:\/\/multi-gyn.com\/be\/fr\/wp-json\/wp\/v2\/product_brand?post=186"},{"taxonomy":"product_cat","embeddable":true,"href":"https:\/\/multi-gyn.com\/be\/fr\/wp-json\/wp\/v2\/product_cat?post=186"},{"taxonomy":"product_tag","embeddable":true,"href":"https:\/\/multi-gyn.com\/be\/fr\/wp-json\/wp\/v2\/product_tag?post=186"}],"curies":[{"name":"wp","href":"https:\/\/api.w.org\/{rel}","templated":true}]}}