{"id":350,"date":"2022-10-28T09:05:36","date_gmt":"2022-10-28T07:05:36","guid":{"rendered":"https:\/\/multi-gyn.com\/rebrand-be\/?post_type=product&#038;p=350"},"modified":"2025-03-31T10:40:47","modified_gmt":"2025-03-31T08:40:47","slug":"multi-gyn-creme-de-soin-protectrice","status":"publish","type":"product","link":"https:\/\/multi-gyn.com\/be\/fr\/produit\/multi-gyn-creme-de-soin-protectrice\/","title":{"rendered":"Multi-Gyn Creme de soin Protectrice"},"content":{"rendered":"\n<div class=\"wp-block-karopharma-accordions is-style-secondary\"><div class=\"container\">\n<details class=\"wp-block-karopharma-accordion\"><summary><h2 class=\"accordion-title\">\u00c0 quelle fr\u00e9quence dois-je utiliser Multi-Gyn Creme de soin Protectrice?<\/h2><\/summary><div class=\"accordion-content\">\n<p>Appliquez une fine couche de cr\u00e8me sur la peau du p\u00e9rin\u00e9e une fois par jour ou en cas de besoin.<\/p>\n<\/div><\/details>\n\n\n\n<details class=\"wp-block-karopharma-accordion\"><summary><h2 class=\"accordion-title\">Puis-je utiliser Multi-Gyn Creme de soin Protectrice en usage interne?<\/h2><\/summary><div class=\"accordion-content\">\n<p>Non, cette cr\u00e8me est uniquement destin\u00e9e \u00e0 un usage externe.<\/p>\n<\/div><\/details>\n\n\n\n<details class=\"wp-block-karopharma-accordion\"><summary><h2 class=\"accordion-title\">Puis-je utiliser Multi-Gyn Creme de soin Protectrice si j\u2019ai une vaginose bact\u00e9rienne ou une mycose vaginale ?<\/h2><\/summary><div class=\"accordion-content\">\n<p>Multi-Gyn Creme de soin Protectrice ne convient pas au traitement des vaginoses bact\u00e9riennes ou des mycoses vaginales. Elle peut toutefois \u00eatre utilis\u00e9e en combinaison avec Multi-Gyn ActiGel (traitement des vaginoses bact\u00e9riennes) ou Multi-Gyn FloraPlus (traitement des mycoses vaginales) afin d\u2019apaiser irritations, s\u00e9cheresse et d\u00e9mangeaisons et de prot\u00e9ger la peau du p\u00e9rin\u00e9e.<\/p>\n<\/div><\/details>\n\n\n\n<details class=\"wp-block-karopharma-accordion\"><summary><h2 class=\"accordion-title\">Comment utiliser Multi-Gyn Creme de soin Protectrice ?<\/h2><\/summary><div class=\"accordion-content\">\n<p>Multi-Gyn Creme de soin Protectrice est destin\u00e9e \u00e0 \u00eatre appliqu\u00e9e sur la peau autour du vagin et de l\u2019anus. Une fois par jour ou lorsque vous en ressentez le besoin, appliquez une fine couche de cr\u00e8me sur la peau du p\u00e9rin\u00e9e. Une petite quantit\u00e9 sur le bout de l\u2019index est g\u00e9n\u00e9ralement suffisante.<\/p>\n<\/div><\/details>\n\n\n\n<details class=\"wp-block-karopharma-accordion\"><summary><h2 class=\"accordion-title\">Jusqu\u2019\u00e0 quand puis-je utiliser Multi-Gyn Creme de soin Protectrice apr\u00e8s l\u2019ouverture du tube ?<\/h2><\/summary><div class=\"accordion-content\">\n<p>Vous pouvez utiliser Multi-Gyn Creme de soin Protectrice jusqu\u2019\u00e0 la date de p\u00e9remption imprim\u00e9e sur le fond de l\u2019emballage et sur le dessus du tube.<\/p>\n<\/div><\/details>\n<\/div><\/div>\n","protected":false},"excerpt":{"rendered":"<p>Irritations, s\u00e9cheresse cutan\u00e9e, d\u00e9mangeaisons du p\u00e9rin\u00e9e<\/p>\n","protected":false},"featured_media":783,"comment_status":"closed","ping_status":"closed","template":"","meta":{"_acf_changed":false,"footnotes":""},"product_brand":[],"product_cat":[],"product_tag":[],"class_list":{"0":"post-350","1":"product","2":"type-product","3":"status-publish","4":"has-post-thumbnail","7":"first","8":"instock","9":"shipping-taxable","10":"product-type-simple"},"acf":[],"yoast_head":"<!-- This site is optimized with the Yoast SEO plugin v26.6 - https:\/\/yoast.com\/wordpress\/plugins\/seo\/ -->\n<title>Multi-Gyn Creme de soin Protectrice - Multi-Gyn<\/title>\n<meta name=\"description\" content=\"Apaise, prot\u00e8ge et soigne la peau du p\u00e9rin\u00e9e en cas de d\u00e9mangeaisons, d\u2019irritation et de s\u00e9cheresse\" \/>\n<meta name=\"robots\" content=\"index, follow, max-snippet:-1, max-image-preview:large, max-video-preview:-1\" \/>\n<link rel=\"canonical\" href=\"https:\/\/multi-gyn.com\/be\/fr\/produit\/multi-gyn-creme-de-soin-protectrice\/\" \/>\n<meta property=\"og:locale\" content=\"fr_FR\" \/>\n<meta property=\"og:type\" content=\"article\" \/>\n<meta property=\"og:title\" content=\"Multi-Gyn Creme de soin Protectrice - Multi-Gyn\" \/>\n<meta property=\"og:description\" content=\"Apaise, prot\u00e8ge et soigne la peau du p\u00e9rin\u00e9e en cas de d\u00e9mangeaisons, d\u2019irritation et de s\u00e9cheresse\" \/>\n<meta property=\"og:url\" content=\"https:\/\/multi-gyn.com\/be\/fr\/produit\/multi-gyn-creme-de-soin-protectrice\/\" \/>\n<meta property=\"og:site_name\" content=\"Multi-Gyn\" \/>\n<meta property=\"article:modified_time\" content=\"2025-03-31T08:40:47+00:00\" \/>\n<meta property=\"og:image\" content=\"https:\/\/multi-gyn.com\/app\/uploads\/sites\/17\/2022\/10\/Multi-Gyn-Creme-de-soin-protectrice.png\" \/>\n\t<meta property=\"og:image:width\" content=\"800\" \/>\n\t<meta property=\"og:image:height\" content=\"800\" \/>\n\t<meta property=\"og:image:type\" content=\"image\/png\" \/>\n<meta name=\"twitter:card\" content=\"summary_large_image\" \/>\n<meta name=\"twitter:label1\" content=\"Dur\u00e9e de lecture est.\" \/>\n\t<meta name=\"twitter:data1\" content=\"2 minutes\" \/>\n<script type=\"application\/ld+json\" class=\"yoast-schema-graph\">{\"@context\":\"https:\/\/schema.org\",\"@graph\":[{\"@type\":\"WebPage\",\"@id\":\"https:\/\/multi-gyn.com\/be\/fr\/produit\/multi-gyn-creme-de-soin-protectrice\/\",\"url\":\"https:\/\/multi-gyn.com\/be\/fr\/produit\/multi-gyn-creme-de-soin-protectrice\/\",\"name\":\"Multi-Gyn Creme de soin Protectrice - Multi-Gyn\",\"isPartOf\":{\"@id\":\"https:\/\/multi-gyn.com\/be\/fr\/#website\"},\"primaryImageOfPage\":{\"@id\":\"https:\/\/multi-gyn.com\/be\/fr\/produit\/multi-gyn-creme-de-soin-protectrice\/#primaryimage\"},\"image\":{\"@id\":\"https:\/\/multi-gyn.com\/be\/fr\/produit\/multi-gyn-creme-de-soin-protectrice\/#primaryimage\"},\"thumbnailUrl\":\"https:\/\/multi-gyn.com\/app\/uploads\/sites\/17\/2022\/10\/Multi-Gyn-Creme-de-soin-protectrice.png\",\"datePublished\":\"2022-10-28T07:05:36+00:00\",\"dateModified\":\"2025-03-31T08:40:47+00:00\",\"description\":\"Apaise, prot\u00e8ge et soigne la peau du p\u00e9rin\u00e9e en cas de d\u00e9mangeaisons, d\u2019irritation et de s\u00e9cheresse\",\"breadcrumb\":{\"@id\":\"https:\/\/multi-gyn.com\/be\/fr\/produit\/multi-gyn-creme-de-soin-protectrice\/#breadcrumb\"},\"inLanguage\":\"fr-BE\",\"potentialAction\":[{\"@type\":\"ReadAction\",\"target\":[\"https:\/\/multi-gyn.com\/be\/fr\/produit\/multi-gyn-creme-de-soin-protectrice\/\"]}]},{\"@type\":\"ImageObject\",\"inLanguage\":\"fr-BE\",\"@id\":\"https:\/\/multi-gyn.com\/be\/fr\/produit\/multi-gyn-creme-de-soin-protectrice\/#primaryimage\",\"url\":\"https:\/\/multi-gyn.com\/app\/uploads\/sites\/17\/2022\/10\/Multi-Gyn-Creme-de-soin-protectrice.png\",\"contentUrl\":\"https:\/\/multi-gyn.com\/app\/uploads\/sites\/17\/2022\/10\/Multi-Gyn-Creme-de-soin-protectrice.png\",\"width\":800,\"height\":800,\"caption\":\"Multi-Gyn-Creme-de-soin-protectrice\"},{\"@type\":\"BreadcrumbList\",\"@id\":\"https:\/\/multi-gyn.com\/be\/fr\/produit\/multi-gyn-creme-de-soin-protectrice\/#breadcrumb\",\"itemListElement\":[{\"@type\":\"ListItem\",\"position\":1,\"name\":\"Home\",\"item\":\"https:\/\/multi-gyn.com\/be\/fr\/\"},{\"@type\":\"ListItem\",\"position\":2,\"name\":\"Produits\",\"item\":\"https:\/\/multi-gyn.com\/be\/fr\/produits\/\"},{\"@type\":\"ListItem\",\"position\":3,\"name\":\"Multi-Gyn Creme de soin Protectrice\"}]},{\"@type\":\"WebSite\",\"@id\":\"https:\/\/multi-gyn.com\/be\/fr\/#website\",\"url\":\"https:\/\/multi-gyn.com\/be\/fr\/\",\"name\":\"Multi-Gyn\",\"description\":\"\",\"publisher\":{\"@id\":\"https:\/\/multi-gyn.com\/be\/fr\/#organization\"},\"potentialAction\":[{\"@type\":\"SearchAction\",\"target\":{\"@type\":\"EntryPoint\",\"urlTemplate\":\"https:\/\/multi-gyn.com\/be\/fr\/?s={search_term_string}\"},\"query-input\":{\"@type\":\"PropertyValueSpecification\",\"valueRequired\":true,\"valueName\":\"search_term_string\"}}],\"inLanguage\":\"fr-BE\"},{\"@type\":\"Organization\",\"@id\":\"https:\/\/multi-gyn.com\/be\/fr\/#organization\",\"name\":\"Multi-Gyn\",\"url\":\"https:\/\/multi-gyn.com\/be\/fr\/\",\"logo\":{\"@type\":\"ImageObject\",\"inLanguage\":\"fr-BE\",\"@id\":\"https:\/\/multi-gyn.com\/be\/fr\/#\/schema\/logo\/image\/\",\"url\":\"https:\/\/multi-gyn.com\/app\/uploads\/sites\/17\/2022\/08\/multi-gyn-logo.png\",\"contentUrl\":\"https:\/\/multi-gyn.com\/app\/uploads\/sites\/17\/2022\/08\/multi-gyn-logo.png\",\"width\":149,\"height\":32,\"caption\":\"Multi-Gyn\"},\"image\":{\"@id\":\"https:\/\/multi-gyn.com\/be\/fr\/#\/schema\/logo\/image\/\"}}]}<\/script>\n<!-- \/ Yoast SEO plugin. -->","yoast_head_json":{"title":"Multi-Gyn Creme de soin Protectrice - Multi-Gyn","description":"Apaise, prot\u00e8ge et soigne la peau du p\u00e9rin\u00e9e en cas de d\u00e9mangeaisons, d\u2019irritation et de s\u00e9cheresse","robots":{"index":"index","follow":"follow","max-snippet":"max-snippet:-1","max-image-preview":"max-image-preview:large","max-video-preview":"max-video-preview:-1"},"canonical":"https:\/\/multi-gyn.com\/be\/fr\/produit\/multi-gyn-creme-de-soin-protectrice\/","og_locale":"fr_FR","og_type":"article","og_title":"Multi-Gyn Creme de soin Protectrice - Multi-Gyn","og_description":"Apaise, prot\u00e8ge et soigne la peau du p\u00e9rin\u00e9e en cas de d\u00e9mangeaisons, d\u2019irritation et de s\u00e9cheresse","og_url":"https:\/\/multi-gyn.com\/be\/fr\/produit\/multi-gyn-creme-de-soin-protectrice\/","og_site_name":"Multi-Gyn","article_modified_time":"2025-03-31T08:40:47+00:00","og_image":[{"width":800,"height":800,"url":"https:\/\/multi-gyn.com\/app\/uploads\/sites\/17\/2022\/10\/Multi-Gyn-Creme-de-soin-protectrice.png","type":"image\/png"}],"twitter_card":"summary_large_image","twitter_misc":{"Dur\u00e9e de lecture est.":"2 minutes"},"schema":{"@context":"https:\/\/schema.org","@graph":[{"@type":"WebPage","@id":"https:\/\/multi-gyn.com\/be\/fr\/produit\/multi-gyn-creme-de-soin-protectrice\/","url":"https:\/\/multi-gyn.com\/be\/fr\/produit\/multi-gyn-creme-de-soin-protectrice\/","name":"Multi-Gyn Creme de soin Protectrice - Multi-Gyn","isPartOf":{"@id":"https:\/\/multi-gyn.com\/be\/fr\/#website"},"primaryImageOfPage":{"@id":"https:\/\/multi-gyn.com\/be\/fr\/produit\/multi-gyn-creme-de-soin-protectrice\/#primaryimage"},"image":{"@id":"https:\/\/multi-gyn.com\/be\/fr\/produit\/multi-gyn-creme-de-soin-protectrice\/#primaryimage"},"thumbnailUrl":"https:\/\/multi-gyn.com\/app\/uploads\/sites\/17\/2022\/10\/Multi-Gyn-Creme-de-soin-protectrice.png","datePublished":"2022-10-28T07:05:36+00:00","dateModified":"2025-03-31T08:40:47+00:00","description":"Apaise, prot\u00e8ge et soigne la peau du p\u00e9rin\u00e9e en cas de d\u00e9mangeaisons, d\u2019irritation et de s\u00e9cheresse","breadcrumb":{"@id":"https:\/\/multi-gyn.com\/be\/fr\/produit\/multi-gyn-creme-de-soin-protectrice\/#breadcrumb"},"inLanguage":"fr-BE","potentialAction":[{"@type":"ReadAction","target":["https:\/\/multi-gyn.com\/be\/fr\/produit\/multi-gyn-creme-de-soin-protectrice\/"]}]},{"@type":"ImageObject","inLanguage":"fr-BE","@id":"https:\/\/multi-gyn.com\/be\/fr\/produit\/multi-gyn-creme-de-soin-protectrice\/#primaryimage","url":"https:\/\/multi-gyn.com\/app\/uploads\/sites\/17\/2022\/10\/Multi-Gyn-Creme-de-soin-protectrice.png","contentUrl":"https:\/\/multi-gyn.com\/app\/uploads\/sites\/17\/2022\/10\/Multi-Gyn-Creme-de-soin-protectrice.png","width":800,"height":800,"caption":"Multi-Gyn-Creme-de-soin-protectrice"},{"@type":"BreadcrumbList","@id":"https:\/\/multi-gyn.com\/be\/fr\/produit\/multi-gyn-creme-de-soin-protectrice\/#breadcrumb","itemListElement":[{"@type":"ListItem","position":1,"name":"Home","item":"https:\/\/multi-gyn.com\/be\/fr\/"},{"@type":"ListItem","position":2,"name":"Produits","item":"https:\/\/multi-gyn.com\/be\/fr\/produits\/"},{"@type":"ListItem","position":3,"name":"Multi-Gyn Creme de soin Protectrice"}]},{"@type":"WebSite","@id":"https:\/\/multi-gyn.com\/be\/fr\/#website","url":"https:\/\/multi-gyn.com\/be\/fr\/","name":"Multi-Gyn","description":"","publisher":{"@id":"https:\/\/multi-gyn.com\/be\/fr\/#organization"},"potentialAction":[{"@type":"SearchAction","target":{"@type":"EntryPoint","urlTemplate":"https:\/\/multi-gyn.com\/be\/fr\/?s={search_term_string}"},"query-input":{"@type":"PropertyValueSpecification","valueRequired":true,"valueName":"search_term_string"}}],"inLanguage":"fr-BE"},{"@type":"Organization","@id":"https:\/\/multi-gyn.com\/be\/fr\/#organization","name":"Multi-Gyn","url":"https:\/\/multi-gyn.com\/be\/fr\/","logo":{"@type":"ImageObject","inLanguage":"fr-BE","@id":"https:\/\/multi-gyn.com\/be\/fr\/#\/schema\/logo\/image\/","url":"https:\/\/multi-gyn.com\/app\/uploads\/sites\/17\/2022\/08\/multi-gyn-logo.png","contentUrl":"https:\/\/multi-gyn.com\/app\/uploads\/sites\/17\/2022\/08\/multi-gyn-logo.png","width":149,"height":32,"caption":"Multi-Gyn"},"image":{"@id":"https:\/\/multi-gyn.com\/be\/fr\/#\/schema\/logo\/image\/"}}]}},"_links":{"self":[{"href":"https:\/\/multi-gyn.com\/be\/fr\/wp-json\/wp\/v2\/product\/350","targetHints":{"allow":["GET"]}}],"collection":[{"href":"https:\/\/multi-gyn.com\/be\/fr\/wp-json\/wp\/v2\/product"}],"about":[{"href":"https:\/\/multi-gyn.com\/be\/fr\/wp-json\/wp\/v2\/types\/product"}],"replies":[{"embeddable":true,"href":"https:\/\/multi-gyn.com\/be\/fr\/wp-json\/wp\/v2\/comments?post=350"}],"version-history":[{"count":9,"href":"https:\/\/multi-gyn.com\/be\/fr\/wp-json\/wp\/v2\/product\/350\/revisions"}],"predecessor-version":[{"id":782,"href":"https:\/\/multi-gyn.com\/be\/fr\/wp-json\/wp\/v2\/product\/350\/revisions\/782"}],"wp:featuredmedia":[{"embeddable":true,"href":"https:\/\/multi-gyn.com\/be\/fr\/wp-json\/wp\/v2\/media\/783"}],"wp:attachment":[{"href":"https:\/\/multi-gyn.com\/be\/fr\/wp-json\/wp\/v2\/media?parent=350"}],"wp:term":[{"taxonomy":"product_brand","embeddable":true,"href":"https:\/\/multi-gyn.com\/be\/fr\/wp-json\/wp\/v2\/product_brand?post=350"},{"taxonomy":"product_cat","embeddable":true,"href":"https:\/\/multi-gyn.com\/be\/fr\/wp-json\/wp\/v2\/product_cat?post=350"},{"taxonomy":"product_tag","embeddable":true,"href":"https:\/\/multi-gyn.com\/be\/fr\/wp-json\/wp\/v2\/product_tag?post=350"}],"curies":[{"name":"wp","href":"https:\/\/api.w.org\/{rel}","templated":true}]}}