{"id":357,"date":"2022-10-28T09:49:33","date_gmt":"2022-10-28T07:49:33","guid":{"rendered":"https:\/\/multi-gyn.com\/rebrand-be\/?post_type=product&#038;p=357"},"modified":"2025-04-28T14:21:33","modified_gmt":"2025-04-28T12:21:33","slug":"multi-gyn-hydracare","status":"publish","type":"product","link":"https:\/\/multi-gyn.com\/be\/fr\/produit\/multi-gyn-hydracare\/","title":{"rendered":"Multi-Gyn HydraCare"},"content":{"rendered":"\n<div class=\"wp-block-karopharma-accordions is-style-secondary\"><div class=\"container\">\n<details class=\"wp-block-karopharma-accordion\"><summary><h2 class=\"accordion-title\">\u00c0 quelle fr\u00e9quence dois-je utiliser Multi-Gyn HydraCare?<\/h2><\/summary><div class=\"accordion-content\">\n<p>Appliquez Multi-Gyn HydraCare au moins une fois par jour ou \u00e0 chaque fois que cela est n\u00e9ces-saire.<\/p>\n<\/div><\/details>\n\n\n\n<details class=\"wp-block-karopharma-accordion\"><summary><h2 class=\"accordion-title\">Puis-je \u00e9galement utiliser Multi-Gyn HydraCare si je suis m\u00e9nopaus\u00e9e?<\/h2><\/summary><div class=\"accordion-content\">\n<p>Oui, Multi-Gyn HydraCare est destin\u00e9 \u00e0 toutes les femmes qui souffrent de s\u00e9cheresse vaginale. Celle-ci peut avoir des causes diverses, telles que des changements hormonaux, l\u2019utilisation de m\u00e9dicaments, une maladie chronique, les menstruations, les suites d\u2019un accouchement, l\u2019utilisation de tampons, etc.<\/p>\n<\/div><\/details>\n\n\n\n<details class=\"wp-block-karopharma-accordion\"><summary><h2 class=\"accordion-title\">Puis-je utiliser Multi-Gyn HydraCare comme lubrifant?<\/h2><\/summary><div class=\"accordion-content\">\n<p>Vous pouvez utiliser Multi-Gyn HydraCare comme lubrifiant, m\u00eame s\u2019il est con\u00e7u comme une solution aux probl\u00e8mes des femmes qui souffrent de s\u00e9cheresse vaginale due \u00e0 des change-ments hormonaux ou \u00e0 l\u2019utilisation chronique de m\u00e9dicaments. Cependant, il n\u2019y a aucun in-conv\u00e9nient \u00e0 l\u2019utiliser comme lubrifiant. Lorsque vous utilisez des pr\u00e9servatifs, veuillez n\u2019utiliser que des pr\u00e9servatifs en polyisopr\u00e8ne sans latex.<\/p>\n<\/div><\/details>\n<\/div><\/div>\n","protected":false},"excerpt":{"rendered":"<p>Soigne et soulage la s\u00e9cheresse vaginale<\/p>\n","protected":false},"featured_media":564,"comment_status":"closed","ping_status":"closed","template":"","meta":{"_acf_changed":false,"footnotes":""},"product_brand":[],"product_cat":[],"product_tag":[],"class_list":{"0":"post-357","1":"product","2":"type-product","3":"status-publish","4":"has-post-thumbnail","7":"first","8":"instock","9":"shipping-taxable","10":"product-type-simple"},"acf":[],"yoast_head":"<!-- This site is optimized with the Yoast SEO plugin v26.6 - https:\/\/yoast.com\/wordpress\/plugins\/seo\/ -->\n<title>Multi-Gyn HydraCare - Multi-Gyn<\/title>\n<meta name=\"description\" content=\"Votre vagin vous d\u00e9mange et vous irrite? Ressentez-vous des douleurs lors de la p\u00e9n\u00e9tration? Alors vous souffrez probablement de s\u00e9cheresse vaginale. Multi-Gyn LiquiGel traite et soulage instantan\u00e9ment les irritations et les d\u00e9sagr\u00e9ments li\u00e9s \u00e0 la s\u00e9cheresse vaginale.\" \/>\n<meta name=\"robots\" content=\"index, follow, max-snippet:-1, max-image-preview:large, max-video-preview:-1\" \/>\n<link rel=\"canonical\" href=\"https:\/\/multi-gyn.com\/be\/fr\/produit\/multi-gyn-hydracare\/\" \/>\n<meta property=\"og:locale\" content=\"fr_FR\" \/>\n<meta property=\"og:type\" content=\"article\" \/>\n<meta property=\"og:title\" content=\"Multi-Gyn HydraCare - Multi-Gyn\" \/>\n<meta property=\"og:description\" content=\"Votre vagin vous d\u00e9mange et vous irrite? Ressentez-vous des douleurs lors de la p\u00e9n\u00e9tration? Alors vous souffrez probablement de s\u00e9cheresse vaginale. Multi-Gyn LiquiGel traite et soulage instantan\u00e9ment les irritations et les d\u00e9sagr\u00e9ments li\u00e9s \u00e0 la s\u00e9cheresse vaginale.\" \/>\n<meta property=\"og:url\" content=\"https:\/\/multi-gyn.com\/be\/fr\/produit\/multi-gyn-hydracare\/\" \/>\n<meta property=\"og:site_name\" content=\"Multi-Gyn\" \/>\n<meta property=\"article:modified_time\" content=\"2025-04-28T12:21:33+00:00\" \/>\n<meta property=\"og:image\" content=\"https:\/\/multi-gyn.com\/app\/uploads\/sites\/17\/2022\/10\/Multi-Gyn-HydraCare.png\" \/>\n\t<meta property=\"og:image:width\" content=\"800\" \/>\n\t<meta property=\"og:image:height\" content=\"800\" \/>\n\t<meta property=\"og:image:type\" content=\"image\/png\" \/>\n<meta name=\"twitter:card\" content=\"summary_large_image\" \/>\n<meta name=\"twitter:label1\" content=\"Dur\u00e9e de lecture est.\" \/>\n\t<meta name=\"twitter:data1\" content=\"1 minute\" \/>\n<script type=\"application\/ld+json\" class=\"yoast-schema-graph\">{\"@context\":\"https:\/\/schema.org\",\"@graph\":[{\"@type\":\"WebPage\",\"@id\":\"https:\/\/multi-gyn.com\/be\/fr\/produit\/multi-gyn-hydracare\/\",\"url\":\"https:\/\/multi-gyn.com\/be\/fr\/produit\/multi-gyn-hydracare\/\",\"name\":\"Multi-Gyn HydraCare - Multi-Gyn\",\"isPartOf\":{\"@id\":\"https:\/\/multi-gyn.com\/be\/fr\/#website\"},\"primaryImageOfPage\":{\"@id\":\"https:\/\/multi-gyn.com\/be\/fr\/produit\/multi-gyn-hydracare\/#primaryimage\"},\"image\":{\"@id\":\"https:\/\/multi-gyn.com\/be\/fr\/produit\/multi-gyn-hydracare\/#primaryimage\"},\"thumbnailUrl\":\"https:\/\/multi-gyn.com\/app\/uploads\/sites\/17\/2022\/10\/Multi-Gyn-HydraCare.png\",\"datePublished\":\"2022-10-28T07:49:33+00:00\",\"dateModified\":\"2025-04-28T12:21:33+00:00\",\"description\":\"Votre vagin vous d\u00e9mange et vous irrite? Ressentez-vous des douleurs lors de la p\u00e9n\u00e9tration? Alors vous souffrez probablement de s\u00e9cheresse vaginale. Multi-Gyn LiquiGel traite et soulage instantan\u00e9ment les irritations et les d\u00e9sagr\u00e9ments li\u00e9s \u00e0 la s\u00e9cheresse vaginale.\",\"breadcrumb\":{\"@id\":\"https:\/\/multi-gyn.com\/be\/fr\/produit\/multi-gyn-hydracare\/#breadcrumb\"},\"inLanguage\":\"fr-BE\",\"potentialAction\":[{\"@type\":\"ReadAction\",\"target\":[\"https:\/\/multi-gyn.com\/be\/fr\/produit\/multi-gyn-hydracare\/\"]}]},{\"@type\":\"ImageObject\",\"inLanguage\":\"fr-BE\",\"@id\":\"https:\/\/multi-gyn.com\/be\/fr\/produit\/multi-gyn-hydracare\/#primaryimage\",\"url\":\"https:\/\/multi-gyn.com\/app\/uploads\/sites\/17\/2022\/10\/Multi-Gyn-HydraCare.png\",\"contentUrl\":\"https:\/\/multi-gyn.com\/app\/uploads\/sites\/17\/2022\/10\/Multi-Gyn-HydraCare.png\",\"width\":800,\"height\":800,\"caption\":\"Multi-Gyn HydraCare\"},{\"@type\":\"BreadcrumbList\",\"@id\":\"https:\/\/multi-gyn.com\/be\/fr\/produit\/multi-gyn-hydracare\/#breadcrumb\",\"itemListElement\":[{\"@type\":\"ListItem\",\"position\":1,\"name\":\"Home\",\"item\":\"https:\/\/multi-gyn.com\/be\/fr\/\"},{\"@type\":\"ListItem\",\"position\":2,\"name\":\"Produits\",\"item\":\"https:\/\/multi-gyn.com\/be\/fr\/produits\/\"},{\"@type\":\"ListItem\",\"position\":3,\"name\":\"Multi-Gyn HydraCare\"}]},{\"@type\":\"WebSite\",\"@id\":\"https:\/\/multi-gyn.com\/be\/fr\/#website\",\"url\":\"https:\/\/multi-gyn.com\/be\/fr\/\",\"name\":\"Multi-Gyn\",\"description\":\"\",\"publisher\":{\"@id\":\"https:\/\/multi-gyn.com\/be\/fr\/#organization\"},\"potentialAction\":[{\"@type\":\"SearchAction\",\"target\":{\"@type\":\"EntryPoint\",\"urlTemplate\":\"https:\/\/multi-gyn.com\/be\/fr\/?s={search_term_string}\"},\"query-input\":{\"@type\":\"PropertyValueSpecification\",\"valueRequired\":true,\"valueName\":\"search_term_string\"}}],\"inLanguage\":\"fr-BE\"},{\"@type\":\"Organization\",\"@id\":\"https:\/\/multi-gyn.com\/be\/fr\/#organization\",\"name\":\"Multi-Gyn\",\"url\":\"https:\/\/multi-gyn.com\/be\/fr\/\",\"logo\":{\"@type\":\"ImageObject\",\"inLanguage\":\"fr-BE\",\"@id\":\"https:\/\/multi-gyn.com\/be\/fr\/#\/schema\/logo\/image\/\",\"url\":\"https:\/\/multi-gyn.com\/app\/uploads\/sites\/17\/2022\/08\/multi-gyn-logo.png\",\"contentUrl\":\"https:\/\/multi-gyn.com\/app\/uploads\/sites\/17\/2022\/08\/multi-gyn-logo.png\",\"width\":149,\"height\":32,\"caption\":\"Multi-Gyn\"},\"image\":{\"@id\":\"https:\/\/multi-gyn.com\/be\/fr\/#\/schema\/logo\/image\/\"}}]}<\/script>\n<!-- \/ Yoast SEO plugin. -->","yoast_head_json":{"title":"Multi-Gyn HydraCare - Multi-Gyn","description":"Votre vagin vous d\u00e9mange et vous irrite? Ressentez-vous des douleurs lors de la p\u00e9n\u00e9tration? Alors vous souffrez probablement de s\u00e9cheresse vaginale. Multi-Gyn LiquiGel traite et soulage instantan\u00e9ment les irritations et les d\u00e9sagr\u00e9ments li\u00e9s \u00e0 la s\u00e9cheresse vaginale.","robots":{"index":"index","follow":"follow","max-snippet":"max-snippet:-1","max-image-preview":"max-image-preview:large","max-video-preview":"max-video-preview:-1"},"canonical":"https:\/\/multi-gyn.com\/be\/fr\/produit\/multi-gyn-hydracare\/","og_locale":"fr_FR","og_type":"article","og_title":"Multi-Gyn HydraCare - Multi-Gyn","og_description":"Votre vagin vous d\u00e9mange et vous irrite? Ressentez-vous des douleurs lors de la p\u00e9n\u00e9tration? Alors vous souffrez probablement de s\u00e9cheresse vaginale. Multi-Gyn LiquiGel traite et soulage instantan\u00e9ment les irritations et les d\u00e9sagr\u00e9ments li\u00e9s \u00e0 la s\u00e9cheresse vaginale.","og_url":"https:\/\/multi-gyn.com\/be\/fr\/produit\/multi-gyn-hydracare\/","og_site_name":"Multi-Gyn","article_modified_time":"2025-04-28T12:21:33+00:00","og_image":[{"width":800,"height":800,"url":"https:\/\/multi-gyn.com\/app\/uploads\/sites\/17\/2022\/10\/Multi-Gyn-HydraCare.png","type":"image\/png"}],"twitter_card":"summary_large_image","twitter_misc":{"Dur\u00e9e de lecture est.":"1 minute"},"schema":{"@context":"https:\/\/schema.org","@graph":[{"@type":"WebPage","@id":"https:\/\/multi-gyn.com\/be\/fr\/produit\/multi-gyn-hydracare\/","url":"https:\/\/multi-gyn.com\/be\/fr\/produit\/multi-gyn-hydracare\/","name":"Multi-Gyn HydraCare - Multi-Gyn","isPartOf":{"@id":"https:\/\/multi-gyn.com\/be\/fr\/#website"},"primaryImageOfPage":{"@id":"https:\/\/multi-gyn.com\/be\/fr\/produit\/multi-gyn-hydracare\/#primaryimage"},"image":{"@id":"https:\/\/multi-gyn.com\/be\/fr\/produit\/multi-gyn-hydracare\/#primaryimage"},"thumbnailUrl":"https:\/\/multi-gyn.com\/app\/uploads\/sites\/17\/2022\/10\/Multi-Gyn-HydraCare.png","datePublished":"2022-10-28T07:49:33+00:00","dateModified":"2025-04-28T12:21:33+00:00","description":"Votre vagin vous d\u00e9mange et vous irrite? Ressentez-vous des douleurs lors de la p\u00e9n\u00e9tration? Alors vous souffrez probablement de s\u00e9cheresse vaginale. Multi-Gyn LiquiGel traite et soulage instantan\u00e9ment les irritations et les d\u00e9sagr\u00e9ments li\u00e9s \u00e0 la s\u00e9cheresse vaginale.","breadcrumb":{"@id":"https:\/\/multi-gyn.com\/be\/fr\/produit\/multi-gyn-hydracare\/#breadcrumb"},"inLanguage":"fr-BE","potentialAction":[{"@type":"ReadAction","target":["https:\/\/multi-gyn.com\/be\/fr\/produit\/multi-gyn-hydracare\/"]}]},{"@type":"ImageObject","inLanguage":"fr-BE","@id":"https:\/\/multi-gyn.com\/be\/fr\/produit\/multi-gyn-hydracare\/#primaryimage","url":"https:\/\/multi-gyn.com\/app\/uploads\/sites\/17\/2022\/10\/Multi-Gyn-HydraCare.png","contentUrl":"https:\/\/multi-gyn.com\/app\/uploads\/sites\/17\/2022\/10\/Multi-Gyn-HydraCare.png","width":800,"height":800,"caption":"Multi-Gyn HydraCare"},{"@type":"BreadcrumbList","@id":"https:\/\/multi-gyn.com\/be\/fr\/produit\/multi-gyn-hydracare\/#breadcrumb","itemListElement":[{"@type":"ListItem","position":1,"name":"Home","item":"https:\/\/multi-gyn.com\/be\/fr\/"},{"@type":"ListItem","position":2,"name":"Produits","item":"https:\/\/multi-gyn.com\/be\/fr\/produits\/"},{"@type":"ListItem","position":3,"name":"Multi-Gyn HydraCare"}]},{"@type":"WebSite","@id":"https:\/\/multi-gyn.com\/be\/fr\/#website","url":"https:\/\/multi-gyn.com\/be\/fr\/","name":"Multi-Gyn","description":"","publisher":{"@id":"https:\/\/multi-gyn.com\/be\/fr\/#organization"},"potentialAction":[{"@type":"SearchAction","target":{"@type":"EntryPoint","urlTemplate":"https:\/\/multi-gyn.com\/be\/fr\/?s={search_term_string}"},"query-input":{"@type":"PropertyValueSpecification","valueRequired":true,"valueName":"search_term_string"}}],"inLanguage":"fr-BE"},{"@type":"Organization","@id":"https:\/\/multi-gyn.com\/be\/fr\/#organization","name":"Multi-Gyn","url":"https:\/\/multi-gyn.com\/be\/fr\/","logo":{"@type":"ImageObject","inLanguage":"fr-BE","@id":"https:\/\/multi-gyn.com\/be\/fr\/#\/schema\/logo\/image\/","url":"https:\/\/multi-gyn.com\/app\/uploads\/sites\/17\/2022\/08\/multi-gyn-logo.png","contentUrl":"https:\/\/multi-gyn.com\/app\/uploads\/sites\/17\/2022\/08\/multi-gyn-logo.png","width":149,"height":32,"caption":"Multi-Gyn"},"image":{"@id":"https:\/\/multi-gyn.com\/be\/fr\/#\/schema\/logo\/image\/"}}]}},"_links":{"self":[{"href":"https:\/\/multi-gyn.com\/be\/fr\/wp-json\/wp\/v2\/product\/357","targetHints":{"allow":["GET"]}}],"collection":[{"href":"https:\/\/multi-gyn.com\/be\/fr\/wp-json\/wp\/v2\/product"}],"about":[{"href":"https:\/\/multi-gyn.com\/be\/fr\/wp-json\/wp\/v2\/types\/product"}],"replies":[{"embeddable":true,"href":"https:\/\/multi-gyn.com\/be\/fr\/wp-json\/wp\/v2\/comments?post=357"}],"version-history":[{"count":10,"href":"https:\/\/multi-gyn.com\/be\/fr\/wp-json\/wp\/v2\/product\/357\/revisions"}],"predecessor-version":[{"id":792,"href":"https:\/\/multi-gyn.com\/be\/fr\/wp-json\/wp\/v2\/product\/357\/revisions\/792"}],"wp:featuredmedia":[{"embeddable":true,"href":"https:\/\/multi-gyn.com\/be\/fr\/wp-json\/wp\/v2\/media\/564"}],"wp:attachment":[{"href":"https:\/\/multi-gyn.com\/be\/fr\/wp-json\/wp\/v2\/media?parent=357"}],"wp:term":[{"taxonomy":"product_brand","embeddable":true,"href":"https:\/\/multi-gyn.com\/be\/fr\/wp-json\/wp\/v2\/product_brand?post=357"},{"taxonomy":"product_cat","embeddable":true,"href":"https:\/\/multi-gyn.com\/be\/fr\/wp-json\/wp\/v2\/product_cat?post=357"},{"taxonomy":"product_tag","embeddable":true,"href":"https:\/\/multi-gyn.com\/be\/fr\/wp-json\/wp\/v2\/product_tag?post=357"}],"curies":[{"name":"wp","href":"https:\/\/api.w.org\/{rel}","templated":true}]}}