{"id":109,"date":"2022-09-02T14:36:13","date_gmt":"2022-09-02T12:36:13","guid":{"rendered":"https:\/\/multi-gyn.com\/rebrand-ch\/?post_type=product&#038;p=109"},"modified":"2026-03-26T10:26:41","modified_gmt":"2026-03-26T09:26:41","slug":"multi-gyn-calmingcream","status":"publish","type":"product","link":"https:\/\/multi-gyn.com\/ch\/de\/produkt\/multi-gyn-calmingcream\/","title":{"rendered":"Multi-Gyn CalmingCream"},"content":{"rendered":"\n<div class=\"wp-block-karopharma-free-text pt-medium pb-medium bg-center bg-cover bg-no-repeat\" style=\"background-image:url()\"><div class=\"free-text-wrapper container max-w-medium text-left\">\n<div class=\"wp-block-karopharma-video\"><div class=\"video-wrapper\"><iframe loading=\"lazy\" frameborder=\"0\" allowfullscreen allow=\"accelerometer; encrypted-media; gyroscope; picture-in-picture\" data-src=\"https:\/\/www.youtube.com\/embed\/7iI6YON5u8I?autoplay=1\"><\/iframe><picture><source media=\"(max-width: 550px)\" srcset=\"https:\/\/img.youtube.com\/vi\/7iI6YON5u8I\/mqdefault.jpg\"\/><source media=\"(max-width: 800px)\" srcset=\"https:\/\/img.youtube.com\/vi\/7iI6YON5u8I\/hqdefault.jpg\"\/><img decoding=\"async\" width=\"1280\" height=\"720\" loading=\"lazy\" src=\"https:\/\/img.youtube.com\/vi\/7iI6YON5u8I\/maxresdefault.jpg\" alt=\"Embedded YouTube video player thumbnail\"\/><\/picture><div class=\"video-trigger group\"><div class=\"video-trigger__circle group-hover:opacity-[85%]\"><svg width=\"14\" height=\"16\" viewbox=\"0 0 14 16\" fill=\"none\" xmlns=\"http:\/\/www.w3.org\/2000\/svg\"><path d=\"M13.2625 6.70935L2.2625 0.206225C1.36875 -0.3219 0 0.1906 0 1.49685V14.5C0 15.6719 1.27188 16.3781 2.2625 15.7906L13.2625 9.2906C14.2437 8.71248 14.2469 7.28748 13.2625 6.70935V6.70935Z\" fill=\"white\"><\/path><\/svg><\/div><\/div><\/div><\/div>\n<\/div><\/div>\n\n\n\n<div class=\"wp-block-karopharma-accordions is-style-secondary\"><div class=\"container\">\n<details class=\"wp-block-karopharma-accordion\"><summary><h2 class=\"accordion-title\">Wie oft sollte ich Multi-Gyn CalmingCream anwenden?<\/h2><\/summary><div class=\"accordion-content\">\n<p>Tragen Sie einmal t\u00e4glich oder nach Bedarf eine d\u00fcnne Schicht der Creme auf die Haut im \u00e4u\u00dferen Intimbereich auf.<\/p>\n<\/div><\/details>\n\n\n\n<details class=\"wp-block-karopharma-accordion\"><summary><h2 class=\"accordion-title\">Kann ich Multi-Gyn CalmingCream innerlich anwenden?<\/h2><\/summary><div class=\"accordion-content\">\n<p>Nein, sie ist nur zur \u00e4u\u00dferlichen Anwendung gedacht.<\/p>\n<\/div><\/details>\n\n\n\n<details class=\"wp-block-karopharma-accordion\"><summary><h2 class=\"accordion-title\">Kann ich Multi-Gyn CalmingCream verwenden, wenn ich eine bakterielle Vaginose oder einen Scheidenpilz habe?<\/h2><\/summary><div class=\"accordion-content\">\n<p>Multi-Gyn CalmingCream ist nicht zur Behandlung von bakterieller Vaginose oder Vaginalpilz geeignet. Sie kann jedoch in Kombination mit den Medizinprodukten Multi-Gyn ActiGel (zur Behandlung einer bakteriellen Vaginose) oder Multi-Gyn FloraPlus (zur Behandlung von Scheidenpilzproblemen) verwendet werden, um die gereizte, trockene und juckende Haut im Intimbereich zu beruhigen und zu sch\u00fctzen.<\/p>\n<\/div><\/details>\n\n\n\n<details class=\"wp-block-karopharma-accordion\"><summary><h2 class=\"accordion-title\">Wie wende ich Multi-Gyn CalmingCream an?<\/h2><\/summary><div class=\"accordion-content\">\n<p>Multi-Gyn CalmingCream ist zur Anwendung auf der Haut au\u00dferhalb der Vagina und rund um den Anus bestimmt. Tragen Sie einmal t\u00e4glich oder nach Bedarf eine d\u00fcnne Schicht der Creme auf die Haut im Intimbereich auf. Eine geringe Menge auf dem Zeigefinger ist normalerweise ausreichend.<\/p>\n<\/div><\/details>\n\n\n\n<details class=\"wp-block-karopharma-accordion\"><summary><h2 class=\"accordion-title\">Bis wann kann ich Multi-Gyn CalmingCream nach dem \u00d6ffnen der Tube verwenden?<\/h2><\/summary><div class=\"accordion-content\">\n<p>Sie k\u00f6nnen Multi-Gyn CalmingCream bis zu dem Verfallsdatum verwenden, das auf der Unterseite der Verpackung und der Oberseite der Tube aufgedruckt ist.<\/p>\n<\/div><\/details>\n<\/div><\/div>\n","protected":false},"excerpt":{"rendered":"<p>Beruhigt und sch\u00fctzt juckende, gereizte und trockene Haut im Intimbereich<\/p>\n","protected":false},"featured_media":1016,"comment_status":"closed","ping_status":"closed","template":"","meta":{"_acf_changed":false,"footnotes":""},"product_brand":[],"product_cat":[52],"product_tag":[],"class_list":{"0":"post-109","1":"product","2":"type-product","3":"status-publish","4":"has-post-thumbnail","6":"product_cat-hygiene-und-pflege","8":"first","9":"instock","10":"shipping-taxable","11":"product-type-simple"},"acf":[],"yoast_head":"<!-- This site is optimized with the Yoast SEO plugin v26.6 - https:\/\/yoast.com\/wordpress\/plugins\/seo\/ -->\n<title>Multi-Gyn CalmingCream - Multi-Gyn<\/title>\n<meta name=\"description\" content=\"Multi-Gyn CalmingCream lindert Beschwerden im Intimbereich, die durch Rasieren\/Waxing, das Tragen von Binden oder Slipeinlagen, enger Kleidung, durch Schwei\u00df, die Verwendung von Seifen, Sport oder sexueller\" \/>\n<meta name=\"robots\" content=\"index, follow, max-snippet:-1, max-image-preview:large, max-video-preview:-1\" \/>\n<link rel=\"canonical\" href=\"https:\/\/multi-gyn.com\/ch\/de\/produkt\/multi-gyn-calmingcream\/\" \/>\n<meta property=\"og:locale\" content=\"de_DE\" \/>\n<meta property=\"og:type\" content=\"article\" \/>\n<meta property=\"og:title\" content=\"Multi-Gyn CalmingCream - Multi-Gyn\" \/>\n<meta property=\"og:description\" content=\"Multi-Gyn CalmingCream lindert Beschwerden im Intimbereich, die durch Rasieren\/Waxing, das Tragen von Binden oder Slipeinlagen, enger Kleidung, durch Schwei\u00df, die Verwendung von Seifen, Sport oder sexueller\" \/>\n<meta property=\"og:url\" content=\"https:\/\/multi-gyn.com\/ch\/de\/produkt\/multi-gyn-calmingcream\/\" \/>\n<meta property=\"og:site_name\" content=\"Multi-Gyn\" \/>\n<meta property=\"article:modified_time\" content=\"2026-03-26T09:26:41+00:00\" \/>\n<meta property=\"og:image\" content=\"https:\/\/multi-gyn.com\/app\/uploads\/sites\/24\/2022\/09\/Multi-Gyn-CalmingCream-2023.png\" \/>\n\t<meta property=\"og:image:width\" content=\"850\" \/>\n\t<meta property=\"og:image:height\" content=\"850\" \/>\n\t<meta property=\"og:image:type\" content=\"image\/png\" \/>\n<meta name=\"twitter:card\" content=\"summary_large_image\" \/>\n<meta name=\"twitter:label1\" content=\"Gesch\u00e4tzte Lesezeit\" \/>\n\t<meta name=\"twitter:data1\" content=\"2\u00a0Minuten\" \/>\n<script type=\"application\/ld+json\" class=\"yoast-schema-graph\">{\"@context\":\"https:\/\/schema.org\",\"@graph\":[{\"@type\":\"WebPage\",\"@id\":\"https:\/\/multi-gyn.com\/ch\/de\/produkt\/multi-gyn-calmingcream\/\",\"url\":\"https:\/\/multi-gyn.com\/ch\/de\/produkt\/multi-gyn-calmingcream\/\",\"name\":\"Multi-Gyn CalmingCream - Multi-Gyn\",\"isPartOf\":{\"@id\":\"https:\/\/multi-gyn.com\/ch\/de\/#website\"},\"primaryImageOfPage\":{\"@id\":\"https:\/\/multi-gyn.com\/ch\/de\/produkt\/multi-gyn-calmingcream\/#primaryimage\"},\"image\":{\"@id\":\"https:\/\/multi-gyn.com\/ch\/de\/produkt\/multi-gyn-calmingcream\/#primaryimage\"},\"thumbnailUrl\":\"https:\/\/multi-gyn.com\/app\/uploads\/sites\/24\/2022\/09\/Multi-Gyn-CalmingCream-2023.png\",\"datePublished\":\"2022-09-02T12:36:13+00:00\",\"dateModified\":\"2026-03-26T09:26:41+00:00\",\"description\":\"Multi-Gyn CalmingCream lindert Beschwerden im Intimbereich, die durch Rasieren\/Waxing, das Tragen von Binden oder Slipeinlagen, enger Kleidung, durch Schwei\u00df, die Verwendung von Seifen, Sport oder sexueller\",\"breadcrumb\":{\"@id\":\"https:\/\/multi-gyn.com\/ch\/de\/produkt\/multi-gyn-calmingcream\/#breadcrumb\"},\"inLanguage\":\"de-CH\",\"potentialAction\":[{\"@type\":\"ReadAction\",\"target\":[\"https:\/\/multi-gyn.com\/ch\/de\/produkt\/multi-gyn-calmingcream\/\"]}]},{\"@type\":\"ImageObject\",\"inLanguage\":\"de-CH\",\"@id\":\"https:\/\/multi-gyn.com\/ch\/de\/produkt\/multi-gyn-calmingcream\/#primaryimage\",\"url\":\"https:\/\/multi-gyn.com\/app\/uploads\/sites\/24\/2022\/09\/Multi-Gyn-CalmingCream-2023.png\",\"contentUrl\":\"https:\/\/multi-gyn.com\/app\/uploads\/sites\/24\/2022\/09\/Multi-Gyn-CalmingCream-2023.png\",\"width\":850,\"height\":850,\"caption\":\"Multi-Gyn CalmingCream\"},{\"@type\":\"BreadcrumbList\",\"@id\":\"https:\/\/multi-gyn.com\/ch\/de\/produkt\/multi-gyn-calmingcream\/#breadcrumb\",\"itemListElement\":[{\"@type\":\"ListItem\",\"position\":1,\"name\":\"Startseite\",\"item\":\"https:\/\/multi-gyn.com\/ch\/de\/\"},{\"@type\":\"ListItem\",\"position\":2,\"name\":\"Produkte\",\"item\":\"https:\/\/multi-gyn.com\/ch\/de\/produkte\/\"},{\"@type\":\"ListItem\",\"position\":3,\"name\":\"Hygiene und Pflege\",\"item\":\"https:\/\/multi-gyn.com\/ch\/de\/produkt-kategorie\/hygiene-und-pflege\/\"},{\"@type\":\"ListItem\",\"position\":4,\"name\":\"Multi-Gyn CalmingCream\"}]},{\"@type\":\"WebSite\",\"@id\":\"https:\/\/multi-gyn.com\/ch\/de\/#website\",\"url\":\"https:\/\/multi-gyn.com\/ch\/de\/\",\"name\":\"Multi-Gyn\",\"description\":\"\",\"publisher\":{\"@id\":\"https:\/\/multi-gyn.com\/ch\/de\/#organization\"},\"potentialAction\":[{\"@type\":\"SearchAction\",\"target\":{\"@type\":\"EntryPoint\",\"urlTemplate\":\"https:\/\/multi-gyn.com\/ch\/de\/?s={search_term_string}\"},\"query-input\":{\"@type\":\"PropertyValueSpecification\",\"valueRequired\":true,\"valueName\":\"search_term_string\"}}],\"inLanguage\":\"de-CH\"},{\"@type\":\"Organization\",\"@id\":\"https:\/\/multi-gyn.com\/ch\/de\/#organization\",\"name\":\"Multi-Gyn\",\"url\":\"https:\/\/multi-gyn.com\/ch\/de\/\",\"logo\":{\"@type\":\"ImageObject\",\"inLanguage\":\"de-CH\",\"@id\":\"https:\/\/multi-gyn.com\/ch\/de\/#\/schema\/logo\/image\/\",\"url\":\"https:\/\/multi-gyn.com\/app\/uploads\/sites\/24\/2022\/08\/multi-gyn-logo.png\",\"contentUrl\":\"https:\/\/multi-gyn.com\/app\/uploads\/sites\/24\/2022\/08\/multi-gyn-logo.png\",\"width\":149,\"height\":32,\"caption\":\"Multi-Gyn\"},\"image\":{\"@id\":\"https:\/\/multi-gyn.com\/ch\/de\/#\/schema\/logo\/image\/\"}}]}<\/script>\n<!-- \/ Yoast SEO plugin. -->","yoast_head_json":{"title":"Multi-Gyn CalmingCream - Multi-Gyn","description":"Multi-Gyn CalmingCream lindert Beschwerden im Intimbereich, die durch Rasieren\/Waxing, das Tragen von Binden oder Slipeinlagen, enger Kleidung, durch Schwei\u00df, die Verwendung von Seifen, Sport oder sexueller","robots":{"index":"index","follow":"follow","max-snippet":"max-snippet:-1","max-image-preview":"max-image-preview:large","max-video-preview":"max-video-preview:-1"},"canonical":"https:\/\/multi-gyn.com\/ch\/de\/produkt\/multi-gyn-calmingcream\/","og_locale":"de_DE","og_type":"article","og_title":"Multi-Gyn CalmingCream - Multi-Gyn","og_description":"Multi-Gyn CalmingCream lindert Beschwerden im Intimbereich, die durch Rasieren\/Waxing, das Tragen von Binden oder Slipeinlagen, enger Kleidung, durch Schwei\u00df, die Verwendung von Seifen, Sport oder sexueller","og_url":"https:\/\/multi-gyn.com\/ch\/de\/produkt\/multi-gyn-calmingcream\/","og_site_name":"Multi-Gyn","article_modified_time":"2026-03-26T09:26:41+00:00","og_image":[{"width":850,"height":850,"url":"https:\/\/multi-gyn.com\/app\/uploads\/sites\/24\/2022\/09\/Multi-Gyn-CalmingCream-2023.png","type":"image\/png"}],"twitter_card":"summary_large_image","twitter_misc":{"Gesch\u00e4tzte Lesezeit":"2\u00a0Minuten"},"schema":{"@context":"https:\/\/schema.org","@graph":[{"@type":"WebPage","@id":"https:\/\/multi-gyn.com\/ch\/de\/produkt\/multi-gyn-calmingcream\/","url":"https:\/\/multi-gyn.com\/ch\/de\/produkt\/multi-gyn-calmingcream\/","name":"Multi-Gyn CalmingCream - Multi-Gyn","isPartOf":{"@id":"https:\/\/multi-gyn.com\/ch\/de\/#website"},"primaryImageOfPage":{"@id":"https:\/\/multi-gyn.com\/ch\/de\/produkt\/multi-gyn-calmingcream\/#primaryimage"},"image":{"@id":"https:\/\/multi-gyn.com\/ch\/de\/produkt\/multi-gyn-calmingcream\/#primaryimage"},"thumbnailUrl":"https:\/\/multi-gyn.com\/app\/uploads\/sites\/24\/2022\/09\/Multi-Gyn-CalmingCream-2023.png","datePublished":"2022-09-02T12:36:13+00:00","dateModified":"2026-03-26T09:26:41+00:00","description":"Multi-Gyn CalmingCream lindert Beschwerden im Intimbereich, die durch Rasieren\/Waxing, das Tragen von Binden oder Slipeinlagen, enger Kleidung, durch Schwei\u00df, die Verwendung von Seifen, Sport oder sexueller","breadcrumb":{"@id":"https:\/\/multi-gyn.com\/ch\/de\/produkt\/multi-gyn-calmingcream\/#breadcrumb"},"inLanguage":"de-CH","potentialAction":[{"@type":"ReadAction","target":["https:\/\/multi-gyn.com\/ch\/de\/produkt\/multi-gyn-calmingcream\/"]}]},{"@type":"ImageObject","inLanguage":"de-CH","@id":"https:\/\/multi-gyn.com\/ch\/de\/produkt\/multi-gyn-calmingcream\/#primaryimage","url":"https:\/\/multi-gyn.com\/app\/uploads\/sites\/24\/2022\/09\/Multi-Gyn-CalmingCream-2023.png","contentUrl":"https:\/\/multi-gyn.com\/app\/uploads\/sites\/24\/2022\/09\/Multi-Gyn-CalmingCream-2023.png","width":850,"height":850,"caption":"Multi-Gyn CalmingCream"},{"@type":"BreadcrumbList","@id":"https:\/\/multi-gyn.com\/ch\/de\/produkt\/multi-gyn-calmingcream\/#breadcrumb","itemListElement":[{"@type":"ListItem","position":1,"name":"Startseite","item":"https:\/\/multi-gyn.com\/ch\/de\/"},{"@type":"ListItem","position":2,"name":"Produkte","item":"https:\/\/multi-gyn.com\/ch\/de\/produkte\/"},{"@type":"ListItem","position":3,"name":"Hygiene und Pflege","item":"https:\/\/multi-gyn.com\/ch\/de\/produkt-kategorie\/hygiene-und-pflege\/"},{"@type":"ListItem","position":4,"name":"Multi-Gyn CalmingCream"}]},{"@type":"WebSite","@id":"https:\/\/multi-gyn.com\/ch\/de\/#website","url":"https:\/\/multi-gyn.com\/ch\/de\/","name":"Multi-Gyn","description":"","publisher":{"@id":"https:\/\/multi-gyn.com\/ch\/de\/#organization"},"potentialAction":[{"@type":"SearchAction","target":{"@type":"EntryPoint","urlTemplate":"https:\/\/multi-gyn.com\/ch\/de\/?s={search_term_string}"},"query-input":{"@type":"PropertyValueSpecification","valueRequired":true,"valueName":"search_term_string"}}],"inLanguage":"de-CH"},{"@type":"Organization","@id":"https:\/\/multi-gyn.com\/ch\/de\/#organization","name":"Multi-Gyn","url":"https:\/\/multi-gyn.com\/ch\/de\/","logo":{"@type":"ImageObject","inLanguage":"de-CH","@id":"https:\/\/multi-gyn.com\/ch\/de\/#\/schema\/logo\/image\/","url":"https:\/\/multi-gyn.com\/app\/uploads\/sites\/24\/2022\/08\/multi-gyn-logo.png","contentUrl":"https:\/\/multi-gyn.com\/app\/uploads\/sites\/24\/2022\/08\/multi-gyn-logo.png","width":149,"height":32,"caption":"Multi-Gyn"},"image":{"@id":"https:\/\/multi-gyn.com\/ch\/de\/#\/schema\/logo\/image\/"}}]}},"_links":{"self":[{"href":"https:\/\/multi-gyn.com\/ch\/de\/wp-json\/wp\/v2\/product\/109","targetHints":{"allow":["GET"]}}],"collection":[{"href":"https:\/\/multi-gyn.com\/ch\/de\/wp-json\/wp\/v2\/product"}],"about":[{"href":"https:\/\/multi-gyn.com\/ch\/de\/wp-json\/wp\/v2\/types\/product"}],"replies":[{"embeddable":true,"href":"https:\/\/multi-gyn.com\/ch\/de\/wp-json\/wp\/v2\/comments?post=109"}],"version-history":[{"count":9,"href":"https:\/\/multi-gyn.com\/ch\/de\/wp-json\/wp\/v2\/product\/109\/revisions"}],"predecessor-version":[{"id":1266,"href":"https:\/\/multi-gyn.com\/ch\/de\/wp-json\/wp\/v2\/product\/109\/revisions\/1266"}],"wp:featuredmedia":[{"embeddable":true,"href":"https:\/\/multi-gyn.com\/ch\/de\/wp-json\/wp\/v2\/media\/1016"}],"wp:attachment":[{"href":"https:\/\/multi-gyn.com\/ch\/de\/wp-json\/wp\/v2\/media?parent=109"}],"wp:term":[{"taxonomy":"product_brand","embeddable":true,"href":"https:\/\/multi-gyn.com\/ch\/de\/wp-json\/wp\/v2\/product_brand?post=109"},{"taxonomy":"product_cat","embeddable":true,"href":"https:\/\/multi-gyn.com\/ch\/de\/wp-json\/wp\/v2\/product_cat?post=109"},{"taxonomy":"product_tag","embeddable":true,"href":"https:\/\/multi-gyn.com\/ch\/de\/wp-json\/wp\/v2\/product_tag?post=109"}],"curies":[{"name":"wp","href":"https:\/\/api.w.org\/{rel}","templated":true}]}}