{"id":1361,"date":"2023-12-18T11:35:32","date_gmt":"2023-12-18T10:35:32","guid":{"rendered":"https:\/\/multi-gyn.com\/ch\/?post_type=product&#038;p=1361"},"modified":"2026-03-26T10:27:53","modified_gmt":"2026-03-26T09:27:53","slug":"multi-gyn-femiwash-gel","status":"publish","type":"product","link":"https:\/\/multi-gyn.com\/ch\/de\/produkt\/multi-gyn-femiwash-gel\/","title":{"rendered":"Multi-Gyn FemiWash Gel"},"content":{"rendered":"\n<div class=\"wp-block-karopharma-accordions is-style-secondary\"><div class=\"container\">\n<details class=\"wp-block-karopharma-accordion\"><summary><h2 class=\"accordion-title\">Gebrauchsanweisung<\/h2><\/summary><div class=\"accordion-content\">\n<p>Sanft \u00fcber den \u00e4u\u00dferen Intimbereich verteilen und mit Wasser absp\u00fclen. Nur im \u00e4u\u00dferen Intimbereich verwenden<\/p>\n<\/div><\/details>\n\n\n\n<details class=\"wp-block-karopharma-accordion\"><summary><h2 class=\"accordion-title\">Inhaltsstoffe<\/h2><\/summary><div class=\"accordion-content\">\n<p>Aqua, Glycereth-2 Cocoate, Lauryl Glucoside, Glycerin, Acacia Senegal Gum, Lactic Acid, Panthenol, Aloe Barbadensis Leaf Extract, Xanthan Gum, Phenylpropanol, Coco-Glucoside, Glyceryl Oleate, Sodium Benzoate, Potassium Sorbate, o-Cymen-5-ol, Citric Acid, Decylene Glycol, Erythorbic Acid, Sodium Carbonate Peroxide, Tocopherol, Hydrogenated Palm Glycerides Citrate.<\/p>\n\n\n\n<p>2QR-Komplex: gereinigt aus Aloe Barbadensis Blattextrakt.<\/p>\n<\/div><\/details>\n<\/div><\/div>\n","protected":false},"excerpt":{"rendered":"<p>T\u00e4gliche Intimhygiene f\u00fcr Frauen<\/p>\n","protected":false},"featured_media":1344,"comment_status":"closed","ping_status":"closed","template":"","meta":{"_acf_changed":false,"footnotes":""},"product_brand":[],"product_cat":[52],"product_tag":[],"class_list":{"0":"post-1361","1":"product","2":"type-product","3":"status-publish","4":"has-post-thumbnail","6":"product_cat-hygiene-und-pflege","8":"first","9":"instock","10":"shipping-taxable","11":"product-type-simple"},"acf":[],"yoast_head":"<!-- This site is optimized with the Yoast SEO plugin v26.6 - https:\/\/yoast.com\/wordpress\/plugins\/seo\/ -->\n<title>Multi-Gyn FemiWash Gel - Multi-Gyn<\/title>\n<meta name=\"description\" content=\"Wenn du dich wirklich wohlf\u00fchlst, sieht man das! Das neue Multi-Gyn FemiWash Gel ist ein Intim-Waschgel zur t\u00e4glichen Anwendung. Es h\u00e4lt deinen Intimbereich frisch und ausgeglichen, damit du dich jeden Tag wohlf\u00fchlst\" \/>\n<meta name=\"robots\" content=\"index, follow, max-snippet:-1, max-image-preview:large, max-video-preview:-1\" \/>\n<link rel=\"canonical\" href=\"https:\/\/multi-gyn.com\/ch\/de\/produkt\/multi-gyn-femiwash-gel\/\" \/>\n<meta property=\"og:locale\" content=\"de_DE\" \/>\n<meta property=\"og:type\" content=\"article\" \/>\n<meta property=\"og:title\" content=\"Multi-Gyn FemiWash Gel - Multi-Gyn\" \/>\n<meta property=\"og:description\" content=\"Wenn du dich wirklich wohlf\u00fchlst, sieht man das! Das neue Multi-Gyn FemiWash Gel ist ein Intim-Waschgel zur t\u00e4glichen Anwendung. Es h\u00e4lt deinen Intimbereich frisch und ausgeglichen, damit du dich jeden Tag wohlf\u00fchlst\" \/>\n<meta property=\"og:url\" content=\"https:\/\/multi-gyn.com\/ch\/de\/produkt\/multi-gyn-femiwash-gel\/\" \/>\n<meta property=\"og:site_name\" content=\"Multi-Gyn\" \/>\n<meta property=\"article:modified_time\" content=\"2026-03-26T09:27:53+00:00\" \/>\n<meta property=\"og:image\" content=\"https:\/\/multi-gyn.com\/app\/uploads\/sites\/24\/2023\/12\/Multi-Gyn-FemiWash-Gel-Neu.png\" \/>\n\t<meta property=\"og:image:width\" content=\"850\" \/>\n\t<meta property=\"og:image:height\" content=\"850\" \/>\n\t<meta property=\"og:image:type\" content=\"image\/png\" \/>\n<meta name=\"twitter:card\" content=\"summary_large_image\" \/>\n<meta name=\"twitter:label1\" content=\"Gesch\u00e4tzte Lesezeit\" \/>\n\t<meta name=\"twitter:data1\" content=\"1\u00a0Minute\" \/>\n<script type=\"application\/ld+json\" class=\"yoast-schema-graph\">{\"@context\":\"https:\/\/schema.org\",\"@graph\":[{\"@type\":\"WebPage\",\"@id\":\"https:\/\/multi-gyn.com\/ch\/de\/produkt\/multi-gyn-femiwash-gel\/\",\"url\":\"https:\/\/multi-gyn.com\/ch\/de\/produkt\/multi-gyn-femiwash-gel\/\",\"name\":\"Multi-Gyn FemiWash Gel - Multi-Gyn\",\"isPartOf\":{\"@id\":\"https:\/\/multi-gyn.com\/ch\/de\/#website\"},\"primaryImageOfPage\":{\"@id\":\"https:\/\/multi-gyn.com\/ch\/de\/produkt\/multi-gyn-femiwash-gel\/#primaryimage\"},\"image\":{\"@id\":\"https:\/\/multi-gyn.com\/ch\/de\/produkt\/multi-gyn-femiwash-gel\/#primaryimage\"},\"thumbnailUrl\":\"https:\/\/multi-gyn.com\/app\/uploads\/sites\/24\/2023\/12\/Multi-Gyn-FemiWash-Gel-Neu.png\",\"datePublished\":\"2023-12-18T10:35:32+00:00\",\"dateModified\":\"2026-03-26T09:27:53+00:00\",\"description\":\"Wenn du dich wirklich wohlf\u00fchlst, sieht man das! Das neue Multi-Gyn FemiWash Gel ist ein Intim-Waschgel zur t\u00e4glichen Anwendung. Es h\u00e4lt deinen Intimbereich frisch und ausgeglichen, damit du dich jeden Tag wohlf\u00fchlst\",\"breadcrumb\":{\"@id\":\"https:\/\/multi-gyn.com\/ch\/de\/produkt\/multi-gyn-femiwash-gel\/#breadcrumb\"},\"inLanguage\":\"de-CH\",\"potentialAction\":[{\"@type\":\"ReadAction\",\"target\":[\"https:\/\/multi-gyn.com\/ch\/de\/produkt\/multi-gyn-femiwash-gel\/\"]}]},{\"@type\":\"ImageObject\",\"inLanguage\":\"de-CH\",\"@id\":\"https:\/\/multi-gyn.com\/ch\/de\/produkt\/multi-gyn-femiwash-gel\/#primaryimage\",\"url\":\"https:\/\/multi-gyn.com\/app\/uploads\/sites\/24\/2023\/12\/Multi-Gyn-FemiWash-Gel-Neu.png\",\"contentUrl\":\"https:\/\/multi-gyn.com\/app\/uploads\/sites\/24\/2023\/12\/Multi-Gyn-FemiWash-Gel-Neu.png\",\"width\":850,\"height\":850,\"caption\":\"Multi-Gyn FemiWash Gel\"},{\"@type\":\"BreadcrumbList\",\"@id\":\"https:\/\/multi-gyn.com\/ch\/de\/produkt\/multi-gyn-femiwash-gel\/#breadcrumb\",\"itemListElement\":[{\"@type\":\"ListItem\",\"position\":1,\"name\":\"Startseite\",\"item\":\"https:\/\/multi-gyn.com\/ch\/de\/\"},{\"@type\":\"ListItem\",\"position\":2,\"name\":\"Produkte\",\"item\":\"https:\/\/multi-gyn.com\/ch\/de\/produkte\/\"},{\"@type\":\"ListItem\",\"position\":3,\"name\":\"Hygiene und Pflege\",\"item\":\"https:\/\/multi-gyn.com\/ch\/de\/produkt-kategorie\/hygiene-und-pflege\/\"},{\"@type\":\"ListItem\",\"position\":4,\"name\":\"Multi-Gyn FemiWash Gel\"}]},{\"@type\":\"WebSite\",\"@id\":\"https:\/\/multi-gyn.com\/ch\/de\/#website\",\"url\":\"https:\/\/multi-gyn.com\/ch\/de\/\",\"name\":\"Multi-Gyn\",\"description\":\"\",\"publisher\":{\"@id\":\"https:\/\/multi-gyn.com\/ch\/de\/#organization\"},\"potentialAction\":[{\"@type\":\"SearchAction\",\"target\":{\"@type\":\"EntryPoint\",\"urlTemplate\":\"https:\/\/multi-gyn.com\/ch\/de\/?s={search_term_string}\"},\"query-input\":{\"@type\":\"PropertyValueSpecification\",\"valueRequired\":true,\"valueName\":\"search_term_string\"}}],\"inLanguage\":\"de-CH\"},{\"@type\":\"Organization\",\"@id\":\"https:\/\/multi-gyn.com\/ch\/de\/#organization\",\"name\":\"Multi-Gyn\",\"url\":\"https:\/\/multi-gyn.com\/ch\/de\/\",\"logo\":{\"@type\":\"ImageObject\",\"inLanguage\":\"de-CH\",\"@id\":\"https:\/\/multi-gyn.com\/ch\/de\/#\/schema\/logo\/image\/\",\"url\":\"https:\/\/multi-gyn.com\/app\/uploads\/sites\/24\/2022\/08\/multi-gyn-logo.png\",\"contentUrl\":\"https:\/\/multi-gyn.com\/app\/uploads\/sites\/24\/2022\/08\/multi-gyn-logo.png\",\"width\":149,\"height\":32,\"caption\":\"Multi-Gyn\"},\"image\":{\"@id\":\"https:\/\/multi-gyn.com\/ch\/de\/#\/schema\/logo\/image\/\"}}]}<\/script>\n<!-- \/ Yoast SEO plugin. -->","yoast_head_json":{"title":"Multi-Gyn FemiWash Gel - Multi-Gyn","description":"Wenn du dich wirklich wohlf\u00fchlst, sieht man das! Das neue Multi-Gyn FemiWash Gel ist ein Intim-Waschgel zur t\u00e4glichen Anwendung. Es h\u00e4lt deinen Intimbereich frisch und ausgeglichen, damit du dich jeden Tag wohlf\u00fchlst","robots":{"index":"index","follow":"follow","max-snippet":"max-snippet:-1","max-image-preview":"max-image-preview:large","max-video-preview":"max-video-preview:-1"},"canonical":"https:\/\/multi-gyn.com\/ch\/de\/produkt\/multi-gyn-femiwash-gel\/","og_locale":"de_DE","og_type":"article","og_title":"Multi-Gyn FemiWash Gel - Multi-Gyn","og_description":"Wenn du dich wirklich wohlf\u00fchlst, sieht man das! Das neue Multi-Gyn FemiWash Gel ist ein Intim-Waschgel zur t\u00e4glichen Anwendung. Es h\u00e4lt deinen Intimbereich frisch und ausgeglichen, damit du dich jeden Tag wohlf\u00fchlst","og_url":"https:\/\/multi-gyn.com\/ch\/de\/produkt\/multi-gyn-femiwash-gel\/","og_site_name":"Multi-Gyn","article_modified_time":"2026-03-26T09:27:53+00:00","og_image":[{"width":850,"height":850,"url":"https:\/\/multi-gyn.com\/app\/uploads\/sites\/24\/2023\/12\/Multi-Gyn-FemiWash-Gel-Neu.png","type":"image\/png"}],"twitter_card":"summary_large_image","twitter_misc":{"Gesch\u00e4tzte Lesezeit":"1\u00a0Minute"},"schema":{"@context":"https:\/\/schema.org","@graph":[{"@type":"WebPage","@id":"https:\/\/multi-gyn.com\/ch\/de\/produkt\/multi-gyn-femiwash-gel\/","url":"https:\/\/multi-gyn.com\/ch\/de\/produkt\/multi-gyn-femiwash-gel\/","name":"Multi-Gyn FemiWash Gel - Multi-Gyn","isPartOf":{"@id":"https:\/\/multi-gyn.com\/ch\/de\/#website"},"primaryImageOfPage":{"@id":"https:\/\/multi-gyn.com\/ch\/de\/produkt\/multi-gyn-femiwash-gel\/#primaryimage"},"image":{"@id":"https:\/\/multi-gyn.com\/ch\/de\/produkt\/multi-gyn-femiwash-gel\/#primaryimage"},"thumbnailUrl":"https:\/\/multi-gyn.com\/app\/uploads\/sites\/24\/2023\/12\/Multi-Gyn-FemiWash-Gel-Neu.png","datePublished":"2023-12-18T10:35:32+00:00","dateModified":"2026-03-26T09:27:53+00:00","description":"Wenn du dich wirklich wohlf\u00fchlst, sieht man das! Das neue Multi-Gyn FemiWash Gel ist ein Intim-Waschgel zur t\u00e4glichen Anwendung. Es h\u00e4lt deinen Intimbereich frisch und ausgeglichen, damit du dich jeden Tag wohlf\u00fchlst","breadcrumb":{"@id":"https:\/\/multi-gyn.com\/ch\/de\/produkt\/multi-gyn-femiwash-gel\/#breadcrumb"},"inLanguage":"de-CH","potentialAction":[{"@type":"ReadAction","target":["https:\/\/multi-gyn.com\/ch\/de\/produkt\/multi-gyn-femiwash-gel\/"]}]},{"@type":"ImageObject","inLanguage":"de-CH","@id":"https:\/\/multi-gyn.com\/ch\/de\/produkt\/multi-gyn-femiwash-gel\/#primaryimage","url":"https:\/\/multi-gyn.com\/app\/uploads\/sites\/24\/2023\/12\/Multi-Gyn-FemiWash-Gel-Neu.png","contentUrl":"https:\/\/multi-gyn.com\/app\/uploads\/sites\/24\/2023\/12\/Multi-Gyn-FemiWash-Gel-Neu.png","width":850,"height":850,"caption":"Multi-Gyn FemiWash Gel"},{"@type":"BreadcrumbList","@id":"https:\/\/multi-gyn.com\/ch\/de\/produkt\/multi-gyn-femiwash-gel\/#breadcrumb","itemListElement":[{"@type":"ListItem","position":1,"name":"Startseite","item":"https:\/\/multi-gyn.com\/ch\/de\/"},{"@type":"ListItem","position":2,"name":"Produkte","item":"https:\/\/multi-gyn.com\/ch\/de\/produkte\/"},{"@type":"ListItem","position":3,"name":"Hygiene und Pflege","item":"https:\/\/multi-gyn.com\/ch\/de\/produkt-kategorie\/hygiene-und-pflege\/"},{"@type":"ListItem","position":4,"name":"Multi-Gyn FemiWash Gel"}]},{"@type":"WebSite","@id":"https:\/\/multi-gyn.com\/ch\/de\/#website","url":"https:\/\/multi-gyn.com\/ch\/de\/","name":"Multi-Gyn","description":"","publisher":{"@id":"https:\/\/multi-gyn.com\/ch\/de\/#organization"},"potentialAction":[{"@type":"SearchAction","target":{"@type":"EntryPoint","urlTemplate":"https:\/\/multi-gyn.com\/ch\/de\/?s={search_term_string}"},"query-input":{"@type":"PropertyValueSpecification","valueRequired":true,"valueName":"search_term_string"}}],"inLanguage":"de-CH"},{"@type":"Organization","@id":"https:\/\/multi-gyn.com\/ch\/de\/#organization","name":"Multi-Gyn","url":"https:\/\/multi-gyn.com\/ch\/de\/","logo":{"@type":"ImageObject","inLanguage":"de-CH","@id":"https:\/\/multi-gyn.com\/ch\/de\/#\/schema\/logo\/image\/","url":"https:\/\/multi-gyn.com\/app\/uploads\/sites\/24\/2022\/08\/multi-gyn-logo.png","contentUrl":"https:\/\/multi-gyn.com\/app\/uploads\/sites\/24\/2022\/08\/multi-gyn-logo.png","width":149,"height":32,"caption":"Multi-Gyn"},"image":{"@id":"https:\/\/multi-gyn.com\/ch\/de\/#\/schema\/logo\/image\/"}}]}},"_links":{"self":[{"href":"https:\/\/multi-gyn.com\/ch\/de\/wp-json\/wp\/v2\/product\/1361","targetHints":{"allow":["GET"]}}],"collection":[{"href":"https:\/\/multi-gyn.com\/ch\/de\/wp-json\/wp\/v2\/product"}],"about":[{"href":"https:\/\/multi-gyn.com\/ch\/de\/wp-json\/wp\/v2\/types\/product"}],"replies":[{"embeddable":true,"href":"https:\/\/multi-gyn.com\/ch\/de\/wp-json\/wp\/v2\/comments?post=1361"}],"version-history":[{"count":5,"href":"https:\/\/multi-gyn.com\/ch\/de\/wp-json\/wp\/v2\/product\/1361\/revisions"}],"predecessor-version":[{"id":1451,"href":"https:\/\/multi-gyn.com\/ch\/de\/wp-json\/wp\/v2\/product\/1361\/revisions\/1451"}],"wp:featuredmedia":[{"embeddable":true,"href":"https:\/\/multi-gyn.com\/ch\/de\/wp-json\/wp\/v2\/media\/1344"}],"wp:attachment":[{"href":"https:\/\/multi-gyn.com\/ch\/de\/wp-json\/wp\/v2\/media?parent=1361"}],"wp:term":[{"taxonomy":"product_brand","embeddable":true,"href":"https:\/\/multi-gyn.com\/ch\/de\/wp-json\/wp\/v2\/product_brand?post=1361"},{"taxonomy":"product_cat","embeddable":true,"href":"https:\/\/multi-gyn.com\/ch\/de\/wp-json\/wp\/v2\/product_cat?post=1361"},{"taxonomy":"product_tag","embeddable":true,"href":"https:\/\/multi-gyn.com\/ch\/de\/wp-json\/wp\/v2\/product_tag?post=1361"}],"curies":[{"name":"wp","href":"https:\/\/api.w.org\/{rel}","templated":true}]}}