{"id":141,"date":"2022-09-02T15:04:32","date_gmt":"2022-09-02T13:04:32","guid":{"rendered":"https:\/\/multi-gyn.com\/rebrand-ch\/?post_type=product&#038;p=141"},"modified":"2026-03-30T14:41:25","modified_gmt":"2026-03-30T12:41:25","slug":"multi-gyn-femiwash","status":"publish","type":"product","link":"https:\/\/multi-gyn.com\/ch\/de\/produkt\/multi-gyn-femiwash\/","title":{"rendered":"Multi-Gyn FemiWash"},"content":{"rendered":"\n<div class=\"wp-block-karopharma-free-text pt-medium pb-medium bg-center bg-cover bg-no-repeat\" style=\"background-image:url()\"><div class=\"free-text-wrapper container max-w-medium text-left\">\n<div class=\"wp-block-karopharma-video\"><div class=\"video-wrapper\"><iframe loading=\"lazy\" frameborder=\"0\" allowfullscreen allow=\"accelerometer; encrypted-media; gyroscope; picture-in-picture\" data-src=\"https:\/\/www.youtube.com\/embed\/jG-NNKg_cMw?autoplay=1\"><\/iframe><picture><source media=\"(max-width: 550px)\" srcset=\"https:\/\/img.youtube.com\/vi\/jG-NNKg_cMw\/mqdefault.jpg\"\/><source media=\"(max-width: 800px)\" srcset=\"https:\/\/img.youtube.com\/vi\/jG-NNKg_cMw\/hqdefault.jpg\"\/><img decoding=\"async\" width=\"1280\" height=\"720\" loading=\"lazy\" src=\"https:\/\/img.youtube.com\/vi\/jG-NNKg_cMw\/maxresdefault.jpg\" alt=\"Embedded YouTube video player thumbnail\"\/><\/picture><div class=\"video-trigger group\"><div class=\"video-trigger__circle group-hover:opacity-[85%]\"><svg width=\"14\" height=\"16\" viewbox=\"0 0 14 16\" fill=\"none\" xmlns=\"http:\/\/www.w3.org\/2000\/svg\"><path d=\"M13.2625 6.70935L2.2625 0.206225C1.36875 -0.3219 0 0.1906 0 1.49685V14.5C0 15.6719 1.27188 16.3781 2.2625 15.7906L13.2625 9.2906C14.2437 8.71248 14.2469 7.28748 13.2625 6.70935V6.70935Z\" fill=\"white\"><\/path><\/svg><\/div><\/div><\/div><\/div>\n<\/div><\/div>\n\n\n\n<div class=\"wp-block-karopharma-accordions is-style-secondary\"><div class=\"container\">\n<details class=\"wp-block-karopharma-accordion\"><summary><h2 class=\"accordion-title\">Kann ich Multi-Gyn FemiWash t\u00e4glich anwenden?<\/h2><\/summary><div class=\"accordion-content\">\n<p>Ja, Multi-Gyn FemiWash eignet sich f\u00fcr die t\u00e4gliche Anwendung. Da Multi-Gyn FemiWash ein konzentrierter Mikroschaum ist, ben\u00f6tigen Sie f\u00fcr jede Intimw\u00e4sche nur eine Pumpdosierung.<\/p>\n<\/div><\/details>\n\n\n\n<details class=\"wp-block-karopharma-accordion\"><summary><h2 class=\"accordion-title\">Reicht die Reinigung des Intimbereichs mit Wasser nicht aus?<\/h2><\/summary><div class=\"accordion-content\">\n<p>Doch, die Reinigung mit Wasser kann ausreichen. Viele Frauen ziehen es jedoch vor, f\u00fcr ein erfrischendes Gef\u00fchl einen Waschschaum zu verwenden. Dieser Waschschaum sollte frei von reizenden Inhaltsstoffen sein, so wie bei Multi-Gyn FemiWash, um den empfindlichen Intimbereich besonders schonend zu reinigen.<\/p>\n<\/div><\/details>\n\n\n\n<details class=\"wp-block-karopharma-accordion\"><summary><h2 class=\"accordion-title\">Wie viel Multi-Gyn FemiWash brauche ich f\u00fcr eine Anwendung?<\/h2><\/summary><div class=\"accordion-content\">\n<p>Da Multi-Gyn FemiWash ein konzentrierter Mikroschaum ist, ben\u00f6tigen Sie f\u00fcr jede W\u00e4sche nur eine Pumpdosis. Eine Flasche mit 100 ml FemiWash reicht daher f\u00fcr ca. 100 Anwendungen.<\/p>\n<\/div><\/details>\n\n\n\n<details class=\"wp-block-karopharma-accordion\"><summary><h2 class=\"accordion-title\">Kann ich Multi-Gyn FemiWash nur beim Duschen anwenden?<\/h2><\/summary><div class=\"accordion-content\">\n<p>Nein, Sie k\u00f6nnen Multi-Gyn FemiWash auch beim Baden oder bei der Intimw\u00e4sche am Waschbecken verwenden.<\/p>\n<\/div><\/details>\n<\/div><\/div>\n","protected":false},"excerpt":{"rendered":"<p>Reinigt und erfrischt<\/p>\n","protected":false},"featured_media":1019,"comment_status":"closed","ping_status":"closed","template":"","meta":{"_acf_changed":false,"footnotes":""},"product_brand":[],"product_cat":[52],"product_tag":[],"class_list":{"0":"post-141","1":"product","2":"type-product","3":"status-publish","4":"has-post-thumbnail","6":"product_cat-hygiene-und-pflege","8":"first","9":"instock","10":"shipping-taxable","11":"product-type-simple"},"acf":[],"yoast_head":"<!-- This site is optimized with the Yoast SEO plugin v26.6 - https:\/\/yoast.com\/wordpress\/plugins\/seo\/ -->\n<title>Multi-Gyn FemiWash - Multi-Gyn<\/title>\n<meta name=\"description\" content=\"Multi-Gyn\u00ae FemiWash reinigt und erfrischt den Intimbereich sanft und eignet sich insbesondere zur Anwendung bei sehr empfindlicher Haut.\" \/>\n<meta name=\"robots\" content=\"index, follow, max-snippet:-1, max-image-preview:large, max-video-preview:-1\" \/>\n<link rel=\"canonical\" href=\"https:\/\/multi-gyn.com\/ch\/de\/produkt\/multi-gyn-femiwash\/\" \/>\n<meta property=\"og:locale\" content=\"de_DE\" \/>\n<meta property=\"og:type\" content=\"article\" \/>\n<meta property=\"og:title\" content=\"Multi-Gyn FemiWash - Multi-Gyn\" \/>\n<meta property=\"og:description\" content=\"Multi-Gyn\u00ae FemiWash reinigt und erfrischt den Intimbereich sanft und eignet sich insbesondere zur Anwendung bei sehr empfindlicher Haut.\" \/>\n<meta property=\"og:url\" content=\"https:\/\/multi-gyn.com\/ch\/de\/produkt\/multi-gyn-femiwash\/\" \/>\n<meta property=\"og:site_name\" content=\"Multi-Gyn\" \/>\n<meta property=\"article:modified_time\" content=\"2026-03-30T12:41:25+00:00\" \/>\n<meta property=\"og:image\" content=\"https:\/\/multi-gyn.com\/app\/uploads\/sites\/24\/2022\/09\/Multi-Gyn-FemiWash-2023-2.png\" \/>\n\t<meta property=\"og:image:width\" content=\"850\" \/>\n\t<meta property=\"og:image:height\" content=\"850\" \/>\n\t<meta property=\"og:image:type\" content=\"image\/png\" \/>\n<meta name=\"twitter:card\" content=\"summary_large_image\" \/>\n<meta name=\"twitter:label1\" content=\"Gesch\u00e4tzte Lesezeit\" \/>\n\t<meta name=\"twitter:data1\" content=\"2\u00a0Minuten\" \/>\n<script type=\"application\/ld+json\" class=\"yoast-schema-graph\">{\"@context\":\"https:\/\/schema.org\",\"@graph\":[{\"@type\":\"WebPage\",\"@id\":\"https:\/\/multi-gyn.com\/ch\/de\/produkt\/multi-gyn-femiwash\/\",\"url\":\"https:\/\/multi-gyn.com\/ch\/de\/produkt\/multi-gyn-femiwash\/\",\"name\":\"Multi-Gyn FemiWash - Multi-Gyn\",\"isPartOf\":{\"@id\":\"https:\/\/multi-gyn.com\/ch\/de\/#website\"},\"primaryImageOfPage\":{\"@id\":\"https:\/\/multi-gyn.com\/ch\/de\/produkt\/multi-gyn-femiwash\/#primaryimage\"},\"image\":{\"@id\":\"https:\/\/multi-gyn.com\/ch\/de\/produkt\/multi-gyn-femiwash\/#primaryimage\"},\"thumbnailUrl\":\"https:\/\/multi-gyn.com\/app\/uploads\/sites\/24\/2022\/09\/Multi-Gyn-FemiWash-2023-2.png\",\"datePublished\":\"2022-09-02T13:04:32+00:00\",\"dateModified\":\"2026-03-30T12:41:25+00:00\",\"description\":\"Multi-Gyn\u00ae FemiWash reinigt und erfrischt den Intimbereich sanft und eignet sich insbesondere zur Anwendung bei sehr empfindlicher Haut.\",\"breadcrumb\":{\"@id\":\"https:\/\/multi-gyn.com\/ch\/de\/produkt\/multi-gyn-femiwash\/#breadcrumb\"},\"inLanguage\":\"de-CH\",\"potentialAction\":[{\"@type\":\"ReadAction\",\"target\":[\"https:\/\/multi-gyn.com\/ch\/de\/produkt\/multi-gyn-femiwash\/\"]}]},{\"@type\":\"ImageObject\",\"inLanguage\":\"de-CH\",\"@id\":\"https:\/\/multi-gyn.com\/ch\/de\/produkt\/multi-gyn-femiwash\/#primaryimage\",\"url\":\"https:\/\/multi-gyn.com\/app\/uploads\/sites\/24\/2022\/09\/Multi-Gyn-FemiWash-2023-2.png\",\"contentUrl\":\"https:\/\/multi-gyn.com\/app\/uploads\/sites\/24\/2022\/09\/Multi-Gyn-FemiWash-2023-2.png\",\"width\":850,\"height\":850,\"caption\":\"Multi-Gyn FemiWash\"},{\"@type\":\"BreadcrumbList\",\"@id\":\"https:\/\/multi-gyn.com\/ch\/de\/produkt\/multi-gyn-femiwash\/#breadcrumb\",\"itemListElement\":[{\"@type\":\"ListItem\",\"position\":1,\"name\":\"Startseite\",\"item\":\"https:\/\/multi-gyn.com\/ch\/de\/\"},{\"@type\":\"ListItem\",\"position\":2,\"name\":\"Produkte\",\"item\":\"https:\/\/multi-gyn.com\/ch\/de\/produkte\/\"},{\"@type\":\"ListItem\",\"position\":3,\"name\":\"Hygiene und Pflege\",\"item\":\"https:\/\/multi-gyn.com\/ch\/de\/produkt-kategorie\/hygiene-und-pflege\/\"},{\"@type\":\"ListItem\",\"position\":4,\"name\":\"Multi-Gyn FemiWash\"}]},{\"@type\":\"WebSite\",\"@id\":\"https:\/\/multi-gyn.com\/ch\/de\/#website\",\"url\":\"https:\/\/multi-gyn.com\/ch\/de\/\",\"name\":\"Multi-Gyn\",\"description\":\"\",\"publisher\":{\"@id\":\"https:\/\/multi-gyn.com\/ch\/de\/#organization\"},\"potentialAction\":[{\"@type\":\"SearchAction\",\"target\":{\"@type\":\"EntryPoint\",\"urlTemplate\":\"https:\/\/multi-gyn.com\/ch\/de\/?s={search_term_string}\"},\"query-input\":{\"@type\":\"PropertyValueSpecification\",\"valueRequired\":true,\"valueName\":\"search_term_string\"}}],\"inLanguage\":\"de-CH\"},{\"@type\":\"Organization\",\"@id\":\"https:\/\/multi-gyn.com\/ch\/de\/#organization\",\"name\":\"Multi-Gyn\",\"url\":\"https:\/\/multi-gyn.com\/ch\/de\/\",\"logo\":{\"@type\":\"ImageObject\",\"inLanguage\":\"de-CH\",\"@id\":\"https:\/\/multi-gyn.com\/ch\/de\/#\/schema\/logo\/image\/\",\"url\":\"https:\/\/multi-gyn.com\/app\/uploads\/sites\/24\/2022\/08\/multi-gyn-logo.png\",\"contentUrl\":\"https:\/\/multi-gyn.com\/app\/uploads\/sites\/24\/2022\/08\/multi-gyn-logo.png\",\"width\":149,\"height\":32,\"caption\":\"Multi-Gyn\"},\"image\":{\"@id\":\"https:\/\/multi-gyn.com\/ch\/de\/#\/schema\/logo\/image\/\"}}]}<\/script>\n<!-- \/ Yoast SEO plugin. -->","yoast_head_json":{"title":"Multi-Gyn FemiWash - Multi-Gyn","description":"Multi-Gyn\u00ae FemiWash reinigt und erfrischt den Intimbereich sanft und eignet sich insbesondere zur Anwendung bei sehr empfindlicher Haut.","robots":{"index":"index","follow":"follow","max-snippet":"max-snippet:-1","max-image-preview":"max-image-preview:large","max-video-preview":"max-video-preview:-1"},"canonical":"https:\/\/multi-gyn.com\/ch\/de\/produkt\/multi-gyn-femiwash\/","og_locale":"de_DE","og_type":"article","og_title":"Multi-Gyn FemiWash - Multi-Gyn","og_description":"Multi-Gyn\u00ae FemiWash reinigt und erfrischt den Intimbereich sanft und eignet sich insbesondere zur Anwendung bei sehr empfindlicher Haut.","og_url":"https:\/\/multi-gyn.com\/ch\/de\/produkt\/multi-gyn-femiwash\/","og_site_name":"Multi-Gyn","article_modified_time":"2026-03-30T12:41:25+00:00","og_image":[{"width":850,"height":850,"url":"https:\/\/multi-gyn.com\/app\/uploads\/sites\/24\/2022\/09\/Multi-Gyn-FemiWash-2023-2.png","type":"image\/png"}],"twitter_card":"summary_large_image","twitter_misc":{"Gesch\u00e4tzte Lesezeit":"2\u00a0Minuten"},"schema":{"@context":"https:\/\/schema.org","@graph":[{"@type":"WebPage","@id":"https:\/\/multi-gyn.com\/ch\/de\/produkt\/multi-gyn-femiwash\/","url":"https:\/\/multi-gyn.com\/ch\/de\/produkt\/multi-gyn-femiwash\/","name":"Multi-Gyn FemiWash - Multi-Gyn","isPartOf":{"@id":"https:\/\/multi-gyn.com\/ch\/de\/#website"},"primaryImageOfPage":{"@id":"https:\/\/multi-gyn.com\/ch\/de\/produkt\/multi-gyn-femiwash\/#primaryimage"},"image":{"@id":"https:\/\/multi-gyn.com\/ch\/de\/produkt\/multi-gyn-femiwash\/#primaryimage"},"thumbnailUrl":"https:\/\/multi-gyn.com\/app\/uploads\/sites\/24\/2022\/09\/Multi-Gyn-FemiWash-2023-2.png","datePublished":"2022-09-02T13:04:32+00:00","dateModified":"2026-03-30T12:41:25+00:00","description":"Multi-Gyn\u00ae FemiWash reinigt und erfrischt den Intimbereich sanft und eignet sich insbesondere zur Anwendung bei sehr empfindlicher Haut.","breadcrumb":{"@id":"https:\/\/multi-gyn.com\/ch\/de\/produkt\/multi-gyn-femiwash\/#breadcrumb"},"inLanguage":"de-CH","potentialAction":[{"@type":"ReadAction","target":["https:\/\/multi-gyn.com\/ch\/de\/produkt\/multi-gyn-femiwash\/"]}]},{"@type":"ImageObject","inLanguage":"de-CH","@id":"https:\/\/multi-gyn.com\/ch\/de\/produkt\/multi-gyn-femiwash\/#primaryimage","url":"https:\/\/multi-gyn.com\/app\/uploads\/sites\/24\/2022\/09\/Multi-Gyn-FemiWash-2023-2.png","contentUrl":"https:\/\/multi-gyn.com\/app\/uploads\/sites\/24\/2022\/09\/Multi-Gyn-FemiWash-2023-2.png","width":850,"height":850,"caption":"Multi-Gyn FemiWash"},{"@type":"BreadcrumbList","@id":"https:\/\/multi-gyn.com\/ch\/de\/produkt\/multi-gyn-femiwash\/#breadcrumb","itemListElement":[{"@type":"ListItem","position":1,"name":"Startseite","item":"https:\/\/multi-gyn.com\/ch\/de\/"},{"@type":"ListItem","position":2,"name":"Produkte","item":"https:\/\/multi-gyn.com\/ch\/de\/produkte\/"},{"@type":"ListItem","position":3,"name":"Hygiene und Pflege","item":"https:\/\/multi-gyn.com\/ch\/de\/produkt-kategorie\/hygiene-und-pflege\/"},{"@type":"ListItem","position":4,"name":"Multi-Gyn FemiWash"}]},{"@type":"WebSite","@id":"https:\/\/multi-gyn.com\/ch\/de\/#website","url":"https:\/\/multi-gyn.com\/ch\/de\/","name":"Multi-Gyn","description":"","publisher":{"@id":"https:\/\/multi-gyn.com\/ch\/de\/#organization"},"potentialAction":[{"@type":"SearchAction","target":{"@type":"EntryPoint","urlTemplate":"https:\/\/multi-gyn.com\/ch\/de\/?s={search_term_string}"},"query-input":{"@type":"PropertyValueSpecification","valueRequired":true,"valueName":"search_term_string"}}],"inLanguage":"de-CH"},{"@type":"Organization","@id":"https:\/\/multi-gyn.com\/ch\/de\/#organization","name":"Multi-Gyn","url":"https:\/\/multi-gyn.com\/ch\/de\/","logo":{"@type":"ImageObject","inLanguage":"de-CH","@id":"https:\/\/multi-gyn.com\/ch\/de\/#\/schema\/logo\/image\/","url":"https:\/\/multi-gyn.com\/app\/uploads\/sites\/24\/2022\/08\/multi-gyn-logo.png","contentUrl":"https:\/\/multi-gyn.com\/app\/uploads\/sites\/24\/2022\/08\/multi-gyn-logo.png","width":149,"height":32,"caption":"Multi-Gyn"},"image":{"@id":"https:\/\/multi-gyn.com\/ch\/de\/#\/schema\/logo\/image\/"}}]}},"_links":{"self":[{"href":"https:\/\/multi-gyn.com\/ch\/de\/wp-json\/wp\/v2\/product\/141","targetHints":{"allow":["GET"]}}],"collection":[{"href":"https:\/\/multi-gyn.com\/ch\/de\/wp-json\/wp\/v2\/product"}],"about":[{"href":"https:\/\/multi-gyn.com\/ch\/de\/wp-json\/wp\/v2\/types\/product"}],"replies":[{"embeddable":true,"href":"https:\/\/multi-gyn.com\/ch\/de\/wp-json\/wp\/v2\/comments?post=141"}],"version-history":[{"count":10,"href":"https:\/\/multi-gyn.com\/ch\/de\/wp-json\/wp\/v2\/product\/141\/revisions"}],"predecessor-version":[{"id":1404,"href":"https:\/\/multi-gyn.com\/ch\/de\/wp-json\/wp\/v2\/product\/141\/revisions\/1404"}],"wp:featuredmedia":[{"embeddable":true,"href":"https:\/\/multi-gyn.com\/ch\/de\/wp-json\/wp\/v2\/media\/1019"}],"wp:attachment":[{"href":"https:\/\/multi-gyn.com\/ch\/de\/wp-json\/wp\/v2\/media?parent=141"}],"wp:term":[{"taxonomy":"product_brand","embeddable":true,"href":"https:\/\/multi-gyn.com\/ch\/de\/wp-json\/wp\/v2\/product_brand?post=141"},{"taxonomy":"product_cat","embeddable":true,"href":"https:\/\/multi-gyn.com\/ch\/de\/wp-json\/wp\/v2\/product_cat?post=141"},{"taxonomy":"product_tag","embeddable":true,"href":"https:\/\/multi-gyn.com\/ch\/de\/wp-json\/wp\/v2\/product_tag?post=141"}],"curies":[{"name":"wp","href":"https:\/\/api.w.org\/{rel}","templated":true}]}}