{"id":982,"date":"2023-02-23T14:13:04","date_gmt":"2023-02-23T13:13:04","guid":{"rendered":"https:\/\/multi-gyn.com\/ch\/?post_type=product&#038;p=982"},"modified":"2026-03-26T10:25:18","modified_gmt":"2026-03-26T09:25:18","slug":"multi-gyn-actigel-2in1","status":"publish","type":"product","link":"https:\/\/multi-gyn.com\/ch\/de\/produkt\/multi-gyn-actigel-2in1\/","title":{"rendered":"Multi-Gyn ActiGel 2IN1"},"content":{"rendered":"\n<div class=\"wp-block-karopharma-free-text pt-medium pb-medium bg-center bg-cover bg-no-repeat\" style=\"background-image:url()\"><div class=\"free-text-wrapper container max-w-medium text-center\">\n<figure class=\"wp-block-video aligncenter\"><video controls src=\"https:\/\/multi-gyn.com\/app\/uploads\/sites\/14\/2023\/01\/MG_E-Commerce_ActiGel2in1_16x9_HiRes_V3.mp4\"><\/video><\/figure>\n<\/div><\/div>\n\n\n\n<div class=\"wp-block-karopharma-accordions is-style-secondary\"><div class=\"container\">\n<details class=\"wp-block-karopharma-accordion\"><summary><h2 class=\"accordion-title\">Wof\u00fcr wird Multi-Gyn ActiGel 2IN1 angewendet?<\/h2><\/summary><div class=\"accordion-content\">\n<p>Multi-Gyn ActiGel 2IN1 ist klinisch erprobt zur Behandlung von BV und deren Beschwerden wie z.B. d\u00fcnner, gr\u00e4ulicher Ausfluss, unangenehm fischiger Geruch, Juckreiz, Reizungen, Empfindlichkeit, R\u00f6tungen und Schmerzen. Zudem stellt es den pH-Wert der Vagina und die Vaginalflora wieder her.<\/p>\n\n\n\n<p>Nicht geeignet zur Pr\u00e4vention und Behandlung sexuell \u00fcbertragbarer Krankheiten.<\/p>\n<\/div><\/details>\n\n\n\n<details class=\"wp-block-karopharma-accordion\"><summary><h2 class=\"accordion-title\">Wie wird Multi-Gyn ActiGel 2IN1 angewendet?<\/h2><\/summary><div class=\"accordion-content\">\n<p>F\u00fcr die Behandlung einer bakteriellen Vaginose (BV) verwenden Sie Multi-Gyn ActiGel 2IN1 in der Vagina mindestens zweimal t\u00e4glich f\u00fcr die Dauer von mindestens f\u00fcnf Tagen. Wir empfehlen die Anwendung morgens, sowie abends kurz vor dem Schlafengehen.<\/p>\n\n\n\n<p>F\u00fcr Beschwerden im Vaginalbereich wie Juckreiz und Reizungen tragen Sie Multi-Gyn ActiGel 2IN1 mindestens einmal t\u00e4glich auf oder wann immer Sie schnelle Erleichterung ben\u00f6tigen.<\/p>\n<\/div><\/details>\n\n\n\n<details class=\"wp-block-karopharma-accordion\"><summary><h2 class=\"accordion-title\">K\u00f6nnte es zu einer allergischen Reaktion kommen?<\/h2><\/summary><div class=\"accordion-content\">\n<p>Allergische Reaktionen auf die Inhaltsstoffe von Multi-Gyn ActiGel 2IN1 sind sehr selten. Zur \u00dcberpr\u00fcfung empfehlen wir Ihnen, eine geringe Menge auf die Innenseite Ihres Unterarms aufzutragen. Bildet sich eine juckende, ger\u00f6tete Stelle, raten wir Ihnen von der Anwendung von Multi-Gyn ActiGel 2IN1 ab.<\/p>\n<\/div><\/details>\n\n\n\n<details class=\"wp-block-karopharma-accordion\"><summary><h2 class=\"accordion-title\">Was sollte ich bei aktivem Kinderwunsch beachten?<\/h2><\/summary><div class=\"accordion-content\">\n<p>Da Multi-Gyn ActiGel 2IN1 einen f\u00fcr die Vagina optimalen S\u00e4uregrad (niedriger pH-Wert) hat und Sperma alkalisch (hoher pH-Wert) ist, kann die Anwendung von Multi-Gyn ActiGel 2IN1 die Spermaaktivit\u00e4t verringern. Daher sollte Multi-Gyn ActiGel 2IN1 nicht in der empf\u00e4ngnisbereiten Zyklusphase verwendet werden, wenn der Wunsch nach einer Schwangerschaft besteht.<\/p>\n<\/div><\/details>\n\n\n\n<details class=\"wp-block-karopharma-accordion\"><summary><h2 class=\"accordion-title\">Ist es normal, nach der Anwendung ein prickelndes oder brennendes Gef\u00fchl zu versp\u00fcren?<\/h2><\/summary><div class=\"accordion-content\">\n<p>Wenn Sie nach der Anwendung ein Brennen und\/oder Prickeln versp\u00fcren, machen Sie sich keine Sorgen. Dies ist normal und wird rasch vergehen.<\/p>\n<\/div><\/details>\n\n\n\n<details class=\"wp-block-karopharma-accordion\"><summary><h2 class=\"accordion-title\">Gibt es Wechselwirkungen mit Arzneimitteln?<\/h2><\/summary><div class=\"accordion-content\">\n<p>Es sind keine Wechselwirkungen mit Arzneimitteln bekannt.<\/p>\n<\/div><\/details>\n\n\n\n<details class=\"wp-block-karopharma-accordion\"><summary><h2 class=\"accordion-title\">Kann ich Multi-Gyn ActiGel 2IN1 in der Schwangerschaft oder Stillzeit verwenden?<\/h2><\/summary><div class=\"accordion-content\">\n<p>Es sind keine Gegenanzeigen f\u00fcr die Verwendung von Multi-Gyn ActiGel 2IN1 w\u00e4hrend Schwangerschaft und Stillzeit bekannt. Beraten Sie sich vor der Anwendung mit Ihrer \u00c4rztin bzw. Ihrem Arzt.<\/p>\n<\/div><\/details>\n\n\n\n<details class=\"wp-block-karopharma-accordion\"><summary><h2 class=\"accordion-title\">Wie ist die Vertr\u00e4glichkeit mit Kondomen und Pessaren?<\/h2><\/summary><div class=\"accordion-content\">\n<p>Multi-Gyn ActiGel 2IN1 sollte nicht gleichzeitig mit Kondomen verwendet werden. Der Einfluss auf Pessare ist nicht bekannt.<\/p>\n<\/div><\/details>\n\n\n\n<details class=\"wp-block-karopharma-accordion\"><summary><h2 class=\"accordion-title\">Wie ist die Vertr\u00e4glichkeit mit Tampons und Vaginalsp\u00fclungen?<\/h2><\/summary><div class=\"accordion-content\">\n<p>Es wird empfohlen, Multi-Gyn ActiGel 2IN1 nicht gleichzeitig mit Tampons und Vaginalsp\u00fclungen zu verwenden. Diese k\u00f6nnten das Multi-Gyn ActiGel 2IN1 teilweise oder ganz aus der Vagina entfernen und somit die gew\u00fcnschte Wirkung vermindern.<\/p>\n<\/div><\/details>\n\n\n\n<details class=\"wp-block-karopharma-accordion\"><summary><h2 class=\"accordion-title\">Hat Multi-Gyn ActiGel 2IN1 irgendwelche Nebenwirkungen?<\/h2><\/summary><div class=\"accordion-content\">\n<p>Nein, es sind keine Nebenwirkungen bekannt.<\/p>\n<\/div><\/details>\n\n\n\n<details class=\"wp-block-karopharma-accordion\"><summary><h2 class=\"accordion-title\">Sollte ich mit der Anwendung von Multi-Gyn ActiGel 2IN1 weiterfahren, wenn meine Beschwerden abgeklungen sind?<\/h2><\/summary><div class=\"accordion-content\">\n<p>Nein. Multi-Gyn ActiGel 2IN1 sollte nicht l\u00e4nger als 30 Tage in Folge angewendet werden, damit sich die Vaginalflora von selbst stabilisieren kann.<\/p>\n<\/div><\/details>\n\n\n\n<details class=\"wp-block-karopharma-accordion\"><summary><h2 class=\"accordion-title\">Beeinflusst Multi-Gyn ActiGel 2IN1 die Wirkung von Antibiotika?<\/h2><\/summary><div class=\"accordion-content\">\n<p>Nein, Multi-Gyn ActiGel 2IN1 hat keine negative Wirkung auf Antibiotika. Ganz im Gegenteil: Multi-Gyn ActiGel 2IN1 sch\u00fctzt die Vaginalflora w\u00e4hrend einer Antibiotika-Therapie und hilft bei der Regeneration der Vaginalflora.<\/p>\n<\/div><\/details>\n\n\n\n<details class=\"wp-block-karopharma-accordion\"><summary><h2 class=\"accordion-title\">Sollte ich die ganze Tube aufbrauchen?<\/h2><\/summary><div class=\"accordion-content\">\n<p>Nein, die Anwendung von Multi-Gyn ActiGel 2IN1 sollte so lange fortgesetzt werden, bis die Beschwerden abgeklungen sind, unabh\u00e4ngig von der F\u00fcllmenge der Tube. Bitte beachten Sie dabei, dass Multi-Gyn ActiGel 2IN1 nicht l\u00e4nger als 30 Tage in Folge angewendet werden soll. Es ist sehr wichtig, dass das Produkt gut verschlossen und bei Zimmertemperatur gelagert wird. Der Applikator sollte &#8211; wie in der Packungsbeilage beschrieben &#8211; gereinigt werden.<\/p>\n<\/div><\/details>\n\n\n\n<details class=\"wp-block-karopharma-accordion\"><summary><h2 class=\"accordion-title\">Wie sollte ich das Produkt lagern?<\/h2><\/summary><div class=\"accordion-content\">\n<p>Multi-Gyn ActiGel 2IN1 sollte zwischen 10\u00b0C und 25\u00b0C (Zimmertemperatur) gelagert werden. Multi-Gyn ActiGel 2IN1 ist f\u00fcr Kinder unzug\u00e4nglich aufbewahren. Verwenden Sie Multi-Gyn ActiGel 2IN1 nicht nach Ablauf des Verfalldatums.<\/p>\n<\/div><\/details>\n<\/div><\/div>\n","protected":false},"excerpt":{"rendered":"<p>Behandelt bakterielle Vaginose + optimiert den vaginalen pH-Wert und die Vaginalflora<\/p>\n","protected":false},"featured_media":1447,"comment_status":"closed","ping_status":"closed","template":"","meta":{"_acf_changed":false,"footnotes":""},"product_brand":[],"product_cat":[51],"product_tag":[],"class_list":{"0":"post-982","1":"product","2":"type-product","3":"status-publish","4":"has-post-thumbnail","6":"product_cat-behandlung","8":"first","9":"instock","10":"shipping-taxable","11":"product-type-simple"},"acf":[],"yoast_head":"<!-- This site is optimized with the Yoast SEO plugin v26.6 - https:\/\/yoast.com\/wordpress\/plugins\/seo\/ -->\n<title>Multi-Gyn ActiGel 2IN1 - Multi-Gyn<\/title>\n<meta name=\"description\" content=\"Multi-Gyn ActiGel 2in1 ist ein Gel mit Zweifachwirkung \u2013 klinisch gepr\u00fcft zur Behandlung einer bakteriellen Vaginose und zur Wiederherstellung des nat\u00fcrlichen pH-Wertes einer gesunden Vaginalflora.\" \/>\n<meta name=\"robots\" content=\"index, follow, max-snippet:-1, max-image-preview:large, max-video-preview:-1\" \/>\n<link rel=\"canonical\" href=\"https:\/\/multi-gyn.com\/ch\/de\/produkt\/multi-gyn-actigel-2in1\/\" \/>\n<meta property=\"og:locale\" content=\"de_DE\" \/>\n<meta property=\"og:type\" content=\"article\" \/>\n<meta property=\"og:title\" content=\"Multi-Gyn ActiGel 2IN1 - Multi-Gyn\" \/>\n<meta property=\"og:description\" content=\"Multi-Gyn ActiGel 2in1 ist ein Gel mit Zweifachwirkung \u2013 klinisch gepr\u00fcft zur Behandlung einer bakteriellen Vaginose und zur Wiederherstellung des nat\u00fcrlichen pH-Wertes einer gesunden Vaginalflora.\" \/>\n<meta property=\"og:url\" content=\"https:\/\/multi-gyn.com\/ch\/de\/produkt\/multi-gyn-actigel-2in1\/\" \/>\n<meta property=\"og:site_name\" content=\"Multi-Gyn\" \/>\n<meta property=\"article:modified_time\" content=\"2026-03-26T09:25:18+00:00\" \/>\n<meta property=\"og:image\" content=\"https:\/\/multi-gyn.com\/app\/uploads\/sites\/24\/2023\/02\/Multi-Gyn-ActiGel-50ml-DACH.png\" \/>\n\t<meta property=\"og:image:width\" content=\"800\" \/>\n\t<meta property=\"og:image:height\" content=\"800\" \/>\n\t<meta property=\"og:image:type\" content=\"image\/png\" \/>\n<meta name=\"twitter:card\" content=\"summary_large_image\" \/>\n<meta name=\"twitter:label1\" content=\"Gesch\u00e4tzte Lesezeit\" \/>\n\t<meta name=\"twitter:data1\" content=\"3\u00a0Minuten\" \/>\n<script type=\"application\/ld+json\" class=\"yoast-schema-graph\">{\"@context\":\"https:\/\/schema.org\",\"@graph\":[{\"@type\":\"WebPage\",\"@id\":\"https:\/\/multi-gyn.com\/ch\/de\/produkt\/multi-gyn-actigel-2in1\/\",\"url\":\"https:\/\/multi-gyn.com\/ch\/de\/produkt\/multi-gyn-actigel-2in1\/\",\"name\":\"Multi-Gyn ActiGel 2IN1 - Multi-Gyn\",\"isPartOf\":{\"@id\":\"https:\/\/multi-gyn.com\/ch\/de\/#website\"},\"primaryImageOfPage\":{\"@id\":\"https:\/\/multi-gyn.com\/ch\/de\/produkt\/multi-gyn-actigel-2in1\/#primaryimage\"},\"image\":{\"@id\":\"https:\/\/multi-gyn.com\/ch\/de\/produkt\/multi-gyn-actigel-2in1\/#primaryimage\"},\"thumbnailUrl\":\"https:\/\/multi-gyn.com\/app\/uploads\/sites\/24\/2023\/02\/Multi-Gyn-ActiGel-50ml-DACH.png\",\"datePublished\":\"2023-02-23T13:13:04+00:00\",\"dateModified\":\"2026-03-26T09:25:18+00:00\",\"description\":\"Multi-Gyn ActiGel 2in1 ist ein Gel mit Zweifachwirkung \u2013 klinisch gepr\u00fcft zur Behandlung einer bakteriellen Vaginose und zur Wiederherstellung des nat\u00fcrlichen pH-Wertes einer gesunden Vaginalflora.\",\"breadcrumb\":{\"@id\":\"https:\/\/multi-gyn.com\/ch\/de\/produkt\/multi-gyn-actigel-2in1\/#breadcrumb\"},\"inLanguage\":\"de-CH\",\"potentialAction\":[{\"@type\":\"ReadAction\",\"target\":[\"https:\/\/multi-gyn.com\/ch\/de\/produkt\/multi-gyn-actigel-2in1\/\"]}]},{\"@type\":\"ImageObject\",\"inLanguage\":\"de-CH\",\"@id\":\"https:\/\/multi-gyn.com\/ch\/de\/produkt\/multi-gyn-actigel-2in1\/#primaryimage\",\"url\":\"https:\/\/multi-gyn.com\/app\/uploads\/sites\/24\/2023\/02\/Multi-Gyn-ActiGel-50ml-DACH.png\",\"contentUrl\":\"https:\/\/multi-gyn.com\/app\/uploads\/sites\/24\/2023\/02\/Multi-Gyn-ActiGel-50ml-DACH.png\",\"width\":800,\"height\":800,\"caption\":\"Multi-Gyn ActiGel 2IN1\"},{\"@type\":\"BreadcrumbList\",\"@id\":\"https:\/\/multi-gyn.com\/ch\/de\/produkt\/multi-gyn-actigel-2in1\/#breadcrumb\",\"itemListElement\":[{\"@type\":\"ListItem\",\"position\":1,\"name\":\"Startseite\",\"item\":\"https:\/\/multi-gyn.com\/ch\/de\/\"},{\"@type\":\"ListItem\",\"position\":2,\"name\":\"Produkte\",\"item\":\"https:\/\/multi-gyn.com\/ch\/de\/produkte\/\"},{\"@type\":\"ListItem\",\"position\":3,\"name\":\"Behandlung\",\"item\":\"https:\/\/multi-gyn.com\/ch\/de\/produkt-kategorie\/behandlung\/\"},{\"@type\":\"ListItem\",\"position\":4,\"name\":\"Multi-Gyn ActiGel 2IN1\"}]},{\"@type\":\"WebSite\",\"@id\":\"https:\/\/multi-gyn.com\/ch\/de\/#website\",\"url\":\"https:\/\/multi-gyn.com\/ch\/de\/\",\"name\":\"Multi-Gyn\",\"description\":\"\",\"publisher\":{\"@id\":\"https:\/\/multi-gyn.com\/ch\/de\/#organization\"},\"potentialAction\":[{\"@type\":\"SearchAction\",\"target\":{\"@type\":\"EntryPoint\",\"urlTemplate\":\"https:\/\/multi-gyn.com\/ch\/de\/?s={search_term_string}\"},\"query-input\":{\"@type\":\"PropertyValueSpecification\",\"valueRequired\":true,\"valueName\":\"search_term_string\"}}],\"inLanguage\":\"de-CH\"},{\"@type\":\"Organization\",\"@id\":\"https:\/\/multi-gyn.com\/ch\/de\/#organization\",\"name\":\"Multi-Gyn\",\"url\":\"https:\/\/multi-gyn.com\/ch\/de\/\",\"logo\":{\"@type\":\"ImageObject\",\"inLanguage\":\"de-CH\",\"@id\":\"https:\/\/multi-gyn.com\/ch\/de\/#\/schema\/logo\/image\/\",\"url\":\"https:\/\/multi-gyn.com\/app\/uploads\/sites\/24\/2022\/08\/multi-gyn-logo.png\",\"contentUrl\":\"https:\/\/multi-gyn.com\/app\/uploads\/sites\/24\/2022\/08\/multi-gyn-logo.png\",\"width\":149,\"height\":32,\"caption\":\"Multi-Gyn\"},\"image\":{\"@id\":\"https:\/\/multi-gyn.com\/ch\/de\/#\/schema\/logo\/image\/\"}}]}<\/script>\n<!-- \/ Yoast SEO plugin. -->","yoast_head_json":{"title":"Multi-Gyn ActiGel 2IN1 - Multi-Gyn","description":"Multi-Gyn ActiGel 2in1 ist ein Gel mit Zweifachwirkung \u2013 klinisch gepr\u00fcft zur Behandlung einer bakteriellen Vaginose und zur Wiederherstellung des nat\u00fcrlichen pH-Wertes einer gesunden Vaginalflora.","robots":{"index":"index","follow":"follow","max-snippet":"max-snippet:-1","max-image-preview":"max-image-preview:large","max-video-preview":"max-video-preview:-1"},"canonical":"https:\/\/multi-gyn.com\/ch\/de\/produkt\/multi-gyn-actigel-2in1\/","og_locale":"de_DE","og_type":"article","og_title":"Multi-Gyn ActiGel 2IN1 - Multi-Gyn","og_description":"Multi-Gyn ActiGel 2in1 ist ein Gel mit Zweifachwirkung \u2013 klinisch gepr\u00fcft zur Behandlung einer bakteriellen Vaginose und zur Wiederherstellung des nat\u00fcrlichen pH-Wertes einer gesunden Vaginalflora.","og_url":"https:\/\/multi-gyn.com\/ch\/de\/produkt\/multi-gyn-actigel-2in1\/","og_site_name":"Multi-Gyn","article_modified_time":"2026-03-26T09:25:18+00:00","og_image":[{"width":800,"height":800,"url":"https:\/\/multi-gyn.com\/app\/uploads\/sites\/24\/2023\/02\/Multi-Gyn-ActiGel-50ml-DACH.png","type":"image\/png"}],"twitter_card":"summary_large_image","twitter_misc":{"Gesch\u00e4tzte Lesezeit":"3\u00a0Minuten"},"schema":{"@context":"https:\/\/schema.org","@graph":[{"@type":"WebPage","@id":"https:\/\/multi-gyn.com\/ch\/de\/produkt\/multi-gyn-actigel-2in1\/","url":"https:\/\/multi-gyn.com\/ch\/de\/produkt\/multi-gyn-actigel-2in1\/","name":"Multi-Gyn ActiGel 2IN1 - Multi-Gyn","isPartOf":{"@id":"https:\/\/multi-gyn.com\/ch\/de\/#website"},"primaryImageOfPage":{"@id":"https:\/\/multi-gyn.com\/ch\/de\/produkt\/multi-gyn-actigel-2in1\/#primaryimage"},"image":{"@id":"https:\/\/multi-gyn.com\/ch\/de\/produkt\/multi-gyn-actigel-2in1\/#primaryimage"},"thumbnailUrl":"https:\/\/multi-gyn.com\/app\/uploads\/sites\/24\/2023\/02\/Multi-Gyn-ActiGel-50ml-DACH.png","datePublished":"2023-02-23T13:13:04+00:00","dateModified":"2026-03-26T09:25:18+00:00","description":"Multi-Gyn ActiGel 2in1 ist ein Gel mit Zweifachwirkung \u2013 klinisch gepr\u00fcft zur Behandlung einer bakteriellen Vaginose und zur Wiederherstellung des nat\u00fcrlichen pH-Wertes einer gesunden Vaginalflora.","breadcrumb":{"@id":"https:\/\/multi-gyn.com\/ch\/de\/produkt\/multi-gyn-actigel-2in1\/#breadcrumb"},"inLanguage":"de-CH","potentialAction":[{"@type":"ReadAction","target":["https:\/\/multi-gyn.com\/ch\/de\/produkt\/multi-gyn-actigel-2in1\/"]}]},{"@type":"ImageObject","inLanguage":"de-CH","@id":"https:\/\/multi-gyn.com\/ch\/de\/produkt\/multi-gyn-actigel-2in1\/#primaryimage","url":"https:\/\/multi-gyn.com\/app\/uploads\/sites\/24\/2023\/02\/Multi-Gyn-ActiGel-50ml-DACH.png","contentUrl":"https:\/\/multi-gyn.com\/app\/uploads\/sites\/24\/2023\/02\/Multi-Gyn-ActiGel-50ml-DACH.png","width":800,"height":800,"caption":"Multi-Gyn ActiGel 2IN1"},{"@type":"BreadcrumbList","@id":"https:\/\/multi-gyn.com\/ch\/de\/produkt\/multi-gyn-actigel-2in1\/#breadcrumb","itemListElement":[{"@type":"ListItem","position":1,"name":"Startseite","item":"https:\/\/multi-gyn.com\/ch\/de\/"},{"@type":"ListItem","position":2,"name":"Produkte","item":"https:\/\/multi-gyn.com\/ch\/de\/produkte\/"},{"@type":"ListItem","position":3,"name":"Behandlung","item":"https:\/\/multi-gyn.com\/ch\/de\/produkt-kategorie\/behandlung\/"},{"@type":"ListItem","position":4,"name":"Multi-Gyn ActiGel 2IN1"}]},{"@type":"WebSite","@id":"https:\/\/multi-gyn.com\/ch\/de\/#website","url":"https:\/\/multi-gyn.com\/ch\/de\/","name":"Multi-Gyn","description":"","publisher":{"@id":"https:\/\/multi-gyn.com\/ch\/de\/#organization"},"potentialAction":[{"@type":"SearchAction","target":{"@type":"EntryPoint","urlTemplate":"https:\/\/multi-gyn.com\/ch\/de\/?s={search_term_string}"},"query-input":{"@type":"PropertyValueSpecification","valueRequired":true,"valueName":"search_term_string"}}],"inLanguage":"de-CH"},{"@type":"Organization","@id":"https:\/\/multi-gyn.com\/ch\/de\/#organization","name":"Multi-Gyn","url":"https:\/\/multi-gyn.com\/ch\/de\/","logo":{"@type":"ImageObject","inLanguage":"de-CH","@id":"https:\/\/multi-gyn.com\/ch\/de\/#\/schema\/logo\/image\/","url":"https:\/\/multi-gyn.com\/app\/uploads\/sites\/24\/2022\/08\/multi-gyn-logo.png","contentUrl":"https:\/\/multi-gyn.com\/app\/uploads\/sites\/24\/2022\/08\/multi-gyn-logo.png","width":149,"height":32,"caption":"Multi-Gyn"},"image":{"@id":"https:\/\/multi-gyn.com\/ch\/de\/#\/schema\/logo\/image\/"}}]}},"_links":{"self":[{"href":"https:\/\/multi-gyn.com\/ch\/de\/wp-json\/wp\/v2\/product\/982","targetHints":{"allow":["GET"]}}],"collection":[{"href":"https:\/\/multi-gyn.com\/ch\/de\/wp-json\/wp\/v2\/product"}],"about":[{"href":"https:\/\/multi-gyn.com\/ch\/de\/wp-json\/wp\/v2\/types\/product"}],"replies":[{"embeddable":true,"href":"https:\/\/multi-gyn.com\/ch\/de\/wp-json\/wp\/v2\/comments?post=982"}],"version-history":[{"count":10,"href":"https:\/\/multi-gyn.com\/ch\/de\/wp-json\/wp\/v2\/product\/982\/revisions"}],"predecessor-version":[{"id":1450,"href":"https:\/\/multi-gyn.com\/ch\/de\/wp-json\/wp\/v2\/product\/982\/revisions\/1450"}],"wp:featuredmedia":[{"embeddable":true,"href":"https:\/\/multi-gyn.com\/ch\/de\/wp-json\/wp\/v2\/media\/1447"}],"wp:attachment":[{"href":"https:\/\/multi-gyn.com\/ch\/de\/wp-json\/wp\/v2\/media?parent=982"}],"wp:term":[{"taxonomy":"product_brand","embeddable":true,"href":"https:\/\/multi-gyn.com\/ch\/de\/wp-json\/wp\/v2\/product_brand?post=982"},{"taxonomy":"product_cat","embeddable":true,"href":"https:\/\/multi-gyn.com\/ch\/de\/wp-json\/wp\/v2\/product_cat?post=982"},{"taxonomy":"product_tag","embeddable":true,"href":"https:\/\/multi-gyn.com\/ch\/de\/wp-json\/wp\/v2\/product_tag?post=982"}],"curies":[{"name":"wp","href":"https:\/\/api.w.org\/{rel}","templated":true}]}}