{"id":78,"date":"2022-09-02T10:59:47","date_gmt":"2022-09-02T08:59:47","guid":{"rendered":"https:\/\/multi-gyn.com\/rebrand-ch\/faq\/"},"modified":"2026-03-16T15:55:17","modified_gmt":"2026-03-16T14:55:17","slug":"faq","status":"publish","type":"page","link":"https:\/\/multi-gyn.com\/ch\/fr\/faq\/","title":{"rendered":"FAQ"},"content":{"rendered":"\n<div class=\"wp-block-karopharma-free-text pt-large pb-large bg-center bg-cover bg-no-repeat\" style=\"background-image:url(https:\/\/multi-gyn.com\/cdn-cgi\/image\/format=auto\/app\/uploads\/sites\/24\/2025\/10\/Multi-Gyn_1920x750_Banner_FAQ.jpg)\"><div class=\"free-text-wrapper container max-w-medium text-center\">\n<div style=\"height:100px\" aria-hidden=\"true\" class=\"wp-block-spacer is-style-responsive-medium\"><\/div>\n\n\n\n<h1 class=\"wp-block-heading is-style-heading-huge has-white-color has-text-color\">FAQ<\/h1>\n\n\n\n<div style=\"height:100px\" aria-hidden=\"true\" class=\"wp-block-spacer is-style-responsive-medium\"><\/div>\n<\/div><\/div>\n\n\n\n<div class=\"wp-block-karopharma-accordions\"><div class=\"container\">\n<details class=\"wp-block-karopharma-accordion\"><summary><h2 class=\"accordion-title\">Qu\u2019est-ce qu\u2019une vaginose bact\u00e9rienne ?<\/h2><\/summary><div class=\"accordion-content\">\n<p>La plupart des vagins sentent un peu de temps en temps, et il n\u2019y a g\u00e9n\u00e9ralement pas lieu de s\u2019inqui\u00e9ter. Mais si l\u2019odeur de votre vagin est forte et \u00e9voque celle du poisson pourri, cela peut \u00eatre un signe de vaginose bact\u00e9rienne, ou VB. La vaginose bact\u00e9rienne est l\u2019infection vaginale la plus courante parmi celles causant une odeur vaginale. Elle touche pr\u00e8s d\u2019une femme sur quatre en Europe. Ce sont les femmes en \u00e2ge de procr\u00e9er qui pr\u00e9sentent le risque le plus \u00e9lev\u00e9 de VB, mais vous pouvez \u00eatre infect\u00e9e \u00e0 tout \u00e2ge. Bien que la VB soit caus\u00e9e par un d\u00e9s\u00e9quilibre bact\u00e9rien et ne soit pas consid\u00e9r\u00e9e comme une infection sexuellement transmissible, elle peut augmenter votre risque de contracter une maladie plus grave, par exemple des chlamydiae. La bonne nouvelle, c\u2019est que la VB se traite et se pr\u00e9vient facilement gr\u00e2ce \u00e0 des produits naturels que vous pouvez acheter en ligne ou dans votre pharmacie locale?<\/p>\n<\/div><\/details>\n\n\n\n<details class=\"wp-block-karopharma-accordion\"><summary><h2 class=\"accordion-title\">Qu\u2019est-ce qu\u2019une mycose vaginale?<\/h2><\/summary><div class=\"accordion-content\">\n<p>Votre vagin vous d\u00e9mange et vous irrite ? Avez-vous remarqu\u00e9 des pertes \u00e9paisses, blanches et grumeleuses ? Vous ressentez m\u00eame une sensation de br\u00fblure sur la vulve lorsque vous allez aux toilettes ? Dans ce cas, il se peut que vous ayez une mycose \u2013 et vous n\u2019\u00eates pas la seule. Jusqu\u2019\u00e0 trois femmes sur quatre souffrent de mycoses au moins une fois dans leur vie et de nombreuses femmes souffrent d\u2019infections r\u00e9currentes. Heureusement, les mycoses ne sont pas dangereuses et la plupart d\u2019entre elles sont faciles \u00e0 traiter et \u00e0 pr\u00e9venir gr\u00e2ce \u00e0 des produits que vous pouvez acheter en ligne ou trouver dans votre pharmacie locale.<\/p>\n<\/div><\/details>\n\n\n\n<details class=\"wp-block-karopharma-accordion\"><summary><h2 class=\"accordion-title\">Pourquoi mon vagin est-il sec?<\/h2><\/summary><div class=\"accordion-content\">\n<p>Les bouff\u00e9es de chaleur et les r\u00e8gles irr\u00e9guli\u00e8res sont deux signes bien connus qui indiquent que la m\u00e9nopause pourrait \u00eatre proche. Mais saviez-vous que la s\u00e9cheresse vaginale et l\u2019irritation vaginale sont d\u2019autres sympt\u00f4mes courants de la m\u00e9nopause ? Parce qu\u2019avec l\u2019\u00e2ge, votre vagin vieillit aussi. Normalement, les \u0153strog\u00e8nes aident \u00e0 lubrifier le vagin et \u00e0 le maintenir en bonne sant\u00e9, mais en atteignant la m\u00e9nopause, la production de cette hormone sexuelle f\u00e9minine tend \u00e0 diminuer de mani\u00e8re significative. En cons\u00e9quence, la muqueuse du vagin devient plus fine, plus s\u00e8che et plus sujette \u00e0 l\u2019inflammation, c\u2019est ce que l\u2019on appelle l\u2019atrophie vaginale. Mais la m\u00e9nopause n\u2019est pas l\u2019unique facteur de diminution de votre taux d\u2019\u0153strog\u00e8nes. L\u2019accouchement, l\u2019allaitement, certains probl\u00e8mes m\u00e9dicaux et la prise de contraceptifs oraux peuvent \u00e9galement faire baisser votre taux d\u2019\u0153strog\u00e8nes et entra\u00eener une s\u00e9cheresse vaginale. Dans certains cas, la s\u00e9cheresse vaginale n\u2019est pas du tout li\u00e9e aux \u0153strog\u00e8nes, mais \u00e0 des pratiques d\u2019hygi\u00e8ne excessives. Quelle que soit sa cause, il existe des traitements s\u00fbrs et efficaces qui peuvent vous aider.<\/p>\n<\/div><\/details>\n<\/div><\/div>\n","protected":false},"excerpt":{"rendered":"","protected":false},"author":6,"featured_media":0,"parent":0,"menu_order":0,"comment_status":"closed","ping_status":"closed","template":"","meta":{"_acf_changed":false,"footnotes":""},"from-article-database":[],"class_list":["post-78","page","type-page","status-publish","hentry"],"acf":[],"yoast_head":"<!-- This site is optimized with the Yoast SEO plugin v26.6 - https:\/\/yoast.com\/wordpress\/plugins\/seo\/ -->\n<title>FAQ - Multi-Gyn<\/title>\n<meta name=\"description\" content=\"Qu\u2019est-ce qu\u2019une vaginose bact\u00e9rienne ? Qu\u2019est-ce qu\u2019une mycose vaginale ? Pourquoi mon vagin est-il sec?\" \/>\n<meta name=\"robots\" content=\"index, follow, max-snippet:-1, max-image-preview:large, max-video-preview:-1\" \/>\n<link rel=\"canonical\" href=\"https:\/\/multi-gyn.com\/ch\/fr\/faq\/\" \/>\n<meta property=\"og:locale\" content=\"fr_FR\" \/>\n<meta property=\"og:type\" content=\"article\" \/>\n<meta property=\"og:title\" content=\"FAQ - Multi-Gyn\" \/>\n<meta property=\"og:description\" content=\"Qu\u2019est-ce qu\u2019une vaginose bact\u00e9rienne ? Qu\u2019est-ce qu\u2019une mycose vaginale ? Pourquoi mon vagin est-il sec?\" \/>\n<meta property=\"og:url\" content=\"https:\/\/multi-gyn.com\/ch\/fr\/faq\/\" \/>\n<meta property=\"og:site_name\" content=\"Multi-Gyn\" \/>\n<meta property=\"article:modified_time\" content=\"2026-03-16T14:55:17+00:00\" \/>\n<meta name=\"twitter:card\" content=\"summary_large_image\" \/>\n<meta name=\"twitter:label1\" content=\"Est. reading time\" \/>\n\t<meta name=\"twitter:data1\" content=\"2 minutes\" \/>\n<script type=\"application\/ld+json\" class=\"yoast-schema-graph\">{\"@context\":\"https:\/\/schema.org\",\"@graph\":[{\"@type\":\"WebPage\",\"@id\":\"https:\/\/multi-gyn.com\/ch\/fr\/faq\/\",\"url\":\"https:\/\/multi-gyn.com\/ch\/fr\/faq\/\",\"name\":\"FAQ - Multi-Gyn\",\"isPartOf\":{\"@id\":\"https:\/\/multi-gyn.com\/ch\/fr\/#website\"},\"datePublished\":\"2022-09-02T08:59:47+00:00\",\"dateModified\":\"2026-03-16T14:55:17+00:00\",\"description\":\"Qu\u2019est-ce qu\u2019une vaginose bact\u00e9rienne ? Qu\u2019est-ce qu\u2019une mycose vaginale ? Pourquoi mon vagin est-il sec?\",\"breadcrumb\":{\"@id\":\"https:\/\/multi-gyn.com\/ch\/fr\/faq\/#breadcrumb\"},\"inLanguage\":\"fr-CH\",\"potentialAction\":[{\"@type\":\"ReadAction\",\"target\":[\"https:\/\/multi-gyn.com\/ch\/fr\/faq\/\"]}]},{\"@type\":\"BreadcrumbList\",\"@id\":\"https:\/\/multi-gyn.com\/ch\/fr\/faq\/#breadcrumb\",\"itemListElement\":[{\"@type\":\"ListItem\",\"position\":1,\"name\":\"Page d'accueil\",\"item\":\"https:\/\/multi-gyn.com\/ch\/fr\/\"},{\"@type\":\"ListItem\",\"position\":2,\"name\":\"FAQ\"}]},{\"@type\":\"WebSite\",\"@id\":\"https:\/\/multi-gyn.com\/ch\/fr\/#website\",\"url\":\"https:\/\/multi-gyn.com\/ch\/fr\/\",\"name\":\"Multi-Gyn\",\"description\":\"\",\"publisher\":{\"@id\":\"https:\/\/multi-gyn.com\/ch\/fr\/#organization\"},\"potentialAction\":[{\"@type\":\"SearchAction\",\"target\":{\"@type\":\"EntryPoint\",\"urlTemplate\":\"https:\/\/multi-gyn.com\/ch\/fr\/?s={search_term_string}\"},\"query-input\":{\"@type\":\"PropertyValueSpecification\",\"valueRequired\":true,\"valueName\":\"search_term_string\"}}],\"inLanguage\":\"fr-CH\"},{\"@type\":\"Organization\",\"@id\":\"https:\/\/multi-gyn.com\/ch\/fr\/#organization\",\"name\":\"Multi-Gyn\",\"url\":\"https:\/\/multi-gyn.com\/ch\/fr\/\",\"logo\":{\"@type\":\"ImageObject\",\"inLanguage\":\"fr-CH\",\"@id\":\"https:\/\/multi-gyn.com\/ch\/fr\/#\/schema\/logo\/image\/\",\"url\":\"https:\/\/multi-gyn.com\/app\/uploads\/sites\/24\/2022\/08\/multi-gyn-logo.png\",\"contentUrl\":\"https:\/\/multi-gyn.com\/app\/uploads\/sites\/24\/2022\/08\/multi-gyn-logo.png\",\"width\":149,\"height\":32,\"caption\":\"Multi-Gyn\"},\"image\":{\"@id\":\"https:\/\/multi-gyn.com\/ch\/fr\/#\/schema\/logo\/image\/\"}}]}<\/script>\n<!-- \/ Yoast SEO plugin. -->","yoast_head_json":{"title":"FAQ - Multi-Gyn","description":"Qu\u2019est-ce qu\u2019une vaginose bact\u00e9rienne ? Qu\u2019est-ce qu\u2019une mycose vaginale ? Pourquoi mon vagin est-il sec?","robots":{"index":"index","follow":"follow","max-snippet":"max-snippet:-1","max-image-preview":"max-image-preview:large","max-video-preview":"max-video-preview:-1"},"canonical":"https:\/\/multi-gyn.com\/ch\/fr\/faq\/","og_locale":"fr_FR","og_type":"article","og_title":"FAQ - Multi-Gyn","og_description":"Qu\u2019est-ce qu\u2019une vaginose bact\u00e9rienne ? Qu\u2019est-ce qu\u2019une mycose vaginale ? Pourquoi mon vagin est-il sec?","og_url":"https:\/\/multi-gyn.com\/ch\/fr\/faq\/","og_site_name":"Multi-Gyn","article_modified_time":"2026-03-16T14:55:17+00:00","twitter_card":"summary_large_image","twitter_misc":{"Est. reading time":"2 minutes"},"schema":{"@context":"https:\/\/schema.org","@graph":[{"@type":"WebPage","@id":"https:\/\/multi-gyn.com\/ch\/fr\/faq\/","url":"https:\/\/multi-gyn.com\/ch\/fr\/faq\/","name":"FAQ - Multi-Gyn","isPartOf":{"@id":"https:\/\/multi-gyn.com\/ch\/fr\/#website"},"datePublished":"2022-09-02T08:59:47+00:00","dateModified":"2026-03-16T14:55:17+00:00","description":"Qu\u2019est-ce qu\u2019une vaginose bact\u00e9rienne ? Qu\u2019est-ce qu\u2019une mycose vaginale ? Pourquoi mon vagin est-il sec?","breadcrumb":{"@id":"https:\/\/multi-gyn.com\/ch\/fr\/faq\/#breadcrumb"},"inLanguage":"fr-CH","potentialAction":[{"@type":"ReadAction","target":["https:\/\/multi-gyn.com\/ch\/fr\/faq\/"]}]},{"@type":"BreadcrumbList","@id":"https:\/\/multi-gyn.com\/ch\/fr\/faq\/#breadcrumb","itemListElement":[{"@type":"ListItem","position":1,"name":"Page d'accueil","item":"https:\/\/multi-gyn.com\/ch\/fr\/"},{"@type":"ListItem","position":2,"name":"FAQ"}]},{"@type":"WebSite","@id":"https:\/\/multi-gyn.com\/ch\/fr\/#website","url":"https:\/\/multi-gyn.com\/ch\/fr\/","name":"Multi-Gyn","description":"","publisher":{"@id":"https:\/\/multi-gyn.com\/ch\/fr\/#organization"},"potentialAction":[{"@type":"SearchAction","target":{"@type":"EntryPoint","urlTemplate":"https:\/\/multi-gyn.com\/ch\/fr\/?s={search_term_string}"},"query-input":{"@type":"PropertyValueSpecification","valueRequired":true,"valueName":"search_term_string"}}],"inLanguage":"fr-CH"},{"@type":"Organization","@id":"https:\/\/multi-gyn.com\/ch\/fr\/#organization","name":"Multi-Gyn","url":"https:\/\/multi-gyn.com\/ch\/fr\/","logo":{"@type":"ImageObject","inLanguage":"fr-CH","@id":"https:\/\/multi-gyn.com\/ch\/fr\/#\/schema\/logo\/image\/","url":"https:\/\/multi-gyn.com\/app\/uploads\/sites\/24\/2022\/08\/multi-gyn-logo.png","contentUrl":"https:\/\/multi-gyn.com\/app\/uploads\/sites\/24\/2022\/08\/multi-gyn-logo.png","width":149,"height":32,"caption":"Multi-Gyn"},"image":{"@id":"https:\/\/multi-gyn.com\/ch\/fr\/#\/schema\/logo\/image\/"}}]}},"_links":{"self":[{"href":"https:\/\/multi-gyn.com\/ch\/fr\/wp-json\/wp\/v2\/pages\/78","targetHints":{"allow":["GET"]}}],"collection":[{"href":"https:\/\/multi-gyn.com\/ch\/fr\/wp-json\/wp\/v2\/pages"}],"about":[{"href":"https:\/\/multi-gyn.com\/ch\/fr\/wp-json\/wp\/v2\/types\/page"}],"author":[{"embeddable":true,"href":"https:\/\/multi-gyn.com\/ch\/fr\/wp-json\/wp\/v2\/users\/6"}],"replies":[{"embeddable":true,"href":"https:\/\/multi-gyn.com\/ch\/fr\/wp-json\/wp\/v2\/comments?post=78"}],"version-history":[{"count":5,"href":"https:\/\/multi-gyn.com\/ch\/fr\/wp-json\/wp\/v2\/pages\/78\/revisions"}],"predecessor-version":[{"id":1700,"href":"https:\/\/multi-gyn.com\/ch\/fr\/wp-json\/wp\/v2\/pages\/78\/revisions\/1700"}],"wp:attachment":[{"href":"https:\/\/multi-gyn.com\/ch\/fr\/wp-json\/wp\/v2\/media?parent=78"}],"wp:term":[{"taxonomy":"from-article-database","embeddable":true,"href":"https:\/\/multi-gyn.com\/ch\/fr\/wp-json\/wp\/v2\/from-article-database?post=78"}],"curies":[{"name":"wp","href":"https:\/\/api.w.org\/{rel}","templated":true}]}}