{"id":234,"date":"2022-09-02T15:25:34","date_gmt":"2022-09-02T13:25:34","guid":{"rendered":"https:\/\/multi-gyn.com\/rebrand-ch\/?post_type=product&#038;p=234"},"modified":"2026-03-16T15:55:15","modified_gmt":"2026-03-16T14:55:15","slug":"multi-gyn-douche-tablets","status":"publish","type":"product","link":"https:\/\/multi-gyn.com\/ch\/fr\/produit\/multi-gyn-douche-tablets\/","title":{"rendered":"Multi-Gyn Douche &#038; Tablets"},"content":{"rendered":"\n<div class=\"wp-block-karopharma-free-text pt-medium pb-medium bg-center bg-cover bg-no-repeat\" style=\"background-image:url()\"><div class=\"free-text-wrapper container max-w-medium text-left\">\n<div class=\"wp-block-karopharma-video\"><div class=\"video-wrapper\"><iframe loading=\"lazy\" frameborder=\"0\" allowfullscreen allow=\"accelerometer; encrypted-media; gyroscope; picture-in-picture\" data-src=\"https:\/\/www.youtube.com\/embed\/OLC5jvUGa58?autoplay=1\"><\/iframe><picture><source media=\"(max-width: 550px)\" srcset=\"https:\/\/img.youtube.com\/vi\/OLC5jvUGa58\/mqdefault.jpg\"\/><source media=\"(max-width: 800px)\" srcset=\"https:\/\/img.youtube.com\/vi\/OLC5jvUGa58\/hqdefault.jpg\"\/><img decoding=\"async\" width=\"1280\" height=\"720\" loading=\"lazy\" src=\"https:\/\/img.youtube.com\/vi\/OLC5jvUGa58\/maxresdefault.jpg\" alt=\"Embedded YouTube video player thumbnail\"\/><\/picture><div class=\"video-trigger group\"><div class=\"video-trigger__circle group-hover:opacity-[85%]\"><svg width=\"14\" height=\"16\" viewbox=\"0 0 14 16\" fill=\"none\" xmlns=\"http:\/\/www.w3.org\/2000\/svg\"><path d=\"M13.2625 6.70935L2.2625 0.206225C1.36875 -0.3219 0 0.1906 0 1.49685V14.5C0 15.6719 1.27188 16.3781 2.2625 15.7906L13.2625 9.2906C14.2437 8.71248 14.2469 7.28748 13.2625 6.70935V6.70935Z\" fill=\"white\"><\/path><\/svg><\/div><\/div><\/div><\/div>\n<\/div><\/div>\n\n<div class=\"wp-block-karopharma-accordions is-style-secondary\"><div class=\"container\">\n<details class=\"wp-block-karopharma-accordion\"><summary><h2 class=\"accordion-title\">Wie oft kann ich die Multi-Gyn Vaginaldusche anwenden?<\/h2><\/summary><div class=\"accordion-content\">\n<p>Manche Frauen neigen aufgrund Ihres Lebensstils, sexueller Aktivit\u00e4t oder auch infolge der Periode st\u00e4rker zu Beschwerden in der Scheide als andere. Je nach Ihren pers\u00f6nlichem Hygienebed\u00fcrfnis k\u00f6nnen Sie die Vaginaldusche auch h\u00e4ufiger anwenden. Es wird jedoch empfohlen, die Multi-Gyn Vaginaldusche nur einmal w\u00f6chentlich anzuwenden, es sei denn, Ihr Arzt oder Ihre \u00c4rztin r\u00e4t Ihnen zu h\u00e4ufigerer Anwendung.<\/p>\n<\/div><\/details>\n\n\n\n<details class=\"wp-block-karopharma-accordion\"><summary><h2 class=\"accordion-title\">Kann ich die Multi-Gyn Brausetabletten ohne die Vaginaldusche anwenden?<\/h2><\/summary><div class=\"accordion-content\">\n<p>Die Brausetabletten eignen sich ideal f\u00fcr die Verwendung mit der Multi-Gyn Vaginaldusche, nicht ohne sie.<\/p>\n<\/div><\/details>\n\n\n\n<details class=\"wp-block-karopharma-accordion\"><summary><h2 class=\"accordion-title\">Muss ich die Sp\u00fcll\u00f6sung komplett aufbrauchen?<\/h2><\/summary><div class=\"accordion-content\">\n<p>Nein, ein einmaliger sanfter Druck auf die Flasche reicht aus.<\/p>\n<\/div><\/details>\n\n\n\n<details class=\"wp-block-karopharma-accordion\"><summary><h2 class=\"accordion-title\">Kann ich die Sp\u00fcll\u00f6sung wiederverwenden?<\/h2><\/summary><div class=\"accordion-content\">\n<p>Nein. Jede Sp\u00fcll\u00f6sung soll nur einmal angewendet werden.<\/p>\n<\/div><\/details>\n\n\n\n<details class=\"wp-block-karopharma-accordion\"><summary><h2 class=\"accordion-title\">Ist das Einf\u00fchren der Multi-Gyn Vaginaldusche schwierig?<\/h2><\/summary><div class=\"accordion-content\">\n<p>Nein, die Anwendung der Vaginaldusche ist einfach. Achten Sie allerdings darauf, dass Sie eine entspannte Position finden und bequem stehen oder sitzen. Weitere Hinweise und eine genaue Beschreibung zur Anwendung der Multi-Gyn Vaginaldusche finden Sie in der Packungsbeilage.<\/p>\n<\/div><\/details>\n\n\n\n<details class=\"wp-block-karopharma-accordion\"><summary><h2 class=\"accordion-title\">Kann ich die Multi-Gyn Vaginaldusche auch mit Wasser verwenden?<\/h2><\/summary><div class=\"accordion-content\">\n<p>Ja, die Multi-Gyn Vaginaldusche kann auch mit lauwarmem Wasser verwendet werden. Empfohlen wird aber die Verwendung mit den Brausetabletten, um eine optimale, dem pH-Wert der Scheide angepasste Sp\u00fcll\u00f6sung zu erhalten.<\/p>\n<\/div><\/details>\n<\/div><\/div>\n","protected":false},"excerpt":{"rendered":"<p>Pour les douches vaginales<\/p>\n","protected":false},"featured_media":1029,"comment_status":"closed","ping_status":"closed","template":"","meta":{"_acf_changed":false,"footnotes":""},"product_brand":[],"product_cat":[],"product_tag":[],"class_list":{"0":"post-234","1":"product","2":"type-product","3":"status-publish","4":"has-post-thumbnail","7":"first","8":"instock","9":"shipping-taxable","10":"product-type-simple"},"acf":[],"yoast_head":"<!-- This site is optimized with the Yoast SEO plugin v26.6 - https:\/\/yoast.com\/wordpress\/plugins\/seo\/ -->\n<title>Multi-Gyn Douche &amp; Tablets - Multi-Gyn<\/title>\n<meta name=\"description\" content=\"Multi-Gyn Douche vaginale et comprim\u00e9s est id\u00e9al pour l\u2019hygi\u00e8ne vaginale g\u00e9n\u00e9rale.\" \/>\n<meta name=\"robots\" content=\"index, follow, max-snippet:-1, max-image-preview:large, max-video-preview:-1\" \/>\n<link rel=\"canonical\" href=\"https:\/\/multi-gyn.com\/ch\/fr\/produit\/multi-gyn-douche-tablets\/\" \/>\n<meta property=\"og:locale\" content=\"fr_FR\" \/>\n<meta property=\"og:type\" content=\"article\" \/>\n<meta property=\"og:title\" content=\"Multi-Gyn Douche &amp; Tablets - Multi-Gyn\" \/>\n<meta property=\"og:description\" content=\"Multi-Gyn Douche vaginale et comprim\u00e9s est id\u00e9al pour l\u2019hygi\u00e8ne vaginale g\u00e9n\u00e9rale.\" \/>\n<meta property=\"og:url\" content=\"https:\/\/multi-gyn.com\/ch\/fr\/produit\/multi-gyn-douche-tablets\/\" \/>\n<meta property=\"og:site_name\" content=\"Multi-Gyn\" \/>\n<meta property=\"article:modified_time\" content=\"2026-03-16T14:55:15+00:00\" \/>\n<meta property=\"og:image\" content=\"https:\/\/multi-gyn.com\/app\/uploads\/sites\/24\/2022\/09\/Multi-Gyn-Vaginal-Douche-2023.png\" \/>\n\t<meta property=\"og:image:width\" content=\"850\" \/>\n\t<meta property=\"og:image:height\" content=\"850\" \/>\n\t<meta property=\"og:image:type\" content=\"image\/png\" \/>\n<meta name=\"twitter:card\" content=\"summary_large_image\" \/>\n<meta name=\"twitter:label1\" content=\"Est. reading time\" \/>\n\t<meta name=\"twitter:data1\" content=\"1 minute\" \/>\n<script type=\"application\/ld+json\" class=\"yoast-schema-graph\">{\"@context\":\"https:\/\/schema.org\",\"@graph\":[{\"@type\":\"WebPage\",\"@id\":\"https:\/\/multi-gyn.com\/ch\/fr\/produit\/multi-gyn-douche-tablets\/\",\"url\":\"https:\/\/multi-gyn.com\/ch\/fr\/produit\/multi-gyn-douche-tablets\/\",\"name\":\"Multi-Gyn Douche & Tablets - Multi-Gyn\",\"isPartOf\":{\"@id\":\"https:\/\/multi-gyn.com\/ch\/fr\/#website\"},\"primaryImageOfPage\":{\"@id\":\"https:\/\/multi-gyn.com\/ch\/fr\/produit\/multi-gyn-douche-tablets\/#primaryimage\"},\"image\":{\"@id\":\"https:\/\/multi-gyn.com\/ch\/fr\/produit\/multi-gyn-douche-tablets\/#primaryimage\"},\"thumbnailUrl\":\"https:\/\/multi-gyn.com\/app\/uploads\/sites\/24\/2022\/09\/Multi-Gyn-Vaginal-Douche-2023.png\",\"datePublished\":\"2022-09-02T13:25:34+00:00\",\"dateModified\":\"2026-03-16T14:55:15+00:00\",\"description\":\"Multi-Gyn Douche vaginale et comprim\u00e9s est id\u00e9al pour l\u2019hygi\u00e8ne vaginale g\u00e9n\u00e9rale.\",\"breadcrumb\":{\"@id\":\"https:\/\/multi-gyn.com\/ch\/fr\/produit\/multi-gyn-douche-tablets\/#breadcrumb\"},\"inLanguage\":\"fr-CH\",\"potentialAction\":[{\"@type\":\"ReadAction\",\"target\":[\"https:\/\/multi-gyn.com\/ch\/fr\/produit\/multi-gyn-douche-tablets\/\"]}]},{\"@type\":\"ImageObject\",\"inLanguage\":\"fr-CH\",\"@id\":\"https:\/\/multi-gyn.com\/ch\/fr\/produit\/multi-gyn-douche-tablets\/#primaryimage\",\"url\":\"https:\/\/multi-gyn.com\/app\/uploads\/sites\/24\/2022\/09\/Multi-Gyn-Vaginal-Douche-2023.png\",\"contentUrl\":\"https:\/\/multi-gyn.com\/app\/uploads\/sites\/24\/2022\/09\/Multi-Gyn-Vaginal-Douche-2023.png\",\"width\":850,\"height\":850,\"caption\":\"Multi-Gyn Vaginal Douche\"},{\"@type\":\"BreadcrumbList\",\"@id\":\"https:\/\/multi-gyn.com\/ch\/fr\/produit\/multi-gyn-douche-tablets\/#breadcrumb\",\"itemListElement\":[{\"@type\":\"ListItem\",\"position\":1,\"name\":\"Page d'accueil\",\"item\":\"https:\/\/multi-gyn.com\/ch\/fr\/\"},{\"@type\":\"ListItem\",\"position\":2,\"name\":\"Produits\",\"item\":\"https:\/\/multi-gyn.com\/ch\/de\/produkte\/\"},{\"@type\":\"ListItem\",\"position\":3,\"name\":\"Uncategorized\",\"item\":\"https:\/\/multi-gyn.com\/ch\/de\/produkt-kategorie\/uncategorized\/\"},{\"@type\":\"ListItem\",\"position\":4,\"name\":\"Multi-Gyn Douche &#038; Tablets\"}]},{\"@type\":\"WebSite\",\"@id\":\"https:\/\/multi-gyn.com\/ch\/fr\/#website\",\"url\":\"https:\/\/multi-gyn.com\/ch\/fr\/\",\"name\":\"Multi-Gyn\",\"description\":\"\",\"publisher\":{\"@id\":\"https:\/\/multi-gyn.com\/ch\/fr\/#organization\"},\"potentialAction\":[{\"@type\":\"SearchAction\",\"target\":{\"@type\":\"EntryPoint\",\"urlTemplate\":\"https:\/\/multi-gyn.com\/ch\/fr\/?s={search_term_string}\"},\"query-input\":{\"@type\":\"PropertyValueSpecification\",\"valueRequired\":true,\"valueName\":\"search_term_string\"}}],\"inLanguage\":\"fr-CH\"},{\"@type\":\"Organization\",\"@id\":\"https:\/\/multi-gyn.com\/ch\/fr\/#organization\",\"name\":\"Multi-Gyn\",\"url\":\"https:\/\/multi-gyn.com\/ch\/fr\/\",\"logo\":{\"@type\":\"ImageObject\",\"inLanguage\":\"fr-CH\",\"@id\":\"https:\/\/multi-gyn.com\/ch\/fr\/#\/schema\/logo\/image\/\",\"url\":\"https:\/\/multi-gyn.com\/app\/uploads\/sites\/24\/2022\/08\/multi-gyn-logo.png\",\"contentUrl\":\"https:\/\/multi-gyn.com\/app\/uploads\/sites\/24\/2022\/08\/multi-gyn-logo.png\",\"width\":149,\"height\":32,\"caption\":\"Multi-Gyn\"},\"image\":{\"@id\":\"https:\/\/multi-gyn.com\/ch\/fr\/#\/schema\/logo\/image\/\"}}]}<\/script>\n<!-- \/ Yoast SEO plugin. -->","yoast_head_json":{"title":"Multi-Gyn Douche & Tablets - Multi-Gyn","description":"Multi-Gyn Douche vaginale et comprim\u00e9s est id\u00e9al pour l\u2019hygi\u00e8ne vaginale g\u00e9n\u00e9rale.","robots":{"index":"index","follow":"follow","max-snippet":"max-snippet:-1","max-image-preview":"max-image-preview:large","max-video-preview":"max-video-preview:-1"},"canonical":"https:\/\/multi-gyn.com\/ch\/fr\/produit\/multi-gyn-douche-tablets\/","og_locale":"fr_FR","og_type":"article","og_title":"Multi-Gyn Douche & Tablets - Multi-Gyn","og_description":"Multi-Gyn Douche vaginale et comprim\u00e9s est id\u00e9al pour l\u2019hygi\u00e8ne vaginale g\u00e9n\u00e9rale.","og_url":"https:\/\/multi-gyn.com\/ch\/fr\/produit\/multi-gyn-douche-tablets\/","og_site_name":"Multi-Gyn","article_modified_time":"2026-03-16T14:55:15+00:00","og_image":[{"width":850,"height":850,"url":"https:\/\/multi-gyn.com\/app\/uploads\/sites\/24\/2022\/09\/Multi-Gyn-Vaginal-Douche-2023.png","type":"image\/png"}],"twitter_card":"summary_large_image","twitter_misc":{"Est. reading time":"1 minute"},"schema":{"@context":"https:\/\/schema.org","@graph":[{"@type":"WebPage","@id":"https:\/\/multi-gyn.com\/ch\/fr\/produit\/multi-gyn-douche-tablets\/","url":"https:\/\/multi-gyn.com\/ch\/fr\/produit\/multi-gyn-douche-tablets\/","name":"Multi-Gyn Douche & Tablets - Multi-Gyn","isPartOf":{"@id":"https:\/\/multi-gyn.com\/ch\/fr\/#website"},"primaryImageOfPage":{"@id":"https:\/\/multi-gyn.com\/ch\/fr\/produit\/multi-gyn-douche-tablets\/#primaryimage"},"image":{"@id":"https:\/\/multi-gyn.com\/ch\/fr\/produit\/multi-gyn-douche-tablets\/#primaryimage"},"thumbnailUrl":"https:\/\/multi-gyn.com\/app\/uploads\/sites\/24\/2022\/09\/Multi-Gyn-Vaginal-Douche-2023.png","datePublished":"2022-09-02T13:25:34+00:00","dateModified":"2026-03-16T14:55:15+00:00","description":"Multi-Gyn Douche vaginale et comprim\u00e9s est id\u00e9al pour l\u2019hygi\u00e8ne vaginale g\u00e9n\u00e9rale.","breadcrumb":{"@id":"https:\/\/multi-gyn.com\/ch\/fr\/produit\/multi-gyn-douche-tablets\/#breadcrumb"},"inLanguage":"fr-CH","potentialAction":[{"@type":"ReadAction","target":["https:\/\/multi-gyn.com\/ch\/fr\/produit\/multi-gyn-douche-tablets\/"]}]},{"@type":"ImageObject","inLanguage":"fr-CH","@id":"https:\/\/multi-gyn.com\/ch\/fr\/produit\/multi-gyn-douche-tablets\/#primaryimage","url":"https:\/\/multi-gyn.com\/app\/uploads\/sites\/24\/2022\/09\/Multi-Gyn-Vaginal-Douche-2023.png","contentUrl":"https:\/\/multi-gyn.com\/app\/uploads\/sites\/24\/2022\/09\/Multi-Gyn-Vaginal-Douche-2023.png","width":850,"height":850,"caption":"Multi-Gyn Vaginal Douche"},{"@type":"BreadcrumbList","@id":"https:\/\/multi-gyn.com\/ch\/fr\/produit\/multi-gyn-douche-tablets\/#breadcrumb","itemListElement":[{"@type":"ListItem","position":1,"name":"Page d'accueil","item":"https:\/\/multi-gyn.com\/ch\/fr\/"},{"@type":"ListItem","position":2,"name":"Produits","item":"https:\/\/multi-gyn.com\/ch\/de\/produkte\/"},{"@type":"ListItem","position":3,"name":"Uncategorized","item":"https:\/\/multi-gyn.com\/ch\/de\/produkt-kategorie\/uncategorized\/"},{"@type":"ListItem","position":4,"name":"Multi-Gyn Douche &#038; Tablets"}]},{"@type":"WebSite","@id":"https:\/\/multi-gyn.com\/ch\/fr\/#website","url":"https:\/\/multi-gyn.com\/ch\/fr\/","name":"Multi-Gyn","description":"","publisher":{"@id":"https:\/\/multi-gyn.com\/ch\/fr\/#organization"},"potentialAction":[{"@type":"SearchAction","target":{"@type":"EntryPoint","urlTemplate":"https:\/\/multi-gyn.com\/ch\/fr\/?s={search_term_string}"},"query-input":{"@type":"PropertyValueSpecification","valueRequired":true,"valueName":"search_term_string"}}],"inLanguage":"fr-CH"},{"@type":"Organization","@id":"https:\/\/multi-gyn.com\/ch\/fr\/#organization","name":"Multi-Gyn","url":"https:\/\/multi-gyn.com\/ch\/fr\/","logo":{"@type":"ImageObject","inLanguage":"fr-CH","@id":"https:\/\/multi-gyn.com\/ch\/fr\/#\/schema\/logo\/image\/","url":"https:\/\/multi-gyn.com\/app\/uploads\/sites\/24\/2022\/08\/multi-gyn-logo.png","contentUrl":"https:\/\/multi-gyn.com\/app\/uploads\/sites\/24\/2022\/08\/multi-gyn-logo.png","width":149,"height":32,"caption":"Multi-Gyn"},"image":{"@id":"https:\/\/multi-gyn.com\/ch\/fr\/#\/schema\/logo\/image\/"}}]}},"_links":{"self":[{"href":"https:\/\/multi-gyn.com\/ch\/fr\/wp-json\/wp\/v2\/product\/234","targetHints":{"allow":["GET"]}}],"collection":[{"href":"https:\/\/multi-gyn.com\/ch\/fr\/wp-json\/wp\/v2\/product"}],"about":[{"href":"https:\/\/multi-gyn.com\/ch\/fr\/wp-json\/wp\/v2\/types\/product"}],"replies":[{"embeddable":true,"href":"https:\/\/multi-gyn.com\/ch\/fr\/wp-json\/wp\/v2\/comments?post=234"}],"version-history":[{"count":9,"href":"https:\/\/multi-gyn.com\/ch\/fr\/wp-json\/wp\/v2\/product\/234\/revisions"}],"predecessor-version":[{"id":1912,"href":"https:\/\/multi-gyn.com\/ch\/fr\/wp-json\/wp\/v2\/product\/234\/revisions\/1912"}],"wp:featuredmedia":[{"embeddable":true,"href":"https:\/\/multi-gyn.com\/ch\/fr\/wp-json\/wp\/v2\/media\/1029"}],"wp:attachment":[{"href":"https:\/\/multi-gyn.com\/ch\/fr\/wp-json\/wp\/v2\/media?parent=234"}],"wp:term":[{"taxonomy":"product_brand","embeddable":true,"href":"https:\/\/multi-gyn.com\/ch\/fr\/wp-json\/wp\/v2\/product_brand?post=234"},{"taxonomy":"product_cat","embeddable":true,"href":"https:\/\/multi-gyn.com\/ch\/fr\/wp-json\/wp\/v2\/product_cat?post=234"},{"taxonomy":"product_tag","embeddable":true,"href":"https:\/\/multi-gyn.com\/ch\/fr\/wp-json\/wp\/v2\/product_tag?post=234"}],"curies":[{"name":"wp","href":"https:\/\/api.w.org\/{rel}","templated":true}]}}