{"id":236,"date":"2022-09-02T15:16:36","date_gmt":"2022-09-02T13:16:36","guid":{"rendered":"https:\/\/multi-gyn.com\/rebrand-ch\/?post_type=product&#038;p=236"},"modified":"2026-03-16T15:55:15","modified_gmt":"2026-03-16T14:55:15","slug":"multi-gyn-intifresh","status":"publish","type":"product","link":"https:\/\/multi-gyn.com\/ch\/fr\/produit\/multi-gyn-intifresh\/","title":{"rendered":"Multi-Gyn IntiFresh"},"content":{"rendered":"\n<div class=\"wp-block-karopharma-free-text pt-large pb-large bg-center bg-cover bg-no-repeat\" style=\"background-image:url()\"><div class=\"free-text-wrapper container max-w-medium text-left\">\n<div class=\"wp-block-karopharma-video\"><div class=\"video-wrapper\"><iframe loading=\"lazy\" frameborder=\"0\" allowfullscreen allow=\"accelerometer; encrypted-media; gyroscope; picture-in-picture\" data-src=\"https:\/\/www.youtube.com\/embed\/AEDIRHCQI_Q?autoplay=1\"><\/iframe><picture><source media=\"(max-width: 550px)\" srcset=\"https:\/\/img.youtube.com\/vi\/AEDIRHCQI_Q\/mqdefault.jpg\"\/><source media=\"(max-width: 800px)\" srcset=\"https:\/\/img.youtube.com\/vi\/AEDIRHCQI_Q\/hqdefault.jpg\"\/><img decoding=\"async\" width=\"1280\" height=\"720\" loading=\"lazy\" src=\"https:\/\/img.youtube.com\/vi\/AEDIRHCQI_Q\/maxresdefault.jpg\" alt=\"Embedded YouTube video player thumbnail\"\/><\/picture><div class=\"video-trigger group\"><div class=\"video-trigger__circle group-hover:opacity-[85%]\"><svg width=\"14\" height=\"16\" viewbox=\"0 0 14 16\" fill=\"none\" xmlns=\"http:\/\/www.w3.org\/2000\/svg\"><path d=\"M13.2625 6.70935L2.2625 0.206225C1.36875 -0.3219 0 0.1906 0 1.49685V14.5C0 15.6719 1.27188 16.3781 2.2625 15.7906L13.2625 9.2906C14.2437 8.71248 14.2469 7.28748 13.2625 6.70935V6.70935Z\" fill=\"white\"><\/path><\/svg><\/div><\/div><\/div><\/div>\n<\/div><\/div>\n\n<div class=\"wp-block-karopharma-accordions is-style-secondary\"><div class=\"container\">\n<details class=\"wp-block-karopharma-accordion\"><summary><h2 class=\"accordion-title\">Wie oft kann ich Multi-Gyn IntiFresh anwenden?<\/h2><\/summary><div class=\"accordion-content\">\n<p>So oft Sie m\u00f6chten.<\/p>\n<\/div><\/details>\n\n\n\n<details class=\"wp-block-karopharma-accordion\"><summary><h2 class=\"accordion-title\">Eignet sich Multi-Gyn IntiFresh f\u00fcr die innere Anwendung?<\/h2><\/summary><div class=\"accordion-content\">\n<p>Nein, es ist nur f\u00fcr die \u00e4u\u00dfere Anwendung geeignet.<\/p>\n<\/div><\/details>\n<\/div><\/div>\n\n<p><a href=\"https:\/\/multi-gyn.com\/rebrand-ch\/wp-admin\/edit.php?post_type=product\"><\/a><\/p>\n","protected":false},"excerpt":{"rendered":"<p>Les nouvelles lingettes humides douces et naturelles pour l\u2019hygi\u00e8ne intime!<\/p>\n","protected":false},"featured_media":1057,"comment_status":"closed","ping_status":"closed","template":"","meta":{"_acf_changed":false,"footnotes":""},"product_brand":[],"product_cat":[],"product_tag":[],"class_list":{"0":"post-236","1":"product","2":"type-product","3":"status-publish","4":"has-post-thumbnail","7":"first","8":"instock","9":"shipping-taxable","10":"product-type-simple"},"acf":[],"yoast_head":"<!-- This site is optimized with the Yoast SEO plugin v26.6 - https:\/\/yoast.com\/wordpress\/plugins\/seo\/ -->\n<title>Multi-Gyn IntiFresh - Multi-Gyn<\/title>\n<meta name=\"description\" content=\"Ils offrent une sensation de fra\u00eecheur durable et un nettoyage en douceur.\" \/>\n<meta name=\"robots\" content=\"index, follow, max-snippet:-1, max-image-preview:large, max-video-preview:-1\" \/>\n<link rel=\"canonical\" href=\"https:\/\/multi-gyn.com\/ch\/fr\/produit\/multi-gyn-intifresh\/\" \/>\n<meta property=\"og:locale\" content=\"fr_FR\" \/>\n<meta property=\"og:type\" content=\"article\" \/>\n<meta property=\"og:title\" content=\"Multi-Gyn IntiFresh - Multi-Gyn\" \/>\n<meta property=\"og:description\" content=\"Ils offrent une sensation de fra\u00eecheur durable et un nettoyage en douceur.\" \/>\n<meta property=\"og:url\" content=\"https:\/\/multi-gyn.com\/ch\/fr\/produit\/multi-gyn-intifresh\/\" \/>\n<meta property=\"og:site_name\" content=\"Multi-Gyn\" \/>\n<meta property=\"article:modified_time\" content=\"2026-03-16T14:55:15+00:00\" \/>\n<meta property=\"og:image\" content=\"https:\/\/multi-gyn.com\/app\/uploads\/sites\/24\/2022\/09\/Multi-Gyn-IntiFresh.png\" \/>\n\t<meta property=\"og:image:width\" content=\"800\" \/>\n\t<meta property=\"og:image:height\" content=\"800\" \/>\n\t<meta property=\"og:image:type\" content=\"image\/png\" \/>\n<meta name=\"twitter:card\" content=\"summary_large_image\" \/>\n<meta name=\"twitter:label1\" content=\"Est. reading time\" \/>\n\t<meta name=\"twitter:data1\" content=\"1 minute\" \/>\n<script type=\"application\/ld+json\" class=\"yoast-schema-graph\">{\"@context\":\"https:\/\/schema.org\",\"@graph\":[{\"@type\":\"WebPage\",\"@id\":\"https:\/\/multi-gyn.com\/ch\/fr\/produit\/multi-gyn-intifresh\/\",\"url\":\"https:\/\/multi-gyn.com\/ch\/fr\/produit\/multi-gyn-intifresh\/\",\"name\":\"Multi-Gyn IntiFresh - Multi-Gyn\",\"isPartOf\":{\"@id\":\"https:\/\/multi-gyn.com\/ch\/fr\/#website\"},\"primaryImageOfPage\":{\"@id\":\"https:\/\/multi-gyn.com\/ch\/fr\/produit\/multi-gyn-intifresh\/#primaryimage\"},\"image\":{\"@id\":\"https:\/\/multi-gyn.com\/ch\/fr\/produit\/multi-gyn-intifresh\/#primaryimage\"},\"thumbnailUrl\":\"https:\/\/multi-gyn.com\/app\/uploads\/sites\/24\/2022\/09\/Multi-Gyn-IntiFresh.png\",\"datePublished\":\"2022-09-02T13:16:36+00:00\",\"dateModified\":\"2026-03-16T14:55:15+00:00\",\"description\":\"Ils offrent une sensation de fra\u00eecheur durable et un nettoyage en douceur.\",\"breadcrumb\":{\"@id\":\"https:\/\/multi-gyn.com\/ch\/fr\/produit\/multi-gyn-intifresh\/#breadcrumb\"},\"inLanguage\":\"fr-CH\",\"potentialAction\":[{\"@type\":\"ReadAction\",\"target\":[\"https:\/\/multi-gyn.com\/ch\/fr\/produit\/multi-gyn-intifresh\/\"]}]},{\"@type\":\"ImageObject\",\"inLanguage\":\"fr-CH\",\"@id\":\"https:\/\/multi-gyn.com\/ch\/fr\/produit\/multi-gyn-intifresh\/#primaryimage\",\"url\":\"https:\/\/multi-gyn.com\/app\/uploads\/sites\/24\/2022\/09\/Multi-Gyn-IntiFresh.png\",\"contentUrl\":\"https:\/\/multi-gyn.com\/app\/uploads\/sites\/24\/2022\/09\/Multi-Gyn-IntiFresh.png\",\"width\":800,\"height\":800,\"caption\":\"Multi-Gyn IntiFresh\"},{\"@type\":\"BreadcrumbList\",\"@id\":\"https:\/\/multi-gyn.com\/ch\/fr\/produit\/multi-gyn-intifresh\/#breadcrumb\",\"itemListElement\":[{\"@type\":\"ListItem\",\"position\":1,\"name\":\"Page d'accueil\",\"item\":\"https:\/\/multi-gyn.com\/ch\/fr\/\"},{\"@type\":\"ListItem\",\"position\":2,\"name\":\"Produits\",\"item\":\"https:\/\/multi-gyn.com\/ch\/de\/produkte\/\"},{\"@type\":\"ListItem\",\"position\":3,\"name\":\"Uncategorized\",\"item\":\"https:\/\/multi-gyn.com\/ch\/de\/produkt-kategorie\/uncategorized\/\"},{\"@type\":\"ListItem\",\"position\":4,\"name\":\"Multi-Gyn IntiFresh\"}]},{\"@type\":\"WebSite\",\"@id\":\"https:\/\/multi-gyn.com\/ch\/fr\/#website\",\"url\":\"https:\/\/multi-gyn.com\/ch\/fr\/\",\"name\":\"Multi-Gyn\",\"description\":\"\",\"publisher\":{\"@id\":\"https:\/\/multi-gyn.com\/ch\/fr\/#organization\"},\"potentialAction\":[{\"@type\":\"SearchAction\",\"target\":{\"@type\":\"EntryPoint\",\"urlTemplate\":\"https:\/\/multi-gyn.com\/ch\/fr\/?s={search_term_string}\"},\"query-input\":{\"@type\":\"PropertyValueSpecification\",\"valueRequired\":true,\"valueName\":\"search_term_string\"}}],\"inLanguage\":\"fr-CH\"},{\"@type\":\"Organization\",\"@id\":\"https:\/\/multi-gyn.com\/ch\/fr\/#organization\",\"name\":\"Multi-Gyn\",\"url\":\"https:\/\/multi-gyn.com\/ch\/fr\/\",\"logo\":{\"@type\":\"ImageObject\",\"inLanguage\":\"fr-CH\",\"@id\":\"https:\/\/multi-gyn.com\/ch\/fr\/#\/schema\/logo\/image\/\",\"url\":\"https:\/\/multi-gyn.com\/app\/uploads\/sites\/24\/2022\/08\/multi-gyn-logo.png\",\"contentUrl\":\"https:\/\/multi-gyn.com\/app\/uploads\/sites\/24\/2022\/08\/multi-gyn-logo.png\",\"width\":149,\"height\":32,\"caption\":\"Multi-Gyn\"},\"image\":{\"@id\":\"https:\/\/multi-gyn.com\/ch\/fr\/#\/schema\/logo\/image\/\"}}]}<\/script>\n<!-- \/ Yoast SEO plugin. -->","yoast_head_json":{"title":"Multi-Gyn IntiFresh - Multi-Gyn","description":"Ils offrent une sensation de fra\u00eecheur durable et un nettoyage en douceur.","robots":{"index":"index","follow":"follow","max-snippet":"max-snippet:-1","max-image-preview":"max-image-preview:large","max-video-preview":"max-video-preview:-1"},"canonical":"https:\/\/multi-gyn.com\/ch\/fr\/produit\/multi-gyn-intifresh\/","og_locale":"fr_FR","og_type":"article","og_title":"Multi-Gyn IntiFresh - Multi-Gyn","og_description":"Ils offrent une sensation de fra\u00eecheur durable et un nettoyage en douceur.","og_url":"https:\/\/multi-gyn.com\/ch\/fr\/produit\/multi-gyn-intifresh\/","og_site_name":"Multi-Gyn","article_modified_time":"2026-03-16T14:55:15+00:00","og_image":[{"width":800,"height":800,"url":"https:\/\/multi-gyn.com\/app\/uploads\/sites\/24\/2022\/09\/Multi-Gyn-IntiFresh.png","type":"image\/png"}],"twitter_card":"summary_large_image","twitter_misc":{"Est. reading time":"1 minute"},"schema":{"@context":"https:\/\/schema.org","@graph":[{"@type":"WebPage","@id":"https:\/\/multi-gyn.com\/ch\/fr\/produit\/multi-gyn-intifresh\/","url":"https:\/\/multi-gyn.com\/ch\/fr\/produit\/multi-gyn-intifresh\/","name":"Multi-Gyn IntiFresh - Multi-Gyn","isPartOf":{"@id":"https:\/\/multi-gyn.com\/ch\/fr\/#website"},"primaryImageOfPage":{"@id":"https:\/\/multi-gyn.com\/ch\/fr\/produit\/multi-gyn-intifresh\/#primaryimage"},"image":{"@id":"https:\/\/multi-gyn.com\/ch\/fr\/produit\/multi-gyn-intifresh\/#primaryimage"},"thumbnailUrl":"https:\/\/multi-gyn.com\/app\/uploads\/sites\/24\/2022\/09\/Multi-Gyn-IntiFresh.png","datePublished":"2022-09-02T13:16:36+00:00","dateModified":"2026-03-16T14:55:15+00:00","description":"Ils offrent une sensation de fra\u00eecheur durable et un nettoyage en douceur.","breadcrumb":{"@id":"https:\/\/multi-gyn.com\/ch\/fr\/produit\/multi-gyn-intifresh\/#breadcrumb"},"inLanguage":"fr-CH","potentialAction":[{"@type":"ReadAction","target":["https:\/\/multi-gyn.com\/ch\/fr\/produit\/multi-gyn-intifresh\/"]}]},{"@type":"ImageObject","inLanguage":"fr-CH","@id":"https:\/\/multi-gyn.com\/ch\/fr\/produit\/multi-gyn-intifresh\/#primaryimage","url":"https:\/\/multi-gyn.com\/app\/uploads\/sites\/24\/2022\/09\/Multi-Gyn-IntiFresh.png","contentUrl":"https:\/\/multi-gyn.com\/app\/uploads\/sites\/24\/2022\/09\/Multi-Gyn-IntiFresh.png","width":800,"height":800,"caption":"Multi-Gyn IntiFresh"},{"@type":"BreadcrumbList","@id":"https:\/\/multi-gyn.com\/ch\/fr\/produit\/multi-gyn-intifresh\/#breadcrumb","itemListElement":[{"@type":"ListItem","position":1,"name":"Page d'accueil","item":"https:\/\/multi-gyn.com\/ch\/fr\/"},{"@type":"ListItem","position":2,"name":"Produits","item":"https:\/\/multi-gyn.com\/ch\/de\/produkte\/"},{"@type":"ListItem","position":3,"name":"Uncategorized","item":"https:\/\/multi-gyn.com\/ch\/de\/produkt-kategorie\/uncategorized\/"},{"@type":"ListItem","position":4,"name":"Multi-Gyn IntiFresh"}]},{"@type":"WebSite","@id":"https:\/\/multi-gyn.com\/ch\/fr\/#website","url":"https:\/\/multi-gyn.com\/ch\/fr\/","name":"Multi-Gyn","description":"","publisher":{"@id":"https:\/\/multi-gyn.com\/ch\/fr\/#organization"},"potentialAction":[{"@type":"SearchAction","target":{"@type":"EntryPoint","urlTemplate":"https:\/\/multi-gyn.com\/ch\/fr\/?s={search_term_string}"},"query-input":{"@type":"PropertyValueSpecification","valueRequired":true,"valueName":"search_term_string"}}],"inLanguage":"fr-CH"},{"@type":"Organization","@id":"https:\/\/multi-gyn.com\/ch\/fr\/#organization","name":"Multi-Gyn","url":"https:\/\/multi-gyn.com\/ch\/fr\/","logo":{"@type":"ImageObject","inLanguage":"fr-CH","@id":"https:\/\/multi-gyn.com\/ch\/fr\/#\/schema\/logo\/image\/","url":"https:\/\/multi-gyn.com\/app\/uploads\/sites\/24\/2022\/08\/multi-gyn-logo.png","contentUrl":"https:\/\/multi-gyn.com\/app\/uploads\/sites\/24\/2022\/08\/multi-gyn-logo.png","width":149,"height":32,"caption":"Multi-Gyn"},"image":{"@id":"https:\/\/multi-gyn.com\/ch\/fr\/#\/schema\/logo\/image\/"}}]}},"_links":{"self":[{"href":"https:\/\/multi-gyn.com\/ch\/fr\/wp-json\/wp\/v2\/product\/236","targetHints":{"allow":["GET"]}}],"collection":[{"href":"https:\/\/multi-gyn.com\/ch\/fr\/wp-json\/wp\/v2\/product"}],"about":[{"href":"https:\/\/multi-gyn.com\/ch\/fr\/wp-json\/wp\/v2\/types\/product"}],"replies":[{"embeddable":true,"href":"https:\/\/multi-gyn.com\/ch\/fr\/wp-json\/wp\/v2\/comments?post=236"}],"version-history":[{"count":9,"href":"https:\/\/multi-gyn.com\/ch\/fr\/wp-json\/wp\/v2\/product\/236\/revisions"}],"predecessor-version":[{"id":1926,"href":"https:\/\/multi-gyn.com\/ch\/fr\/wp-json\/wp\/v2\/product\/236\/revisions\/1926"}],"wp:featuredmedia":[{"embeddable":true,"href":"https:\/\/multi-gyn.com\/ch\/fr\/wp-json\/wp\/v2\/media\/1057"}],"wp:attachment":[{"href":"https:\/\/multi-gyn.com\/ch\/fr\/wp-json\/wp\/v2\/media?parent=236"}],"wp:term":[{"taxonomy":"product_brand","embeddable":true,"href":"https:\/\/multi-gyn.com\/ch\/fr\/wp-json\/wp\/v2\/product_brand?post=236"},{"taxonomy":"product_cat","embeddable":true,"href":"https:\/\/multi-gyn.com\/ch\/fr\/wp-json\/wp\/v2\/product_cat?post=236"},{"taxonomy":"product_tag","embeddable":true,"href":"https:\/\/multi-gyn.com\/ch\/fr\/wp-json\/wp\/v2\/product_tag?post=236"}],"curies":[{"name":"wp","href":"https:\/\/api.w.org\/{rel}","templated":true}]}}