{"id":251,"date":"2022-09-02T14:42:01","date_gmt":"2022-09-02T12:42:01","guid":{"rendered":"https:\/\/multi-gyn.com\/rebrand-ch\/?post_type=product&#038;p=251"},"modified":"2026-03-16T15:55:16","modified_gmt":"2026-03-16T14:55:16","slug":"multi-gyn-floraplus","status":"publish","type":"product","link":"https:\/\/multi-gyn.com\/ch\/fr\/produit\/multi-gyn-floraplus\/","title":{"rendered":"Multi-Gyn FloraPlus"},"content":{"rendered":"\n<div class=\"wp-block-karopharma-free-text pt-medium pb-medium bg-center bg-cover bg-no-repeat\" style=\"background-image:url()\"><div class=\"free-text-wrapper container max-w-medium text-left\">\n<div class=\"wp-block-karopharma-video\"><div class=\"video-wrapper\"><iframe loading=\"lazy\" frameborder=\"0\" allowfullscreen allow=\"accelerometer; encrypted-media; gyroscope; picture-in-picture\" data-src=\"https:\/\/www.youtube.com\/embed\/saMcirZ4D38?autoplay=1\"><\/iframe><picture><source media=\"(max-width: 550px)\" srcset=\"https:\/\/img.youtube.com\/vi\/saMcirZ4D38\/mqdefault.jpg\"\/><source media=\"(max-width: 800px)\" srcset=\"https:\/\/img.youtube.com\/vi\/saMcirZ4D38\/hqdefault.jpg\"\/><img decoding=\"async\" width=\"1280\" height=\"720\" loading=\"lazy\" src=\"https:\/\/img.youtube.com\/vi\/saMcirZ4D38\/maxresdefault.jpg\" alt=\"Embedded YouTube video player thumbnail\"\/><\/picture><div class=\"video-trigger group\"><div class=\"video-trigger__circle group-hover:opacity-[85%]\"><svg width=\"14\" height=\"16\" viewbox=\"0 0 14 16\" fill=\"none\" xmlns=\"http:\/\/www.w3.org\/2000\/svg\"><path d=\"M13.2625 6.70935L2.2625 0.206225C1.36875 -0.3219 0 0.1906 0 1.49685V14.5C0 15.6719 1.27188 16.3781 2.2625 15.7906L13.2625 9.2906C14.2437 8.71248 14.2469 7.28748 13.2625 6.70935V6.70935Z\" fill=\"white\"><\/path><\/svg><\/div><\/div><\/div><\/div>\n<\/div><\/div>\n\n<div class=\"wp-block-karopharma-accordions is-style-secondary\"><div class=\"container\">\n<details class=\"wp-block-karopharma-accordion\"><summary><h2 class=\"accordion-title\">Wann tritt die Wirkung ein?<\/h2><\/summary><div class=\"accordion-content\">\n<p>Das kann von Frau zu Frau unterschiedlich sein, Sie werden aber eine Linderung der Symptome eher sp\u00fcren als bei Antimykotika.<\/p>\n<\/div><\/details>\n\n\n\n<details class=\"wp-block-karopharma-accordion\"><summary><h2 class=\"accordion-title\">Muss ich das Mittel an 5 aufeinanderfolgenden Tagen anwenden?<\/h2><\/summary><div class=\"accordion-content\">\n<p>Ja, f\u00fcr die bestm\u00f6gliche Wirkung raten wir zur Anwendung aller 5 Tuben.<\/p>\n<\/div><\/details>\n\n\n\n<details class=\"wp-block-karopharma-accordion\"><summary><h2 class=\"accordion-title\">Hat Multi-Gyn FloraPlus Nebenwirkungen?<\/h2><\/summary><div class=\"accordion-content\">\n<p>Nein, es bestehen keine bekannten Nebenwirkungen.<\/p>\n<\/div><\/details>\n\n\n\n<details class=\"wp-block-karopharma-accordion\"><summary><h2 class=\"accordion-title\">Wie unterscheidet sich Multi-Gyn FloraPlus von anderen Behandlungen bei einer Scheidenpilzinfektion?<\/h2><\/summary><div class=\"accordion-content\">\n<p>Multi-Gyn FloraPlus lindert die Symptome. Es ist ein naturbasiertes Produkt und hat keine negativen Auswirkungen auf die Scheidenflora. Multi-Gyn FloraPlus f\u00f6rdert die Verbreitung n\u00fctzlicher Bakterien und bek\u00e4mpft die Verbreitung von Candida.<\/p>\n<\/div><\/details>\n<\/div><\/div>\n","protected":false},"excerpt":{"rendered":"<p>Traite les sympt\u00f4mes des mycoses vaginales<\/p>\n","protected":false},"featured_media":1413,"comment_status":"closed","ping_status":"closed","template":"","meta":{"_acf_changed":false,"footnotes":""},"product_brand":[],"product_cat":[],"product_tag":[],"class_list":{"0":"post-251","1":"product","2":"type-product","3":"status-publish","4":"has-post-thumbnail","7":"first","8":"instock","9":"shipping-taxable","10":"product-type-simple"},"acf":[],"yoast_head":"<!-- This site is optimized with the Yoast SEO plugin v26.6 - https:\/\/yoast.com\/wordpress\/plugins\/seo\/ -->\n<title>Multi-Gyn FloraPlus - Multi-Gyn<\/title>\n<meta name=\"description\" content=\"Multi-Gyn FloraPlus traite les sympt\u00f4mes de la mycose comme les d\u00e9mangeaisons, les irritations et les pertes blanches et grumeleuses.\" \/>\n<meta name=\"robots\" content=\"index, follow, max-snippet:-1, max-image-preview:large, max-video-preview:-1\" \/>\n<link rel=\"canonical\" href=\"https:\/\/multi-gyn.com\/ch\/fr\/produit\/multi-gyn-floraplus\/\" \/>\n<meta property=\"og:locale\" content=\"fr_FR\" \/>\n<meta property=\"og:type\" content=\"article\" \/>\n<meta property=\"og:title\" content=\"Multi-Gyn FloraPlus - Multi-Gyn\" \/>\n<meta property=\"og:description\" content=\"Multi-Gyn FloraPlus traite les sympt\u00f4mes de la mycose comme les d\u00e9mangeaisons, les irritations et les pertes blanches et grumeleuses.\" \/>\n<meta property=\"og:url\" content=\"https:\/\/multi-gyn.com\/ch\/fr\/produit\/multi-gyn-floraplus\/\" \/>\n<meta property=\"og:site_name\" content=\"Multi-Gyn\" \/>\n<meta property=\"article:modified_time\" content=\"2026-03-16T14:55:16+00:00\" \/>\n<meta property=\"og:image\" content=\"https:\/\/multi-gyn.com\/app\/uploads\/sites\/24\/2022\/09\/Flora-Plus.png\" \/>\n\t<meta property=\"og:image:width\" content=\"800\" \/>\n\t<meta property=\"og:image:height\" content=\"800\" \/>\n\t<meta property=\"og:image:type\" content=\"image\/png\" \/>\n<meta name=\"twitter:card\" content=\"summary_large_image\" \/>\n<meta name=\"twitter:label1\" content=\"Est. reading time\" \/>\n\t<meta name=\"twitter:data1\" content=\"1 minute\" \/>\n<script type=\"application\/ld+json\" class=\"yoast-schema-graph\">{\"@context\":\"https:\/\/schema.org\",\"@graph\":[{\"@type\":\"WebPage\",\"@id\":\"https:\/\/multi-gyn.com\/ch\/fr\/produit\/multi-gyn-floraplus\/\",\"url\":\"https:\/\/multi-gyn.com\/ch\/fr\/produit\/multi-gyn-floraplus\/\",\"name\":\"Multi-Gyn FloraPlus - Multi-Gyn\",\"isPartOf\":{\"@id\":\"https:\/\/multi-gyn.com\/ch\/fr\/#website\"},\"primaryImageOfPage\":{\"@id\":\"https:\/\/multi-gyn.com\/ch\/fr\/produit\/multi-gyn-floraplus\/#primaryimage\"},\"image\":{\"@id\":\"https:\/\/multi-gyn.com\/ch\/fr\/produit\/multi-gyn-floraplus\/#primaryimage\"},\"thumbnailUrl\":\"https:\/\/multi-gyn.com\/app\/uploads\/sites\/24\/2022\/09\/Flora-Plus.png\",\"datePublished\":\"2022-09-02T12:42:01+00:00\",\"dateModified\":\"2026-03-16T14:55:16+00:00\",\"description\":\"Multi-Gyn FloraPlus traite les sympt\u00f4mes de la mycose comme les d\u00e9mangeaisons, les irritations et les pertes blanches et grumeleuses.\",\"breadcrumb\":{\"@id\":\"https:\/\/multi-gyn.com\/ch\/fr\/produit\/multi-gyn-floraplus\/#breadcrumb\"},\"inLanguage\":\"fr-CH\",\"potentialAction\":[{\"@type\":\"ReadAction\",\"target\":[\"https:\/\/multi-gyn.com\/ch\/fr\/produit\/multi-gyn-floraplus\/\"]}]},{\"@type\":\"ImageObject\",\"inLanguage\":\"fr-CH\",\"@id\":\"https:\/\/multi-gyn.com\/ch\/fr\/produit\/multi-gyn-floraplus\/#primaryimage\",\"url\":\"https:\/\/multi-gyn.com\/app\/uploads\/sites\/24\/2022\/09\/Flora-Plus.png\",\"contentUrl\":\"https:\/\/multi-gyn.com\/app\/uploads\/sites\/24\/2022\/09\/Flora-Plus.png\",\"width\":800,\"height\":800,\"caption\":\"Multi-Gyn FloraPlus\"},{\"@type\":\"BreadcrumbList\",\"@id\":\"https:\/\/multi-gyn.com\/ch\/fr\/produit\/multi-gyn-floraplus\/#breadcrumb\",\"itemListElement\":[{\"@type\":\"ListItem\",\"position\":1,\"name\":\"Page d'accueil\",\"item\":\"https:\/\/multi-gyn.com\/ch\/fr\/\"},{\"@type\":\"ListItem\",\"position\":2,\"name\":\"Produits\",\"item\":\"https:\/\/multi-gyn.com\/ch\/de\/produkte\/\"},{\"@type\":\"ListItem\",\"position\":3,\"name\":\"Uncategorized\",\"item\":\"https:\/\/multi-gyn.com\/ch\/de\/produkt-kategorie\/uncategorized\/\"},{\"@type\":\"ListItem\",\"position\":4,\"name\":\"Multi-Gyn FloraPlus\"}]},{\"@type\":\"WebSite\",\"@id\":\"https:\/\/multi-gyn.com\/ch\/fr\/#website\",\"url\":\"https:\/\/multi-gyn.com\/ch\/fr\/\",\"name\":\"Multi-Gyn\",\"description\":\"\",\"publisher\":{\"@id\":\"https:\/\/multi-gyn.com\/ch\/fr\/#organization\"},\"potentialAction\":[{\"@type\":\"SearchAction\",\"target\":{\"@type\":\"EntryPoint\",\"urlTemplate\":\"https:\/\/multi-gyn.com\/ch\/fr\/?s={search_term_string}\"},\"query-input\":{\"@type\":\"PropertyValueSpecification\",\"valueRequired\":true,\"valueName\":\"search_term_string\"}}],\"inLanguage\":\"fr-CH\"},{\"@type\":\"Organization\",\"@id\":\"https:\/\/multi-gyn.com\/ch\/fr\/#organization\",\"name\":\"Multi-Gyn\",\"url\":\"https:\/\/multi-gyn.com\/ch\/fr\/\",\"logo\":{\"@type\":\"ImageObject\",\"inLanguage\":\"fr-CH\",\"@id\":\"https:\/\/multi-gyn.com\/ch\/fr\/#\/schema\/logo\/image\/\",\"url\":\"https:\/\/multi-gyn.com\/app\/uploads\/sites\/24\/2022\/08\/multi-gyn-logo.png\",\"contentUrl\":\"https:\/\/multi-gyn.com\/app\/uploads\/sites\/24\/2022\/08\/multi-gyn-logo.png\",\"width\":149,\"height\":32,\"caption\":\"Multi-Gyn\"},\"image\":{\"@id\":\"https:\/\/multi-gyn.com\/ch\/fr\/#\/schema\/logo\/image\/\"}}]}<\/script>\n<!-- \/ Yoast SEO plugin. -->","yoast_head_json":{"title":"Multi-Gyn FloraPlus - Multi-Gyn","description":"Multi-Gyn FloraPlus traite les sympt\u00f4mes de la mycose comme les d\u00e9mangeaisons, les irritations et les pertes blanches et grumeleuses.","robots":{"index":"index","follow":"follow","max-snippet":"max-snippet:-1","max-image-preview":"max-image-preview:large","max-video-preview":"max-video-preview:-1"},"canonical":"https:\/\/multi-gyn.com\/ch\/fr\/produit\/multi-gyn-floraplus\/","og_locale":"fr_FR","og_type":"article","og_title":"Multi-Gyn FloraPlus - Multi-Gyn","og_description":"Multi-Gyn FloraPlus traite les sympt\u00f4mes de la mycose comme les d\u00e9mangeaisons, les irritations et les pertes blanches et grumeleuses.","og_url":"https:\/\/multi-gyn.com\/ch\/fr\/produit\/multi-gyn-floraplus\/","og_site_name":"Multi-Gyn","article_modified_time":"2026-03-16T14:55:16+00:00","og_image":[{"width":800,"height":800,"url":"https:\/\/multi-gyn.com\/app\/uploads\/sites\/24\/2022\/09\/Flora-Plus.png","type":"image\/png"}],"twitter_card":"summary_large_image","twitter_misc":{"Est. reading time":"1 minute"},"schema":{"@context":"https:\/\/schema.org","@graph":[{"@type":"WebPage","@id":"https:\/\/multi-gyn.com\/ch\/fr\/produit\/multi-gyn-floraplus\/","url":"https:\/\/multi-gyn.com\/ch\/fr\/produit\/multi-gyn-floraplus\/","name":"Multi-Gyn FloraPlus - Multi-Gyn","isPartOf":{"@id":"https:\/\/multi-gyn.com\/ch\/fr\/#website"},"primaryImageOfPage":{"@id":"https:\/\/multi-gyn.com\/ch\/fr\/produit\/multi-gyn-floraplus\/#primaryimage"},"image":{"@id":"https:\/\/multi-gyn.com\/ch\/fr\/produit\/multi-gyn-floraplus\/#primaryimage"},"thumbnailUrl":"https:\/\/multi-gyn.com\/app\/uploads\/sites\/24\/2022\/09\/Flora-Plus.png","datePublished":"2022-09-02T12:42:01+00:00","dateModified":"2026-03-16T14:55:16+00:00","description":"Multi-Gyn FloraPlus traite les sympt\u00f4mes de la mycose comme les d\u00e9mangeaisons, les irritations et les pertes blanches et grumeleuses.","breadcrumb":{"@id":"https:\/\/multi-gyn.com\/ch\/fr\/produit\/multi-gyn-floraplus\/#breadcrumb"},"inLanguage":"fr-CH","potentialAction":[{"@type":"ReadAction","target":["https:\/\/multi-gyn.com\/ch\/fr\/produit\/multi-gyn-floraplus\/"]}]},{"@type":"ImageObject","inLanguage":"fr-CH","@id":"https:\/\/multi-gyn.com\/ch\/fr\/produit\/multi-gyn-floraplus\/#primaryimage","url":"https:\/\/multi-gyn.com\/app\/uploads\/sites\/24\/2022\/09\/Flora-Plus.png","contentUrl":"https:\/\/multi-gyn.com\/app\/uploads\/sites\/24\/2022\/09\/Flora-Plus.png","width":800,"height":800,"caption":"Multi-Gyn FloraPlus"},{"@type":"BreadcrumbList","@id":"https:\/\/multi-gyn.com\/ch\/fr\/produit\/multi-gyn-floraplus\/#breadcrumb","itemListElement":[{"@type":"ListItem","position":1,"name":"Page d'accueil","item":"https:\/\/multi-gyn.com\/ch\/fr\/"},{"@type":"ListItem","position":2,"name":"Produits","item":"https:\/\/multi-gyn.com\/ch\/de\/produkte\/"},{"@type":"ListItem","position":3,"name":"Uncategorized","item":"https:\/\/multi-gyn.com\/ch\/de\/produkt-kategorie\/uncategorized\/"},{"@type":"ListItem","position":4,"name":"Multi-Gyn FloraPlus"}]},{"@type":"WebSite","@id":"https:\/\/multi-gyn.com\/ch\/fr\/#website","url":"https:\/\/multi-gyn.com\/ch\/fr\/","name":"Multi-Gyn","description":"","publisher":{"@id":"https:\/\/multi-gyn.com\/ch\/fr\/#organization"},"potentialAction":[{"@type":"SearchAction","target":{"@type":"EntryPoint","urlTemplate":"https:\/\/multi-gyn.com\/ch\/fr\/?s={search_term_string}"},"query-input":{"@type":"PropertyValueSpecification","valueRequired":true,"valueName":"search_term_string"}}],"inLanguage":"fr-CH"},{"@type":"Organization","@id":"https:\/\/multi-gyn.com\/ch\/fr\/#organization","name":"Multi-Gyn","url":"https:\/\/multi-gyn.com\/ch\/fr\/","logo":{"@type":"ImageObject","inLanguage":"fr-CH","@id":"https:\/\/multi-gyn.com\/ch\/fr\/#\/schema\/logo\/image\/","url":"https:\/\/multi-gyn.com\/app\/uploads\/sites\/24\/2022\/08\/multi-gyn-logo.png","contentUrl":"https:\/\/multi-gyn.com\/app\/uploads\/sites\/24\/2022\/08\/multi-gyn-logo.png","width":149,"height":32,"caption":"Multi-Gyn"},"image":{"@id":"https:\/\/multi-gyn.com\/ch\/fr\/#\/schema\/logo\/image\/"}}]}},"_links":{"self":[{"href":"https:\/\/multi-gyn.com\/ch\/fr\/wp-json\/wp\/v2\/product\/251","targetHints":{"allow":["GET"]}}],"collection":[{"href":"https:\/\/multi-gyn.com\/ch\/fr\/wp-json\/wp\/v2\/product"}],"about":[{"href":"https:\/\/multi-gyn.com\/ch\/fr\/wp-json\/wp\/v2\/types\/product"}],"replies":[{"embeddable":true,"href":"https:\/\/multi-gyn.com\/ch\/fr\/wp-json\/wp\/v2\/comments?post=251"}],"version-history":[{"count":10,"href":"https:\/\/multi-gyn.com\/ch\/fr\/wp-json\/wp\/v2\/product\/251\/revisions"}],"predecessor-version":[{"id":1418,"href":"https:\/\/multi-gyn.com\/ch\/fr\/wp-json\/wp\/v2\/product\/251\/revisions\/1418"}],"wp:featuredmedia":[{"embeddable":true,"href":"https:\/\/multi-gyn.com\/ch\/fr\/wp-json\/wp\/v2\/media\/1413"}],"wp:attachment":[{"href":"https:\/\/multi-gyn.com\/ch\/fr\/wp-json\/wp\/v2\/media?parent=251"}],"wp:term":[{"taxonomy":"product_brand","embeddable":true,"href":"https:\/\/multi-gyn.com\/ch\/fr\/wp-json\/wp\/v2\/product_brand?post=251"},{"taxonomy":"product_cat","embeddable":true,"href":"https:\/\/multi-gyn.com\/ch\/fr\/wp-json\/wp\/v2\/product_cat?post=251"},{"taxonomy":"product_tag","embeddable":true,"href":"https:\/\/multi-gyn.com\/ch\/fr\/wp-json\/wp\/v2\/product_tag?post=251"}],"curies":[{"name":"wp","href":"https:\/\/api.w.org\/{rel}","templated":true}]}}