{"id":304,"date":"2022-09-02T14:51:26","date_gmt":"2022-09-02T12:51:26","guid":{"rendered":"https:\/\/multi-gyn.com\/rebrand-ch\/?post_type=product&#038;p=304"},"modified":"2026-03-16T15:55:15","modified_gmt":"2026-03-16T14:55:15","slug":"multi-gyn-liquigel","status":"publish","type":"product","link":"https:\/\/multi-gyn.com\/ch\/it\/prodotto\/multi-gyn-liquigel\/","title":{"rendered":"Multi-Gyn LiquiGel"},"content":{"rendered":"\n<div class=\"wp-block-karopharma-free-text pt-medium pb-medium bg-center bg-cover bg-no-repeat\" style=\"background-image:url()\"><div class=\"free-text-wrapper container max-w-medium text-left\">\n<div class=\"wp-block-karopharma-video\"><div class=\"video-wrapper\"><iframe loading=\"lazy\" frameborder=\"0\" allowfullscreen allow=\"accelerometer; encrypted-media; gyroscope; picture-in-picture\" data-src=\"https:\/\/www.youtube.com\/embed\/7U-rHY7xESY?autoplay=1\"><\/iframe><picture><source media=\"(max-width: 550px)\" srcset=\"https:\/\/img.youtube.com\/vi\/7U-rHY7xESY\/mqdefault.jpg\"\/><source media=\"(max-width: 800px)\" srcset=\"https:\/\/img.youtube.com\/vi\/7U-rHY7xESY\/hqdefault.jpg\"\/><img decoding=\"async\" width=\"1280\" height=\"720\" loading=\"lazy\" src=\"https:\/\/img.youtube.com\/vi\/7U-rHY7xESY\/maxresdefault.jpg\" alt=\"Embedded YouTube video player thumbnail\"\/><\/picture><div class=\"video-trigger group\"><div class=\"video-trigger__circle group-hover:opacity-[85%]\"><svg width=\"14\" height=\"16\" viewbox=\"0 0 14 16\" fill=\"none\" xmlns=\"http:\/\/www.w3.org\/2000\/svg\"><path d=\"M13.2625 6.70935L2.2625 0.206225C1.36875 -0.3219 0 0.1906 0 1.49685V14.5C0 15.6719 1.27188 16.3781 2.2625 15.7906L13.2625 9.2906C14.2437 8.71248 14.2469 7.28748 13.2625 6.70935V6.70935Z\" fill=\"white\"><\/path><\/svg><\/div><\/div><\/div><\/div>\n<\/div><\/div>\n\n<div class=\"wp-block-karopharma-accordions is-style-secondary\"><div class=\"container\">\n<details class=\"wp-block-karopharma-accordion\"><summary><h2 class=\"accordion-title\">Wie oft sollte ich Multi-Gyn LiquiGel anwenden?<\/h2><\/summary><div class=\"accordion-content\">\n<p>Wenden Sie Multi-Gyn LiquiGel mindestens einmal t\u00e4glich an und zus\u00e4tzlich, wann immer Sie die Symptome lindern m\u00f6chten.<\/p>\n<\/div><\/details>\n\n\n\n<details class=\"wp-block-karopharma-accordion\"><summary><h2 class=\"accordion-title\">Kann ich Multi-Gyn LiquiGel w\u00e4hrend der Wechseljahre verwenden?<\/h2><\/summary><div class=\"accordion-content\">\n<p>Ja, Multi-Gyn LiquiGel ist f\u00fcr alle Frauen geeignet, die unter Scheidentrockenheit leiden. Diese kann unterschiedliche Ursachen haben, wie hormonelle Ver\u00e4nderungen w\u00e4hrend der Schwangerschaft oder nach der Geburt, die Einnahme von Medikamenten, chronische Erkrankungen, die Periode, die Verwendung von Tampons etc.<\/p>\n<\/div><\/details>\n\n\n\n<details class=\"wp-block-karopharma-accordion\"><summary><h2 class=\"accordion-title\">Kann ich Multi-Gyn LiquiGel als Gleitgel verwenden?<\/h2><\/summary><div class=\"accordion-content\">\n<p>Ja, Sie k\u00f6nnen Multi-Gyn LiquiGel auch als Gleitgel verwenden, konzipiert ist es aber als Medizinprodukt f\u00fcr Frauen, die aufgrund hormoneller Ver\u00e4nderungen oder der dauerhaften Einnahme von Medikamenten an Scheidentrockenheit leiden. Bei der Anwendung mit Kondomen, bitte nur zusammen mit latexfreien Kondomen aus Polyisopren.<\/p>\n<\/div><\/details>\n<\/div><\/div>\n","protected":false},"excerpt":{"rendered":"<p>Tratta e lenisce la secchezza vaginale<\/p>\n","protected":false},"featured_media":1027,"comment_status":"closed","ping_status":"closed","template":"","meta":{"_acf_changed":false,"footnotes":""},"product_brand":[],"product_cat":[],"product_tag":[],"class_list":{"0":"post-304","1":"product","2":"type-product","3":"status-publish","4":"has-post-thumbnail","7":"first","8":"instock","9":"shipping-taxable","10":"product-type-simple"},"acf":[],"yoast_head":"<!-- This site is optimized with the Yoast SEO plugin v26.6 - https:\/\/yoast.com\/wordpress\/plugins\/seo\/ -->\n<title>Multi-Gyn LiquiGel - Multi-Gyn<\/title>\n<meta name=\"description\" content=\"Multi-Gyn LiquiGel cura e dona sollievo imme-diato alle irritazioni e ai disturbi legati alla secchezza vaginale.\" \/>\n<meta name=\"robots\" content=\"index, follow, max-snippet:-1, max-image-preview:large, max-video-preview:-1\" \/>\n<link rel=\"canonical\" href=\"https:\/\/multi-gyn.com\/ch\/it\/prodotto\/multi-gyn-liquigel\/\" \/>\n<meta property=\"og:locale\" content=\"it_IT\" \/>\n<meta property=\"og:type\" content=\"article\" \/>\n<meta property=\"og:title\" content=\"Multi-Gyn LiquiGel - Multi-Gyn\" \/>\n<meta property=\"og:description\" content=\"Multi-Gyn LiquiGel cura e dona sollievo imme-diato alle irritazioni e ai disturbi legati alla secchezza vaginale.\" \/>\n<meta property=\"og:url\" content=\"https:\/\/multi-gyn.com\/ch\/it\/prodotto\/multi-gyn-liquigel\/\" \/>\n<meta property=\"og:site_name\" content=\"Multi-Gyn\" \/>\n<meta property=\"article:modified_time\" content=\"2026-03-16T14:55:15+00:00\" \/>\n<meta property=\"og:image\" content=\"https:\/\/multi-gyn.com\/app\/uploads\/sites\/24\/2022\/09\/Multi-Gyn-LiquiGel-2023.png\" \/>\n\t<meta property=\"og:image:width\" content=\"850\" \/>\n\t<meta property=\"og:image:height\" content=\"850\" \/>\n\t<meta property=\"og:image:type\" content=\"image\/png\" \/>\n<meta name=\"twitter:card\" content=\"summary_large_image\" \/>\n<script type=\"application\/ld+json\" class=\"yoast-schema-graph\">{\"@context\":\"https:\/\/schema.org\",\"@graph\":[{\"@type\":\"WebPage\",\"@id\":\"https:\/\/multi-gyn.com\/ch\/it\/prodotto\/multi-gyn-liquigel\/\",\"url\":\"https:\/\/multi-gyn.com\/ch\/it\/prodotto\/multi-gyn-liquigel\/\",\"name\":\"Multi-Gyn LiquiGel - Multi-Gyn\",\"isPartOf\":{\"@id\":\"https:\/\/multi-gyn.com\/ch\/it\/#website\"},\"primaryImageOfPage\":{\"@id\":\"https:\/\/multi-gyn.com\/ch\/it\/prodotto\/multi-gyn-liquigel\/#primaryimage\"},\"image\":{\"@id\":\"https:\/\/multi-gyn.com\/ch\/it\/prodotto\/multi-gyn-liquigel\/#primaryimage\"},\"thumbnailUrl\":\"https:\/\/multi-gyn.com\/app\/uploads\/sites\/24\/2022\/09\/Multi-Gyn-LiquiGel-2023.png\",\"datePublished\":\"2022-09-02T12:51:26+00:00\",\"dateModified\":\"2026-03-16T14:55:15+00:00\",\"description\":\"Multi-Gyn LiquiGel cura e dona sollievo imme-diato alle irritazioni e ai disturbi legati alla secchezza vaginale.\",\"breadcrumb\":{\"@id\":\"https:\/\/multi-gyn.com\/ch\/it\/prodotto\/multi-gyn-liquigel\/#breadcrumb\"},\"inLanguage\":\"it-CH\",\"potentialAction\":[{\"@type\":\"ReadAction\",\"target\":[\"https:\/\/multi-gyn.com\/ch\/it\/prodotto\/multi-gyn-liquigel\/\"]}]},{\"@type\":\"ImageObject\",\"inLanguage\":\"it-CH\",\"@id\":\"https:\/\/multi-gyn.com\/ch\/it\/prodotto\/multi-gyn-liquigel\/#primaryimage\",\"url\":\"https:\/\/multi-gyn.com\/app\/uploads\/sites\/24\/2022\/09\/Multi-Gyn-LiquiGel-2023.png\",\"contentUrl\":\"https:\/\/multi-gyn.com\/app\/uploads\/sites\/24\/2022\/09\/Multi-Gyn-LiquiGel-2023.png\",\"width\":850,\"height\":850,\"caption\":\"Multi-Gyn LiquiGel\"},{\"@type\":\"BreadcrumbList\",\"@id\":\"https:\/\/multi-gyn.com\/ch\/it\/prodotto\/multi-gyn-liquigel\/#breadcrumb\",\"itemListElement\":[{\"@type\":\"ListItem\",\"position\":1,\"name\":\"Pagina iniziale\",\"item\":\"https:\/\/multi-gyn.com\/ch\/it\/\"},{\"@type\":\"ListItem\",\"position\":2,\"name\":\"I prodotti Multi-Gyn\",\"item\":\"https:\/\/multi-gyn.com\/ch\/de\/produkte\/\"},{\"@type\":\"ListItem\",\"position\":3,\"name\":\"Uncategorized\",\"item\":\"https:\/\/multi-gyn.com\/ch\/de\/produkt-kategorie\/uncategorized\/\"},{\"@type\":\"ListItem\",\"position\":4,\"name\":\"Multi-Gyn LiquiGel\"}]},{\"@type\":\"WebSite\",\"@id\":\"https:\/\/multi-gyn.com\/ch\/it\/#website\",\"url\":\"https:\/\/multi-gyn.com\/ch\/it\/\",\"name\":\"Multi-Gyn\",\"description\":\"\",\"publisher\":{\"@id\":\"https:\/\/multi-gyn.com\/ch\/it\/#organization\"},\"potentialAction\":[{\"@type\":\"SearchAction\",\"target\":{\"@type\":\"EntryPoint\",\"urlTemplate\":\"https:\/\/multi-gyn.com\/ch\/it\/?s={search_term_string}\"},\"query-input\":{\"@type\":\"PropertyValueSpecification\",\"valueRequired\":true,\"valueName\":\"search_term_string\"}}],\"inLanguage\":\"it-CH\"},{\"@type\":\"Organization\",\"@id\":\"https:\/\/multi-gyn.com\/ch\/it\/#organization\",\"name\":\"Multi-Gyn\",\"url\":\"https:\/\/multi-gyn.com\/ch\/it\/\",\"logo\":{\"@type\":\"ImageObject\",\"inLanguage\":\"it-CH\",\"@id\":\"https:\/\/multi-gyn.com\/ch\/it\/#\/schema\/logo\/image\/\",\"url\":\"https:\/\/multi-gyn.com\/app\/uploads\/sites\/24\/2022\/08\/multi-gyn-logo.png\",\"contentUrl\":\"https:\/\/multi-gyn.com\/app\/uploads\/sites\/24\/2022\/08\/multi-gyn-logo.png\",\"width\":149,\"height\":32,\"caption\":\"Multi-Gyn\"},\"image\":{\"@id\":\"https:\/\/multi-gyn.com\/ch\/it\/#\/schema\/logo\/image\/\"}}]}<\/script>\n<!-- \/ Yoast SEO plugin. -->","yoast_head_json":{"title":"Multi-Gyn LiquiGel - Multi-Gyn","description":"Multi-Gyn LiquiGel cura e dona sollievo imme-diato alle irritazioni e ai disturbi legati alla secchezza vaginale.","robots":{"index":"index","follow":"follow","max-snippet":"max-snippet:-1","max-image-preview":"max-image-preview:large","max-video-preview":"max-video-preview:-1"},"canonical":"https:\/\/multi-gyn.com\/ch\/it\/prodotto\/multi-gyn-liquigel\/","og_locale":"it_IT","og_type":"article","og_title":"Multi-Gyn LiquiGel - Multi-Gyn","og_description":"Multi-Gyn LiquiGel cura e dona sollievo imme-diato alle irritazioni e ai disturbi legati alla secchezza vaginale.","og_url":"https:\/\/multi-gyn.com\/ch\/it\/prodotto\/multi-gyn-liquigel\/","og_site_name":"Multi-Gyn","article_modified_time":"2026-03-16T14:55:15+00:00","og_image":[{"width":850,"height":850,"url":"https:\/\/multi-gyn.com\/app\/uploads\/sites\/24\/2022\/09\/Multi-Gyn-LiquiGel-2023.png","type":"image\/png"}],"twitter_card":"summary_large_image","schema":{"@context":"https:\/\/schema.org","@graph":[{"@type":"WebPage","@id":"https:\/\/multi-gyn.com\/ch\/it\/prodotto\/multi-gyn-liquigel\/","url":"https:\/\/multi-gyn.com\/ch\/it\/prodotto\/multi-gyn-liquigel\/","name":"Multi-Gyn LiquiGel - Multi-Gyn","isPartOf":{"@id":"https:\/\/multi-gyn.com\/ch\/it\/#website"},"primaryImageOfPage":{"@id":"https:\/\/multi-gyn.com\/ch\/it\/prodotto\/multi-gyn-liquigel\/#primaryimage"},"image":{"@id":"https:\/\/multi-gyn.com\/ch\/it\/prodotto\/multi-gyn-liquigel\/#primaryimage"},"thumbnailUrl":"https:\/\/multi-gyn.com\/app\/uploads\/sites\/24\/2022\/09\/Multi-Gyn-LiquiGel-2023.png","datePublished":"2022-09-02T12:51:26+00:00","dateModified":"2026-03-16T14:55:15+00:00","description":"Multi-Gyn LiquiGel cura e dona sollievo imme-diato alle irritazioni e ai disturbi legati alla secchezza vaginale.","breadcrumb":{"@id":"https:\/\/multi-gyn.com\/ch\/it\/prodotto\/multi-gyn-liquigel\/#breadcrumb"},"inLanguage":"it-CH","potentialAction":[{"@type":"ReadAction","target":["https:\/\/multi-gyn.com\/ch\/it\/prodotto\/multi-gyn-liquigel\/"]}]},{"@type":"ImageObject","inLanguage":"it-CH","@id":"https:\/\/multi-gyn.com\/ch\/it\/prodotto\/multi-gyn-liquigel\/#primaryimage","url":"https:\/\/multi-gyn.com\/app\/uploads\/sites\/24\/2022\/09\/Multi-Gyn-LiquiGel-2023.png","contentUrl":"https:\/\/multi-gyn.com\/app\/uploads\/sites\/24\/2022\/09\/Multi-Gyn-LiquiGel-2023.png","width":850,"height":850,"caption":"Multi-Gyn LiquiGel"},{"@type":"BreadcrumbList","@id":"https:\/\/multi-gyn.com\/ch\/it\/prodotto\/multi-gyn-liquigel\/#breadcrumb","itemListElement":[{"@type":"ListItem","position":1,"name":"Pagina iniziale","item":"https:\/\/multi-gyn.com\/ch\/it\/"},{"@type":"ListItem","position":2,"name":"I prodotti Multi-Gyn","item":"https:\/\/multi-gyn.com\/ch\/de\/produkte\/"},{"@type":"ListItem","position":3,"name":"Uncategorized","item":"https:\/\/multi-gyn.com\/ch\/de\/produkt-kategorie\/uncategorized\/"},{"@type":"ListItem","position":4,"name":"Multi-Gyn LiquiGel"}]},{"@type":"WebSite","@id":"https:\/\/multi-gyn.com\/ch\/it\/#website","url":"https:\/\/multi-gyn.com\/ch\/it\/","name":"Multi-Gyn","description":"","publisher":{"@id":"https:\/\/multi-gyn.com\/ch\/it\/#organization"},"potentialAction":[{"@type":"SearchAction","target":{"@type":"EntryPoint","urlTemplate":"https:\/\/multi-gyn.com\/ch\/it\/?s={search_term_string}"},"query-input":{"@type":"PropertyValueSpecification","valueRequired":true,"valueName":"search_term_string"}}],"inLanguage":"it-CH"},{"@type":"Organization","@id":"https:\/\/multi-gyn.com\/ch\/it\/#organization","name":"Multi-Gyn","url":"https:\/\/multi-gyn.com\/ch\/it\/","logo":{"@type":"ImageObject","inLanguage":"it-CH","@id":"https:\/\/multi-gyn.com\/ch\/it\/#\/schema\/logo\/image\/","url":"https:\/\/multi-gyn.com\/app\/uploads\/sites\/24\/2022\/08\/multi-gyn-logo.png","contentUrl":"https:\/\/multi-gyn.com\/app\/uploads\/sites\/24\/2022\/08\/multi-gyn-logo.png","width":149,"height":32,"caption":"Multi-Gyn"},"image":{"@id":"https:\/\/multi-gyn.com\/ch\/it\/#\/schema\/logo\/image\/"}}]}},"_links":{"self":[{"href":"https:\/\/multi-gyn.com\/ch\/it\/wp-json\/wp\/v2\/product\/304","targetHints":{"allow":["GET"]}}],"collection":[{"href":"https:\/\/multi-gyn.com\/ch\/it\/wp-json\/wp\/v2\/product"}],"about":[{"href":"https:\/\/multi-gyn.com\/ch\/it\/wp-json\/wp\/v2\/types\/product"}],"replies":[{"embeddable":true,"href":"https:\/\/multi-gyn.com\/ch\/it\/wp-json\/wp\/v2\/comments?post=304"}],"version-history":[{"count":10,"href":"https:\/\/multi-gyn.com\/ch\/it\/wp-json\/wp\/v2\/product\/304\/revisions"}],"predecessor-version":[{"id":1949,"href":"https:\/\/multi-gyn.com\/ch\/it\/wp-json\/wp\/v2\/product\/304\/revisions\/1949"}],"wp:featuredmedia":[{"embeddable":true,"href":"https:\/\/multi-gyn.com\/ch\/it\/wp-json\/wp\/v2\/media\/1027"}],"wp:attachment":[{"href":"https:\/\/multi-gyn.com\/ch\/it\/wp-json\/wp\/v2\/media?parent=304"}],"wp:term":[{"taxonomy":"product_brand","embeddable":true,"href":"https:\/\/multi-gyn.com\/ch\/it\/wp-json\/wp\/v2\/product_brand?post=304"},{"taxonomy":"product_cat","embeddable":true,"href":"https:\/\/multi-gyn.com\/ch\/it\/wp-json\/wp\/v2\/product_cat?post=304"},{"taxonomy":"product_tag","embeddable":true,"href":"https:\/\/multi-gyn.com\/ch\/it\/wp-json\/wp\/v2\/product_tag?post=304"}],"curies":[{"name":"wp","href":"https:\/\/api.w.org\/{rel}","templated":true}]}}