{"id":105,"date":"2022-06-16T15:18:37","date_gmt":"2022-06-16T13:18:37","guid":{"rendered":"https:\/\/multi-gyn.com\/rebrand\/?page_id=105"},"modified":"2026-03-17T11:01:48","modified_gmt":"2026-03-17T10:01:48","slug":"ueber-multi-gyn","status":"publish","type":"page","link":"https:\/\/multi-gyn.com\/de\/ueber-multi-gyn\/","title":{"rendered":"\u00dcber Multi-Gyn"},"content":{"rendered":"\n<div class=\"wp-block-karopharma-free-text pt-large pb-large bg-center bg-cover bg-no-repeat\" style=\"background-image:url(https:\/\/multi-gyn.com\/cdn-cgi\/image\/format=auto\/app\/uploads\/sites\/14\/2026\/03\/About-new.jpg)\"><div class=\"free-text-wrapper container max-w-large text-center\">\n<div style=\"height:100px\" aria-hidden=\"true\" class=\"wp-block-spacer is-style-responsive-medium\"><\/div>\n\n\n\n<h1 class=\"wp-block-heading is-style-heading-huge has-white-color has-text-color\">Wie wirken Multi-Gyn Produkte?<\/h1>\n\n\n\n<div style=\"height:100px\" aria-hidden=\"true\" class=\"wp-block-spacer is-style-responsive-medium\"><\/div>\n<\/div><\/div>\n\n\n\n<div class=\"wp-block-karopharma-free-text pt-none pb-none bg-center bg-cover bg-no-repeat  is-style-primary\" style=\"background-image:url()\"><div class=\"free-text-wrapper container max-w-full text-left\">\n<div class=\"container breadcrumb-wrapper\"><div class=\"site-breadcrumbs overflow-x-auto whitespace-nowrap pb-2 text-sm\" style=\"-webkit-overflow-scrolling: touch; scrollbar-width: none;\">\n            <nav id=\"breadcrumbs\" class=\"yoast-breadcrumbs\"><span><span><a href=\"https:\/\/multi-gyn.com\/de\/\">Startseite<\/a><\/span><\/span><\/nav>\n        <\/div><\/div>\n<\/div><\/div>\n\n\n\n<div class=\"wp-block-karopharma-free-text pt-medium pb-large bg-center bg-contain bg-no-repeat  is-style-primary\" style=\"background-image:url()\"><div class=\"free-text-wrapper container max-w-medium text-left\">\n<p class=\"is-style-paragraph-preamble\"><a href=\"https:\/\/multi-gyn.com\/de\/produkte\/\">Multi-Gyn Produkte<\/a> lindern Intimbeschwerden, indem sie das nat\u00fcrliche Gleichgewicht der Scheidenflora wiederherstellen.<\/p>\n\n\n\n<p>Wenn die Scheidenflora ausgeglichen ist, sch\u00fctzt sie sich auf nat\u00fcrliche Weise vor Bakterien und Hefepilzen. Wenn dieses Gleichgewicht jedoch gest\u00f6rt wird, k\u00f6nnen Beschwerden wie Juckreiz, Ausfluss, Trockenheit oder Infektionen wie Bakterielle Vaginose und Scheidenpilz auftreten.<\/p>\n\n\n\n<p>Indem dieses Gleichgewicht wiederhergestellt wird, lindern Multi-Gyn Produkte Intimbeschwerden nicht nur, sondern optimieren auch die Vaginalflora.<\/p>\n<\/div><\/div>\n\n\n\n<div class=\"wp-block-karopharma-free-text pt-large pb-none bg-center bg-cover bg-no-repeat\" style=\"background-image:url()\"><div class=\"free-text-wrapper container max-w-medium text-left\">\n<figure class=\"wp-block-image size-full is-resized\"><img loading=\"lazy\" decoding=\"async\" width=\"200\" height=\"200\" src=\"https:\/\/multi-gyn.com\/app\/uploads\/sites\/14\/2022\/06\/2QR-logo-200x200-1.webp\" alt=\"2QR logo\" class=\"wp-image-117\" style=\"width:100px;height:100px\" srcset=\"https:\/\/multi-gyn.com\/app\/uploads\/sites\/14\/2022\/06\/2QR-logo-200x200-1.webp 200w, https:\/\/multi-gyn.com\/app\/uploads\/sites\/14\/2022\/06\/2QR-logo-200x200-1-150x150.webp 150w, https:\/\/multi-gyn.com\/app\/uploads\/sites\/14\/2022\/06\/2QR-logo-200x200-1-100x100.webp 100w\" sizes=\"auto, (max-width: 200px) 100vw, 200px\" \/><\/figure>\n\n\n\n<h2 class=\"wp-block-heading is-style-heading-h2\" id=\"unsere-aktiven-inhaltsstoffe\">Unsere aktiven Inhaltsstoffe<\/h2>\n\n\n\n<p class=\"is-style-paragraph-preamble\">Unsere Produkte enthalten gr\u00f6\u00dftenteils Inhaltsstoffe auf pflanzlicher Basis. Der wichtigste ist der Inhaltsstoff aus dem Blattextrakt der Aloe Barbadensis namens 2QR (sprich \u201eto cure\u201c). Er reduziert sch\u00e4dliche Bakterien, indem er sie daran hindert, das Gewebe zu erreichen und so eine Infektion auszul\u00f6sen. Dadurch wird der nat\u00fcrliche Heilungsprozess unterst\u00fctzt und das Gleichgewicht der Scheidenflora wiederhergestellt. 2QR hat keine bekannten Nebenwirkungen.<\/p>\n\n\n\n<h2 class=\"wp-block-heading is-style-heading-h2\" id=\"unsere-aktiven-inhaltsstoffe\">Die Wirkung<\/h2>\n\n\n\n<p class=\"is-style-paragraph-preamble\">Nach dem Auftragen im Intimbereich wirken die Produkte von Multi-Gyn beruhigend auf Beschwerden wie Juckreiz oder Hautreizung. Wenn Du an einer Infektion wie bakterieller Vaginose oder Scheidenpilz leidest, sorgen die Produkte f\u00fcr eine Linderung der Beschwerden und behandeln die Ursache.<\/p>\n<\/div><\/div>\n","protected":false},"excerpt":{"rendered":"","protected":false},"author":2,"featured_media":0,"parent":0,"menu_order":0,"comment_status":"closed","ping_status":"closed","template":"","meta":{"_acf_changed":false,"footnotes":""},"from-article-database":[],"class_list":["post-105","page","type-page","status-publish","hentry"],"acf":[],"yoast_head":"<!-- This site is optimized with the Yoast SEO plugin v26.6 - https:\/\/yoast.com\/wordpress\/plugins\/seo\/ -->\n<title>Sanfte, wissenschaftlich fundierte Intimpflege | Multi-Gyn\u00ae<\/title>\n<meta name=\"description\" content=\"Lerne Multi-Gyn\u00ae kennen - wissenschaftlich fundierte Intimpflege-Produkte die deine Scheidenflora und Intimgesundheit sanft und effektiv unterst\u00fctzen.\" \/>\n<meta name=\"robots\" content=\"index, follow, max-snippet:-1, max-image-preview:large, max-video-preview:-1\" \/>\n<link rel=\"canonical\" href=\"https:\/\/multi-gyn.com\/de\/ueber-multi-gyn\/\" \/>\n<meta property=\"og:locale\" content=\"de_DE\" \/>\n<meta property=\"og:type\" content=\"article\" \/>\n<meta property=\"og:title\" content=\"Sanfte, wissenschaftlich fundierte Intimpflege | Multi-Gyn\u00ae\" \/>\n<meta property=\"og:description\" content=\"Lerne Multi-Gyn\u00ae kennen - wissenschaftlich fundierte Intimpflege-Produkte die deine Scheidenflora und Intimgesundheit sanft und effektiv unterst\u00fctzen.\" \/>\n<meta property=\"og:url\" content=\"https:\/\/multi-gyn.com\/de\/ueber-multi-gyn\/\" \/>\n<meta property=\"og:site_name\" content=\"Multi-Gyn\" \/>\n<meta property=\"article:modified_time\" content=\"2026-03-17T10:01:48+00:00\" \/>\n<meta property=\"og:image\" content=\"https:\/\/multi-gyn.com\/app\/uploads\/sites\/14\/2022\/06\/2QR-logo-200x200-1.webp\" \/>\n\t<meta property=\"og:image:width\" content=\"200\" \/>\n\t<meta property=\"og:image:height\" content=\"200\" \/>\n\t<meta property=\"og:image:type\" content=\"image\/webp\" \/>\n<meta name=\"twitter:card\" content=\"summary_large_image\" \/>\n<meta name=\"twitter:label1\" content=\"Gesch\u00e4tzte Lesezeit\" \/>\n\t<meta name=\"twitter:data1\" content=\"2\u00a0Minuten\" \/>\n<script type=\"application\/ld+json\" class=\"yoast-schema-graph\">{\"@context\":\"https:\/\/schema.org\",\"@graph\":[{\"@type\":\"WebPage\",\"@id\":\"https:\/\/multi-gyn.com\/de\/ueber-multi-gyn\/\",\"url\":\"https:\/\/multi-gyn.com\/de\/ueber-multi-gyn\/\",\"name\":\"Sanfte, wissenschaftlich fundierte Intimpflege | Multi-Gyn\u00ae\",\"isPartOf\":{\"@id\":\"https:\/\/multi-gyn.com\/de\/#website\"},\"primaryImageOfPage\":{\"@id\":\"https:\/\/multi-gyn.com\/de\/ueber-multi-gyn\/#primaryimage\"},\"image\":{\"@id\":\"https:\/\/multi-gyn.com\/de\/ueber-multi-gyn\/#primaryimage\"},\"thumbnailUrl\":\"https:\/\/multi-gyn.com\/app\/uploads\/sites\/14\/2022\/06\/2QR-logo-200x200-1.webp\",\"datePublished\":\"2022-06-16T13:18:37+00:00\",\"dateModified\":\"2026-03-17T10:01:48+00:00\",\"description\":\"Lerne Multi-Gyn\u00ae kennen - wissenschaftlich fundierte Intimpflege-Produkte die deine Scheidenflora und Intimgesundheit sanft und effektiv unterst\u00fctzen.\",\"breadcrumb\":{\"@id\":\"https:\/\/multi-gyn.com\/de\/ueber-multi-gyn\/#breadcrumb\"},\"inLanguage\":\"de\",\"potentialAction\":[{\"@type\":\"ReadAction\",\"target\":[\"https:\/\/multi-gyn.com\/de\/ueber-multi-gyn\/\"]}]},{\"@type\":\"ImageObject\",\"inLanguage\":\"de\",\"@id\":\"https:\/\/multi-gyn.com\/de\/ueber-multi-gyn\/#primaryimage\",\"url\":\"https:\/\/multi-gyn.com\/app\/uploads\/sites\/14\/2022\/06\/2QR-logo-200x200-1.webp\",\"contentUrl\":\"https:\/\/multi-gyn.com\/app\/uploads\/sites\/14\/2022\/06\/2QR-logo-200x200-1.webp\"},{\"@type\":\"BreadcrumbList\",\"@id\":\"https:\/\/multi-gyn.com\/de\/ueber-multi-gyn\/#breadcrumb\",\"itemListElement\":[{\"@type\":\"ListItem\",\"position\":1,\"name\":\"Startseite\",\"item\":\"https:\/\/multi-gyn.com\/de\/\"},{\"@type\":\"ListItem\",\"position\":2,\"name\":\"\u00dcber Multi-Gyn\"}]},{\"@type\":\"WebSite\",\"@id\":\"https:\/\/multi-gyn.com\/de\/#website\",\"url\":\"https:\/\/multi-gyn.com\/de\/\",\"name\":\"Multi-Gyn\",\"description\":\"\",\"publisher\":{\"@id\":\"https:\/\/multi-gyn.com\/de\/#organization\"},\"potentialAction\":[{\"@type\":\"SearchAction\",\"target\":{\"@type\":\"EntryPoint\",\"urlTemplate\":\"https:\/\/multi-gyn.com\/de\/?s={search_term_string}\"},\"query-input\":{\"@type\":\"PropertyValueSpecification\",\"valueRequired\":true,\"valueName\":\"search_term_string\"}}],\"inLanguage\":\"de\"},{\"@type\":\"Organization\",\"@id\":\"https:\/\/multi-gyn.com\/de\/#organization\",\"name\":\"Karo Healthcare GmbH\",\"alternateName\":\"Karo\",\"url\":\"https:\/\/multi-gyn.com\/de\/\",\"logo\":{\"@type\":\"ImageObject\",\"inLanguage\":\"de\",\"@id\":\"https:\/\/multi-gyn.com\/de\/#\/schema\/logo\/image\/\",\"url\":\"https:\/\/multi-gyn.com\/app\/uploads\/sites\/14\/2022\/06\/multi-gyn-logo-retina.png\",\"contentUrl\":\"https:\/\/multi-gyn.com\/app\/uploads\/sites\/14\/2022\/06\/multi-gyn-logo-retina.png\",\"width\":297,\"height\":64,\"caption\":\"Karo Healthcare GmbH\"},\"image\":{\"@id\":\"https:\/\/multi-gyn.com\/de\/#\/schema\/logo\/image\/\"},\"sameAs\":[\"https:\/\/www.instagram.com\/multigyndach\/\"]}]}<\/script>\n<!-- \/ Yoast SEO plugin. -->","yoast_head_json":{"title":"Sanfte, wissenschaftlich fundierte Intimpflege | Multi-Gyn\u00ae","description":"Lerne Multi-Gyn\u00ae kennen - wissenschaftlich fundierte Intimpflege-Produkte die deine Scheidenflora und Intimgesundheit sanft und effektiv unterst\u00fctzen.","robots":{"index":"index","follow":"follow","max-snippet":"max-snippet:-1","max-image-preview":"max-image-preview:large","max-video-preview":"max-video-preview:-1"},"canonical":"https:\/\/multi-gyn.com\/de\/ueber-multi-gyn\/","og_locale":"de_DE","og_type":"article","og_title":"Sanfte, wissenschaftlich fundierte Intimpflege | Multi-Gyn\u00ae","og_description":"Lerne Multi-Gyn\u00ae kennen - wissenschaftlich fundierte Intimpflege-Produkte die deine Scheidenflora und Intimgesundheit sanft und effektiv unterst\u00fctzen.","og_url":"https:\/\/multi-gyn.com\/de\/ueber-multi-gyn\/","og_site_name":"Multi-Gyn","article_modified_time":"2026-03-17T10:01:48+00:00","og_image":[{"width":200,"height":200,"url":"https:\/\/multi-gyn.com\/app\/uploads\/sites\/14\/2022\/06\/2QR-logo-200x200-1.webp","type":"image\/webp"}],"twitter_card":"summary_large_image","twitter_misc":{"Gesch\u00e4tzte Lesezeit":"2\u00a0Minuten"},"schema":{"@context":"https:\/\/schema.org","@graph":[{"@type":"WebPage","@id":"https:\/\/multi-gyn.com\/de\/ueber-multi-gyn\/","url":"https:\/\/multi-gyn.com\/de\/ueber-multi-gyn\/","name":"Sanfte, wissenschaftlich fundierte Intimpflege | Multi-Gyn\u00ae","isPartOf":{"@id":"https:\/\/multi-gyn.com\/de\/#website"},"primaryImageOfPage":{"@id":"https:\/\/multi-gyn.com\/de\/ueber-multi-gyn\/#primaryimage"},"image":{"@id":"https:\/\/multi-gyn.com\/de\/ueber-multi-gyn\/#primaryimage"},"thumbnailUrl":"https:\/\/multi-gyn.com\/app\/uploads\/sites\/14\/2022\/06\/2QR-logo-200x200-1.webp","datePublished":"2022-06-16T13:18:37+00:00","dateModified":"2026-03-17T10:01:48+00:00","description":"Lerne Multi-Gyn\u00ae kennen - wissenschaftlich fundierte Intimpflege-Produkte die deine Scheidenflora und Intimgesundheit sanft und effektiv unterst\u00fctzen.","breadcrumb":{"@id":"https:\/\/multi-gyn.com\/de\/ueber-multi-gyn\/#breadcrumb"},"inLanguage":"de","potentialAction":[{"@type":"ReadAction","target":["https:\/\/multi-gyn.com\/de\/ueber-multi-gyn\/"]}]},{"@type":"ImageObject","inLanguage":"de","@id":"https:\/\/multi-gyn.com\/de\/ueber-multi-gyn\/#primaryimage","url":"https:\/\/multi-gyn.com\/app\/uploads\/sites\/14\/2022\/06\/2QR-logo-200x200-1.webp","contentUrl":"https:\/\/multi-gyn.com\/app\/uploads\/sites\/14\/2022\/06\/2QR-logo-200x200-1.webp"},{"@type":"BreadcrumbList","@id":"https:\/\/multi-gyn.com\/de\/ueber-multi-gyn\/#breadcrumb","itemListElement":[{"@type":"ListItem","position":1,"name":"Startseite","item":"https:\/\/multi-gyn.com\/de\/"},{"@type":"ListItem","position":2,"name":"\u00dcber Multi-Gyn"}]},{"@type":"WebSite","@id":"https:\/\/multi-gyn.com\/de\/#website","url":"https:\/\/multi-gyn.com\/de\/","name":"Multi-Gyn","description":"","publisher":{"@id":"https:\/\/multi-gyn.com\/de\/#organization"},"potentialAction":[{"@type":"SearchAction","target":{"@type":"EntryPoint","urlTemplate":"https:\/\/multi-gyn.com\/de\/?s={search_term_string}"},"query-input":{"@type":"PropertyValueSpecification","valueRequired":true,"valueName":"search_term_string"}}],"inLanguage":"de"},{"@type":"Organization","@id":"https:\/\/multi-gyn.com\/de\/#organization","name":"Karo Healthcare GmbH","alternateName":"Karo","url":"https:\/\/multi-gyn.com\/de\/","logo":{"@type":"ImageObject","inLanguage":"de","@id":"https:\/\/multi-gyn.com\/de\/#\/schema\/logo\/image\/","url":"https:\/\/multi-gyn.com\/app\/uploads\/sites\/14\/2022\/06\/multi-gyn-logo-retina.png","contentUrl":"https:\/\/multi-gyn.com\/app\/uploads\/sites\/14\/2022\/06\/multi-gyn-logo-retina.png","width":297,"height":64,"caption":"Karo Healthcare GmbH"},"image":{"@id":"https:\/\/multi-gyn.com\/de\/#\/schema\/logo\/image\/"},"sameAs":["https:\/\/www.instagram.com\/multigyndach\/"]}]}},"_links":{"self":[{"href":"https:\/\/multi-gyn.com\/de\/wp-json\/wp\/v2\/pages\/105","targetHints":{"allow":["GET"]}}],"collection":[{"href":"https:\/\/multi-gyn.com\/de\/wp-json\/wp\/v2\/pages"}],"about":[{"href":"https:\/\/multi-gyn.com\/de\/wp-json\/wp\/v2\/types\/page"}],"author":[{"embeddable":true,"href":"https:\/\/multi-gyn.com\/de\/wp-json\/wp\/v2\/users\/2"}],"replies":[{"embeddable":true,"href":"https:\/\/multi-gyn.com\/de\/wp-json\/wp\/v2\/comments?post=105"}],"version-history":[{"count":10,"href":"https:\/\/multi-gyn.com\/de\/wp-json\/wp\/v2\/pages\/105\/revisions"}],"predecessor-version":[{"id":1673,"href":"https:\/\/multi-gyn.com\/de\/wp-json\/wp\/v2\/pages\/105\/revisions\/1673"}],"wp:attachment":[{"href":"https:\/\/multi-gyn.com\/de\/wp-json\/wp\/v2\/media?parent=105"}],"wp:term":[{"taxonomy":"from-article-database","embeddable":true,"href":"https:\/\/multi-gyn.com\/de\/wp-json\/wp\/v2\/from-article-database?post=105"}],"curies":[{"name":"wp","href":"https:\/\/api.w.org\/{rel}","templated":true}]}}