{"id":1675,"date":"2026-03-18T09:16:11","date_gmt":"2026-03-18T08:16:11","guid":{"rendered":"https:\/\/multi-gyn.com\/de\/?page_id=1675"},"modified":"2026-03-18T09:22:42","modified_gmt":"2026-03-18T08:22:42","slug":"wichtiger-hinweis-fuer-deine-schwangerschaft","status":"publish","type":"page","link":"https:\/\/multi-gyn.com\/de\/wichtiger-hinweis-fuer-deine-schwangerschaft\/","title":{"rendered":"Wichtiger Hinweis f\u00fcr Deine Schwangerschaft"},"content":{"rendered":"\n<div class=\"wp-block-karopharma-free-text pt-large pb-large bg-center bg-cover bg-no-repeat  is-style-primary\" style=\"background-image:url()\"><div class=\"free-text-wrapper container max-w-small text-left\">\n<h2 class=\"wp-block-heading is-style-heading-large\">Wichtiger Hinweis f\u00fcr Deine Schwangerschaft<\/h2>\n\n\n\n<p>Da Du schwanger bist, ist eine gesunde Scheidenflora besonders wichtig f\u00fcr Dich und Dein Baby. Jede Ver\u00e4nderung im Intimbereich sollte w\u00e4hrend der Schwangerschaft ernst genommen werden.<\/p>\n<\/div><\/div>\n\n\n\n<div class=\"wp-block-karopharma-free-text pt-large pb-large bg-center bg-cover bg-no-repeat  is-style-transparent\" style=\"background-image:url()\"><div class=\"free-text-wrapper container max-w-small text-left\">\n<h3 class=\"wp-block-heading is-style-heading-h3\">Handlungsempfehlung<\/h3>\n\n\n\n<p>Bitte wende Dich zeitnah an Deine Frauen\u00e4rztin, Deinen Frauenarzt oder Deine Hebamme. F\u00fchre keine Selbstbehandlung ohne \u00e4rztliche R\u00fccksprache durch.<\/p>\n\n\n\n<p><a href=\"https:\/\/multi-gyn.com\/de\/deine-intimgesundheit\/intimbeschwerden-ursachen\/ausfluss-in-der-schwangerschaft\/\">Im folgenden Artikel erf\u00e4hrst du mehr \u00fcber die Ver\u00e4nderungen des Intimbereichs w\u00e4hren der Schwangerschaft<\/a><\/p>\n\n\n\n<h3 class=\"wp-block-heading is-style-heading-h3\">Besonderheiten in der Schwangerschaft &#8211; <mark style=\"background-color:rgba(0, 0, 0, 0)\" class=\"has-inline-color has-primary-color\">PILZ<\/mark><\/h3>\n\n\n\n<p>Hormonelle Ver\u00e4nderungen in der Schwangerschaft k\u00f6nnen das Scheidenmilieu beeinflussen. Dadurch kann es beg\u00fcnstigt werden, dass sich Hefepilze st\u00e4rker vermehren und Beschwerden wie Juckreiz, Brennen oder ein ver\u00e4nderter Ausfluss auftreten.<\/p>\n\n\n\n<p>Da Ver\u00e4nderungen im Intimbereich w\u00e4hrend der Schwangerschaft immer \u00e4rztlich abgekl\u00e4rt werden sollten, wende dich bitte an deine Frauen\u00e4rztin oder deinen Frauenarzt. Dort kann untersucht werden, was die Ursache deiner Beschwerden ist und welche Behandlung sinnvoll ist.<\/p>\n<\/div><\/div>\n","protected":false},"excerpt":{"rendered":"","protected":false},"author":2,"featured_media":0,"parent":0,"menu_order":0,"comment_status":"closed","ping_status":"closed","template":"","meta":{"_acf_changed":false,"footnotes":""},"from-article-database":[],"class_list":["post-1675","page","type-page","status-publish","hentry"],"acf":[],"yoast_head":"<!-- This site is optimized with the Yoast SEO plugin v26.6 - https:\/\/yoast.com\/wordpress\/plugins\/seo\/ -->\n<title>Wichtiger Hinweis f\u00fcr Deine Schwangerschaft - Multi-Gyn<\/title>\n<meta name=\"robots\" content=\"index, follow, max-snippet:-1, max-image-preview:large, max-video-preview:-1\" \/>\n<link rel=\"canonical\" href=\"https:\/\/multi-gyn.com\/de\/wichtiger-hinweis-fuer-deine-schwangerschaft\/\" \/>\n<meta property=\"og:locale\" content=\"de_DE\" \/>\n<meta property=\"og:type\" content=\"article\" \/>\n<meta property=\"og:title\" content=\"Wichtiger Hinweis f\u00fcr Deine Schwangerschaft - Multi-Gyn\" \/>\n<meta property=\"og:url\" content=\"https:\/\/multi-gyn.com\/de\/wichtiger-hinweis-fuer-deine-schwangerschaft\/\" \/>\n<meta property=\"og:site_name\" content=\"Multi-Gyn\" \/>\n<meta property=\"article:modified_time\" content=\"2026-03-18T08:22:42+00:00\" \/>\n<meta name=\"twitter:card\" content=\"summary_large_image\" \/>\n<meta name=\"twitter:label1\" content=\"Gesch\u00e4tzte Lesezeit\" \/>\n\t<meta name=\"twitter:data1\" content=\"1\u00a0Minute\" \/>\n<script type=\"application\/ld+json\" class=\"yoast-schema-graph\">{\"@context\":\"https:\/\/schema.org\",\"@graph\":[{\"@type\":\"WebPage\",\"@id\":\"https:\/\/multi-gyn.com\/de\/wichtiger-hinweis-fuer-deine-schwangerschaft\/\",\"url\":\"https:\/\/multi-gyn.com\/de\/wichtiger-hinweis-fuer-deine-schwangerschaft\/\",\"name\":\"Wichtiger Hinweis f\u00fcr Deine Schwangerschaft - Multi-Gyn\",\"isPartOf\":{\"@id\":\"https:\/\/multi-gyn.com\/de\/#website\"},\"datePublished\":\"2026-03-18T08:16:11+00:00\",\"dateModified\":\"2026-03-18T08:22:42+00:00\",\"breadcrumb\":{\"@id\":\"https:\/\/multi-gyn.com\/de\/wichtiger-hinweis-fuer-deine-schwangerschaft\/#breadcrumb\"},\"inLanguage\":\"de\",\"potentialAction\":[{\"@type\":\"ReadAction\",\"target\":[\"https:\/\/multi-gyn.com\/de\/wichtiger-hinweis-fuer-deine-schwangerschaft\/\"]}]},{\"@type\":\"BreadcrumbList\",\"@id\":\"https:\/\/multi-gyn.com\/de\/wichtiger-hinweis-fuer-deine-schwangerschaft\/#breadcrumb\",\"itemListElement\":[{\"@type\":\"ListItem\",\"position\":1,\"name\":\"Startseite\",\"item\":\"https:\/\/multi-gyn.com\/de\/\"},{\"@type\":\"ListItem\",\"position\":2,\"name\":\"Wichtiger Hinweis f\u00fcr Deine Schwangerschaft\"}]},{\"@type\":\"WebSite\",\"@id\":\"https:\/\/multi-gyn.com\/de\/#website\",\"url\":\"https:\/\/multi-gyn.com\/de\/\",\"name\":\"Multi-Gyn\",\"description\":\"\",\"publisher\":{\"@id\":\"https:\/\/multi-gyn.com\/de\/#organization\"},\"potentialAction\":[{\"@type\":\"SearchAction\",\"target\":{\"@type\":\"EntryPoint\",\"urlTemplate\":\"https:\/\/multi-gyn.com\/de\/?s={search_term_string}\"},\"query-input\":{\"@type\":\"PropertyValueSpecification\",\"valueRequired\":true,\"valueName\":\"search_term_string\"}}],\"inLanguage\":\"de\"},{\"@type\":\"Organization\",\"@id\":\"https:\/\/multi-gyn.com\/de\/#organization\",\"name\":\"Karo Healthcare GmbH\",\"alternateName\":\"Karo\",\"url\":\"https:\/\/multi-gyn.com\/de\/\",\"logo\":{\"@type\":\"ImageObject\",\"inLanguage\":\"de\",\"@id\":\"https:\/\/multi-gyn.com\/de\/#\/schema\/logo\/image\/\",\"url\":\"https:\/\/multi-gyn.com\/app\/uploads\/sites\/14\/2022\/06\/multi-gyn-logo-retina.png\",\"contentUrl\":\"https:\/\/multi-gyn.com\/app\/uploads\/sites\/14\/2022\/06\/multi-gyn-logo-retina.png\",\"width\":297,\"height\":64,\"caption\":\"Karo Healthcare GmbH\"},\"image\":{\"@id\":\"https:\/\/multi-gyn.com\/de\/#\/schema\/logo\/image\/\"},\"sameAs\":[\"https:\/\/www.instagram.com\/multigyndach\/\"]}]}<\/script>\n<!-- \/ Yoast SEO plugin. -->","yoast_head_json":{"title":"Wichtiger Hinweis f\u00fcr Deine Schwangerschaft - Multi-Gyn","robots":{"index":"index","follow":"follow","max-snippet":"max-snippet:-1","max-image-preview":"max-image-preview:large","max-video-preview":"max-video-preview:-1"},"canonical":"https:\/\/multi-gyn.com\/de\/wichtiger-hinweis-fuer-deine-schwangerschaft\/","og_locale":"de_DE","og_type":"article","og_title":"Wichtiger Hinweis f\u00fcr Deine Schwangerschaft - Multi-Gyn","og_url":"https:\/\/multi-gyn.com\/de\/wichtiger-hinweis-fuer-deine-schwangerschaft\/","og_site_name":"Multi-Gyn","article_modified_time":"2026-03-18T08:22:42+00:00","twitter_card":"summary_large_image","twitter_misc":{"Gesch\u00e4tzte Lesezeit":"1\u00a0Minute"},"schema":{"@context":"https:\/\/schema.org","@graph":[{"@type":"WebPage","@id":"https:\/\/multi-gyn.com\/de\/wichtiger-hinweis-fuer-deine-schwangerschaft\/","url":"https:\/\/multi-gyn.com\/de\/wichtiger-hinweis-fuer-deine-schwangerschaft\/","name":"Wichtiger Hinweis f\u00fcr Deine Schwangerschaft - Multi-Gyn","isPartOf":{"@id":"https:\/\/multi-gyn.com\/de\/#website"},"datePublished":"2026-03-18T08:16:11+00:00","dateModified":"2026-03-18T08:22:42+00:00","breadcrumb":{"@id":"https:\/\/multi-gyn.com\/de\/wichtiger-hinweis-fuer-deine-schwangerschaft\/#breadcrumb"},"inLanguage":"de","potentialAction":[{"@type":"ReadAction","target":["https:\/\/multi-gyn.com\/de\/wichtiger-hinweis-fuer-deine-schwangerschaft\/"]}]},{"@type":"BreadcrumbList","@id":"https:\/\/multi-gyn.com\/de\/wichtiger-hinweis-fuer-deine-schwangerschaft\/#breadcrumb","itemListElement":[{"@type":"ListItem","position":1,"name":"Startseite","item":"https:\/\/multi-gyn.com\/de\/"},{"@type":"ListItem","position":2,"name":"Wichtiger Hinweis f\u00fcr Deine Schwangerschaft"}]},{"@type":"WebSite","@id":"https:\/\/multi-gyn.com\/de\/#website","url":"https:\/\/multi-gyn.com\/de\/","name":"Multi-Gyn","description":"","publisher":{"@id":"https:\/\/multi-gyn.com\/de\/#organization"},"potentialAction":[{"@type":"SearchAction","target":{"@type":"EntryPoint","urlTemplate":"https:\/\/multi-gyn.com\/de\/?s={search_term_string}"},"query-input":{"@type":"PropertyValueSpecification","valueRequired":true,"valueName":"search_term_string"}}],"inLanguage":"de"},{"@type":"Organization","@id":"https:\/\/multi-gyn.com\/de\/#organization","name":"Karo Healthcare GmbH","alternateName":"Karo","url":"https:\/\/multi-gyn.com\/de\/","logo":{"@type":"ImageObject","inLanguage":"de","@id":"https:\/\/multi-gyn.com\/de\/#\/schema\/logo\/image\/","url":"https:\/\/multi-gyn.com\/app\/uploads\/sites\/14\/2022\/06\/multi-gyn-logo-retina.png","contentUrl":"https:\/\/multi-gyn.com\/app\/uploads\/sites\/14\/2022\/06\/multi-gyn-logo-retina.png","width":297,"height":64,"caption":"Karo Healthcare GmbH"},"image":{"@id":"https:\/\/multi-gyn.com\/de\/#\/schema\/logo\/image\/"},"sameAs":["https:\/\/www.instagram.com\/multigyndach\/"]}]}},"_links":{"self":[{"href":"https:\/\/multi-gyn.com\/de\/wp-json\/wp\/v2\/pages\/1675","targetHints":{"allow":["GET"]}}],"collection":[{"href":"https:\/\/multi-gyn.com\/de\/wp-json\/wp\/v2\/pages"}],"about":[{"href":"https:\/\/multi-gyn.com\/de\/wp-json\/wp\/v2\/types\/page"}],"author":[{"embeddable":true,"href":"https:\/\/multi-gyn.com\/de\/wp-json\/wp\/v2\/users\/2"}],"replies":[{"embeddable":true,"href":"https:\/\/multi-gyn.com\/de\/wp-json\/wp\/v2\/comments?post=1675"}],"version-history":[{"count":3,"href":"https:\/\/multi-gyn.com\/de\/wp-json\/wp\/v2\/pages\/1675\/revisions"}],"predecessor-version":[{"id":1683,"href":"https:\/\/multi-gyn.com\/de\/wp-json\/wp\/v2\/pages\/1675\/revisions\/1683"}],"wp:attachment":[{"href":"https:\/\/multi-gyn.com\/de\/wp-json\/wp\/v2\/media?parent=1675"}],"wp:term":[{"taxonomy":"from-article-database","embeddable":true,"href":"https:\/\/multi-gyn.com\/de\/wp-json\/wp\/v2\/from-article-database?post=1675"}],"curies":[{"name":"wp","href":"https:\/\/api.w.org\/{rel}","templated":true}]}}