{"id":291,"date":"2022-11-25T16:01:40","date_gmt":"2022-11-25T15:01:40","guid":{"rendered":"https:\/\/multi-gyn.com\/de\/?page_id=291"},"modified":"2026-04-17T12:02:17","modified_gmt":"2026-04-17T10:02:17","slug":"tabulos-intim","status":"publish","type":"page","link":"https:\/\/multi-gyn.com\/de\/tabulos-intim\/","title":{"rendered":"Tabulos intim"},"content":{"rendered":"\n<div class=\"wp-block-karopharma-free-text pt-large pb-large bg-center bg-cover bg-no-repeat\" style=\"background-image:url(https:\/\/multi-gyn.com\/cdn-cgi\/image\/format=auto\/app\/uploads\/sites\/14\/2022\/11\/tabulos-intim-hero.jpg)\"><div class=\"free-text-wrapper container max-w-large text-left\">\n<div style=\"height:440px\" aria-hidden=\"true\" class=\"wp-block-spacer is-style-default\"><\/div>\n<\/div><\/div>\n\n\n\n<div class=\"container breadcrumb-wrapper\"><div class=\"site-breadcrumbs overflow-x-auto whitespace-nowrap pb-2 text-sm\" style=\"-webkit-overflow-scrolling: touch; scrollbar-width: none;\">\n            <nav id=\"breadcrumbs\" class=\"yoast-breadcrumbs\"><span><span><a href=\"https:\/\/multi-gyn.com\/de\/\">Startseite<\/a><\/span><\/span><\/nav>\n        <\/div><\/div>\n\n\n\n<div class=\"wp-block-karopharma-free-text pt-medium pb-small bg-center bg-cover bg-no-repeat\" style=\"background-image:url()\"><div class=\"free-text-wrapper container max-w-medium text-left\">\n<h1 class=\"wp-block-heading is-style-heading-huge\">Willkommen bei Tabulos intim \u2013 Unser Talkformat von Multi-Gyn<\/h1>\n\n\n\n<p>Ungew\u00f6hnlicher Ausfluss, fischiger Intimgeruch und vaginaler Juckreiz &#8211; viele Frauen kennen diese Symptome, aber nur wenige wissen, dass dahinter meist eine bakterielle Vaginose (BV) steckt. Und noch viel weniger Frauen sprechen \u00fcber ihre Beschwerden: Sie leiden im Stillen, denn es ist immer noch ein gro\u00dfes Tabuthema.<\/p>\n\n\n\n<p>Das wollen wir \u00e4ndern! Daher haben wir das Talkformat Tabulos intim von Multi-Gyn (@multigyndach) ins Leben gerufen, um aufzukl\u00e4ren und euch zu zeigen, dass ihr nicht allein seid!<\/p>\n\n\n\n<div class=\"wp-block-karopharma-video\"><div class=\"video-wrapper\"><iframe loading=\"lazy\" frameborder=\"0\" allowfullscreen allow=\"accelerometer; encrypted-media; gyroscope; picture-in-picture\" data-src=\"https:\/\/www.youtube.com\/embed\/TW_pxiVpw58?autoplay=1\"><\/iframe><picture><source media=\"(max-width: 550px)\" srcset=\"https:\/\/img.youtube.com\/vi\/TW_pxiVpw58\/mqdefault.jpg\"\/><source media=\"(max-width: 800px)\" srcset=\"https:\/\/img.youtube.com\/vi\/TW_pxiVpw58\/hqdefault.jpg\"\/><img decoding=\"async\" width=\"1280\" height=\"720\" loading=\"lazy\" src=\"https:\/\/img.youtube.com\/vi\/TW_pxiVpw58\/maxresdefault.jpg\" alt=\"Embedded YouTube video player thumbnail\"\/><\/picture><div class=\"video-trigger group\"><div class=\"video-trigger__circle group-hover:opacity-[85%]\"><svg width=\"14\" height=\"16\" viewBox=\"0 0 14 16\" fill=\"none\" xmlns=\"http:\/\/www.w3.org\/2000\/svg\"><path d=\"M13.2625 6.70935L2.2625 0.206225C1.36875 -0.3219 0 0.1906 0 1.49685V14.5C0 15.6719 1.27188 16.3781 2.2625 15.7906L13.2625 9.2906C14.2437 8.71248 14.2469 7.28748 13.2625 6.70935V6.70935Z\" fill=\"white\"><\/path><\/svg><\/div><\/div><\/div><\/div>\n\n\n\n<div style=\"height:100px\" aria-hidden=\"true\" class=\"wp-block-spacer is-style-responsive-small\"><\/div>\n<\/div><\/div>\n\n\n\n<div class=\"wp-block-karopharma-free-text pt-medium pb-none bg-center bg-cover bg-no-repeat\" style=\"background-image:url()\"><div class=\"free-text-wrapper container max-w-medium text-center\">\n<p class=\"is-style-paragraph-preamble\"><strong>Hier geht\u2019s zum Video:<\/strong><\/p>\n<\/div><\/div>\n\n\n\n<section class=\"wp-block-karopharma-videos-with-text undefined\"><div class=\"videos-with-text-wrapper\">\n<section class=\"wp-block-karopharma-videos-with-text-columns undefined\"><div class=\"videos-with-text-columns-wrapper\">\n<section class=\"wp-block-karopharma-video-with-text text-align-left  is-multiple\"><div class=\"video-with-text-wrapper video-with-text__block-align-none\">\n<div class=\"wp-block-group is-layout-flow wp-block-group-is-layout-flow\">\n<div class=\"wp-block-karopharma-video\"><div class=\"video-wrapper\"><iframe loading=\"lazy\" frameborder=\"0\" allowfullscreen allow=\"accelerometer; encrypted-media; gyroscope; picture-in-picture\" data-src=\"https:\/\/www.youtube.com\/embed\/0NX9RshFqXg?autoplay=1\"><\/iframe><picture><source media=\"(max-width: 550px)\" srcset=\"https:\/\/multi-gyn.com\/cdn-cgi\/image\/format=auto,width=550\/app\/uploads\/sites\/14\/2022\/12\/Maria.jpg\"\/><source media=\"(max-width: 800px)\" srcset=\"https:\/\/multi-gyn.com\/cdn-cgi\/image\/format=auto,width=800\/app\/uploads\/sites\/14\/2022\/12\/Maria.jpg\"\/><img decoding=\"async\" width=\"532\" height=\"426\" loading=\"lazy\" src=\"https:\/\/multi-gyn.com\/cdn-cgi\/image\/format=auto\/app\/uploads\/sites\/14\/2022\/12\/Maria.jpg\" alt=\"Maria-Clara\"\/><\/picture><div class=\"video-trigger group\"><div class=\"video-trigger__circle group-hover:opacity-[85%]\"><svg width=\"14\" height=\"16\" viewBox=\"0 0 14 16\" fill=\"none\" xmlns=\"http:\/\/www.w3.org\/2000\/svg\"><path d=\"M13.2625 6.70935L2.2625 0.206225C1.36875 -0.3219 0 0.1906 0 1.49685V14.5C0 15.6719 1.27188 16.3781 2.2625 15.7906L13.2625 9.2906C14.2437 8.71248 14.2469 7.28748 13.2625 6.70935V6.70935Z\" fill=\"white\"><\/path><\/svg><\/div><\/div><\/div><\/div>\n<\/div>\n\n\n\n<div class=\"wp-block-group is-layout-flow wp-block-group-is-layout-flow\">\n<p class=\"is-style-paragraph-small\"><\/p>\n\n\n\n<h4 class=\"wp-block-heading is-style-heading-h4\"><strong>F\u00fcr Episode 1 haben wir Maria Clara Groppler <\/strong><\/h4>\n\n\n\n<p class=\"is-style-body-text\">(@mariaclaragroppler) zu Gast \u2013 Comedian und Influencerin, die ganz offen mit uns \u00fcber ihren pers\u00f6nlichen Teufelskreislauf aus BV, Scheidenpilz und Blasenentz\u00fcndungen spricht.<\/p>\n\n\n\n<div class=\"wp-block-buttons is-layout-flex wp-block-buttons-is-layout-flex\"><\/div>\n<\/div>\n<\/div><\/section>\n\n\n\n<section class=\"wp-block-karopharma-video-with-text text-align-left  is-multiple\"><div class=\"video-with-text-wrapper video-with-text__block-align-none\">\n<div class=\"wp-block-group is-layout-flow wp-block-group-is-layout-flow\">\n<div class=\"wp-block-karopharma-video\"><div class=\"video-wrapper\"><iframe loading=\"lazy\" frameborder=\"0\" allowfullscreen allow=\"accelerometer; encrypted-media; gyroscope; picture-in-picture\" data-src=\"https:\/\/www.youtube.com\/embed\/3b_df9JpW2U?autoplay=1\"><\/iframe><picture><source media=\"(max-width: 550px)\" srcset=\"https:\/\/multi-gyn.com\/cdn-cgi\/image\/format=auto,width=550\/app\/uploads\/sites\/14\/2022\/12\/Bianca.jpg\"\/><source media=\"(max-width: 800px)\" srcset=\"https:\/\/multi-gyn.com\/cdn-cgi\/image\/format=auto,width=800\/app\/uploads\/sites\/14\/2022\/12\/Bianca.jpg\"\/><img decoding=\"async\" width=\"532\" height=\"426\" loading=\"lazy\" src=\"https:\/\/multi-gyn.com\/cdn-cgi\/image\/format=auto\/app\/uploads\/sites\/14\/2022\/12\/Bianca.jpg\" alt=\"Bianca\"\/><\/picture><div class=\"video-trigger group\"><div class=\"video-trigger__circle group-hover:opacity-[85%]\"><svg width=\"14\" height=\"16\" viewBox=\"0 0 14 16\" fill=\"none\" xmlns=\"http:\/\/www.w3.org\/2000\/svg\"><path d=\"M13.2625 6.70935L2.2625 0.206225C1.36875 -0.3219 0 0.1906 0 1.49685V14.5C0 15.6719 1.27188 16.3781 2.2625 15.7906L13.2625 9.2906C14.2437 8.71248 14.2469 7.28748 13.2625 6.70935V6.70935Z\" fill=\"white\"><\/path><\/svg><\/div><\/div><\/div><\/div>\n<\/div>\n\n\n\n<div class=\"wp-block-group is-layout-flow wp-block-group-is-layout-flow\">\n<p class=\"is-style-paragraph-small\"><\/p>\n\n\n\n<h4 class=\"wp-block-heading is-style-heading-h4\">In Episode 2 spricht Bianca<\/h4>\n\n\n\n<p class=\"is-style-body-text\">(@xbips) \u00fcber die Erfahrungen ihrer Instagram Community mit BV und die Wichtigkeit, offen \u00fcber Intimgesundheit zu sprechen \u2013 auch in der Partnerschaft.<\/p>\n\n\n\n<div class=\"wp-block-buttons is-layout-flex wp-block-buttons-is-layout-flex\"><\/div>\n<\/div>\n<\/div><\/section>\n\n\n\n<section class=\"wp-block-karopharma-video-with-text text-align-left  is-multiple\"><div class=\"video-with-text-wrapper video-with-text__block-align-none\">\n<div class=\"wp-block-group is-layout-flow wp-block-group-is-layout-flow\">\n<div class=\"wp-block-karopharma-video\"><div class=\"video-wrapper\"><iframe loading=\"lazy\" frameborder=\"0\" allowfullscreen allow=\"accelerometer; encrypted-media; gyroscope; picture-in-picture\" data-src=\"https:\/\/www.youtube.com\/embed\/imWJo80M8Rk?autoplay=1\"><\/iframe><picture><source media=\"(max-width: 550px)\" srcset=\"https:\/\/multi-gyn.com\/cdn-cgi\/image\/format=auto,width=550\/app\/uploads\/sites\/14\/2022\/12\/Mogli.jpg\"\/><source media=\"(max-width: 800px)\" srcset=\"https:\/\/multi-gyn.com\/cdn-cgi\/image\/format=auto,width=800\/app\/uploads\/sites\/14\/2022\/12\/Mogli.jpg\"\/><img decoding=\"async\" width=\"532\" height=\"426\" loading=\"lazy\" src=\"https:\/\/multi-gyn.com\/cdn-cgi\/image\/format=auto\/app\/uploads\/sites\/14\/2022\/12\/Mogli.jpg\" alt=\"Mogli\"\/><\/picture><div class=\"video-trigger group\"><div class=\"video-trigger__circle group-hover:opacity-[85%]\"><svg width=\"14\" height=\"16\" viewBox=\"0 0 14 16\" fill=\"none\" xmlns=\"http:\/\/www.w3.org\/2000\/svg\"><path d=\"M13.2625 6.70935L2.2625 0.206225C1.36875 -0.3219 0 0.1906 0 1.49685V14.5C0 15.6719 1.27188 16.3781 2.2625 15.7906L13.2625 9.2906C14.2437 8.71248 14.2469 7.28748 13.2625 6.70935V6.70935Z\" fill=\"white\"><\/path><\/svg><\/div><\/div><\/div><\/div>\n<\/div>\n\n\n\n<div class=\"wp-block-group is-layout-flow wp-block-group-is-layout-flow\">\n<p class=\"is-style-paragraph-small\"><\/p>\n\n\n\n<h4 class=\"wp-block-heading is-style-heading-h4\">In Episode 3 spricht Mogli<\/h4>\n\n\n\n<p class=\"is-style-body-text\">(@mogliofficial) \u00fcber Empowerment und macht uns auf wunderbare Weise Mut, uns verletzlich zu zeigen.<\/p>\n\n\n\n<div class=\"wp-block-buttons is-layout-flex wp-block-buttons-is-layout-flex\"><\/div>\n<\/div>\n<\/div><\/section>\n<\/div><\/section>\n\n\n\n<div class=\"wp-block-buttons is-layout-flex wp-block-buttons-is-layout-flex\"><\/div>\n<\/div><\/section>\n\n\n\n<div class=\"wp-block-karopharma-free-text pt-none pb-large bg-center bg-cover bg-no-repeat\" style=\"background-image:url()\"><div class=\"free-text-wrapper container max-w-medium text-center\">\n<figure class=\"wp-block-image aligncenter size-full\"><img loading=\"lazy\" decoding=\"async\" width=\"532\" height=\"426\" src=\"https:\/\/multi-gyn.com\/app\/uploads\/sites\/14\/2022\/12\/DrShiela.jpg\" alt=\"DrShiela\" class=\"wp-image-327\" srcset=\"https:\/\/multi-gyn.com\/app\/uploads\/sites\/14\/2022\/12\/DrShiela.jpg 532w, https:\/\/multi-gyn.com\/app\/uploads\/sites\/14\/2022\/12\/DrShiela-320x256.jpg 320w\" sizes=\"auto, (max-width: 532px) 100vw, 532px\" \/><\/figure>\n\n\n\n<p><strong>Dar\u00fcber hinaus kl\u00e4rt Dr. Sheila de Liz<\/strong>, Bestsellerautorin und Gyn\u00e4kologin, \u00fcber Mythen rund um das Thema bakterielle Vaginose auf.<\/p>\n\n\n\n<div style=\"height:100px\" aria-hidden=\"true\" class=\"wp-block-spacer\"><\/div>\n\n\n\n<figure class=\"wp-block-image aligncenter size-full is-resized\"><img loading=\"lazy\" decoding=\"async\" width=\"399\" height=\"600\" src=\"https:\/\/multi-gyn.com\/app\/uploads\/sites\/14\/2025\/09\/Multi-Gyn-ActiGel.png\" alt=\"Multi-Gyn-ActiGel\" class=\"wp-image-876\" srcset=\"https:\/\/multi-gyn.com\/app\/uploads\/sites\/14\/2025\/09\/Multi-Gyn-ActiGel.png 399w, https:\/\/multi-gyn.com\/app\/uploads\/sites\/14\/2025\/09\/Multi-Gyn-ActiGel-213x320.png 213w\" sizes=\"auto, (max-width: 399px) 100vw, 399px\" \/><\/figure>\n\n\n\n<div class=\"wp-block-buttons is-vertical is-content-justification-center is-layout-flex wp-container-core-buttons-is-layout-9a7cdcfd wp-block-buttons-is-layout-flex\">\n<div class=\"wp-block-button\"><a class=\"wp-block-button__link wp-element-button\" href=\"https:\/\/www.rossmann.de\/de\/baby-und-spielzeug-multi-gyn-actigel\/p\/8714207410501\" target=\"_blank\" rel=\"noreferrer noopener\">Jetzt bei Rossmann kaufen<\/a><\/div>\n\n\n\n<div class=\"wp-block-button aligncenter\"><a class=\"wp-block-button__link wp-element-button\" href=\"https:\/\/www.dm.de\/multi-gyn-actigel-p8714207410501.html\" target=\"_blank\" rel=\"noreferrer noopener\">Jetzt bei DM kaufen<\/a><\/div>\n<\/div>\n\n\n\n<p class=\"has-text-align-left\">Es ist uns hier bei Multi-Gyn wichtig, euch nat\u00fcrliche Produkte anzubieten, die nicht nur behandeln, sondern euch helfen, euch wieder wohlzuf\u00fchlen. Wir k\u00f6nnen mit Stolz behaupten, dass alle unsere Produkte auf nat\u00fcrlichen Inhaltsstoffen basieren und sehr gut vertr\u00e4glich sind. Eure Intimgesundheit liegt uns am Herzen.<\/p>\n\n\n\n<h3>Dein Experte f\u00fcr Intimgesundheit <\/h3>\n\n\n\n<p>Folgt uns auf Instagram unter @multigyndach<\/p>\n\n\n\n<div class=\"wp-block-buttons is-layout-flex wp-block-buttons-is-layout-flex\">\n<div class=\"wp-block-button is-style-primary-outlined-button\"><a class=\"wp-block-button__link wp-element-button\" href=\"https:\/\/www.instagram.com\/multigyndach\/\" target=\"_blank\" rel=\"noreferrer noopener\">Instagram<\/a><\/div>\n<\/div>\n\n\n\n<div style=\"height:100px\" aria-hidden=\"true\" class=\"wp-block-spacer\"><\/div>\n<\/div><\/div>\n","protected":false},"excerpt":{"rendered":"","protected":false},"author":2,"featured_media":0,"parent":0,"menu_order":0,"comment_status":"closed","ping_status":"closed","template":"","meta":{"_acf_changed":false,"footnotes":""},"from-article-database":[],"class_list":["post-291","page","type-page","status-publish","hentry"],"acf":[],"yoast_head":"<!-- This site is optimized with the Yoast SEO plugin v26.6 - https:\/\/yoast.com\/wordpress\/plugins\/seo\/ -->\n<title>Tabulos intim: offen \u00fcber Vaginalbeschwerden | MultiGyn\u00ae<\/title>\n<meta name=\"description\" content=\"Tabulos intim - Dein Talkformat von Multi-Gyn\u00ae. Hier erf\u00e4hrst du, was hinter Vaginalbeschwerden, wie Scheidenausfluss, Intimgeruch &amp; Juckreiz steckt.\" \/>\n<meta name=\"robots\" content=\"index, follow, max-snippet:-1, max-image-preview:large, max-video-preview:-1\" \/>\n<link rel=\"canonical\" href=\"https:\/\/multi-gyn.com\/de\/tabulos-intim\/\" \/>\n<meta property=\"og:locale\" content=\"de_DE\" \/>\n<meta property=\"og:type\" content=\"article\" \/>\n<meta property=\"og:title\" content=\"Tabulos intim: offen \u00fcber Vaginalbeschwerden | MultiGyn\u00ae\" \/>\n<meta property=\"og:description\" content=\"Tabulos intim - Dein Talkformat von Multi-Gyn\u00ae. Hier erf\u00e4hrst du, was hinter Vaginalbeschwerden, wie Scheidenausfluss, Intimgeruch &amp; Juckreiz steckt.\" \/>\n<meta property=\"og:url\" content=\"https:\/\/multi-gyn.com\/de\/tabulos-intim\/\" \/>\n<meta property=\"og:site_name\" content=\"Multi-Gyn\" \/>\n<meta property=\"article:modified_time\" content=\"2026-04-17T10:02:17+00:00\" \/>\n<meta property=\"og:image\" content=\"https:\/\/img.youtube.com\/vi\/TW_pxiVpw58\/maxresdefault.jpg\" \/>\n<meta name=\"twitter:card\" content=\"summary_large_image\" \/>\n<meta name=\"twitter:label1\" content=\"Gesch\u00e4tzte Lesezeit\" \/>\n\t<meta name=\"twitter:data1\" content=\"3\u00a0Minuten\" \/>\n<script type=\"application\/ld+json\" class=\"yoast-schema-graph\">{\"@context\":\"https:\/\/schema.org\",\"@graph\":[{\"@type\":\"WebPage\",\"@id\":\"https:\/\/multi-gyn.com\/de\/tabulos-intim\/\",\"url\":\"https:\/\/multi-gyn.com\/de\/tabulos-intim\/\",\"name\":\"Tabulos intim: offen \u00fcber Vaginalbeschwerden | MultiGyn\u00ae\",\"isPartOf\":{\"@id\":\"https:\/\/multi-gyn.com\/de\/#website\"},\"primaryImageOfPage\":{\"@id\":\"https:\/\/multi-gyn.com\/de\/tabulos-intim\/#primaryimage\"},\"image\":{\"@id\":\"https:\/\/multi-gyn.com\/de\/tabulos-intim\/#primaryimage\"},\"thumbnailUrl\":\"https:\/\/img.youtube.com\/vi\/TW_pxiVpw58\/maxresdefault.jpg\",\"datePublished\":\"2022-11-25T15:01:40+00:00\",\"dateModified\":\"2026-04-17T10:02:17+00:00\",\"description\":\"Tabulos intim - Dein Talkformat von Multi-Gyn\u00ae. Hier erf\u00e4hrst du, was hinter Vaginalbeschwerden, wie Scheidenausfluss, Intimgeruch & Juckreiz steckt.\",\"breadcrumb\":{\"@id\":\"https:\/\/multi-gyn.com\/de\/tabulos-intim\/#breadcrumb\"},\"inLanguage\":\"de\",\"potentialAction\":[{\"@type\":\"ReadAction\",\"target\":[\"https:\/\/multi-gyn.com\/de\/tabulos-intim\/\"]}]},{\"@type\":\"ImageObject\",\"inLanguage\":\"de\",\"@id\":\"https:\/\/multi-gyn.com\/de\/tabulos-intim\/#primaryimage\",\"url\":\"https:\/\/img.youtube.com\/vi\/TW_pxiVpw58\/maxresdefault.jpg\",\"contentUrl\":\"https:\/\/img.youtube.com\/vi\/TW_pxiVpw58\/maxresdefault.jpg\"},{\"@type\":\"BreadcrumbList\",\"@id\":\"https:\/\/multi-gyn.com\/de\/tabulos-intim\/#breadcrumb\",\"itemListElement\":[{\"@type\":\"ListItem\",\"position\":1,\"name\":\"Startseite\",\"item\":\"https:\/\/multi-gyn.com\/de\/\"},{\"@type\":\"ListItem\",\"position\":2,\"name\":\"Tabulos intim\"}]},{\"@type\":\"WebSite\",\"@id\":\"https:\/\/multi-gyn.com\/de\/#website\",\"url\":\"https:\/\/multi-gyn.com\/de\/\",\"name\":\"Multi-Gyn\",\"description\":\"\",\"publisher\":{\"@id\":\"https:\/\/multi-gyn.com\/de\/#organization\"},\"potentialAction\":[{\"@type\":\"SearchAction\",\"target\":{\"@type\":\"EntryPoint\",\"urlTemplate\":\"https:\/\/multi-gyn.com\/de\/?s={search_term_string}\"},\"query-input\":{\"@type\":\"PropertyValueSpecification\",\"valueRequired\":true,\"valueName\":\"search_term_string\"}}],\"inLanguage\":\"de\"},{\"@type\":\"Organization\",\"@id\":\"https:\/\/multi-gyn.com\/de\/#organization\",\"name\":\"Karo Healthcare GmbH\",\"alternateName\":\"Karo\",\"url\":\"https:\/\/multi-gyn.com\/de\/\",\"logo\":{\"@type\":\"ImageObject\",\"inLanguage\":\"de\",\"@id\":\"https:\/\/multi-gyn.com\/de\/#\/schema\/logo\/image\/\",\"url\":\"https:\/\/multi-gyn.com\/app\/uploads\/sites\/14\/2022\/06\/multi-gyn-logo-retina.png\",\"contentUrl\":\"https:\/\/multi-gyn.com\/app\/uploads\/sites\/14\/2022\/06\/multi-gyn-logo-retina.png\",\"width\":297,\"height\":64,\"caption\":\"Karo Healthcare GmbH\"},\"image\":{\"@id\":\"https:\/\/multi-gyn.com\/de\/#\/schema\/logo\/image\/\"},\"sameAs\":[\"https:\/\/www.instagram.com\/multigyndach\/\"]}]}<\/script>\n<!-- \/ Yoast SEO plugin. -->","yoast_head_json":{"title":"Tabulos intim: offen \u00fcber Vaginalbeschwerden | MultiGyn\u00ae","description":"Tabulos intim - Dein Talkformat von Multi-Gyn\u00ae. Hier erf\u00e4hrst du, was hinter Vaginalbeschwerden, wie Scheidenausfluss, Intimgeruch & Juckreiz steckt.","robots":{"index":"index","follow":"follow","max-snippet":"max-snippet:-1","max-image-preview":"max-image-preview:large","max-video-preview":"max-video-preview:-1"},"canonical":"https:\/\/multi-gyn.com\/de\/tabulos-intim\/","og_locale":"de_DE","og_type":"article","og_title":"Tabulos intim: offen \u00fcber Vaginalbeschwerden | MultiGyn\u00ae","og_description":"Tabulos intim - Dein Talkformat von Multi-Gyn\u00ae. Hier erf\u00e4hrst du, was hinter Vaginalbeschwerden, wie Scheidenausfluss, Intimgeruch & Juckreiz steckt.","og_url":"https:\/\/multi-gyn.com\/de\/tabulos-intim\/","og_site_name":"Multi-Gyn","article_modified_time":"2026-04-17T10:02:17+00:00","og_image":[{"url":"https:\/\/img.youtube.com\/vi\/TW_pxiVpw58\/maxresdefault.jpg","type":"","width":"","height":""}],"twitter_card":"summary_large_image","twitter_misc":{"Gesch\u00e4tzte Lesezeit":"3\u00a0Minuten"},"schema":{"@context":"https:\/\/schema.org","@graph":[{"@type":"WebPage","@id":"https:\/\/multi-gyn.com\/de\/tabulos-intim\/","url":"https:\/\/multi-gyn.com\/de\/tabulos-intim\/","name":"Tabulos intim: offen \u00fcber Vaginalbeschwerden | MultiGyn\u00ae","isPartOf":{"@id":"https:\/\/multi-gyn.com\/de\/#website"},"primaryImageOfPage":{"@id":"https:\/\/multi-gyn.com\/de\/tabulos-intim\/#primaryimage"},"image":{"@id":"https:\/\/multi-gyn.com\/de\/tabulos-intim\/#primaryimage"},"thumbnailUrl":"https:\/\/img.youtube.com\/vi\/TW_pxiVpw58\/maxresdefault.jpg","datePublished":"2022-11-25T15:01:40+00:00","dateModified":"2026-04-17T10:02:17+00:00","description":"Tabulos intim - Dein Talkformat von Multi-Gyn\u00ae. Hier erf\u00e4hrst du, was hinter Vaginalbeschwerden, wie Scheidenausfluss, Intimgeruch & Juckreiz steckt.","breadcrumb":{"@id":"https:\/\/multi-gyn.com\/de\/tabulos-intim\/#breadcrumb"},"inLanguage":"de","potentialAction":[{"@type":"ReadAction","target":["https:\/\/multi-gyn.com\/de\/tabulos-intim\/"]}]},{"@type":"ImageObject","inLanguage":"de","@id":"https:\/\/multi-gyn.com\/de\/tabulos-intim\/#primaryimage","url":"https:\/\/img.youtube.com\/vi\/TW_pxiVpw58\/maxresdefault.jpg","contentUrl":"https:\/\/img.youtube.com\/vi\/TW_pxiVpw58\/maxresdefault.jpg"},{"@type":"BreadcrumbList","@id":"https:\/\/multi-gyn.com\/de\/tabulos-intim\/#breadcrumb","itemListElement":[{"@type":"ListItem","position":1,"name":"Startseite","item":"https:\/\/multi-gyn.com\/de\/"},{"@type":"ListItem","position":2,"name":"Tabulos intim"}]},{"@type":"WebSite","@id":"https:\/\/multi-gyn.com\/de\/#website","url":"https:\/\/multi-gyn.com\/de\/","name":"Multi-Gyn","description":"","publisher":{"@id":"https:\/\/multi-gyn.com\/de\/#organization"},"potentialAction":[{"@type":"SearchAction","target":{"@type":"EntryPoint","urlTemplate":"https:\/\/multi-gyn.com\/de\/?s={search_term_string}"},"query-input":{"@type":"PropertyValueSpecification","valueRequired":true,"valueName":"search_term_string"}}],"inLanguage":"de"},{"@type":"Organization","@id":"https:\/\/multi-gyn.com\/de\/#organization","name":"Karo Healthcare GmbH","alternateName":"Karo","url":"https:\/\/multi-gyn.com\/de\/","logo":{"@type":"ImageObject","inLanguage":"de","@id":"https:\/\/multi-gyn.com\/de\/#\/schema\/logo\/image\/","url":"https:\/\/multi-gyn.com\/app\/uploads\/sites\/14\/2022\/06\/multi-gyn-logo-retina.png","contentUrl":"https:\/\/multi-gyn.com\/app\/uploads\/sites\/14\/2022\/06\/multi-gyn-logo-retina.png","width":297,"height":64,"caption":"Karo Healthcare GmbH"},"image":{"@id":"https:\/\/multi-gyn.com\/de\/#\/schema\/logo\/image\/"},"sameAs":["https:\/\/www.instagram.com\/multigyndach\/"]}]}},"_links":{"self":[{"href":"https:\/\/multi-gyn.com\/de\/wp-json\/wp\/v2\/pages\/291","targetHints":{"allow":["GET"]}}],"collection":[{"href":"https:\/\/multi-gyn.com\/de\/wp-json\/wp\/v2\/pages"}],"about":[{"href":"https:\/\/multi-gyn.com\/de\/wp-json\/wp\/v2\/types\/page"}],"author":[{"embeddable":true,"href":"https:\/\/multi-gyn.com\/de\/wp-json\/wp\/v2\/users\/2"}],"replies":[{"embeddable":true,"href":"https:\/\/multi-gyn.com\/de\/wp-json\/wp\/v2\/comments?post=291"}],"version-history":[{"count":10,"href":"https:\/\/multi-gyn.com\/de\/wp-json\/wp\/v2\/pages\/291\/revisions"}],"predecessor-version":[{"id":1626,"href":"https:\/\/multi-gyn.com\/de\/wp-json\/wp\/v2\/pages\/291\/revisions\/1626"}],"wp:attachment":[{"href":"https:\/\/multi-gyn.com\/de\/wp-json\/wp\/v2\/media?parent=291"}],"wp:term":[{"taxonomy":"from-article-database","embeddable":true,"href":"https:\/\/multi-gyn.com\/de\/wp-json\/wp\/v2\/from-article-database?post=291"}],"curies":[{"name":"wp","href":"https:\/\/api.w.org\/{rel}","templated":true}]}}