{"id":342,"date":"2023-01-17T15:39:59","date_gmt":"2023-01-17T14:39:59","guid":{"rendered":"https:\/\/multi-gyn.com\/de\/?post_type=product&#038;p=342"},"modified":"2026-03-27T11:24:33","modified_gmt":"2026-03-27T10:24:33","slug":"actigel-2in1","status":"publish","type":"product","link":"https:\/\/multi-gyn.com\/de\/produkt\/actigel-2in1\/","title":{"rendered":"Multi-Gyn ActiGel 2IN1"},"content":{"rendered":"\n<div class=\"wp-block-karopharma-accordions is-style-secondary\"><div class=\"container\">\n<details class=\"wp-block-karopharma-accordion\"><summary><h2 class=\"accordion-title\">Wof\u00fcr wird Multi-Gyn ActiGel 2IN1 angewendet?<\/h2><\/summary><div class=\"accordion-content\">\n<p>Multi-Gyn ActiGel ist ein Medizinprodukt zur Behandlung der Symptome einer Infektion der Vagina mit einer bakterieller Vaginose. Es lindert Brennen, unangenehmen Geruch &amp; Ausfluss.<\/p>\n<\/div><\/details>\n\n\n\n<details class=\"wp-block-karopharma-accordion\"><summary><h2 class=\"accordion-title\">Wie wird Multi-Gyn ActiGel 2IN1 angewendet?<\/h2><\/summary><div class=\"accordion-content\">\n<p>F\u00fcr die Behandlung einer bakteriellen Vaginose (BV) verwende Multi-Gyn ActiGel 2IN1 in der Vagina mindestens zweimal t\u00e4glich f\u00fcr die Dauer von mindestens f\u00fcnf Tagen an. Wir empfehlen die Anwendung morgens, sowie abends kurz vor dem Schlafengehen.<br>F\u00fcr Beschwerden im Vaginalbereich wie Juckreiz und Reizungen trage Multi-Gyn ActiGel 2IN1 mindestens einmal t\u00e4glich auf oder wann immer Du schnelle Erleichterung ben\u00f6tigen.<\/p>\n<\/div><\/details>\n\n\n\n<details class=\"wp-block-karopharma-accordion\"><summary><h2 class=\"accordion-title\">Ist es normal, nach der Anwendung ein prickelndes oder brennendes Gef\u00fchl zu versp\u00fcren?<\/h2><\/summary><div class=\"accordion-content\">\n<p>Wenn Sie nach der Anwendung ein Brennen und\/oder Prickeln versp\u00fcren, machen Sie sich keine Sorgen. Dies ist normal und wird rasch vergehen.<\/p>\n<\/div><\/details>\n\n\n\n<details class=\"wp-block-karopharma-accordion\"><summary><h2 class=\"accordion-title\">Hat Multi-Gyn ActiGel 2IN1 Auswirkungen auf eine Antibiotika-Therapie?<\/h2><\/summary><div class=\"accordion-content\">\n<p>Nein, Multi-Gyn ActiGel 2IN1 hat keine negativen Auswirkungen auf eine Antibiotika-Therapie. Wir empfehlen sogar, Multi-Gyn ActiGel 2IN1 begleitend oder nach einer Antibiotika-Therapie anzuwenden, da es die Vaginalflora sch\u00fctzt und bei der Regeneration der Vaginalflora unterst\u00fctzen kann.<\/p>\n<\/div><\/details>\n\n\n\n<details class=\"wp-block-karopharma-accordion\"><summary><h2 class=\"accordion-title\">Muss ich die Tube komplett aufbrauchen?<\/h2><\/summary><div class=\"accordion-content\">\n<p>Um bakterielle Vaginose zu behandeln, wende Multi-Gyn ActiGel 2IN1 an 5 aufeinanderfolgenden Tagen mindestens zweimal am Tag an. Wenn Deine Beschwerden nach diesen 5 Tagen verschwunden sind, musst Du die Tube nicht aufbrauchen.<\/p>\n<\/div><\/details>\n\n\n\n<details class=\"wp-block-karopharma-accordion\"><summary><h2 class=\"accordion-title\">Enth\u00e4lt Multi-Gyn Acti Gel Konservierungs-, Duft- oder Farbstoffen?<\/h2><\/summary><div class=\"accordion-content\">\n<p>Nein, alle Multi-Gyn Produkte sind auf Basis nat\u00fcrlicher Inhaltsstoffe und frei von Konservierungs-, Duft- oder Farbstoffen.<\/p>\n<\/div><\/details>\n\n\n\n<details class=\"wp-block-karopharma-accordion\"><summary><h2 class=\"accordion-title\">Ist Multi-Gyn ActiGel 2IN1 vertr\u00e4glich mit Kondomen?<\/h2><\/summary><div class=\"accordion-content\">\n<p>Multi-Gyn ActiGel 2IN1 sollte nicht gleichzeitig mit Kondomen verwendet werden.<\/p>\n<\/div><\/details>\n\n\n\n<details class=\"wp-block-karopharma-accordion\"><summary><h2 class=\"accordion-title\">Was sollte ich bei aktivem Kinderwunsch beachten?<\/h2><\/summary><div class=\"accordion-content\">\n<p>Da Multi-Gyn ActiGel 2IN1 einen f\u00fcr die Vagina optimalen S\u00e4uregrad (niedriger pH-Wert) hat und Sperma alkalisch (hoher pH-Wert) ist, kann die Anwendung von Multi-Gyn ActiGel 2IN1 die Spermaaktivit\u00e4t verringern. Daher sollte Multi-Gyn ActiGel 2IN1 nicht in der empf\u00e4ngnisbereiten Zyklusphase verwendet werden, wenn der Wunsch nach einer Schwangerschaft besteht.<\/p>\n<\/div><\/details>\n\n\n\n<details class=\"wp-block-karopharma-accordion\"><summary><h2 class=\"accordion-title\">Kann ich Multi-Gyn ActiGel 2IN1 in Schwangerschaft\/Stillzeit verwenden?<\/h2><\/summary><div class=\"accordion-content\">\n<p>Es sind keine Gegenanzeigen f\u00fcr die Verwendung von Multi-Gyn ActiGel 2IN1 w\u00e4hrend Schwangerschaft und Stillzeit bekannt. Bitte sprich vor der Anwendung mit Deiner \u00c4rztin bzw. Deinem Arzt.<\/p>\n<\/div><\/details>\n\n\n\n<details class=\"wp-block-karopharma-accordion\"><summary><h2 class=\"accordion-title\">Kann ich Multi-Gyn ActiGel 2IN1 auch w\u00e4hrend meiner Periode verwenden?<\/h2><\/summary><div class=\"accordion-content\">\n<p>Nein, bitte verwende Multi-Gyn ActiGel 2IN1 nicht w\u00e4hrend der Menstruation.<\/p>\n<\/div><\/details>\n\n\n\n<details class=\"wp-block-karopharma-accordion\"><summary><h2 class=\"accordion-title\">Wie sollte ich das Produkt lagern?<\/h2><\/summary><div class=\"accordion-content\">\n<p>Multi-Gyn ActiGel 2IN1sollte zwischen 10\u00b0C und 25\u00b0C (Zimmertemperatur) gelagert werden und f\u00fcr Kinder unzug\u00e4nglich aufbewahrt werden. Verwenden das Produkt nicht nach Ablauf des Verfalldatums.<\/p>\n<\/div><\/details>\n<\/div><\/div>\n\n\n\n<script type=\"application\/ld+json\">\n{\n  \"@context\": \"https:\/\/schema.org\",\n  \"@type\": \"FAQPage\",\n  \"mainEntity\": [\n    {\n      \"@type\": \"Question\",\n      \"name\": \"Wof\u00fcr wird Multi-Gyn ActiGel 2IN1 angewendet?\",\n      \"acceptedAnswer\": {\n        \"@type\": \"Answer\",\n        \"text\": \"Multi-Gyn ActiGel ist ein Medizinprodukt zur Behandlung der Symptome einer Infektion der Vagina mit einer bakterieller Vaginose. Es lindert Brennen, unangenehmen Geruch & Ausfluss.\"\n      }\n    },\n    {\n      \"@type\": \"Question\",\n      \"name\": \"Wie wird Multi-Gyn ActiGel 2IN1 angewendet?\",\n      \"acceptedAnswer\": {\n        \"@type\": \"Answer\",\n        \"text\": \"F\u00fcr die Behandlung einer bakteriellen Vaginose (BV) verwende Multi-Gyn ActiGel 2IN1 in der Vagina mindestens zweimal t\u00e4glich f\u00fcr die Dauer von mindestens f\u00fcnf Tagen an. Wir empfehlen die Anwendung morgens, sowie abends kurz vor dem Schlafengehen. F\u00fcr Beschwerden im Vaginalbereich wie Juckreiz und Reizungen trage Multi-Gyn ActiGel 2IN1 mindestens einmal t\u00e4glich auf oder wann immer Du schnelle Erleichterung ben\u00f6tigen.\"\n      }\n    },\n    {\n      \"@type\": \"Question\",\n      \"name\": \"Ist es normal, nach der Anwendung ein prickelndes oder brennendes Gef\u00fchl zu versp\u00fcren?\",\n      \"acceptedAnswer\": {\n        \"@type\": \"Answer\",\n        \"text\": \"Wenn Sie nach der Anwendung ein Brennen und\/oder Prickeln versp\u00fcren, machen Sie sich keine Sorgen. Dies ist normal und wird rasch vergehen.\"\n      }\n    },\n    {\n      \"@type\": \"Question\",\n      \"name\": \"Hat Multi-Gyn ActiGel 2IN1 Auswirkungen auf eine Antibiotika-Therapie?\",\n      \"acceptedAnswer\": {\n        \"@type\": \"Answer\",\n        \"text\": \"Nein, Multi-Gyn ActiGel 2IN1 hat keine negativen Auswirkungen auf eine Antibiotika-Therapie. Wir empfehlen sogar, Multi-Gyn ActiGel 2IN1 begleitend oder nach einer Antibiotika-Therapie anzuwenden, da es die Vaginalflora sch\u00fctzt und bei der Regeneration der Vaginalflora unterst\u00fctzen kann.\"\n      }\n    },\n    {\n      \"@type\": \"Question\",\n      \"name\": \"Muss ich die Tube komplett aufbrauchen?\",\n      \"acceptedAnswer\": {\n        \"@type\": \"Answer\",\n        \"text\": \"Um bakterielle Vaginose zu behandeln, wende Multi-Gyn ActiGel 2IN1 an 5 aufeinanderfolgenden Tagen mindestens zweimal am Tag an. Wenn Deine Beschwerden nach diesen 5 Tagen verschwunden sind, musst Du die Tube nicht aufbrauchen.\"\n      }\n    },\n    {\n      \"@type\": \"Question\",\n      \"name\": \"Enth\u00e4lt Multi-Gyn Acti Gel Konservierungs-, Duft- oder Farbstoffen?\",\n      \"acceptedAnswer\": {\n        \"@type\": \"Answer\",\n        \"text\": \"Nein, alle Multi-Gyn Produkte sind auf Basis nat\u00fcrlicher Inhaltsstoffe und frei von Konservierungs-, Duft- oder Farbstoffen.\"\n      }\n    },\n    {\n      \"@type\": \"Question\",\n      \"name\": \"Ist Multi-Gyn ActiGel 2IN1 vertr\u00e4glich mit Kondomen?\",\n      \"acceptedAnswer\": {\n        \"@type\": \"Answer\",\n        \"text\": \"Multi-Gyn ActiGel 2IN1 sollte nicht gleichzeitig mit Kondomen verwendet werden.\"\n      }\n    },\n    {\n      \"@type\": \"Question\",\n      \"name\": \"Was sollte ich bei aktivem Kinderwunsch beachten?\",\n      \"acceptedAnswer\": {\n        \"@type\": \"Answer\",\n        \"text\": \"Da Multi-Gyn ActiGel 2IN1 einen f\u00fcr die Vagina optimalen S\u00e4uregrad (niedriger pH-Wert) hat und Sperma alkalisch (hoher pH-Wert) ist, kann die Anwendung von Multi-Gyn ActiGel 2IN1 die Spermaaktivit\u00e4t verringern. Daher sollte Multi-Gyn ActiGel 2IN1 nicht in der empf\u00e4ngnisbereiten Zyklusphase verwendet werden, wenn der Wunsch nach einer Schwangerschaft besteht.\"\n      }\n    },\n    {\n      \"@type\": \"Question\",\n      \"name\": \"Kann ich Multi-Gyn ActiGel 2IN1 in Schwangerschaft\/Stillzeit verwenden?\",\n      \"acceptedAnswer\": {\n        \"@type\": \"Answer\",\n        \"text\": \"Es sind keine Gegenanzeigen f\u00fcr die Verwendung von Multi-Gyn ActiGel 2IN1 w\u00e4hrend Schwangerschaft und Stillzeit bekannt. Bitte sprich vor der Anwendung mit Deiner \u00c4rztin bzw. Deinem Arzt.\"\n      }\n    },\n    {\n      \"@type\": \"Question\",\n      \"name\": \"Kann ich Multi-Gyn ActiGel 2IN1 auch w\u00e4hrend meiner Periode verwenden?\",\n      \"acceptedAnswer\": {\n        \"@type\": \"Answer\",\n        \"text\": \"Nein, bitte verwende Multi-Gyn ActiGel 2IN1 nicht w\u00e4hrend der Menstruation.\"\n      }\n    },\n    {\n      \"@type\": \"Question\",\n      \"name\": \"Wie sollte ich das Produkt lagern?\",\n      \"acceptedAnswer\": {\n        \"@type\": \"Answer\",\n        \"text\": \"Multi-Gyn ActiGel 2IN1 sollte zwischen 10\u00b0C und 25\u00b0C (Zimmertemperatur) gelagert werden und f\u00fcr Kinder unzug\u00e4nglich aufbewahrt werden. Verwenden das Produkt nicht nach Ablauf des Verfalldatums.\"\n      }\n    }\n  ]\n}\n<\/script>\n\n\n\n<script type=\"application\/ld+json\">\n{\n  \"@context\": \"https:\/\/schema.org\/\",\n  \"@type\": \"Product\",\n  \"name\": \"Multi-Gyn ActiGel 2in1\",\n  \"image\": [\n    \"https:\/\/multi-gyn.com\/de\/wp-content\/uploads\/sites\/2\/2023\/12\/Multi-Gyn-ActiGel-2in1-50ml-Packshot.png\"\n  ],\n  \"description\": \"Multi-Gyn ActiGel 2in1 ist ein klinisch gepr\u00fcftes Vaginalgel mit zweifacher Wirkung zur Behandlung bakterieller Vaginose und zur Wiederherstellung eines gesunden pH\u2011Werts und einer gesunden Vaginalflora.\",\n  \"sku\": \"PZN-18119670\",\n  \"mpn\": \"18119670\",\n  \"brand\": {\n    \"@type\": \"Brand\",\n    \"name\": \"Multi-Gyn\"\n  },\n  \"manufacturer\": {\n    \"@type\": \"Organization\",\n    \"name\": \"Karo Healthcare\"\n  },\n  \"category\": \"Medizinprodukt \/ Vaginalgel\",\n  \"itemCondition\": \"https:\/\/schema.org\/NewCondition\",\n  \"url\": \"https:\/\/multi-gyn.com\/de\/produkt\/actigel-2in1\/\",\n  \"additionalProperty\": [\n    {\n      \"@type\": \"PropertyValue\",\n      \"name\": \"Produkttyp\",\n      \"value\": \"Vaginalgel\"\n    },\n    {\n      \"@type\": \"PropertyValue\",\n      \"name\": \"Inhalt\",\n      \"value\": \"50 ml\"\n    },\n    {\n      \"@type\": \"PropertyValue\",\n      \"name\": \"Anwendungsgebiet\",\n      \"value\": \"Behandlung bakterieller Vaginose und Linderung von Brennen, unangenehmem Geruch, Ausfluss und Juckreiz\"\n    },\n    {\n      \"@type\": \"PropertyValue\",\n      \"name\": \"Eigenschaften\",\n      \"value\": \"Klinisch gepr\u00fcft, nat\u00fcrliche Inhaltsstoffe, unterst\u00fctzt Vaginalflora und pH\u2011Wert\"\n    }\n  ]\n}\n<\/script>\n","protected":false},"excerpt":{"rendered":"<p>Vaginalgel bei bakterieller Vaginose mit 2-fach Wirkung \u2013 lindert Brennen, unangenehmen Geruch &#038; Ausfluss. Unterst\u00fctzt den nat\u00fcrlichen pH-Wert durch Milchs\u00e4ure.<\/p>\n","protected":false},"featured_media":592,"comment_status":"closed","ping_status":"closed","template":"","meta":{"_acf_changed":false,"footnotes":""},"product_brand":[],"product_cat":[18],"product_tag":[],"class_list":{"0":"post-342","1":"product","2":"type-product","3":"status-publish","4":"has-post-thumbnail","6":"product_cat-behandlung","8":"first","9":"instock","10":"shipping-taxable","11":"product-type-simple"},"acf":[],"yoast_head":"<!-- This site is optimized with the Yoast SEO plugin v26.6 - https:\/\/yoast.com\/wordpress\/plugins\/seo\/ -->\n<title>Multi-Gyn\u00ae ActiGel 2in1: 2-fach Wirkung gegen bakterielle Vaginose<\/title>\n<meta name=\"description\" content=\"Multi-Gyn\u00ae ActiGel 2in1: Behandelt BV mit Milchs\u00e4ure &amp; optimiert den pH-Wert der Scheide. Klinisch gepr\u00fcft mit nat\u00fcrlichen Inhaltsstoffen.\" \/>\n<meta name=\"robots\" content=\"index, follow, max-snippet:-1, max-image-preview:large, max-video-preview:-1\" \/>\n<link rel=\"canonical\" href=\"https:\/\/multi-gyn.com\/de\/produkt\/actigel-2in1\/\" \/>\n<meta property=\"og:locale\" content=\"de_DE\" \/>\n<meta property=\"og:type\" content=\"article\" \/>\n<meta property=\"og:title\" content=\"Multi-Gyn\u00ae ActiGel 2in1: 2-fach Wirkung gegen bakterielle Vaginose\" \/>\n<meta property=\"og:description\" content=\"Multi-Gyn\u00ae ActiGel 2in1: Behandelt BV mit Milchs\u00e4ure &amp; optimiert den pH-Wert der Scheide. Klinisch gepr\u00fcft mit nat\u00fcrlichen Inhaltsstoffen.\" \/>\n<meta property=\"og:url\" content=\"https:\/\/multi-gyn.com\/de\/produkt\/actigel-2in1\/\" \/>\n<meta property=\"og:site_name\" content=\"Multi-Gyn\" \/>\n<meta property=\"article:modified_time\" content=\"2026-03-27T10:24:33+00:00\" \/>\n<meta property=\"og:image\" content=\"https:\/\/multi-gyn.com\/app\/uploads\/sites\/14\/2023\/01\/Multi-Gyn-ActiGel-50ml-DACH.png\" \/>\n\t<meta property=\"og:image:width\" content=\"800\" \/>\n\t<meta property=\"og:image:height\" content=\"800\" \/>\n\t<meta property=\"og:image:type\" content=\"image\/png\" \/>\n<meta name=\"twitter:card\" content=\"summary_large_image\" \/>\n<meta name=\"twitter:label1\" content=\"Gesch\u00e4tzte Lesezeit\" \/>\n\t<meta name=\"twitter:data1\" content=\"3\u00a0Minuten\" \/>\n<script type=\"application\/ld+json\" class=\"yoast-schema-graph\">{\"@context\":\"https:\/\/schema.org\",\"@graph\":[{\"@type\":\"WebPage\",\"@id\":\"https:\/\/multi-gyn.com\/de\/produkt\/actigel-2in1\/\",\"url\":\"https:\/\/multi-gyn.com\/de\/produkt\/actigel-2in1\/\",\"name\":\"Multi-Gyn\u00ae ActiGel 2in1: 2-fach Wirkung gegen bakterielle Vaginose\",\"isPartOf\":{\"@id\":\"https:\/\/multi-gyn.com\/de\/#website\"},\"primaryImageOfPage\":{\"@id\":\"https:\/\/multi-gyn.com\/de\/produkt\/actigel-2in1\/#primaryimage\"},\"image\":{\"@id\":\"https:\/\/multi-gyn.com\/de\/produkt\/actigel-2in1\/#primaryimage\"},\"thumbnailUrl\":\"https:\/\/multi-gyn.com\/app\/uploads\/sites\/14\/2023\/01\/Multi-Gyn-ActiGel-50ml-DACH.png\",\"datePublished\":\"2023-01-17T14:39:59+00:00\",\"dateModified\":\"2026-03-27T10:24:33+00:00\",\"description\":\"Multi-Gyn\u00ae ActiGel 2in1: Behandelt BV mit Milchs\u00e4ure & optimiert den pH-Wert der Scheide. Klinisch gepr\u00fcft mit nat\u00fcrlichen Inhaltsstoffen.\",\"breadcrumb\":{\"@id\":\"https:\/\/multi-gyn.com\/de\/produkt\/actigel-2in1\/#breadcrumb\"},\"inLanguage\":\"de\",\"potentialAction\":[{\"@type\":\"ReadAction\",\"target\":[\"https:\/\/multi-gyn.com\/de\/produkt\/actigel-2in1\/\"]}]},{\"@type\":\"ImageObject\",\"inLanguage\":\"de\",\"@id\":\"https:\/\/multi-gyn.com\/de\/produkt\/actigel-2in1\/#primaryimage\",\"url\":\"https:\/\/multi-gyn.com\/app\/uploads\/sites\/14\/2023\/01\/Multi-Gyn-ActiGel-50ml-DACH.png\",\"contentUrl\":\"https:\/\/multi-gyn.com\/app\/uploads\/sites\/14\/2023\/01\/Multi-Gyn-ActiGel-50ml-DACH.png\",\"width\":800,\"height\":800,\"caption\":\"Multi-Gyn ActiGel 2IN1\"},{\"@type\":\"BreadcrumbList\",\"@id\":\"https:\/\/multi-gyn.com\/de\/produkt\/actigel-2in1\/#breadcrumb\",\"itemListElement\":[{\"@type\":\"ListItem\",\"position\":1,\"name\":\"Startseite\",\"item\":\"https:\/\/multi-gyn.com\/de\/\"},{\"@type\":\"ListItem\",\"position\":2,\"name\":\"Produkte\",\"item\":\"https:\/\/multi-gyn.com\/de\/produkte\/\"},{\"@type\":\"ListItem\",\"position\":3,\"name\":\"Behandlung\",\"item\":\"https:\/\/multi-gyn.com\/de\/produkt-kategorie\/behandlung\/\"},{\"@type\":\"ListItem\",\"position\":4,\"name\":\"Multi-Gyn ActiGel 2IN1\"}]},{\"@type\":\"WebSite\",\"@id\":\"https:\/\/multi-gyn.com\/de\/#website\",\"url\":\"https:\/\/multi-gyn.com\/de\/\",\"name\":\"Multi-Gyn\",\"description\":\"\",\"publisher\":{\"@id\":\"https:\/\/multi-gyn.com\/de\/#organization\"},\"potentialAction\":[{\"@type\":\"SearchAction\",\"target\":{\"@type\":\"EntryPoint\",\"urlTemplate\":\"https:\/\/multi-gyn.com\/de\/?s={search_term_string}\"},\"query-input\":{\"@type\":\"PropertyValueSpecification\",\"valueRequired\":true,\"valueName\":\"search_term_string\"}}],\"inLanguage\":\"de\"},{\"@type\":\"Organization\",\"@id\":\"https:\/\/multi-gyn.com\/de\/#organization\",\"name\":\"Karo Healthcare GmbH\",\"alternateName\":\"Karo\",\"url\":\"https:\/\/multi-gyn.com\/de\/\",\"logo\":{\"@type\":\"ImageObject\",\"inLanguage\":\"de\",\"@id\":\"https:\/\/multi-gyn.com\/de\/#\/schema\/logo\/image\/\",\"url\":\"https:\/\/multi-gyn.com\/app\/uploads\/sites\/14\/2022\/06\/multi-gyn-logo-retina.png\",\"contentUrl\":\"https:\/\/multi-gyn.com\/app\/uploads\/sites\/14\/2022\/06\/multi-gyn-logo-retina.png\",\"width\":297,\"height\":64,\"caption\":\"Karo Healthcare GmbH\"},\"image\":{\"@id\":\"https:\/\/multi-gyn.com\/de\/#\/schema\/logo\/image\/\"},\"sameAs\":[\"https:\/\/www.instagram.com\/multigyndach\/\"]}]}<\/script>\n<!-- \/ Yoast SEO plugin. -->","yoast_head_json":{"title":"Multi-Gyn\u00ae ActiGel 2in1: 2-fach Wirkung gegen bakterielle Vaginose","description":"Multi-Gyn\u00ae ActiGel 2in1: Behandelt BV mit Milchs\u00e4ure & optimiert den pH-Wert der Scheide. Klinisch gepr\u00fcft mit nat\u00fcrlichen Inhaltsstoffen.","robots":{"index":"index","follow":"follow","max-snippet":"max-snippet:-1","max-image-preview":"max-image-preview:large","max-video-preview":"max-video-preview:-1"},"canonical":"https:\/\/multi-gyn.com\/de\/produkt\/actigel-2in1\/","og_locale":"de_DE","og_type":"article","og_title":"Multi-Gyn\u00ae ActiGel 2in1: 2-fach Wirkung gegen bakterielle Vaginose","og_description":"Multi-Gyn\u00ae ActiGel 2in1: Behandelt BV mit Milchs\u00e4ure & optimiert den pH-Wert der Scheide. Klinisch gepr\u00fcft mit nat\u00fcrlichen Inhaltsstoffen.","og_url":"https:\/\/multi-gyn.com\/de\/produkt\/actigel-2in1\/","og_site_name":"Multi-Gyn","article_modified_time":"2026-03-27T10:24:33+00:00","og_image":[{"width":800,"height":800,"url":"https:\/\/multi-gyn.com\/app\/uploads\/sites\/14\/2023\/01\/Multi-Gyn-ActiGel-50ml-DACH.png","type":"image\/png"}],"twitter_card":"summary_large_image","twitter_misc":{"Gesch\u00e4tzte Lesezeit":"3\u00a0Minuten"},"schema":{"@context":"https:\/\/schema.org","@graph":[{"@type":"WebPage","@id":"https:\/\/multi-gyn.com\/de\/produkt\/actigel-2in1\/","url":"https:\/\/multi-gyn.com\/de\/produkt\/actigel-2in1\/","name":"Multi-Gyn\u00ae ActiGel 2in1: 2-fach Wirkung gegen bakterielle Vaginose","isPartOf":{"@id":"https:\/\/multi-gyn.com\/de\/#website"},"primaryImageOfPage":{"@id":"https:\/\/multi-gyn.com\/de\/produkt\/actigel-2in1\/#primaryimage"},"image":{"@id":"https:\/\/multi-gyn.com\/de\/produkt\/actigel-2in1\/#primaryimage"},"thumbnailUrl":"https:\/\/multi-gyn.com\/app\/uploads\/sites\/14\/2023\/01\/Multi-Gyn-ActiGel-50ml-DACH.png","datePublished":"2023-01-17T14:39:59+00:00","dateModified":"2026-03-27T10:24:33+00:00","description":"Multi-Gyn\u00ae ActiGel 2in1: Behandelt BV mit Milchs\u00e4ure & optimiert den pH-Wert der Scheide. Klinisch gepr\u00fcft mit nat\u00fcrlichen Inhaltsstoffen.","breadcrumb":{"@id":"https:\/\/multi-gyn.com\/de\/produkt\/actigel-2in1\/#breadcrumb"},"inLanguage":"de","potentialAction":[{"@type":"ReadAction","target":["https:\/\/multi-gyn.com\/de\/produkt\/actigel-2in1\/"]}]},{"@type":"ImageObject","inLanguage":"de","@id":"https:\/\/multi-gyn.com\/de\/produkt\/actigel-2in1\/#primaryimage","url":"https:\/\/multi-gyn.com\/app\/uploads\/sites\/14\/2023\/01\/Multi-Gyn-ActiGel-50ml-DACH.png","contentUrl":"https:\/\/multi-gyn.com\/app\/uploads\/sites\/14\/2023\/01\/Multi-Gyn-ActiGel-50ml-DACH.png","width":800,"height":800,"caption":"Multi-Gyn ActiGel 2IN1"},{"@type":"BreadcrumbList","@id":"https:\/\/multi-gyn.com\/de\/produkt\/actigel-2in1\/#breadcrumb","itemListElement":[{"@type":"ListItem","position":1,"name":"Startseite","item":"https:\/\/multi-gyn.com\/de\/"},{"@type":"ListItem","position":2,"name":"Produkte","item":"https:\/\/multi-gyn.com\/de\/produkte\/"},{"@type":"ListItem","position":3,"name":"Behandlung","item":"https:\/\/multi-gyn.com\/de\/produkt-kategorie\/behandlung\/"},{"@type":"ListItem","position":4,"name":"Multi-Gyn ActiGel 2IN1"}]},{"@type":"WebSite","@id":"https:\/\/multi-gyn.com\/de\/#website","url":"https:\/\/multi-gyn.com\/de\/","name":"Multi-Gyn","description":"","publisher":{"@id":"https:\/\/multi-gyn.com\/de\/#organization"},"potentialAction":[{"@type":"SearchAction","target":{"@type":"EntryPoint","urlTemplate":"https:\/\/multi-gyn.com\/de\/?s={search_term_string}"},"query-input":{"@type":"PropertyValueSpecification","valueRequired":true,"valueName":"search_term_string"}}],"inLanguage":"de"},{"@type":"Organization","@id":"https:\/\/multi-gyn.com\/de\/#organization","name":"Karo Healthcare GmbH","alternateName":"Karo","url":"https:\/\/multi-gyn.com\/de\/","logo":{"@type":"ImageObject","inLanguage":"de","@id":"https:\/\/multi-gyn.com\/de\/#\/schema\/logo\/image\/","url":"https:\/\/multi-gyn.com\/app\/uploads\/sites\/14\/2022\/06\/multi-gyn-logo-retina.png","contentUrl":"https:\/\/multi-gyn.com\/app\/uploads\/sites\/14\/2022\/06\/multi-gyn-logo-retina.png","width":297,"height":64,"caption":"Karo Healthcare GmbH"},"image":{"@id":"https:\/\/multi-gyn.com\/de\/#\/schema\/logo\/image\/"},"sameAs":["https:\/\/www.instagram.com\/multigyndach\/"]}]}},"_links":{"self":[{"href":"https:\/\/multi-gyn.com\/de\/wp-json\/wp\/v2\/product\/342","targetHints":{"allow":["GET"]}}],"collection":[{"href":"https:\/\/multi-gyn.com\/de\/wp-json\/wp\/v2\/product"}],"about":[{"href":"https:\/\/multi-gyn.com\/de\/wp-json\/wp\/v2\/types\/product"}],"replies":[{"embeddable":true,"href":"https:\/\/multi-gyn.com\/de\/wp-json\/wp\/v2\/comments?post=342"}],"version-history":[{"count":10,"href":"https:\/\/multi-gyn.com\/de\/wp-json\/wp\/v2\/product\/342\/revisions"}],"predecessor-version":[{"id":1715,"href":"https:\/\/multi-gyn.com\/de\/wp-json\/wp\/v2\/product\/342\/revisions\/1715"}],"wp:featuredmedia":[{"embeddable":true,"href":"https:\/\/multi-gyn.com\/de\/wp-json\/wp\/v2\/media\/592"}],"wp:attachment":[{"href":"https:\/\/multi-gyn.com\/de\/wp-json\/wp\/v2\/media?parent=342"}],"wp:term":[{"taxonomy":"product_brand","embeddable":true,"href":"https:\/\/multi-gyn.com\/de\/wp-json\/wp\/v2\/product_brand?post=342"},{"taxonomy":"product_cat","embeddable":true,"href":"https:\/\/multi-gyn.com\/de\/wp-json\/wp\/v2\/product_cat?post=342"},{"taxonomy":"product_tag","embeddable":true,"href":"https:\/\/multi-gyn.com\/de\/wp-json\/wp\/v2\/product_tag?post=342"}],"curies":[{"name":"wp","href":"https:\/\/api.w.org\/{rel}","templated":true}]}}