{"id":52,"date":"2022-06-16T12:19:43","date_gmt":"2022-06-16T10:19:43","guid":{"rendered":"https:\/\/multi-gyn.com\/rebrand\/?post_type=product&#038;p=52"},"modified":"2026-04-17T12:02:17","modified_gmt":"2026-04-17T10:02:17","slug":"multi-gyn-floraplus","status":"publish","type":"product","link":"https:\/\/multi-gyn.com\/de\/produkt\/multi-gyn-floraplus\/","title":{"rendered":"Multi-Gyn FloraPlus"},"content":{"rendered":"\n<div class=\"wp-block-karopharma-accordions is-style-secondary\"><div class=\"container\">\n<details class=\"wp-block-karopharma-accordion\"><summary><h2 class=\"accordion-title\">Wof\u00fcr wird Multi-Gyn FloraPlus angewendet?<\/h2><\/summary><div class=\"accordion-content\">\n<p>Multi-Gyn FloraPlus ist ein Medizinprodukt zur Behandlung der Symptome einer Scheidenpilzinfektion. Es lindert Brennen, Juckreiz, Irritationen und wei\u00dfen, kr\u00fcmeligen Ausfluss innerhalb von 10 Minuten nach der ersten Anwendung.<\/p>\n<\/div><\/details>\n\n\n\n<details class=\"wp-block-karopharma-accordion\"><summary><h2 class=\"accordion-title\">Wie wird Multi-Gyn FloraPlus angewendet?<\/h2><\/summary><div class=\"accordion-content\">\n<p>Multi-Gyn FloraPlus ist ein Vaginalgel, das direkt in die Vagina gegeben wird.<br>Jede Tube entspricht einer Einzeldosis.<\/p>\n\n\n\n<ol class=\"wp-block-list is-style-default\">\n<li>Sch\u00fcttle den Tubeninhalt in Richtung der Tubenspitze<\/li>\n\n\n\n<li>Breche die Spitze der Tube durch Drehen ab.<\/li>\n\n\n\n<li>F\u00fchre das d\u00fcnne Ende des Applikators (der Tube) sanft in die Vagina ein.<\/li>\n\n\n\n<li>Dr\u00fccke die Tube vorsichtig zusammen, um das Gel in die Vagina zu geben<\/li>\n\n\n\n<li>Halte Sie die Tube zusammengedr\u00fcckt, w\u00e4hrend du die Tube herausziehst.<\/li>\n<\/ol>\n<\/div><\/details>\n\n\n\n<details class=\"wp-block-karopharma-accordion\"><summary><h2 class=\"accordion-title\">Ist es normal, nach der Anwendung ein prickelndes oder brennendes Gef\u00fchl zu versp\u00fcren?<\/h2><\/summary><div class=\"accordion-content\">\n<p>Wenn Sie nach der Anwendung ein Brennen und\/oder Prickeln versp\u00fcren, machen Sie sich keine Sorgen. Dies ist normal und wird rasch vergehen.<\/p>\n<\/div><\/details>\n\n\n\n<details class=\"wp-block-karopharma-accordion\"><summary><h2 class=\"accordion-title\">Hat Multi-Gyn FloraPlus Auswirkungen auf eine Antimykotika-Therapie?<\/h2><\/summary><div class=\"accordion-content\">\n<p>Nein, Multi-Gyn FloraPlus hat keine negativen Auswirkungen auf eine Antimykotika-Therapie. Multi-Gyn FloraPlus kann sogar begleitend zur Antimykotika-Therapie angewendet werden, da es bei der Regeneration der Vaginalflora unterst\u00fctzen kann und die Symptome innerhalb von 10 Minuten nach der ersten Anwendung lindert.<\/p>\n<\/div><\/details>\n\n\n\n<details class=\"wp-block-karopharma-accordion\"><summary><h2 class=\"accordion-title\">Muss ich die Packung (5x Einzeldosen) komplett aufbrauchen?<\/h2><\/summary><div class=\"accordion-content\">\n<p>Ja, f\u00fcr die bestm\u00f6gliche Wirkung empfehlen wir die Anwendung aller 5 Tuben.<\/p>\n<\/div><\/details>\n\n\n\n<details class=\"wp-block-karopharma-accordion\"><summary><h2 class=\"accordion-title\">Enth\u00e4lt Multi-Gyn FloraPlus Konservierungs-, Duft- oder Farbstoffen?<\/h2><\/summary><div class=\"accordion-content\">\n<p>Nein, alle Multi-Gyn Produkte sind auf Basis nat\u00fcrlicher Inhaltsstoffe und frei von Konservierungs-, Duft- oder Farbstoffen.<\/p>\n<\/div><\/details>\n\n\n\n<details class=\"wp-block-karopharma-accordion\"><summary><h2 class=\"accordion-title\">Ist Multi-Gyn FloraPlus vertr\u00e4glich mit Kondomen?<\/h2><\/summary><div class=\"accordion-content\">\n<p>Die Wirkung von Multi-Gyn FloraPlus auf Kondomen ist nicht verwendet.<\/p>\n<\/div><\/details>\n\n\n\n<details class=\"wp-block-karopharma-accordion\"><summary><h2 class=\"accordion-title\">Was sollte ich bei aktivem Kinderwunsch beachten?<\/h2><\/summary><div class=\"accordion-content\">\n<p>Da Multi-Gyn FloraPlus einen f\u00fcr die Vagina optimalen S\u00e4uregrad (niedriger pH-Wert) hat und Sperma alkalisch (hoher pH-Wert) ist, kann die Anwendung von Multi-Gyn FloraPlus die Spermaaktivit\u00e4t verringern. Daher sollte Multi-Gyn FloraPlus nicht in der empf\u00e4ngnisbereiten Zyklusphase verwendet werden, wenn der Wunsch nach einer Schwangerschaft besteht.<\/p>\n<\/div><\/details>\n\n\n\n<details class=\"wp-block-karopharma-accordion\"><summary><h2 class=\"accordion-title\">Kann ich Multi-Gyn FloraPlus n Schwangerschaft\/Stillzeit verwenden?<\/h2><\/summary><div class=\"accordion-content\">\n<p>Es sind keine Gegenanzeigen f\u00fcr die Verwendung von Multi-Gyn FloraPlus w\u00e4hrend Schwangerschaft und Stillzeit bekannt. Bitte sprich vor der Anwendung mit Deiner \u00c4rztin bzw. Deinem Arzt.<\/p>\n<\/div><\/details>\n\n\n\n<details class=\"wp-block-karopharma-accordion\"><summary><h2 class=\"accordion-title\">Kann ich Multi-Gyn FloraPlus auch w\u00e4hrend meiner Periode verwenden?<\/h2><\/summary><div class=\"accordion-content\">\n<p>Nein, bitte verwende Multi-Gyn FloraPlus nicht w\u00e4hrend der Menstruation.<\/p>\n<\/div><\/details>\n\n\n\n<details class=\"wp-block-karopharma-accordion\"><summary><h2 class=\"accordion-title\">Wie sollte ich das Produkt lagern?<\/h2><\/summary><div class=\"accordion-content\">\n<p>Multi-Gyn FloraPlus sollte zwischen 10\u00b0C und 25\u00b0C (Zimmertemperatur) gelagert werden und f\u00fcr Kinder unzug\u00e4nglich aufbewahrt werden. Verwende das Produkt nicht nach Ablauf des Verfalldatums.<\/p>\n<\/div><\/details>\n<\/div><\/div>\n\n\n\n<script type=\"application\/ld+json\">\n{\n  \"@context\": \"https:\/\/schema.org\",\n  \"@type\": \"FAQPage\",\n  \"mainEntity\": [\n    {\n      \"@type\": \"Question\",\n      \"name\": \"Wof\u00fcr wird Multi-Gyn FloraPlus angewendet?\",\n      \"acceptedAnswer\": {\n        \"@type\": \"Answer\",\n        \"text\": \"Multi-Gyn FloraPlus ist ein Medizinprodukt zur Behandlung der Symptome einer Scheidenpilzinfektion. Es lindert Brennen, Juckreiz, Irritationen und wei\u00dfen, kr\u00fcmeligen Ausfluss innerhalb von 10 Minuten nach der ersten Anwendung.\"\n      }\n    },\n    {\n      \"@type\": \"Question\",\n      \"name\": \"Wie wird Multi-Gyn FloraPlus angewendet?\",\n      \"acceptedAnswer\": {\n        \"@type\": \"Answer\",\n        \"text\": \"Multi-Gyn FloraPlus ist ein Vaginalgel, das direkt in die Vagina gegeben wird. Jede Tube entspricht einer Einzeldosis. 1. Sch\u00fcttle den Tubeninhalt in Richtung der Tubenspitze. 2. Breche die Spitze der Tube durch Drehen ab. 3. F\u00fchre das d\u00fcnne Ende des Applikators (der Tube) sanft in die Vagina ein. 4. Dr\u00fccke die Tube vorsichtig zusammen, um das Gel in die Vagina zu geben. 5. Halte die Tube zusammengedr\u00fcckt, w\u00e4hrend du die Tube herausziehst.\"\n      }\n    },\n    {\n      \"@type\": \"Question\",\n      \"name\": \"Ist es normal, nach der Anwendung ein prickelndes oder brennendes Gef\u00fchl zu versp\u00fcren?\",\n      \"acceptedAnswer\": {\n        \"@type\": \"Answer\",\n        \"text\": \"Wenn Sie nach der Anwendung ein Brennen und\/oder Prickeln versp\u00fcren, machen Sie sich keine Sorgen. Dies ist normal und wird rasch vergehen.\"\n      }\n    },\n    {\n      \"@type\": \"Question\",\n      \"name\": \"Hat Multi-Gyn FloraPlus Auswirkungen auf eine Antimykotika-Therapie?\",\n      \"acceptedAnswer\": {\n        \"@type\": \"Answer\",\n        \"text\": \"Nein, Multi-Gyn FloraPlus hat keine negativen Auswirkungen auf eine Antimykotika-Therapie. Multi-Gyn FloraPlus kann sogar begleitend zur Antimykotika-Therapie angewendet werden, da es bei der Regeneration der Vaginalflora unterst\u00fctzen kann und die Symptome innerhalb von 10 Minuten nach der ersten Anwendung lindert.\"\n      }\n    },\n    {\n      \"@type\": \"Question\",\n      \"name\": \"Muss ich die Packung ( 5x Einzeldosen) komplett aufbrauchen?\",\n      \"acceptedAnswer\": {\n        \"@type\": \"Answer\",\n        \"text\": \"Ja, f\u00fcr die bestm\u00f6gliche Wirkung empfehlen wir die Anwendung aller 5 Tuben.\"\n      }\n    },\n    {\n      \"@type\": \"Question\",\n      \"name\": \"Enth\u00e4lt Multi-Gyn FloraPlus Konservierungs-, Duft- oder Farbstoffen?\",\n      \"acceptedAnswer\": {\n        \"@type\": \"Answer\",\n        \"text\": \"Nein, alle Multi-Gyn Produkte sind auf Basis nat\u00fcrlicher Inhaltsstoffe und frei von Konservierungs-, Duft- oder Farbstoffen.\"\n      }\n    },\n    {\n      \"@type\": \"Question\",\n      \"name\": \"Ist Multi-Gyn FloraPlus vertr\u00e4glich mit Kondomen?\",\n      \"acceptedAnswer\": {\n        \"@type\": \"Answer\",\n        \"text\": \"Die Wirkung von Multi-Gyn FloraPlus auf Kondomen ist nicht bekannt.\"\n      }\n    },\n    {\n      \"@type\": \"Question\",\n      \"name\": \"Was sollte ich bei aktivem Kinderwunsch beachten?\",\n      \"acceptedAnswer\": {\n        \"@type\": \"Answer\",\n        \"text\": \"Da Multi-Gyn FloraPlus einen f\u00fcr die Vagina optimalen S\u00e4uregrad (niedriger pH-Wert) hat und Sperma alkalisch (hoher pH-Wert) ist, kann die Anwendung von Multi-Gyn FloraPlus die Spermaaktivit\u00e4t verringern. Daher sollte Multi-Gyn FloraPlus nicht in der empf\u00e4ngnisbereiten Zyklusphase verwendet werden, wenn der Wunsch nach einer Schwangerschaft besteht.\"\n      }\n    },\n    {\n      \"@type\": \"Question\",\n      \"name\": \"Kann ich Multi-Gyn FloraPlus n Schwangerschaft\/Stillzeit verwenden?\",\n      \"acceptedAnswer\": {\n        \"@type\": \"Answer\",\n        \"text\": \"Es sind keine Gegenanzeigen f\u00fcr die Verwendung von Multi-Gyn FloraPlus w\u00e4hrend Schwangerschaft und Stillzeit bekannt. Bitte sprich vor der Anwendung mit Deiner \u00c4rztin bzw. Deinem Arzt.\"\n      }\n    },\n    {\n      \"@type\": \"Question\",\n      \"name\": \"Kann ich Multi-Gyn FloraPlus auch w\u00e4hrend meiner Periode verwenden?\",\n      \"acceptedAnswer\": {\n        \"@type\": \"Answer\",\n        \"text\": \"Nein, bitte verwende Multi-Gyn FloraPlus nicht w\u00e4hrend der Menstruation.\"\n      }\n    },\n    {\n      \"@type\": \"Question\",\n      \"name\": \"Wie sollte ich das Produkt lagern?\",\n      \"acceptedAnswer\": {\n        \"@type\": \"Answer\",\n        \"text\": \"Multi-Gyn FloraPlus sollte zwischen 10\u00b0C und 25\u00b0C (Zimmertemperatur) gelagert werden und f\u00fcr Kinder unzug\u00e4nglich aufbewahrt werden. Verwende das Produkt nicht nach Ablauf des Verfalldatums.\"\n      }\n    }\n  ]\n}\n<\/script>\n\n\n\n<script type=\"application\/ld+json\">\n{\n  \"@context\": \"https:\/\/schema.org\/\",\n  \"@type\": \"Product\",\n  \"name\": \"Multi-Gyn FloraPlus\",\n  \"image\": [\n    \"https:\/\/multi-gyn.com\/de\/wp-content\/uploads\/sites\/2\/2023\/12\/Multi-Gyn-FloraPlus-5x5ml-Packshot.png\"\n  ],\n  \"description\": \"Multi-Gyn FloraPlus ist ein Vaginalgel zur Linderung von Scheidenpilzbeschwerden wie Brennen, Juckreiz, Irritationen und wei\u00dfem, kr\u00fcmeligem Ausfluss innerhalb kurzer Zeit nach der Anwendung.\",\n  \"sku\": \"PZN-06916208\",\n  \"mpn\": \"06916208\",\n  \"brand\": {\n    \"@type\": \"Brand\",\n    \"name\": \"Multi-Gyn\"\n  },\n  \"manufacturer\": {\n    \"@type\": \"Organization\",\n    \"name\": \"Karo Healthcare\"\n  },\n  \"category\": \"Medizinprodukt \/ Vaginalgel\",\n  \"itemCondition\": \"https:\/\/schema.org\/NewCondition\",\n  \"url\": \"https:\/\/multi-gyn.com\/de\/produkt\/multi-gyn-floraplus\/\",\n  \"additionalProperty\": [\n    {\n      \"@type\": \"PropertyValue\",\n      \"name\": \"Produkttyp\",\n      \"value\": \"Vaginalgel\"\n    },\n    {\n      \"@type\": \"PropertyValue\",\n      \"name\": \"Packungsinhalt\",\n      \"value\": \"5 Einzeldosen \u00e0 5 ml\"\n    },\n    {\n      \"@type\": \"PropertyValue\",\n      \"name\": \"Anwendungsgebiet\",\n      \"value\": \"Linderung von Beschwerden bei Scheidenpilz \u2013 Brennen, Juckreiz, Irritationen und wei\u00dfem, kr\u00fcmeligem Ausfluss\"\n    },\n    {\n      \"@type\": \"PropertyValue\",\n      \"name\": \"Besonderheiten\",\n      \"value\": \"Enth\u00e4lt Pr\u00e4biotika, Milchs\u00e4ure und 2QR-Komplex zur Unterst\u00fctzung der vaginalen Flora\"\n    }\n  ]\n}\n<\/script>\n","protected":false},"excerpt":{"rendered":"<p>Vaginalgel gegen Scheidenpilzsymptome \u2013 lindert Brennen, Juckreiz &#038; fischigen Ausfluss innerhalb 10 Minuten*<\/p>\n","protected":false},"featured_media":589,"comment_status":"closed","ping_status":"closed","template":"","meta":{"_acf_changed":false,"footnotes":""},"product_brand":[],"product_cat":[18],"product_tag":[],"class_list":{"0":"post-52","1":"product","2":"type-product","3":"status-publish","4":"has-post-thumbnail","6":"product_cat-behandlung","8":"first","9":"instock","10":"shipping-taxable","11":"product-type-simple"},"acf":[],"yoast_head":"<!-- This site is optimized with the Yoast SEO plugin v26.6 - https:\/\/yoast.com\/wordpress\/plugins\/seo\/ -->\n<title>Multi-Gyn\u00ae FloraPlus: Hilft bei Scheidenpilz-Beschwerden<\/title>\n<meta name=\"description\" content=\"Multi-Gyn\u00ae FloraPlus lindert Scheidenpilz-Beschwerden wie Juckreiz, Brennen &amp; Ausfluss. Mit Pr\u00e4biotika &amp; Milchs\u00e4ure. Klinisch gepr\u00fcft\" \/>\n<meta name=\"robots\" content=\"index, follow, max-snippet:-1, max-image-preview:large, max-video-preview:-1\" \/>\n<link rel=\"canonical\" href=\"https:\/\/multi-gyn.com\/de\/produkt\/multi-gyn-floraplus\/\" \/>\n<meta property=\"og:locale\" content=\"de_DE\" \/>\n<meta property=\"og:type\" content=\"article\" \/>\n<meta property=\"og:title\" content=\"Multi-Gyn\u00ae FloraPlus: Hilft bei Scheidenpilz-Beschwerden\" \/>\n<meta property=\"og:description\" content=\"Multi-Gyn\u00ae FloraPlus lindert Scheidenpilz-Beschwerden wie Juckreiz, Brennen &amp; Ausfluss. Mit Pr\u00e4biotika &amp; Milchs\u00e4ure. Klinisch gepr\u00fcft\" \/>\n<meta property=\"og:url\" content=\"https:\/\/multi-gyn.com\/de\/produkt\/multi-gyn-floraplus\/\" \/>\n<meta property=\"og:site_name\" content=\"Multi-Gyn\" \/>\n<meta property=\"article:modified_time\" content=\"2026-04-17T10:02:17+00:00\" \/>\n<meta property=\"og:image\" content=\"https:\/\/multi-gyn.com\/app\/uploads\/sites\/14\/2022\/06\/Flora-Plus.png\" \/>\n\t<meta property=\"og:image:width\" content=\"800\" \/>\n\t<meta property=\"og:image:height\" content=\"800\" \/>\n\t<meta property=\"og:image:type\" content=\"image\/png\" \/>\n<meta name=\"twitter:card\" content=\"summary_large_image\" \/>\n<meta name=\"twitter:label1\" content=\"Gesch\u00e4tzte Lesezeit\" \/>\n\t<meta name=\"twitter:data1\" content=\"3\u00a0Minuten\" \/>\n<script type=\"application\/ld+json\" class=\"yoast-schema-graph\">{\"@context\":\"https:\/\/schema.org\",\"@graph\":[{\"@type\":\"WebPage\",\"@id\":\"https:\/\/multi-gyn.com\/de\/produkt\/multi-gyn-floraplus\/\",\"url\":\"https:\/\/multi-gyn.com\/de\/produkt\/multi-gyn-floraplus\/\",\"name\":\"Multi-Gyn\u00ae FloraPlus: Hilft bei Scheidenpilz-Beschwerden\",\"isPartOf\":{\"@id\":\"https:\/\/multi-gyn.com\/de\/#website\"},\"primaryImageOfPage\":{\"@id\":\"https:\/\/multi-gyn.com\/de\/produkt\/multi-gyn-floraplus\/#primaryimage\"},\"image\":{\"@id\":\"https:\/\/multi-gyn.com\/de\/produkt\/multi-gyn-floraplus\/#primaryimage\"},\"thumbnailUrl\":\"https:\/\/multi-gyn.com\/app\/uploads\/sites\/14\/2022\/06\/Flora-Plus.png\",\"datePublished\":\"2022-06-16T10:19:43+00:00\",\"dateModified\":\"2026-04-17T10:02:17+00:00\",\"description\":\"Multi-Gyn\u00ae FloraPlus lindert Scheidenpilz-Beschwerden wie Juckreiz, Brennen & Ausfluss. Mit Pr\u00e4biotika & Milchs\u00e4ure. Klinisch gepr\u00fcft\",\"breadcrumb\":{\"@id\":\"https:\/\/multi-gyn.com\/de\/produkt\/multi-gyn-floraplus\/#breadcrumb\"},\"inLanguage\":\"de\",\"potentialAction\":[{\"@type\":\"ReadAction\",\"target\":[\"https:\/\/multi-gyn.com\/de\/produkt\/multi-gyn-floraplus\/\"]}]},{\"@type\":\"ImageObject\",\"inLanguage\":\"de\",\"@id\":\"https:\/\/multi-gyn.com\/de\/produkt\/multi-gyn-floraplus\/#primaryimage\",\"url\":\"https:\/\/multi-gyn.com\/app\/uploads\/sites\/14\/2022\/06\/Flora-Plus.png\",\"contentUrl\":\"https:\/\/multi-gyn.com\/app\/uploads\/sites\/14\/2022\/06\/Flora-Plus.png\",\"width\":800,\"height\":800,\"caption\":\"Multi-Gyn FloraPlus\"},{\"@type\":\"BreadcrumbList\",\"@id\":\"https:\/\/multi-gyn.com\/de\/produkt\/multi-gyn-floraplus\/#breadcrumb\",\"itemListElement\":[{\"@type\":\"ListItem\",\"position\":1,\"name\":\"Startseite\",\"item\":\"https:\/\/multi-gyn.com\/de\/\"},{\"@type\":\"ListItem\",\"position\":2,\"name\":\"Produkte\",\"item\":\"https:\/\/multi-gyn.com\/de\/produkte\/\"},{\"@type\":\"ListItem\",\"position\":3,\"name\":\"Behandlung\",\"item\":\"https:\/\/multi-gyn.com\/de\/produkt-kategorie\/behandlung\/\"},{\"@type\":\"ListItem\",\"position\":4,\"name\":\"Multi-Gyn FloraPlus\"}]},{\"@type\":\"WebSite\",\"@id\":\"https:\/\/multi-gyn.com\/de\/#website\",\"url\":\"https:\/\/multi-gyn.com\/de\/\",\"name\":\"Multi-Gyn\",\"description\":\"\",\"publisher\":{\"@id\":\"https:\/\/multi-gyn.com\/de\/#organization\"},\"potentialAction\":[{\"@type\":\"SearchAction\",\"target\":{\"@type\":\"EntryPoint\",\"urlTemplate\":\"https:\/\/multi-gyn.com\/de\/?s={search_term_string}\"},\"query-input\":{\"@type\":\"PropertyValueSpecification\",\"valueRequired\":true,\"valueName\":\"search_term_string\"}}],\"inLanguage\":\"de\"},{\"@type\":\"Organization\",\"@id\":\"https:\/\/multi-gyn.com\/de\/#organization\",\"name\":\"Karo Healthcare GmbH\",\"alternateName\":\"Karo\",\"url\":\"https:\/\/multi-gyn.com\/de\/\",\"logo\":{\"@type\":\"ImageObject\",\"inLanguage\":\"de\",\"@id\":\"https:\/\/multi-gyn.com\/de\/#\/schema\/logo\/image\/\",\"url\":\"https:\/\/multi-gyn.com\/app\/uploads\/sites\/14\/2022\/06\/multi-gyn-logo-retina.png\",\"contentUrl\":\"https:\/\/multi-gyn.com\/app\/uploads\/sites\/14\/2022\/06\/multi-gyn-logo-retina.png\",\"width\":297,\"height\":64,\"caption\":\"Karo Healthcare GmbH\"},\"image\":{\"@id\":\"https:\/\/multi-gyn.com\/de\/#\/schema\/logo\/image\/\"},\"sameAs\":[\"https:\/\/www.instagram.com\/multigyndach\/\"]}]}<\/script>\n<!-- \/ Yoast SEO plugin. -->","yoast_head_json":{"title":"Multi-Gyn\u00ae FloraPlus: Hilft bei Scheidenpilz-Beschwerden","description":"Multi-Gyn\u00ae FloraPlus lindert Scheidenpilz-Beschwerden wie Juckreiz, Brennen & Ausfluss. Mit Pr\u00e4biotika & Milchs\u00e4ure. Klinisch gepr\u00fcft","robots":{"index":"index","follow":"follow","max-snippet":"max-snippet:-1","max-image-preview":"max-image-preview:large","max-video-preview":"max-video-preview:-1"},"canonical":"https:\/\/multi-gyn.com\/de\/produkt\/multi-gyn-floraplus\/","og_locale":"de_DE","og_type":"article","og_title":"Multi-Gyn\u00ae FloraPlus: Hilft bei Scheidenpilz-Beschwerden","og_description":"Multi-Gyn\u00ae FloraPlus lindert Scheidenpilz-Beschwerden wie Juckreiz, Brennen & Ausfluss. Mit Pr\u00e4biotika & Milchs\u00e4ure. Klinisch gepr\u00fcft","og_url":"https:\/\/multi-gyn.com\/de\/produkt\/multi-gyn-floraplus\/","og_site_name":"Multi-Gyn","article_modified_time":"2026-04-17T10:02:17+00:00","og_image":[{"width":800,"height":800,"url":"https:\/\/multi-gyn.com\/app\/uploads\/sites\/14\/2022\/06\/Flora-Plus.png","type":"image\/png"}],"twitter_card":"summary_large_image","twitter_misc":{"Gesch\u00e4tzte Lesezeit":"3\u00a0Minuten"},"schema":{"@context":"https:\/\/schema.org","@graph":[{"@type":"WebPage","@id":"https:\/\/multi-gyn.com\/de\/produkt\/multi-gyn-floraplus\/","url":"https:\/\/multi-gyn.com\/de\/produkt\/multi-gyn-floraplus\/","name":"Multi-Gyn\u00ae FloraPlus: Hilft bei Scheidenpilz-Beschwerden","isPartOf":{"@id":"https:\/\/multi-gyn.com\/de\/#website"},"primaryImageOfPage":{"@id":"https:\/\/multi-gyn.com\/de\/produkt\/multi-gyn-floraplus\/#primaryimage"},"image":{"@id":"https:\/\/multi-gyn.com\/de\/produkt\/multi-gyn-floraplus\/#primaryimage"},"thumbnailUrl":"https:\/\/multi-gyn.com\/app\/uploads\/sites\/14\/2022\/06\/Flora-Plus.png","datePublished":"2022-06-16T10:19:43+00:00","dateModified":"2026-04-17T10:02:17+00:00","description":"Multi-Gyn\u00ae FloraPlus lindert Scheidenpilz-Beschwerden wie Juckreiz, Brennen & Ausfluss. Mit Pr\u00e4biotika & Milchs\u00e4ure. Klinisch gepr\u00fcft","breadcrumb":{"@id":"https:\/\/multi-gyn.com\/de\/produkt\/multi-gyn-floraplus\/#breadcrumb"},"inLanguage":"de","potentialAction":[{"@type":"ReadAction","target":["https:\/\/multi-gyn.com\/de\/produkt\/multi-gyn-floraplus\/"]}]},{"@type":"ImageObject","inLanguage":"de","@id":"https:\/\/multi-gyn.com\/de\/produkt\/multi-gyn-floraplus\/#primaryimage","url":"https:\/\/multi-gyn.com\/app\/uploads\/sites\/14\/2022\/06\/Flora-Plus.png","contentUrl":"https:\/\/multi-gyn.com\/app\/uploads\/sites\/14\/2022\/06\/Flora-Plus.png","width":800,"height":800,"caption":"Multi-Gyn FloraPlus"},{"@type":"BreadcrumbList","@id":"https:\/\/multi-gyn.com\/de\/produkt\/multi-gyn-floraplus\/#breadcrumb","itemListElement":[{"@type":"ListItem","position":1,"name":"Startseite","item":"https:\/\/multi-gyn.com\/de\/"},{"@type":"ListItem","position":2,"name":"Produkte","item":"https:\/\/multi-gyn.com\/de\/produkte\/"},{"@type":"ListItem","position":3,"name":"Behandlung","item":"https:\/\/multi-gyn.com\/de\/produkt-kategorie\/behandlung\/"},{"@type":"ListItem","position":4,"name":"Multi-Gyn FloraPlus"}]},{"@type":"WebSite","@id":"https:\/\/multi-gyn.com\/de\/#website","url":"https:\/\/multi-gyn.com\/de\/","name":"Multi-Gyn","description":"","publisher":{"@id":"https:\/\/multi-gyn.com\/de\/#organization"},"potentialAction":[{"@type":"SearchAction","target":{"@type":"EntryPoint","urlTemplate":"https:\/\/multi-gyn.com\/de\/?s={search_term_string}"},"query-input":{"@type":"PropertyValueSpecification","valueRequired":true,"valueName":"search_term_string"}}],"inLanguage":"de"},{"@type":"Organization","@id":"https:\/\/multi-gyn.com\/de\/#organization","name":"Karo Healthcare GmbH","alternateName":"Karo","url":"https:\/\/multi-gyn.com\/de\/","logo":{"@type":"ImageObject","inLanguage":"de","@id":"https:\/\/multi-gyn.com\/de\/#\/schema\/logo\/image\/","url":"https:\/\/multi-gyn.com\/app\/uploads\/sites\/14\/2022\/06\/multi-gyn-logo-retina.png","contentUrl":"https:\/\/multi-gyn.com\/app\/uploads\/sites\/14\/2022\/06\/multi-gyn-logo-retina.png","width":297,"height":64,"caption":"Karo Healthcare GmbH"},"image":{"@id":"https:\/\/multi-gyn.com\/de\/#\/schema\/logo\/image\/"},"sameAs":["https:\/\/www.instagram.com\/multigyndach\/"]}]}},"_links":{"self":[{"href":"https:\/\/multi-gyn.com\/de\/wp-json\/wp\/v2\/product\/52","targetHints":{"allow":["GET"]}}],"collection":[{"href":"https:\/\/multi-gyn.com\/de\/wp-json\/wp\/v2\/product"}],"about":[{"href":"https:\/\/multi-gyn.com\/de\/wp-json\/wp\/v2\/types\/product"}],"replies":[{"embeddable":true,"href":"https:\/\/multi-gyn.com\/de\/wp-json\/wp\/v2\/comments?post=52"}],"version-history":[{"count":10,"href":"https:\/\/multi-gyn.com\/de\/wp-json\/wp\/v2\/product\/52\/revisions"}],"predecessor-version":[{"id":1716,"href":"https:\/\/multi-gyn.com\/de\/wp-json\/wp\/v2\/product\/52\/revisions\/1716"}],"wp:featuredmedia":[{"embeddable":true,"href":"https:\/\/multi-gyn.com\/de\/wp-json\/wp\/v2\/media\/589"}],"wp:attachment":[{"href":"https:\/\/multi-gyn.com\/de\/wp-json\/wp\/v2\/media?parent=52"}],"wp:term":[{"taxonomy":"product_brand","embeddable":true,"href":"https:\/\/multi-gyn.com\/de\/wp-json\/wp\/v2\/product_brand?post=52"},{"taxonomy":"product_cat","embeddable":true,"href":"https:\/\/multi-gyn.com\/de\/wp-json\/wp\/v2\/product_cat?post=52"},{"taxonomy":"product_tag","embeddable":true,"href":"https:\/\/multi-gyn.com\/de\/wp-json\/wp\/v2\/product_tag?post=52"}],"curies":[{"name":"wp","href":"https:\/\/api.w.org\/{rel}","templated":true}]}}