{"id":551,"date":"2023-12-14T10:45:38","date_gmt":"2023-12-14T09:45:38","guid":{"rendered":"https:\/\/multi-gyn.com\/de\/?post_type=product&#038;p=551"},"modified":"2026-03-27T11:33:04","modified_gmt":"2026-03-27T10:33:04","slug":"multi-gyn-femiwash-gel","status":"publish","type":"product","link":"https:\/\/multi-gyn.com\/de\/produkt\/multi-gyn-femiwash-gel\/","title":{"rendered":"Multi-Gyn FemiWash Gel"},"content":{"rendered":"\n<div class=\"wp-block-karopharma-accordions is-style-secondary\"><div class=\"container\">\n<details class=\"wp-block-karopharma-accordion\"><summary><h2 class=\"accordion-title\">Wof\u00fcr wird Multi-Gyn FemiWash angewendet?<\/h2><\/summary><div class=\"accordion-content\">\n<p>Multi-Gyn FemiWash ist eine milde Intimwaschlotion zur sanften und t\u00e4glichen Reinigung des Intimbereichs. Mit Milchs\u00e4ure zur Unterst\u00fctzung des nat\u00fcrlichen Gleichgewicht des Intimbereichs.<\/p>\n<\/div><\/details>\n\n\n\n<details class=\"wp-block-karopharma-accordion\"><summary><h2 class=\"accordion-title\">Wie wird Multi-Gyn FemiWash angewendet?<\/h2><\/summary><div class=\"accordion-content\">\n<p>Multi-Gyn FemiWash in die Hand geben und sanft im \u00e4u\u00dferen Intimbereich verteilen und mit Wasser absp\u00fclen.<\/p>\n<\/div><\/details>\n\n\n\n<details class=\"wp-block-karopharma-accordion\"><summary><h2 class=\"accordion-title\">Kann ich Multi-Gyn FemiWash auch innerlich bzw. f\u00fcr eine Scheidensp\u00fclung anwenden?<\/h2><\/summary><div class=\"accordion-content\">\n<p>Nein, Multi-Gyn FemiWash ist nur f\u00fcr die Reinigung des \u00e4u\u00dferen Intimbereichs gedacht. Beim Wunsch einer Scheidensp\u00fclung kann die Multi-Gyn Vaginaldusche verwendet werden.<\/p>\n<\/div><\/details>\n\n\n\n<details class=\"wp-block-karopharma-accordion\"><summary><h2 class=\"accordion-title\">Hilft Multi-Gyn FemiWash bei bakterieller Vaginose oder Scheidenpilz?<\/h2><\/summary><div class=\"accordion-content\">\n<p>Nein, Multi-Gyn FemiWash ist ein Produkt zur Reinigung des \u00e4u\u00dferlichen Intimbereichs. Bei Verdacht auf eine bakterielle Vaginose oder Scheidenpilz wende dich bitte an deinen Arzt\/deine \u00c4rztin oder lass dich in deiner Apotheke beraten.<\/p>\n<\/div><\/details>\n\n\n\n<details class=\"wp-block-karopharma-accordion\"><summary><h2 class=\"accordion-title\">Enth\u00e4lt Multi-Gyn FemiWash Konservierungs-, Duft- oder Farbstoffen?<\/h2><\/summary><div class=\"accordion-content\">\n<p>Nein, alle Multi-Gyn Produkte sind auf Basis nat\u00fcrlicher Inhaltsstoffe und frei von Konservierungs-, Duft- oder Farbstoffen.<\/p>\n<\/div><\/details>\n\n\n\n<details class=\"wp-block-karopharma-accordion\"><summary><h2 class=\"accordion-title\">Kann ich Multi-Gyn FemiWash in Schwangerschaft\/Stillzeit verwenden?<\/h2><\/summary><div class=\"accordion-content\">\n<p>Es sind keine Gegenanzeigen f\u00fcr die Verwendung von Multi-Gyn FemiWash w\u00e4hrend Schwangerschaft und Stillzeit bekannt. Bitte sprich vor der Anwendung mit Deiner \u00c4rztin bzw. Deinem Arzt.<\/p>\n<\/div><\/details>\n\n\n\n<details class=\"wp-block-karopharma-accordion\"><summary><h2 class=\"accordion-title\">Wie sollte ich das Produkt lagern?<\/h2><\/summary><div class=\"accordion-content\">\n<p>Multi-Gyn FemiWash sollte zwischen 10\u00b0C und 25\u00b0C (Zimmertemperatur) gelagert und f\u00fcr Kinder unzug\u00e4nglich aufbewahrt werden. Verwende das Produkt nicht nach Ablauf des Verfalldatums.<\/p>\n<\/div><\/details>\n<\/div><\/div>\n\n\n\n<div class=\"wp-block-karopharma-accordions is-style-transparent\"><div class=\"container\">\n<details class=\"wp-block-karopharma-accordion\"><summary><h2 class=\"accordion-title\">Gebrauchsanweisung<\/h2><\/summary><div class=\"accordion-content\">\n<p>Sanft \u00fcber den \u00e4u\u00dferen Intimbereich verteilen und mit Wasser absp\u00fclen. Nur im \u00e4u\u00dferen Intimbereich verwenden<\/p>\n<\/div><\/details>\n\n\n\n<details class=\"wp-block-karopharma-accordion\"><summary><h2 class=\"accordion-title\">Inhaltsstoffe<\/h2><\/summary><div class=\"accordion-content\">\n<p>Aqua, Glycereth-2 Cocoate, Lauryl Glucoside, Glycerin, Acacia Senegal Gum, Lactic Acid, Panthenol, Aloe Barbadensis Leaf Extract, Xanthan Gum, Phenylpropanol, Coco-Glucoside, Glyceryl Oleate, Sodium Benzoate, Potassium Sorbate, o-Cymen-5-ol, Citric Acid, Decylene Glycol, Erythorbic Acid, Sodium Carbonate Peroxide, Tocopherol, Hydrogenated Palm Glycerides Citrate.<\/p>\n\n\n\n<p>2QR-Komplex: gereinigt aus Aloe Barbadensis Blattextrakt.<\/p>\n<\/div><\/details>\n<\/div><\/div>\n\n\n\n<script type=\"application\/ld+json\">\n{\n  \"@context\": \"https:\/\/schema.org\",\n  \"@type\": \"FAQPage\",\n  \"mainEntity\": [\n    {\n      \"@type\": \"Question\",\n      \"name\": \"Wof\u00fcr wird Multi-Gyn FemiWash angewendet?\",\n      \"acceptedAnswer\": {\n        \"@type\": \"Answer\",\n        \"text\": \"Multi-Gyn FemiWash ist eine milde Intimwaschlotion zur sanften und t\u00e4glichen Reinigung des Intimbereichs. Mit Milchs\u00e4ure zur Unterst\u00fctzung des nat\u00fcrlichen Gleichgewicht des Intimbereichs.\"\n      }\n    },\n    {\n      \"@type\": \"Question\",\n      \"name\": \"Wie wird Multi-Gyn FemiWash angewendet?\",\n      \"acceptedAnswer\": {\n        \"@type\": \"Answer\",\n        \"text\": \"Multi-Gyn FemiWash in die Hand geben und sanft im \u00e4u\u00dferen Intimbereich verteilen und mit Wasser absp\u00fclen.\"\n      }\n    },\n    {\n      \"@type\": \"Question\",\n      \"name\": \"Kann ich Multi-Gyn FemiWash auch innerlich bzw. f\u00fcr eine Scheidensp\u00fclung anwenden?\",\n      \"acceptedAnswer\": {\n        \"@type\": \"Answer\",\n        \"text\": \"Nein, Multi-Gyn FemiWash ist nur f\u00fcr die Reinigung des \u00e4u\u00dferen Intimbereichs gedacht. Beim Wunsch einer Scheidensp\u00fclung kann die Multi-Gyn Vaginaldusche verwendet werden.\"\n      }\n    },\n    {\n      \"@type\": \"Question\",\n      \"name\": \"Hilft Multi-Gyn FemiWash bei bakterieller Vaginose oder Scheidenpilz?\",\n      \"acceptedAnswer\": {\n        \"@type\": \"Answer\",\n        \"text\": \"Nein, Multi-Gyn FemiWash ist ein Produkt zur Reinigung des \u00e4u\u00dferlichen Intimbereichs. Bei Verdacht auf eine bakterielle Vaginose oder Scheidenpilz wende dich bitte an deinen Arzt\/deine \u00c4rztin oder lass dich in deiner Apotheke beraten.\"\n      }\n    },\n    {\n      \"@type\": \"Question\",\n      \"name\": \"Enth\u00e4lt Multi-Gyn FemiWash Konservierungs-, Duft- oder Farbstoffen?\",\n      \"acceptedAnswer\": {\n        \"@type\": \"Answer\",\n        \"text\": \"Nein, alle Multi-Gyn Produkte sind auf Basis nat\u00fcrlicher Inhaltsstoffe und frei von Konservierungs-, Duft- oder Farbstoffen.\"\n      }\n    },\n    {\n      \"@type\": \"Question\",\n      \"name\": \"Kann ich Multi-Gyn FemiWash in Schwangerschaft\/Stillzeit verwenden?\",\n      \"acceptedAnswer\": {\n        \"@type\": \"Answer\",\n        \"text\": \"Es sind keine Gegenanzeigen f\u00fcr die Verwendung von Multi-Gyn FemiWash w\u00e4hrend Schwangerschaft und Stillzeit bekannt. Bitte sprich vor der Anwendung mit Deiner \u00c4rztin bzw. Deinem Arzt.\"\n      }\n    },\n    {\n      \"@type\": \"Question\",\n      \"name\": \"Wie sollte ich das Produkt lagern?\",\n      \"acceptedAnswer\": {\n        \"@type\": \"Answer\",\n        \"text\": \"Multi-Gyn FemiWash sollte zwischen 10\u00b0C und 25\u00b0C (Zimmertemperatur) gelagert und f\u00fcr Kinder unzug\u00e4nglich aufbewahrt werden. Verwende das Produkt nicht nach Ablauf des Verfalldatums.\"\n      }\n    }\n  ]\n}\n<\/script>\n\n\n\n<script type=\"application\/ld+json\">\n{\n  \"@context\": \"https:\/\/schema.org\/\",\n  \"@type\": \"Product\",\n  \"name\": \"Multi-Gyn FemiWash Gel\",\n  \"image\": [\n    \"https:\/\/multi-gyn.com\/de\/wp-content\/uploads\/sites\/2\/2023\/12\/Multi-Gyn-FemiWash-Gel-250ml-Packshot.png\"\n  ],\n  \"description\": \"Multi-Gyn FemiWash Gel ist ein pH\u2011neutrales Intimpflege\u2011Waschgel zur sanften Reinigung und t\u00e4glichen Pflege im Intimbereich.\",\n  \"sku\": \"PZN-17871632\",\n  \"mpn\": \"17871632\",\n  \"brand\": {\n    \"@type\": \"Brand\",\n    \"name\": \"Multi-Gyn\"\n  },\n  \"manufacturer\": {\n    \"@type\": \"Organization\",\n    \"name\": \"Karo Healthcare\"\n  },\n  \"category\": \"Intimpflege \/ Waschgel\",\n  \"itemCondition\": \"https:\/\/schema.org\/NewCondition\",\n  \"url\": \"https:\/\/multi-gyn.com\/de\/produkt\/multi-gyn-femiwash-gel\/\",\n  \"additionalProperty\": [\n    {\n      \"@type\": \"PropertyValue\",\n      \"name\": \"Produkttyp\",\n      \"value\": \"Intimpflege\u2011Waschgel\"\n    },\n    {\n      \"@type\": \"PropertyValue\",\n      \"name\": \"Inhalt\",\n      \"value\": \"250 ml\"\n    },\n    {\n      \"@type\": \"PropertyValue\",\n      \"name\": \"Anwendungsbereich\",\n      \"value\": \"Sanfte Reinigung des \u00e4u\u00dferen Intimbereichs\"\n    },\n    {\n      \"@type\": \"PropertyValue\",\n      \"name\": \"Besonderheiten\",\n      \"value\": \"pH\u2011neutral, hautfreundlich, frei von Parf\u00fcm\"\n    }\n  ]\n}\n<\/script>\n","protected":false},"excerpt":{"rendered":"<p>Milde Intimwaschlotion zur t\u00e4glichen Reinigung, unterst\u00fctzt das nat\u00fcrliche Gleichgewicht des Intimbereichs<\/p>\n","protected":false},"featured_media":558,"comment_status":"closed","ping_status":"closed","template":"","meta":{"_acf_changed":false,"footnotes":""},"product_brand":[],"product_cat":[19],"product_tag":[],"class_list":{"0":"post-551","1":"product","2":"type-product","3":"status-publish","4":"has-post-thumbnail","6":"product_cat-hygiene-und-pflege","8":"first","9":"instock","10":"shipping-taxable","11":"product-type-simple"},"acf":[],"yoast_head":"<!-- This site is optimized with the Yoast SEO plugin v26.6 - https:\/\/yoast.com\/wordpress\/plugins\/seo\/ -->\n<title>Multi-Gyn\u00ae FemiWash: Intim-Waschgel f\u00fcr den Intimbereich<\/title>\n<meta name=\"description\" content=\"Multi-Gyn\u00ae FemiWash Gel: sanftes Intim-Waschgel f\u00fcr t\u00e4gliche Intimpflege. Feuchtigkeitsspendend, seifenfrei, parf\u00fcmfrei &amp; vegan\" \/>\n<meta name=\"robots\" content=\"index, follow, max-snippet:-1, max-image-preview:large, max-video-preview:-1\" \/>\n<link rel=\"canonical\" href=\"https:\/\/multi-gyn.com\/de\/produkt\/multi-gyn-femiwash-gel\/\" \/>\n<meta property=\"og:locale\" content=\"de_DE\" \/>\n<meta property=\"og:type\" content=\"article\" \/>\n<meta property=\"og:title\" content=\"Multi-Gyn\u00ae FemiWash: Intim-Waschgel f\u00fcr den Intimbereich\" \/>\n<meta property=\"og:description\" content=\"Multi-Gyn\u00ae FemiWash Gel: sanftes Intim-Waschgel f\u00fcr t\u00e4gliche Intimpflege. Feuchtigkeitsspendend, seifenfrei, parf\u00fcmfrei &amp; vegan\" \/>\n<meta property=\"og:url\" content=\"https:\/\/multi-gyn.com\/de\/produkt\/multi-gyn-femiwash-gel\/\" \/>\n<meta property=\"og:site_name\" content=\"Multi-Gyn\" \/>\n<meta property=\"article:modified_time\" content=\"2026-03-27T10:33:04+00:00\" \/>\n<meta property=\"og:image\" content=\"https:\/\/multi-gyn.com\/app\/uploads\/sites\/14\/2023\/12\/Multi-Gyn-FemiWash-Gel.png\" \/>\n\t<meta property=\"og:image:width\" content=\"850\" \/>\n\t<meta property=\"og:image:height\" content=\"850\" \/>\n\t<meta property=\"og:image:type\" content=\"image\/png\" \/>\n<meta name=\"twitter:card\" content=\"summary_large_image\" \/>\n<meta name=\"twitter:label1\" content=\"Gesch\u00e4tzte Lesezeit\" \/>\n\t<meta name=\"twitter:data1\" content=\"2\u00a0Minuten\" \/>\n<script type=\"application\/ld+json\" class=\"yoast-schema-graph\">{\"@context\":\"https:\/\/schema.org\",\"@graph\":[{\"@type\":\"WebPage\",\"@id\":\"https:\/\/multi-gyn.com\/de\/produkt\/multi-gyn-femiwash-gel\/\",\"url\":\"https:\/\/multi-gyn.com\/de\/produkt\/multi-gyn-femiwash-gel\/\",\"name\":\"Multi-Gyn\u00ae FemiWash: Intim-Waschgel f\u00fcr den Intimbereich\",\"isPartOf\":{\"@id\":\"https:\/\/multi-gyn.com\/de\/#website\"},\"primaryImageOfPage\":{\"@id\":\"https:\/\/multi-gyn.com\/de\/produkt\/multi-gyn-femiwash-gel\/#primaryimage\"},\"image\":{\"@id\":\"https:\/\/multi-gyn.com\/de\/produkt\/multi-gyn-femiwash-gel\/#primaryimage\"},\"thumbnailUrl\":\"https:\/\/multi-gyn.com\/app\/uploads\/sites\/14\/2023\/12\/Multi-Gyn-FemiWash-Gel.png\",\"datePublished\":\"2023-12-14T09:45:38+00:00\",\"dateModified\":\"2026-03-27T10:33:04+00:00\",\"description\":\"Multi-Gyn\u00ae FemiWash Gel: sanftes Intim-Waschgel f\u00fcr t\u00e4gliche Intimpflege. Feuchtigkeitsspendend, seifenfrei, parf\u00fcmfrei & vegan\",\"breadcrumb\":{\"@id\":\"https:\/\/multi-gyn.com\/de\/produkt\/multi-gyn-femiwash-gel\/#breadcrumb\"},\"inLanguage\":\"de\",\"potentialAction\":[{\"@type\":\"ReadAction\",\"target\":[\"https:\/\/multi-gyn.com\/de\/produkt\/multi-gyn-femiwash-gel\/\"]}]},{\"@type\":\"ImageObject\",\"inLanguage\":\"de\",\"@id\":\"https:\/\/multi-gyn.com\/de\/produkt\/multi-gyn-femiwash-gel\/#primaryimage\",\"url\":\"https:\/\/multi-gyn.com\/app\/uploads\/sites\/14\/2023\/12\/Multi-Gyn-FemiWash-Gel.png\",\"contentUrl\":\"https:\/\/multi-gyn.com\/app\/uploads\/sites\/14\/2023\/12\/Multi-Gyn-FemiWash-Gel.png\",\"width\":850,\"height\":850,\"caption\":\"Multi-Gyn FemiWash Gel\"},{\"@type\":\"BreadcrumbList\",\"@id\":\"https:\/\/multi-gyn.com\/de\/produkt\/multi-gyn-femiwash-gel\/#breadcrumb\",\"itemListElement\":[{\"@type\":\"ListItem\",\"position\":1,\"name\":\"Startseite\",\"item\":\"https:\/\/multi-gyn.com\/de\/\"},{\"@type\":\"ListItem\",\"position\":2,\"name\":\"Produkte\",\"item\":\"https:\/\/multi-gyn.com\/de\/produkte\/\"},{\"@type\":\"ListItem\",\"position\":3,\"name\":\"Hygiene und Pflege\",\"item\":\"https:\/\/multi-gyn.com\/de\/produkt-kategorie\/hygiene-und-pflege\/\"},{\"@type\":\"ListItem\",\"position\":4,\"name\":\"Multi-Gyn FemiWash Gel\"}]},{\"@type\":\"WebSite\",\"@id\":\"https:\/\/multi-gyn.com\/de\/#website\",\"url\":\"https:\/\/multi-gyn.com\/de\/\",\"name\":\"Multi-Gyn\",\"description\":\"\",\"publisher\":{\"@id\":\"https:\/\/multi-gyn.com\/de\/#organization\"},\"potentialAction\":[{\"@type\":\"SearchAction\",\"target\":{\"@type\":\"EntryPoint\",\"urlTemplate\":\"https:\/\/multi-gyn.com\/de\/?s={search_term_string}\"},\"query-input\":{\"@type\":\"PropertyValueSpecification\",\"valueRequired\":true,\"valueName\":\"search_term_string\"}}],\"inLanguage\":\"de\"},{\"@type\":\"Organization\",\"@id\":\"https:\/\/multi-gyn.com\/de\/#organization\",\"name\":\"Karo Healthcare GmbH\",\"alternateName\":\"Karo\",\"url\":\"https:\/\/multi-gyn.com\/de\/\",\"logo\":{\"@type\":\"ImageObject\",\"inLanguage\":\"de\",\"@id\":\"https:\/\/multi-gyn.com\/de\/#\/schema\/logo\/image\/\",\"url\":\"https:\/\/multi-gyn.com\/app\/uploads\/sites\/14\/2022\/06\/multi-gyn-logo-retina.png\",\"contentUrl\":\"https:\/\/multi-gyn.com\/app\/uploads\/sites\/14\/2022\/06\/multi-gyn-logo-retina.png\",\"width\":297,\"height\":64,\"caption\":\"Karo Healthcare GmbH\"},\"image\":{\"@id\":\"https:\/\/multi-gyn.com\/de\/#\/schema\/logo\/image\/\"},\"sameAs\":[\"https:\/\/www.instagram.com\/multigyndach\/\"]}]}<\/script>\n<!-- \/ Yoast SEO plugin. -->","yoast_head_json":{"title":"Multi-Gyn\u00ae FemiWash: Intim-Waschgel f\u00fcr den Intimbereich","description":"Multi-Gyn\u00ae FemiWash Gel: sanftes Intim-Waschgel f\u00fcr t\u00e4gliche Intimpflege. Feuchtigkeitsspendend, seifenfrei, parf\u00fcmfrei & vegan","robots":{"index":"index","follow":"follow","max-snippet":"max-snippet:-1","max-image-preview":"max-image-preview:large","max-video-preview":"max-video-preview:-1"},"canonical":"https:\/\/multi-gyn.com\/de\/produkt\/multi-gyn-femiwash-gel\/","og_locale":"de_DE","og_type":"article","og_title":"Multi-Gyn\u00ae FemiWash: Intim-Waschgel f\u00fcr den Intimbereich","og_description":"Multi-Gyn\u00ae FemiWash Gel: sanftes Intim-Waschgel f\u00fcr t\u00e4gliche Intimpflege. Feuchtigkeitsspendend, seifenfrei, parf\u00fcmfrei & vegan","og_url":"https:\/\/multi-gyn.com\/de\/produkt\/multi-gyn-femiwash-gel\/","og_site_name":"Multi-Gyn","article_modified_time":"2026-03-27T10:33:04+00:00","og_image":[{"width":850,"height":850,"url":"https:\/\/multi-gyn.com\/app\/uploads\/sites\/14\/2023\/12\/Multi-Gyn-FemiWash-Gel.png","type":"image\/png"}],"twitter_card":"summary_large_image","twitter_misc":{"Gesch\u00e4tzte Lesezeit":"2\u00a0Minuten"},"schema":{"@context":"https:\/\/schema.org","@graph":[{"@type":"WebPage","@id":"https:\/\/multi-gyn.com\/de\/produkt\/multi-gyn-femiwash-gel\/","url":"https:\/\/multi-gyn.com\/de\/produkt\/multi-gyn-femiwash-gel\/","name":"Multi-Gyn\u00ae FemiWash: Intim-Waschgel f\u00fcr den Intimbereich","isPartOf":{"@id":"https:\/\/multi-gyn.com\/de\/#website"},"primaryImageOfPage":{"@id":"https:\/\/multi-gyn.com\/de\/produkt\/multi-gyn-femiwash-gel\/#primaryimage"},"image":{"@id":"https:\/\/multi-gyn.com\/de\/produkt\/multi-gyn-femiwash-gel\/#primaryimage"},"thumbnailUrl":"https:\/\/multi-gyn.com\/app\/uploads\/sites\/14\/2023\/12\/Multi-Gyn-FemiWash-Gel.png","datePublished":"2023-12-14T09:45:38+00:00","dateModified":"2026-03-27T10:33:04+00:00","description":"Multi-Gyn\u00ae FemiWash Gel: sanftes Intim-Waschgel f\u00fcr t\u00e4gliche Intimpflege. Feuchtigkeitsspendend, seifenfrei, parf\u00fcmfrei & vegan","breadcrumb":{"@id":"https:\/\/multi-gyn.com\/de\/produkt\/multi-gyn-femiwash-gel\/#breadcrumb"},"inLanguage":"de","potentialAction":[{"@type":"ReadAction","target":["https:\/\/multi-gyn.com\/de\/produkt\/multi-gyn-femiwash-gel\/"]}]},{"@type":"ImageObject","inLanguage":"de","@id":"https:\/\/multi-gyn.com\/de\/produkt\/multi-gyn-femiwash-gel\/#primaryimage","url":"https:\/\/multi-gyn.com\/app\/uploads\/sites\/14\/2023\/12\/Multi-Gyn-FemiWash-Gel.png","contentUrl":"https:\/\/multi-gyn.com\/app\/uploads\/sites\/14\/2023\/12\/Multi-Gyn-FemiWash-Gel.png","width":850,"height":850,"caption":"Multi-Gyn FemiWash Gel"},{"@type":"BreadcrumbList","@id":"https:\/\/multi-gyn.com\/de\/produkt\/multi-gyn-femiwash-gel\/#breadcrumb","itemListElement":[{"@type":"ListItem","position":1,"name":"Startseite","item":"https:\/\/multi-gyn.com\/de\/"},{"@type":"ListItem","position":2,"name":"Produkte","item":"https:\/\/multi-gyn.com\/de\/produkte\/"},{"@type":"ListItem","position":3,"name":"Hygiene und Pflege","item":"https:\/\/multi-gyn.com\/de\/produkt-kategorie\/hygiene-und-pflege\/"},{"@type":"ListItem","position":4,"name":"Multi-Gyn FemiWash Gel"}]},{"@type":"WebSite","@id":"https:\/\/multi-gyn.com\/de\/#website","url":"https:\/\/multi-gyn.com\/de\/","name":"Multi-Gyn","description":"","publisher":{"@id":"https:\/\/multi-gyn.com\/de\/#organization"},"potentialAction":[{"@type":"SearchAction","target":{"@type":"EntryPoint","urlTemplate":"https:\/\/multi-gyn.com\/de\/?s={search_term_string}"},"query-input":{"@type":"PropertyValueSpecification","valueRequired":true,"valueName":"search_term_string"}}],"inLanguage":"de"},{"@type":"Organization","@id":"https:\/\/multi-gyn.com\/de\/#organization","name":"Karo Healthcare GmbH","alternateName":"Karo","url":"https:\/\/multi-gyn.com\/de\/","logo":{"@type":"ImageObject","inLanguage":"de","@id":"https:\/\/multi-gyn.com\/de\/#\/schema\/logo\/image\/","url":"https:\/\/multi-gyn.com\/app\/uploads\/sites\/14\/2022\/06\/multi-gyn-logo-retina.png","contentUrl":"https:\/\/multi-gyn.com\/app\/uploads\/sites\/14\/2022\/06\/multi-gyn-logo-retina.png","width":297,"height":64,"caption":"Karo Healthcare GmbH"},"image":{"@id":"https:\/\/multi-gyn.com\/de\/#\/schema\/logo\/image\/"},"sameAs":["https:\/\/www.instagram.com\/multigyndach\/"]}]}},"_links":{"self":[{"href":"https:\/\/multi-gyn.com\/de\/wp-json\/wp\/v2\/product\/551","targetHints":{"allow":["GET"]}}],"collection":[{"href":"https:\/\/multi-gyn.com\/de\/wp-json\/wp\/v2\/product"}],"about":[{"href":"https:\/\/multi-gyn.com\/de\/wp-json\/wp\/v2\/types\/product"}],"replies":[{"embeddable":true,"href":"https:\/\/multi-gyn.com\/de\/wp-json\/wp\/v2\/comments?post=551"}],"version-history":[{"count":9,"href":"https:\/\/multi-gyn.com\/de\/wp-json\/wp\/v2\/product\/551\/revisions"}],"predecessor-version":[{"id":1725,"href":"https:\/\/multi-gyn.com\/de\/wp-json\/wp\/v2\/product\/551\/revisions\/1725"}],"wp:featuredmedia":[{"embeddable":true,"href":"https:\/\/multi-gyn.com\/de\/wp-json\/wp\/v2\/media\/558"}],"wp:attachment":[{"href":"https:\/\/multi-gyn.com\/de\/wp-json\/wp\/v2\/media?parent=551"}],"wp:term":[{"taxonomy":"product_brand","embeddable":true,"href":"https:\/\/multi-gyn.com\/de\/wp-json\/wp\/v2\/product_brand?post=551"},{"taxonomy":"product_cat","embeddable":true,"href":"https:\/\/multi-gyn.com\/de\/wp-json\/wp\/v2\/product_cat?post=551"},{"taxonomy":"product_tag","embeddable":true,"href":"https:\/\/multi-gyn.com\/de\/wp-json\/wp\/v2\/product_tag?post=551"}],"curies":[{"name":"wp","href":"https:\/\/api.w.org\/{rel}","templated":true}]}}