{"id":56,"date":"2022-06-16T12:34:29","date_gmt":"2022-06-16T10:34:29","guid":{"rendered":"https:\/\/multi-gyn.com\/rebrand\/?post_type=product&#038;p=56"},"modified":"2026-03-27T11:25:49","modified_gmt":"2026-03-27T10:25:49","slug":"multi-gyn-liquigel","status":"publish","type":"product","link":"https:\/\/multi-gyn.com\/de\/produkt\/multi-gyn-liquigel\/","title":{"rendered":"Multi-Gyn LiquiGel"},"content":{"rendered":"\n<div class=\"wp-block-karopharma-accordions is-style-secondary\"><div class=\"container\">\n<details class=\"wp-block-karopharma-accordion\"><summary><h2 class=\"accordion-title\">Wof\u00fcr wird Multi-Gyn LiquiGel angewendet?<\/h2><\/summary><div class=\"accordion-content\">\n<p>Multi-Gyn LiquiGel ist ein Medizinprodukt zur langanhaltenden Linderung von Scheidentrockenheit.<\/p>\n<\/div><\/details>\n\n\n\n<details class=\"wp-block-karopharma-accordion\"><summary><h2 class=\"accordion-title\">Wie wird Multi-Gyn LiquiGel angewendet?<\/h2><\/summary><div class=\"accordion-content\">\n<p>Mit sauberen Fingern eine kleine Menge Gel in der Scheide bzw. auf die Haut der \u00e4u\u00dferen Genitalien verteilen.<br>Der Packung liegt ein Applikator bei, mit dem Sie das Gel in die Scheide einf\u00fchren k\u00f6nnen, wenn Sie dies w\u00fcnschen.<\/p>\n<\/div><\/details>\n\n\n\n<details class=\"wp-block-karopharma-accordion\"><summary><h2 class=\"accordion-title\">Ist es normal, nach der Anwendung ein prickelndes oder brennendes Gef\u00fchl zu versp\u00fcren?<\/h2><\/summary><div class=\"accordion-content\">\n<p>Wenn Sie nach der Anwendung ein Brennen und\/oder Prickeln versp\u00fcren, machen Sie sich keine Sorgen. Dies ist normal und wird rasch vergehen.<\/p>\n<\/div><\/details>\n\n\n\n<details class=\"wp-block-karopharma-accordion\"><summary><h2 class=\"accordion-title\">Enth\u00e4lt Multi-Gyn LiquiGel Konservierungs-, Duft- oder Farbstoffen?<\/h2><\/summary><div class=\"accordion-content\">\n<p>Nein, alle Multi-Gyn Produkte sind auf Basis nat\u00fcrlicher Inhaltsstoffe und frei von Konservierungs-, Duft- oder Farbstoffen.<\/p>\n<\/div><\/details>\n\n\n\n<details class=\"wp-block-karopharma-accordion\"><summary><h2 class=\"accordion-title\">Ist Multi-Gyn LiquiGel vertr\u00e4glich mit Kondomen?<\/h2><\/summary><div class=\"accordion-content\">\n<p>Du kannst das Gel vor dem Geschlechtsverkehr verwenden, um Scheidentrockenheit zu lindern, sollten aber nicht zusammen mit einem Kondom oder einem Diaphragma verwendet werden. Die Verwendung von Multi-Gyn FeuchtCreme kann die Rei\u00dffestigkeit von Kondomen oder Diaphragmen aus Latex, Polyurethan oder Polyisopren beeintr\u00e4chtigen.<\/p>\n<\/div><\/details>\n\n\n\n<details class=\"wp-block-karopharma-accordion\"><summary><h2 class=\"accordion-title\">Was sollte ich bei aktivem Kinderwunsch beachten?<\/h2><\/summary><div class=\"accordion-content\">\n<p>Multi-Gyn LiquiGel ist kein Verh\u00fctungsmittel und enth\u00e4lt keine Spermizide. Der Einfluss auf die Aktivit\u00e4t von Spermien wurde jedoch noch nicht erforscht.<\/p>\n<\/div><\/details>\n\n\n\n<details class=\"wp-block-karopharma-accordion\"><summary><h2 class=\"accordion-title\">Kann ich Multi-Gyn LiquiGel Schwangerschaft\/Stillzeit verwenden?<\/h2><\/summary><div class=\"accordion-content\">\n<p>Es sind keine Gegenanzeigen f\u00fcr die Verwendung von Multi-Gyn LiquiGel w\u00e4hrend Schwangerschaft und Stillzeit bekannt. Bitte sprich vor der Anwendung mit Deiner \u00c4rztin bzw. Deinem Arzt.<\/p>\n<\/div><\/details>\n\n\n\n<details class=\"wp-block-karopharma-accordion\"><summary><h2 class=\"accordion-title\">Wie sollte ich das Produkt lagern?<\/h2><\/summary><div class=\"accordion-content\">\n<p>Multi-Gyn LiquiGel sollte zwischen 10\u00b0C und 25\u00b0C (Zimmertemperatur) gelagert werden und f\u00fcr Kinder unzug\u00e4nglich aufbewahrt werden. Verwende das Produkt nicht nach Ablauf des Verfalldatums.<\/p>\n<\/div><\/details>\n<\/div><\/div>\n\n\n\n<script type=\"application\/ld+json\">\n{\n  \"@context\": \"https:\/\/schema.org\",\n  \"@type\": \"FAQPage\",\n  \"mainEntity\": [\n    {\n      \"@type\": \"Question\",\n      \"name\": \"Wof\u00fcr wird Multi-Gyn LiquiGel angewendet?\",\n      \"acceptedAnswer\": {\n        \"@type\": \"Answer\",\n        \"text\": \"Multi-Gyn LiquiGel ist ein Medizinprodukt zur langanhaltenden Linderung von Scheidentrockenheit.\"\n      }\n    },\n    {\n      \"@type\": \"Question\",\n      \"name\": \"Wie wird Multi-Gyn LiquiGel angewendet?\",\n      \"acceptedAnswer\": {\n        \"@type\": \"Answer\",\n        \"text\": \"Mit sauberen Fingern eine kleine Menge Gel in der Scheide bzw. auf die Haut der \u00e4u\u00dferen Genitalien verteilen. Der Packung liegt ein Applikator bei, mit dem Sie das Gel in die Scheide einf\u00fchren k\u00f6nnen, wenn Sie dies w\u00fcnschen.\"\n      }\n    },\n    {\n      \"@type\": \"Question\",\n      \"name\": \"Ist es normal, nach der Anwendung ein prickelndes oder brennendes Gef\u00fchl zu versp\u00fcren?\",\n      \"acceptedAnswer\": {\n        \"@type\": \"Answer\",\n        \"text\": \"Wenn Sie nach der Anwendung ein Brennen und\/oder Prickeln versp\u00fcren, machen Sie sich keine Sorgen. Dies ist normal und wird rasch vergehen.\"\n      }\n    },\n    {\n      \"@type\": \"Question\",\n      \"name\": \"Enth\u00e4lt Multi-Gyn LiquiGel Konservierungs-, Duft- oder Farbstoffen?\",\n      \"acceptedAnswer\": {\n        \"@type\": \"Answer\",\n        \"text\": \"Nein, alle Multi-Gyn Produkte sind auf Basis nat\u00fcrlicher Inhaltsstoffe und frei von Konservierungs-, Duft- oder Farbstoffen.\"\n      }\n    },\n    {\n      \"@type\": \"Question\",\n      \"name\": \"Ist Multi-Gyn LiquiGel vertr\u00e4glich mit Kondomen?\",\n      \"acceptedAnswer\": {\n        \"@type\": \"Answer\",\n        \"text\": \"Du kannst das Gel vor dem Geschlechtsverkehr verwenden, um Scheidentrockenheit zu lindern, sollten aber nicht zusammen mit einem Kondom oder einem Diaphragma verwendet werden. Die Verwendung von Multi-Gyn FeuchtCreme kann die Rei\u00dffestigkeit von Kondomen oder Diaphragmen aus Latex, Polyurethan oder Polyisopren beeintr\u00e4chtigen.\"\n      }\n    },\n    {\n      \"@type\": \"Question\",\n      \"name\": \"Was sollte ich bei aktivem Kinderwunsch beachten?\",\n      \"acceptedAnswer\": {\n        \"@type\": \"Answer\",\n        \"text\": \"Multi-Gyn LiquiGel ist kein Verh\u00fctungsmittel und enth\u00e4lt keine Spermizide. Der Einfluss auf die Aktivit\u00e4t von Spermien wurde jedoch noch nicht erforscht.\"\n      }\n    },\n    {\n      \"@type\": \"Question\",\n      \"name\": \"Kann ich Multi-Gyn LiquiGel Schwangerschaft\/Stillzeit verwenden?\",\n      \"acceptedAnswer\": {\n        \"@type\": \"Answer\",\n        \"text\": \"Es sind keine Gegenanzeigen f\u00fcr die Verwendung von Multi-Gyn LiquiGel w\u00e4hrend Schwangerschaft und Stillzeit bekannt. Bitte sprich vor der Anwendung mit Deiner \u00c4rztin bzw. Deinem Arzt.\"\n      }\n    },\n    {\n      \"@type\": \"Question\",\n      \"name\": \"Wie sollte ich das Produkt lagern?\",\n      \"acceptedAnswer\": {\n        \"@type\": \"Answer\",\n        \"text\": \"Multi-Gyn LiquiGel sollte zwischen 10\u00b0C und 25\u00b0C (Zimmertemperatur) gelagert werden und f\u00fcr Kinder unzug\u00e4nglich aufbewahrt werden. Verwende das Produkt nicht nach Ablauf des Verfalldatums.\"\n      }\n    }\n  ]\n}\n<\/script>\n\n\n\n<script type=\"application\/ld+json\">\n{\n  \"@context\": \"https:\/\/schema.org\/\",\n  \"@type\": \"Product\",\n  \"name\": \"Multi-Gyn LiquiGel\",\n  \"image\": [\n    \"https:\/\/multi-gyn.com\/de\/wp-content\/uploads\/sites\/2\/2023\/12\/Multi-Gyn-LiquiGel-250ml-Packshot.png\"\n  ],\n  \"description\": \"Multi-Gyn LiquiGel ist ein feuchtigkeitsspendendes Gleitgel zur nat\u00fcrlichen Unterst\u00fctzung der Intimpflege, das aufgrund seiner Formel auch bei Scheidentrockenheit verwendet werden kann.\",\n  \"sku\": \"PZN-18455845\",\n  \"mpn\": \"18455845\",\n  \"brand\": {\n    \"@type\": \"Brand\",\n    \"name\": \"Multi-Gyn\"\n  },\n  \"manufacturer\": {\n    \"@type\": \"Organization\",\n    \"name\": \"Karo Healthcare\"\n  },\n  \"category\": \"Intimpflege \/ Gleitgel\",\n  \"itemCondition\": \"https:\/\/schema.org\/NewCondition\",\n  \"url\": \"https:\/\/multi-gyn.com\/de\/produkt\/multi-gyn-liquigel\/\",\n  \"additionalProperty\": [\n    {\n      \"@type\": \"PropertyValue\",\n      \"name\": \"Produkttyp\",\n      \"value\": \"Gleitgel \/ Feuchtigkeitsgel\"\n    },\n    {\n      \"@type\": \"PropertyValue\",\n      \"name\": \"Inhalt\",\n      \"value\": \"250 ml\"\n    },\n    {\n      \"@type\": \"PropertyValue\",\n      \"name\": \"Anwendungsbereich\",\n      \"value\": \"Intimpflege, unterst\u00fctzend bei Scheidentrockenheit\"\n    },\n    {\n      \"@type\": \"PropertyValue\",\n      \"name\": \"Besonderheiten\",\n      \"value\": \"Hautvertr\u00e4glich, parf\u00fcmfrei, auf Wasserbasis\"\n    }\n  ]\n}\n<\/script>\n","protected":false},"excerpt":{"rendered":"<p>Hormonfreies Feuchtigkeitsgel \u2013 behandelt Scheidentrockenheit und spendet langanhaltende Linderung<\/p>\n","protected":false},"featured_media":361,"comment_status":"closed","ping_status":"closed","template":"","meta":{"_acf_changed":false,"footnotes":""},"product_brand":[],"product_cat":[18],"product_tag":[],"class_list":{"0":"post-56","1":"product","2":"type-product","3":"status-publish","4":"has-post-thumbnail","6":"product_cat-behandlung","8":"first","9":"instock","10":"shipping-taxable","11":"product-type-simple"},"acf":[],"yoast_head":"<!-- This site is optimized with the Yoast SEO plugin v26.6 - https:\/\/yoast.com\/wordpress\/plugins\/seo\/ -->\n<title>Multi-Gyn\u00ae LiquiGel: Linderung bei Scheidentrockenheit<\/title>\n<meta name=\"description\" content=\"Multi-Gyn\u00ae LiquiGel: Intimgel lindert Juckreiz, Brennen &amp; Trockenheitsgef\u00fchl bei Scheidentrockenheit - hormonfrei &amp; beruhigend\" \/>\n<meta name=\"robots\" content=\"index, follow, max-snippet:-1, max-image-preview:large, max-video-preview:-1\" \/>\n<link rel=\"canonical\" href=\"https:\/\/multi-gyn.com\/de\/produkt\/multi-gyn-liquigel\/\" \/>\n<meta property=\"og:locale\" content=\"de_DE\" \/>\n<meta property=\"og:type\" content=\"article\" \/>\n<meta property=\"og:title\" content=\"Multi-Gyn\u00ae LiquiGel: Linderung bei Scheidentrockenheit\" \/>\n<meta property=\"og:description\" content=\"Multi-Gyn\u00ae LiquiGel: Intimgel lindert Juckreiz, Brennen &amp; Trockenheitsgef\u00fchl bei Scheidentrockenheit - hormonfrei &amp; beruhigend\" \/>\n<meta property=\"og:url\" content=\"https:\/\/multi-gyn.com\/de\/produkt\/multi-gyn-liquigel\/\" \/>\n<meta property=\"og:site_name\" content=\"Multi-Gyn\" \/>\n<meta property=\"article:modified_time\" content=\"2026-03-27T10:25:49+00:00\" \/>\n<meta property=\"og:image\" content=\"https:\/\/multi-gyn.com\/app\/uploads\/sites\/14\/2022\/06\/Multi-Gyn-LiquiGel-2023.png\" \/>\n\t<meta property=\"og:image:width\" content=\"850\" \/>\n\t<meta property=\"og:image:height\" content=\"850\" \/>\n\t<meta property=\"og:image:type\" content=\"image\/png\" \/>\n<meta name=\"twitter:card\" content=\"summary_large_image\" \/>\n<meta name=\"twitter:label1\" content=\"Gesch\u00e4tzte Lesezeit\" \/>\n\t<meta name=\"twitter:data1\" content=\"2\u00a0Minuten\" \/>\n<script type=\"application\/ld+json\" class=\"yoast-schema-graph\">{\"@context\":\"https:\/\/schema.org\",\"@graph\":[{\"@type\":\"WebPage\",\"@id\":\"https:\/\/multi-gyn.com\/de\/produkt\/multi-gyn-liquigel\/\",\"url\":\"https:\/\/multi-gyn.com\/de\/produkt\/multi-gyn-liquigel\/\",\"name\":\"Multi-Gyn\u00ae LiquiGel: Linderung bei Scheidentrockenheit\",\"isPartOf\":{\"@id\":\"https:\/\/multi-gyn.com\/de\/#website\"},\"primaryImageOfPage\":{\"@id\":\"https:\/\/multi-gyn.com\/de\/produkt\/multi-gyn-liquigel\/#primaryimage\"},\"image\":{\"@id\":\"https:\/\/multi-gyn.com\/de\/produkt\/multi-gyn-liquigel\/#primaryimage\"},\"thumbnailUrl\":\"https:\/\/multi-gyn.com\/app\/uploads\/sites\/14\/2022\/06\/Multi-Gyn-LiquiGel-2023.png\",\"datePublished\":\"2022-06-16T10:34:29+00:00\",\"dateModified\":\"2026-03-27T10:25:49+00:00\",\"description\":\"Multi-Gyn\u00ae LiquiGel: Intimgel lindert Juckreiz, Brennen & Trockenheitsgef\u00fchl bei Scheidentrockenheit - hormonfrei & beruhigend\",\"breadcrumb\":{\"@id\":\"https:\/\/multi-gyn.com\/de\/produkt\/multi-gyn-liquigel\/#breadcrumb\"},\"inLanguage\":\"de\",\"potentialAction\":[{\"@type\":\"ReadAction\",\"target\":[\"https:\/\/multi-gyn.com\/de\/produkt\/multi-gyn-liquigel\/\"]}]},{\"@type\":\"ImageObject\",\"inLanguage\":\"de\",\"@id\":\"https:\/\/multi-gyn.com\/de\/produkt\/multi-gyn-liquigel\/#primaryimage\",\"url\":\"https:\/\/multi-gyn.com\/app\/uploads\/sites\/14\/2022\/06\/Multi-Gyn-LiquiGel-2023.png\",\"contentUrl\":\"https:\/\/multi-gyn.com\/app\/uploads\/sites\/14\/2022\/06\/Multi-Gyn-LiquiGel-2023.png\",\"width\":850,\"height\":850,\"caption\":\"Multi-Gyn LiquiGel\"},{\"@type\":\"BreadcrumbList\",\"@id\":\"https:\/\/multi-gyn.com\/de\/produkt\/multi-gyn-liquigel\/#breadcrumb\",\"itemListElement\":[{\"@type\":\"ListItem\",\"position\":1,\"name\":\"Startseite\",\"item\":\"https:\/\/multi-gyn.com\/de\/\"},{\"@type\":\"ListItem\",\"position\":2,\"name\":\"Produkte\",\"item\":\"https:\/\/multi-gyn.com\/de\/produkte\/\"},{\"@type\":\"ListItem\",\"position\":3,\"name\":\"Behandlung\",\"item\":\"https:\/\/multi-gyn.com\/de\/produkt-kategorie\/behandlung\/\"},{\"@type\":\"ListItem\",\"position\":4,\"name\":\"Multi-Gyn LiquiGel\"}]},{\"@type\":\"WebSite\",\"@id\":\"https:\/\/multi-gyn.com\/de\/#website\",\"url\":\"https:\/\/multi-gyn.com\/de\/\",\"name\":\"Multi-Gyn\",\"description\":\"\",\"publisher\":{\"@id\":\"https:\/\/multi-gyn.com\/de\/#organization\"},\"potentialAction\":[{\"@type\":\"SearchAction\",\"target\":{\"@type\":\"EntryPoint\",\"urlTemplate\":\"https:\/\/multi-gyn.com\/de\/?s={search_term_string}\"},\"query-input\":{\"@type\":\"PropertyValueSpecification\",\"valueRequired\":true,\"valueName\":\"search_term_string\"}}],\"inLanguage\":\"de\"},{\"@type\":\"Organization\",\"@id\":\"https:\/\/multi-gyn.com\/de\/#organization\",\"name\":\"Karo Healthcare GmbH\",\"alternateName\":\"Karo\",\"url\":\"https:\/\/multi-gyn.com\/de\/\",\"logo\":{\"@type\":\"ImageObject\",\"inLanguage\":\"de\",\"@id\":\"https:\/\/multi-gyn.com\/de\/#\/schema\/logo\/image\/\",\"url\":\"https:\/\/multi-gyn.com\/app\/uploads\/sites\/14\/2022\/06\/multi-gyn-logo-retina.png\",\"contentUrl\":\"https:\/\/multi-gyn.com\/app\/uploads\/sites\/14\/2022\/06\/multi-gyn-logo-retina.png\",\"width\":297,\"height\":64,\"caption\":\"Karo Healthcare GmbH\"},\"image\":{\"@id\":\"https:\/\/multi-gyn.com\/de\/#\/schema\/logo\/image\/\"},\"sameAs\":[\"https:\/\/www.instagram.com\/multigyndach\/\"]}]}<\/script>\n<!-- \/ Yoast SEO plugin. -->","yoast_head_json":{"title":"Multi-Gyn\u00ae LiquiGel: Linderung bei Scheidentrockenheit","description":"Multi-Gyn\u00ae LiquiGel: Intimgel lindert Juckreiz, Brennen & Trockenheitsgef\u00fchl bei Scheidentrockenheit - hormonfrei & beruhigend","robots":{"index":"index","follow":"follow","max-snippet":"max-snippet:-1","max-image-preview":"max-image-preview:large","max-video-preview":"max-video-preview:-1"},"canonical":"https:\/\/multi-gyn.com\/de\/produkt\/multi-gyn-liquigel\/","og_locale":"de_DE","og_type":"article","og_title":"Multi-Gyn\u00ae LiquiGel: Linderung bei Scheidentrockenheit","og_description":"Multi-Gyn\u00ae LiquiGel: Intimgel lindert Juckreiz, Brennen & Trockenheitsgef\u00fchl bei Scheidentrockenheit - hormonfrei & beruhigend","og_url":"https:\/\/multi-gyn.com\/de\/produkt\/multi-gyn-liquigel\/","og_site_name":"Multi-Gyn","article_modified_time":"2026-03-27T10:25:49+00:00","og_image":[{"width":850,"height":850,"url":"https:\/\/multi-gyn.com\/app\/uploads\/sites\/14\/2022\/06\/Multi-Gyn-LiquiGel-2023.png","type":"image\/png"}],"twitter_card":"summary_large_image","twitter_misc":{"Gesch\u00e4tzte Lesezeit":"2\u00a0Minuten"},"schema":{"@context":"https:\/\/schema.org","@graph":[{"@type":"WebPage","@id":"https:\/\/multi-gyn.com\/de\/produkt\/multi-gyn-liquigel\/","url":"https:\/\/multi-gyn.com\/de\/produkt\/multi-gyn-liquigel\/","name":"Multi-Gyn\u00ae LiquiGel: Linderung bei Scheidentrockenheit","isPartOf":{"@id":"https:\/\/multi-gyn.com\/de\/#website"},"primaryImageOfPage":{"@id":"https:\/\/multi-gyn.com\/de\/produkt\/multi-gyn-liquigel\/#primaryimage"},"image":{"@id":"https:\/\/multi-gyn.com\/de\/produkt\/multi-gyn-liquigel\/#primaryimage"},"thumbnailUrl":"https:\/\/multi-gyn.com\/app\/uploads\/sites\/14\/2022\/06\/Multi-Gyn-LiquiGel-2023.png","datePublished":"2022-06-16T10:34:29+00:00","dateModified":"2026-03-27T10:25:49+00:00","description":"Multi-Gyn\u00ae LiquiGel: Intimgel lindert Juckreiz, Brennen & Trockenheitsgef\u00fchl bei Scheidentrockenheit - hormonfrei & beruhigend","breadcrumb":{"@id":"https:\/\/multi-gyn.com\/de\/produkt\/multi-gyn-liquigel\/#breadcrumb"},"inLanguage":"de","potentialAction":[{"@type":"ReadAction","target":["https:\/\/multi-gyn.com\/de\/produkt\/multi-gyn-liquigel\/"]}]},{"@type":"ImageObject","inLanguage":"de","@id":"https:\/\/multi-gyn.com\/de\/produkt\/multi-gyn-liquigel\/#primaryimage","url":"https:\/\/multi-gyn.com\/app\/uploads\/sites\/14\/2022\/06\/Multi-Gyn-LiquiGel-2023.png","contentUrl":"https:\/\/multi-gyn.com\/app\/uploads\/sites\/14\/2022\/06\/Multi-Gyn-LiquiGel-2023.png","width":850,"height":850,"caption":"Multi-Gyn LiquiGel"},{"@type":"BreadcrumbList","@id":"https:\/\/multi-gyn.com\/de\/produkt\/multi-gyn-liquigel\/#breadcrumb","itemListElement":[{"@type":"ListItem","position":1,"name":"Startseite","item":"https:\/\/multi-gyn.com\/de\/"},{"@type":"ListItem","position":2,"name":"Produkte","item":"https:\/\/multi-gyn.com\/de\/produkte\/"},{"@type":"ListItem","position":3,"name":"Behandlung","item":"https:\/\/multi-gyn.com\/de\/produkt-kategorie\/behandlung\/"},{"@type":"ListItem","position":4,"name":"Multi-Gyn LiquiGel"}]},{"@type":"WebSite","@id":"https:\/\/multi-gyn.com\/de\/#website","url":"https:\/\/multi-gyn.com\/de\/","name":"Multi-Gyn","description":"","publisher":{"@id":"https:\/\/multi-gyn.com\/de\/#organization"},"potentialAction":[{"@type":"SearchAction","target":{"@type":"EntryPoint","urlTemplate":"https:\/\/multi-gyn.com\/de\/?s={search_term_string}"},"query-input":{"@type":"PropertyValueSpecification","valueRequired":true,"valueName":"search_term_string"}}],"inLanguage":"de"},{"@type":"Organization","@id":"https:\/\/multi-gyn.com\/de\/#organization","name":"Karo Healthcare GmbH","alternateName":"Karo","url":"https:\/\/multi-gyn.com\/de\/","logo":{"@type":"ImageObject","inLanguage":"de","@id":"https:\/\/multi-gyn.com\/de\/#\/schema\/logo\/image\/","url":"https:\/\/multi-gyn.com\/app\/uploads\/sites\/14\/2022\/06\/multi-gyn-logo-retina.png","contentUrl":"https:\/\/multi-gyn.com\/app\/uploads\/sites\/14\/2022\/06\/multi-gyn-logo-retina.png","width":297,"height":64,"caption":"Karo Healthcare GmbH"},"image":{"@id":"https:\/\/multi-gyn.com\/de\/#\/schema\/logo\/image\/"},"sameAs":["https:\/\/www.instagram.com\/multigyndach\/"]}]}},"_links":{"self":[{"href":"https:\/\/multi-gyn.com\/de\/wp-json\/wp\/v2\/product\/56","targetHints":{"allow":["GET"]}}],"collection":[{"href":"https:\/\/multi-gyn.com\/de\/wp-json\/wp\/v2\/product"}],"about":[{"href":"https:\/\/multi-gyn.com\/de\/wp-json\/wp\/v2\/types\/product"}],"replies":[{"embeddable":true,"href":"https:\/\/multi-gyn.com\/de\/wp-json\/wp\/v2\/comments?post=56"}],"version-history":[{"count":10,"href":"https:\/\/multi-gyn.com\/de\/wp-json\/wp\/v2\/product\/56\/revisions"}],"predecessor-version":[{"id":1717,"href":"https:\/\/multi-gyn.com\/de\/wp-json\/wp\/v2\/product\/56\/revisions\/1717"}],"wp:featuredmedia":[{"embeddable":true,"href":"https:\/\/multi-gyn.com\/de\/wp-json\/wp\/v2\/media\/361"}],"wp:attachment":[{"href":"https:\/\/multi-gyn.com\/de\/wp-json\/wp\/v2\/media?parent=56"}],"wp:term":[{"taxonomy":"product_brand","embeddable":true,"href":"https:\/\/multi-gyn.com\/de\/wp-json\/wp\/v2\/product_brand?post=56"},{"taxonomy":"product_cat","embeddable":true,"href":"https:\/\/multi-gyn.com\/de\/wp-json\/wp\/v2\/product_cat?post=56"},{"taxonomy":"product_tag","embeddable":true,"href":"https:\/\/multi-gyn.com\/de\/wp-json\/wp\/v2\/product_tag?post=56"}],"curies":[{"name":"wp","href":"https:\/\/api.w.org\/{rel}","templated":true}]}}