{"id":60,"date":"2022-06-16T14:08:14","date_gmt":"2022-06-16T12:08:14","guid":{"rendered":"https:\/\/multi-gyn.com\/rebrand\/?post_type=product&#038;p=60"},"modified":"2026-03-27T11:28:21","modified_gmt":"2026-03-27T10:28:21","slug":"multi-gyn-femiwash","status":"publish","type":"product","link":"https:\/\/multi-gyn.com\/de\/produkt\/multi-gyn-femiwash\/","title":{"rendered":"Multi-Gyn FemiWash"},"content":{"rendered":"\n<div class=\"wp-block-karopharma-free-text pt-large pb-small bg-center bg-contain bg-no-repeat  pb-large undefined is-style-secondary\" style=\"background-image:url()\"><div class=\"free-text-wrapper container max-w-medium text-left\">\n<h2 class=\"wp-block-heading is-style-heading-h2\" id=\"gofeminin-loves-multi-gyn\">gofeminin loves Multi-Gyn<\/h2>\n\n\n\n<h3 class=\"wp-block-heading is-style-heading-h3\" id=\"gofeminin-loves-multi-gyn\">95 % Weiterempfehlung f\u00fcr Multi-Gyn FemiWash<\/h3>\n\n\n\n<p>\u00dcber 400 gofeminin.de Leserinnen durften exklusiv Multi-Gyn FemiWash testen und dies sind die Ergebnisse:<\/p>\n\n\n\n<ul class=\"wp-block-list\">\n<li>F\u00fcr 99 % der Frauen f\u00fchlt sich der Mikroschaum von Multi-Gyn FemiWash sehr angenehm auf ihrer Haut an.<\/li>\n\n\n\n<li>89 % sagen im Vergleich zu herk\u00f6mmlichem Rasierschaum ist Multi-Gyn FemiWash die sanftere Alternative bei der Intimrasur.<\/li>\n\n\n\n<li>Bei 92 % der Testerinnen haben sich ihre Beschwerden durch Multi-Gyn FemiWash im Intimbereich gemildert.<\/li>\n<\/ul>\n\n\n\n<p class=\"is-style-paragraph-small\">Quelle: gofeminin.de \u2013 FemiWash von Multi-Gyn, 436 Testerinnen, 06\/2021<\/p>\n\n\n\n<figure class=\"wp-block-image aligncenter size-full is-resized\"><img loading=\"lazy\" decoding=\"async\" width=\"900\" height=\"900\" src=\"https:\/\/multi-gyn.com\/app\/uploads\/sites\/14\/2022\/06\/210715siegeltestlabormultigynbunt.png\" alt=\"Gofeminin\" class=\"wp-image-77\" style=\"width:225px;height:225px\" srcset=\"https:\/\/multi-gyn.com\/app\/uploads\/sites\/14\/2022\/06\/210715siegeltestlabormultigynbunt.png 900w, https:\/\/multi-gyn.com\/app\/uploads\/sites\/14\/2022\/06\/210715siegeltestlabormultigynbunt-320x320.png 320w, https:\/\/multi-gyn.com\/app\/uploads\/sites\/14\/2022\/06\/210715siegeltestlabormultigynbunt-150x150.png 150w, https:\/\/multi-gyn.com\/app\/uploads\/sites\/14\/2022\/06\/210715siegeltestlabormultigynbunt-768x768.png 768w, https:\/\/multi-gyn.com\/app\/uploads\/sites\/14\/2022\/06\/210715siegeltestlabormultigynbunt-300x300.png 300w, https:\/\/multi-gyn.com\/app\/uploads\/sites\/14\/2022\/06\/210715siegeltestlabormultigynbunt-600x600.png 600w, https:\/\/multi-gyn.com\/app\/uploads\/sites\/14\/2022\/06\/210715siegeltestlabormultigynbunt-100x100.png 100w\" sizes=\"auto, (max-width: 900px) 100vw, 900px\" \/><\/figure>\n\n\n\n<h3 class=\"wp-block-heading is-style-heading-h3\" id=\"gofeminin-loves-multi-gyn\">Ausgew\u00e4hlte Meinungen der Testerinnen<\/h3>\n\n\n\n<p class=\"is-style-paragraph-preamble has-primary-color has-text-color\"><em>\u201eIch war total gespannt auf das Produkt, da ich vorher noch nichts davon geh\u00f6rt hatte. Zuletzt habe ich etwas allergisch auf mein sonst genutztes Produkt reagiert und habe es deshalb sehr vorsichtig benutzt. Was soll ich sagen, es ist toll. Meine vorherigen Beschwerden, wie etwa Jucken oder R\u00f6tungen, sind fast weg.\u201c<\/em><\/p>\n\n\n\n<p class=\"is-style-paragraph-preamble has-primary-color has-text-color\"><em>\u201eDer Schaum l\u00e4sst sich wunderbar dosieren und auftragen. Er beschwert oder schmiert nicht. Au\u00dferdem ist der Geruch wirklich dezent und es riecht nicht medizinisch. Alles in Allem ein Klasse Produkt.\u201c<\/em><\/p>\n\n\n\n<p class=\"is-style-paragraph-preamble has-primary-color has-text-color\"><em>\u201eMir hat das Produkt echt gut gefallen. Am Anfang h\u00e4tte ich nicht wirklich gedacht, dass es mir auch bei der Rasur behilflich sein kann. Deshalb war ich umso zufriedener da ich das Gef\u00fchl hatte danach deutlich weniger Hautirritationen zu haben als sonst. Auch oder gerade nach dem Geschlechtsverkehr empfand ich den Waschschaum als sehr angenehm und man f\u00fchlte sich noch etwas mehr \u201efrischer\u201c.<\/em><\/p>\n\n\n\n<p class=\"is-style-paragraph-small\">Quelle: gofeminin.de \u2013 FemiWash von Multi-Gyn, 436 Testerinnen, 06\/2021<\/p>\n<\/div><\/div>\n\n\n\n<div class=\"wp-block-karopharma-accordions is-style-transparent\"><div class=\"container\">\n<details class=\"wp-block-karopharma-accordion\"><summary><h2 class=\"accordion-title\">Wof\u00fcr wird Multi-Gyn FemiWash angewendet?<\/h2><\/summary><div class=\"accordion-content\">\n<p>Multi-Gyn FemiWash ist ein seifenfreier Mikroschaum zur sanften Reinigung des Intimbereichs. Es bewahrt den nat\u00fcrlichen pH-Wert des Scheidenmilieus und beruhigt die Haut nach der Rasur.<\/p>\n<\/div><\/details>\n\n\n\n<details class=\"wp-block-karopharma-accordion\"><summary><h2 class=\"accordion-title\">Wie wird Multi-Gyn FemiWash angewendet?<\/h2><\/summary><div class=\"accordion-content\">\n<p>Dr\u00fccke den Pumpspender, um etwas Multi-Gyn FemiWash in die Hand zu geben. Verteile den Schaum anschlie\u00dfend \u00fcber deinen Intimbereich und sp\u00fcle ihn anschlie\u00dfend mit Wasser ab.<\/p>\n<\/div><\/details>\n\n\n\n<details class=\"wp-block-karopharma-accordion\"><summary><h2 class=\"accordion-title\">Kann ich Multi-Gyn FemiWash auch innerlich bzw. f\u00fcr eine Scheidensp\u00fclung anwenden?<\/h2><\/summary><div class=\"accordion-content\">\n<p>Nein, Multi-Gyn FemiWash ist nur f\u00fcr die Reinigung des \u00e4u\u00dferen Intimbereichs gedacht. Beim Wunsch einer Scheidensp\u00fclung kann die Multi-Gyn Vaginaldusche verwendet werden.<\/p>\n<\/div><\/details>\n\n\n\n<details class=\"wp-block-karopharma-accordion\"><summary><h2 class=\"accordion-title\">Hilft Multi-Gyn FemiWash bei bakterieller Vaginose oder Scheidenpilz?<\/h2><\/summary><div class=\"accordion-content\">\n<p>Nein, Multi-Gyn FemiWash ist ein Produkt zur Reinigung des \u00e4u\u00dferlichen Intimbereichs. Bei Verdacht auf eine bakterielle Vaginose oder Scheidenpilz wende dich bitte an deinen Arzt\/deine \u00c4rztin oder lass dich in deiner Apotheke beraten.<\/p>\n<\/div><\/details>\n\n\n\n<details class=\"wp-block-karopharma-accordion\"><summary><h2 class=\"accordion-title\">Enth\u00e4lt Multi-Gyn FemiWash Konservierungs-, Duft- oder Farbstoffen?<\/h2><\/summary><div class=\"accordion-content\">\n<p>Nein, alle Multi-Gyn Produkte sind auf Basis nat\u00fcrlicher Inhaltsstoffe und frei von Konservierungs-, Duft- oder Farbstoffen.<\/p>\n<\/div><\/details>\n\n\n\n<details class=\"wp-block-karopharma-accordion\"><summary><h2 class=\"accordion-title\">Kann ich Multi-Gyn FemiWash in Schwangerschaft\/Stillzeit verwenden?<\/h2><\/summary><div class=\"accordion-content\">\n<p>Es sind keine Gegenanzeigen f\u00fcr die Verwendung von Multi-Gyn FemiWash w\u00e4hrend Schwangerschaft und Stillzeit bekannt. Bitte sprich vor der Anwendung mit Deiner \u00c4rztin bzw. Deinem Arzt.<\/p>\n<\/div><\/details>\n\n\n\n<details class=\"wp-block-karopharma-accordion\"><summary><h2 class=\"accordion-title\">Wie sollte ich das Produkt lagern?<\/h2><\/summary><div class=\"accordion-content\">\n<p>Multi-Gyn FemiWash sollte zwischen 10\u00b0C und 25\u00b0C (Zimmertemperatur) gelagert und f\u00fcr Kinder unzug\u00e4nglich aufbewahrt werden. Verwende das Produkt nicht nach Ablauf des Verfalldatums.<\/p>\n<\/div><\/details>\n<\/div><\/div>\n\n\n\n<script type=\"application\/ld+json\">\n{\n  \"@context\": \"https:\/\/schema.org\",\n  \"@type\": \"FAQPage\",\n  \"mainEntity\": [\n    {\n      \"@type\": \"Question\",\n      \"name\": \"Wof\u00fcr wird Multi-Gyn FemiWash angewendet?\",\n      \"acceptedAnswer\": {\n        \"@type\": \"Answer\",\n        \"text\": \"Multi-Gyn FemiWash ist ein seifenfreier Mikroschaum zur sanften Reinigung des Intimbereichs. Es bewahrt den nat\u00fcrlichen pH-Wert des Scheidenmilieus und beruhigt die Haut nach der Rasur.\"\n      }\n    },\n    {\n      \"@type\": \"Question\",\n      \"name\": \"Wie wird Multi-Gyn FemiWash angewendet?\",\n      \"acceptedAnswer\": {\n        \"@type\": \"Answer\",\n        \"text\": \"Dr\u00fccke den Pumpspender, um etwas Multi-Gyn FemiWash in die Hand zu geben. Verteile den Schaum anschlie\u00dfend \u00fcber deinen Intimbereich und sp\u00fcle ihn anschlie\u00dfend mit Wasser ab.\"\n      }\n    },\n    {\n      \"@type\": \"Question\",\n      \"name\": \"Kann ich Multi-Gyn FemiWash auch innerlich bzw. f\u00fcr eine Scheidensp\u00fclung anwenden?\",\n      \"acceptedAnswer\": {\n        \"@type\": \"Answer\",\n        \"text\": \"Nein, Multi-Gyn FemiWash ist nur f\u00fcr die Reinigung des \u00e4u\u00dferen Intimbereichs gedacht. Beim Wunsch einer Scheidensp\u00fclung kann die Multi-Gyn Vaginaldusche verwendet werden.\"\n      }\n    },\n    {\n      \"@type\": \"Question\",\n      \"name\": \"Hilft Multi-Gyn FemiWash bei bakterieller Vaginose oder Scheidenpilz?\",\n      \"acceptedAnswer\": {\n        \"@type\": \"Answer\",\n        \"text\": \"Nein, Multi-Gyn FemiWash ist ein produkt zur Reinigung des \u00e4u\u00dferlichen Intimbereichs. Bei Verdacht auf eine bakterielle Vaginose oder Scheidenpilz wende dich bitte an deinen Arzt\/deine \u00c4rztin oder lass dich in deiner Apotheke beraten.\"\n      }\n    },\n    {\n      \"@type\": \"Question\",\n      \"name\": \"Enth\u00e4lt Multi-Gyn FemiWash Konservierungs-, Duft- oder Farbstoffen?\",\n      \"acceptedAnswer\": {\n        \"@type\": \"Answer\",\n        \"text\": \"Nein, alle Multi-Gyn Produkte sind auf Basis nat\u00fcrlicher Inhaltsstoffe und frei von Konservierungs-, Duft- oder Farbstoffen.\"\n      }\n    },\n    {\n      \"@type\": \"Question\",\n      \"name\": \"Kann ich Multi-Gyn FemiWash in Schwangerschaft\/Stillzeit verwenden?\",\n      \"acceptedAnswer\": {\n        \"@type\": \"Answer\",\n        \"text\": \"Es sind keine Gegenanzeigen f\u00fcr die Verwendung von Multi-Gyn FemiWash w\u00e4hrend Schwangerschaft und Stillzeit bekannt. Bitte sprich vor der Anwendung mit Deiner \u00c4rztin bzw. Deinem Arzt.\"\n      }\n    },\n    {\n      \"@type\": \"Question\",\n      \"name\": \"Wie sollte ich das Produkt lagern?\",\n      \"acceptedAnswer\": {\n        \"@type\": \"Answer\",\n        \"text\": \"Multi-Gyn FemiWash sollte zwischen 10\u00b0C und 25\u00b0C (Zimmertemperatur) gelagert und f\u00fcr Kinder unzug\u00e4nglich aufbewahrt werden. Verwende das Produkt nicht nach Ablauf des Verfalldatums.\"\n      }\n    }\n  ]\n}\n<\/script>\n\n\n\n<script type=\"application\/ld+json\">\n{\n  \"@context\": \"https:\/\/schema.org\/\",\n  \"@type\": \"Product\",\n  \"name\": \"Multi-Gyn FemiWash\",\n  \"image\": [\n    \"https:\/\/multi-gyn.com\/de\/wp-content\/uploads\/sites\/2\/2024\/01\/Multi-Gyn-FemiWash-Packshot.png\"\n  ],\n  \"description\": \"Multi-Gyn FemiWash ist ein pH\u2011neutrales Intimpflege\u2011Waschmittel zur sanften Reinigung und t\u00e4glichen Pflege des \u00e4u\u00dferen Intimbereichs.\",\n  \"sku\": \"PZN-17871632\",\n  \"mpn\": \"17871632\",\n  \"brand\": {\n    \"@type\": \"Brand\",\n    \"name\": \"Multi-Gyn\"\n  },\n  \"manufacturer\": {\n    \"@type\": \"Organization\",\n    \"name\": \"Karo Healthcare\"\n  },\n  \"category\": \"Intimpflege \/ Reinigungsschaum\",\n  \"itemCondition\": \"https:\/\/schema.org\/NewCondition\",\n  \"url\": \"https:\/\/multi-gyn.com\/de\/produkt\/multi-gyn-femiwash\/\",\n  \"additionalProperty\": [\n    {\n      \"@type\": \"PropertyValue\",\n      \"name\": \"Produkttyp\",\n      \"value\": \"Intimpflege\u2011Waschmittel\"\n    },\n    {\n      \"@type\": \"PropertyValue\",\n      \"name\": \"Inhalt\",\n      \"value\": \"250 ml\"\n    },\n    {\n      \"@type\": \"PropertyValue\",\n      \"name\": \"Anwendungsbereich\",\n      \"value\": \"Sanfte Reinigung des \u00e4u\u00dferen Intimbereichs\"\n    },\n    {\n      \"@type\": \"PropertyValue\",\n      \"name\": \"Besonderheiten\",\n      \"value\": \"pH\u2011neutral, hautfreundlich, frei von Parf\u00fcm\"\n    }\n  ]\n}\n<\/script>\n","protected":false},"excerpt":{"rendered":"<p>Seifenfreier Mikroschaum \u2013 reinigt sanft, bewahrt den nat\u00fcrlichen pH-Wert des Scheidenmilieu &#038; beruhigt die Haut nach der Intimrasur<\/p>\n","protected":false},"featured_media":362,"comment_status":"closed","ping_status":"closed","template":"","meta":{"_acf_changed":false,"footnotes":""},"product_brand":[],"product_cat":[19],"product_tag":[],"class_list":{"0":"post-60","1":"product","2":"type-product","3":"status-publish","4":"has-post-thumbnail","6":"product_cat-hygiene-und-pflege","8":"first","9":"instock","10":"shipping-taxable","11":"product-type-simple"},"acf":[],"yoast_head":"<!-- This site is optimized with the Yoast SEO plugin v26.6 - https:\/\/yoast.com\/wordpress\/plugins\/seo\/ -->\n<title>Multi-Gyn\u00ae FemiWash: Intim-Waschschaum auch f\u00fcr Intimrasur<\/title>\n<meta name=\"description\" content=\"Multi-Gyn\u00ae FemiWash: sanfter Intim-Waschschaum f\u00fcr t\u00e4gliche Intimpflege. Feuchtigkeitsspendend, seifenfrei, parf\u00fcmfrei &amp; vegan\" \/>\n<meta name=\"robots\" content=\"index, follow, max-snippet:-1, max-image-preview:large, max-video-preview:-1\" \/>\n<link rel=\"canonical\" href=\"https:\/\/multi-gyn.com\/de\/produkt\/multi-gyn-femiwash\/\" \/>\n<meta property=\"og:locale\" content=\"de_DE\" \/>\n<meta property=\"og:type\" content=\"article\" \/>\n<meta property=\"og:title\" content=\"Multi-Gyn\u00ae FemiWash: Intim-Waschschaum auch f\u00fcr Intimrasur\" \/>\n<meta property=\"og:description\" content=\"Multi-Gyn\u00ae FemiWash: sanfter Intim-Waschschaum f\u00fcr t\u00e4gliche Intimpflege. Feuchtigkeitsspendend, seifenfrei, parf\u00fcmfrei &amp; vegan\" \/>\n<meta property=\"og:url\" content=\"https:\/\/multi-gyn.com\/de\/produkt\/multi-gyn-femiwash\/\" \/>\n<meta property=\"og:site_name\" content=\"Multi-Gyn\" \/>\n<meta property=\"article:modified_time\" content=\"2026-03-27T10:28:21+00:00\" \/>\n<meta property=\"og:image\" content=\"https:\/\/multi-gyn.com\/app\/uploads\/sites\/14\/2022\/06\/Multi-Gyn-FemiWash-2023.png\" \/>\n\t<meta property=\"og:image:width\" content=\"850\" \/>\n\t<meta property=\"og:image:height\" content=\"850\" \/>\n\t<meta property=\"og:image:type\" content=\"image\/png\" \/>\n<meta name=\"twitter:card\" content=\"summary_large_image\" \/>\n<meta name=\"twitter:label1\" content=\"Gesch\u00e4tzte Lesezeit\" \/>\n\t<meta name=\"twitter:data1\" content=\"3\u00a0Minuten\" \/>\n<script type=\"application\/ld+json\" class=\"yoast-schema-graph\">{\"@context\":\"https:\/\/schema.org\",\"@graph\":[{\"@type\":\"WebPage\",\"@id\":\"https:\/\/multi-gyn.com\/de\/produkt\/multi-gyn-femiwash\/\",\"url\":\"https:\/\/multi-gyn.com\/de\/produkt\/multi-gyn-femiwash\/\",\"name\":\"Multi-Gyn\u00ae FemiWash: Intim-Waschschaum auch f\u00fcr Intimrasur\",\"isPartOf\":{\"@id\":\"https:\/\/multi-gyn.com\/de\/#website\"},\"primaryImageOfPage\":{\"@id\":\"https:\/\/multi-gyn.com\/de\/produkt\/multi-gyn-femiwash\/#primaryimage\"},\"image\":{\"@id\":\"https:\/\/multi-gyn.com\/de\/produkt\/multi-gyn-femiwash\/#primaryimage\"},\"thumbnailUrl\":\"https:\/\/multi-gyn.com\/app\/uploads\/sites\/14\/2022\/06\/Multi-Gyn-FemiWash-2023.png\",\"datePublished\":\"2022-06-16T12:08:14+00:00\",\"dateModified\":\"2026-03-27T10:28:21+00:00\",\"description\":\"Multi-Gyn\u00ae FemiWash: sanfter Intim-Waschschaum f\u00fcr t\u00e4gliche Intimpflege. Feuchtigkeitsspendend, seifenfrei, parf\u00fcmfrei & vegan\",\"breadcrumb\":{\"@id\":\"https:\/\/multi-gyn.com\/de\/produkt\/multi-gyn-femiwash\/#breadcrumb\"},\"inLanguage\":\"de\",\"potentialAction\":[{\"@type\":\"ReadAction\",\"target\":[\"https:\/\/multi-gyn.com\/de\/produkt\/multi-gyn-femiwash\/\"]}]},{\"@type\":\"ImageObject\",\"inLanguage\":\"de\",\"@id\":\"https:\/\/multi-gyn.com\/de\/produkt\/multi-gyn-femiwash\/#primaryimage\",\"url\":\"https:\/\/multi-gyn.com\/app\/uploads\/sites\/14\/2022\/06\/Multi-Gyn-FemiWash-2023.png\",\"contentUrl\":\"https:\/\/multi-gyn.com\/app\/uploads\/sites\/14\/2022\/06\/Multi-Gyn-FemiWash-2023.png\",\"width\":850,\"height\":850,\"caption\":\"Multi-Gyn-FemiWash\"},{\"@type\":\"BreadcrumbList\",\"@id\":\"https:\/\/multi-gyn.com\/de\/produkt\/multi-gyn-femiwash\/#breadcrumb\",\"itemListElement\":[{\"@type\":\"ListItem\",\"position\":1,\"name\":\"Startseite\",\"item\":\"https:\/\/multi-gyn.com\/de\/\"},{\"@type\":\"ListItem\",\"position\":2,\"name\":\"Produkte\",\"item\":\"https:\/\/multi-gyn.com\/de\/produkte\/\"},{\"@type\":\"ListItem\",\"position\":3,\"name\":\"Hygiene und Pflege\",\"item\":\"https:\/\/multi-gyn.com\/de\/produkt-kategorie\/hygiene-und-pflege\/\"},{\"@type\":\"ListItem\",\"position\":4,\"name\":\"Multi-Gyn FemiWash\"}]},{\"@type\":\"WebSite\",\"@id\":\"https:\/\/multi-gyn.com\/de\/#website\",\"url\":\"https:\/\/multi-gyn.com\/de\/\",\"name\":\"Multi-Gyn\",\"description\":\"\",\"publisher\":{\"@id\":\"https:\/\/multi-gyn.com\/de\/#organization\"},\"potentialAction\":[{\"@type\":\"SearchAction\",\"target\":{\"@type\":\"EntryPoint\",\"urlTemplate\":\"https:\/\/multi-gyn.com\/de\/?s={search_term_string}\"},\"query-input\":{\"@type\":\"PropertyValueSpecification\",\"valueRequired\":true,\"valueName\":\"search_term_string\"}}],\"inLanguage\":\"de\"},{\"@type\":\"Organization\",\"@id\":\"https:\/\/multi-gyn.com\/de\/#organization\",\"name\":\"Karo Healthcare GmbH\",\"alternateName\":\"Karo\",\"url\":\"https:\/\/multi-gyn.com\/de\/\",\"logo\":{\"@type\":\"ImageObject\",\"inLanguage\":\"de\",\"@id\":\"https:\/\/multi-gyn.com\/de\/#\/schema\/logo\/image\/\",\"url\":\"https:\/\/multi-gyn.com\/app\/uploads\/sites\/14\/2022\/06\/multi-gyn-logo-retina.png\",\"contentUrl\":\"https:\/\/multi-gyn.com\/app\/uploads\/sites\/14\/2022\/06\/multi-gyn-logo-retina.png\",\"width\":297,\"height\":64,\"caption\":\"Karo Healthcare GmbH\"},\"image\":{\"@id\":\"https:\/\/multi-gyn.com\/de\/#\/schema\/logo\/image\/\"},\"sameAs\":[\"https:\/\/www.instagram.com\/multigyndach\/\"]}]}<\/script>\n<!-- \/ Yoast SEO plugin. -->","yoast_head_json":{"title":"Multi-Gyn\u00ae FemiWash: Intim-Waschschaum auch f\u00fcr Intimrasur","description":"Multi-Gyn\u00ae FemiWash: sanfter Intim-Waschschaum f\u00fcr t\u00e4gliche Intimpflege. Feuchtigkeitsspendend, seifenfrei, parf\u00fcmfrei & vegan","robots":{"index":"index","follow":"follow","max-snippet":"max-snippet:-1","max-image-preview":"max-image-preview:large","max-video-preview":"max-video-preview:-1"},"canonical":"https:\/\/multi-gyn.com\/de\/produkt\/multi-gyn-femiwash\/","og_locale":"de_DE","og_type":"article","og_title":"Multi-Gyn\u00ae FemiWash: Intim-Waschschaum auch f\u00fcr Intimrasur","og_description":"Multi-Gyn\u00ae FemiWash: sanfter Intim-Waschschaum f\u00fcr t\u00e4gliche Intimpflege. Feuchtigkeitsspendend, seifenfrei, parf\u00fcmfrei & vegan","og_url":"https:\/\/multi-gyn.com\/de\/produkt\/multi-gyn-femiwash\/","og_site_name":"Multi-Gyn","article_modified_time":"2026-03-27T10:28:21+00:00","og_image":[{"width":850,"height":850,"url":"https:\/\/multi-gyn.com\/app\/uploads\/sites\/14\/2022\/06\/Multi-Gyn-FemiWash-2023.png","type":"image\/png"}],"twitter_card":"summary_large_image","twitter_misc":{"Gesch\u00e4tzte Lesezeit":"3\u00a0Minuten"},"schema":{"@context":"https:\/\/schema.org","@graph":[{"@type":"WebPage","@id":"https:\/\/multi-gyn.com\/de\/produkt\/multi-gyn-femiwash\/","url":"https:\/\/multi-gyn.com\/de\/produkt\/multi-gyn-femiwash\/","name":"Multi-Gyn\u00ae FemiWash: Intim-Waschschaum auch f\u00fcr Intimrasur","isPartOf":{"@id":"https:\/\/multi-gyn.com\/de\/#website"},"primaryImageOfPage":{"@id":"https:\/\/multi-gyn.com\/de\/produkt\/multi-gyn-femiwash\/#primaryimage"},"image":{"@id":"https:\/\/multi-gyn.com\/de\/produkt\/multi-gyn-femiwash\/#primaryimage"},"thumbnailUrl":"https:\/\/multi-gyn.com\/app\/uploads\/sites\/14\/2022\/06\/Multi-Gyn-FemiWash-2023.png","datePublished":"2022-06-16T12:08:14+00:00","dateModified":"2026-03-27T10:28:21+00:00","description":"Multi-Gyn\u00ae FemiWash: sanfter Intim-Waschschaum f\u00fcr t\u00e4gliche Intimpflege. Feuchtigkeitsspendend, seifenfrei, parf\u00fcmfrei & vegan","breadcrumb":{"@id":"https:\/\/multi-gyn.com\/de\/produkt\/multi-gyn-femiwash\/#breadcrumb"},"inLanguage":"de","potentialAction":[{"@type":"ReadAction","target":["https:\/\/multi-gyn.com\/de\/produkt\/multi-gyn-femiwash\/"]}]},{"@type":"ImageObject","inLanguage":"de","@id":"https:\/\/multi-gyn.com\/de\/produkt\/multi-gyn-femiwash\/#primaryimage","url":"https:\/\/multi-gyn.com\/app\/uploads\/sites\/14\/2022\/06\/Multi-Gyn-FemiWash-2023.png","contentUrl":"https:\/\/multi-gyn.com\/app\/uploads\/sites\/14\/2022\/06\/Multi-Gyn-FemiWash-2023.png","width":850,"height":850,"caption":"Multi-Gyn-FemiWash"},{"@type":"BreadcrumbList","@id":"https:\/\/multi-gyn.com\/de\/produkt\/multi-gyn-femiwash\/#breadcrumb","itemListElement":[{"@type":"ListItem","position":1,"name":"Startseite","item":"https:\/\/multi-gyn.com\/de\/"},{"@type":"ListItem","position":2,"name":"Produkte","item":"https:\/\/multi-gyn.com\/de\/produkte\/"},{"@type":"ListItem","position":3,"name":"Hygiene und Pflege","item":"https:\/\/multi-gyn.com\/de\/produkt-kategorie\/hygiene-und-pflege\/"},{"@type":"ListItem","position":4,"name":"Multi-Gyn FemiWash"}]},{"@type":"WebSite","@id":"https:\/\/multi-gyn.com\/de\/#website","url":"https:\/\/multi-gyn.com\/de\/","name":"Multi-Gyn","description":"","publisher":{"@id":"https:\/\/multi-gyn.com\/de\/#organization"},"potentialAction":[{"@type":"SearchAction","target":{"@type":"EntryPoint","urlTemplate":"https:\/\/multi-gyn.com\/de\/?s={search_term_string}"},"query-input":{"@type":"PropertyValueSpecification","valueRequired":true,"valueName":"search_term_string"}}],"inLanguage":"de"},{"@type":"Organization","@id":"https:\/\/multi-gyn.com\/de\/#organization","name":"Karo Healthcare GmbH","alternateName":"Karo","url":"https:\/\/multi-gyn.com\/de\/","logo":{"@type":"ImageObject","inLanguage":"de","@id":"https:\/\/multi-gyn.com\/de\/#\/schema\/logo\/image\/","url":"https:\/\/multi-gyn.com\/app\/uploads\/sites\/14\/2022\/06\/multi-gyn-logo-retina.png","contentUrl":"https:\/\/multi-gyn.com\/app\/uploads\/sites\/14\/2022\/06\/multi-gyn-logo-retina.png","width":297,"height":64,"caption":"Karo Healthcare GmbH"},"image":{"@id":"https:\/\/multi-gyn.com\/de\/#\/schema\/logo\/image\/"},"sameAs":["https:\/\/www.instagram.com\/multigyndach\/"]}]}},"_links":{"self":[{"href":"https:\/\/multi-gyn.com\/de\/wp-json\/wp\/v2\/product\/60","targetHints":{"allow":["GET"]}}],"collection":[{"href":"https:\/\/multi-gyn.com\/de\/wp-json\/wp\/v2\/product"}],"about":[{"href":"https:\/\/multi-gyn.com\/de\/wp-json\/wp\/v2\/types\/product"}],"replies":[{"embeddable":true,"href":"https:\/\/multi-gyn.com\/de\/wp-json\/wp\/v2\/comments?post=60"}],"version-history":[{"count":10,"href":"https:\/\/multi-gyn.com\/de\/wp-json\/wp\/v2\/product\/60\/revisions"}],"predecessor-version":[{"id":1718,"href":"https:\/\/multi-gyn.com\/de\/wp-json\/wp\/v2\/product\/60\/revisions\/1718"}],"wp:featuredmedia":[{"embeddable":true,"href":"https:\/\/multi-gyn.com\/de\/wp-json\/wp\/v2\/media\/362"}],"wp:attachment":[{"href":"https:\/\/multi-gyn.com\/de\/wp-json\/wp\/v2\/media?parent=60"}],"wp:term":[{"taxonomy":"product_brand","embeddable":true,"href":"https:\/\/multi-gyn.com\/de\/wp-json\/wp\/v2\/product_brand?post=60"},{"taxonomy":"product_cat","embeddable":true,"href":"https:\/\/multi-gyn.com\/de\/wp-json\/wp\/v2\/product_cat?post=60"},{"taxonomy":"product_tag","embeddable":true,"href":"https:\/\/multi-gyn.com\/de\/wp-json\/wp\/v2\/product_tag?post=60"}],"curies":[{"name":"wp","href":"https:\/\/api.w.org\/{rel}","templated":true}]}}