{"id":752,"date":"2025-08-11T14:47:36","date_gmt":"2025-08-11T12:47:36","guid":{"rendered":"https:\/\/multi-gyn.com\/de\/?post_type=product&#038;p=752"},"modified":"2026-03-27T10:31:13","modified_gmt":"2026-03-27T09:31:13","slug":"multi-gyn-feuchtcreme","status":"publish","type":"product","link":"https:\/\/multi-gyn.com\/de\/produkt\/multi-gyn-feuchtcreme\/","title":{"rendered":"Multi-Gyn FeuchtCreme"},"content":{"rendered":"\n<div class=\"wp-block-karopharma-accordions is-style-secondary\"><div class=\"container\">\n<details class=\"wp-block-karopharma-accordion\"><summary><h2 class=\"accordion-title\">Wof\u00fcr wird Multi-Gyn FeuchtCreme angewendet?<\/h2><\/summary><div class=\"accordion-content\">\n<p>Multi-Gyn FeuchtCreme ist ein Medizinprodukt zur Linderung von Beschwerden bei Scheidentrockenheit. Es hilft, Brennen, Juckreiz und das Gef\u00fchl von Trockenheit zu reduzieren und unterst\u00fctzt die Heilung kleiner Verletzungen sowie die Verringerung von Schmerzen beim Geschlechtsverkehr.<\/p>\n<\/div><\/details>\n\n\n\n<details class=\"wp-block-karopharma-accordion\"><summary><h2 class=\"accordion-title\">Wie wird Multi-Gyn FeuchtCreme angewendet?<\/h2><\/summary><div class=\"accordion-content\">\n<p>Mit sauberen Fingern eine kleine Menge Creme in der Scheide bzw. auf die Haut der \u00e4u\u00dferen Genitalien verteilen.<br>Der 50-g-Packung liegt ein Applikator bei, mit dem Sie die Creme in die Scheide einf\u00fchren k\u00f6nnen, wenn Sie dies w\u00fcnschen.<\/p>\n<\/div><\/details>\n\n\n\n<details class=\"wp-block-karopharma-accordion\"><summary><h2 class=\"accordion-title\">Ist es normal, nach der Anwendung ein prickelndes oder brennendes Gef\u00fchl zu versp\u00fcren?<\/h2><\/summary><div class=\"accordion-content\">\n<p>Wenn Sie nach der Anwendung ein Brennen und\/oder Prickeln versp\u00fcren, machen Sie sich keine Sorgen. Dies ist normal und wird rasch vergehen.<br>Sollte das Brennen l\u00e4nger als 10 Minuten anhalten, s\u00e4ubere die betroffenen Stellen und sehe von einer weiteren Verwendung der Creme ab.<\/p>\n<\/div><\/details>\n\n\n\n<details class=\"wp-block-karopharma-accordion\"><summary><h2 class=\"accordion-title\">Ist Multi-Gyn FeuchtCreme kompatibel mit einer Brustkrebs-Therapie?<\/h2><\/summary><div class=\"accordion-content\">\n<p>Ja, Multi-Gyn FeuchtCreme kann auch begleitend oder nach der Brustkrebs-Therapie verwenden werden.<\/p>\n<\/div><\/details>\n\n\n\n<details class=\"wp-block-karopharma-accordion\"><summary><h2 class=\"accordion-title\">Enth\u00e4lt Multi-Gyn FeuchtCreme Konservierungs-, Duft- oder Farbstoffen?<\/h2><\/summary><div class=\"accordion-content\">\n<p>Nein, alle Multi-Gyn Produkte sind auf Basis nat\u00fcrlicher Inhaltsstoffe und frei von Konservierungs-, Duft- oder Farbstoffen.<\/p>\n<\/div><\/details>\n\n\n\n<details class=\"wp-block-karopharma-accordion\"><summary><h2 class=\"accordion-title\">Ist Multi-Gyn FeuchtCreme vertr\u00e4glich mit Kondomen?<\/h2><\/summary><div class=\"accordion-content\">\n<p>Du kannst die Creme vor dem Geschlechtsverkehr verwenden, um Scheidentrockenheit zu lindern, sollten aber nicht zusammen mit einem Kondom oder einem Diaphragma verwendet werden. Die Verwendung von Multi-Gyn FeuchtCreme kann die Rei\u00dffestigkeit von Kondomen oder Diaphragmen aus Latex, Polyurethan oder Polyisopren beeintr\u00e4chtigen.<\/p>\n<\/div><\/details>\n\n\n\n<details class=\"wp-block-karopharma-accordion\"><summary><h2 class=\"accordion-title\">Was sollte ich bei aktivem Kinderwunsch beachten?<\/h2><\/summary><div class=\"accordion-content\">\n<p>Multi-Gyn FeuchtCreme kann auch w\u00e4hrend einem aktiven Kinderwunsch verwendet werden da es die Spermienbeweglichkeit nicht beeintr\u00e4chtigt.<\/p>\n<\/div><\/details>\n\n\n\n<details class=\"wp-block-karopharma-accordion\"><summary><h2 class=\"accordion-title\">Kann ich Multi-Gyn FeuctCreme Schwangerschaft\/Stillzeit verwenden?<\/h2><\/summary><div class=\"accordion-content\">\n<p>Die Creme kann auch w\u00e4hrend Schwangerschaft und Stillzeit angewendet werden. Aus Sicherheitsgr\u00fcnden sollten Sie den Applikator jedoch nicht w\u00e4hrend der Schwangerschaft verwenden. F\u00fchren Sie stattdessen mit einem sauberen Finger eine daumennagelgro\u00dfe Menge der Creme in die Scheide ein.<\/p>\n<\/div><\/details>\n\n\n\n<details class=\"wp-block-karopharma-accordion\"><summary><h2 class=\"accordion-title\">Wie sollte ich das Produkt lagern?<\/h2><\/summary><div class=\"accordion-content\">\n<p>Multi-Gyn FeuchtCreme sollte zwischen 10\u00b0C und 25\u00b0C (Zimmertemperatur) gelagert werden und f\u00fcr Kinder unzug\u00e4nglich aufbewahrt werden. Verwende das Produkt nicht nach Ablauf des Verfalldatums.<\/p>\n<\/div><\/details>\n<\/div><\/div>\n\n\n\n<script type=\"application\/ld+json\">\n{\n  \"@context\": \"https:\/\/schema.org\",\n  \"@type\": \"FAQPage\",\n  \"mainEntity\": [\n    {\n      \"@type\": \"Question\",\n      \"name\": \"Wof\u00fcr wird Multi-Gyn FeuchtCreme angewendet?\",\n      \"acceptedAnswer\": {\n        \"@type\": \"Answer\",\n        \"text\": \"Multi-Gyn FeuchtCreme ist ein Medizinprodukt zur Linderung von Beschwerden bei Scheidentrockenheit. Es hilft, Brennen, Juckreiz und das Gef\u00fchl von Trockenheit zu reduzieren und unterst\u00fctzt die Heilung kleiner Verletzungen sowie die Verringerung von Schmerzen beim Geschlechtsverkehr.\"\n      }\n    },\n    {\n      \"@type\": \"Question\",\n      \"name\": \"Wie wird Multi-Gyn FeuchtCreme angewendet?\",\n      \"acceptedAnswer\": {\n        \"@type\": \"Answer\",\n        \"text\": \"Mit sauberen Fingern eine kleine Menge Creme in der Scheide bzw. auf die Haut der \u00e4u\u00dferen Genitalien verteilen. Der 50-g-Packung liegt ein Applikator bei, mit dem Sie die Creme in die Scheide einf\u00fchren k\u00f6nnen, wenn Sie dies w\u00fcnschen.\"\n      }\n    },\n    {\n      \"@type\": \"Question\",\n      \"name\": \"Ist es normal, nach der Anwendung ein prickelndes oder brennendes Gef\u00fchl zu versp\u00fcren?\",\n      \"acceptedAnswer\": {\n        \"@type\": \"Answer\",\n        \"text\": \"Wenn Sie nach der Anwendung ein Brennen und\/oder Prickeln versp\u00fcren, machen Sie sich keine Sorgen. Dies ist normal und wird rasch vergehen. Sollte das Brennen l\u00e4nger als 10 Minuten anhalten, s\u00e4ubere die betroffenen Stellen und sehe von einer weiteren Verwendung der Creme ab.\"\n      }\n    },\n    {\n      \"@type\": \"Question\",\n      \"name\": \"Ist Multi-Gyn FeuchtCreme kompatibel mit einer Brustkrebs-Therapie?\",\n      \"acceptedAnswer\": {\n        \"@type\": \"Answer\",\n        \"text\": \"Ja, Multi-Gyn FeuchtCreme kann auch begleitend oder nach der Brustkrebs-Therapie verendet werden.\"\n      }\n    },\n    {\n      \"@type\": \"Question\",\n      \"name\": \"Enth\u00e4lt Multi-Gyn FeuchtCreme Konservierungs-, Duft- oder Farbstoffen?\",\n      \"acceptedAnswer\": {\n        \"@type\": \"Answer\",\n        \"text\": \"Nein, alle Multi-Gyn Produkte sind auf Basis nat\u00fcrlicher Inhaltsstoffe und frei von Konservierungs-, Duft- oder Farbstoffen.\"\n      }\n    },\n    {\n      \"@type\": \"Question\",\n      \"name\": \"Ist Multi-Gyn FeuchtCreme vertr\u00e4glich mit Kondomen?\",\n      \"acceptedAnswer\": {\n        \"@type\": \"Answer\",\n        \"text\": \"Du kannst die Creme vor dem Geschlechtsverkehr verwenden, um Scheidentrockenheit zu lindern, sollten aber nicht zusammen mit einem Kondom oder einem Diaphragma verwendet werden. Die Verwendung von Multi-Gyn FeuchtCreme kann die Rei\u00dffestigkeit von Kondomen oder Diaphragmen aus Latex, Polyurethan oder Polyisopren beeintr\u00e4chtigen.\"\n      }\n    },\n    {\n      \"@type\": \"Question\",\n      \"name\": \"Was sollte ich bei aktivem Kinderwunsch beachten?\",\n      \"acceptedAnswer\": {\n        \"@type\": \"Answer\",\n        \"text\": \"Multi-Gyn FeuchtCreme kann auch w\u00e4hrend einem aktiven Kinderwunsch verwendet werden da es die Spermienbeweglichkeit nicht beeintr\u00e4chtigt.\"\n      }\n    },\n    {\n      \"@type\": \"Question\",\n      \"name\": \"Kann ich Multi-Gyn FeuctCreme Schwangerschaft\/Stillzeit verwenden?\",\n      \"acceptedAnswer\": {\n        \"@type\": \"Answer\",\n        \"text\": \"Die Creme kann auch w\u00e4hrend Schwangerschaft und Stillzeit angewendet werden. Aus Sicherheitsgr\u00fcnden sollten Sie den Applikator jedoch nicht w\u00e4hrend der Schwangerschaft verwenden. F\u00fchren Sie stattdessen mit einem sauberen Finger eine daumennagelgro\u00dfe Menge der Creme in die Scheide ein.\"\n      }\n    },\n    {\n      \"@type\": \"Question\",\n      \"name\": \"Wie sollte ich das Produkt lagern?\",\n      \"acceptedAnswer\": {\n        \"@type\": \"Answer\",\n        \"text\": \"Multi-Gyn FeuchtCreme sollte zwischen 10\u00b0C und 25\u00b0C (Zimmertemperatur) gelagert werden und f\u00fcr Kinder unzug\u00e4nglich aufbewahrt werden. Verwende das Produkt nicht nach Ablauf des Verfalldatums.\"\n      }\n    }\n  ]\n}\n<\/script>\n\n\n\n<script type=\"application\/ld+json\">\n \n \t\n{\n  \"@context\": \"https:\/\/schema.org\/\",\n  \"@type\": \"Product\",\n  \"name\": \"Multi-Gyn FeuchtCreme\",\n  \"image\": [\n    \"https:\/\/multi-gyn.com\/de\/wp-content\/uploads\/sites\/2\/2023\/12\/Multi-Gyn-Feuchtcreme-25g-Packshot.png\"\n  ],\n  \"description\": \"Multi-Gyn FeuchtCreme ist eine hormonfreie Intimcreme zur Linderung von Scheidentrockenheit.\",\n  \"sku\": \"PZN-19800074\",\n  \"mpn\": \"19800074\",\n  \"brand\": {\n    \"@type\": \"Brand\",\n    \"name\": \"Multi-Gyn\"\n  },\n  \"manufacturer\": {\n    \"@type\": \"Organization\",\n    \"name\": \"Karo Healthcare\"\n  },\n  \"category\": \"Intimpflege\",\n  \"url\": \"https:\/\/multi-gyn.com\/de\/produkt\/multi-gyn-feuchtcreme\/\",\n  \"additionalProperty\": [\n    {\n      \"@type\": \"PropertyValue\",\n      \"name\": \"Anwendungsbereich\",\n      \"value\": \"Innerer und \u00e4u\u00dferer Intimbereich\"\n    },\n    {\n      \"@type\": \"PropertyValue\",\n      \"name\": \"Besonderheit\",\n      \"value\": \"Mit Lipiden (24%) und Milchs\u00e4ure\"\n    }\n  ]\n}\n<\/script>\n","protected":false},"excerpt":{"rendered":"<p>Hormonfreie Intimcreme \u2013 Schnelle &#038; effektive Hilfe bei Symptomen von Scheidentrockenheit wie Brennen, Juckreiz und Schmerzen<\/p>\n","protected":false},"featured_media":766,"comment_status":"closed","ping_status":"closed","template":"","meta":{"_acf_changed":false,"footnotes":""},"product_brand":[],"product_cat":[18],"product_tag":[],"class_list":{"0":"post-752","1":"product","2":"type-product","3":"status-publish","4":"has-post-thumbnail","6":"product_cat-behandlung","8":"first","9":"instock","10":"shipping-taxable","11":"product-type-simple"},"acf":[],"yoast_head":"<!-- This site is optimized with the Yoast SEO plugin v26.6 - https:\/\/yoast.com\/wordpress\/plugins\/seo\/ -->\n<title>Alle Multi-Gyn Produkte: F\u00fcr deine Intimgesundheit<\/title>\n<meta name=\"description\" content=\"Entdecke das Multi-GYN Produktsortiment f\u00fcr deine Intimgesundheit: Klinisch gepr\u00fcfte L\u00f6sungen gegen Scheidentrockenheit, Infektionen &amp; mehr Wohlbefinden\" \/>\n<meta name=\"robots\" content=\"index, follow, max-snippet:-1, max-image-preview:large, max-video-preview:-1\" \/>\n<link rel=\"canonical\" href=\"https:\/\/multi-gyn.com\/de\/produkt\/multi-gyn-feuchtcreme\/\" \/>\n<meta property=\"og:locale\" content=\"de_DE\" \/>\n<meta property=\"og:type\" content=\"article\" \/>\n<meta property=\"og:title\" content=\"Alle Multi-Gyn Produkte: F\u00fcr deine Intimgesundheit\" \/>\n<meta property=\"og:description\" content=\"Entdecke das Multi-GYN Produktsortiment f\u00fcr deine Intimgesundheit: Klinisch gepr\u00fcfte L\u00f6sungen gegen Scheidentrockenheit, Infektionen &amp; mehr Wohlbefinden\" \/>\n<meta property=\"og:url\" content=\"https:\/\/multi-gyn.com\/de\/produkt\/multi-gyn-feuchtcreme\/\" \/>\n<meta property=\"og:site_name\" content=\"Multi-Gyn\" \/>\n<meta property=\"article:modified_time\" content=\"2026-03-27T09:31:13+00:00\" \/>\n<meta property=\"og:image\" content=\"https:\/\/multi-gyn.com\/app\/uploads\/sites\/14\/2025\/08\/Multi-Gyn-HydraCream-50g-1.png\" \/>\n\t<meta property=\"og:image:width\" content=\"800\" \/>\n\t<meta property=\"og:image:height\" content=\"800\" \/>\n\t<meta property=\"og:image:type\" content=\"image\/png\" \/>\n<meta name=\"twitter:card\" content=\"summary_large_image\" \/>\n<meta name=\"twitter:label1\" content=\"Gesch\u00e4tzte Lesezeit\" \/>\n\t<meta name=\"twitter:data1\" content=\"3\u00a0Minuten\" \/>\n<script type=\"application\/ld+json\" class=\"yoast-schema-graph\">{\"@context\":\"https:\/\/schema.org\",\"@graph\":[{\"@type\":[\"WebPage\",\"ItemPage\"],\"@id\":\"https:\/\/multi-gyn.com\/de\/produkt\/multi-gyn-feuchtcreme\/\",\"url\":\"https:\/\/multi-gyn.com\/de\/produkt\/multi-gyn-feuchtcreme\/\",\"name\":\"Alle Multi-Gyn Produkte: F\u00fcr deine Intimgesundheit\",\"isPartOf\":{\"@id\":\"https:\/\/multi-gyn.com\/de\/#website\"},\"primaryImageOfPage\":{\"@id\":\"https:\/\/multi-gyn.com\/de\/produkt\/multi-gyn-feuchtcreme\/#primaryimage\"},\"image\":{\"@id\":\"https:\/\/multi-gyn.com\/de\/produkt\/multi-gyn-feuchtcreme\/#primaryimage\"},\"thumbnailUrl\":\"https:\/\/multi-gyn.com\/app\/uploads\/sites\/14\/2025\/08\/Multi-Gyn-HydraCream-50g-1.png\",\"datePublished\":\"2025-08-11T12:47:36+00:00\",\"dateModified\":\"2026-03-27T09:31:13+00:00\",\"description\":\"Entdecke das Multi-GYN Produktsortiment f\u00fcr deine Intimgesundheit: Klinisch gepr\u00fcfte L\u00f6sungen gegen Scheidentrockenheit, Infektionen & mehr Wohlbefinden\",\"breadcrumb\":{\"@id\":\"https:\/\/multi-gyn.com\/de\/produkt\/multi-gyn-feuchtcreme\/#breadcrumb\"},\"inLanguage\":\"de\",\"potentialAction\":[{\"@type\":\"ReadAction\",\"target\":[\"https:\/\/multi-gyn.com\/de\/produkt\/multi-gyn-feuchtcreme\/\"]}]},{\"@type\":\"ImageObject\",\"inLanguage\":\"de\",\"@id\":\"https:\/\/multi-gyn.com\/de\/produkt\/multi-gyn-feuchtcreme\/#primaryimage\",\"url\":\"https:\/\/multi-gyn.com\/app\/uploads\/sites\/14\/2025\/08\/Multi-Gyn-HydraCream-50g-1.png\",\"contentUrl\":\"https:\/\/multi-gyn.com\/app\/uploads\/sites\/14\/2025\/08\/Multi-Gyn-HydraCream-50g-1.png\",\"width\":800,\"height\":800,\"caption\":\"Multi-Gyn-HydraCream-50g neu\"},{\"@type\":\"BreadcrumbList\",\"@id\":\"https:\/\/multi-gyn.com\/de\/produkt\/multi-gyn-feuchtcreme\/#breadcrumb\",\"itemListElement\":[{\"@type\":\"ListItem\",\"position\":1,\"name\":\"Startseite\",\"item\":\"https:\/\/multi-gyn.com\/de\/\"},{\"@type\":\"ListItem\",\"position\":2,\"name\":\"Produkte\",\"item\":\"https:\/\/multi-gyn.com\/de\/produkte\/\"},{\"@type\":\"ListItem\",\"position\":3,\"name\":\"Behandlung\",\"item\":\"https:\/\/multi-gyn.com\/de\/produkt-kategorie\/behandlung\/\"},{\"@type\":\"ListItem\",\"position\":4,\"name\":\"Multi-Gyn FeuchtCreme\"}]},{\"@type\":\"WebSite\",\"@id\":\"https:\/\/multi-gyn.com\/de\/#website\",\"url\":\"https:\/\/multi-gyn.com\/de\/\",\"name\":\"Multi-Gyn\",\"description\":\"\",\"publisher\":{\"@id\":\"https:\/\/multi-gyn.com\/de\/#organization\"},\"potentialAction\":[{\"@type\":\"SearchAction\",\"target\":{\"@type\":\"EntryPoint\",\"urlTemplate\":\"https:\/\/multi-gyn.com\/de\/?s={search_term_string}\"},\"query-input\":{\"@type\":\"PropertyValueSpecification\",\"valueRequired\":true,\"valueName\":\"search_term_string\"}}],\"inLanguage\":\"de\"},{\"@type\":\"Organization\",\"@id\":\"https:\/\/multi-gyn.com\/de\/#organization\",\"name\":\"Karo Healthcare GmbH\",\"alternateName\":\"Karo\",\"url\":\"https:\/\/multi-gyn.com\/de\/\",\"logo\":{\"@type\":\"ImageObject\",\"inLanguage\":\"de\",\"@id\":\"https:\/\/multi-gyn.com\/de\/#\/schema\/logo\/image\/\",\"url\":\"https:\/\/multi-gyn.com\/app\/uploads\/sites\/14\/2022\/06\/multi-gyn-logo-retina.png\",\"contentUrl\":\"https:\/\/multi-gyn.com\/app\/uploads\/sites\/14\/2022\/06\/multi-gyn-logo-retina.png\",\"width\":297,\"height\":64,\"caption\":\"Karo Healthcare GmbH\"},\"image\":{\"@id\":\"https:\/\/multi-gyn.com\/de\/#\/schema\/logo\/image\/\"},\"sameAs\":[\"https:\/\/www.instagram.com\/multigyndach\/\"]}]}<\/script>\n<!-- \/ Yoast SEO plugin. -->","yoast_head_json":{"title":"Alle Multi-Gyn Produkte: F\u00fcr deine Intimgesundheit","description":"Entdecke das Multi-GYN Produktsortiment f\u00fcr deine Intimgesundheit: Klinisch gepr\u00fcfte L\u00f6sungen gegen Scheidentrockenheit, Infektionen & mehr Wohlbefinden","robots":{"index":"index","follow":"follow","max-snippet":"max-snippet:-1","max-image-preview":"max-image-preview:large","max-video-preview":"max-video-preview:-1"},"canonical":"https:\/\/multi-gyn.com\/de\/produkt\/multi-gyn-feuchtcreme\/","og_locale":"de_DE","og_type":"article","og_title":"Alle Multi-Gyn Produkte: F\u00fcr deine Intimgesundheit","og_description":"Entdecke das Multi-GYN Produktsortiment f\u00fcr deine Intimgesundheit: Klinisch gepr\u00fcfte L\u00f6sungen gegen Scheidentrockenheit, Infektionen & mehr Wohlbefinden","og_url":"https:\/\/multi-gyn.com\/de\/produkt\/multi-gyn-feuchtcreme\/","og_site_name":"Multi-Gyn","article_modified_time":"2026-03-27T09:31:13+00:00","og_image":[{"width":800,"height":800,"url":"https:\/\/multi-gyn.com\/app\/uploads\/sites\/14\/2025\/08\/Multi-Gyn-HydraCream-50g-1.png","type":"image\/png"}],"twitter_card":"summary_large_image","twitter_misc":{"Gesch\u00e4tzte Lesezeit":"3\u00a0Minuten"},"schema":{"@context":"https:\/\/schema.org","@graph":[{"@type":["WebPage","ItemPage"],"@id":"https:\/\/multi-gyn.com\/de\/produkt\/multi-gyn-feuchtcreme\/","url":"https:\/\/multi-gyn.com\/de\/produkt\/multi-gyn-feuchtcreme\/","name":"Alle Multi-Gyn Produkte: F\u00fcr deine Intimgesundheit","isPartOf":{"@id":"https:\/\/multi-gyn.com\/de\/#website"},"primaryImageOfPage":{"@id":"https:\/\/multi-gyn.com\/de\/produkt\/multi-gyn-feuchtcreme\/#primaryimage"},"image":{"@id":"https:\/\/multi-gyn.com\/de\/produkt\/multi-gyn-feuchtcreme\/#primaryimage"},"thumbnailUrl":"https:\/\/multi-gyn.com\/app\/uploads\/sites\/14\/2025\/08\/Multi-Gyn-HydraCream-50g-1.png","datePublished":"2025-08-11T12:47:36+00:00","dateModified":"2026-03-27T09:31:13+00:00","description":"Entdecke das Multi-GYN Produktsortiment f\u00fcr deine Intimgesundheit: Klinisch gepr\u00fcfte L\u00f6sungen gegen Scheidentrockenheit, Infektionen & mehr Wohlbefinden","breadcrumb":{"@id":"https:\/\/multi-gyn.com\/de\/produkt\/multi-gyn-feuchtcreme\/#breadcrumb"},"inLanguage":"de","potentialAction":[{"@type":"ReadAction","target":["https:\/\/multi-gyn.com\/de\/produkt\/multi-gyn-feuchtcreme\/"]}]},{"@type":"ImageObject","inLanguage":"de","@id":"https:\/\/multi-gyn.com\/de\/produkt\/multi-gyn-feuchtcreme\/#primaryimage","url":"https:\/\/multi-gyn.com\/app\/uploads\/sites\/14\/2025\/08\/Multi-Gyn-HydraCream-50g-1.png","contentUrl":"https:\/\/multi-gyn.com\/app\/uploads\/sites\/14\/2025\/08\/Multi-Gyn-HydraCream-50g-1.png","width":800,"height":800,"caption":"Multi-Gyn-HydraCream-50g neu"},{"@type":"BreadcrumbList","@id":"https:\/\/multi-gyn.com\/de\/produkt\/multi-gyn-feuchtcreme\/#breadcrumb","itemListElement":[{"@type":"ListItem","position":1,"name":"Startseite","item":"https:\/\/multi-gyn.com\/de\/"},{"@type":"ListItem","position":2,"name":"Produkte","item":"https:\/\/multi-gyn.com\/de\/produkte\/"},{"@type":"ListItem","position":3,"name":"Behandlung","item":"https:\/\/multi-gyn.com\/de\/produkt-kategorie\/behandlung\/"},{"@type":"ListItem","position":4,"name":"Multi-Gyn FeuchtCreme"}]},{"@type":"WebSite","@id":"https:\/\/multi-gyn.com\/de\/#website","url":"https:\/\/multi-gyn.com\/de\/","name":"Multi-Gyn","description":"","publisher":{"@id":"https:\/\/multi-gyn.com\/de\/#organization"},"potentialAction":[{"@type":"SearchAction","target":{"@type":"EntryPoint","urlTemplate":"https:\/\/multi-gyn.com\/de\/?s={search_term_string}"},"query-input":{"@type":"PropertyValueSpecification","valueRequired":true,"valueName":"search_term_string"}}],"inLanguage":"de"},{"@type":"Organization","@id":"https:\/\/multi-gyn.com\/de\/#organization","name":"Karo Healthcare GmbH","alternateName":"Karo","url":"https:\/\/multi-gyn.com\/de\/","logo":{"@type":"ImageObject","inLanguage":"de","@id":"https:\/\/multi-gyn.com\/de\/#\/schema\/logo\/image\/","url":"https:\/\/multi-gyn.com\/app\/uploads\/sites\/14\/2022\/06\/multi-gyn-logo-retina.png","contentUrl":"https:\/\/multi-gyn.com\/app\/uploads\/sites\/14\/2022\/06\/multi-gyn-logo-retina.png","width":297,"height":64,"caption":"Karo Healthcare GmbH"},"image":{"@id":"https:\/\/multi-gyn.com\/de\/#\/schema\/logo\/image\/"},"sameAs":["https:\/\/www.instagram.com\/multigyndach\/"]}]}},"_links":{"self":[{"href":"https:\/\/multi-gyn.com\/de\/wp-json\/wp\/v2\/product\/752","targetHints":{"allow":["GET"]}}],"collection":[{"href":"https:\/\/multi-gyn.com\/de\/wp-json\/wp\/v2\/product"}],"about":[{"href":"https:\/\/multi-gyn.com\/de\/wp-json\/wp\/v2\/types\/product"}],"replies":[{"embeddable":true,"href":"https:\/\/multi-gyn.com\/de\/wp-json\/wp\/v2\/comments?post=752"}],"version-history":[{"count":10,"href":"https:\/\/multi-gyn.com\/de\/wp-json\/wp\/v2\/product\/752\/revisions"}],"predecessor-version":[{"id":1712,"href":"https:\/\/multi-gyn.com\/de\/wp-json\/wp\/v2\/product\/752\/revisions\/1712"}],"wp:featuredmedia":[{"embeddable":true,"href":"https:\/\/multi-gyn.com\/de\/wp-json\/wp\/v2\/media\/766"}],"wp:attachment":[{"href":"https:\/\/multi-gyn.com\/de\/wp-json\/wp\/v2\/media?parent=752"}],"wp:term":[{"taxonomy":"product_brand","embeddable":true,"href":"https:\/\/multi-gyn.com\/de\/wp-json\/wp\/v2\/product_brand?post=752"},{"taxonomy":"product_cat","embeddable":true,"href":"https:\/\/multi-gyn.com\/de\/wp-json\/wp\/v2\/product_cat?post=752"},{"taxonomy":"product_tag","embeddable":true,"href":"https:\/\/multi-gyn.com\/de\/wp-json\/wp\/v2\/product_tag?post=752"}],"curies":[{"name":"wp","href":"https:\/\/api.w.org\/{rel}","templated":true}]}}