{"id":84,"date":"2022-06-16T14:16:39","date_gmt":"2022-06-16T12:16:39","guid":{"rendered":"https:\/\/multi-gyn.com\/rebrand\/?post_type=product&#038;p=84"},"modified":"2026-04-17T12:02:17","modified_gmt":"2026-04-17T10:02:17","slug":"multi-gyn-intifresh","status":"publish","type":"product","link":"https:\/\/multi-gyn.com\/de\/produkt\/multi-gyn-intifresh\/","title":{"rendered":"Multi-Gyn IntiFresh"},"content":{"rendered":"\n<div class=\"wp-block-karopharma-accordions is-style-secondary\"><div class=\"container\">\n<details class=\"wp-block-karopharma-accordion\"><summary><h2 class=\"accordion-title\">Wof\u00fcr wird Multi-Gyn IntiFresh angewendet?<\/h2><\/summary><div class=\"accordion-content\">\n<p>Multi-Gyn IntiFresh sind Intimpfleget\u00fccher f\u00fcr eine erfrischende, k\u00fchlende und geruchsneutralisierende Pflege des \u00e4u\u00dferen Intimbereichs.<\/p>\n<\/div><\/details>\n\n\n\n<details class=\"wp-block-karopharma-accordion\"><summary><h2 class=\"accordion-title\">Wie wird Multi-Gyn IntiFresh angewendet?<\/h2><\/summary><div class=\"accordion-content\">\n<p>Ein Tuch Multi-Gyn IntiFresh aus der Verpackung und nehmen und den \u00e4u\u00dferen Intimbereich s\u00e4ubern.<\/p>\n<\/div><\/details>\n\n\n\n<details class=\"wp-block-karopharma-accordion\"><summary><h2 class=\"accordion-title\">Kann ich Multi-Gyn IntiFresh auch innerlich anwenden?<\/h2><\/summary><div class=\"accordion-content\">\n<p>Nein, Multi-Gyn IntiFresh ist nur f\u00fcr die Reinigung des \u00e4u\u00dferen Intimbereichs gedacht.<\/p>\n<\/div><\/details>\n\n\n\n<details class=\"wp-block-karopharma-accordion\"><summary><h2 class=\"accordion-title\">Wie oft kann ich Multi-Gyn IntiFresh verwenden?<\/h2><\/summary><div class=\"accordion-content\">\n<p>Du kannst Multi-Gyn IntiFresh T\u00fccher so oft verwenden, wie du m\u00f6chtest.<\/p>\n<\/div><\/details>\n\n\n\n<details class=\"wp-block-karopharma-accordion\"><summary><h2 class=\"accordion-title\">Hilft Multi-Gyn IntiFresh bei bakterieller Vaginose oder Scheidenpilz?<\/h2><\/summary><div class=\"accordion-content\">\n<p>Nein, Multi-Gyn IntiFresh ist ein Produkt zur Reinigung des \u00e4u\u00dferen Intimbereichs. Bei Verdacht auf eine bakterielle Vaginose oder Scheidenpilz wende dich bitte an deinen Arzt\/deine \u00c4rztin oder lass dich in deiner Apotheke beraten.<\/p>\n<\/div><\/details>\n\n\n\n<details class=\"wp-block-karopharma-accordion\"><summary><h2 class=\"accordion-title\">Enth\u00e4lt Multi-Gyn IntiFresh Konservierungs-, Duft- oder Farbstoffen?<\/h2><\/summary><div class=\"accordion-content\">\n<p>Nein, alle Multi-Gyn Produkte sind auf Basis nat\u00fcrlicher Inhaltsstoffe und frei von Konservierungs-, Duft- oder Farbstoffen.<\/p>\n<\/div><\/details>\n\n\n\n<details class=\"wp-block-karopharma-accordion\"><summary><h2 class=\"accordion-title\">Kann ich Multi-Gyn IntiFresh in Schwangerschaft\/Stillzeit verwenden?<\/h2><\/summary><div class=\"accordion-content\">\n<p>Es sind keine Gegenanzeigen f\u00fcr die Verwendung von Multi-Gyn IntiFresh w\u00e4hrend Schwangerschaft und Stillzeit bekannt. Bitte sprich vor der Anwendung mit Deiner \u00c4rztin bzw. Deinem Arzt.<\/p>\n<\/div><\/details>\n\n\n\n<details class=\"wp-block-karopharma-accordion\"><summary><h2 class=\"accordion-title\">Wie sollte ich das Produkt lagern?<\/h2><\/summary><div class=\"accordion-content\">\n<p>Multi-Gyn IntiFresh sollte zwischen 10\u00b0C und 25\u00b0C (Zimmertemperatur) gelagert und f\u00fcr Kinder unzug\u00e4nglich aufbewahrt werden. Verwende das Produkt nicht nach Ablauf des Verfalldatums.<\/p>\n<\/div><\/details>\n<\/div><\/div>\n\n\n\n<script type=\"application\/ld+json\">\n{\n  \"@context\": \"https:\/\/schema.org\",\n  \"@type\": \"FAQPage\",\n  \"mainEntity\": [\n    {\n      \"@type\": \"Question\",\n      \"name\": \"Wof\u00fcr wird Multi-Gyn IntiFresh angewendet?\",\n      \"acceptedAnswer\": {\n        \"@type\": \"Answer\",\n        \"text\": \"Multi-Gyn IntiFresh sind Intimpfleget\u00fccher f\u00fcr eine erfrischende, k\u00fchlende und geruchsneutralisierende Pflege des \u00e4u\u00dferen Intimbereichs.\"\n      }\n    },\n    {\n      \"@type\": \"Question\",\n      \"name\": \"Wie wird Multi-Gyn IntiFresh angewendet?\",\n      \"acceptedAnswer\": {\n        \"@type\": \"Answer\",\n        \"text\": \"Ein Tuch Multi-Gyn IntiFresh aus der Verpackung und nehmen und den \u00e4u\u00dferen Intimbereich s\u00e4ubern.\"\n      }\n    },\n    {\n      \"@type\": \"Question\",\n      \"name\": \"Kann ich Multi-Gyn IntiFresh auch innerlich anwenden?\",\n      \"acceptedAnswer\": {\n        \"@type\": \"Answer\",\n        \"text\": \"Nein, Multi-Gyn IntiFresh ist nur f\u00fcr die Reinigung des \u00e4u\u00dferen Intimbereichs gedacht.\"\n      }\n    },\n    {\n      \"@type\": \"Question\",\n      \"name\": \"Wie oft kann ich Multi-Gyn IntiFresh verwenden?\",\n      \"acceptedAnswer\": {\n        \"@type\": \"Answer\",\n        \"text\": \"Du kannst Multi-Gyn IntiFresh T\u00fccher so oft verwenden, wie du m\u00f6chtest.\"\n      }\n    },\n    {\n      \"@type\": \"Question\",\n      \"name\": \"Hilft Multi-Gyn IntiFresh bei bakterieller Vaginose oder Scheidenpilz?\",\n      \"acceptedAnswer\": {\n        \"@type\": \"Answer\",\n        \"text\": \"Nein, Multi-Gyn IntiFresh ist ein Produkt zur Reinigung des \u00e4u\u00dferen Intimbereichs. Bei Verdacht auf eine bakterielle Vaginose oder Scheidenpilz wende dich bitte an deinen Arzt\/deine \u00c4rztin oder lass dich in deiner Apotheke beraten.\"\n      }\n    },\n    {\n      \"@type\": \"Question\",\n      \"name\": \"Enth\u00e4lt Multi-Gyn IntiFresh Konservierungs-, Duft- oder Farbstoffen?\",\n      \"acceptedAnswer\": {\n        \"@type\": \"Answer\",\n        \"text\": \"Nein, alle Multi-Gyn Produkte sind auf Basis nat\u00fcrlicher Inhaltsstoffe und frei von Konservierungs-, Duft- oder Farbstoffen.\"\n      }\n    },\n    {\n      \"@type\": \"Question\",\n      \"name\": \"Kann ich Multi-Gyn IntiFresh in Schwangerschaft\/Stillzeit verwenden?\",\n      \"acceptedAnswer\": {\n        \"@type\": \"Answer\",\n        \"text\": \"Es sind keine Gegenanzeigen f\u00fcr die Verwendung von Multi-Gyn IntiFresh w\u00e4hrend Schwangerschaft und Stillzeit bekannt. Bitte sprich vor der Anwendung mit Deiner \u00c4rztin bzw. Deinem Arzt.\"\n      }\n    },\n    {\n      \"@type\": \"Question\",\n      \"name\": \"Wie sollte ich das Produkt lagern?\",\n      \"acceptedAnswer\": {\n        \"@type\": \"Answer\",\n        \"text\": \"Multi-Gyn IntiFresh sollte zwischen 10\u00b0C und 25\u00b0C (Zimmertemperatur) gelagert und f\u00fcr Kinder unzug\u00e4nglich aufbewahrt werden. Verwende das Produkt nicht nach Ablauf des Verfalldatums.\"\n      }\n    }\n  ]\n}\n<\/script>\n\n\n\n<script type=\"application\/ld+json\">\n{\n  \"@context\": \"https:\/\/schema.org\/\",\n  \"@type\": \"Product\",\n  \"name\": \"Multi-Gyn IntiFresh\",\n  \"image\": [\n    \"https:\/\/multi-gyn.com\/de\/wp-content\/uploads\/sites\/2\/2024\/02\/Multi-Gyn-IntiFresh-150ml-Packshot.png\"\n  ],\n  \"description\": \"Multi-Gyn IntiFresh ist ein Intimdeo zur schnellen Erfrischung, neutralisiert unangenehme Ger\u00fcche und unterst\u00fctzt ein frisches Gef\u00fchl im Intimbereich.\",\n  \"sku\": \"PZN-20298947\",\n  \"mpn\": \"20298947\",\n  \"brand\": {\n    \"@type\": \"Brand\",\n    \"name\": \"Multi-Gyn\"\n  },\n  \"manufacturer\": {\n    \"@type\": \"Organization\",\n    \"name\": \"Karo Healthcare\"\n  },\n  \"category\": \"Intimpflege \/ Intimdeo\",\n  \"itemCondition\": \"https:\/\/schema.org\/NewCondition\",\n  \"url\": \"https:\/\/multi-gyn.com\/de\/produkt\/multi-gyn-intifresh\/\",\n  \"additionalProperty\": [\n    {\n      \"@type\": \"PropertyValue\",\n      \"name\": \"Produkttyp\",\n      \"value\": \"Intimdeo\"\n    },\n    {\n      \"@type\": \"PropertyValue\",\n      \"name\": \"Inhalt\",\n      \"value\": \"150 ml\"\n    },\n    {\n      \"@type\": \"PropertyValue\",\n      \"name\": \"Anwendungsbereich\",\n      \"value\": \"Neutralisierung unangenehmer Ger\u00fcche im Intimbereich\"\n    },\n    {\n      \"@type\": \"PropertyValue\",\n      \"name\": \"Besonderheiten\",\n      \"value\": \"Sanfte Formel, geeignet f\u00fcr t\u00e4gliche Intimpflege\"\n    }\n  ]\n}\n<\/script>\n","protected":false},"excerpt":{"rendered":"<p>Frische-Intimt\u00fccher \u2013 k\u00fchlend und geruchsneutralisierend f\u00fcr Hygiene &#038; Wohlbefinden unterwegs<\/p>\n","protected":false},"featured_media":385,"comment_status":"closed","ping_status":"closed","template":"","meta":{"_acf_changed":false,"footnotes":""},"product_brand":[],"product_cat":[19],"product_tag":[],"class_list":{"0":"post-84","1":"product","2":"type-product","3":"status-publish","4":"has-post-thumbnail","6":"product_cat-hygiene-und-pflege","8":"first","9":"instock","10":"shipping-taxable","11":"product-type-simple"},"acf":[],"yoast_head":"<!-- This site is optimized with the Yoast SEO plugin v26.6 - https:\/\/yoast.com\/wordpress\/plugins\/seo\/ -->\n<title>Multi-Gyn\u00ae IntiFresh: Intimpflege-T\u00fccher f\u00fcr Intimhygiene<\/title>\n<meta name=\"description\" content=\"Multi-Gyn\u00ae IntiFresh: Intimpfleget\u00fccher f\u00fcr die t\u00e4gliche Intimhygiene. Sanft &amp; k\u00fchlend f\u00fcr ein angenehmes Frischegef\u00fchl im Intimbereich\" \/>\n<meta name=\"robots\" content=\"index, follow, max-snippet:-1, max-image-preview:large, max-video-preview:-1\" \/>\n<link rel=\"canonical\" href=\"https:\/\/multi-gyn.com\/de\/produkt\/multi-gyn-intifresh\/\" \/>\n<meta property=\"og:locale\" content=\"de_DE\" \/>\n<meta property=\"og:type\" content=\"article\" \/>\n<meta property=\"og:title\" content=\"Multi-Gyn\u00ae IntiFresh: Intimpflege-T\u00fccher f\u00fcr Intimhygiene\" \/>\n<meta property=\"og:description\" content=\"Multi-Gyn\u00ae IntiFresh: Intimpfleget\u00fccher f\u00fcr die t\u00e4gliche Intimhygiene. Sanft &amp; k\u00fchlend f\u00fcr ein angenehmes Frischegef\u00fchl im Intimbereich\" \/>\n<meta property=\"og:url\" content=\"https:\/\/multi-gyn.com\/de\/produkt\/multi-gyn-intifresh\/\" \/>\n<meta property=\"og:site_name\" content=\"Multi-Gyn\" \/>\n<meta property=\"article:modified_time\" content=\"2026-04-17T10:02:17+00:00\" \/>\n<meta property=\"og:image\" content=\"https:\/\/multi-gyn.com\/app\/uploads\/sites\/14\/2022\/06\/Multi-Gyn-IntiFresh.png\" \/>\n\t<meta property=\"og:image:width\" content=\"800\" \/>\n\t<meta property=\"og:image:height\" content=\"800\" \/>\n\t<meta property=\"og:image:type\" content=\"image\/png\" \/>\n<meta name=\"twitter:card\" content=\"summary_large_image\" \/>\n<meta name=\"twitter:label1\" content=\"Gesch\u00e4tzte Lesezeit\" \/>\n\t<meta name=\"twitter:data1\" content=\"2\u00a0Minuten\" \/>\n<script type=\"application\/ld+json\" class=\"yoast-schema-graph\">{\"@context\":\"https:\/\/schema.org\",\"@graph\":[{\"@type\":\"WebPage\",\"@id\":\"https:\/\/multi-gyn.com\/de\/produkt\/multi-gyn-intifresh\/\",\"url\":\"https:\/\/multi-gyn.com\/de\/produkt\/multi-gyn-intifresh\/\",\"name\":\"Multi-Gyn\u00ae IntiFresh: Intimpflege-T\u00fccher f\u00fcr Intimhygiene\",\"isPartOf\":{\"@id\":\"https:\/\/multi-gyn.com\/de\/#website\"},\"primaryImageOfPage\":{\"@id\":\"https:\/\/multi-gyn.com\/de\/produkt\/multi-gyn-intifresh\/#primaryimage\"},\"image\":{\"@id\":\"https:\/\/multi-gyn.com\/de\/produkt\/multi-gyn-intifresh\/#primaryimage\"},\"thumbnailUrl\":\"https:\/\/multi-gyn.com\/app\/uploads\/sites\/14\/2022\/06\/Multi-Gyn-IntiFresh.png\",\"datePublished\":\"2022-06-16T12:16:39+00:00\",\"dateModified\":\"2026-04-17T10:02:17+00:00\",\"description\":\"Multi-Gyn\u00ae IntiFresh: Intimpfleget\u00fccher f\u00fcr die t\u00e4gliche Intimhygiene. Sanft & k\u00fchlend f\u00fcr ein angenehmes Frischegef\u00fchl im Intimbereich\",\"breadcrumb\":{\"@id\":\"https:\/\/multi-gyn.com\/de\/produkt\/multi-gyn-intifresh\/#breadcrumb\"},\"inLanguage\":\"de\",\"potentialAction\":[{\"@type\":\"ReadAction\",\"target\":[\"https:\/\/multi-gyn.com\/de\/produkt\/multi-gyn-intifresh\/\"]}]},{\"@type\":\"ImageObject\",\"inLanguage\":\"de\",\"@id\":\"https:\/\/multi-gyn.com\/de\/produkt\/multi-gyn-intifresh\/#primaryimage\",\"url\":\"https:\/\/multi-gyn.com\/app\/uploads\/sites\/14\/2022\/06\/Multi-Gyn-IntiFresh.png\",\"contentUrl\":\"https:\/\/multi-gyn.com\/app\/uploads\/sites\/14\/2022\/06\/Multi-Gyn-IntiFresh.png\",\"width\":800,\"height\":800,\"caption\":\"Multi-Gyn IntiFresh\"},{\"@type\":\"BreadcrumbList\",\"@id\":\"https:\/\/multi-gyn.com\/de\/produkt\/multi-gyn-intifresh\/#breadcrumb\",\"itemListElement\":[{\"@type\":\"ListItem\",\"position\":1,\"name\":\"Startseite\",\"item\":\"https:\/\/multi-gyn.com\/de\/\"},{\"@type\":\"ListItem\",\"position\":2,\"name\":\"Produkte\",\"item\":\"https:\/\/multi-gyn.com\/de\/produkte\/\"},{\"@type\":\"ListItem\",\"position\":3,\"name\":\"Hygiene und Pflege\",\"item\":\"https:\/\/multi-gyn.com\/de\/produkt-kategorie\/hygiene-und-pflege\/\"},{\"@type\":\"ListItem\",\"position\":4,\"name\":\"Multi-Gyn IntiFresh\"}]},{\"@type\":\"WebSite\",\"@id\":\"https:\/\/multi-gyn.com\/de\/#website\",\"url\":\"https:\/\/multi-gyn.com\/de\/\",\"name\":\"Multi-Gyn\",\"description\":\"\",\"publisher\":{\"@id\":\"https:\/\/multi-gyn.com\/de\/#organization\"},\"potentialAction\":[{\"@type\":\"SearchAction\",\"target\":{\"@type\":\"EntryPoint\",\"urlTemplate\":\"https:\/\/multi-gyn.com\/de\/?s={search_term_string}\"},\"query-input\":{\"@type\":\"PropertyValueSpecification\",\"valueRequired\":true,\"valueName\":\"search_term_string\"}}],\"inLanguage\":\"de\"},{\"@type\":\"Organization\",\"@id\":\"https:\/\/multi-gyn.com\/de\/#organization\",\"name\":\"Karo Healthcare GmbH\",\"alternateName\":\"Karo\",\"url\":\"https:\/\/multi-gyn.com\/de\/\",\"logo\":{\"@type\":\"ImageObject\",\"inLanguage\":\"de\",\"@id\":\"https:\/\/multi-gyn.com\/de\/#\/schema\/logo\/image\/\",\"url\":\"https:\/\/multi-gyn.com\/app\/uploads\/sites\/14\/2022\/06\/multi-gyn-logo-retina.png\",\"contentUrl\":\"https:\/\/multi-gyn.com\/app\/uploads\/sites\/14\/2022\/06\/multi-gyn-logo-retina.png\",\"width\":297,\"height\":64,\"caption\":\"Karo Healthcare GmbH\"},\"image\":{\"@id\":\"https:\/\/multi-gyn.com\/de\/#\/schema\/logo\/image\/\"},\"sameAs\":[\"https:\/\/www.instagram.com\/multigyndach\/\"]}]}<\/script>\n<!-- \/ Yoast SEO plugin. -->","yoast_head_json":{"title":"Multi-Gyn\u00ae IntiFresh: Intimpflege-T\u00fccher f\u00fcr Intimhygiene","description":"Multi-Gyn\u00ae IntiFresh: Intimpfleget\u00fccher f\u00fcr die t\u00e4gliche Intimhygiene. Sanft & k\u00fchlend f\u00fcr ein angenehmes Frischegef\u00fchl im Intimbereich","robots":{"index":"index","follow":"follow","max-snippet":"max-snippet:-1","max-image-preview":"max-image-preview:large","max-video-preview":"max-video-preview:-1"},"canonical":"https:\/\/multi-gyn.com\/de\/produkt\/multi-gyn-intifresh\/","og_locale":"de_DE","og_type":"article","og_title":"Multi-Gyn\u00ae IntiFresh: Intimpflege-T\u00fccher f\u00fcr Intimhygiene","og_description":"Multi-Gyn\u00ae IntiFresh: Intimpfleget\u00fccher f\u00fcr die t\u00e4gliche Intimhygiene. Sanft & k\u00fchlend f\u00fcr ein angenehmes Frischegef\u00fchl im Intimbereich","og_url":"https:\/\/multi-gyn.com\/de\/produkt\/multi-gyn-intifresh\/","og_site_name":"Multi-Gyn","article_modified_time":"2026-04-17T10:02:17+00:00","og_image":[{"width":800,"height":800,"url":"https:\/\/multi-gyn.com\/app\/uploads\/sites\/14\/2022\/06\/Multi-Gyn-IntiFresh.png","type":"image\/png"}],"twitter_card":"summary_large_image","twitter_misc":{"Gesch\u00e4tzte Lesezeit":"2\u00a0Minuten"},"schema":{"@context":"https:\/\/schema.org","@graph":[{"@type":"WebPage","@id":"https:\/\/multi-gyn.com\/de\/produkt\/multi-gyn-intifresh\/","url":"https:\/\/multi-gyn.com\/de\/produkt\/multi-gyn-intifresh\/","name":"Multi-Gyn\u00ae IntiFresh: Intimpflege-T\u00fccher f\u00fcr Intimhygiene","isPartOf":{"@id":"https:\/\/multi-gyn.com\/de\/#website"},"primaryImageOfPage":{"@id":"https:\/\/multi-gyn.com\/de\/produkt\/multi-gyn-intifresh\/#primaryimage"},"image":{"@id":"https:\/\/multi-gyn.com\/de\/produkt\/multi-gyn-intifresh\/#primaryimage"},"thumbnailUrl":"https:\/\/multi-gyn.com\/app\/uploads\/sites\/14\/2022\/06\/Multi-Gyn-IntiFresh.png","datePublished":"2022-06-16T12:16:39+00:00","dateModified":"2026-04-17T10:02:17+00:00","description":"Multi-Gyn\u00ae IntiFresh: Intimpfleget\u00fccher f\u00fcr die t\u00e4gliche Intimhygiene. Sanft & k\u00fchlend f\u00fcr ein angenehmes Frischegef\u00fchl im Intimbereich","breadcrumb":{"@id":"https:\/\/multi-gyn.com\/de\/produkt\/multi-gyn-intifresh\/#breadcrumb"},"inLanguage":"de","potentialAction":[{"@type":"ReadAction","target":["https:\/\/multi-gyn.com\/de\/produkt\/multi-gyn-intifresh\/"]}]},{"@type":"ImageObject","inLanguage":"de","@id":"https:\/\/multi-gyn.com\/de\/produkt\/multi-gyn-intifresh\/#primaryimage","url":"https:\/\/multi-gyn.com\/app\/uploads\/sites\/14\/2022\/06\/Multi-Gyn-IntiFresh.png","contentUrl":"https:\/\/multi-gyn.com\/app\/uploads\/sites\/14\/2022\/06\/Multi-Gyn-IntiFresh.png","width":800,"height":800,"caption":"Multi-Gyn IntiFresh"},{"@type":"BreadcrumbList","@id":"https:\/\/multi-gyn.com\/de\/produkt\/multi-gyn-intifresh\/#breadcrumb","itemListElement":[{"@type":"ListItem","position":1,"name":"Startseite","item":"https:\/\/multi-gyn.com\/de\/"},{"@type":"ListItem","position":2,"name":"Produkte","item":"https:\/\/multi-gyn.com\/de\/produkte\/"},{"@type":"ListItem","position":3,"name":"Hygiene und Pflege","item":"https:\/\/multi-gyn.com\/de\/produkt-kategorie\/hygiene-und-pflege\/"},{"@type":"ListItem","position":4,"name":"Multi-Gyn IntiFresh"}]},{"@type":"WebSite","@id":"https:\/\/multi-gyn.com\/de\/#website","url":"https:\/\/multi-gyn.com\/de\/","name":"Multi-Gyn","description":"","publisher":{"@id":"https:\/\/multi-gyn.com\/de\/#organization"},"potentialAction":[{"@type":"SearchAction","target":{"@type":"EntryPoint","urlTemplate":"https:\/\/multi-gyn.com\/de\/?s={search_term_string}"},"query-input":{"@type":"PropertyValueSpecification","valueRequired":true,"valueName":"search_term_string"}}],"inLanguage":"de"},{"@type":"Organization","@id":"https:\/\/multi-gyn.com\/de\/#organization","name":"Karo Healthcare GmbH","alternateName":"Karo","url":"https:\/\/multi-gyn.com\/de\/","logo":{"@type":"ImageObject","inLanguage":"de","@id":"https:\/\/multi-gyn.com\/de\/#\/schema\/logo\/image\/","url":"https:\/\/multi-gyn.com\/app\/uploads\/sites\/14\/2022\/06\/multi-gyn-logo-retina.png","contentUrl":"https:\/\/multi-gyn.com\/app\/uploads\/sites\/14\/2022\/06\/multi-gyn-logo-retina.png","width":297,"height":64,"caption":"Karo Healthcare GmbH"},"image":{"@id":"https:\/\/multi-gyn.com\/de\/#\/schema\/logo\/image\/"},"sameAs":["https:\/\/www.instagram.com\/multigyndach\/"]}]}},"_links":{"self":[{"href":"https:\/\/multi-gyn.com\/de\/wp-json\/wp\/v2\/product\/84","targetHints":{"allow":["GET"]}}],"collection":[{"href":"https:\/\/multi-gyn.com\/de\/wp-json\/wp\/v2\/product"}],"about":[{"href":"https:\/\/multi-gyn.com\/de\/wp-json\/wp\/v2\/types\/product"}],"replies":[{"embeddable":true,"href":"https:\/\/multi-gyn.com\/de\/wp-json\/wp\/v2\/comments?post=84"}],"version-history":[{"count":10,"href":"https:\/\/multi-gyn.com\/de\/wp-json\/wp\/v2\/product\/84\/revisions"}],"predecessor-version":[{"id":1722,"href":"https:\/\/multi-gyn.com\/de\/wp-json\/wp\/v2\/product\/84\/revisions\/1722"}],"wp:featuredmedia":[{"embeddable":true,"href":"https:\/\/multi-gyn.com\/de\/wp-json\/wp\/v2\/media\/385"}],"wp:attachment":[{"href":"https:\/\/multi-gyn.com\/de\/wp-json\/wp\/v2\/media?parent=84"}],"wp:term":[{"taxonomy":"product_brand","embeddable":true,"href":"https:\/\/multi-gyn.com\/de\/wp-json\/wp\/v2\/product_brand?post=84"},{"taxonomy":"product_cat","embeddable":true,"href":"https:\/\/multi-gyn.com\/de\/wp-json\/wp\/v2\/product_cat?post=84"},{"taxonomy":"product_tag","embeddable":true,"href":"https:\/\/multi-gyn.com\/de\/wp-json\/wp\/v2\/product_tag?post=84"}],"curies":[{"name":"wp","href":"https:\/\/api.w.org\/{rel}","templated":true}]}}