{"id":88,"date":"2022-06-16T14:20:46","date_gmt":"2022-06-16T12:20:46","guid":{"rendered":"https:\/\/multi-gyn.com\/rebrand\/?post_type=product&#038;p=88"},"modified":"2026-03-27T11:31:38","modified_gmt":"2026-03-27T10:31:38","slug":"multi-gyn-brausetabletten","status":"publish","type":"product","link":"https:\/\/multi-gyn.com\/de\/produkt\/multi-gyn-brausetabletten\/","title":{"rendered":"Multi-Gyn Brausetabletten"},"content":{"rendered":"\n<div class=\"wp-block-karopharma-accordions is-style-secondary\"><div class=\"container\">\n<details class=\"wp-block-karopharma-accordion\"><summary><h2 class=\"accordion-title\">Wof\u00fcr wird Multi-Gyn Brausetabletten angewendet?<\/h2><\/summary><div class=\"accordion-content\">\n<p>Die Multi-Gyn Brausetabletten sind zur Herstellung einer milden Vaginalsp\u00fcll\u00f6sung in Kombination mit der Multi-Gyn Vaginaldusche f\u00fcr eine optimale Vaginalhygiene.<\/p>\n<\/div><\/details>\n\n\n\n<details class=\"wp-block-karopharma-accordion\"><summary><h2 class=\"accordion-title\">Wie wird Multi-Gyn Brausetabletten angewendet?<\/h2><\/summary><div class=\"accordion-content\">\n<p>Die Multi-Gyn Brausetabletten sind zur Herstellung einer milden Vaginalsp\u00fcll\u00f6sung in Verbindung mit der Multi-Gyn Vaginaldusche.<\/p>\n\n\n\n<p>Die Anwendung der Vaginaldusche in Kombination mit den Brausetabletten bitte wie folgt anwenden:<\/p>\n\n\n\n<ol class=\"wp-block-list is-style-default\">\n<li>Nehmen Sie den Applikator von der Vaginaldusche ab und sp\u00fclen Sie Flasche und Applikator gr\u00fcndlich mit lauwarmen (nicht kochendem!) Wasser ab und lasse Sie es an der Luft trocknen.<\/li>\n\n\n\n<li>F\u00fclle die Multi-Gyn Vaginaldusche mit lauwarmem Wasser bis zum oberen Rand der Rippen<\/li>\n\n\n\n<li>Breche eine Multi-Gyn Brausetablette durch und gib diese in das Wasser<\/li>\n\n\n\n<li>Schraube den Applikator auf die Flasche und warte, bis sich die Brausetabletten vollst\u00e4ndig aufgel\u00f6st hat und nicht mehr sprudelt.<\/li>\n\n\n\n<li>F\u00fchre den Applikator sanft in die Vagina ein.<\/li>\n\n\n\n<li>Dr\u00fccke die Flasche zusammen, um die Vagina mit der Sp\u00fcll\u00f6sung zu sp\u00fclen. Es ist normal, dass Fl\u00fcssigkeit (bis zu einer halben Flasche) in der Flasche bleibt.<\/li>\n<\/ol>\n<\/div><\/details>\n\n\n\n<details class=\"wp-block-karopharma-accordion\"><summary><h2 class=\"accordion-title\">Wie oft kann ich die Multi-Gyn Brausetabletten anwenden?<\/h2><\/summary><div class=\"accordion-content\">\n<p>Multi-Gyn Brausetabletten in Verbindung mit der Vaginaldusche nur einmal w\u00f6chentlich anwenden, es sei denn, Ihr Arzt oder Ihre \u00c4rztin r\u00e4t Ihnen zu h\u00e4ufigerer Anwendung.<\/p>\n<\/div><\/details>\n\n\n\n<details class=\"wp-block-karopharma-accordion\"><summary><h2 class=\"accordion-title\">Kann ich die Sp\u00fcll\u00f6sung wiederverwenden?<\/h2><\/summary><div class=\"accordion-content\">\n<p>Nein, jede Sp\u00fcll\u00f6sung soll nur einmal angewendet werden.<\/p>\n<\/div><\/details>\n\n\n\n<details class=\"wp-block-karopharma-accordion\"><summary><h2 class=\"accordion-title\">Kann ich meine Vagina nicht auch nur mit Wasser sp\u00fclen?<\/h2><\/summary><div class=\"accordion-content\">\n<p>Ja, f\u00fcr eine Vaginalsp\u00fclung kann auch nur Wasser verwendet werden. Wir empfehlen die Verwendung einer Sp\u00fcll\u00f6sung mit den Brausetabletten, um eine optimale, dem pH-Wert der Scheide angepasste Sp\u00fcll\u00f6sung zu erhalten.<\/p>\n<\/div><\/details>\n\n\n\n<details class=\"wp-block-karopharma-accordion\"><summary><h2 class=\"accordion-title\">Hilft Multi-Gyn Vaginaldusche und Brausetabletten bei bakterieller Vaginose oder Scheidenpilz?<\/h2><\/summary><div class=\"accordion-content\">\n<p>Nein, Multi-Gyn Vaginaldusche und Brausetabletten sind ein Produkt zur Reinigung des inneren Intimbereichs. Bei Verdacht auf eine bakterielle Vaginose oder Scheidenpilz wende dich bitte an deinen Arzt\/deine \u00c4rztin oder lass dich in deiner Apotheke beraten.<\/p>\n<\/div><\/details>\n\n\n\n<details class=\"wp-block-karopharma-accordion\"><summary><h2 class=\"accordion-title\">Enthalten die Multi-Gyn Brausetabletten Konservierungs-, Duft- oder Farbstoffen?<\/h2><\/summary><div class=\"accordion-content\">\n<p>Nein, alle Multi-Gyn Produkte sind auf Basis nat\u00fcrlicher Inhaltsstoffe und frei von Konservierungs-, Duft- oder Farbstoffen.<\/p>\n<\/div><\/details>\n\n\n\n<details class=\"wp-block-karopharma-accordion\"><summary><h2 class=\"accordion-title\">Was sollte ich bei aktivem Kinderwunsch beachten?<\/h2><\/summary><div class=\"accordion-content\">\n<p>Wenn Sie schwanger werden m\u00f6chten, empfehlen wir Multi-Gyn Vaginaldusche und Brausetabletten erst nach 3 Tagen nach dem Geschlechtsverkehr anzuwenden.<\/p>\n<\/div><\/details>\n\n\n\n<details class=\"wp-block-karopharma-accordion\"><summary><h2 class=\"accordion-title\">Kann ich Multi-Gyn Vaginaldusche und Brausetabletten in Schwangerschaft\/Stillzeit verwenden?<\/h2><\/summary><div class=\"accordion-content\">\n<p>Es sind keine Gegenanzeigen f\u00fcr die Verwendung von Multi-Gyn Vaginaldusche und Brausetabletten w\u00e4hrend Schwangerschaft und Stillzeit bekannt. Bitte sprich vor der Anwendung mit Deiner \u00c4rztin bzw. Deinem Arzt.<\/p>\n<\/div><\/details>\n\n\n\n<details class=\"wp-block-karopharma-accordion\"><summary><h2 class=\"accordion-title\">Wie sollte ich das Produkt lagern?<\/h2><\/summary><div class=\"accordion-content\">\n<p>Multi-Gyn Vaginaldusche und Brausetabletten sollte zwischen 10\u00b0C und 25\u00b0C (Zimmertemperatur) gelagert und f\u00fcr Kinder unzug\u00e4nglich aufbewahrt werden. Verwende das Produkt nicht nach Ablauf des Verfalldatums.<\/p>\n<\/div><\/details>\n<\/div><\/div>\n\n\n\n<script type=\"application\/ld+json\">\n{\n  \"@context\": \"https:\/\/schema.org\",\n  \"@type\": \"FAQPage\",\n  \"mainEntity\": [\n    {\n      \"@type\": \"Question\",\n      \"name\": \"Wof\u00fcr wird Multi-Gyn Brausetabletten angewendet?\",\n      \"acceptedAnswer\": {\n        \"@type\": \"Answer\",\n        \"text\": \"Die Multi-Gyn Brausetabletten sind zur Herstellung einer milden Vaginalsp\u00fcll\u00f6sung in Kombination mit der Multi-Gyn Vaginaldusche f\u00fcr eine optimale Vaginalhygiene.\"\n      }\n    },\n    {\n      \"@type\": \"Question\",\n      \"name\": \"Wie wird Multi-Gyn Brausetabletten angewendet?\",\n      \"acceptedAnswer\": {\n        \"@type\": \"Answer\",\n        \"text\": \"Die Multi-Gyn Brausetabletten sind zur Herstellung einer milden Vaginalsp\u00fcll\u00f6sung in Verbindung mit der Multi-Gyn Vaginaldusche. 1. F\u00fclle die Multi-Gyn Vaginaldusche mit lauwarmem Wasser bis zum oberen Rand der Rippen. 2. Breche eine Multi-Gyn Brausetablette durch und gib diese in das Wasser. 3. Schraube den Applikator auf die Flasche und warte, bis sich die Brausetablette vollst\u00e4ndig aufgel\u00f6st hat. 4. F\u00fchre den Applikator sanft in die Vagina ein. 5. Dr\u00fccke die Flasche zusammen, um die Vagina zu sp\u00fclen. 6. Sp\u00fcle Flasche und Applikator danach gr\u00fcndlich mit lauwarmem Wasser ab.\"\n      }\n    },\n    {\n      \"@type\": \"Question\",\n      \"name\": \"Wie oft kann ich die Multi-Gyn Brausetabletten anwenden?\",\n      \"acceptedAnswer\": {\n        \"@type\": \"Answer\",\n        \"text\": \"Multi-Gyn Brausetabletten in Verbindung mit der Vaginaldusche nur einmal w\u00f6chentlich anwenden, es sei denn, Ihr Arzt oder Ihre \u00c4rztin r\u00e4t Ihnen zu h\u00e4ufigerer Anwendung.\"\n      }\n    },\n    {\n      \"@type\": \"Question\",\n      \"name\": \"Kann ich die Sp\u00fcll\u00f6sung wiederverwenden?\",\n      \"acceptedAnswer\": {\n        \"@type\": \"Answer\",\n        \"text\": \"Nein, jede Sp\u00fcll\u00f6sung soll nur einmal angewendet werden.\"\n      }\n    },\n    {\n      \"@type\": \"Question\",\n      \"name\": \"Kann ich meine Vagina nicht auch nur mit Wasser sp\u00fclen?\",\n      \"acceptedAnswer\": {\n        \"@type\": \"Answer\",\n        \"text\": \"Ja, f\u00fcr eine Vaginalsp\u00fclung kann auch nur Wasser verwendet werden. Wir empfehlen die Verwendung einer Sp\u00fcll\u00f6sung mit den Brausetabletten, um eine optimale, dem pH-Wert der Scheide angepasste Sp\u00fcll\u00f6sung zu erhalten.\"\n      }\n    },\n    {\n      \"@type\": \"Question\",\n      \"name\": \"Hilft Multi-Gyn Vaginaldusche und Brausetabletten bei bakterieller Vaginose oder Scheidenpilz?\",\n      \"acceptedAnswer\": {\n        \"@type\": \"Answer\",\n        \"text\": \"Nein, Multi-Gyn Vaginaldusche und Brausetabletten sind ein Produkt zur Reinigung des inneren Intimbereichs. Bei Verdacht auf eine bakterielle Vaginose oder Scheidenpilz wende dich bitte an deinen Arzt\/deine \u00c4rztin oder lass dich in deiner Apotheke beraten.\"\n      }\n    },\n    {\n      \"@type\": \"Question\",\n      \"name\": \"Enthalten die Multi-Gyn Brausetabletten Konservierungs-, Duft- oder Farbstoffen?\",\n      \"acceptedAnswer\": {\n        \"@type\": \"Answer\",\n        \"text\": \"Nein, alle Multi-Gyn Produkte sind auf Basis nat\u00fcrlicher Inhaltsstoffe und frei von Konservierungs-, Duft- oder Farbstoffen.\"\n      }\n    },\n    {\n      \"@type\": \"Question\",\n      \"name\": \"Was sollte ich bei aktivem Kinderwunsch beachten?\",\n      \"acceptedAnswer\": {\n        \"@type\": \"Answer\",\n        \"text\": \"Wenn Sie schwanger werden m\u00f6chten, empfehlen wir Multi-Gyn Vaginaldusche und Brausetabletten erst nach 3 Tagen nach dem Geschlechtsverkehr anzuwenden.\"\n      }\n    },\n    {\n      \"@type\": \"Question\",\n      \"name\": \"Kann ich Multi-Gyn Vaginaldusche und Brausetabletten in Schwangerschaft\/Stillzeit verwenden?\",\n      \"acceptedAnswer\": {\n        \"@type\": \"Answer\",\n        \"text\": \"Es sind keine Gegenanzeigen f\u00fcr die Verwendung von Multi-Gyn Vaginaldusche und Brausetabletten w\u00e4hrend Schwangerschaft und Stillzeit bekannt. Bitte sprich vor der Anwendung mit Deiner \u00c4rztin bzw. Deinem Arzt.\"\n      }\n    },\n    {\n      \"@type\": \"Question\",\n      \"name\": \"Wie sollte ich das Produkt lagern?\",\n      \"acceptedAnswer\": {\n        \"@type\": \"Answer\",\n        \"text\": \"Multi-Gyn Vaginaldusche und Brausetabletten sollte zwischen 10\u00b0C und 25\u00b0C (Zimmertemperatur) gelagert und f\u00fcr Kinder unzug\u00e4nglich aufbewahrt werden. Verwende das Produkt nicht nach Ablauf des Verfalldatums.\"\n      }\n    }\n  ]\n}\n<\/script>\n\n\n\n<script type=\"application\/ld+json\">\n{\n  \"@context\": \"https:\/\/schema.org\/\",\n  \"@type\": \"Product\",\n  \"name\": \"Multi-Gyn Brausetabletten\",\n  \"image\": [\n    \"https:\/\/multi-gyn.com\/de\/wp-content\/uploads\/sites\/2\/2024\/01\/Multi-Gyn-Brausetabletten-Packshot.png\"\n  ],\n  \"description\": \"Multi-Gyn Brausetabletten sind sprudelnde Tabletten zur Herstellung einer basischen Intimdusche\u2011L\u00f6sung zur sanften und pH\u2011gerechten Intimpflege.\",\n  \"sku\": \"PZN-20236589\",\n  \"mpn\": \"20236589\",\n  \"brand\": {\n    \"@type\": \"Brand\",\n    \"name\": \"Multi-Gyn\"\n  },\n  \"manufacturer\": {\n    \"@type\": \"Organization\",\n    \"name\": \"Karo Healthcare\"\n  },\n  \"category\": \"Intimpflege \/ Brausetabletten\",\n  \"itemCondition\": \"https:\/\/schema.org\/NewCondition\",\n  \"url\": \"https:\/\/multi-gyn.com\/de\/produkt\/multi-gyn-brausetabletten\/\",\n  \"additionalProperty\": [\n    {\n      \"@type\": \"PropertyValue\",\n      \"name\": \"Produkttyp\",\n      \"value\": \"Brausetabletten f\u00fcr Intimdusche\"\n    },\n    {\n      \"@type\": \"PropertyValue\",\n      \"name\": \"Inhalt\",\n      \"value\": \"10 Brausetabletten\"\n    },\n    {\n      \"@type\": \"PropertyValue\",\n      \"name\": \"Anwendungsbereich\",\n      \"value\": \"Herstellung einer basischen L\u00f6sung zur Intimpflege\"\n    },\n    {\n      \"@type\": \"PropertyValue\",\n      \"name\": \"Besonderheiten\",\n      \"value\": \"pH\u2011gerecht, sanfte Reinigung, einfache Anwendung\"\n    }\n  ]\n}\n<\/script>\n","protected":false},"excerpt":{"rendered":"<p>Brausetabletten f\u00fcr eine sanfte Intimsp\u00fclung &#8211; zur Unterst\u00fctzung des nat\u00fcrlichen Scheidenmilieus<\/p>\n","protected":false},"featured_media":358,"comment_status":"closed","ping_status":"closed","template":"","meta":{"_acf_changed":false,"footnotes":""},"product_brand":[],"product_cat":[19],"product_tag":[],"class_list":{"0":"post-88","1":"product","2":"type-product","3":"status-publish","4":"has-post-thumbnail","6":"product_cat-hygiene-und-pflege","8":"first","9":"instock","10":"shipping-taxable","11":"product-type-simple"},"acf":[],"yoast_head":"<!-- This site is optimized with the Yoast SEO plugin v26.6 - https:\/\/yoast.com\/wordpress\/plugins\/seo\/ -->\n<title>Multi-Gyn\u00ae Brausetabletten: F\u00fcr eine sanfte Scheidensp\u00fclung<\/title>\n<meta name=\"description\" content=\"Multi-Gyn\u00ae Brausetabletten: Scheidensp\u00fclung zur Unterst\u00fctzung einer gesunden Scheidenflora. Einfach aufl\u00f6sen &amp; sanft pflegen\" \/>\n<meta name=\"robots\" content=\"index, follow, max-snippet:-1, max-image-preview:large, max-video-preview:-1\" \/>\n<link rel=\"canonical\" href=\"https:\/\/multi-gyn.com\/de\/produkt\/multi-gyn-brausetabletten\/\" \/>\n<meta property=\"og:locale\" content=\"de_DE\" \/>\n<meta property=\"og:type\" content=\"article\" \/>\n<meta property=\"og:title\" content=\"Multi-Gyn\u00ae Brausetabletten: F\u00fcr eine sanfte Scheidensp\u00fclung\" \/>\n<meta property=\"og:description\" content=\"Multi-Gyn\u00ae Brausetabletten: Scheidensp\u00fclung zur Unterst\u00fctzung einer gesunden Scheidenflora. Einfach aufl\u00f6sen &amp; sanft pflegen\" \/>\n<meta property=\"og:url\" content=\"https:\/\/multi-gyn.com\/de\/produkt\/multi-gyn-brausetabletten\/\" \/>\n<meta property=\"og:site_name\" content=\"Multi-Gyn\" \/>\n<meta property=\"article:modified_time\" content=\"2026-03-27T10:31:38+00:00\" \/>\n<meta property=\"og:image\" content=\"https:\/\/multi-gyn.com\/app\/uploads\/sites\/14\/2022\/06\/Multi-Gyn-Vaginal-Douche-Tablets-2023.png\" \/>\n\t<meta property=\"og:image:width\" content=\"850\" \/>\n\t<meta property=\"og:image:height\" content=\"850\" \/>\n\t<meta property=\"og:image:type\" content=\"image\/png\" \/>\n<meta name=\"twitter:card\" content=\"summary_large_image\" \/>\n<meta name=\"twitter:label1\" content=\"Gesch\u00e4tzte Lesezeit\" \/>\n\t<meta name=\"twitter:data1\" content=\"3\u00a0Minuten\" \/>\n<script type=\"application\/ld+json\" class=\"yoast-schema-graph\">{\"@context\":\"https:\/\/schema.org\",\"@graph\":[{\"@type\":\"WebPage\",\"@id\":\"https:\/\/multi-gyn.com\/de\/produkt\/multi-gyn-brausetabletten\/\",\"url\":\"https:\/\/multi-gyn.com\/de\/produkt\/multi-gyn-brausetabletten\/\",\"name\":\"Multi-Gyn\u00ae Brausetabletten: F\u00fcr eine sanfte Scheidensp\u00fclung\",\"isPartOf\":{\"@id\":\"https:\/\/multi-gyn.com\/de\/#website\"},\"primaryImageOfPage\":{\"@id\":\"https:\/\/multi-gyn.com\/de\/produkt\/multi-gyn-brausetabletten\/#primaryimage\"},\"image\":{\"@id\":\"https:\/\/multi-gyn.com\/de\/produkt\/multi-gyn-brausetabletten\/#primaryimage\"},\"thumbnailUrl\":\"https:\/\/multi-gyn.com\/app\/uploads\/sites\/14\/2022\/06\/Multi-Gyn-Vaginal-Douche-Tablets-2023.png\",\"datePublished\":\"2022-06-16T12:20:46+00:00\",\"dateModified\":\"2026-03-27T10:31:38+00:00\",\"description\":\"Multi-Gyn\u00ae Brausetabletten: Scheidensp\u00fclung zur Unterst\u00fctzung einer gesunden Scheidenflora. Einfach aufl\u00f6sen & sanft pflegen\",\"breadcrumb\":{\"@id\":\"https:\/\/multi-gyn.com\/de\/produkt\/multi-gyn-brausetabletten\/#breadcrumb\"},\"inLanguage\":\"de\",\"potentialAction\":[{\"@type\":\"ReadAction\",\"target\":[\"https:\/\/multi-gyn.com\/de\/produkt\/multi-gyn-brausetabletten\/\"]}]},{\"@type\":\"ImageObject\",\"inLanguage\":\"de\",\"@id\":\"https:\/\/multi-gyn.com\/de\/produkt\/multi-gyn-brausetabletten\/#primaryimage\",\"url\":\"https:\/\/multi-gyn.com\/app\/uploads\/sites\/14\/2022\/06\/Multi-Gyn-Vaginal-Douche-Tablets-2023.png\",\"contentUrl\":\"https:\/\/multi-gyn.com\/app\/uploads\/sites\/14\/2022\/06\/Multi-Gyn-Vaginal-Douche-Tablets-2023.png\",\"width\":850,\"height\":850,\"caption\":\"Multi-Gyn Brausetabletten\"},{\"@type\":\"BreadcrumbList\",\"@id\":\"https:\/\/multi-gyn.com\/de\/produkt\/multi-gyn-brausetabletten\/#breadcrumb\",\"itemListElement\":[{\"@type\":\"ListItem\",\"position\":1,\"name\":\"Startseite\",\"item\":\"https:\/\/multi-gyn.com\/de\/\"},{\"@type\":\"ListItem\",\"position\":2,\"name\":\"Produkte\",\"item\":\"https:\/\/multi-gyn.com\/de\/produkte\/\"},{\"@type\":\"ListItem\",\"position\":3,\"name\":\"Hygiene und Pflege\",\"item\":\"https:\/\/multi-gyn.com\/de\/produkt-kategorie\/hygiene-und-pflege\/\"},{\"@type\":\"ListItem\",\"position\":4,\"name\":\"Multi-Gyn Brausetabletten\"}]},{\"@type\":\"WebSite\",\"@id\":\"https:\/\/multi-gyn.com\/de\/#website\",\"url\":\"https:\/\/multi-gyn.com\/de\/\",\"name\":\"Multi-Gyn\",\"description\":\"\",\"publisher\":{\"@id\":\"https:\/\/multi-gyn.com\/de\/#organization\"},\"potentialAction\":[{\"@type\":\"SearchAction\",\"target\":{\"@type\":\"EntryPoint\",\"urlTemplate\":\"https:\/\/multi-gyn.com\/de\/?s={search_term_string}\"},\"query-input\":{\"@type\":\"PropertyValueSpecification\",\"valueRequired\":true,\"valueName\":\"search_term_string\"}}],\"inLanguage\":\"de\"},{\"@type\":\"Organization\",\"@id\":\"https:\/\/multi-gyn.com\/de\/#organization\",\"name\":\"Karo Healthcare GmbH\",\"alternateName\":\"Karo\",\"url\":\"https:\/\/multi-gyn.com\/de\/\",\"logo\":{\"@type\":\"ImageObject\",\"inLanguage\":\"de\",\"@id\":\"https:\/\/multi-gyn.com\/de\/#\/schema\/logo\/image\/\",\"url\":\"https:\/\/multi-gyn.com\/app\/uploads\/sites\/14\/2022\/06\/multi-gyn-logo-retina.png\",\"contentUrl\":\"https:\/\/multi-gyn.com\/app\/uploads\/sites\/14\/2022\/06\/multi-gyn-logo-retina.png\",\"width\":297,\"height\":64,\"caption\":\"Karo Healthcare GmbH\"},\"image\":{\"@id\":\"https:\/\/multi-gyn.com\/de\/#\/schema\/logo\/image\/\"},\"sameAs\":[\"https:\/\/www.instagram.com\/multigyndach\/\"]}]}<\/script>\n<!-- \/ Yoast SEO plugin. -->","yoast_head_json":{"title":"Multi-Gyn\u00ae Brausetabletten: F\u00fcr eine sanfte Scheidensp\u00fclung","description":"Multi-Gyn\u00ae Brausetabletten: Scheidensp\u00fclung zur Unterst\u00fctzung einer gesunden Scheidenflora. Einfach aufl\u00f6sen & sanft pflegen","robots":{"index":"index","follow":"follow","max-snippet":"max-snippet:-1","max-image-preview":"max-image-preview:large","max-video-preview":"max-video-preview:-1"},"canonical":"https:\/\/multi-gyn.com\/de\/produkt\/multi-gyn-brausetabletten\/","og_locale":"de_DE","og_type":"article","og_title":"Multi-Gyn\u00ae Brausetabletten: F\u00fcr eine sanfte Scheidensp\u00fclung","og_description":"Multi-Gyn\u00ae Brausetabletten: Scheidensp\u00fclung zur Unterst\u00fctzung einer gesunden Scheidenflora. Einfach aufl\u00f6sen & sanft pflegen","og_url":"https:\/\/multi-gyn.com\/de\/produkt\/multi-gyn-brausetabletten\/","og_site_name":"Multi-Gyn","article_modified_time":"2026-03-27T10:31:38+00:00","og_image":[{"width":850,"height":850,"url":"https:\/\/multi-gyn.com\/app\/uploads\/sites\/14\/2022\/06\/Multi-Gyn-Vaginal-Douche-Tablets-2023.png","type":"image\/png"}],"twitter_card":"summary_large_image","twitter_misc":{"Gesch\u00e4tzte Lesezeit":"3\u00a0Minuten"},"schema":{"@context":"https:\/\/schema.org","@graph":[{"@type":"WebPage","@id":"https:\/\/multi-gyn.com\/de\/produkt\/multi-gyn-brausetabletten\/","url":"https:\/\/multi-gyn.com\/de\/produkt\/multi-gyn-brausetabletten\/","name":"Multi-Gyn\u00ae Brausetabletten: F\u00fcr eine sanfte Scheidensp\u00fclung","isPartOf":{"@id":"https:\/\/multi-gyn.com\/de\/#website"},"primaryImageOfPage":{"@id":"https:\/\/multi-gyn.com\/de\/produkt\/multi-gyn-brausetabletten\/#primaryimage"},"image":{"@id":"https:\/\/multi-gyn.com\/de\/produkt\/multi-gyn-brausetabletten\/#primaryimage"},"thumbnailUrl":"https:\/\/multi-gyn.com\/app\/uploads\/sites\/14\/2022\/06\/Multi-Gyn-Vaginal-Douche-Tablets-2023.png","datePublished":"2022-06-16T12:20:46+00:00","dateModified":"2026-03-27T10:31:38+00:00","description":"Multi-Gyn\u00ae Brausetabletten: Scheidensp\u00fclung zur Unterst\u00fctzung einer gesunden Scheidenflora. Einfach aufl\u00f6sen & sanft pflegen","breadcrumb":{"@id":"https:\/\/multi-gyn.com\/de\/produkt\/multi-gyn-brausetabletten\/#breadcrumb"},"inLanguage":"de","potentialAction":[{"@type":"ReadAction","target":["https:\/\/multi-gyn.com\/de\/produkt\/multi-gyn-brausetabletten\/"]}]},{"@type":"ImageObject","inLanguage":"de","@id":"https:\/\/multi-gyn.com\/de\/produkt\/multi-gyn-brausetabletten\/#primaryimage","url":"https:\/\/multi-gyn.com\/app\/uploads\/sites\/14\/2022\/06\/Multi-Gyn-Vaginal-Douche-Tablets-2023.png","contentUrl":"https:\/\/multi-gyn.com\/app\/uploads\/sites\/14\/2022\/06\/Multi-Gyn-Vaginal-Douche-Tablets-2023.png","width":850,"height":850,"caption":"Multi-Gyn Brausetabletten"},{"@type":"BreadcrumbList","@id":"https:\/\/multi-gyn.com\/de\/produkt\/multi-gyn-brausetabletten\/#breadcrumb","itemListElement":[{"@type":"ListItem","position":1,"name":"Startseite","item":"https:\/\/multi-gyn.com\/de\/"},{"@type":"ListItem","position":2,"name":"Produkte","item":"https:\/\/multi-gyn.com\/de\/produkte\/"},{"@type":"ListItem","position":3,"name":"Hygiene und Pflege","item":"https:\/\/multi-gyn.com\/de\/produkt-kategorie\/hygiene-und-pflege\/"},{"@type":"ListItem","position":4,"name":"Multi-Gyn Brausetabletten"}]},{"@type":"WebSite","@id":"https:\/\/multi-gyn.com\/de\/#website","url":"https:\/\/multi-gyn.com\/de\/","name":"Multi-Gyn","description":"","publisher":{"@id":"https:\/\/multi-gyn.com\/de\/#organization"},"potentialAction":[{"@type":"SearchAction","target":{"@type":"EntryPoint","urlTemplate":"https:\/\/multi-gyn.com\/de\/?s={search_term_string}"},"query-input":{"@type":"PropertyValueSpecification","valueRequired":true,"valueName":"search_term_string"}}],"inLanguage":"de"},{"@type":"Organization","@id":"https:\/\/multi-gyn.com\/de\/#organization","name":"Karo Healthcare GmbH","alternateName":"Karo","url":"https:\/\/multi-gyn.com\/de\/","logo":{"@type":"ImageObject","inLanguage":"de","@id":"https:\/\/multi-gyn.com\/de\/#\/schema\/logo\/image\/","url":"https:\/\/multi-gyn.com\/app\/uploads\/sites\/14\/2022\/06\/multi-gyn-logo-retina.png","contentUrl":"https:\/\/multi-gyn.com\/app\/uploads\/sites\/14\/2022\/06\/multi-gyn-logo-retina.png","width":297,"height":64,"caption":"Karo Healthcare GmbH"},"image":{"@id":"https:\/\/multi-gyn.com\/de\/#\/schema\/logo\/image\/"},"sameAs":["https:\/\/www.instagram.com\/multigyndach\/"]}]}},"_links":{"self":[{"href":"https:\/\/multi-gyn.com\/de\/wp-json\/wp\/v2\/product\/88","targetHints":{"allow":["GET"]}}],"collection":[{"href":"https:\/\/multi-gyn.com\/de\/wp-json\/wp\/v2\/product"}],"about":[{"href":"https:\/\/multi-gyn.com\/de\/wp-json\/wp\/v2\/types\/product"}],"replies":[{"embeddable":true,"href":"https:\/\/multi-gyn.com\/de\/wp-json\/wp\/v2\/comments?post=88"}],"version-history":[{"count":10,"href":"https:\/\/multi-gyn.com\/de\/wp-json\/wp\/v2\/product\/88\/revisions"}],"predecessor-version":[{"id":1721,"href":"https:\/\/multi-gyn.com\/de\/wp-json\/wp\/v2\/product\/88\/revisions\/1721"}],"wp:featuredmedia":[{"embeddable":true,"href":"https:\/\/multi-gyn.com\/de\/wp-json\/wp\/v2\/media\/358"}],"wp:attachment":[{"href":"https:\/\/multi-gyn.com\/de\/wp-json\/wp\/v2\/media?parent=88"}],"wp:term":[{"taxonomy":"product_brand","embeddable":true,"href":"https:\/\/multi-gyn.com\/de\/wp-json\/wp\/v2\/product_brand?post=88"},{"taxonomy":"product_cat","embeddable":true,"href":"https:\/\/multi-gyn.com\/de\/wp-json\/wp\/v2\/product_cat?post=88"},{"taxonomy":"product_tag","embeddable":true,"href":"https:\/\/multi-gyn.com\/de\/wp-json\/wp\/v2\/product_tag?post=88"}],"curies":[{"name":"wp","href":"https:\/\/api.w.org\/{rel}","templated":true}]}}