{"id":92,"date":"2022-06-16T14:35:04","date_gmt":"2022-06-16T12:35:04","guid":{"rendered":"https:\/\/multi-gyn.com\/rebrand\/?post_type=product&#038;p=92"},"modified":"2026-03-27T11:30:49","modified_gmt":"2026-03-27T10:30:49","slug":"multi-gyn-vaginaldusche-brausetabletten","status":"publish","type":"product","link":"https:\/\/multi-gyn.com\/de\/produkt\/multi-gyn-vaginaldusche-brausetabletten\/","title":{"rendered":"Multi-Gyn Vaginaldusche &#038; Brausetabletten"},"content":{"rendered":"\n<div class=\"wp-block-karopharma-accordions is-style-secondary\"><div class=\"container\">\n<details class=\"wp-block-karopharma-accordion\"><summary><h2 class=\"accordion-title\">Wof\u00fcr wird Multi-Gyn Vaginaldusche angewendet?<\/h2><\/summary><div class=\"accordion-content\">\n<p>Multi-Gyn Vaginaldusche ist eine nat\u00fcrliche Intimsp\u00fclung. Es sp\u00fclt sanft den inneren Vaginalbereich und sch\u00fctzt das nat\u00fcrliche pH-Gleichgewicht der Vagina.<\/p>\n<\/div><\/details>\n\n\n\n<details class=\"wp-block-karopharma-accordion\"><summary><h2 class=\"accordion-title\">Wie wird Multi-Gyn FemiWash angewendet?<\/h2><\/summary><div class=\"accordion-content\">\n<p>F\u00fcr die Verwendung der Multi-Gyn Vaginaldusche finden Sie bitte eine f\u00fcr Sie bequeme Position. Unsere Empfehlung: Verwenden Sie die Vaginaldusche am besten in der Badewanne, Dusche oder \u00fcber einer Toilette sitzend, damit die Fl\u00fcssigkeit leicht abflie\u00dfen kann.<\/p>\n\n\n\n<ol class=\"wp-block-list is-style-default\">\n<li>F\u00fclle die Multi-Gyn Vaginaldusche mit lauwarmem Wasser bis zum oberen Rand der Rippen<\/li>\n\n\n\n<li>Breche eine Multi-Gyn Brausetablette durch und gib diese in das Wasser<\/li>\n\n\n\n<li>Schraube den Applikator auf die Flasche und warte, bis sich die Brausetabletten vollst\u00e4ndig aufgel\u00f6st hat und nicht mehr sprudelt.<\/li>\n\n\n\n<li>F\u00fchre den Applikator sanft in die Vagina ein.<\/li>\n\n\n\n<li>Dr\u00fccke die Flasche zusammen, um die Vagina mit der Sp\u00fcll\u00f6sung zu sp\u00fclen. Es ist normal, dass Fl\u00fcssigkeit (bis zu einer halben Flasche) in der Flasche bleibt.<\/li>\n\n\n\n<li>Nehmen Sie den Applikator von der Vaginaldusche ab und sp\u00fclen Sie Flasche und Applikator gr\u00fcndlich mit lauwarmen (nicht kochendem!) Wasser ab und lasse Sie es an der Luft trocknen.<\/li>\n<\/ol>\n<\/div><\/details>\n\n\n\n<details class=\"wp-block-karopharma-accordion\"><summary><h2 class=\"accordion-title\">Wie oft kann ich die Multi-Gyn Vaginaldusche anwenden?<\/h2><\/summary><div class=\"accordion-content\">\n<p>Multi-Gyn Vaginaldusche nur einmal w\u00f6chentlich anwenden, es sei denn, Ihr Arzt oder Ihre \u00c4rztin r\u00e4t Ihnen zu h\u00e4ufigerer Anwendung.<\/p>\n<\/div><\/details>\n\n\n\n<details class=\"wp-block-karopharma-accordion\"><summary><h2 class=\"accordion-title\">Kann ich die Sp\u00fcll\u00f6sung wiederverwenden?<\/h2><\/summary><div class=\"accordion-content\">\n<p>Nein, jede Sp\u00fcll\u00f6sung soll nur einmal angewendet werden.<\/p>\n<\/div><\/details>\n\n\n\n<details class=\"wp-block-karopharma-accordion\"><summary><h2 class=\"accordion-title\">Kann ich Multi-Gyn Vaginaldusche auch mit Wasser verwenden?<\/h2><\/summary><div class=\"accordion-content\">\n<p>Ja, die Multi-Gyn Vaginaldusche kann auch mit lauwarmem Wasser verwendet werden. Empfohlen wird aber die Verwendung mit den Brausetabletten, um eine optimale, dem pH-Wert der Scheide angepasste Sp\u00fcll\u00f6sung zu erhalten.<\/p>\n<\/div><\/details>\n\n\n\n<details class=\"wp-block-karopharma-accordion\"><summary><h2 class=\"accordion-title\">Hilft Multi-Gyn Vaginaldusche bei bakterieller Vaginose oder Scheidenpilz?<\/h2><\/summary><div class=\"accordion-content\">\n<p>Nein, Multi-Gyn Vaginaldusche ist ein Produkt zur Reinigung des inneren Intimbereichs. Bei Verdacht auf eine bakterielle Vaginose oder Scheidenpilz wende dich bitte an deinen Arzt\/deine \u00c4rztin oder lass dich in deiner Apotheke beraten.<\/p>\n<\/div><\/details>\n\n\n\n<details class=\"wp-block-karopharma-accordion\"><summary><h2 class=\"accordion-title\">Enth\u00e4lt Multi-Gyn Vaginaldusche Konservierungs-, Duft- oder Farbstoffen?<\/h2><\/summary><div class=\"accordion-content\">\n<p>Nein, alle Multi-Gyn Produkte sind auf Basis nat\u00fcrlicher Inhaltsstoffe und frei von Konservierungs-, Duft- oder Farbstoffen.<\/p>\n<\/div><\/details>\n\n\n\n<details class=\"wp-block-karopharma-accordion\"><summary><h2 class=\"accordion-title\">Was sollte ich bei aktivem Kinderwunsch beachten?<\/h2><\/summary><div class=\"accordion-content\">\n<p>Wenn Sie schwanger werden m\u00f6chten, empfehlen wir Multi-Gyn Vaginaldusche erst nach 3 Tagen nach dem Geschlechtsverkehr anzuwenden.<\/p>\n<\/div><\/details>\n\n\n\n<details class=\"wp-block-karopharma-accordion\"><summary><h2 class=\"accordion-title\">Kann ich Multi-Gyn Vaginaldusche in Schwangerschaft\/Stillzeit verwenden?<\/h2><\/summary><div class=\"accordion-content\">\n<p>Es sind keine Gegenanzeigen f\u00fcr die Verwendung von Multi-Gyn Vaginaldusche w\u00e4hrend Schwangerschaft und Stillzeit bekannt. Bitte sprich vor der Anwendung mit Deiner \u00c4rztin bzw. Deinem Arzt.<\/p>\n<\/div><\/details>\n\n\n\n<details class=\"wp-block-karopharma-accordion\"><summary><h2 class=\"accordion-title\">Wie sollte ich das Produkt lagern?<\/h2><\/summary><div class=\"accordion-content\">\n<p>Multi-Gyn Vaginaldusche sollte zwischen 10\u00b0C und 25\u00b0C (Zimmertemperatur) gelagert und f\u00fcr Kinder unzug\u00e4nglich aufbewahrt werden. Verwende das Produkt nicht nach Ablauf des Verfalldatums.<\/p>\n<\/div><\/details>\n<\/div><\/div>\n\n\n\n<script type=\"application\/ld+json\">\n{\n  \"@context\": \"https:\/\/schema.org\",\n  \"@type\": \"FAQPage\",\n  \"mainEntity\": [\n    {\n      \"@type\": \"Question\",\n      \"name\": \"Wof\u00fcr wird Multi-Gyn Vaginaldusche angewendet?\",\n      \"acceptedAnswer\": {\n        \"@type\": \"Answer\",\n        \"text\": \"Multi-Gyn Vaginaldusche ist eine nat\u00fcrliche Intimsp\u00fclung. Es sp\u00fclt sanft den inneren Vaginalbereich und sch\u00fctzt das nat\u00fcrliche pH-Gleichgewicht der Vagina.\"\n      }\n    },\n    {\n      \"@type\": \"Question\",\n      \"name\": \"Wie wird die Multi-Gyn Vaginaldusche angewendet?\",\n      \"acceptedAnswer\": {\n        \"@type\": \"Answer\",\n        \"text\": \"F\u00fcr die Verwendung der Multi-Gyn Vaginaldusche finden Sie bitte eine f\u00fcr Sie bequeme Position. Unsere Empfehlung: Verwenden Sie die Vaginaldusche am besten in der Badewanne, Dusche oder \u00fcber einer Toilette sitzend, damit die Fl\u00fcssigkeit leicht abflie\u00dfen kann. 1. F\u00fclle die Multi-Gyn Vaginaldusche mit lauwarmem Wasser bis zum oberen Rand der Rippen. 2. Breche eine Multi-Gyn Brausetablette durch und gib diese in das Wasser. 3. Schraube den Applikator auf die Flasche und warte, bis sich die Brausetablette vollst\u00e4ndig aufgel\u00f6st hat. 4. F\u00fchre den Applikator sanft in die Vagina ein. 5. Dr\u00fccke die Flasche zusammen, um die Vagina zu sp\u00fclen. 6. Reinige die Flasche und den Applikator danach gr\u00fcndlich mit lauwarmem Wasser.\"\n      }\n    },\n    {\n      \"@type\": \"Question\",\n      \"name\": \"Wie oft kann ich die Multi-Gyn Vaginaldusche anwenden?\",\n      \"acceptedAnswer\": {\n        \"@type\": \"Answer\",\n        \"text\": \"Es wird empfohlen, die Multi-Gyn Vaginaldusche nur einmal w\u00f6chentlich anzuwenden, es sei denn, Ihr Arzt oder Ihre \u00c4rztin r\u00e4t Ihnen zu h\u00e4ufigerer Anwendung.\"\n      }\n    },\n    {\n      \"@type\": \"Question\",\n      \"name\": \"Kann ich die Sp\u00fcll\u00f6sung wiederverwenden?\",\n      \"acceptedAnswer\": {\n        \"@type\": \"Answer\",\n        \"text\": \"Nein, jede Sp\u00fcll\u00f6sung soll nur einmal angewendet werden.\"\n      }\n    },\n    {\n      \"@type\": \"Question\",\n      \"name\": \"Kann ich Multi-Gyn Vaginaldusche auch mit Wasser verwenden?\",\n      \"acceptedAnswer\": {\n        \"@type\": \"Answer\",\n        \"text\": \"Ja, die Multi-Gyn Vaginaldusche kann auch mit lauwarmem Wasser verwendet werden. Empfohlen wird aber die Verwendung mit den Brausetabletten, um eine optimale, dem pH-Wert der Scheide angepasste Sp\u00fcll\u00f6sung zu erhalten.\"\n      }\n    },\n    {\n      \"@type\": \"Question\",\n      \"name\": \"Hilft Multi-Gyn Vaginaldusche bei bakterieller Vaginose oder Scheidenpilz?\",\n      \"acceptedAnswer\": {\n        \"@type\": \"Answer\",\n        \"text\": \"Nein, Multi-Gyn Vaginaldusche ist ein Produkt zur Reinigung des inneren Intimbereichs. Bei Verdacht auf eine bakterielle Vaginose oder Scheidenpilz wende dich bitte an deinen Arzt\/deine \u00c4rztin oder lass dich in deiner Apotheke beraten.\"\n      }\n    },\n    {\n      \"@type\": \"Question\",\n      \"name\": \"Enth\u00e4lt Multi-Gyn Vaginaldusche Konservierungs-, Duft- oder Farbstoffe?\",\n      \"acceptedAnswer\": {\n        \"@type\": \"Answer\",\n        \"text\": \"Nein, alle Multi-Gyn Produkte sind auf Basis nat\u00fcrlicher Inhaltsstoffe und frei von Konservierungs-, Duft- oder Farbstoffen.\"\n      }\n    },\n    {\n      \"@type\": \"Question\",\n      \"name\": \"Was sollte ich bei aktivem Kinderwunsch beachten?\",\n      \"acceptedAnswer\": {\n        \"@type\": \"Answer\",\n        \"text\": \"Wenn Sie schwanger werden m\u00f6chten, empfehlen wir, die Multi-Gyn Vaginaldusche erst nach 3 Tagen nach dem Geschlechtsverkehr anzuwenden.\"\n      }\n    },\n    {\n      \"@type\": \"Question\",\n      \"name\": \"Kann ich Multi-Gyn Vaginaldusche in Schwangerschaft\/Stillzeit verwenden?\",\n      \"acceptedAnswer\": {\n        \"@type\": \"Answer\",\n        \"text\": \"Es sind keine Gegenanzeigen f\u00fcr die Verwendung w\u00e4hrend Schwangerschaft und Stillzeit bekannt. Bitte sprich vor der Anwendung mit Deiner \u00c4rztin bzw. Deinem Arzt.\"\n      }\n    },\n    {\n      \"@type\": \"Question\",\n      \"name\": \"Wie sollte ich das Produkt lagern?\",\n      \"acceptedAnswer\": {\n        \"@type\": \"Answer\",\n        \"text\": \"Multi-Gyn Vaginaldusche sollte zwischen 10\u00b0C und 25\u00b0C (Zimmertemperatur) gelagert und f\u00fcr Kinder unzug\u00e4nglich aufbewahrt werden. Verwende das Produkt nicht nach Ablauf des Verfalldatums.\"\n      }\n    }\n  ]\n}\n<\/script>\n\n\n\n<script type=\"application\/ld+json\">\n{\n  \"@context\": \"https:\/\/schema.org\/\",\n  \"@type\": \"Product\",\n  \"name\": \"Multi-Gyn Vaginaldusche Brausetabletten\",\n  \"image\": [\n    \"https:\/\/multi-gyn.com\/de\/wp-content\/uploads\/sites\/2\/2024\/01\/Multi-Gyn-Vaginaldusche-Brausetabletten-Packshot.png\"\n  ],\n  \"description\": \"Multi-Gyn Vaginaldusche Brausetabletten sind sprudelnde Reinigungstabletten zur schonenden, pH\u2011gerechten Intimpflege und Unterst\u00fctzung der nat\u00fcrlichen Scheidenflora.\",\n  \"sku\": \"PZN-20236578\",\n  \"mpn\": \"20236578\",\n  \"brand\": {\n    \"@type\": \"Brand\",\n    \"name\": \"Multi-Gyn\"\n  },\n  \"manufacturer\": {\n    \"@type\": \"Organization\",\n    \"name\": \"Karo Healthcare\"\n  },\n  \"category\": \"Intimpflege \/ Vaginaldusche\",\n  \"itemCondition\": \"https:\/\/schema.org\/NewCondition\",\n  \"url\": \"https:\/\/multi-gyn.com\/de\/produkt\/multi-gyn-vaginaldusche-brausetabletten\/\",\n  \"additionalProperty\": [\n    {\n      \"@type\": \"PropertyValue\",\n      \"name\": \"Produkttyp\",\n      \"value\": \"Brausetabletten f\u00fcr Vaginaldusche\"\n    },\n    {\n      \"@type\": \"PropertyValue\",\n      \"name\": \"Inhalt\",\n      \"value\": \"Anzahl der Tabletten je Packung\"\n    },\n    {\n      \"@type\": \"PropertyValue\",\n      \"name\": \"Anwendungsbereich\",\n      \"value\": \"Schonende Intimpflege und Unterst\u00fctzung der Flora\"\n    },\n    {\n      \"@type\": \"PropertyValue\",\n      \"name\": \"Besonderheiten\",\n      \"value\": \"pH\u2011gerecht, sanfte Reinigung, einfache Anwendung\"\n    }\n  ]\n}\n<\/script>\n","protected":false},"excerpt":{"rendered":"<p>Nat\u00fcrliche Intimsp\u00fclung \u2013sp\u00fclt sanft den inneren Vaginalbereich ohne Duftstoffe und sch\u00fctzt das nat\u00fcrliche pH-Gleichgewicht der Vagina<\/p>\n","protected":false},"featured_media":357,"comment_status":"closed","ping_status":"closed","template":"","meta":{"_acf_changed":false,"footnotes":""},"product_brand":[],"product_cat":[19],"product_tag":[],"class_list":{"0":"post-92","1":"product","2":"type-product","3":"status-publish","4":"has-post-thumbnail","6":"product_cat-hygiene-und-pflege","8":"first","9":"instock","10":"shipping-taxable","11":"product-type-simple"},"acf":[],"yoast_head":"<!-- This site is optimized with the Yoast SEO plugin v26.6 - https:\/\/yoast.com\/wordpress\/plugins\/seo\/ -->\n<title>Multi-Gyn\u00ae Scheidensp\u00fclung &amp; Brausetabletten f\u00fcr Intimpflege<\/title>\n<meta name=\"description\" content=\"Multi-Gyn\u00ae Scheidensp\u00fclung &amp; Brausetabletten: f\u00fcr eine nat\u00fcrliche &amp; sanfte Intimpflege | sch\u00fctzt den pH-Wert der Scheide\" \/>\n<meta name=\"robots\" content=\"index, follow, max-snippet:-1, max-image-preview:large, max-video-preview:-1\" \/>\n<link rel=\"canonical\" href=\"https:\/\/multi-gyn.com\/de\/produkt\/multi-gyn-vaginaldusche-brausetabletten\/\" \/>\n<meta property=\"og:locale\" content=\"de_DE\" \/>\n<meta property=\"og:type\" content=\"article\" \/>\n<meta property=\"og:title\" content=\"Multi-Gyn\u00ae Scheidensp\u00fclung &amp; Brausetabletten f\u00fcr Intimpflege\" \/>\n<meta property=\"og:description\" content=\"Multi-Gyn\u00ae Scheidensp\u00fclung &amp; Brausetabletten: f\u00fcr eine nat\u00fcrliche &amp; sanfte Intimpflege | sch\u00fctzt den pH-Wert der Scheide\" \/>\n<meta property=\"og:url\" content=\"https:\/\/multi-gyn.com\/de\/produkt\/multi-gyn-vaginaldusche-brausetabletten\/\" \/>\n<meta property=\"og:site_name\" content=\"Multi-Gyn\" \/>\n<meta property=\"article:modified_time\" content=\"2026-03-27T10:30:49+00:00\" \/>\n<meta property=\"og:image\" content=\"https:\/\/multi-gyn.com\/app\/uploads\/sites\/14\/2022\/06\/Multi-Gyn-Vaginal-Douche-2023.png\" \/>\n\t<meta property=\"og:image:width\" content=\"850\" \/>\n\t<meta property=\"og:image:height\" content=\"850\" \/>\n\t<meta property=\"og:image:type\" content=\"image\/png\" \/>\n<meta name=\"twitter:card\" content=\"summary_large_image\" \/>\n<meta name=\"twitter:label1\" content=\"Gesch\u00e4tzte Lesezeit\" \/>\n\t<meta name=\"twitter:data1\" content=\"3\u00a0Minuten\" \/>\n<script type=\"application\/ld+json\" class=\"yoast-schema-graph\">{\"@context\":\"https:\/\/schema.org\",\"@graph\":[{\"@type\":\"WebPage\",\"@id\":\"https:\/\/multi-gyn.com\/de\/produkt\/multi-gyn-vaginaldusche-brausetabletten\/\",\"url\":\"https:\/\/multi-gyn.com\/de\/produkt\/multi-gyn-vaginaldusche-brausetabletten\/\",\"name\":\"Multi-Gyn\u00ae Scheidensp\u00fclung & Brausetabletten f\u00fcr Intimpflege\",\"isPartOf\":{\"@id\":\"https:\/\/multi-gyn.com\/de\/#website\"},\"primaryImageOfPage\":{\"@id\":\"https:\/\/multi-gyn.com\/de\/produkt\/multi-gyn-vaginaldusche-brausetabletten\/#primaryimage\"},\"image\":{\"@id\":\"https:\/\/multi-gyn.com\/de\/produkt\/multi-gyn-vaginaldusche-brausetabletten\/#primaryimage\"},\"thumbnailUrl\":\"https:\/\/multi-gyn.com\/app\/uploads\/sites\/14\/2022\/06\/Multi-Gyn-Vaginal-Douche-2023.png\",\"datePublished\":\"2022-06-16T12:35:04+00:00\",\"dateModified\":\"2026-03-27T10:30:49+00:00\",\"description\":\"Multi-Gyn\u00ae Scheidensp\u00fclung & Brausetabletten: f\u00fcr eine nat\u00fcrliche & sanfte Intimpflege | sch\u00fctzt den pH-Wert der Scheide\",\"breadcrumb\":{\"@id\":\"https:\/\/multi-gyn.com\/de\/produkt\/multi-gyn-vaginaldusche-brausetabletten\/#breadcrumb\"},\"inLanguage\":\"de\",\"potentialAction\":[{\"@type\":\"ReadAction\",\"target\":[\"https:\/\/multi-gyn.com\/de\/produkt\/multi-gyn-vaginaldusche-brausetabletten\/\"]}]},{\"@type\":\"ImageObject\",\"inLanguage\":\"de\",\"@id\":\"https:\/\/multi-gyn.com\/de\/produkt\/multi-gyn-vaginaldusche-brausetabletten\/#primaryimage\",\"url\":\"https:\/\/multi-gyn.com\/app\/uploads\/sites\/14\/2022\/06\/Multi-Gyn-Vaginal-Douche-2023.png\",\"contentUrl\":\"https:\/\/multi-gyn.com\/app\/uploads\/sites\/14\/2022\/06\/Multi-Gyn-Vaginal-Douche-2023.png\",\"width\":850,\"height\":850,\"caption\":\"Multi-Gyn Vaginaldusche & Brausetabletten\"},{\"@type\":\"BreadcrumbList\",\"@id\":\"https:\/\/multi-gyn.com\/de\/produkt\/multi-gyn-vaginaldusche-brausetabletten\/#breadcrumb\",\"itemListElement\":[{\"@type\":\"ListItem\",\"position\":1,\"name\":\"Startseite\",\"item\":\"https:\/\/multi-gyn.com\/de\/\"},{\"@type\":\"ListItem\",\"position\":2,\"name\":\"Produkte\",\"item\":\"https:\/\/multi-gyn.com\/de\/produkte\/\"},{\"@type\":\"ListItem\",\"position\":3,\"name\":\"Hygiene und Pflege\",\"item\":\"https:\/\/multi-gyn.com\/de\/produkt-kategorie\/hygiene-und-pflege\/\"},{\"@type\":\"ListItem\",\"position\":4,\"name\":\"Multi-Gyn Vaginaldusche &#038; Brausetabletten\"}]},{\"@type\":\"WebSite\",\"@id\":\"https:\/\/multi-gyn.com\/de\/#website\",\"url\":\"https:\/\/multi-gyn.com\/de\/\",\"name\":\"Multi-Gyn\",\"description\":\"\",\"publisher\":{\"@id\":\"https:\/\/multi-gyn.com\/de\/#organization\"},\"potentialAction\":[{\"@type\":\"SearchAction\",\"target\":{\"@type\":\"EntryPoint\",\"urlTemplate\":\"https:\/\/multi-gyn.com\/de\/?s={search_term_string}\"},\"query-input\":{\"@type\":\"PropertyValueSpecification\",\"valueRequired\":true,\"valueName\":\"search_term_string\"}}],\"inLanguage\":\"de\"},{\"@type\":\"Organization\",\"@id\":\"https:\/\/multi-gyn.com\/de\/#organization\",\"name\":\"Karo Healthcare GmbH\",\"alternateName\":\"Karo\",\"url\":\"https:\/\/multi-gyn.com\/de\/\",\"logo\":{\"@type\":\"ImageObject\",\"inLanguage\":\"de\",\"@id\":\"https:\/\/multi-gyn.com\/de\/#\/schema\/logo\/image\/\",\"url\":\"https:\/\/multi-gyn.com\/app\/uploads\/sites\/14\/2022\/06\/multi-gyn-logo-retina.png\",\"contentUrl\":\"https:\/\/multi-gyn.com\/app\/uploads\/sites\/14\/2022\/06\/multi-gyn-logo-retina.png\",\"width\":297,\"height\":64,\"caption\":\"Karo Healthcare GmbH\"},\"image\":{\"@id\":\"https:\/\/multi-gyn.com\/de\/#\/schema\/logo\/image\/\"},\"sameAs\":[\"https:\/\/www.instagram.com\/multigyndach\/\"]}]}<\/script>\n<!-- \/ Yoast SEO plugin. -->","yoast_head_json":{"title":"Multi-Gyn\u00ae Scheidensp\u00fclung & Brausetabletten f\u00fcr Intimpflege","description":"Multi-Gyn\u00ae Scheidensp\u00fclung & Brausetabletten: f\u00fcr eine nat\u00fcrliche & sanfte Intimpflege | sch\u00fctzt den pH-Wert der Scheide","robots":{"index":"index","follow":"follow","max-snippet":"max-snippet:-1","max-image-preview":"max-image-preview:large","max-video-preview":"max-video-preview:-1"},"canonical":"https:\/\/multi-gyn.com\/de\/produkt\/multi-gyn-vaginaldusche-brausetabletten\/","og_locale":"de_DE","og_type":"article","og_title":"Multi-Gyn\u00ae Scheidensp\u00fclung & Brausetabletten f\u00fcr Intimpflege","og_description":"Multi-Gyn\u00ae Scheidensp\u00fclung & Brausetabletten: f\u00fcr eine nat\u00fcrliche & sanfte Intimpflege | sch\u00fctzt den pH-Wert der Scheide","og_url":"https:\/\/multi-gyn.com\/de\/produkt\/multi-gyn-vaginaldusche-brausetabletten\/","og_site_name":"Multi-Gyn","article_modified_time":"2026-03-27T10:30:49+00:00","og_image":[{"width":850,"height":850,"url":"https:\/\/multi-gyn.com\/app\/uploads\/sites\/14\/2022\/06\/Multi-Gyn-Vaginal-Douche-2023.png","type":"image\/png"}],"twitter_card":"summary_large_image","twitter_misc":{"Gesch\u00e4tzte Lesezeit":"3\u00a0Minuten"},"schema":{"@context":"https:\/\/schema.org","@graph":[{"@type":"WebPage","@id":"https:\/\/multi-gyn.com\/de\/produkt\/multi-gyn-vaginaldusche-brausetabletten\/","url":"https:\/\/multi-gyn.com\/de\/produkt\/multi-gyn-vaginaldusche-brausetabletten\/","name":"Multi-Gyn\u00ae Scheidensp\u00fclung & Brausetabletten f\u00fcr Intimpflege","isPartOf":{"@id":"https:\/\/multi-gyn.com\/de\/#website"},"primaryImageOfPage":{"@id":"https:\/\/multi-gyn.com\/de\/produkt\/multi-gyn-vaginaldusche-brausetabletten\/#primaryimage"},"image":{"@id":"https:\/\/multi-gyn.com\/de\/produkt\/multi-gyn-vaginaldusche-brausetabletten\/#primaryimage"},"thumbnailUrl":"https:\/\/multi-gyn.com\/app\/uploads\/sites\/14\/2022\/06\/Multi-Gyn-Vaginal-Douche-2023.png","datePublished":"2022-06-16T12:35:04+00:00","dateModified":"2026-03-27T10:30:49+00:00","description":"Multi-Gyn\u00ae Scheidensp\u00fclung & Brausetabletten: f\u00fcr eine nat\u00fcrliche & sanfte Intimpflege | sch\u00fctzt den pH-Wert der Scheide","breadcrumb":{"@id":"https:\/\/multi-gyn.com\/de\/produkt\/multi-gyn-vaginaldusche-brausetabletten\/#breadcrumb"},"inLanguage":"de","potentialAction":[{"@type":"ReadAction","target":["https:\/\/multi-gyn.com\/de\/produkt\/multi-gyn-vaginaldusche-brausetabletten\/"]}]},{"@type":"ImageObject","inLanguage":"de","@id":"https:\/\/multi-gyn.com\/de\/produkt\/multi-gyn-vaginaldusche-brausetabletten\/#primaryimage","url":"https:\/\/multi-gyn.com\/app\/uploads\/sites\/14\/2022\/06\/Multi-Gyn-Vaginal-Douche-2023.png","contentUrl":"https:\/\/multi-gyn.com\/app\/uploads\/sites\/14\/2022\/06\/Multi-Gyn-Vaginal-Douche-2023.png","width":850,"height":850,"caption":"Multi-Gyn Vaginaldusche & Brausetabletten"},{"@type":"BreadcrumbList","@id":"https:\/\/multi-gyn.com\/de\/produkt\/multi-gyn-vaginaldusche-brausetabletten\/#breadcrumb","itemListElement":[{"@type":"ListItem","position":1,"name":"Startseite","item":"https:\/\/multi-gyn.com\/de\/"},{"@type":"ListItem","position":2,"name":"Produkte","item":"https:\/\/multi-gyn.com\/de\/produkte\/"},{"@type":"ListItem","position":3,"name":"Hygiene und Pflege","item":"https:\/\/multi-gyn.com\/de\/produkt-kategorie\/hygiene-und-pflege\/"},{"@type":"ListItem","position":4,"name":"Multi-Gyn Vaginaldusche &#038; Brausetabletten"}]},{"@type":"WebSite","@id":"https:\/\/multi-gyn.com\/de\/#website","url":"https:\/\/multi-gyn.com\/de\/","name":"Multi-Gyn","description":"","publisher":{"@id":"https:\/\/multi-gyn.com\/de\/#organization"},"potentialAction":[{"@type":"SearchAction","target":{"@type":"EntryPoint","urlTemplate":"https:\/\/multi-gyn.com\/de\/?s={search_term_string}"},"query-input":{"@type":"PropertyValueSpecification","valueRequired":true,"valueName":"search_term_string"}}],"inLanguage":"de"},{"@type":"Organization","@id":"https:\/\/multi-gyn.com\/de\/#organization","name":"Karo Healthcare GmbH","alternateName":"Karo","url":"https:\/\/multi-gyn.com\/de\/","logo":{"@type":"ImageObject","inLanguage":"de","@id":"https:\/\/multi-gyn.com\/de\/#\/schema\/logo\/image\/","url":"https:\/\/multi-gyn.com\/app\/uploads\/sites\/14\/2022\/06\/multi-gyn-logo-retina.png","contentUrl":"https:\/\/multi-gyn.com\/app\/uploads\/sites\/14\/2022\/06\/multi-gyn-logo-retina.png","width":297,"height":64,"caption":"Karo Healthcare GmbH"},"image":{"@id":"https:\/\/multi-gyn.com\/de\/#\/schema\/logo\/image\/"},"sameAs":["https:\/\/www.instagram.com\/multigyndach\/"]}]}},"_links":{"self":[{"href":"https:\/\/multi-gyn.com\/de\/wp-json\/wp\/v2\/product\/92","targetHints":{"allow":["GET"]}}],"collection":[{"href":"https:\/\/multi-gyn.com\/de\/wp-json\/wp\/v2\/product"}],"about":[{"href":"https:\/\/multi-gyn.com\/de\/wp-json\/wp\/v2\/types\/product"}],"replies":[{"embeddable":true,"href":"https:\/\/multi-gyn.com\/de\/wp-json\/wp\/v2\/comments?post=92"}],"version-history":[{"count":10,"href":"https:\/\/multi-gyn.com\/de\/wp-json\/wp\/v2\/product\/92\/revisions"}],"predecessor-version":[{"id":1720,"href":"https:\/\/multi-gyn.com\/de\/wp-json\/wp\/v2\/product\/92\/revisions\/1720"}],"wp:featuredmedia":[{"embeddable":true,"href":"https:\/\/multi-gyn.com\/de\/wp-json\/wp\/v2\/media\/357"}],"wp:attachment":[{"href":"https:\/\/multi-gyn.com\/de\/wp-json\/wp\/v2\/media?parent=92"}],"wp:term":[{"taxonomy":"product_brand","embeddable":true,"href":"https:\/\/multi-gyn.com\/de\/wp-json\/wp\/v2\/product_brand?post=92"},{"taxonomy":"product_cat","embeddable":true,"href":"https:\/\/multi-gyn.com\/de\/wp-json\/wp\/v2\/product_cat?post=92"},{"taxonomy":"product_tag","embeddable":true,"href":"https:\/\/multi-gyn.com\/de\/wp-json\/wp\/v2\/product_tag?post=92"}],"curies":[{"name":"wp","href":"https:\/\/api.w.org\/{rel}","templated":true}]}}