{"id":48,"date":"2022-08-30T09:19:08","date_gmt":"2022-08-30T07:19:08","guid":{"rendered":"https:\/\/multi-gyn.com\/rebrand-dk\/?page_id=48"},"modified":"2025-10-09T16:10:29","modified_gmt":"2025-10-09T14:10:29","slug":"faq","status":"publish","type":"page","link":"https:\/\/multi-gyn.com\/dk\/faq\/","title":{"rendered":"FAQ"},"content":{"rendered":"\n<div class=\"wp-block-karopharma-free-text pt-large pb-large bg-center bg-cover bg-no-repeat\" style=\"background-image:url(https:\/\/multi-gyn.com\/cdn-cgi\/image\/format=auto\/app\/uploads\/sites\/19\/2025\/10\/Multi-Gyn_1920x750_Banner_FAQ.jpg)\"><div class=\"free-text-wrapper container max-w-medium text-center\">\n<div style=\"height:100px\" aria-hidden=\"true\" class=\"wp-block-spacer is-style-responsive-medium\"><\/div>\n\n\n\n<h1 class=\"wp-block-heading is-style-heading-huge has-white-color has-text-color\">FAQ<\/h1>\n\n\n\n<div style=\"height:100px\" aria-hidden=\"true\" class=\"wp-block-spacer is-style-responsive-medium\"><\/div>\n<\/div><\/div>\n\n\n\n<div class=\"wp-block-karopharma-accordions\"><div class=\"container\">\n<details class=\"wp-block-karopharma-accordion\"><summary><h2 class=\"accordion-title\">Hvad er bakteriel vaginose?<\/h2><\/summary><div class=\"accordion-content\">\n<p>De fleste skeder lugter lidt fra tid til anden, og det er normalt ikke noget at bekymre sig om. Men hvis lugten fra skeden er st\u00e6rk og minder om r\u00e5dden fisk, kan det v\u00e6re tegn p\u00e5 bakteriel vaginose, ogs\u00e5 kaldet BV. Bakteriel vaginose er den mest almindelige infektion i skeden, der medf\u00f8rer lugt og rammer helt op til en ud af fire kvinder i Europa. Kvinder i den f\u00f8dedygtige alder har st\u00f8rst risiko for at f\u00e5 BV, men du kan f\u00e5 det i alle aldre. Selvom BV skyldes en bakteriel ubalance og ikke betragtes som en k\u00f8nssygdom, kan det \u00f8ge din risiko for at f\u00e5 en mere alvorlig sygdom, f.eks. klamydia. Den gode nyhed er, at BV nemt kan behandles og forebygges med naturprodukter, som du kan k\u00f8be online, p\u00e5 dit lokale apotek og i MATAS.<\/p>\n<\/div><\/details>\n\n\n\n<details class=\"wp-block-karopharma-accordion\"><summary><h2 class=\"accordion-title\">Hvad er en svampeinfektion i skeden?<\/h2><\/summary><div class=\"accordion-content\">\n<p>Oplever du kl\u00f8e og irritation i skeden? Har du bem\u00e6rket et tykt, hvidt og klumpet udfl\u00e5d? F\u00f8ler du ogs\u00e5 svie omkring skede\u00e5bningen, n\u00e5r du g\u00e5r p\u00e5 toilettet? S\u00e5 har du m\u00e5ske en svampeinfektion \u2013 og du er ikke alene. Helt op til tre ud af fire kvinder har svamp mindst \u00e9n gang i livet, og mange kvinder lider af tilbagevendende infektioner. Heldigvis er svampeinfektioner ikke farlige, og de fleste af dem kan nemt behandles og forebygges med produkter, som du kan k\u00f8be online eller finde p\u00e5 dit lokale apotek.<\/p>\n<\/div><\/details>\n\n\n\n<details class=\"wp-block-karopharma-accordion\"><summary><h2 class=\"accordion-title\">Hvorfor er min skede t\u00f8r?<\/h2><\/summary><div class=\"accordion-content\">\n<p>Hedeture og uregelm\u00e6ssige menstruationer er to velkendte tegn p\u00e5, at overgangsalderen m\u00e5ske banker p\u00e5. Men vidste du, at t\u00f8rhed og irritation i skeden er andre almindelige symptomer p\u00e5 overgangsalder? For n\u00e5r du bliver \u00e6ldre, g\u00e6lder det ogs\u00e5 for din skede. \u00d8strogen er normalt med til at sm\u00f8re skeden og holde den sund, men n\u00e5r du rammer overgangsalderen, falder produktionen af det kvindelige k\u00f8nshormon betydeligt. Resultatet er, at v\u00e6vet i skeden bliver tyndere, mere t\u00f8rt og mere modtageligt for inflammation, en tilstand der kaldes vaginal atrofi. Men overgangsalderen er ikke den eneste \u00e5rsag til, at dit \u00f8strogenniveau kan falde. F\u00f8dsel, amning, visse medicinske lidelser og brug af p-piller kan ogs\u00e5 neds\u00e6tte \u00f8strogenniveauet og f\u00f8re til t\u00f8rhed i skeden. I nogle tilf\u00e6lde er t\u00f8rhed i skeden slet ikke relateret til \u00f8strogen, men til overdreven hygiejne. Uanset hvad der f\u00e5r din skede til at f\u00f8les som Sahara-\u00f8rkenen, findes der sikre og effektive behandlinger, der kan hj\u00e6lpe.<\/p>\n<\/div><\/details>\n<\/div><\/div>\n","protected":false},"excerpt":{"rendered":"","protected":false},"author":2,"featured_media":0,"parent":0,"menu_order":0,"comment_status":"closed","ping_status":"closed","template":"","meta":{"_acf_changed":false,"footnotes":""},"from-article-database":[],"class_list":["post-48","page","type-page","status-publish","hentry"],"acf":[],"yoast_head":"<!-- This site is optimized with the Yoast SEO plugin v26.6 - https:\/\/yoast.com\/wordpress\/plugins\/seo\/ -->\n<title>FAQ - Multi-Gyn<\/title>\n<meta name=\"description\" content=\"Hvad er bakteriel vaginose? Hvad er en svampeinfektion i skeden? Hvorfor er min skede t\u00f8r?\" \/>\n<meta name=\"robots\" content=\"index, follow, max-snippet:-1, max-image-preview:large, max-video-preview:-1\" \/>\n<link rel=\"canonical\" href=\"https:\/\/multi-gyn.com\/dk\/faq\/\" \/>\n<meta property=\"og:locale\" content=\"da_DK\" \/>\n<meta property=\"og:type\" content=\"article\" \/>\n<meta property=\"og:title\" content=\"FAQ - Multi-Gyn\" \/>\n<meta property=\"og:description\" content=\"Hvad er bakteriel vaginose? Hvad er en svampeinfektion i skeden? Hvorfor er min skede t\u00f8r?\" \/>\n<meta property=\"og:url\" content=\"https:\/\/multi-gyn.com\/dk\/faq\/\" \/>\n<meta property=\"og:site_name\" content=\"Multi-Gyn\" \/>\n<meta property=\"article:modified_time\" content=\"2025-10-09T14:10:29+00:00\" \/>\n<meta name=\"twitter:card\" content=\"summary_large_image\" \/>\n<meta name=\"twitter:label1\" content=\"Estimeret l\u00e6setid\" \/>\n\t<meta name=\"twitter:data1\" content=\"3 minutter\" \/>\n<script type=\"application\/ld+json\" class=\"yoast-schema-graph\">{\"@context\":\"https:\/\/schema.org\",\"@graph\":[{\"@type\":\"WebPage\",\"@id\":\"https:\/\/multi-gyn.com\/dk\/faq\/\",\"url\":\"https:\/\/multi-gyn.com\/dk\/faq\/\",\"name\":\"FAQ - Multi-Gyn\",\"isPartOf\":{\"@id\":\"https:\/\/multi-gyn.com\/dk\/#website\"},\"datePublished\":\"2022-08-30T07:19:08+00:00\",\"dateModified\":\"2025-10-09T14:10:29+00:00\",\"description\":\"Hvad er bakteriel vaginose? Hvad er en svampeinfektion i skeden? Hvorfor er min skede t\u00f8r?\",\"breadcrumb\":{\"@id\":\"https:\/\/multi-gyn.com\/dk\/faq\/#breadcrumb\"},\"inLanguage\":\"da-DK\",\"potentialAction\":[{\"@type\":\"ReadAction\",\"target\":[\"https:\/\/multi-gyn.com\/dk\/faq\/\"]}]},{\"@type\":\"BreadcrumbList\",\"@id\":\"https:\/\/multi-gyn.com\/dk\/faq\/#breadcrumb\",\"itemListElement\":[{\"@type\":\"ListItem\",\"position\":1,\"name\":\"Home\",\"item\":\"https:\/\/multi-gyn.com\/dk\/\"},{\"@type\":\"ListItem\",\"position\":2,\"name\":\"FAQ\"}]},{\"@type\":\"WebSite\",\"@id\":\"https:\/\/multi-gyn.com\/dk\/#website\",\"url\":\"https:\/\/multi-gyn.com\/dk\/\",\"name\":\"Multi-Gyn\",\"description\":\"\",\"publisher\":{\"@id\":\"https:\/\/multi-gyn.com\/dk\/#organization\"},\"potentialAction\":[{\"@type\":\"SearchAction\",\"target\":{\"@type\":\"EntryPoint\",\"urlTemplate\":\"https:\/\/multi-gyn.com\/dk\/?s={search_term_string}\"},\"query-input\":{\"@type\":\"PropertyValueSpecification\",\"valueRequired\":true,\"valueName\":\"search_term_string\"}}],\"inLanguage\":\"da-DK\"},{\"@type\":\"Organization\",\"@id\":\"https:\/\/multi-gyn.com\/dk\/#organization\",\"name\":\"Multi-Gyn\",\"url\":\"https:\/\/multi-gyn.com\/dk\/\",\"logo\":{\"@type\":\"ImageObject\",\"inLanguage\":\"da-DK\",\"@id\":\"https:\/\/multi-gyn.com\/dk\/#\/schema\/logo\/image\/\",\"url\":\"https:\/\/multi-gyn.com\/app\/uploads\/sites\/19\/2022\/08\/multi-gyn-logo.png\",\"contentUrl\":\"https:\/\/multi-gyn.com\/app\/uploads\/sites\/19\/2022\/08\/multi-gyn-logo.png\",\"width\":149,\"height\":32,\"caption\":\"Multi-Gyn\"},\"image\":{\"@id\":\"https:\/\/multi-gyn.com\/dk\/#\/schema\/logo\/image\/\"}}]}<\/script>\n<!-- \/ Yoast SEO plugin. -->","yoast_head_json":{"title":"FAQ - Multi-Gyn","description":"Hvad er bakteriel vaginose? Hvad er en svampeinfektion i skeden? Hvorfor er min skede t\u00f8r?","robots":{"index":"index","follow":"follow","max-snippet":"max-snippet:-1","max-image-preview":"max-image-preview:large","max-video-preview":"max-video-preview:-1"},"canonical":"https:\/\/multi-gyn.com\/dk\/faq\/","og_locale":"da_DK","og_type":"article","og_title":"FAQ - Multi-Gyn","og_description":"Hvad er bakteriel vaginose? Hvad er en svampeinfektion i skeden? Hvorfor er min skede t\u00f8r?","og_url":"https:\/\/multi-gyn.com\/dk\/faq\/","og_site_name":"Multi-Gyn","article_modified_time":"2025-10-09T14:10:29+00:00","twitter_card":"summary_large_image","twitter_misc":{"Estimeret l\u00e6setid":"3 minutter"},"schema":{"@context":"https:\/\/schema.org","@graph":[{"@type":"WebPage","@id":"https:\/\/multi-gyn.com\/dk\/faq\/","url":"https:\/\/multi-gyn.com\/dk\/faq\/","name":"FAQ - Multi-Gyn","isPartOf":{"@id":"https:\/\/multi-gyn.com\/dk\/#website"},"datePublished":"2022-08-30T07:19:08+00:00","dateModified":"2025-10-09T14:10:29+00:00","description":"Hvad er bakteriel vaginose? Hvad er en svampeinfektion i skeden? Hvorfor er min skede t\u00f8r?","breadcrumb":{"@id":"https:\/\/multi-gyn.com\/dk\/faq\/#breadcrumb"},"inLanguage":"da-DK","potentialAction":[{"@type":"ReadAction","target":["https:\/\/multi-gyn.com\/dk\/faq\/"]}]},{"@type":"BreadcrumbList","@id":"https:\/\/multi-gyn.com\/dk\/faq\/#breadcrumb","itemListElement":[{"@type":"ListItem","position":1,"name":"Home","item":"https:\/\/multi-gyn.com\/dk\/"},{"@type":"ListItem","position":2,"name":"FAQ"}]},{"@type":"WebSite","@id":"https:\/\/multi-gyn.com\/dk\/#website","url":"https:\/\/multi-gyn.com\/dk\/","name":"Multi-Gyn","description":"","publisher":{"@id":"https:\/\/multi-gyn.com\/dk\/#organization"},"potentialAction":[{"@type":"SearchAction","target":{"@type":"EntryPoint","urlTemplate":"https:\/\/multi-gyn.com\/dk\/?s={search_term_string}"},"query-input":{"@type":"PropertyValueSpecification","valueRequired":true,"valueName":"search_term_string"}}],"inLanguage":"da-DK"},{"@type":"Organization","@id":"https:\/\/multi-gyn.com\/dk\/#organization","name":"Multi-Gyn","url":"https:\/\/multi-gyn.com\/dk\/","logo":{"@type":"ImageObject","inLanguage":"da-DK","@id":"https:\/\/multi-gyn.com\/dk\/#\/schema\/logo\/image\/","url":"https:\/\/multi-gyn.com\/app\/uploads\/sites\/19\/2022\/08\/multi-gyn-logo.png","contentUrl":"https:\/\/multi-gyn.com\/app\/uploads\/sites\/19\/2022\/08\/multi-gyn-logo.png","width":149,"height":32,"caption":"Multi-Gyn"},"image":{"@id":"https:\/\/multi-gyn.com\/dk\/#\/schema\/logo\/image\/"}}]}},"_links":{"self":[{"href":"https:\/\/multi-gyn.com\/dk\/wp-json\/wp\/v2\/pages\/48","targetHints":{"allow":["GET"]}}],"collection":[{"href":"https:\/\/multi-gyn.com\/dk\/wp-json\/wp\/v2\/pages"}],"about":[{"href":"https:\/\/multi-gyn.com\/dk\/wp-json\/wp\/v2\/types\/page"}],"author":[{"embeddable":true,"href":"https:\/\/multi-gyn.com\/dk\/wp-json\/wp\/v2\/users\/2"}],"replies":[{"embeddable":true,"href":"https:\/\/multi-gyn.com\/dk\/wp-json\/wp\/v2\/comments?post=48"}],"version-history":[{"count":2,"href":"https:\/\/multi-gyn.com\/dk\/wp-json\/wp\/v2\/pages\/48\/revisions"}],"predecessor-version":[{"id":398,"href":"https:\/\/multi-gyn.com\/dk\/wp-json\/wp\/v2\/pages\/48\/revisions\/398"}],"wp:attachment":[{"href":"https:\/\/multi-gyn.com\/dk\/wp-json\/wp\/v2\/media?parent=48"}],"wp:term":[{"taxonomy":"from-article-database","embeddable":true,"href":"https:\/\/multi-gyn.com\/dk\/wp-json\/wp\/v2\/from-article-database?post=48"}],"curies":[{"name":"wp","href":"https:\/\/api.w.org\/{rel}","templated":true}]}}