{"id":102,"date":"2022-08-30T11:22:04","date_gmt":"2022-08-30T09:22:04","guid":{"rendered":"https:\/\/multi-gyn.com\/rebrand-dk\/?post_type=product&#038;p=102"},"modified":"2026-01-22T08:35:31","modified_gmt":"2026-01-22T07:35:31","slug":"multi-gyn-floraplus","status":"publish","type":"product","link":"https:\/\/multi-gyn.com\/dk\/produkt\/multi-gyn-floraplus\/","title":{"rendered":"Multi-Gyn FloraPlus"},"content":{"rendered":"\n<div class=\"wp-block-karopharma-accordions is-style-secondary\"><div class=\"container\">\n<details class=\"wp-block-karopharma-accordion\"><summary><h2 class=\"accordion-title\">Hvorn\u00e5r vil jeg m\u00e6rke virkningen?<\/h2><\/summary><div class=\"accordion-content\">\n<p>Det varierer fra person til person, men du kan m\u00e6rke en lindring af symptomerne med det samme.<\/p>\n<\/div><\/details>\n\n\n\n<details class=\"wp-block-karopharma-accordion\"><summary><h2 class=\"accordion-title\">Skal jeg bruge det i 5 dage i tr\u00e6k?<\/h2><\/summary><div class=\"accordion-content\">\n<p>Ja, vi anbefaler, at du bruger de 5 tuber for at opn\u00e5 den bedste virkning.<\/p>\n<\/div><\/details>\n\n\n\n<details class=\"wp-block-karopharma-accordion\"><summary><h2 class=\"accordion-title\">Har Multi-Gyn FloraPlus nogen bivirkninger?<\/h2><\/summary><div class=\"accordion-content\">\n<p>Nee, er zijn geen bekende bijwerkingen.Nej, produktet har ingen kendte bivirkninger.Nee, er zijn geen bekende bijwerkingen.<\/p>\n<\/div><\/details>\n\n\n\n<details class=\"wp-block-karopharma-accordion\"><summary><h2 class=\"accordion-title\">Hvorfor er Multi-Gyn FloraPlus anderledes end andre behandlinger til svamp\/t\u00f8rhed i skeden?<\/h2><\/summary><div class=\"accordion-content\">\n<p>Multi-Gyn FloraPlus har en direkte effekt p\u00e5 symptomerne og er et naturprodukt, der ikke p\u00e5virker den vaginale flora negativt. Multi-Gyn FloraPlus hj\u00e6lper de gode bakterier med at vokse og reducere v\u00e6ksten af candida.<\/p>\n<\/div><\/details>\n<\/div><\/div>\n","protected":false},"excerpt":{"rendered":"<p>Behandler symptomer p\u00e5 svampeinfektioner i skeden<\/p>\n","protected":false},"featured_media":103,"comment_status":"closed","ping_status":"closed","template":"","meta":{"_acf_changed":false,"footnotes":""},"product_brand":[],"product_cat":[],"product_tag":[],"class_list":{"0":"post-102","1":"product","2":"type-product","3":"status-publish","4":"has-post-thumbnail","7":"first","8":"instock","9":"shipping-taxable","10":"product-type-simple"},"acf":[],"yoast_head":"<!-- This site is optimized with the Yoast SEO plugin v26.6 - https:\/\/yoast.com\/wordpress\/plugins\/seo\/ -->\n<title>Multi-Gyn FloraPlus - Multi-Gyn<\/title>\n<meta name=\"description\" content=\"Multi-Gyn FloraPlus behandler symptomer p\u00e5 svamp i skeden som kl\u00f8e, irritation og smuldrende, hvidt udfl\u00e5d. Behandl med Multi-Gyn FloraPlus for at f\u00e5 direkte lindring.\" \/>\n<meta name=\"robots\" content=\"index, follow, max-snippet:-1, max-image-preview:large, max-video-preview:-1\" \/>\n<link rel=\"canonical\" href=\"https:\/\/multi-gyn.com\/dk\/produkt\/multi-gyn-floraplus\/\" \/>\n<meta property=\"og:locale\" content=\"da_DK\" \/>\n<meta property=\"og:type\" content=\"article\" \/>\n<meta property=\"og:title\" content=\"Multi-Gyn FloraPlus - Multi-Gyn\" \/>\n<meta property=\"og:description\" content=\"Multi-Gyn FloraPlus behandler symptomer p\u00e5 svamp i skeden som kl\u00f8e, irritation og smuldrende, hvidt udfl\u00e5d. Behandl med Multi-Gyn FloraPlus for at f\u00e5 direkte lindring.\" \/>\n<meta property=\"og:url\" content=\"https:\/\/multi-gyn.com\/dk\/produkt\/multi-gyn-floraplus\/\" \/>\n<meta property=\"og:site_name\" content=\"Multi-Gyn\" \/>\n<meta property=\"article:modified_time\" content=\"2026-01-22T07:35:31+00:00\" \/>\n<meta property=\"og:image\" content=\"https:\/\/multi-gyn.com\/app\/uploads\/sites\/19\/2022\/08\/MGFloraPlusSE-1.webp\" \/>\n\t<meta property=\"og:image:width\" content=\"700\" \/>\n\t<meta property=\"og:image:height\" content=\"700\" \/>\n\t<meta property=\"og:image:type\" content=\"image\/webp\" \/>\n<meta name=\"twitter:card\" content=\"summary_large_image\" \/>\n<meta name=\"twitter:label1\" content=\"Estimeret l\u00e6setid\" \/>\n\t<meta name=\"twitter:data1\" content=\"1 minut\" \/>\n<script type=\"application\/ld+json\" class=\"yoast-schema-graph\">{\"@context\":\"https:\/\/schema.org\",\"@graph\":[{\"@type\":\"WebPage\",\"@id\":\"https:\/\/multi-gyn.com\/dk\/produkt\/multi-gyn-floraplus\/\",\"url\":\"https:\/\/multi-gyn.com\/dk\/produkt\/multi-gyn-floraplus\/\",\"name\":\"Multi-Gyn FloraPlus - Multi-Gyn\",\"isPartOf\":{\"@id\":\"https:\/\/multi-gyn.com\/dk\/#website\"},\"primaryImageOfPage\":{\"@id\":\"https:\/\/multi-gyn.com\/dk\/produkt\/multi-gyn-floraplus\/#primaryimage\"},\"image\":{\"@id\":\"https:\/\/multi-gyn.com\/dk\/produkt\/multi-gyn-floraplus\/#primaryimage\"},\"thumbnailUrl\":\"https:\/\/multi-gyn.com\/app\/uploads\/sites\/19\/2022\/08\/MGFloraPlusSE-1.webp\",\"datePublished\":\"2022-08-30T09:22:04+00:00\",\"dateModified\":\"2026-01-22T07:35:31+00:00\",\"description\":\"Multi-Gyn FloraPlus behandler symptomer p\u00e5 svamp i skeden som kl\u00f8e, irritation og smuldrende, hvidt udfl\u00e5d. Behandl med Multi-Gyn FloraPlus for at f\u00e5 direkte lindring.\",\"breadcrumb\":{\"@id\":\"https:\/\/multi-gyn.com\/dk\/produkt\/multi-gyn-floraplus\/#breadcrumb\"},\"inLanguage\":\"da-DK\",\"potentialAction\":[{\"@type\":\"ReadAction\",\"target\":[\"https:\/\/multi-gyn.com\/dk\/produkt\/multi-gyn-floraplus\/\"]}]},{\"@type\":\"ImageObject\",\"inLanguage\":\"da-DK\",\"@id\":\"https:\/\/multi-gyn.com\/dk\/produkt\/multi-gyn-floraplus\/#primaryimage\",\"url\":\"https:\/\/multi-gyn.com\/app\/uploads\/sites\/19\/2022\/08\/MGFloraPlusSE-1.webp\",\"contentUrl\":\"https:\/\/multi-gyn.com\/app\/uploads\/sites\/19\/2022\/08\/MGFloraPlusSE-1.webp\",\"width\":700,\"height\":700},{\"@type\":\"BreadcrumbList\",\"@id\":\"https:\/\/multi-gyn.com\/dk\/produkt\/multi-gyn-floraplus\/#breadcrumb\",\"itemListElement\":[{\"@type\":\"ListItem\",\"position\":1,\"name\":\"Home\",\"item\":\"https:\/\/multi-gyn.com\/dk\/\"},{\"@type\":\"ListItem\",\"position\":2,\"name\":\"Produkter\",\"item\":\"https:\/\/multi-gyn.com\/dk\/produkter\/\"},{\"@type\":\"ListItem\",\"position\":3,\"name\":\"Multi-Gyn FloraPlus\"}]},{\"@type\":\"WebSite\",\"@id\":\"https:\/\/multi-gyn.com\/dk\/#website\",\"url\":\"https:\/\/multi-gyn.com\/dk\/\",\"name\":\"Multi-Gyn\",\"description\":\"\",\"publisher\":{\"@id\":\"https:\/\/multi-gyn.com\/dk\/#organization\"},\"potentialAction\":[{\"@type\":\"SearchAction\",\"target\":{\"@type\":\"EntryPoint\",\"urlTemplate\":\"https:\/\/multi-gyn.com\/dk\/?s={search_term_string}\"},\"query-input\":{\"@type\":\"PropertyValueSpecification\",\"valueRequired\":true,\"valueName\":\"search_term_string\"}}],\"inLanguage\":\"da-DK\"},{\"@type\":\"Organization\",\"@id\":\"https:\/\/multi-gyn.com\/dk\/#organization\",\"name\":\"Multi-Gyn\",\"url\":\"https:\/\/multi-gyn.com\/dk\/\",\"logo\":{\"@type\":\"ImageObject\",\"inLanguage\":\"da-DK\",\"@id\":\"https:\/\/multi-gyn.com\/dk\/#\/schema\/logo\/image\/\",\"url\":\"https:\/\/multi-gyn.com\/app\/uploads\/sites\/19\/2022\/08\/multi-gyn-logo.png\",\"contentUrl\":\"https:\/\/multi-gyn.com\/app\/uploads\/sites\/19\/2022\/08\/multi-gyn-logo.png\",\"width\":149,\"height\":32,\"caption\":\"Multi-Gyn\"},\"image\":{\"@id\":\"https:\/\/multi-gyn.com\/dk\/#\/schema\/logo\/image\/\"}}]}<\/script>\n<!-- \/ Yoast SEO plugin. -->","yoast_head_json":{"title":"Multi-Gyn FloraPlus - Multi-Gyn","description":"Multi-Gyn FloraPlus behandler symptomer p\u00e5 svamp i skeden som kl\u00f8e, irritation og smuldrende, hvidt udfl\u00e5d. Behandl med Multi-Gyn FloraPlus for at f\u00e5 direkte lindring.","robots":{"index":"index","follow":"follow","max-snippet":"max-snippet:-1","max-image-preview":"max-image-preview:large","max-video-preview":"max-video-preview:-1"},"canonical":"https:\/\/multi-gyn.com\/dk\/produkt\/multi-gyn-floraplus\/","og_locale":"da_DK","og_type":"article","og_title":"Multi-Gyn FloraPlus - Multi-Gyn","og_description":"Multi-Gyn FloraPlus behandler symptomer p\u00e5 svamp i skeden som kl\u00f8e, irritation og smuldrende, hvidt udfl\u00e5d. Behandl med Multi-Gyn FloraPlus for at f\u00e5 direkte lindring.","og_url":"https:\/\/multi-gyn.com\/dk\/produkt\/multi-gyn-floraplus\/","og_site_name":"Multi-Gyn","article_modified_time":"2026-01-22T07:35:31+00:00","og_image":[{"width":700,"height":700,"url":"https:\/\/multi-gyn.com\/app\/uploads\/sites\/19\/2022\/08\/MGFloraPlusSE-1.webp","type":"image\/webp"}],"twitter_card":"summary_large_image","twitter_misc":{"Estimeret l\u00e6setid":"1 minut"},"schema":{"@context":"https:\/\/schema.org","@graph":[{"@type":"WebPage","@id":"https:\/\/multi-gyn.com\/dk\/produkt\/multi-gyn-floraplus\/","url":"https:\/\/multi-gyn.com\/dk\/produkt\/multi-gyn-floraplus\/","name":"Multi-Gyn FloraPlus - Multi-Gyn","isPartOf":{"@id":"https:\/\/multi-gyn.com\/dk\/#website"},"primaryImageOfPage":{"@id":"https:\/\/multi-gyn.com\/dk\/produkt\/multi-gyn-floraplus\/#primaryimage"},"image":{"@id":"https:\/\/multi-gyn.com\/dk\/produkt\/multi-gyn-floraplus\/#primaryimage"},"thumbnailUrl":"https:\/\/multi-gyn.com\/app\/uploads\/sites\/19\/2022\/08\/MGFloraPlusSE-1.webp","datePublished":"2022-08-30T09:22:04+00:00","dateModified":"2026-01-22T07:35:31+00:00","description":"Multi-Gyn FloraPlus behandler symptomer p\u00e5 svamp i skeden som kl\u00f8e, irritation og smuldrende, hvidt udfl\u00e5d. Behandl med Multi-Gyn FloraPlus for at f\u00e5 direkte lindring.","breadcrumb":{"@id":"https:\/\/multi-gyn.com\/dk\/produkt\/multi-gyn-floraplus\/#breadcrumb"},"inLanguage":"da-DK","potentialAction":[{"@type":"ReadAction","target":["https:\/\/multi-gyn.com\/dk\/produkt\/multi-gyn-floraplus\/"]}]},{"@type":"ImageObject","inLanguage":"da-DK","@id":"https:\/\/multi-gyn.com\/dk\/produkt\/multi-gyn-floraplus\/#primaryimage","url":"https:\/\/multi-gyn.com\/app\/uploads\/sites\/19\/2022\/08\/MGFloraPlusSE-1.webp","contentUrl":"https:\/\/multi-gyn.com\/app\/uploads\/sites\/19\/2022\/08\/MGFloraPlusSE-1.webp","width":700,"height":700},{"@type":"BreadcrumbList","@id":"https:\/\/multi-gyn.com\/dk\/produkt\/multi-gyn-floraplus\/#breadcrumb","itemListElement":[{"@type":"ListItem","position":1,"name":"Home","item":"https:\/\/multi-gyn.com\/dk\/"},{"@type":"ListItem","position":2,"name":"Produkter","item":"https:\/\/multi-gyn.com\/dk\/produkter\/"},{"@type":"ListItem","position":3,"name":"Multi-Gyn FloraPlus"}]},{"@type":"WebSite","@id":"https:\/\/multi-gyn.com\/dk\/#website","url":"https:\/\/multi-gyn.com\/dk\/","name":"Multi-Gyn","description":"","publisher":{"@id":"https:\/\/multi-gyn.com\/dk\/#organization"},"potentialAction":[{"@type":"SearchAction","target":{"@type":"EntryPoint","urlTemplate":"https:\/\/multi-gyn.com\/dk\/?s={search_term_string}"},"query-input":{"@type":"PropertyValueSpecification","valueRequired":true,"valueName":"search_term_string"}}],"inLanguage":"da-DK"},{"@type":"Organization","@id":"https:\/\/multi-gyn.com\/dk\/#organization","name":"Multi-Gyn","url":"https:\/\/multi-gyn.com\/dk\/","logo":{"@type":"ImageObject","inLanguage":"da-DK","@id":"https:\/\/multi-gyn.com\/dk\/#\/schema\/logo\/image\/","url":"https:\/\/multi-gyn.com\/app\/uploads\/sites\/19\/2022\/08\/multi-gyn-logo.png","contentUrl":"https:\/\/multi-gyn.com\/app\/uploads\/sites\/19\/2022\/08\/multi-gyn-logo.png","width":149,"height":32,"caption":"Multi-Gyn"},"image":{"@id":"https:\/\/multi-gyn.com\/dk\/#\/schema\/logo\/image\/"}}]}},"_links":{"self":[{"href":"https:\/\/multi-gyn.com\/dk\/wp-json\/wp\/v2\/product\/102","targetHints":{"allow":["GET"]}}],"collection":[{"href":"https:\/\/multi-gyn.com\/dk\/wp-json\/wp\/v2\/product"}],"about":[{"href":"https:\/\/multi-gyn.com\/dk\/wp-json\/wp\/v2\/types\/product"}],"replies":[{"embeddable":true,"href":"https:\/\/multi-gyn.com\/dk\/wp-json\/wp\/v2\/comments?post=102"}],"version-history":[{"count":10,"href":"https:\/\/multi-gyn.com\/dk\/wp-json\/wp\/v2\/product\/102\/revisions"}],"predecessor-version":[{"id":460,"href":"https:\/\/multi-gyn.com\/dk\/wp-json\/wp\/v2\/product\/102\/revisions\/460"}],"wp:featuredmedia":[{"embeddable":true,"href":"https:\/\/multi-gyn.com\/dk\/wp-json\/wp\/v2\/media\/103"}],"wp:attachment":[{"href":"https:\/\/multi-gyn.com\/dk\/wp-json\/wp\/v2\/media?parent=102"}],"wp:term":[{"taxonomy":"product_brand","embeddable":true,"href":"https:\/\/multi-gyn.com\/dk\/wp-json\/wp\/v2\/product_brand?post=102"},{"taxonomy":"product_cat","embeddable":true,"href":"https:\/\/multi-gyn.com\/dk\/wp-json\/wp\/v2\/product_cat?post=102"},{"taxonomy":"product_tag","embeddable":true,"href":"https:\/\/multi-gyn.com\/dk\/wp-json\/wp\/v2\/product_tag?post=102"}],"curies":[{"name":"wp","href":"https:\/\/api.w.org\/{rel}","templated":true}]}}