{"id":106,"date":"2022-08-30T11:33:25","date_gmt":"2022-08-30T09:33:25","guid":{"rendered":"https:\/\/multi-gyn.com\/rebrand-dk\/?post_type=product&#038;p=106"},"modified":"2026-01-22T08:36:34","modified_gmt":"2026-01-22T07:36:34","slug":"multi-gyn-liquigel","status":"publish","type":"product","link":"https:\/\/multi-gyn.com\/dk\/produkt\/multi-gyn-liquigel\/","title":{"rendered":"Multi-Gyn LiquiGel"},"content":{"rendered":"\n<div class=\"wp-block-karopharma-accordions is-style-secondary\"><div class=\"container\">\n<details class=\"wp-block-karopharma-accordion\"><summary><h2 class=\"accordion-title\">Hvor ofte skal jeg bruge Multi-Gyn LiquiGel?<\/h2><\/summary><div class=\"accordion-content\">\n<p>P\u00e5f\u00f8r Multi-Gyn LiquiGel mindst \u00e9n gang om dagen, eller n\u00e5r som helst der \u00f8nskes lindring.<\/p>\n<\/div><\/details>\n\n\n\n<details class=\"wp-block-karopharma-accordion\"><summary><h2 class=\"accordion-title\">Kan jeg ogs\u00e5 bruge Multi-Gyn LiquiGel i overgangsalderen?<\/h2><\/summary><div class=\"accordion-content\">\n<p>Ja, Multi-Gyn LiquiGel er beregnet til alle kvinder, der oplever t\u00f8rhed i skeden. Dette kan have forskellige \u00e5rsager, s\u00e5som hormonelle \u00e6ndringer, brug af medicin, kronisk sygdom, menstruation, efter en f\u00f8dsel, efter brug af tamponer osv.<\/p>\n<\/div><\/details>\n\n\n\n<details class=\"wp-block-karopharma-accordion\"><summary><h2 class=\"accordion-title\">Kan jeg bruge Multi-Gyn LiquiGel som glidecreme?<\/h2><\/summary><div class=\"accordion-content\">\n<p>Du kan godt bruge Multi-Gyn LiquiGel som glidecreme, men det er beregnet til at l\u00f8se problemer for kvinder, der oplever t\u00f8rhed i skeden p\u00e5 grund af hormonelle \u00e6ndringer eller kronisk brug af medicin. Det er dog ikke skadeligt at bruge den som glidecreme.<\/p>\n<\/div><\/details>\n<\/div><\/div>\n","protected":false},"excerpt":{"rendered":"<p>Behandler og lindrer t\u00f8rhed i skeden<\/p>\n","protected":false},"featured_media":107,"comment_status":"closed","ping_status":"closed","template":"","meta":{"_acf_changed":false,"footnotes":""},"product_brand":[],"product_cat":[19],"product_tag":[],"class_list":{"0":"post-106","1":"product","2":"type-product","3":"status-publish","4":"has-post-thumbnail","6":"product_cat-behandling","8":"first","9":"instock","10":"shipping-taxable","11":"product-type-simple"},"acf":[],"yoast_head":"<!-- This site is optimized with the Yoast SEO plugin v26.6 - https:\/\/yoast.com\/wordpress\/plugins\/seo\/ -->\n<title>Multi-Gyn LiquiGel - Multi-Gyn<\/title>\n<meta name=\"description\" content=\"Multi-Gyn LiquiGel behandler og lindrer \u00f8jeblikkeligt irritation og ubehag i forbindelse med t\u00f8rhed i skeden.\" \/>\n<meta name=\"robots\" content=\"index, follow, max-snippet:-1, max-image-preview:large, max-video-preview:-1\" \/>\n<link rel=\"canonical\" href=\"https:\/\/multi-gyn.com\/dk\/produkt\/multi-gyn-liquigel\/\" \/>\n<meta property=\"og:locale\" content=\"da_DK\" \/>\n<meta property=\"og:type\" content=\"article\" \/>\n<meta property=\"og:title\" content=\"Multi-Gyn LiquiGel - Multi-Gyn\" \/>\n<meta property=\"og:description\" content=\"Multi-Gyn LiquiGel behandler og lindrer \u00f8jeblikkeligt irritation og ubehag i forbindelse med t\u00f8rhed i skeden.\" \/>\n<meta property=\"og:url\" content=\"https:\/\/multi-gyn.com\/dk\/produkt\/multi-gyn-liquigel\/\" \/>\n<meta property=\"og:site_name\" content=\"Multi-Gyn\" \/>\n<meta property=\"article:modified_time\" content=\"2026-01-22T07:36:34+00:00\" \/>\n<meta property=\"og:image\" content=\"https:\/\/multi-gyn.com\/app\/uploads\/sites\/19\/2022\/08\/MGLiquiGel-1.webp\" \/>\n\t<meta property=\"og:image:width\" content=\"700\" \/>\n\t<meta property=\"og:image:height\" content=\"700\" \/>\n\t<meta property=\"og:image:type\" content=\"image\/webp\" \/>\n<meta name=\"twitter:card\" content=\"summary_large_image\" \/>\n<meta name=\"twitter:label1\" content=\"Estimeret l\u00e6setid\" \/>\n\t<meta name=\"twitter:data1\" content=\"1 minut\" \/>\n<script type=\"application\/ld+json\" class=\"yoast-schema-graph\">{\"@context\":\"https:\/\/schema.org\",\"@graph\":[{\"@type\":\"WebPage\",\"@id\":\"https:\/\/multi-gyn.com\/dk\/produkt\/multi-gyn-liquigel\/\",\"url\":\"https:\/\/multi-gyn.com\/dk\/produkt\/multi-gyn-liquigel\/\",\"name\":\"Multi-Gyn LiquiGel - Multi-Gyn\",\"isPartOf\":{\"@id\":\"https:\/\/multi-gyn.com\/dk\/#website\"},\"primaryImageOfPage\":{\"@id\":\"https:\/\/multi-gyn.com\/dk\/produkt\/multi-gyn-liquigel\/#primaryimage\"},\"image\":{\"@id\":\"https:\/\/multi-gyn.com\/dk\/produkt\/multi-gyn-liquigel\/#primaryimage\"},\"thumbnailUrl\":\"https:\/\/multi-gyn.com\/app\/uploads\/sites\/19\/2022\/08\/MGLiquiGel-1.webp\",\"datePublished\":\"2022-08-30T09:33:25+00:00\",\"dateModified\":\"2026-01-22T07:36:34+00:00\",\"description\":\"Multi-Gyn LiquiGel behandler og lindrer \u00f8jeblikkeligt irritation og ubehag i forbindelse med t\u00f8rhed i skeden.\",\"breadcrumb\":{\"@id\":\"https:\/\/multi-gyn.com\/dk\/produkt\/multi-gyn-liquigel\/#breadcrumb\"},\"inLanguage\":\"da-DK\",\"potentialAction\":[{\"@type\":\"ReadAction\",\"target\":[\"https:\/\/multi-gyn.com\/dk\/produkt\/multi-gyn-liquigel\/\"]}]},{\"@type\":\"ImageObject\",\"inLanguage\":\"da-DK\",\"@id\":\"https:\/\/multi-gyn.com\/dk\/produkt\/multi-gyn-liquigel\/#primaryimage\",\"url\":\"https:\/\/multi-gyn.com\/app\/uploads\/sites\/19\/2022\/08\/MGLiquiGel-1.webp\",\"contentUrl\":\"https:\/\/multi-gyn.com\/app\/uploads\/sites\/19\/2022\/08\/MGLiquiGel-1.webp\",\"width\":700,\"height\":700},{\"@type\":\"BreadcrumbList\",\"@id\":\"https:\/\/multi-gyn.com\/dk\/produkt\/multi-gyn-liquigel\/#breadcrumb\",\"itemListElement\":[{\"@type\":\"ListItem\",\"position\":1,\"name\":\"Home\",\"item\":\"https:\/\/multi-gyn.com\/dk\/\"},{\"@type\":\"ListItem\",\"position\":2,\"name\":\"Produkter\",\"item\":\"https:\/\/multi-gyn.com\/dk\/produkter\/\"},{\"@type\":\"ListItem\",\"position\":3,\"name\":\"Multi-Gyn LiquiGel\"}]},{\"@type\":\"WebSite\",\"@id\":\"https:\/\/multi-gyn.com\/dk\/#website\",\"url\":\"https:\/\/multi-gyn.com\/dk\/\",\"name\":\"Multi-Gyn\",\"description\":\"\",\"publisher\":{\"@id\":\"https:\/\/multi-gyn.com\/dk\/#organization\"},\"potentialAction\":[{\"@type\":\"SearchAction\",\"target\":{\"@type\":\"EntryPoint\",\"urlTemplate\":\"https:\/\/multi-gyn.com\/dk\/?s={search_term_string}\"},\"query-input\":{\"@type\":\"PropertyValueSpecification\",\"valueRequired\":true,\"valueName\":\"search_term_string\"}}],\"inLanguage\":\"da-DK\"},{\"@type\":\"Organization\",\"@id\":\"https:\/\/multi-gyn.com\/dk\/#organization\",\"name\":\"Multi-Gyn\",\"url\":\"https:\/\/multi-gyn.com\/dk\/\",\"logo\":{\"@type\":\"ImageObject\",\"inLanguage\":\"da-DK\",\"@id\":\"https:\/\/multi-gyn.com\/dk\/#\/schema\/logo\/image\/\",\"url\":\"https:\/\/multi-gyn.com\/app\/uploads\/sites\/19\/2022\/08\/multi-gyn-logo.png\",\"contentUrl\":\"https:\/\/multi-gyn.com\/app\/uploads\/sites\/19\/2022\/08\/multi-gyn-logo.png\",\"width\":149,\"height\":32,\"caption\":\"Multi-Gyn\"},\"image\":{\"@id\":\"https:\/\/multi-gyn.com\/dk\/#\/schema\/logo\/image\/\"}}]}<\/script>\n<!-- \/ Yoast SEO plugin. -->","yoast_head_json":{"title":"Multi-Gyn LiquiGel - Multi-Gyn","description":"Multi-Gyn LiquiGel behandler og lindrer \u00f8jeblikkeligt irritation og ubehag i forbindelse med t\u00f8rhed i skeden.","robots":{"index":"index","follow":"follow","max-snippet":"max-snippet:-1","max-image-preview":"max-image-preview:large","max-video-preview":"max-video-preview:-1"},"canonical":"https:\/\/multi-gyn.com\/dk\/produkt\/multi-gyn-liquigel\/","og_locale":"da_DK","og_type":"article","og_title":"Multi-Gyn LiquiGel - Multi-Gyn","og_description":"Multi-Gyn LiquiGel behandler og lindrer \u00f8jeblikkeligt irritation og ubehag i forbindelse med t\u00f8rhed i skeden.","og_url":"https:\/\/multi-gyn.com\/dk\/produkt\/multi-gyn-liquigel\/","og_site_name":"Multi-Gyn","article_modified_time":"2026-01-22T07:36:34+00:00","og_image":[{"width":700,"height":700,"url":"https:\/\/multi-gyn.com\/app\/uploads\/sites\/19\/2022\/08\/MGLiquiGel-1.webp","type":"image\/webp"}],"twitter_card":"summary_large_image","twitter_misc":{"Estimeret l\u00e6setid":"1 minut"},"schema":{"@context":"https:\/\/schema.org","@graph":[{"@type":"WebPage","@id":"https:\/\/multi-gyn.com\/dk\/produkt\/multi-gyn-liquigel\/","url":"https:\/\/multi-gyn.com\/dk\/produkt\/multi-gyn-liquigel\/","name":"Multi-Gyn LiquiGel - Multi-Gyn","isPartOf":{"@id":"https:\/\/multi-gyn.com\/dk\/#website"},"primaryImageOfPage":{"@id":"https:\/\/multi-gyn.com\/dk\/produkt\/multi-gyn-liquigel\/#primaryimage"},"image":{"@id":"https:\/\/multi-gyn.com\/dk\/produkt\/multi-gyn-liquigel\/#primaryimage"},"thumbnailUrl":"https:\/\/multi-gyn.com\/app\/uploads\/sites\/19\/2022\/08\/MGLiquiGel-1.webp","datePublished":"2022-08-30T09:33:25+00:00","dateModified":"2026-01-22T07:36:34+00:00","description":"Multi-Gyn LiquiGel behandler og lindrer \u00f8jeblikkeligt irritation og ubehag i forbindelse med t\u00f8rhed i skeden.","breadcrumb":{"@id":"https:\/\/multi-gyn.com\/dk\/produkt\/multi-gyn-liquigel\/#breadcrumb"},"inLanguage":"da-DK","potentialAction":[{"@type":"ReadAction","target":["https:\/\/multi-gyn.com\/dk\/produkt\/multi-gyn-liquigel\/"]}]},{"@type":"ImageObject","inLanguage":"da-DK","@id":"https:\/\/multi-gyn.com\/dk\/produkt\/multi-gyn-liquigel\/#primaryimage","url":"https:\/\/multi-gyn.com\/app\/uploads\/sites\/19\/2022\/08\/MGLiquiGel-1.webp","contentUrl":"https:\/\/multi-gyn.com\/app\/uploads\/sites\/19\/2022\/08\/MGLiquiGel-1.webp","width":700,"height":700},{"@type":"BreadcrumbList","@id":"https:\/\/multi-gyn.com\/dk\/produkt\/multi-gyn-liquigel\/#breadcrumb","itemListElement":[{"@type":"ListItem","position":1,"name":"Home","item":"https:\/\/multi-gyn.com\/dk\/"},{"@type":"ListItem","position":2,"name":"Produkter","item":"https:\/\/multi-gyn.com\/dk\/produkter\/"},{"@type":"ListItem","position":3,"name":"Multi-Gyn LiquiGel"}]},{"@type":"WebSite","@id":"https:\/\/multi-gyn.com\/dk\/#website","url":"https:\/\/multi-gyn.com\/dk\/","name":"Multi-Gyn","description":"","publisher":{"@id":"https:\/\/multi-gyn.com\/dk\/#organization"},"potentialAction":[{"@type":"SearchAction","target":{"@type":"EntryPoint","urlTemplate":"https:\/\/multi-gyn.com\/dk\/?s={search_term_string}"},"query-input":{"@type":"PropertyValueSpecification","valueRequired":true,"valueName":"search_term_string"}}],"inLanguage":"da-DK"},{"@type":"Organization","@id":"https:\/\/multi-gyn.com\/dk\/#organization","name":"Multi-Gyn","url":"https:\/\/multi-gyn.com\/dk\/","logo":{"@type":"ImageObject","inLanguage":"da-DK","@id":"https:\/\/multi-gyn.com\/dk\/#\/schema\/logo\/image\/","url":"https:\/\/multi-gyn.com\/app\/uploads\/sites\/19\/2022\/08\/multi-gyn-logo.png","contentUrl":"https:\/\/multi-gyn.com\/app\/uploads\/sites\/19\/2022\/08\/multi-gyn-logo.png","width":149,"height":32,"caption":"Multi-Gyn"},"image":{"@id":"https:\/\/multi-gyn.com\/dk\/#\/schema\/logo\/image\/"}}]}},"_links":{"self":[{"href":"https:\/\/multi-gyn.com\/dk\/wp-json\/wp\/v2\/product\/106","targetHints":{"allow":["GET"]}}],"collection":[{"href":"https:\/\/multi-gyn.com\/dk\/wp-json\/wp\/v2\/product"}],"about":[{"href":"https:\/\/multi-gyn.com\/dk\/wp-json\/wp\/v2\/types\/product"}],"replies":[{"embeddable":true,"href":"https:\/\/multi-gyn.com\/dk\/wp-json\/wp\/v2\/comments?post=106"}],"version-history":[{"count":10,"href":"https:\/\/multi-gyn.com\/dk\/wp-json\/wp\/v2\/product\/106\/revisions"}],"predecessor-version":[{"id":462,"href":"https:\/\/multi-gyn.com\/dk\/wp-json\/wp\/v2\/product\/106\/revisions\/462"}],"wp:featuredmedia":[{"embeddable":true,"href":"https:\/\/multi-gyn.com\/dk\/wp-json\/wp\/v2\/media\/107"}],"wp:attachment":[{"href":"https:\/\/multi-gyn.com\/dk\/wp-json\/wp\/v2\/media?parent=106"}],"wp:term":[{"taxonomy":"product_brand","embeddable":true,"href":"https:\/\/multi-gyn.com\/dk\/wp-json\/wp\/v2\/product_brand?post=106"},{"taxonomy":"product_cat","embeddable":true,"href":"https:\/\/multi-gyn.com\/dk\/wp-json\/wp\/v2\/product_cat?post=106"},{"taxonomy":"product_tag","embeddable":true,"href":"https:\/\/multi-gyn.com\/dk\/wp-json\/wp\/v2\/product_tag?post=106"}],"curies":[{"name":"wp","href":"https:\/\/api.w.org\/{rel}","templated":true}]}}