{"id":91,"date":"2022-08-30T10:34:58","date_gmt":"2022-08-30T08:34:58","guid":{"rendered":"https:\/\/multi-gyn.com\/rebrand-dk\/?post_type=product&#038;p=91"},"modified":"2026-01-22T08:33:01","modified_gmt":"2026-01-22T07:33:01","slug":"multi-gyn-actigel","status":"publish","type":"product","link":"https:\/\/multi-gyn.com\/dk\/produkt\/multi-gyn-actigel\/","title":{"rendered":"Multi-Gyn ActiGel"},"content":{"rendered":"\n<div class=\"wp-block-karopharma-accordions is-style-secondary\"><div class=\"container\">\n<details class=\"wp-block-karopharma-accordion\"><summary><h2 class=\"accordion-title\">Hvor ofte skal jeg bruge Multi-Gyn ActiGel?<\/h2><\/summary><div class=\"accordion-content\">\n<p>Til behandling af ubehag i skeden anbefaler vi brug af Multi-Gyn ActiGel to gange dagligt i mindst 5 dage i tr\u00e6k. Du kan dog bruge Multi-Gyn ActiGel, n\u00e5r som helst du \u00f8nsker det.<\/p>\n<\/div><\/details>\n\n\n\n<details class=\"wp-block-karopharma-accordion\"><summary><h2 class=\"accordion-title\">Hvorn\u00e5r vil jeg m\u00e6rke virkningen?<\/h2><\/summary><div class=\"accordion-content\">\n<p>Du kan m\u00e6rke en \u00f8jeblikkelig virkning, is\u00e6r ved symptomer som irritation eller kl\u00f8e. Det kan dog v\u00e6re forskelligt fra person til person.<\/p>\n<\/div><\/details>\n\n\n\n<details class=\"wp-block-karopharma-accordion\"><summary><h2 class=\"accordion-title\">Har Multi-Gyn ActiGel nogle bivirkninger?<\/h2><\/summary><div class=\"accordion-content\">\n<p>Nej, produktet har ingen kendte bivirkninger.<\/p>\n<\/div><\/details>\n\n\n\n<details class=\"wp-block-karopharma-accordion\"><summary><h2 class=\"accordion-title\">Mine gener er v\u00e6k. Skal jeg forts\u00e6tte med at bruge Multi-Gyn ActiGel?<\/h2><\/summary><div class=\"accordion-content\">\n<p>Nej, det er ikke n\u00f8dvendigt at bruge Multi-Gyn ActiGel kontinuerligt. Hvis du har lyst, kan du bruge Multi-Gyn ActiGel flere gange om ugen.<\/p>\n<\/div><\/details>\n\n\n\n<details class=\"wp-block-karopharma-accordion\"><summary><h2 class=\"accordion-title\">P\u00e5virker Multi-Gyn ActiGel brugen af antibiotika?<\/h2><\/summary><div class=\"accordion-content\">\n<p>Nej, Multi-Gyn ActiGel p\u00e5virker ikke antibiotika negativt. Faktisk anbefaler vi, at du bruger Multi-Gyn ActiGel under eller efter behandlingen med antibiotika.<\/p>\n<\/div><\/details>\n\n\n\n<details class=\"wp-block-karopharma-accordion\"><summary><h2 class=\"accordion-title\">Skal jeg bruge hele tuben?<\/h2><\/summary><div class=\"accordion-content\">\n<p>For at behandle bakteriel vaginose skal du bruge Multi-Gyn ActiGel mindst to gange om dagen i 5 dage i tr\u00e6k. Hvis dine gener er v\u00e6k efter de 5 dage, beh\u00f8ver du ikke bruge hele tuben.<\/p>\n<\/div><\/details>\n<\/div><\/div>\n","protected":false},"excerpt":{"rendered":"<p>Behandler bakteriel vaginose<\/p>\n","protected":false},"featured_media":96,"comment_status":"closed","ping_status":"closed","template":"","meta":{"_acf_changed":false,"footnotes":""},"product_brand":[],"product_cat":[19],"product_tag":[],"class_list":{"0":"post-91","1":"product","2":"type-product","3":"status-publish","4":"has-post-thumbnail","6":"product_cat-behandling","8":"first","9":"instock","10":"shipping-taxable","11":"product-type-simple"},"acf":[],"yoast_head":"<!-- This site is optimized with the Yoast SEO plugin v26.6 - https:\/\/yoast.com\/wordpress\/plugins\/seo\/ -->\n<title>Multi-Gyn ActiGel - Multi-Gyn<\/title>\n<meta name=\"description\" content=\"Multi-Gyn ActiGel behandler bakteriel vaginose og de relaterede symptomer s\u00e5som u\u00f8nsket udfl\u00e5d og lugt. Behandl med Multi-Gyn ActiGel for at f\u00e5 direkte lindring.\" \/>\n<meta name=\"robots\" content=\"index, follow, max-snippet:-1, max-image-preview:large, max-video-preview:-1\" \/>\n<link rel=\"canonical\" href=\"https:\/\/multi-gyn.com\/dk\/produkt\/multi-gyn-actigel\/\" \/>\n<meta property=\"og:locale\" content=\"da_DK\" \/>\n<meta property=\"og:type\" content=\"article\" \/>\n<meta property=\"og:title\" content=\"Multi-Gyn ActiGel - Multi-Gyn\" \/>\n<meta property=\"og:description\" content=\"Multi-Gyn ActiGel behandler bakteriel vaginose og de relaterede symptomer s\u00e5som u\u00f8nsket udfl\u00e5d og lugt. Behandl med Multi-Gyn ActiGel for at f\u00e5 direkte lindring.\" \/>\n<meta property=\"og:url\" content=\"https:\/\/multi-gyn.com\/dk\/produkt\/multi-gyn-actigel\/\" \/>\n<meta property=\"og:site_name\" content=\"Multi-Gyn\" \/>\n<meta property=\"article:modified_time\" content=\"2026-01-22T07:33:01+00:00\" \/>\n<meta property=\"og:image\" content=\"https:\/\/multi-gyn.com\/app\/uploads\/sites\/19\/2022\/08\/MGActiGelSE-1.webp\" \/>\n\t<meta property=\"og:image:width\" content=\"700\" \/>\n\t<meta property=\"og:image:height\" content=\"700\" \/>\n\t<meta property=\"og:image:type\" content=\"image\/webp\" \/>\n<meta name=\"twitter:card\" content=\"summary_large_image\" \/>\n<meta name=\"twitter:label1\" content=\"Estimeret l\u00e6setid\" \/>\n\t<meta name=\"twitter:data1\" content=\"2 minutter\" \/>\n<script type=\"application\/ld+json\" class=\"yoast-schema-graph\">{\"@context\":\"https:\/\/schema.org\",\"@graph\":[{\"@type\":\"WebPage\",\"@id\":\"https:\/\/multi-gyn.com\/dk\/produkt\/multi-gyn-actigel\/\",\"url\":\"https:\/\/multi-gyn.com\/dk\/produkt\/multi-gyn-actigel\/\",\"name\":\"Multi-Gyn ActiGel - Multi-Gyn\",\"isPartOf\":{\"@id\":\"https:\/\/multi-gyn.com\/dk\/#website\"},\"primaryImageOfPage\":{\"@id\":\"https:\/\/multi-gyn.com\/dk\/produkt\/multi-gyn-actigel\/#primaryimage\"},\"image\":{\"@id\":\"https:\/\/multi-gyn.com\/dk\/produkt\/multi-gyn-actigel\/#primaryimage\"},\"thumbnailUrl\":\"https:\/\/multi-gyn.com\/app\/uploads\/sites\/19\/2022\/08\/MGActiGelSE-1.webp\",\"datePublished\":\"2022-08-30T08:34:58+00:00\",\"dateModified\":\"2026-01-22T07:33:01+00:00\",\"description\":\"Multi-Gyn ActiGel behandler bakteriel vaginose og de relaterede symptomer s\u00e5som u\u00f8nsket udfl\u00e5d og lugt. Behandl med Multi-Gyn ActiGel for at f\u00e5 direkte lindring.\",\"breadcrumb\":{\"@id\":\"https:\/\/multi-gyn.com\/dk\/produkt\/multi-gyn-actigel\/#breadcrumb\"},\"inLanguage\":\"da-DK\",\"potentialAction\":[{\"@type\":\"ReadAction\",\"target\":[\"https:\/\/multi-gyn.com\/dk\/produkt\/multi-gyn-actigel\/\"]}]},{\"@type\":\"ImageObject\",\"inLanguage\":\"da-DK\",\"@id\":\"https:\/\/multi-gyn.com\/dk\/produkt\/multi-gyn-actigel\/#primaryimage\",\"url\":\"https:\/\/multi-gyn.com\/app\/uploads\/sites\/19\/2022\/08\/MGActiGelSE-1.webp\",\"contentUrl\":\"https:\/\/multi-gyn.com\/app\/uploads\/sites\/19\/2022\/08\/MGActiGelSE-1.webp\",\"width\":700,\"height\":700},{\"@type\":\"BreadcrumbList\",\"@id\":\"https:\/\/multi-gyn.com\/dk\/produkt\/multi-gyn-actigel\/#breadcrumb\",\"itemListElement\":[{\"@type\":\"ListItem\",\"position\":1,\"name\":\"Home\",\"item\":\"https:\/\/multi-gyn.com\/dk\/\"},{\"@type\":\"ListItem\",\"position\":2,\"name\":\"Produkter\",\"item\":\"https:\/\/multi-gyn.com\/dk\/produkter\/\"},{\"@type\":\"ListItem\",\"position\":3,\"name\":\"Multi-Gyn ActiGel\"}]},{\"@type\":\"WebSite\",\"@id\":\"https:\/\/multi-gyn.com\/dk\/#website\",\"url\":\"https:\/\/multi-gyn.com\/dk\/\",\"name\":\"Multi-Gyn\",\"description\":\"\",\"publisher\":{\"@id\":\"https:\/\/multi-gyn.com\/dk\/#organization\"},\"potentialAction\":[{\"@type\":\"SearchAction\",\"target\":{\"@type\":\"EntryPoint\",\"urlTemplate\":\"https:\/\/multi-gyn.com\/dk\/?s={search_term_string}\"},\"query-input\":{\"@type\":\"PropertyValueSpecification\",\"valueRequired\":true,\"valueName\":\"search_term_string\"}}],\"inLanguage\":\"da-DK\"},{\"@type\":\"Organization\",\"@id\":\"https:\/\/multi-gyn.com\/dk\/#organization\",\"name\":\"Multi-Gyn\",\"url\":\"https:\/\/multi-gyn.com\/dk\/\",\"logo\":{\"@type\":\"ImageObject\",\"inLanguage\":\"da-DK\",\"@id\":\"https:\/\/multi-gyn.com\/dk\/#\/schema\/logo\/image\/\",\"url\":\"https:\/\/multi-gyn.com\/app\/uploads\/sites\/19\/2022\/08\/multi-gyn-logo.png\",\"contentUrl\":\"https:\/\/multi-gyn.com\/app\/uploads\/sites\/19\/2022\/08\/multi-gyn-logo.png\",\"width\":149,\"height\":32,\"caption\":\"Multi-Gyn\"},\"image\":{\"@id\":\"https:\/\/multi-gyn.com\/dk\/#\/schema\/logo\/image\/\"}}]}<\/script>\n<!-- \/ Yoast SEO plugin. -->","yoast_head_json":{"title":"Multi-Gyn ActiGel - Multi-Gyn","description":"Multi-Gyn ActiGel behandler bakteriel vaginose og de relaterede symptomer s\u00e5som u\u00f8nsket udfl\u00e5d og lugt. Behandl med Multi-Gyn ActiGel for at f\u00e5 direkte lindring.","robots":{"index":"index","follow":"follow","max-snippet":"max-snippet:-1","max-image-preview":"max-image-preview:large","max-video-preview":"max-video-preview:-1"},"canonical":"https:\/\/multi-gyn.com\/dk\/produkt\/multi-gyn-actigel\/","og_locale":"da_DK","og_type":"article","og_title":"Multi-Gyn ActiGel - Multi-Gyn","og_description":"Multi-Gyn ActiGel behandler bakteriel vaginose og de relaterede symptomer s\u00e5som u\u00f8nsket udfl\u00e5d og lugt. Behandl med Multi-Gyn ActiGel for at f\u00e5 direkte lindring.","og_url":"https:\/\/multi-gyn.com\/dk\/produkt\/multi-gyn-actigel\/","og_site_name":"Multi-Gyn","article_modified_time":"2026-01-22T07:33:01+00:00","og_image":[{"width":700,"height":700,"url":"https:\/\/multi-gyn.com\/app\/uploads\/sites\/19\/2022\/08\/MGActiGelSE-1.webp","type":"image\/webp"}],"twitter_card":"summary_large_image","twitter_misc":{"Estimeret l\u00e6setid":"2 minutter"},"schema":{"@context":"https:\/\/schema.org","@graph":[{"@type":"WebPage","@id":"https:\/\/multi-gyn.com\/dk\/produkt\/multi-gyn-actigel\/","url":"https:\/\/multi-gyn.com\/dk\/produkt\/multi-gyn-actigel\/","name":"Multi-Gyn ActiGel - Multi-Gyn","isPartOf":{"@id":"https:\/\/multi-gyn.com\/dk\/#website"},"primaryImageOfPage":{"@id":"https:\/\/multi-gyn.com\/dk\/produkt\/multi-gyn-actigel\/#primaryimage"},"image":{"@id":"https:\/\/multi-gyn.com\/dk\/produkt\/multi-gyn-actigel\/#primaryimage"},"thumbnailUrl":"https:\/\/multi-gyn.com\/app\/uploads\/sites\/19\/2022\/08\/MGActiGelSE-1.webp","datePublished":"2022-08-30T08:34:58+00:00","dateModified":"2026-01-22T07:33:01+00:00","description":"Multi-Gyn ActiGel behandler bakteriel vaginose og de relaterede symptomer s\u00e5som u\u00f8nsket udfl\u00e5d og lugt. Behandl med Multi-Gyn ActiGel for at f\u00e5 direkte lindring.","breadcrumb":{"@id":"https:\/\/multi-gyn.com\/dk\/produkt\/multi-gyn-actigel\/#breadcrumb"},"inLanguage":"da-DK","potentialAction":[{"@type":"ReadAction","target":["https:\/\/multi-gyn.com\/dk\/produkt\/multi-gyn-actigel\/"]}]},{"@type":"ImageObject","inLanguage":"da-DK","@id":"https:\/\/multi-gyn.com\/dk\/produkt\/multi-gyn-actigel\/#primaryimage","url":"https:\/\/multi-gyn.com\/app\/uploads\/sites\/19\/2022\/08\/MGActiGelSE-1.webp","contentUrl":"https:\/\/multi-gyn.com\/app\/uploads\/sites\/19\/2022\/08\/MGActiGelSE-1.webp","width":700,"height":700},{"@type":"BreadcrumbList","@id":"https:\/\/multi-gyn.com\/dk\/produkt\/multi-gyn-actigel\/#breadcrumb","itemListElement":[{"@type":"ListItem","position":1,"name":"Home","item":"https:\/\/multi-gyn.com\/dk\/"},{"@type":"ListItem","position":2,"name":"Produkter","item":"https:\/\/multi-gyn.com\/dk\/produkter\/"},{"@type":"ListItem","position":3,"name":"Multi-Gyn ActiGel"}]},{"@type":"WebSite","@id":"https:\/\/multi-gyn.com\/dk\/#website","url":"https:\/\/multi-gyn.com\/dk\/","name":"Multi-Gyn","description":"","publisher":{"@id":"https:\/\/multi-gyn.com\/dk\/#organization"},"potentialAction":[{"@type":"SearchAction","target":{"@type":"EntryPoint","urlTemplate":"https:\/\/multi-gyn.com\/dk\/?s={search_term_string}"},"query-input":{"@type":"PropertyValueSpecification","valueRequired":true,"valueName":"search_term_string"}}],"inLanguage":"da-DK"},{"@type":"Organization","@id":"https:\/\/multi-gyn.com\/dk\/#organization","name":"Multi-Gyn","url":"https:\/\/multi-gyn.com\/dk\/","logo":{"@type":"ImageObject","inLanguage":"da-DK","@id":"https:\/\/multi-gyn.com\/dk\/#\/schema\/logo\/image\/","url":"https:\/\/multi-gyn.com\/app\/uploads\/sites\/19\/2022\/08\/multi-gyn-logo.png","contentUrl":"https:\/\/multi-gyn.com\/app\/uploads\/sites\/19\/2022\/08\/multi-gyn-logo.png","width":149,"height":32,"caption":"Multi-Gyn"},"image":{"@id":"https:\/\/multi-gyn.com\/dk\/#\/schema\/logo\/image\/"}}]}},"_links":{"self":[{"href":"https:\/\/multi-gyn.com\/dk\/wp-json\/wp\/v2\/product\/91","targetHints":{"allow":["GET"]}}],"collection":[{"href":"https:\/\/multi-gyn.com\/dk\/wp-json\/wp\/v2\/product"}],"about":[{"href":"https:\/\/multi-gyn.com\/dk\/wp-json\/wp\/v2\/types\/product"}],"replies":[{"embeddable":true,"href":"https:\/\/multi-gyn.com\/dk\/wp-json\/wp\/v2\/comments?post=91"}],"version-history":[{"count":10,"href":"https:\/\/multi-gyn.com\/dk\/wp-json\/wp\/v2\/product\/91\/revisions"}],"predecessor-version":[{"id":456,"href":"https:\/\/multi-gyn.com\/dk\/wp-json\/wp\/v2\/product\/91\/revisions\/456"}],"wp:featuredmedia":[{"embeddable":true,"href":"https:\/\/multi-gyn.com\/dk\/wp-json\/wp\/v2\/media\/96"}],"wp:attachment":[{"href":"https:\/\/multi-gyn.com\/dk\/wp-json\/wp\/v2\/media?parent=91"}],"wp:term":[{"taxonomy":"product_brand","embeddable":true,"href":"https:\/\/multi-gyn.com\/dk\/wp-json\/wp\/v2\/product_brand?post=91"},{"taxonomy":"product_cat","embeddable":true,"href":"https:\/\/multi-gyn.com\/dk\/wp-json\/wp\/v2\/product_cat?post=91"},{"taxonomy":"product_tag","embeddable":true,"href":"https:\/\/multi-gyn.com\/dk\/wp-json\/wp\/v2\/product_tag?post=91"}],"curies":[{"name":"wp","href":"https:\/\/api.w.org\/{rel}","templated":true}]}}