{"id":98,"date":"2022-08-30T11:09:06","date_gmt":"2022-08-30T09:09:06","guid":{"rendered":"https:\/\/multi-gyn.com\/rebrand-dk\/?post_type=product&#038;p=98"},"modified":"2026-01-22T08:34:35","modified_gmt":"2026-01-22T07:34:35","slug":"multi-gyn-calmingcream","status":"publish","type":"product","link":"https:\/\/multi-gyn.com\/dk\/produkt\/multi-gyn-calmingcream\/","title":{"rendered":"Multi-Gyn CalmingCream"},"content":{"rendered":"\n<div class=\"wp-block-karopharma-accordions is-style-secondary\"><div class=\"container\">\n<details class=\"wp-block-karopharma-accordion\"><summary><h2 class=\"accordion-title\">Hvor ofte kan jeg bruge Multi-Gyn CalmingCream?<\/h2><\/summary><div class=\"accordion-content\">\n<p>Cremen er velegnet til dagligt brug.<\/p>\n<\/div><\/details>\n\n\n\n<details class=\"wp-block-karopharma-accordion\"><summary><h2 class=\"accordion-title\">Kan jeg bruge Multi-Gyn CalmingCream inde i skeden?<\/h2><\/summary><div class=\"accordion-content\">\n<p>Nej, CalmingCream er velegnet til brug i det ydre intimomr\u00e5de.<\/p>\n<\/div><\/details>\n\n\n\n<details class=\"wp-block-karopharma-accordion\"><summary><h2 class=\"accordion-title\">Kan jeg bruge Multi-Gyn CalmingCream, n\u00e5r jeg har bakteriel vaginose eller vaginal svamp?<\/h2><\/summary><div class=\"accordion-content\">\n<p>Multi-Gyn CalmingCream behandler ikke bakteriel vaginose eller vaginal svamp. Produktet kan dog bruges i kombination med Multi-Gyn ActiGel (behandling af bakteriel vaginose) eller Multi-Gyn FloraPlus (behandling af skedesvamp) for at lindre og beskytte den irriterede og\/eller t\u00f8rre hud i intimomr\u00e5det.<\/p>\n<\/div><\/details>\n\n\n\n<details class=\"wp-block-karopharma-accordion\"><summary><h2 class=\"accordion-title\">Hvordan bruger jeg Multi-Gyn CalmingCream?<\/h2><\/summary><div class=\"accordion-content\">\n<p>Multi-Gyn CalmingCream er designet til brug i de ydre dele af intimomr\u00e5det, lige uden for skeden og omkring anus. P\u00e5f\u00f8r et tyndt lag creme p\u00e5 den intime hud en gang dagligt eller efter behov. M\u00e6ngden til at d\u00e6kke fingerspidsen er normalt tilstr\u00e6kkelig. Velegnet til daglig brug. Opbevares ved 10-25C.<\/p>\n<\/div><\/details>\n\n\n\n<details class=\"wp-block-karopharma-accordion\"><summary><h2 class=\"accordion-title\">Hvor l\u00e6nge kan jeg bruge Multi-Gyn CalmingCream efter \u00e5bning af tuben?<\/h2><\/summary><div class=\"accordion-content\">\n<p>Du kan bruge Multi-Gyn CalmingCream indtil udl\u00f8bsdato, der er trykt p\u00e5 bunden af \u200b\u200bpakken og toppen af \u200b\u200btuben.<\/p>\n<\/div><\/details>\n<\/div><\/div>\n","protected":false},"excerpt":{"rendered":"<p>Lindrer og beskytter irriteret og t\u00f8r hud i det intime omr\u00e5de<\/p>\n","protected":false},"featured_media":99,"comment_status":"closed","ping_status":"closed","template":"","meta":{"_acf_changed":false,"footnotes":""},"product_brand":[],"product_cat":[19],"product_tag":[],"class_list":{"0":"post-98","1":"product","2":"type-product","3":"status-publish","4":"has-post-thumbnail","6":"product_cat-behandling","8":"first","9":"instock","10":"shipping-taxable","11":"product-type-simple"},"acf":[],"yoast_head":"<!-- This site is optimized with the Yoast SEO plugin v26.6 - https:\/\/yoast.com\/wordpress\/plugins\/seo\/ -->\n<title>Multi-Gyn CalmingCream - Multi-Gyn<\/title>\n<meta name=\"description\" content=\"Multi-Gyn CalmingCream er specielt udviklet til at fugte, berolige og beskytte huden i det ydre intime omr\u00e5de. Irritation i det ydre intimomr\u00e5de kan blandt andet opst\u00e5 p\u00e5 grund af barbering\/voksning, bind, trusseindl\u00e6g, t\u00f8j, sved, s\u00e6be eller seksuel aktivitet.\" \/>\n<meta name=\"robots\" content=\"index, follow, max-snippet:-1, max-image-preview:large, max-video-preview:-1\" \/>\n<link rel=\"canonical\" href=\"https:\/\/multi-gyn.com\/dk\/produkt\/multi-gyn-calmingcream\/\" \/>\n<meta property=\"og:locale\" content=\"da_DK\" \/>\n<meta property=\"og:type\" content=\"article\" \/>\n<meta property=\"og:title\" content=\"Multi-Gyn CalmingCream - Multi-Gyn\" \/>\n<meta property=\"og:description\" content=\"Multi-Gyn CalmingCream er specielt udviklet til at fugte, berolige og beskytte huden i det ydre intime omr\u00e5de. Irritation i det ydre intimomr\u00e5de kan blandt andet opst\u00e5 p\u00e5 grund af barbering\/voksning, bind, trusseindl\u00e6g, t\u00f8j, sved, s\u00e6be eller seksuel aktivitet.\" \/>\n<meta property=\"og:url\" content=\"https:\/\/multi-gyn.com\/dk\/produkt\/multi-gyn-calmingcream\/\" \/>\n<meta property=\"og:site_name\" content=\"Multi-Gyn\" \/>\n<meta property=\"article:modified_time\" content=\"2026-01-22T07:34:35+00:00\" \/>\n<meta property=\"og:image\" content=\"https:\/\/multi-gyn.com\/app\/uploads\/sites\/19\/2022\/08\/MultiGynCalmingCreampngsplash-1.webp\" \/>\n\t<meta property=\"og:image:width\" content=\"700\" \/>\n\t<meta property=\"og:image:height\" content=\"700\" \/>\n\t<meta property=\"og:image:type\" content=\"image\/webp\" \/>\n<meta name=\"twitter:card\" content=\"summary_large_image\" \/>\n<meta name=\"twitter:label1\" content=\"Estimeret l\u00e6setid\" \/>\n\t<meta name=\"twitter:data1\" content=\"2 minutter\" \/>\n<script type=\"application\/ld+json\" class=\"yoast-schema-graph\">{\"@context\":\"https:\/\/schema.org\",\"@graph\":[{\"@type\":\"WebPage\",\"@id\":\"https:\/\/multi-gyn.com\/dk\/produkt\/multi-gyn-calmingcream\/\",\"url\":\"https:\/\/multi-gyn.com\/dk\/produkt\/multi-gyn-calmingcream\/\",\"name\":\"Multi-Gyn CalmingCream - Multi-Gyn\",\"isPartOf\":{\"@id\":\"https:\/\/multi-gyn.com\/dk\/#website\"},\"primaryImageOfPage\":{\"@id\":\"https:\/\/multi-gyn.com\/dk\/produkt\/multi-gyn-calmingcream\/#primaryimage\"},\"image\":{\"@id\":\"https:\/\/multi-gyn.com\/dk\/produkt\/multi-gyn-calmingcream\/#primaryimage\"},\"thumbnailUrl\":\"https:\/\/multi-gyn.com\/app\/uploads\/sites\/19\/2022\/08\/MultiGynCalmingCreampngsplash-1.webp\",\"datePublished\":\"2022-08-30T09:09:06+00:00\",\"dateModified\":\"2026-01-22T07:34:35+00:00\",\"description\":\"Multi-Gyn CalmingCream er specielt udviklet til at fugte, berolige og beskytte huden i det ydre intime omr\u00e5de. Irritation i det ydre intimomr\u00e5de kan blandt andet opst\u00e5 p\u00e5 grund af barbering\/voksning, bind, trusseindl\u00e6g, t\u00f8j, sved, s\u00e6be eller seksuel aktivitet.\",\"breadcrumb\":{\"@id\":\"https:\/\/multi-gyn.com\/dk\/produkt\/multi-gyn-calmingcream\/#breadcrumb\"},\"inLanguage\":\"da-DK\",\"potentialAction\":[{\"@type\":\"ReadAction\",\"target\":[\"https:\/\/multi-gyn.com\/dk\/produkt\/multi-gyn-calmingcream\/\"]}]},{\"@type\":\"ImageObject\",\"inLanguage\":\"da-DK\",\"@id\":\"https:\/\/multi-gyn.com\/dk\/produkt\/multi-gyn-calmingcream\/#primaryimage\",\"url\":\"https:\/\/multi-gyn.com\/app\/uploads\/sites\/19\/2022\/08\/MultiGynCalmingCreampngsplash-1.webp\",\"contentUrl\":\"https:\/\/multi-gyn.com\/app\/uploads\/sites\/19\/2022\/08\/MultiGynCalmingCreampngsplash-1.webp\",\"width\":700,\"height\":700,\"caption\":\"MultiGynCalmingCreampngsplash-1\"},{\"@type\":\"BreadcrumbList\",\"@id\":\"https:\/\/multi-gyn.com\/dk\/produkt\/multi-gyn-calmingcream\/#breadcrumb\",\"itemListElement\":[{\"@type\":\"ListItem\",\"position\":1,\"name\":\"Home\",\"item\":\"https:\/\/multi-gyn.com\/dk\/\"},{\"@type\":\"ListItem\",\"position\":2,\"name\":\"Produkter\",\"item\":\"https:\/\/multi-gyn.com\/dk\/produkter\/\"},{\"@type\":\"ListItem\",\"position\":3,\"name\":\"Multi-Gyn CalmingCream\"}]},{\"@type\":\"WebSite\",\"@id\":\"https:\/\/multi-gyn.com\/dk\/#website\",\"url\":\"https:\/\/multi-gyn.com\/dk\/\",\"name\":\"Multi-Gyn\",\"description\":\"\",\"publisher\":{\"@id\":\"https:\/\/multi-gyn.com\/dk\/#organization\"},\"potentialAction\":[{\"@type\":\"SearchAction\",\"target\":{\"@type\":\"EntryPoint\",\"urlTemplate\":\"https:\/\/multi-gyn.com\/dk\/?s={search_term_string}\"},\"query-input\":{\"@type\":\"PropertyValueSpecification\",\"valueRequired\":true,\"valueName\":\"search_term_string\"}}],\"inLanguage\":\"da-DK\"},{\"@type\":\"Organization\",\"@id\":\"https:\/\/multi-gyn.com\/dk\/#organization\",\"name\":\"Multi-Gyn\",\"url\":\"https:\/\/multi-gyn.com\/dk\/\",\"logo\":{\"@type\":\"ImageObject\",\"inLanguage\":\"da-DK\",\"@id\":\"https:\/\/multi-gyn.com\/dk\/#\/schema\/logo\/image\/\",\"url\":\"https:\/\/multi-gyn.com\/app\/uploads\/sites\/19\/2022\/08\/multi-gyn-logo.png\",\"contentUrl\":\"https:\/\/multi-gyn.com\/app\/uploads\/sites\/19\/2022\/08\/multi-gyn-logo.png\",\"width\":149,\"height\":32,\"caption\":\"Multi-Gyn\"},\"image\":{\"@id\":\"https:\/\/multi-gyn.com\/dk\/#\/schema\/logo\/image\/\"}}]}<\/script>\n<!-- \/ Yoast SEO plugin. -->","yoast_head_json":{"title":"Multi-Gyn CalmingCream - Multi-Gyn","description":"Multi-Gyn CalmingCream er specielt udviklet til at fugte, berolige og beskytte huden i det ydre intime omr\u00e5de. Irritation i det ydre intimomr\u00e5de kan blandt andet opst\u00e5 p\u00e5 grund af barbering\/voksning, bind, trusseindl\u00e6g, t\u00f8j, sved, s\u00e6be eller seksuel aktivitet.","robots":{"index":"index","follow":"follow","max-snippet":"max-snippet:-1","max-image-preview":"max-image-preview:large","max-video-preview":"max-video-preview:-1"},"canonical":"https:\/\/multi-gyn.com\/dk\/produkt\/multi-gyn-calmingcream\/","og_locale":"da_DK","og_type":"article","og_title":"Multi-Gyn CalmingCream - Multi-Gyn","og_description":"Multi-Gyn CalmingCream er specielt udviklet til at fugte, berolige og beskytte huden i det ydre intime omr\u00e5de. Irritation i det ydre intimomr\u00e5de kan blandt andet opst\u00e5 p\u00e5 grund af barbering\/voksning, bind, trusseindl\u00e6g, t\u00f8j, sved, s\u00e6be eller seksuel aktivitet.","og_url":"https:\/\/multi-gyn.com\/dk\/produkt\/multi-gyn-calmingcream\/","og_site_name":"Multi-Gyn","article_modified_time":"2026-01-22T07:34:35+00:00","og_image":[{"width":700,"height":700,"url":"https:\/\/multi-gyn.com\/app\/uploads\/sites\/19\/2022\/08\/MultiGynCalmingCreampngsplash-1.webp","type":"image\/webp"}],"twitter_card":"summary_large_image","twitter_misc":{"Estimeret l\u00e6setid":"2 minutter"},"schema":{"@context":"https:\/\/schema.org","@graph":[{"@type":"WebPage","@id":"https:\/\/multi-gyn.com\/dk\/produkt\/multi-gyn-calmingcream\/","url":"https:\/\/multi-gyn.com\/dk\/produkt\/multi-gyn-calmingcream\/","name":"Multi-Gyn CalmingCream - Multi-Gyn","isPartOf":{"@id":"https:\/\/multi-gyn.com\/dk\/#website"},"primaryImageOfPage":{"@id":"https:\/\/multi-gyn.com\/dk\/produkt\/multi-gyn-calmingcream\/#primaryimage"},"image":{"@id":"https:\/\/multi-gyn.com\/dk\/produkt\/multi-gyn-calmingcream\/#primaryimage"},"thumbnailUrl":"https:\/\/multi-gyn.com\/app\/uploads\/sites\/19\/2022\/08\/MultiGynCalmingCreampngsplash-1.webp","datePublished":"2022-08-30T09:09:06+00:00","dateModified":"2026-01-22T07:34:35+00:00","description":"Multi-Gyn CalmingCream er specielt udviklet til at fugte, berolige og beskytte huden i det ydre intime omr\u00e5de. Irritation i det ydre intimomr\u00e5de kan blandt andet opst\u00e5 p\u00e5 grund af barbering\/voksning, bind, trusseindl\u00e6g, t\u00f8j, sved, s\u00e6be eller seksuel aktivitet.","breadcrumb":{"@id":"https:\/\/multi-gyn.com\/dk\/produkt\/multi-gyn-calmingcream\/#breadcrumb"},"inLanguage":"da-DK","potentialAction":[{"@type":"ReadAction","target":["https:\/\/multi-gyn.com\/dk\/produkt\/multi-gyn-calmingcream\/"]}]},{"@type":"ImageObject","inLanguage":"da-DK","@id":"https:\/\/multi-gyn.com\/dk\/produkt\/multi-gyn-calmingcream\/#primaryimage","url":"https:\/\/multi-gyn.com\/app\/uploads\/sites\/19\/2022\/08\/MultiGynCalmingCreampngsplash-1.webp","contentUrl":"https:\/\/multi-gyn.com\/app\/uploads\/sites\/19\/2022\/08\/MultiGynCalmingCreampngsplash-1.webp","width":700,"height":700,"caption":"MultiGynCalmingCreampngsplash-1"},{"@type":"BreadcrumbList","@id":"https:\/\/multi-gyn.com\/dk\/produkt\/multi-gyn-calmingcream\/#breadcrumb","itemListElement":[{"@type":"ListItem","position":1,"name":"Home","item":"https:\/\/multi-gyn.com\/dk\/"},{"@type":"ListItem","position":2,"name":"Produkter","item":"https:\/\/multi-gyn.com\/dk\/produkter\/"},{"@type":"ListItem","position":3,"name":"Multi-Gyn CalmingCream"}]},{"@type":"WebSite","@id":"https:\/\/multi-gyn.com\/dk\/#website","url":"https:\/\/multi-gyn.com\/dk\/","name":"Multi-Gyn","description":"","publisher":{"@id":"https:\/\/multi-gyn.com\/dk\/#organization"},"potentialAction":[{"@type":"SearchAction","target":{"@type":"EntryPoint","urlTemplate":"https:\/\/multi-gyn.com\/dk\/?s={search_term_string}"},"query-input":{"@type":"PropertyValueSpecification","valueRequired":true,"valueName":"search_term_string"}}],"inLanguage":"da-DK"},{"@type":"Organization","@id":"https:\/\/multi-gyn.com\/dk\/#organization","name":"Multi-Gyn","url":"https:\/\/multi-gyn.com\/dk\/","logo":{"@type":"ImageObject","inLanguage":"da-DK","@id":"https:\/\/multi-gyn.com\/dk\/#\/schema\/logo\/image\/","url":"https:\/\/multi-gyn.com\/app\/uploads\/sites\/19\/2022\/08\/multi-gyn-logo.png","contentUrl":"https:\/\/multi-gyn.com\/app\/uploads\/sites\/19\/2022\/08\/multi-gyn-logo.png","width":149,"height":32,"caption":"Multi-Gyn"},"image":{"@id":"https:\/\/multi-gyn.com\/dk\/#\/schema\/logo\/image\/"}}]}},"_links":{"self":[{"href":"https:\/\/multi-gyn.com\/dk\/wp-json\/wp\/v2\/product\/98","targetHints":{"allow":["GET"]}}],"collection":[{"href":"https:\/\/multi-gyn.com\/dk\/wp-json\/wp\/v2\/product"}],"about":[{"href":"https:\/\/multi-gyn.com\/dk\/wp-json\/wp\/v2\/types\/product"}],"replies":[{"embeddable":true,"href":"https:\/\/multi-gyn.com\/dk\/wp-json\/wp\/v2\/comments?post=98"}],"version-history":[{"count":10,"href":"https:\/\/multi-gyn.com\/dk\/wp-json\/wp\/v2\/product\/98\/revisions"}],"predecessor-version":[{"id":458,"href":"https:\/\/multi-gyn.com\/dk\/wp-json\/wp\/v2\/product\/98\/revisions\/458"}],"wp:featuredmedia":[{"embeddable":true,"href":"https:\/\/multi-gyn.com\/dk\/wp-json\/wp\/v2\/media\/99"}],"wp:attachment":[{"href":"https:\/\/multi-gyn.com\/dk\/wp-json\/wp\/v2\/media?parent=98"}],"wp:term":[{"taxonomy":"product_brand","embeddable":true,"href":"https:\/\/multi-gyn.com\/dk\/wp-json\/wp\/v2\/product_brand?post=98"},{"taxonomy":"product_cat","embeddable":true,"href":"https:\/\/multi-gyn.com\/dk\/wp-json\/wp\/v2\/product_cat?post=98"},{"taxonomy":"product_tag","embeddable":true,"href":"https:\/\/multi-gyn.com\/dk\/wp-json\/wp\/v2\/product_tag?post=98"}],"curies":[{"name":"wp","href":"https:\/\/api.w.org\/{rel}","templated":true}]}}