{"id":69,"date":"2022-12-19T15:56:21","date_gmt":"2022-12-19T13:56:21","guid":{"rendered":"https:\/\/multi-gyn.com\/ee\/?page_id=69"},"modified":"2025-10-09T17:17:20","modified_gmt":"2025-10-09T14:17:20","slug":"kkk","status":"publish","type":"page","link":"https:\/\/multi-gyn.com\/ee\/kkk\/","title":{"rendered":"KKK"},"content":{"rendered":"\n<div class=\"wp-block-karopharma-free-text pt-large pb-large bg-center bg-cover bg-no-repeat\" style=\"background-image:url(https:\/\/multi-gyn.com\/cdn-cgi\/image\/format=auto\/app\/uploads\/sites\/39\/2025\/10\/Multi-Gyn_1920x750_Banner_FAQ.jpg)\"><div class=\"free-text-wrapper container max-w-medium text-center\">\n<div style=\"height:100px\" aria-hidden=\"true\" class=\"wp-block-spacer is-style-responsive-medium\"><\/div>\n\n\n\n<h1 class=\"wp-block-heading is-style-heading-huge has-white-color has-text-color\">KKK<\/h1>\n\n\n\n<div style=\"height:100px\" aria-hidden=\"true\" class=\"wp-block-spacer is-style-responsive-medium\"><\/div>\n<\/div><\/div>\n\n\n\n<div class=\"wp-block-karopharma-accordions\"><div class=\"container\">\n<details class=\"wp-block-karopharma-accordion\"><summary><h2 class=\"accordion-title\">Mis on bakteriaalne vaginoos?<\/h2><\/summary><div class=\"accordion-content\">\n<p>Enamik tuppesid l\u00f5hnab aeg-ajalt veidi ja tavaliselt pole selle p\u00e4rast vaja muretseda. Aga kui sinu tupest tulev l\u00f5hn on tugev ja meenutab m\u00e4danenud kala, v\u00f5ib see olla m\u00e4rk bakteriaalsest vaginoosist ehk BV-st. Bakteriaalne vaginoos on k\u00f5ige levinum tupeinfektsioon, mis p\u00f5hjustab ebameeldivat l\u00f5hna tupes, m\u00f5jutades Euroopas kuni iga neljandat naist. Suurim risk BV-le on fertiilses eas naistel, kuid nakatuda v\u00f5ivad igas vanuses naised. Ehkki BV on p\u00f5hjustatud bakterite tasakaalu h\u00e4irumisest ja seda ei peeta sugulisel teel levivaks haiguseks, v\u00f5ib see suurendada sinu riski haigestuda raskemasse haigusse, n\u00e4iteks klam\u00fc\u00fcdiasse. Hea uudis on see, et BV-d saab h\u00f5lpsasti ravida ja v\u00e4ltida looduslike toodetega, mida saad osta veebis v\u00f5i kohalikust apteegist.<\/p>\n<\/div><\/details>\n\n\n\n<details class=\"wp-block-karopharma-accordion\"><summary><h2 class=\"accordion-title\">Mis on tupeseene infektsioon?<\/h2><\/summary><div class=\"accordion-content\">\n<p>Kas sinu tupp on s\u00fcgelev ja \u00e4rritunud? Kas oled m\u00e4rganud paksu, valget ja t\u00fckilist voolust? Kas tunned vannituppa minnes tupeava \u00fcmber p\u00f5letustunnet? Siis v\u00f5ib sul olla p\u00e4rmseene infektsioon ja sa pole \u00fcksi. Koguni kolmel naisel neljast on p\u00e4rmseen v\u00e4hemalt korra elus ja paljud naised kannatavad korduvate infektsioonide k\u00e4es. \u00d5nneks ei ole p\u00e4rmseene infektsioonid ohtlikud ning enamikku neist saab h\u00f5lpsasti ravida ja ennetada toodetega, mida saad osta veebist v\u00f5i leida kohalikust apteegist.<\/p>\n<\/div><\/details>\n\n\n\n<details class=\"wp-block-karopharma-accordion\"><summary><h2 class=\"accordion-title\">Miks on mu tupp kuiv?<\/h2><\/summary><div class=\"accordion-content\">\n<p>Kuumahood ja ebaregulaarsed p\u00e4evad on kaks tuntud m\u00e4rki sellest, et menopaus v\u00f5ib uksele koputada. Kuid kas teadsid, et tupekuivus ja tupe\u00e4rritus on veel \u00fched menopausi s\u00fcmptomid? Sest vananedes muutub ka sinu tupp. Tavaliselt aitab \u00f6strogeen niisutada tuppe ja hoida seda tervena, kuid menopausi ajal langeb naissuguhormooni tootmine m\u00e4rkimisv\u00e4\u00e4rselt. Selle tulemusel muutuvad tupe seinad \u00f5hemaks, kuivaks ja on altid p\u00f5letikule. Seda seisundit nimetatakse tupe atroofiaks. Kuid menopaus pole ainus p\u00f5hjus, miks \u00f6strogeeni tase v\u00f5ib langeda. S\u00fcnnitus, imetamine, teatud haigusseisundid ja suukaudsete rasestumisvastaste vahendite kasutamine v\u00f5ivad samuti v\u00e4hendada \u00f6strogeeni ja p\u00f5hjustada kuivust tupes. M\u00f5nel juhul ei ole kuiv tupp \u00fcldse seotud \u00f6strogeeniga vaid liigse h\u00fcgieeniga. S\u00f5ltumata sellest, mis p\u00f5hjustab sinu tupe muutumist \u201cSahara k\u00f5rbeks\u201d on olemas ohutuid ja t\u00f5husaid ravimeetodeid.<\/p>\n<\/div><\/details>\n<\/div><\/div>\n","protected":false},"excerpt":{"rendered":"","protected":false},"author":2,"featured_media":0,"parent":0,"menu_order":0,"comment_status":"closed","ping_status":"closed","template":"","meta":{"_acf_changed":false,"footnotes":""},"from-article-database":[],"class_list":["post-69","page","type-page","status-publish","hentry"],"acf":[],"yoast_head":"<!-- This site is optimized with the Yoast SEO plugin v26.6 - https:\/\/yoast.com\/wordpress\/plugins\/seo\/ -->\n<title>KKK - Multi-Gyn<\/title>\n<meta name=\"description\" content=\"Mis on bakteriaalne vaginoos? Mis on tupeseene infektsioon? Miks on mu tupp kuiv?\" \/>\n<meta name=\"robots\" content=\"index, follow, max-snippet:-1, max-image-preview:large, max-video-preview:-1\" \/>\n<link rel=\"canonical\" href=\"https:\/\/multi-gyn.com\/ee\/kkk\/\" \/>\n<meta property=\"og:locale\" content=\"et_EE\" \/>\n<meta property=\"og:type\" content=\"article\" \/>\n<meta property=\"og:title\" content=\"KKK - Multi-Gyn\" \/>\n<meta property=\"og:description\" content=\"Mis on bakteriaalne vaginoos? Mis on tupeseene infektsioon? Miks on mu tupp kuiv?\" \/>\n<meta property=\"og:url\" content=\"https:\/\/multi-gyn.com\/ee\/kkk\/\" \/>\n<meta property=\"og:site_name\" content=\"Multi-Gyn\" \/>\n<meta property=\"article:modified_time\" content=\"2025-10-09T14:17:20+00:00\" \/>\n<meta name=\"twitter:card\" content=\"summary_large_image\" \/>\n<meta name=\"twitter:label1\" content=\"Est. reading time\" \/>\n\t<meta name=\"twitter:data1\" content=\"2 minutes\" \/>\n<script type=\"application\/ld+json\" class=\"yoast-schema-graph\">{\"@context\":\"https:\/\/schema.org\",\"@graph\":[{\"@type\":\"WebPage\",\"@id\":\"https:\/\/multi-gyn.com\/ee\/kkk\/\",\"url\":\"https:\/\/multi-gyn.com\/ee\/kkk\/\",\"name\":\"KKK - Multi-Gyn\",\"isPartOf\":{\"@id\":\"https:\/\/multi-gyn.com\/ee\/#website\"},\"datePublished\":\"2022-12-19T13:56:21+00:00\",\"dateModified\":\"2025-10-09T14:17:20+00:00\",\"description\":\"Mis on bakteriaalne vaginoos? Mis on tupeseene infektsioon? Miks on mu tupp kuiv?\",\"breadcrumb\":{\"@id\":\"https:\/\/multi-gyn.com\/ee\/kkk\/#breadcrumb\"},\"inLanguage\":\"et-EE\",\"potentialAction\":[{\"@type\":\"ReadAction\",\"target\":[\"https:\/\/multi-gyn.com\/ee\/kkk\/\"]}]},{\"@type\":\"BreadcrumbList\",\"@id\":\"https:\/\/multi-gyn.com\/ee\/kkk\/#breadcrumb\",\"itemListElement\":[{\"@type\":\"ListItem\",\"position\":1,\"name\":\"Home\",\"item\":\"https:\/\/multi-gyn.com\/ee\/\"},{\"@type\":\"ListItem\",\"position\":2,\"name\":\"KKK\"}]},{\"@type\":\"WebSite\",\"@id\":\"https:\/\/multi-gyn.com\/ee\/#website\",\"url\":\"https:\/\/multi-gyn.com\/ee\/\",\"name\":\"Multi-Gyn\",\"description\":\"\",\"publisher\":{\"@id\":\"https:\/\/multi-gyn.com\/ee\/#organization\"},\"potentialAction\":[{\"@type\":\"SearchAction\",\"target\":{\"@type\":\"EntryPoint\",\"urlTemplate\":\"https:\/\/multi-gyn.com\/ee\/?s={search_term_string}\"},\"query-input\":{\"@type\":\"PropertyValueSpecification\",\"valueRequired\":true,\"valueName\":\"search_term_string\"}}],\"inLanguage\":\"et-EE\"},{\"@type\":\"Organization\",\"@id\":\"https:\/\/multi-gyn.com\/ee\/#organization\",\"name\":\"Multi-Gyn\",\"url\":\"https:\/\/multi-gyn.com\/ee\/\",\"logo\":{\"@type\":\"ImageObject\",\"inLanguage\":\"et-EE\",\"@id\":\"https:\/\/multi-gyn.com\/ee\/#\/schema\/logo\/image\/\",\"url\":\"https:\/\/multi-gyn.com\/app\/uploads\/sites\/39\/2022\/12\/multi-gyn-logo.png\",\"contentUrl\":\"https:\/\/multi-gyn.com\/app\/uploads\/sites\/39\/2022\/12\/multi-gyn-logo.png\",\"width\":149,\"height\":32,\"caption\":\"Multi-Gyn\"},\"image\":{\"@id\":\"https:\/\/multi-gyn.com\/ee\/#\/schema\/logo\/image\/\"}}]}<\/script>\n<!-- \/ Yoast SEO plugin. -->","yoast_head_json":{"title":"KKK - Multi-Gyn","description":"Mis on bakteriaalne vaginoos? Mis on tupeseene infektsioon? Miks on mu tupp kuiv?","robots":{"index":"index","follow":"follow","max-snippet":"max-snippet:-1","max-image-preview":"max-image-preview:large","max-video-preview":"max-video-preview:-1"},"canonical":"https:\/\/multi-gyn.com\/ee\/kkk\/","og_locale":"et_EE","og_type":"article","og_title":"KKK - Multi-Gyn","og_description":"Mis on bakteriaalne vaginoos? Mis on tupeseene infektsioon? Miks on mu tupp kuiv?","og_url":"https:\/\/multi-gyn.com\/ee\/kkk\/","og_site_name":"Multi-Gyn","article_modified_time":"2025-10-09T14:17:20+00:00","twitter_card":"summary_large_image","twitter_misc":{"Est. reading time":"2 minutes"},"schema":{"@context":"https:\/\/schema.org","@graph":[{"@type":"WebPage","@id":"https:\/\/multi-gyn.com\/ee\/kkk\/","url":"https:\/\/multi-gyn.com\/ee\/kkk\/","name":"KKK - Multi-Gyn","isPartOf":{"@id":"https:\/\/multi-gyn.com\/ee\/#website"},"datePublished":"2022-12-19T13:56:21+00:00","dateModified":"2025-10-09T14:17:20+00:00","description":"Mis on bakteriaalne vaginoos? Mis on tupeseene infektsioon? Miks on mu tupp kuiv?","breadcrumb":{"@id":"https:\/\/multi-gyn.com\/ee\/kkk\/#breadcrumb"},"inLanguage":"et-EE","potentialAction":[{"@type":"ReadAction","target":["https:\/\/multi-gyn.com\/ee\/kkk\/"]}]},{"@type":"BreadcrumbList","@id":"https:\/\/multi-gyn.com\/ee\/kkk\/#breadcrumb","itemListElement":[{"@type":"ListItem","position":1,"name":"Home","item":"https:\/\/multi-gyn.com\/ee\/"},{"@type":"ListItem","position":2,"name":"KKK"}]},{"@type":"WebSite","@id":"https:\/\/multi-gyn.com\/ee\/#website","url":"https:\/\/multi-gyn.com\/ee\/","name":"Multi-Gyn","description":"","publisher":{"@id":"https:\/\/multi-gyn.com\/ee\/#organization"},"potentialAction":[{"@type":"SearchAction","target":{"@type":"EntryPoint","urlTemplate":"https:\/\/multi-gyn.com\/ee\/?s={search_term_string}"},"query-input":{"@type":"PropertyValueSpecification","valueRequired":true,"valueName":"search_term_string"}}],"inLanguage":"et-EE"},{"@type":"Organization","@id":"https:\/\/multi-gyn.com\/ee\/#organization","name":"Multi-Gyn","url":"https:\/\/multi-gyn.com\/ee\/","logo":{"@type":"ImageObject","inLanguage":"et-EE","@id":"https:\/\/multi-gyn.com\/ee\/#\/schema\/logo\/image\/","url":"https:\/\/multi-gyn.com\/app\/uploads\/sites\/39\/2022\/12\/multi-gyn-logo.png","contentUrl":"https:\/\/multi-gyn.com\/app\/uploads\/sites\/39\/2022\/12\/multi-gyn-logo.png","width":149,"height":32,"caption":"Multi-Gyn"},"image":{"@id":"https:\/\/multi-gyn.com\/ee\/#\/schema\/logo\/image\/"}}]}},"_links":{"self":[{"href":"https:\/\/multi-gyn.com\/ee\/wp-json\/wp\/v2\/pages\/69","targetHints":{"allow":["GET"]}}],"collection":[{"href":"https:\/\/multi-gyn.com\/ee\/wp-json\/wp\/v2\/pages"}],"about":[{"href":"https:\/\/multi-gyn.com\/ee\/wp-json\/wp\/v2\/types\/page"}],"author":[{"embeddable":true,"href":"https:\/\/multi-gyn.com\/ee\/wp-json\/wp\/v2\/users\/2"}],"replies":[{"embeddable":true,"href":"https:\/\/multi-gyn.com\/ee\/wp-json\/wp\/v2\/comments?post=69"}],"version-history":[{"count":4,"href":"https:\/\/multi-gyn.com\/ee\/wp-json\/wp\/v2\/pages\/69\/revisions"}],"predecessor-version":[{"id":259,"href":"https:\/\/multi-gyn.com\/ee\/wp-json\/wp\/v2\/pages\/69\/revisions\/259"}],"wp:attachment":[{"href":"https:\/\/multi-gyn.com\/ee\/wp-json\/wp\/v2\/media?parent=69"}],"wp:term":[{"taxonomy":"from-article-database","embeddable":true,"href":"https:\/\/multi-gyn.com\/ee\/wp-json\/wp\/v2\/from-article-database?post=69"}],"curies":[{"name":"wp","href":"https:\/\/api.w.org\/{rel}","templated":true}]}}