{"id":106,"date":"2022-12-22T15:54:13","date_gmt":"2022-12-22T13:54:13","guid":{"rendered":"https:\/\/multi-gyn.com\/ee\/?post_type=product&#038;p=106"},"modified":"2025-05-07T10:31:46","modified_gmt":"2025-05-07T07:31:46","slug":"multi-gyn-liquigel","status":"publish","type":"product","link":"https:\/\/multi-gyn.com\/ee\/toode\/multi-gyn-liquigel\/","title":{"rendered":"Multi-Gyn LiquiGel"},"content":{"rendered":"\n<div class=\"wp-block-karopharma-accordions is-style-secondary\"><div class=\"container\">\n<details class=\"wp-block-karopharma-accordion\"><summary><h2 class=\"accordion-title\">Koostisosad<\/h2><\/summary><div class=\"accordion-content\">\n<p>Vesi, 2QR-kompleks* 25 %, gl\u00fctseriin 25 %, betaiin, ksantaankummi, kapr\u00fc\u00fclgl\u00fckool, naatriumlevulinaat, naatriumanisaat, sidrunhape, naatriumbensoaat, kaaliumsorbaat. <\/p>\n<\/div><\/details>\n\n\n\n<details class=\"wp-block-karopharma-accordion\"><summary><h2 class=\"accordion-title\">Kasutamisjuhend<\/h2><\/summary><div class=\"accordion-content\">\n<p>Tupekuivususe korral manustage k\u00fcllaldane kogus Multi-Gyn LiquiGel\u2019i v\u00e4hemalt kord p\u00e4evas v\u00f5i vastavalt vajadusele. V\u00e4lise intiimpiirkonna (vulva) kuivuse korral v\u00f5ite Multi-Gyn LiquiGel\u2019i manustada s\u00f5rme abil. Peske k\u00e4si alati enne ja p\u00e4rast geeli manustamist! Tupesiseseks manustamiseks v\u00f5ib kasutada spetsiaalset aplikaatorit.<\/p>\n\n\n\n<p>Hoiatus Kaebuste p\u00fcsimisel v\u00f5i kordumisel v\u00f5tke \u00fchendust oma arstiga. Tupesiseseks ja v\u00e4lispidiseks kasutamiseks. Enne kasutamist lugege pakendis olevat kasutusjuhendit.<\/p>\n<\/div><\/details>\n\n\n\n<details class=\"wp-block-karopharma-accordion\"><summary><h2 class=\"accordion-title\">Kas ma v\u00f5in Multi-Gyn LiquiGeli ka menopausi ajal kasutada?<\/h2><\/summary><div class=\"accordion-content\">\n<p>Jah, Multi-Gyn LiquiGel on m\u00f5eldud igale naisele, kellel on tupekuivus. Sellel v\u00f5ivad olla erinevad p\u00f5hjused, nagu hormonaalsed muutused, ravimite kasutamine, kroonilised haigused, menstruatsioonid, s\u00fcnnituse j\u00e4rgne aeg, p\u00e4rast tampoonide kasutamist jne.<\/p>\n<\/div><\/details>\n\n\n\n<details class=\"wp-block-karopharma-accordion\"><summary><h2 class=\"accordion-title\">Kas ma v\u00f5in Multi-Gyn LiquiGeli libestina kasutada?<\/h2><\/summary><div class=\"accordion-content\">\n<p>Multi-Gyn LiquiGeli v\u00f5ib kasutada libestina, kuid see on m\u00f5eldud probleemide lahendamiseks naistele, kellel on hormonaalsete muutuste v\u00f5i ravimite kroonilise kasutamise t\u00f5ttu tupekuivus. Selle libestina kasutamine ei tee halba.<\/p>\n<\/div><\/details>\n<\/div><\/div>\n","protected":false},"excerpt":{"rendered":"<p>Ravib ja leevendab tupekuivust<\/p>\n","protected":false},"featured_media":227,"comment_status":"closed","ping_status":"closed","template":"","meta":{"_acf_changed":false,"footnotes":""},"product_brand":[],"product_cat":[18],"product_tag":[],"class_list":{"0":"post-106","1":"product","2":"type-product","3":"status-publish","4":"has-post-thumbnail","6":"product_cat-ravi","8":"first","9":"instock","10":"shipping-taxable","11":"product-type-simple"},"acf":[],"yoast_head":"<!-- This site is optimized with the Yoast SEO plugin v26.6 - https:\/\/yoast.com\/wordpress\/plugins\/seo\/ -->\n<title>Multi-Gyn LiquiGel - Multi-Gyn<\/title>\n<meta name=\"description\" content=\"Multi-Gyn LiquiGel leevendab kiiresti hormonaalsetest muutustest (nt menopaus, s\u00fcnnitus v\u00f5i imetamine), ravimitest v\u00f5i stressist p\u00f5hjustatud tupekuivust, t\u00e4iendades tupe loomulikku niiskust.\" \/>\n<meta name=\"robots\" content=\"index, follow, max-snippet:-1, max-image-preview:large, max-video-preview:-1\" \/>\n<link rel=\"canonical\" href=\"https:\/\/multi-gyn.com\/ee\/toode\/multi-gyn-liquigel\/\" \/>\n<meta property=\"og:locale\" content=\"et_EE\" \/>\n<meta property=\"og:type\" content=\"article\" \/>\n<meta property=\"og:title\" content=\"Multi-Gyn LiquiGel - Multi-Gyn\" \/>\n<meta property=\"og:description\" content=\"Multi-Gyn LiquiGel leevendab kiiresti hormonaalsetest muutustest (nt menopaus, s\u00fcnnitus v\u00f5i imetamine), ravimitest v\u00f5i stressist p\u00f5hjustatud tupekuivust, t\u00e4iendades tupe loomulikku niiskust.\" \/>\n<meta property=\"og:url\" content=\"https:\/\/multi-gyn.com\/ee\/toode\/multi-gyn-liquigel\/\" \/>\n<meta property=\"og:site_name\" content=\"Multi-Gyn\" \/>\n<meta property=\"article:modified_time\" content=\"2025-05-07T07:31:46+00:00\" \/>\n<meta property=\"og:image\" content=\"https:\/\/multi-gyn.com\/app\/uploads\/sites\/39\/2022\/12\/Multi-Gyn-LiquiGel-1.png\" \/>\n\t<meta property=\"og:image:width\" content=\"700\" \/>\n\t<meta property=\"og:image:height\" content=\"700\" \/>\n\t<meta property=\"og:image:type\" content=\"image\/png\" \/>\n<meta name=\"twitter:card\" content=\"summary_large_image\" \/>\n<meta name=\"twitter:label1\" content=\"Est. reading time\" \/>\n\t<meta name=\"twitter:data1\" content=\"2 minutes\" \/>\n<script type=\"application\/ld+json\" class=\"yoast-schema-graph\">{\"@context\":\"https:\/\/schema.org\",\"@graph\":[{\"@type\":\"WebPage\",\"@id\":\"https:\/\/multi-gyn.com\/ee\/toode\/multi-gyn-liquigel\/\",\"url\":\"https:\/\/multi-gyn.com\/ee\/toode\/multi-gyn-liquigel\/\",\"name\":\"Multi-Gyn LiquiGel - Multi-Gyn\",\"isPartOf\":{\"@id\":\"https:\/\/multi-gyn.com\/ee\/#website\"},\"primaryImageOfPage\":{\"@id\":\"https:\/\/multi-gyn.com\/ee\/toode\/multi-gyn-liquigel\/#primaryimage\"},\"image\":{\"@id\":\"https:\/\/multi-gyn.com\/ee\/toode\/multi-gyn-liquigel\/#primaryimage\"},\"thumbnailUrl\":\"https:\/\/multi-gyn.com\/app\/uploads\/sites\/39\/2022\/12\/Multi-Gyn-LiquiGel-1.png\",\"datePublished\":\"2022-12-22T13:54:13+00:00\",\"dateModified\":\"2025-05-07T07:31:46+00:00\",\"description\":\"Multi-Gyn LiquiGel leevendab kiiresti hormonaalsetest muutustest (nt menopaus, s\u00fcnnitus v\u00f5i imetamine), ravimitest v\u00f5i stressist p\u00f5hjustatud tupekuivust, t\u00e4iendades tupe loomulikku niiskust.\",\"breadcrumb\":{\"@id\":\"https:\/\/multi-gyn.com\/ee\/toode\/multi-gyn-liquigel\/#breadcrumb\"},\"inLanguage\":\"et-EE\",\"potentialAction\":[{\"@type\":\"ReadAction\",\"target\":[\"https:\/\/multi-gyn.com\/ee\/toode\/multi-gyn-liquigel\/\"]}]},{\"@type\":\"ImageObject\",\"inLanguage\":\"et-EE\",\"@id\":\"https:\/\/multi-gyn.com\/ee\/toode\/multi-gyn-liquigel\/#primaryimage\",\"url\":\"https:\/\/multi-gyn.com\/app\/uploads\/sites\/39\/2022\/12\/Multi-Gyn-LiquiGel-1.png\",\"contentUrl\":\"https:\/\/multi-gyn.com\/app\/uploads\/sites\/39\/2022\/12\/Multi-Gyn-LiquiGel-1.png\",\"width\":700,\"height\":700,\"caption\":\"Multi-Gyn-LiquiGel\"},{\"@type\":\"BreadcrumbList\",\"@id\":\"https:\/\/multi-gyn.com\/ee\/toode\/multi-gyn-liquigel\/#breadcrumb\",\"itemListElement\":[{\"@type\":\"ListItem\",\"position\":1,\"name\":\"Home\",\"item\":\"https:\/\/multi-gyn.com\/ee\/\"},{\"@type\":\"ListItem\",\"position\":2,\"name\":\"Tooted\",\"item\":\"https:\/\/multi-gyn.com\/ee\/tooted\/\"},{\"@type\":\"ListItem\",\"position\":3,\"name\":\"Multi-Gyn LiquiGel\"}]},{\"@type\":\"WebSite\",\"@id\":\"https:\/\/multi-gyn.com\/ee\/#website\",\"url\":\"https:\/\/multi-gyn.com\/ee\/\",\"name\":\"Multi-Gyn\",\"description\":\"\",\"publisher\":{\"@id\":\"https:\/\/multi-gyn.com\/ee\/#organization\"},\"potentialAction\":[{\"@type\":\"SearchAction\",\"target\":{\"@type\":\"EntryPoint\",\"urlTemplate\":\"https:\/\/multi-gyn.com\/ee\/?s={search_term_string}\"},\"query-input\":{\"@type\":\"PropertyValueSpecification\",\"valueRequired\":true,\"valueName\":\"search_term_string\"}}],\"inLanguage\":\"et-EE\"},{\"@type\":\"Organization\",\"@id\":\"https:\/\/multi-gyn.com\/ee\/#organization\",\"name\":\"Multi-Gyn\",\"url\":\"https:\/\/multi-gyn.com\/ee\/\",\"logo\":{\"@type\":\"ImageObject\",\"inLanguage\":\"et-EE\",\"@id\":\"https:\/\/multi-gyn.com\/ee\/#\/schema\/logo\/image\/\",\"url\":\"https:\/\/multi-gyn.com\/app\/uploads\/sites\/39\/2022\/12\/multi-gyn-logo.png\",\"contentUrl\":\"https:\/\/multi-gyn.com\/app\/uploads\/sites\/39\/2022\/12\/multi-gyn-logo.png\",\"width\":149,\"height\":32,\"caption\":\"Multi-Gyn\"},\"image\":{\"@id\":\"https:\/\/multi-gyn.com\/ee\/#\/schema\/logo\/image\/\"}}]}<\/script>\n<!-- \/ Yoast SEO plugin. -->","yoast_head_json":{"title":"Multi-Gyn LiquiGel - Multi-Gyn","description":"Multi-Gyn LiquiGel leevendab kiiresti hormonaalsetest muutustest (nt menopaus, s\u00fcnnitus v\u00f5i imetamine), ravimitest v\u00f5i stressist p\u00f5hjustatud tupekuivust, t\u00e4iendades tupe loomulikku niiskust.","robots":{"index":"index","follow":"follow","max-snippet":"max-snippet:-1","max-image-preview":"max-image-preview:large","max-video-preview":"max-video-preview:-1"},"canonical":"https:\/\/multi-gyn.com\/ee\/toode\/multi-gyn-liquigel\/","og_locale":"et_EE","og_type":"article","og_title":"Multi-Gyn LiquiGel - Multi-Gyn","og_description":"Multi-Gyn LiquiGel leevendab kiiresti hormonaalsetest muutustest (nt menopaus, s\u00fcnnitus v\u00f5i imetamine), ravimitest v\u00f5i stressist p\u00f5hjustatud tupekuivust, t\u00e4iendades tupe loomulikku niiskust.","og_url":"https:\/\/multi-gyn.com\/ee\/toode\/multi-gyn-liquigel\/","og_site_name":"Multi-Gyn","article_modified_time":"2025-05-07T07:31:46+00:00","og_image":[{"width":700,"height":700,"url":"https:\/\/multi-gyn.com\/app\/uploads\/sites\/39\/2022\/12\/Multi-Gyn-LiquiGel-1.png","type":"image\/png"}],"twitter_card":"summary_large_image","twitter_misc":{"Est. reading time":"2 minutes"},"schema":{"@context":"https:\/\/schema.org","@graph":[{"@type":"WebPage","@id":"https:\/\/multi-gyn.com\/ee\/toode\/multi-gyn-liquigel\/","url":"https:\/\/multi-gyn.com\/ee\/toode\/multi-gyn-liquigel\/","name":"Multi-Gyn LiquiGel - Multi-Gyn","isPartOf":{"@id":"https:\/\/multi-gyn.com\/ee\/#website"},"primaryImageOfPage":{"@id":"https:\/\/multi-gyn.com\/ee\/toode\/multi-gyn-liquigel\/#primaryimage"},"image":{"@id":"https:\/\/multi-gyn.com\/ee\/toode\/multi-gyn-liquigel\/#primaryimage"},"thumbnailUrl":"https:\/\/multi-gyn.com\/app\/uploads\/sites\/39\/2022\/12\/Multi-Gyn-LiquiGel-1.png","datePublished":"2022-12-22T13:54:13+00:00","dateModified":"2025-05-07T07:31:46+00:00","description":"Multi-Gyn LiquiGel leevendab kiiresti hormonaalsetest muutustest (nt menopaus, s\u00fcnnitus v\u00f5i imetamine), ravimitest v\u00f5i stressist p\u00f5hjustatud tupekuivust, t\u00e4iendades tupe loomulikku niiskust.","breadcrumb":{"@id":"https:\/\/multi-gyn.com\/ee\/toode\/multi-gyn-liquigel\/#breadcrumb"},"inLanguage":"et-EE","potentialAction":[{"@type":"ReadAction","target":["https:\/\/multi-gyn.com\/ee\/toode\/multi-gyn-liquigel\/"]}]},{"@type":"ImageObject","inLanguage":"et-EE","@id":"https:\/\/multi-gyn.com\/ee\/toode\/multi-gyn-liquigel\/#primaryimage","url":"https:\/\/multi-gyn.com\/app\/uploads\/sites\/39\/2022\/12\/Multi-Gyn-LiquiGel-1.png","contentUrl":"https:\/\/multi-gyn.com\/app\/uploads\/sites\/39\/2022\/12\/Multi-Gyn-LiquiGel-1.png","width":700,"height":700,"caption":"Multi-Gyn-LiquiGel"},{"@type":"BreadcrumbList","@id":"https:\/\/multi-gyn.com\/ee\/toode\/multi-gyn-liquigel\/#breadcrumb","itemListElement":[{"@type":"ListItem","position":1,"name":"Home","item":"https:\/\/multi-gyn.com\/ee\/"},{"@type":"ListItem","position":2,"name":"Tooted","item":"https:\/\/multi-gyn.com\/ee\/tooted\/"},{"@type":"ListItem","position":3,"name":"Multi-Gyn LiquiGel"}]},{"@type":"WebSite","@id":"https:\/\/multi-gyn.com\/ee\/#website","url":"https:\/\/multi-gyn.com\/ee\/","name":"Multi-Gyn","description":"","publisher":{"@id":"https:\/\/multi-gyn.com\/ee\/#organization"},"potentialAction":[{"@type":"SearchAction","target":{"@type":"EntryPoint","urlTemplate":"https:\/\/multi-gyn.com\/ee\/?s={search_term_string}"},"query-input":{"@type":"PropertyValueSpecification","valueRequired":true,"valueName":"search_term_string"}}],"inLanguage":"et-EE"},{"@type":"Organization","@id":"https:\/\/multi-gyn.com\/ee\/#organization","name":"Multi-Gyn","url":"https:\/\/multi-gyn.com\/ee\/","logo":{"@type":"ImageObject","inLanguage":"et-EE","@id":"https:\/\/multi-gyn.com\/ee\/#\/schema\/logo\/image\/","url":"https:\/\/multi-gyn.com\/app\/uploads\/sites\/39\/2022\/12\/multi-gyn-logo.png","contentUrl":"https:\/\/multi-gyn.com\/app\/uploads\/sites\/39\/2022\/12\/multi-gyn-logo.png","width":149,"height":32,"caption":"Multi-Gyn"},"image":{"@id":"https:\/\/multi-gyn.com\/ee\/#\/schema\/logo\/image\/"}}]}},"_links":{"self":[{"href":"https:\/\/multi-gyn.com\/ee\/wp-json\/wp\/v2\/product\/106","targetHints":{"allow":["GET"]}}],"collection":[{"href":"https:\/\/multi-gyn.com\/ee\/wp-json\/wp\/v2\/product"}],"about":[{"href":"https:\/\/multi-gyn.com\/ee\/wp-json\/wp\/v2\/types\/product"}],"replies":[{"embeddable":true,"href":"https:\/\/multi-gyn.com\/ee\/wp-json\/wp\/v2\/comments?post=106"}],"version-history":[{"count":9,"href":"https:\/\/multi-gyn.com\/ee\/wp-json\/wp\/v2\/product\/106\/revisions"}],"predecessor-version":[{"id":239,"href":"https:\/\/multi-gyn.com\/ee\/wp-json\/wp\/v2\/product\/106\/revisions\/239"}],"wp:featuredmedia":[{"embeddable":true,"href":"https:\/\/multi-gyn.com\/ee\/wp-json\/wp\/v2\/media\/227"}],"wp:attachment":[{"href":"https:\/\/multi-gyn.com\/ee\/wp-json\/wp\/v2\/media?parent=106"}],"wp:term":[{"taxonomy":"product_brand","embeddable":true,"href":"https:\/\/multi-gyn.com\/ee\/wp-json\/wp\/v2\/product_brand?post=106"},{"taxonomy":"product_cat","embeddable":true,"href":"https:\/\/multi-gyn.com\/ee\/wp-json\/wp\/v2\/product_cat?post=106"},{"taxonomy":"product_tag","embeddable":true,"href":"https:\/\/multi-gyn.com\/ee\/wp-json\/wp\/v2\/product_tag?post=106"}],"curies":[{"name":"wp","href":"https:\/\/api.w.org\/{rel}","templated":true}]}}