{"id":108,"date":"2022-12-22T15:54:29","date_gmt":"2022-12-22T13:54:29","guid":{"rendered":"https:\/\/multi-gyn.com\/ee\/?post_type=product&#038;p=108"},"modified":"2022-12-27T09:37:09","modified_gmt":"2022-12-27T07:37:09","slug":"multi-gyn-floraplus","status":"publish","type":"product","link":"https:\/\/multi-gyn.com\/ee\/toode\/multi-gyn-floraplus\/","title":{"rendered":"Multi-Gyn FloraPlus"},"content":{"rendered":"\n<div class=\"wp-block-karopharma-accordions is-style-secondary\"><div class=\"container\">\n<details class=\"wp-block-karopharma-accordion\"><summary><h2 class=\"accordion-title\">Millal ma selle m\u00f5ju tunnen?<\/h2><\/summary><div class=\"accordion-content\">\n<p>See erineb iga inimese puhul, kuid tunned s\u00fcmptomite leevendust kohe.<\/p>\n<\/div><\/details>\n\n\n\n<details class=\"wp-block-karopharma-accordion\"><summary><h2 class=\"accordion-title\">Kas ma pean seda kasutama 5 p\u00e4eva j\u00e4rjest?<\/h2><\/summary><div class=\"accordion-content\">\n<p>Jah, parima efekti saavutamiseks soovitame kasutada viis tuubi.<\/p>\n<\/div><\/details>\n\n\n\n<details class=\"wp-block-karopharma-accordion\"><summary><h2 class=\"accordion-title\">Kas Multi-Gyn FloraPlusil on mingeid k\u00f5rvaltoimeid?<\/h2><\/summary><div class=\"accordion-content\">\n<p>Ei, teadaolevaid k\u00f5rvaltoimeid pole.<\/p>\n<\/div><\/details>\n\n\n\n<details class=\"wp-block-karopharma-accordion\"><summary><h2 class=\"accordion-title\">Miks erineb Multi-Gyn FloraPlus teistest tupe p\u00e4rmseene ravimitest?<\/h2><\/summary><div class=\"accordion-content\">\n<p>Multi-Gyn FloraPlus m\u00f5jutab otseselt s\u00fcmptomeid ja on looduslikul baasil valmistatud toode, mis ei m\u00f5juta tupefloorat negatiivselt. Multi-Gyn FloraPlus aitab headel bakteritel kasvada ja v\u00e4hendada candida kasvu.<\/p>\n<\/div><\/details>\n<\/div><\/div>\n","protected":false},"excerpt":{"rendered":"<p>Ravib tupeseene s\u00fcmptomeid<\/p>\n","protected":false},"featured_media":117,"comment_status":"closed","ping_status":"closed","template":"","meta":{"_acf_changed":false,"footnotes":""},"product_brand":[],"product_cat":[18],"product_tag":[],"class_list":{"0":"post-108","1":"product","2":"type-product","3":"status-publish","4":"has-post-thumbnail","6":"product_cat-ravi","8":"first","9":"instock","10":"shipping-taxable","11":"product-type-simple"},"acf":[],"yoast_head":"<!-- This site is optimized with the Yoast SEO plugin v26.6 - https:\/\/yoast.com\/wordpress\/plugins\/seo\/ -->\n<title>Multi-Gyn FloraPlus - Multi-Gyn<\/title>\n<meta name=\"description\" content=\"Multi-Gyn FloraPlus ravib tupeseene s\u00fcmptomeid, nagu s\u00fcgelus, \u00e4rritus ja t\u00fckiline valge voolus. Kohese leevenduse saamiseks ravi Multi-Gyn FloraPlus`iga.\" \/>\n<meta name=\"robots\" content=\"index, follow, max-snippet:-1, max-image-preview:large, max-video-preview:-1\" \/>\n<link rel=\"canonical\" href=\"https:\/\/multi-gyn.com\/ee\/toode\/multi-gyn-floraplus\/\" \/>\n<meta property=\"og:locale\" content=\"et_EE\" \/>\n<meta property=\"og:type\" content=\"article\" \/>\n<meta property=\"og:title\" content=\"Multi-Gyn FloraPlus - Multi-Gyn\" \/>\n<meta property=\"og:description\" content=\"Multi-Gyn FloraPlus ravib tupeseene s\u00fcmptomeid, nagu s\u00fcgelus, \u00e4rritus ja t\u00fckiline valge voolus. Kohese leevenduse saamiseks ravi Multi-Gyn FloraPlus`iga.\" \/>\n<meta property=\"og:url\" content=\"https:\/\/multi-gyn.com\/ee\/toode\/multi-gyn-floraplus\/\" \/>\n<meta property=\"og:site_name\" content=\"Multi-Gyn\" \/>\n<meta property=\"article:modified_time\" content=\"2022-12-27T07:37:09+00:00\" \/>\n<meta property=\"og:image\" content=\"https:\/\/multi-gyn.com\/app\/uploads\/sites\/39\/2022\/12\/MultiGyn-FloraPlus.png\" \/>\n\t<meta property=\"og:image:width\" content=\"1024\" \/>\n\t<meta property=\"og:image:height\" content=\"1024\" \/>\n\t<meta property=\"og:image:type\" content=\"image\/png\" \/>\n<meta name=\"twitter:card\" content=\"summary_large_image\" \/>\n<meta name=\"twitter:label1\" content=\"Est. reading time\" \/>\n\t<meta name=\"twitter:data1\" content=\"1 minute\" \/>\n<script type=\"application\/ld+json\" class=\"yoast-schema-graph\">{\"@context\":\"https:\/\/schema.org\",\"@graph\":[{\"@type\":\"WebPage\",\"@id\":\"https:\/\/multi-gyn.com\/ee\/toode\/multi-gyn-floraplus\/\",\"url\":\"https:\/\/multi-gyn.com\/ee\/toode\/multi-gyn-floraplus\/\",\"name\":\"Multi-Gyn FloraPlus - Multi-Gyn\",\"isPartOf\":{\"@id\":\"https:\/\/multi-gyn.com\/ee\/#website\"},\"primaryImageOfPage\":{\"@id\":\"https:\/\/multi-gyn.com\/ee\/toode\/multi-gyn-floraplus\/#primaryimage\"},\"image\":{\"@id\":\"https:\/\/multi-gyn.com\/ee\/toode\/multi-gyn-floraplus\/#primaryimage\"},\"thumbnailUrl\":\"https:\/\/multi-gyn.com\/app\/uploads\/sites\/39\/2022\/12\/MultiGyn-FloraPlus.png\",\"datePublished\":\"2022-12-22T13:54:29+00:00\",\"dateModified\":\"2022-12-27T07:37:09+00:00\",\"description\":\"Multi-Gyn FloraPlus ravib tupeseene s\u00fcmptomeid, nagu s\u00fcgelus, \u00e4rritus ja t\u00fckiline valge voolus. Kohese leevenduse saamiseks ravi Multi-Gyn FloraPlus`iga.\",\"breadcrumb\":{\"@id\":\"https:\/\/multi-gyn.com\/ee\/toode\/multi-gyn-floraplus\/#breadcrumb\"},\"inLanguage\":\"et-EE\",\"potentialAction\":[{\"@type\":\"ReadAction\",\"target\":[\"https:\/\/multi-gyn.com\/ee\/toode\/multi-gyn-floraplus\/\"]}]},{\"@type\":\"ImageObject\",\"inLanguage\":\"et-EE\",\"@id\":\"https:\/\/multi-gyn.com\/ee\/toode\/multi-gyn-floraplus\/#primaryimage\",\"url\":\"https:\/\/multi-gyn.com\/app\/uploads\/sites\/39\/2022\/12\/MultiGyn-FloraPlus.png\",\"contentUrl\":\"https:\/\/multi-gyn.com\/app\/uploads\/sites\/39\/2022\/12\/MultiGyn-FloraPlus.png\",\"width\":1024,\"height\":1024,\"caption\":\"Multi-Gyn FloraPlus\"},{\"@type\":\"BreadcrumbList\",\"@id\":\"https:\/\/multi-gyn.com\/ee\/toode\/multi-gyn-floraplus\/#breadcrumb\",\"itemListElement\":[{\"@type\":\"ListItem\",\"position\":1,\"name\":\"Home\",\"item\":\"https:\/\/multi-gyn.com\/ee\/\"},{\"@type\":\"ListItem\",\"position\":2,\"name\":\"Tooted\",\"item\":\"https:\/\/multi-gyn.com\/ee\/tooted\/\"},{\"@type\":\"ListItem\",\"position\":3,\"name\":\"Multi-Gyn FloraPlus\"}]},{\"@type\":\"WebSite\",\"@id\":\"https:\/\/multi-gyn.com\/ee\/#website\",\"url\":\"https:\/\/multi-gyn.com\/ee\/\",\"name\":\"Multi-Gyn\",\"description\":\"\",\"publisher\":{\"@id\":\"https:\/\/multi-gyn.com\/ee\/#organization\"},\"potentialAction\":[{\"@type\":\"SearchAction\",\"target\":{\"@type\":\"EntryPoint\",\"urlTemplate\":\"https:\/\/multi-gyn.com\/ee\/?s={search_term_string}\"},\"query-input\":{\"@type\":\"PropertyValueSpecification\",\"valueRequired\":true,\"valueName\":\"search_term_string\"}}],\"inLanguage\":\"et-EE\"},{\"@type\":\"Organization\",\"@id\":\"https:\/\/multi-gyn.com\/ee\/#organization\",\"name\":\"Multi-Gyn\",\"url\":\"https:\/\/multi-gyn.com\/ee\/\",\"logo\":{\"@type\":\"ImageObject\",\"inLanguage\":\"et-EE\",\"@id\":\"https:\/\/multi-gyn.com\/ee\/#\/schema\/logo\/image\/\",\"url\":\"https:\/\/multi-gyn.com\/app\/uploads\/sites\/39\/2022\/12\/multi-gyn-logo.png\",\"contentUrl\":\"https:\/\/multi-gyn.com\/app\/uploads\/sites\/39\/2022\/12\/multi-gyn-logo.png\",\"width\":149,\"height\":32,\"caption\":\"Multi-Gyn\"},\"image\":{\"@id\":\"https:\/\/multi-gyn.com\/ee\/#\/schema\/logo\/image\/\"}}]}<\/script>\n<!-- \/ Yoast SEO plugin. -->","yoast_head_json":{"title":"Multi-Gyn FloraPlus - Multi-Gyn","description":"Multi-Gyn FloraPlus ravib tupeseene s\u00fcmptomeid, nagu s\u00fcgelus, \u00e4rritus ja t\u00fckiline valge voolus. Kohese leevenduse saamiseks ravi Multi-Gyn FloraPlus`iga.","robots":{"index":"index","follow":"follow","max-snippet":"max-snippet:-1","max-image-preview":"max-image-preview:large","max-video-preview":"max-video-preview:-1"},"canonical":"https:\/\/multi-gyn.com\/ee\/toode\/multi-gyn-floraplus\/","og_locale":"et_EE","og_type":"article","og_title":"Multi-Gyn FloraPlus - Multi-Gyn","og_description":"Multi-Gyn FloraPlus ravib tupeseene s\u00fcmptomeid, nagu s\u00fcgelus, \u00e4rritus ja t\u00fckiline valge voolus. Kohese leevenduse saamiseks ravi Multi-Gyn FloraPlus`iga.","og_url":"https:\/\/multi-gyn.com\/ee\/toode\/multi-gyn-floraplus\/","og_site_name":"Multi-Gyn","article_modified_time":"2022-12-27T07:37:09+00:00","og_image":[{"width":1024,"height":1024,"url":"https:\/\/multi-gyn.com\/app\/uploads\/sites\/39\/2022\/12\/MultiGyn-FloraPlus.png","type":"image\/png"}],"twitter_card":"summary_large_image","twitter_misc":{"Est. reading time":"1 minute"},"schema":{"@context":"https:\/\/schema.org","@graph":[{"@type":"WebPage","@id":"https:\/\/multi-gyn.com\/ee\/toode\/multi-gyn-floraplus\/","url":"https:\/\/multi-gyn.com\/ee\/toode\/multi-gyn-floraplus\/","name":"Multi-Gyn FloraPlus - Multi-Gyn","isPartOf":{"@id":"https:\/\/multi-gyn.com\/ee\/#website"},"primaryImageOfPage":{"@id":"https:\/\/multi-gyn.com\/ee\/toode\/multi-gyn-floraplus\/#primaryimage"},"image":{"@id":"https:\/\/multi-gyn.com\/ee\/toode\/multi-gyn-floraplus\/#primaryimage"},"thumbnailUrl":"https:\/\/multi-gyn.com\/app\/uploads\/sites\/39\/2022\/12\/MultiGyn-FloraPlus.png","datePublished":"2022-12-22T13:54:29+00:00","dateModified":"2022-12-27T07:37:09+00:00","description":"Multi-Gyn FloraPlus ravib tupeseene s\u00fcmptomeid, nagu s\u00fcgelus, \u00e4rritus ja t\u00fckiline valge voolus. Kohese leevenduse saamiseks ravi Multi-Gyn FloraPlus`iga.","breadcrumb":{"@id":"https:\/\/multi-gyn.com\/ee\/toode\/multi-gyn-floraplus\/#breadcrumb"},"inLanguage":"et-EE","potentialAction":[{"@type":"ReadAction","target":["https:\/\/multi-gyn.com\/ee\/toode\/multi-gyn-floraplus\/"]}]},{"@type":"ImageObject","inLanguage":"et-EE","@id":"https:\/\/multi-gyn.com\/ee\/toode\/multi-gyn-floraplus\/#primaryimage","url":"https:\/\/multi-gyn.com\/app\/uploads\/sites\/39\/2022\/12\/MultiGyn-FloraPlus.png","contentUrl":"https:\/\/multi-gyn.com\/app\/uploads\/sites\/39\/2022\/12\/MultiGyn-FloraPlus.png","width":1024,"height":1024,"caption":"Multi-Gyn FloraPlus"},{"@type":"BreadcrumbList","@id":"https:\/\/multi-gyn.com\/ee\/toode\/multi-gyn-floraplus\/#breadcrumb","itemListElement":[{"@type":"ListItem","position":1,"name":"Home","item":"https:\/\/multi-gyn.com\/ee\/"},{"@type":"ListItem","position":2,"name":"Tooted","item":"https:\/\/multi-gyn.com\/ee\/tooted\/"},{"@type":"ListItem","position":3,"name":"Multi-Gyn FloraPlus"}]},{"@type":"WebSite","@id":"https:\/\/multi-gyn.com\/ee\/#website","url":"https:\/\/multi-gyn.com\/ee\/","name":"Multi-Gyn","description":"","publisher":{"@id":"https:\/\/multi-gyn.com\/ee\/#organization"},"potentialAction":[{"@type":"SearchAction","target":{"@type":"EntryPoint","urlTemplate":"https:\/\/multi-gyn.com\/ee\/?s={search_term_string}"},"query-input":{"@type":"PropertyValueSpecification","valueRequired":true,"valueName":"search_term_string"}}],"inLanguage":"et-EE"},{"@type":"Organization","@id":"https:\/\/multi-gyn.com\/ee\/#organization","name":"Multi-Gyn","url":"https:\/\/multi-gyn.com\/ee\/","logo":{"@type":"ImageObject","inLanguage":"et-EE","@id":"https:\/\/multi-gyn.com\/ee\/#\/schema\/logo\/image\/","url":"https:\/\/multi-gyn.com\/app\/uploads\/sites\/39\/2022\/12\/multi-gyn-logo.png","contentUrl":"https:\/\/multi-gyn.com\/app\/uploads\/sites\/39\/2022\/12\/multi-gyn-logo.png","width":149,"height":32,"caption":"Multi-Gyn"},"image":{"@id":"https:\/\/multi-gyn.com\/ee\/#\/schema\/logo\/image\/"}}]}},"_links":{"self":[{"href":"https:\/\/multi-gyn.com\/ee\/wp-json\/wp\/v2\/product\/108","targetHints":{"allow":["GET"]}}],"collection":[{"href":"https:\/\/multi-gyn.com\/ee\/wp-json\/wp\/v2\/product"}],"about":[{"href":"https:\/\/multi-gyn.com\/ee\/wp-json\/wp\/v2\/types\/product"}],"replies":[{"embeddable":true,"href":"https:\/\/multi-gyn.com\/ee\/wp-json\/wp\/v2\/comments?post=108"}],"version-history":[{"count":6,"href":"https:\/\/multi-gyn.com\/ee\/wp-json\/wp\/v2\/product\/108\/revisions"}],"predecessor-version":[{"id":143,"href":"https:\/\/multi-gyn.com\/ee\/wp-json\/wp\/v2\/product\/108\/revisions\/143"}],"wp:featuredmedia":[{"embeddable":true,"href":"https:\/\/multi-gyn.com\/ee\/wp-json\/wp\/v2\/media\/117"}],"wp:attachment":[{"href":"https:\/\/multi-gyn.com\/ee\/wp-json\/wp\/v2\/media?parent=108"}],"wp:term":[{"taxonomy":"product_brand","embeddable":true,"href":"https:\/\/multi-gyn.com\/ee\/wp-json\/wp\/v2\/product_brand?post=108"},{"taxonomy":"product_cat","embeddable":true,"href":"https:\/\/multi-gyn.com\/ee\/wp-json\/wp\/v2\/product_cat?post=108"},{"taxonomy":"product_tag","embeddable":true,"href":"https:\/\/multi-gyn.com\/ee\/wp-json\/wp\/v2\/product_tag?post=108"}],"curies":[{"name":"wp","href":"https:\/\/api.w.org\/{rel}","templated":true}]}}