{"id":110,"date":"2022-12-22T15:54:43","date_gmt":"2022-12-22T13:54:43","guid":{"rendered":"https:\/\/multi-gyn.com\/ee\/?post_type=product&#038;p=110"},"modified":"2025-06-02T09:05:44","modified_gmt":"2025-06-02T06:05:44","slug":"multi-gyn-actigel","status":"publish","type":"product","link":"https:\/\/multi-gyn.com\/ee\/toode\/multi-gyn-actigel\/","title":{"rendered":"Multi-Gyn ActiGel"},"content":{"rendered":"\n<div class=\"wp-block-karopharma-accordions is-style-secondary\"><div class=\"container\">\n<details class=\"wp-block-karopharma-accordion\"><summary><h2 class=\"accordion-title\">Kui tihti pean kasutama Multi-Gyn ActiGeli?<\/h2><\/summary><div class=\"accordion-content\">\n<p>Tupes esinevate ebamugavuste raviks soovitame kasutada Multi-Gyn ActiGeli kaks korda p\u00e4evas 5 p\u00e4eva j\u00e4rjest. Siiski v\u00f5id kasutada Multi-Gyn ActiGeli alati, kui soovid leevendust.<\/p>\n<\/div><\/details>\n\n\n\n<details class=\"wp-block-karopharma-accordion\"><summary><h2 class=\"accordion-title\">Millal ma selle toimet tunnen?<\/h2><\/summary><div class=\"accordion-content\">\n<p>Tunned kohest toimet, eriti selliste s\u00fcmptomitega nagu \u00e4rritus v\u00f5i s\u00fcgelus. See v\u00f5ib aga iga inimese jaoks erinev olla.<\/p>\n<\/div><\/details>\n\n\n\n<details class=\"wp-block-karopharma-accordion\"><summary><h2 class=\"accordion-title\">Kas Multi-Gyn ActiGelil on k\u00f5rvaltoimeid?<\/h2><\/summary><div class=\"accordion-content\">\n<p>Ei, tootel pole teadaolevaid k\u00f5rvaltoimeid.<\/p>\n<\/div><\/details>\n\n\n\n<details class=\"wp-block-karopharma-accordion\"><summary><h2 class=\"accordion-title\">Mu ebamugavused on kadunud, kas pean Multi-Gyn ActiGeli kasutamist j\u00e4tkama?<\/h2><\/summary><div class=\"accordion-content\">\n<p>Ei, pole vaja Multi-Gyn ActiGeli pidevalt kasutada. Kui soovid, v\u00f5id kasutada Multi-Gyn ActiGeli mitu korda n\u00e4dalas.<\/p>\n<\/div><\/details>\n\n\n\n<details class=\"wp-block-karopharma-accordion\"><summary><h2 class=\"accordion-title\">Kas Multi-Gyn ActiGel m\u00f5jutab antibiootikumide kasutamist?<\/h2><\/summary><div class=\"accordion-content\">\n<p>Ei, Multi-Gyn ActiGel ei m\u00f5juta antibiootikume negatiivselt. Ei, Multi-Gyn ActiGel ei m\u00f5juta antibiootikumide toimet negatiivselt.\u00a0antibiootikumravi ajal v\u00f5i p\u00e4rast seda.<\/p>\n<\/div><\/details>\n\n\n\n<details class=\"wp-block-karopharma-accordion\"><summary><h2 class=\"accordion-title\">Kas ma pean kasutama kogu tuubi?<\/h2><\/summary><div class=\"accordion-content\">\n<p>Bakteriaalse vaginoosi raviks pead kasutama Multi-Gyn ActiGeli v\u00e4hemalt kaks korda p\u00e4evas 5 p\u00e4eva j\u00e4rjest. Kui kaebused on 5 p\u00e4eva p\u00e4rast kadunud, ei pea sa kogu tuubi kasutama.<\/p>\n<\/div><\/details>\n<\/div><\/div>\n","protected":false},"excerpt":{"rendered":"<p>Ravib bakteriaalset vaginoosi<\/p>\n","protected":false},"featured_media":114,"comment_status":"closed","ping_status":"closed","template":"","meta":{"_acf_changed":false,"footnotes":""},"product_brand":[],"product_cat":[18],"product_tag":[],"class_list":{"0":"post-110","1":"product","2":"type-product","3":"status-publish","4":"has-post-thumbnail","6":"product_cat-ravi","8":"first","9":"instock","10":"shipping-taxable","11":"product-type-simple"},"acf":[],"yoast_head":"<!-- This site is optimized with the Yoast SEO plugin v26.6 - https:\/\/yoast.com\/wordpress\/plugins\/seo\/ -->\n<title>Multi-Gyn ActiGel - Multi-Gyn<\/title>\n<meta name=\"description\" content=\"Multi-Gyn ActiGel ravib bakteriaalset vaginoosi ja sellega seotud s\u00fcmptomeid, nagu soovimatu voolus ja l\u00f5hn. Kohese leevenduse saamiseks ravi Multi-Gyn ActiGel`iga.\" \/>\n<meta name=\"robots\" content=\"index, follow, max-snippet:-1, max-image-preview:large, max-video-preview:-1\" \/>\n<link rel=\"canonical\" href=\"https:\/\/multi-gyn.com\/ee\/toode\/multi-gyn-actigel\/\" \/>\n<meta property=\"og:locale\" content=\"et_EE\" \/>\n<meta property=\"og:type\" content=\"article\" \/>\n<meta property=\"og:title\" content=\"Multi-Gyn ActiGel - Multi-Gyn\" \/>\n<meta property=\"og:description\" content=\"Multi-Gyn ActiGel ravib bakteriaalset vaginoosi ja sellega seotud s\u00fcmptomeid, nagu soovimatu voolus ja l\u00f5hn. Kohese leevenduse saamiseks ravi Multi-Gyn ActiGel`iga.\" \/>\n<meta property=\"og:url\" content=\"https:\/\/multi-gyn.com\/ee\/toode\/multi-gyn-actigel\/\" \/>\n<meta property=\"og:site_name\" content=\"Multi-Gyn\" \/>\n<meta property=\"article:modified_time\" content=\"2025-06-02T06:05:44+00:00\" \/>\n<meta property=\"og:image\" content=\"https:\/\/multi-gyn.com\/app\/uploads\/sites\/39\/2022\/12\/Multi-Gyn-ActiGel.png\" \/>\n\t<meta property=\"og:image:width\" content=\"1024\" \/>\n\t<meta property=\"og:image:height\" content=\"1024\" \/>\n\t<meta property=\"og:image:type\" content=\"image\/png\" \/>\n<meta name=\"twitter:card\" content=\"summary_large_image\" \/>\n<meta name=\"twitter:label1\" content=\"Est. reading time\" \/>\n\t<meta name=\"twitter:data1\" content=\"2 minutes\" \/>\n<script type=\"application\/ld+json\" class=\"yoast-schema-graph\">{\"@context\":\"https:\/\/schema.org\",\"@graph\":[{\"@type\":\"WebPage\",\"@id\":\"https:\/\/multi-gyn.com\/ee\/toode\/multi-gyn-actigel\/\",\"url\":\"https:\/\/multi-gyn.com\/ee\/toode\/multi-gyn-actigel\/\",\"name\":\"Multi-Gyn ActiGel - Multi-Gyn\",\"isPartOf\":{\"@id\":\"https:\/\/multi-gyn.com\/ee\/#website\"},\"primaryImageOfPage\":{\"@id\":\"https:\/\/multi-gyn.com\/ee\/toode\/multi-gyn-actigel\/#primaryimage\"},\"image\":{\"@id\":\"https:\/\/multi-gyn.com\/ee\/toode\/multi-gyn-actigel\/#primaryimage\"},\"thumbnailUrl\":\"https:\/\/multi-gyn.com\/app\/uploads\/sites\/39\/2022\/12\/Multi-Gyn-ActiGel.png\",\"datePublished\":\"2022-12-22T13:54:43+00:00\",\"dateModified\":\"2025-06-02T06:05:44+00:00\",\"description\":\"Multi-Gyn ActiGel ravib bakteriaalset vaginoosi ja sellega seotud s\u00fcmptomeid, nagu soovimatu voolus ja l\u00f5hn. Kohese leevenduse saamiseks ravi Multi-Gyn ActiGel`iga.\",\"breadcrumb\":{\"@id\":\"https:\/\/multi-gyn.com\/ee\/toode\/multi-gyn-actigel\/#breadcrumb\"},\"inLanguage\":\"et-EE\",\"potentialAction\":[{\"@type\":\"ReadAction\",\"target\":[\"https:\/\/multi-gyn.com\/ee\/toode\/multi-gyn-actigel\/\"]}]},{\"@type\":\"ImageObject\",\"inLanguage\":\"et-EE\",\"@id\":\"https:\/\/multi-gyn.com\/ee\/toode\/multi-gyn-actigel\/#primaryimage\",\"url\":\"https:\/\/multi-gyn.com\/app\/uploads\/sites\/39\/2022\/12\/Multi-Gyn-ActiGel.png\",\"contentUrl\":\"https:\/\/multi-gyn.com\/app\/uploads\/sites\/39\/2022\/12\/Multi-Gyn-ActiGel.png\",\"width\":1024,\"height\":1024,\"caption\":\"Multi-Gyn ActiGel\"},{\"@type\":\"BreadcrumbList\",\"@id\":\"https:\/\/multi-gyn.com\/ee\/toode\/multi-gyn-actigel\/#breadcrumb\",\"itemListElement\":[{\"@type\":\"ListItem\",\"position\":1,\"name\":\"Home\",\"item\":\"https:\/\/multi-gyn.com\/ee\/\"},{\"@type\":\"ListItem\",\"position\":2,\"name\":\"Tooted\",\"item\":\"https:\/\/multi-gyn.com\/ee\/tooted\/\"},{\"@type\":\"ListItem\",\"position\":3,\"name\":\"Multi-Gyn ActiGel\"}]},{\"@type\":\"WebSite\",\"@id\":\"https:\/\/multi-gyn.com\/ee\/#website\",\"url\":\"https:\/\/multi-gyn.com\/ee\/\",\"name\":\"Multi-Gyn\",\"description\":\"\",\"publisher\":{\"@id\":\"https:\/\/multi-gyn.com\/ee\/#organization\"},\"potentialAction\":[{\"@type\":\"SearchAction\",\"target\":{\"@type\":\"EntryPoint\",\"urlTemplate\":\"https:\/\/multi-gyn.com\/ee\/?s={search_term_string}\"},\"query-input\":{\"@type\":\"PropertyValueSpecification\",\"valueRequired\":true,\"valueName\":\"search_term_string\"}}],\"inLanguage\":\"et-EE\"},{\"@type\":\"Organization\",\"@id\":\"https:\/\/multi-gyn.com\/ee\/#organization\",\"name\":\"Multi-Gyn\",\"url\":\"https:\/\/multi-gyn.com\/ee\/\",\"logo\":{\"@type\":\"ImageObject\",\"inLanguage\":\"et-EE\",\"@id\":\"https:\/\/multi-gyn.com\/ee\/#\/schema\/logo\/image\/\",\"url\":\"https:\/\/multi-gyn.com\/app\/uploads\/sites\/39\/2022\/12\/multi-gyn-logo.png\",\"contentUrl\":\"https:\/\/multi-gyn.com\/app\/uploads\/sites\/39\/2022\/12\/multi-gyn-logo.png\",\"width\":149,\"height\":32,\"caption\":\"Multi-Gyn\"},\"image\":{\"@id\":\"https:\/\/multi-gyn.com\/ee\/#\/schema\/logo\/image\/\"}}]}<\/script>\n<!-- \/ Yoast SEO plugin. -->","yoast_head_json":{"title":"Multi-Gyn ActiGel - Multi-Gyn","description":"Multi-Gyn ActiGel ravib bakteriaalset vaginoosi ja sellega seotud s\u00fcmptomeid, nagu soovimatu voolus ja l\u00f5hn. Kohese leevenduse saamiseks ravi Multi-Gyn ActiGel`iga.","robots":{"index":"index","follow":"follow","max-snippet":"max-snippet:-1","max-image-preview":"max-image-preview:large","max-video-preview":"max-video-preview:-1"},"canonical":"https:\/\/multi-gyn.com\/ee\/toode\/multi-gyn-actigel\/","og_locale":"et_EE","og_type":"article","og_title":"Multi-Gyn ActiGel - Multi-Gyn","og_description":"Multi-Gyn ActiGel ravib bakteriaalset vaginoosi ja sellega seotud s\u00fcmptomeid, nagu soovimatu voolus ja l\u00f5hn. Kohese leevenduse saamiseks ravi Multi-Gyn ActiGel`iga.","og_url":"https:\/\/multi-gyn.com\/ee\/toode\/multi-gyn-actigel\/","og_site_name":"Multi-Gyn","article_modified_time":"2025-06-02T06:05:44+00:00","og_image":[{"width":1024,"height":1024,"url":"https:\/\/multi-gyn.com\/app\/uploads\/sites\/39\/2022\/12\/Multi-Gyn-ActiGel.png","type":"image\/png"}],"twitter_card":"summary_large_image","twitter_misc":{"Est. reading time":"2 minutes"},"schema":{"@context":"https:\/\/schema.org","@graph":[{"@type":"WebPage","@id":"https:\/\/multi-gyn.com\/ee\/toode\/multi-gyn-actigel\/","url":"https:\/\/multi-gyn.com\/ee\/toode\/multi-gyn-actigel\/","name":"Multi-Gyn ActiGel - Multi-Gyn","isPartOf":{"@id":"https:\/\/multi-gyn.com\/ee\/#website"},"primaryImageOfPage":{"@id":"https:\/\/multi-gyn.com\/ee\/toode\/multi-gyn-actigel\/#primaryimage"},"image":{"@id":"https:\/\/multi-gyn.com\/ee\/toode\/multi-gyn-actigel\/#primaryimage"},"thumbnailUrl":"https:\/\/multi-gyn.com\/app\/uploads\/sites\/39\/2022\/12\/Multi-Gyn-ActiGel.png","datePublished":"2022-12-22T13:54:43+00:00","dateModified":"2025-06-02T06:05:44+00:00","description":"Multi-Gyn ActiGel ravib bakteriaalset vaginoosi ja sellega seotud s\u00fcmptomeid, nagu soovimatu voolus ja l\u00f5hn. Kohese leevenduse saamiseks ravi Multi-Gyn ActiGel`iga.","breadcrumb":{"@id":"https:\/\/multi-gyn.com\/ee\/toode\/multi-gyn-actigel\/#breadcrumb"},"inLanguage":"et-EE","potentialAction":[{"@type":"ReadAction","target":["https:\/\/multi-gyn.com\/ee\/toode\/multi-gyn-actigel\/"]}]},{"@type":"ImageObject","inLanguage":"et-EE","@id":"https:\/\/multi-gyn.com\/ee\/toode\/multi-gyn-actigel\/#primaryimage","url":"https:\/\/multi-gyn.com\/app\/uploads\/sites\/39\/2022\/12\/Multi-Gyn-ActiGel.png","contentUrl":"https:\/\/multi-gyn.com\/app\/uploads\/sites\/39\/2022\/12\/Multi-Gyn-ActiGel.png","width":1024,"height":1024,"caption":"Multi-Gyn ActiGel"},{"@type":"BreadcrumbList","@id":"https:\/\/multi-gyn.com\/ee\/toode\/multi-gyn-actigel\/#breadcrumb","itemListElement":[{"@type":"ListItem","position":1,"name":"Home","item":"https:\/\/multi-gyn.com\/ee\/"},{"@type":"ListItem","position":2,"name":"Tooted","item":"https:\/\/multi-gyn.com\/ee\/tooted\/"},{"@type":"ListItem","position":3,"name":"Multi-Gyn ActiGel"}]},{"@type":"WebSite","@id":"https:\/\/multi-gyn.com\/ee\/#website","url":"https:\/\/multi-gyn.com\/ee\/","name":"Multi-Gyn","description":"","publisher":{"@id":"https:\/\/multi-gyn.com\/ee\/#organization"},"potentialAction":[{"@type":"SearchAction","target":{"@type":"EntryPoint","urlTemplate":"https:\/\/multi-gyn.com\/ee\/?s={search_term_string}"},"query-input":{"@type":"PropertyValueSpecification","valueRequired":true,"valueName":"search_term_string"}}],"inLanguage":"et-EE"},{"@type":"Organization","@id":"https:\/\/multi-gyn.com\/ee\/#organization","name":"Multi-Gyn","url":"https:\/\/multi-gyn.com\/ee\/","logo":{"@type":"ImageObject","inLanguage":"et-EE","@id":"https:\/\/multi-gyn.com\/ee\/#\/schema\/logo\/image\/","url":"https:\/\/multi-gyn.com\/app\/uploads\/sites\/39\/2022\/12\/multi-gyn-logo.png","contentUrl":"https:\/\/multi-gyn.com\/app\/uploads\/sites\/39\/2022\/12\/multi-gyn-logo.png","width":149,"height":32,"caption":"Multi-Gyn"},"image":{"@id":"https:\/\/multi-gyn.com\/ee\/#\/schema\/logo\/image\/"}}]}},"_links":{"self":[{"href":"https:\/\/multi-gyn.com\/ee\/wp-json\/wp\/v2\/product\/110","targetHints":{"allow":["GET"]}}],"collection":[{"href":"https:\/\/multi-gyn.com\/ee\/wp-json\/wp\/v2\/product"}],"about":[{"href":"https:\/\/multi-gyn.com\/ee\/wp-json\/wp\/v2\/types\/product"}],"replies":[{"embeddable":true,"href":"https:\/\/multi-gyn.com\/ee\/wp-json\/wp\/v2\/comments?post=110"}],"version-history":[{"count":9,"href":"https:\/\/multi-gyn.com\/ee\/wp-json\/wp\/v2\/product\/110\/revisions"}],"predecessor-version":[{"id":246,"href":"https:\/\/multi-gyn.com\/ee\/wp-json\/wp\/v2\/product\/110\/revisions\/246"}],"wp:featuredmedia":[{"embeddable":true,"href":"https:\/\/multi-gyn.com\/ee\/wp-json\/wp\/v2\/media\/114"}],"wp:attachment":[{"href":"https:\/\/multi-gyn.com\/ee\/wp-json\/wp\/v2\/media?parent=110"}],"wp:term":[{"taxonomy":"product_brand","embeddable":true,"href":"https:\/\/multi-gyn.com\/ee\/wp-json\/wp\/v2\/product_brand?post=110"},{"taxonomy":"product_cat","embeddable":true,"href":"https:\/\/multi-gyn.com\/ee\/wp-json\/wp\/v2\/product_cat?post=110"},{"taxonomy":"product_tag","embeddable":true,"href":"https:\/\/multi-gyn.com\/ee\/wp-json\/wp\/v2\/product_tag?post=110"}],"curies":[{"name":"wp","href":"https:\/\/api.w.org\/{rel}","templated":true}]}}