{"id":219,"date":"2025-05-07T09:41:53","date_gmt":"2025-05-07T06:41:53","guid":{"rendered":"https:\/\/multi-gyn.com\/ee\/?post_type=product&#038;p=219"},"modified":"2025-05-07T11:09:53","modified_gmt":"2025-05-07T08:09:53","slug":"multi-gyn-actigel-2in1","status":"publish","type":"product","link":"https:\/\/multi-gyn.com\/ee\/toode\/multi-gyn-actigel-2in1\/","title":{"rendered":"Multi-Gyn ActiGel 2in1"},"content":{"rendered":"\n<div class=\"wp-block-karopharma-accordions is-style-secondary\"><div class=\"container\">\n<details class=\"wp-block-karopharma-accordion\"><summary><h2 class=\"accordion-title\">Koostis<\/h2><\/summary><div class=\"accordion-content\">\n<p>2QR-kompleks* (83%), ksantaankummi, vesi, gl\u00fctseriin, kapr\u00fc\u00fclgl\u00fckool, piimhape, naatriumh\u00fcdroksiid, naatriumbensoaat, sidrunhape, kaaliumsorbaat. <\/p>\n<\/div><\/details>\n\n\n\n<details class=\"wp-block-karopharma-accordion\"><summary><h2 class=\"accordion-title\">Kasutamisjuhend<\/h2><\/summary><div class=\"accordion-content\">\n<p>Bakteriaalse vaginoosi (BV) raviks manustage tuppe k\u00fcllaldane kogus Multi-Gyn ActiGel&#8217;i v\u00e4hemalt 2 korda p\u00e4evas, v\u00e4hemalt 7 p\u00e4eva j\u00e4rjest. Vaginaalse ebamugavustunde korral nagu s\u00fcgelus, \u00e4rritus ja punetus, kasutage Multi-Gyn ActiGel`i k\u00fcllaldases koguses v\u00e4hemalt \u00fcks kord p\u00e4evas v\u00f5i siis, kui soovite leevendust.<\/p>\n\n\n\n<p>T\u00e4helepanu!<br>Kui te tunnete p\u00e4rast manustamist p\u00f5letustunnet\/kipitust, \u00e4rge muretsege. See on normaalne ja m\u00f6\u00f6dub kiiresti. Hoiatus Kaebuste p\u00fcsimisel v\u00f5i kordumisel v\u00f5tke \u00fchendust oma arstiga. V\u00e4lispidiseks ja tupesiseseks kasutamiseks. Enne kasutamist lugege pakendis olevat kasutusjuhendit.<\/p>\n<\/div><\/details>\n<\/div><\/div>\n","protected":false},"excerpt":{"rendered":"<p>Ravib bakteriaalset vaginoosi<\/p>\n","protected":false},"featured_media":221,"comment_status":"closed","ping_status":"closed","template":"","meta":{"_acf_changed":false,"footnotes":""},"product_brand":[],"product_cat":[],"product_tag":[],"class_list":{"0":"post-219","1":"product","2":"type-product","3":"status-publish","4":"has-post-thumbnail","7":"first","8":"instock","9":"shipping-taxable","10":"product-type-simple"},"acf":[],"yoast_head":"<!-- This site is optimized with the Yoast SEO plugin v26.6 - https:\/\/yoast.com\/wordpress\/plugins\/seo\/ -->\n<title>Multi-Gyn ActiGel 2in1 - Multi-Gyn<\/title>\n<meta name=\"description\" content=\"Multi-Gyn ActiGel 2in1 on kliiniliselt t\u00f5estatud kahetoimeline lahendus, mis ravib bakteriaalset vaginoosi ja taastab pH-taseme tupe tervisliku mikrofloora jaoks.\" \/>\n<meta name=\"robots\" content=\"index, follow, max-snippet:-1, max-image-preview:large, max-video-preview:-1\" \/>\n<link rel=\"canonical\" href=\"https:\/\/multi-gyn.com\/ee\/toode\/multi-gyn-actigel-2in1\/\" \/>\n<meta property=\"og:locale\" content=\"et_EE\" \/>\n<meta property=\"og:type\" content=\"article\" \/>\n<meta property=\"og:title\" content=\"Multi-Gyn ActiGel 2in1 - Multi-Gyn\" \/>\n<meta property=\"og:description\" content=\"Multi-Gyn ActiGel 2in1 on kliiniliselt t\u00f5estatud kahetoimeline lahendus, mis ravib bakteriaalset vaginoosi ja taastab pH-taseme tupe tervisliku mikrofloora jaoks.\" \/>\n<meta property=\"og:url\" content=\"https:\/\/multi-gyn.com\/ee\/toode\/multi-gyn-actigel-2in1\/\" \/>\n<meta property=\"og:site_name\" content=\"Multi-Gyn\" \/>\n<meta property=\"article:modified_time\" content=\"2025-05-07T08:09:53+00:00\" \/>\n<meta property=\"og:image\" content=\"https:\/\/multi-gyn.com\/app\/uploads\/sites\/39\/2025\/05\/Multi-Gyn-ActiGel-2in1.png\" \/>\n\t<meta property=\"og:image:width\" content=\"700\" \/>\n\t<meta property=\"og:image:height\" content=\"700\" \/>\n\t<meta property=\"og:image:type\" content=\"image\/png\" \/>\n<meta name=\"twitter:card\" content=\"summary_large_image\" \/>\n<meta name=\"twitter:label1\" content=\"Est. reading time\" \/>\n\t<meta name=\"twitter:data1\" content=\"1 minute\" \/>\n<script type=\"application\/ld+json\" class=\"yoast-schema-graph\">{\"@context\":\"https:\/\/schema.org\",\"@graph\":[{\"@type\":\"WebPage\",\"@id\":\"https:\/\/multi-gyn.com\/ee\/toode\/multi-gyn-actigel-2in1\/\",\"url\":\"https:\/\/multi-gyn.com\/ee\/toode\/multi-gyn-actigel-2in1\/\",\"name\":\"Multi-Gyn ActiGel 2in1 - Multi-Gyn\",\"isPartOf\":{\"@id\":\"https:\/\/multi-gyn.com\/ee\/#website\"},\"primaryImageOfPage\":{\"@id\":\"https:\/\/multi-gyn.com\/ee\/toode\/multi-gyn-actigel-2in1\/#primaryimage\"},\"image\":{\"@id\":\"https:\/\/multi-gyn.com\/ee\/toode\/multi-gyn-actigel-2in1\/#primaryimage\"},\"thumbnailUrl\":\"https:\/\/multi-gyn.com\/app\/uploads\/sites\/39\/2025\/05\/Multi-Gyn-ActiGel-2in1.png\",\"datePublished\":\"2025-05-07T06:41:53+00:00\",\"dateModified\":\"2025-05-07T08:09:53+00:00\",\"description\":\"Multi-Gyn ActiGel 2in1 on kliiniliselt t\u00f5estatud kahetoimeline lahendus, mis ravib bakteriaalset vaginoosi ja taastab pH-taseme tupe tervisliku mikrofloora jaoks.\",\"breadcrumb\":{\"@id\":\"https:\/\/multi-gyn.com\/ee\/toode\/multi-gyn-actigel-2in1\/#breadcrumb\"},\"inLanguage\":\"et-EE\",\"potentialAction\":[{\"@type\":\"ReadAction\",\"target\":[\"https:\/\/multi-gyn.com\/ee\/toode\/multi-gyn-actigel-2in1\/\"]}]},{\"@type\":\"ImageObject\",\"inLanguage\":\"et-EE\",\"@id\":\"https:\/\/multi-gyn.com\/ee\/toode\/multi-gyn-actigel-2in1\/#primaryimage\",\"url\":\"https:\/\/multi-gyn.com\/app\/uploads\/sites\/39\/2025\/05\/Multi-Gyn-ActiGel-2in1.png\",\"contentUrl\":\"https:\/\/multi-gyn.com\/app\/uploads\/sites\/39\/2025\/05\/Multi-Gyn-ActiGel-2in1.png\",\"width\":700,\"height\":700,\"caption\":\"Multi-Gyn-ActiGel-2in1\"},{\"@type\":\"BreadcrumbList\",\"@id\":\"https:\/\/multi-gyn.com\/ee\/toode\/multi-gyn-actigel-2in1\/#breadcrumb\",\"itemListElement\":[{\"@type\":\"ListItem\",\"position\":1,\"name\":\"Home\",\"item\":\"https:\/\/multi-gyn.com\/ee\/\"},{\"@type\":\"ListItem\",\"position\":2,\"name\":\"Tooted\",\"item\":\"https:\/\/multi-gyn.com\/ee\/tooted\/\"},{\"@type\":\"ListItem\",\"position\":3,\"name\":\"Multi-Gyn ActiGel 2in1\"}]},{\"@type\":\"WebSite\",\"@id\":\"https:\/\/multi-gyn.com\/ee\/#website\",\"url\":\"https:\/\/multi-gyn.com\/ee\/\",\"name\":\"Multi-Gyn\",\"description\":\"\",\"publisher\":{\"@id\":\"https:\/\/multi-gyn.com\/ee\/#organization\"},\"potentialAction\":[{\"@type\":\"SearchAction\",\"target\":{\"@type\":\"EntryPoint\",\"urlTemplate\":\"https:\/\/multi-gyn.com\/ee\/?s={search_term_string}\"},\"query-input\":{\"@type\":\"PropertyValueSpecification\",\"valueRequired\":true,\"valueName\":\"search_term_string\"}}],\"inLanguage\":\"et-EE\"},{\"@type\":\"Organization\",\"@id\":\"https:\/\/multi-gyn.com\/ee\/#organization\",\"name\":\"Multi-Gyn\",\"url\":\"https:\/\/multi-gyn.com\/ee\/\",\"logo\":{\"@type\":\"ImageObject\",\"inLanguage\":\"et-EE\",\"@id\":\"https:\/\/multi-gyn.com\/ee\/#\/schema\/logo\/image\/\",\"url\":\"https:\/\/multi-gyn.com\/app\/uploads\/sites\/39\/2022\/12\/multi-gyn-logo.png\",\"contentUrl\":\"https:\/\/multi-gyn.com\/app\/uploads\/sites\/39\/2022\/12\/multi-gyn-logo.png\",\"width\":149,\"height\":32,\"caption\":\"Multi-Gyn\"},\"image\":{\"@id\":\"https:\/\/multi-gyn.com\/ee\/#\/schema\/logo\/image\/\"}}]}<\/script>\n<!-- \/ Yoast SEO plugin. -->","yoast_head_json":{"title":"Multi-Gyn ActiGel 2in1 - Multi-Gyn","description":"Multi-Gyn ActiGel 2in1 on kliiniliselt t\u00f5estatud kahetoimeline lahendus, mis ravib bakteriaalset vaginoosi ja taastab pH-taseme tupe tervisliku mikrofloora jaoks.","robots":{"index":"index","follow":"follow","max-snippet":"max-snippet:-1","max-image-preview":"max-image-preview:large","max-video-preview":"max-video-preview:-1"},"canonical":"https:\/\/multi-gyn.com\/ee\/toode\/multi-gyn-actigel-2in1\/","og_locale":"et_EE","og_type":"article","og_title":"Multi-Gyn ActiGel 2in1 - Multi-Gyn","og_description":"Multi-Gyn ActiGel 2in1 on kliiniliselt t\u00f5estatud kahetoimeline lahendus, mis ravib bakteriaalset vaginoosi ja taastab pH-taseme tupe tervisliku mikrofloora jaoks.","og_url":"https:\/\/multi-gyn.com\/ee\/toode\/multi-gyn-actigel-2in1\/","og_site_name":"Multi-Gyn","article_modified_time":"2025-05-07T08:09:53+00:00","og_image":[{"width":700,"height":700,"url":"https:\/\/multi-gyn.com\/app\/uploads\/sites\/39\/2025\/05\/Multi-Gyn-ActiGel-2in1.png","type":"image\/png"}],"twitter_card":"summary_large_image","twitter_misc":{"Est. reading time":"1 minute"},"schema":{"@context":"https:\/\/schema.org","@graph":[{"@type":"WebPage","@id":"https:\/\/multi-gyn.com\/ee\/toode\/multi-gyn-actigel-2in1\/","url":"https:\/\/multi-gyn.com\/ee\/toode\/multi-gyn-actigel-2in1\/","name":"Multi-Gyn ActiGel 2in1 - Multi-Gyn","isPartOf":{"@id":"https:\/\/multi-gyn.com\/ee\/#website"},"primaryImageOfPage":{"@id":"https:\/\/multi-gyn.com\/ee\/toode\/multi-gyn-actigel-2in1\/#primaryimage"},"image":{"@id":"https:\/\/multi-gyn.com\/ee\/toode\/multi-gyn-actigel-2in1\/#primaryimage"},"thumbnailUrl":"https:\/\/multi-gyn.com\/app\/uploads\/sites\/39\/2025\/05\/Multi-Gyn-ActiGel-2in1.png","datePublished":"2025-05-07T06:41:53+00:00","dateModified":"2025-05-07T08:09:53+00:00","description":"Multi-Gyn ActiGel 2in1 on kliiniliselt t\u00f5estatud kahetoimeline lahendus, mis ravib bakteriaalset vaginoosi ja taastab pH-taseme tupe tervisliku mikrofloora jaoks.","breadcrumb":{"@id":"https:\/\/multi-gyn.com\/ee\/toode\/multi-gyn-actigel-2in1\/#breadcrumb"},"inLanguage":"et-EE","potentialAction":[{"@type":"ReadAction","target":["https:\/\/multi-gyn.com\/ee\/toode\/multi-gyn-actigel-2in1\/"]}]},{"@type":"ImageObject","inLanguage":"et-EE","@id":"https:\/\/multi-gyn.com\/ee\/toode\/multi-gyn-actigel-2in1\/#primaryimage","url":"https:\/\/multi-gyn.com\/app\/uploads\/sites\/39\/2025\/05\/Multi-Gyn-ActiGel-2in1.png","contentUrl":"https:\/\/multi-gyn.com\/app\/uploads\/sites\/39\/2025\/05\/Multi-Gyn-ActiGel-2in1.png","width":700,"height":700,"caption":"Multi-Gyn-ActiGel-2in1"},{"@type":"BreadcrumbList","@id":"https:\/\/multi-gyn.com\/ee\/toode\/multi-gyn-actigel-2in1\/#breadcrumb","itemListElement":[{"@type":"ListItem","position":1,"name":"Home","item":"https:\/\/multi-gyn.com\/ee\/"},{"@type":"ListItem","position":2,"name":"Tooted","item":"https:\/\/multi-gyn.com\/ee\/tooted\/"},{"@type":"ListItem","position":3,"name":"Multi-Gyn ActiGel 2in1"}]},{"@type":"WebSite","@id":"https:\/\/multi-gyn.com\/ee\/#website","url":"https:\/\/multi-gyn.com\/ee\/","name":"Multi-Gyn","description":"","publisher":{"@id":"https:\/\/multi-gyn.com\/ee\/#organization"},"potentialAction":[{"@type":"SearchAction","target":{"@type":"EntryPoint","urlTemplate":"https:\/\/multi-gyn.com\/ee\/?s={search_term_string}"},"query-input":{"@type":"PropertyValueSpecification","valueRequired":true,"valueName":"search_term_string"}}],"inLanguage":"et-EE"},{"@type":"Organization","@id":"https:\/\/multi-gyn.com\/ee\/#organization","name":"Multi-Gyn","url":"https:\/\/multi-gyn.com\/ee\/","logo":{"@type":"ImageObject","inLanguage":"et-EE","@id":"https:\/\/multi-gyn.com\/ee\/#\/schema\/logo\/image\/","url":"https:\/\/multi-gyn.com\/app\/uploads\/sites\/39\/2022\/12\/multi-gyn-logo.png","contentUrl":"https:\/\/multi-gyn.com\/app\/uploads\/sites\/39\/2022\/12\/multi-gyn-logo.png","width":149,"height":32,"caption":"Multi-Gyn"},"image":{"@id":"https:\/\/multi-gyn.com\/ee\/#\/schema\/logo\/image\/"}}]}},"_links":{"self":[{"href":"https:\/\/multi-gyn.com\/ee\/wp-json\/wp\/v2\/product\/219","targetHints":{"allow":["GET"]}}],"collection":[{"href":"https:\/\/multi-gyn.com\/ee\/wp-json\/wp\/v2\/product"}],"about":[{"href":"https:\/\/multi-gyn.com\/ee\/wp-json\/wp\/v2\/types\/product"}],"replies":[{"embeddable":true,"href":"https:\/\/multi-gyn.com\/ee\/wp-json\/wp\/v2\/comments?post=219"}],"version-history":[{"count":9,"href":"https:\/\/multi-gyn.com\/ee\/wp-json\/wp\/v2\/product\/219\/revisions"}],"predecessor-version":[{"id":244,"href":"https:\/\/multi-gyn.com\/ee\/wp-json\/wp\/v2\/product\/219\/revisions\/244"}],"wp:featuredmedia":[{"embeddable":true,"href":"https:\/\/multi-gyn.com\/ee\/wp-json\/wp\/v2\/media\/221"}],"wp:attachment":[{"href":"https:\/\/multi-gyn.com\/ee\/wp-json\/wp\/v2\/media?parent=219"}],"wp:term":[{"taxonomy":"product_brand","embeddable":true,"href":"https:\/\/multi-gyn.com\/ee\/wp-json\/wp\/v2\/product_brand?post=219"},{"taxonomy":"product_cat","embeddable":true,"href":"https:\/\/multi-gyn.com\/ee\/wp-json\/wp\/v2\/product_cat?post=219"},{"taxonomy":"product_tag","embeddable":true,"href":"https:\/\/multi-gyn.com\/ee\/wp-json\/wp\/v2\/product_tag?post=219"}],"curies":[{"name":"wp","href":"https:\/\/api.w.org\/{rel}","templated":true}]}}