{"id":96,"date":"2022-12-22T15:52:48","date_gmt":"2022-12-22T13:52:48","guid":{"rendered":"https:\/\/multi-gyn.com\/ee\/?post_type=product&#038;p=96"},"modified":"2023-01-02T10:41:16","modified_gmt":"2023-01-02T08:41:16","slug":"multi-gyn-douche-tablets","status":"publish","type":"product","link":"https:\/\/multi-gyn.com\/ee\/toode\/multi-gyn-douche-tablets\/","title":{"rendered":"Multi-Gyn Douche &#038; Tablets"},"content":{"rendered":"\n<div class=\"wp-block-karopharma-accordions is-style-secondary\"><div class=\"container\">\n<details class=\"wp-block-karopharma-accordion\"><summary><h2 class=\"accordion-title\">Kui tihti v\u00f5in Multi-Gyn tupeloputusseadet kasutada?<\/h2><\/summary><div class=\"accordion-content\">\n<p>M\u00f5ned naised on tupe ebamugavuste suhtes vastuv\u00f5tlikumad kui teised elustiili, seksuaalse aktiivsuse v\u00f5i menstruatsiooni t\u00f5ttu. Isiklikest h\u00fcgieenivajadustest s\u00f5ltuvalt v\u00f5ib Multi-Gyn tupeloputusseadet kasutada sagedamini. Toodet ei soovitata siiski kasutada rohkem kui \u00fcks kord n\u00e4dalas, kui arst ei soovita teisiti.<\/p>\n<\/div><\/details>\n\n\n\n<details class=\"wp-block-karopharma-accordion\"><summary><h2 class=\"accordion-title\">Kas ma v\u00f5in Multi-Gyn Tablets tablette kasutada ilma tupeloputuse vahendita?<\/h2><\/summary><div class=\"accordion-content\">\n<p>Ei, need on m\u00f5eldud kasutamiseks ainult Multi-Gyn Vaginal Douche tupeloputusseadmega.<\/p>\n<\/div><\/details>\n\n\n\n<details class=\"wp-block-karopharma-accordion\"><summary><h2 class=\"accordion-title\">Kas ma pean kogu vedeliku \u00e4ra kasutama?<\/h2><\/summary><div class=\"accordion-content\">\n<p>Ei, piisab \u00fchest \u00f5rnast pigistamisest.<\/p>\n<\/div><\/details>\n\n\n\n<details class=\"wp-block-karopharma-accordion\"><summary><h2 class=\"accordion-title\">Kas ma v\u00f5in tupeloputuse vedelikku uuesti kasutada?<\/h2><\/summary><div class=\"accordion-content\">\n<p>Ei, absoluutselt mitte. Vedelikku v\u00f5ib kasutada ainult \u00fcks kord.<\/p>\n<\/div><\/details>\n\n\n\n<details class=\"wp-block-karopharma-accordion\"><summary><h2 class=\"accordion-title\">Kas Multi-Gyn Vaginal Douche tupeloputusseadme sisestamine on keeruline?<\/h2><\/summary><div class=\"accordion-content\">\n<p>Ei, tupeloputusseadme kasutamine pole keeruline. Veendu siiski, et olete l\u00f5dvestunud ja seisate v\u00f5i istute mugavas kohas. Lisateavet Multi-Gyn Vaginal Douche kasutamise kohta leiate juhendist.<\/p>\n<\/div><\/details>\n\n\n\n<details class=\"wp-block-karopharma-accordion\"><summary><h2 class=\"accordion-title\">Kas ma v\u00f5in Multi-Gyn Vaginal Douchet tupeloputusseadet kasutada ka veega?<\/h2><\/summary><div class=\"accordion-content\">\n<p>Jah, v\u00f5id kasutada Multi-Gyn Vaginal Douche&#8217;i tupeloputusseadet ka ainult leige veega.<\/p>\n<\/div><\/details>\n<\/div><\/div>\n","protected":false},"excerpt":{"rendered":"<p>Tupe optimaalseks h\u00fcgieeniks<\/p>\n","protected":false},"featured_media":130,"comment_status":"closed","ping_status":"closed","template":"","meta":{"_acf_changed":false,"footnotes":""},"product_brand":[],"product_cat":[19],"product_tag":[],"class_list":{"0":"post-96","1":"product","2":"type-product","3":"status-publish","4":"has-post-thumbnail","6":"product_cat-hugieen-ja-hooldus","8":"first","9":"instock","10":"shipping-taxable","11":"product-type-simple"},"acf":[],"yoast_head":"<!-- This site is optimized with the Yoast SEO plugin v26.6 - https:\/\/yoast.com\/wordpress\/plugins\/seo\/ -->\n<title>Multi-Gyn Douche &amp; Tablets - Multi-Gyn<\/title>\n<meta name=\"description\" content=\"Multi-Gyn tupeloputusseade ja tabletid sobivad ideaalselt tupe \u00fcldiseks h\u00fcgieeniks.\" \/>\n<meta name=\"robots\" content=\"index, follow, max-snippet:-1, max-image-preview:large, max-video-preview:-1\" \/>\n<link rel=\"canonical\" href=\"https:\/\/multi-gyn.com\/ee\/toode\/multi-gyn-douche-tablets\/\" \/>\n<meta property=\"og:locale\" content=\"et_EE\" \/>\n<meta property=\"og:type\" content=\"article\" \/>\n<meta property=\"og:title\" content=\"Multi-Gyn Douche &amp; Tablets - Multi-Gyn\" \/>\n<meta property=\"og:description\" content=\"Multi-Gyn tupeloputusseade ja tabletid sobivad ideaalselt tupe \u00fcldiseks h\u00fcgieeniks.\" \/>\n<meta property=\"og:url\" content=\"https:\/\/multi-gyn.com\/ee\/toode\/multi-gyn-douche-tablets\/\" \/>\n<meta property=\"og:site_name\" content=\"Multi-Gyn\" \/>\n<meta property=\"article:modified_time\" content=\"2023-01-02T08:41:16+00:00\" \/>\n<meta property=\"og:image\" content=\"https:\/\/multi-gyn.com\/app\/uploads\/sites\/39\/2022\/12\/Multi-Gyn-VaginalDouche.png\" \/>\n\t<meta property=\"og:image:width\" content=\"800\" \/>\n\t<meta property=\"og:image:height\" content=\"800\" \/>\n\t<meta property=\"og:image:type\" content=\"image\/png\" \/>\n<meta name=\"twitter:card\" content=\"summary_large_image\" \/>\n<meta name=\"twitter:label1\" content=\"Est. reading time\" \/>\n\t<meta name=\"twitter:data1\" content=\"1 minute\" \/>\n<script type=\"application\/ld+json\" class=\"yoast-schema-graph\">{\"@context\":\"https:\/\/schema.org\",\"@graph\":[{\"@type\":\"WebPage\",\"@id\":\"https:\/\/multi-gyn.com\/ee\/toode\/multi-gyn-douche-tablets\/\",\"url\":\"https:\/\/multi-gyn.com\/ee\/toode\/multi-gyn-douche-tablets\/\",\"name\":\"Multi-Gyn Douche & Tablets - Multi-Gyn\",\"isPartOf\":{\"@id\":\"https:\/\/multi-gyn.com\/ee\/#website\"},\"primaryImageOfPage\":{\"@id\":\"https:\/\/multi-gyn.com\/ee\/toode\/multi-gyn-douche-tablets\/#primaryimage\"},\"image\":{\"@id\":\"https:\/\/multi-gyn.com\/ee\/toode\/multi-gyn-douche-tablets\/#primaryimage\"},\"thumbnailUrl\":\"https:\/\/multi-gyn.com\/app\/uploads\/sites\/39\/2022\/12\/Multi-Gyn-VaginalDouche.png\",\"datePublished\":\"2022-12-22T13:52:48+00:00\",\"dateModified\":\"2023-01-02T08:41:16+00:00\",\"description\":\"Multi-Gyn tupeloputusseade ja tabletid sobivad ideaalselt tupe \u00fcldiseks h\u00fcgieeniks.\",\"breadcrumb\":{\"@id\":\"https:\/\/multi-gyn.com\/ee\/toode\/multi-gyn-douche-tablets\/#breadcrumb\"},\"inLanguage\":\"et-EE\",\"potentialAction\":[{\"@type\":\"ReadAction\",\"target\":[\"https:\/\/multi-gyn.com\/ee\/toode\/multi-gyn-douche-tablets\/\"]}]},{\"@type\":\"ImageObject\",\"inLanguage\":\"et-EE\",\"@id\":\"https:\/\/multi-gyn.com\/ee\/toode\/multi-gyn-douche-tablets\/#primaryimage\",\"url\":\"https:\/\/multi-gyn.com\/app\/uploads\/sites\/39\/2022\/12\/Multi-Gyn-VaginalDouche.png\",\"contentUrl\":\"https:\/\/multi-gyn.com\/app\/uploads\/sites\/39\/2022\/12\/Multi-Gyn-VaginalDouche.png\",\"width\":800,\"height\":800,\"caption\":\"Multi-Gyn VaginalDouche\"},{\"@type\":\"BreadcrumbList\",\"@id\":\"https:\/\/multi-gyn.com\/ee\/toode\/multi-gyn-douche-tablets\/#breadcrumb\",\"itemListElement\":[{\"@type\":\"ListItem\",\"position\":1,\"name\":\"Home\",\"item\":\"https:\/\/multi-gyn.com\/ee\/\"},{\"@type\":\"ListItem\",\"position\":2,\"name\":\"Tooted\",\"item\":\"https:\/\/multi-gyn.com\/ee\/tooted\/\"},{\"@type\":\"ListItem\",\"position\":3,\"name\":\"Multi-Gyn Douche &#038; Tablets\"}]},{\"@type\":\"WebSite\",\"@id\":\"https:\/\/multi-gyn.com\/ee\/#website\",\"url\":\"https:\/\/multi-gyn.com\/ee\/\",\"name\":\"Multi-Gyn\",\"description\":\"\",\"publisher\":{\"@id\":\"https:\/\/multi-gyn.com\/ee\/#organization\"},\"potentialAction\":[{\"@type\":\"SearchAction\",\"target\":{\"@type\":\"EntryPoint\",\"urlTemplate\":\"https:\/\/multi-gyn.com\/ee\/?s={search_term_string}\"},\"query-input\":{\"@type\":\"PropertyValueSpecification\",\"valueRequired\":true,\"valueName\":\"search_term_string\"}}],\"inLanguage\":\"et-EE\"},{\"@type\":\"Organization\",\"@id\":\"https:\/\/multi-gyn.com\/ee\/#organization\",\"name\":\"Multi-Gyn\",\"url\":\"https:\/\/multi-gyn.com\/ee\/\",\"logo\":{\"@type\":\"ImageObject\",\"inLanguage\":\"et-EE\",\"@id\":\"https:\/\/multi-gyn.com\/ee\/#\/schema\/logo\/image\/\",\"url\":\"https:\/\/multi-gyn.com\/app\/uploads\/sites\/39\/2022\/12\/multi-gyn-logo.png\",\"contentUrl\":\"https:\/\/multi-gyn.com\/app\/uploads\/sites\/39\/2022\/12\/multi-gyn-logo.png\",\"width\":149,\"height\":32,\"caption\":\"Multi-Gyn\"},\"image\":{\"@id\":\"https:\/\/multi-gyn.com\/ee\/#\/schema\/logo\/image\/\"}}]}<\/script>\n<!-- \/ Yoast SEO plugin. -->","yoast_head_json":{"title":"Multi-Gyn Douche & Tablets - Multi-Gyn","description":"Multi-Gyn tupeloputusseade ja tabletid sobivad ideaalselt tupe \u00fcldiseks h\u00fcgieeniks.","robots":{"index":"index","follow":"follow","max-snippet":"max-snippet:-1","max-image-preview":"max-image-preview:large","max-video-preview":"max-video-preview:-1"},"canonical":"https:\/\/multi-gyn.com\/ee\/toode\/multi-gyn-douche-tablets\/","og_locale":"et_EE","og_type":"article","og_title":"Multi-Gyn Douche & Tablets - Multi-Gyn","og_description":"Multi-Gyn tupeloputusseade ja tabletid sobivad ideaalselt tupe \u00fcldiseks h\u00fcgieeniks.","og_url":"https:\/\/multi-gyn.com\/ee\/toode\/multi-gyn-douche-tablets\/","og_site_name":"Multi-Gyn","article_modified_time":"2023-01-02T08:41:16+00:00","og_image":[{"width":800,"height":800,"url":"https:\/\/multi-gyn.com\/app\/uploads\/sites\/39\/2022\/12\/Multi-Gyn-VaginalDouche.png","type":"image\/png"}],"twitter_card":"summary_large_image","twitter_misc":{"Est. reading time":"1 minute"},"schema":{"@context":"https:\/\/schema.org","@graph":[{"@type":"WebPage","@id":"https:\/\/multi-gyn.com\/ee\/toode\/multi-gyn-douche-tablets\/","url":"https:\/\/multi-gyn.com\/ee\/toode\/multi-gyn-douche-tablets\/","name":"Multi-Gyn Douche & Tablets - Multi-Gyn","isPartOf":{"@id":"https:\/\/multi-gyn.com\/ee\/#website"},"primaryImageOfPage":{"@id":"https:\/\/multi-gyn.com\/ee\/toode\/multi-gyn-douche-tablets\/#primaryimage"},"image":{"@id":"https:\/\/multi-gyn.com\/ee\/toode\/multi-gyn-douche-tablets\/#primaryimage"},"thumbnailUrl":"https:\/\/multi-gyn.com\/app\/uploads\/sites\/39\/2022\/12\/Multi-Gyn-VaginalDouche.png","datePublished":"2022-12-22T13:52:48+00:00","dateModified":"2023-01-02T08:41:16+00:00","description":"Multi-Gyn tupeloputusseade ja tabletid sobivad ideaalselt tupe \u00fcldiseks h\u00fcgieeniks.","breadcrumb":{"@id":"https:\/\/multi-gyn.com\/ee\/toode\/multi-gyn-douche-tablets\/#breadcrumb"},"inLanguage":"et-EE","potentialAction":[{"@type":"ReadAction","target":["https:\/\/multi-gyn.com\/ee\/toode\/multi-gyn-douche-tablets\/"]}]},{"@type":"ImageObject","inLanguage":"et-EE","@id":"https:\/\/multi-gyn.com\/ee\/toode\/multi-gyn-douche-tablets\/#primaryimage","url":"https:\/\/multi-gyn.com\/app\/uploads\/sites\/39\/2022\/12\/Multi-Gyn-VaginalDouche.png","contentUrl":"https:\/\/multi-gyn.com\/app\/uploads\/sites\/39\/2022\/12\/Multi-Gyn-VaginalDouche.png","width":800,"height":800,"caption":"Multi-Gyn VaginalDouche"},{"@type":"BreadcrumbList","@id":"https:\/\/multi-gyn.com\/ee\/toode\/multi-gyn-douche-tablets\/#breadcrumb","itemListElement":[{"@type":"ListItem","position":1,"name":"Home","item":"https:\/\/multi-gyn.com\/ee\/"},{"@type":"ListItem","position":2,"name":"Tooted","item":"https:\/\/multi-gyn.com\/ee\/tooted\/"},{"@type":"ListItem","position":3,"name":"Multi-Gyn Douche &#038; Tablets"}]},{"@type":"WebSite","@id":"https:\/\/multi-gyn.com\/ee\/#website","url":"https:\/\/multi-gyn.com\/ee\/","name":"Multi-Gyn","description":"","publisher":{"@id":"https:\/\/multi-gyn.com\/ee\/#organization"},"potentialAction":[{"@type":"SearchAction","target":{"@type":"EntryPoint","urlTemplate":"https:\/\/multi-gyn.com\/ee\/?s={search_term_string}"},"query-input":{"@type":"PropertyValueSpecification","valueRequired":true,"valueName":"search_term_string"}}],"inLanguage":"et-EE"},{"@type":"Organization","@id":"https:\/\/multi-gyn.com\/ee\/#organization","name":"Multi-Gyn","url":"https:\/\/multi-gyn.com\/ee\/","logo":{"@type":"ImageObject","inLanguage":"et-EE","@id":"https:\/\/multi-gyn.com\/ee\/#\/schema\/logo\/image\/","url":"https:\/\/multi-gyn.com\/app\/uploads\/sites\/39\/2022\/12\/multi-gyn-logo.png","contentUrl":"https:\/\/multi-gyn.com\/app\/uploads\/sites\/39\/2022\/12\/multi-gyn-logo.png","width":149,"height":32,"caption":"Multi-Gyn"},"image":{"@id":"https:\/\/multi-gyn.com\/ee\/#\/schema\/logo\/image\/"}}]}},"_links":{"self":[{"href":"https:\/\/multi-gyn.com\/ee\/wp-json\/wp\/v2\/product\/96","targetHints":{"allow":["GET"]}}],"collection":[{"href":"https:\/\/multi-gyn.com\/ee\/wp-json\/wp\/v2\/product"}],"about":[{"href":"https:\/\/multi-gyn.com\/ee\/wp-json\/wp\/v2\/types\/product"}],"replies":[{"embeddable":true,"href":"https:\/\/multi-gyn.com\/ee\/wp-json\/wp\/v2\/comments?post=96"}],"version-history":[{"count":5,"href":"https:\/\/multi-gyn.com\/ee\/wp-json\/wp\/v2\/product\/96\/revisions"}],"predecessor-version":[{"id":181,"href":"https:\/\/multi-gyn.com\/ee\/wp-json\/wp\/v2\/product\/96\/revisions\/181"}],"wp:featuredmedia":[{"embeddable":true,"href":"https:\/\/multi-gyn.com\/ee\/wp-json\/wp\/v2\/media\/130"}],"wp:attachment":[{"href":"https:\/\/multi-gyn.com\/ee\/wp-json\/wp\/v2\/media?parent=96"}],"wp:term":[{"taxonomy":"product_brand","embeddable":true,"href":"https:\/\/multi-gyn.com\/ee\/wp-json\/wp\/v2\/product_brand?post=96"},{"taxonomy":"product_cat","embeddable":true,"href":"https:\/\/multi-gyn.com\/ee\/wp-json\/wp\/v2\/product_cat?post=96"},{"taxonomy":"product_tag","embeddable":true,"href":"https:\/\/multi-gyn.com\/ee\/wp-json\/wp\/v2\/product_tag?post=96"}],"curies":[{"name":"wp","href":"https:\/\/api.w.org\/{rel}","templated":true}]}}