{"id":53,"date":"2022-09-01T14:43:21","date_gmt":"2022-09-01T11:43:21","guid":{"rendered":"https:\/\/multi-gyn.com\/rebrand-fi\/?page_id=53"},"modified":"2025-10-10T13:53:06","modified_gmt":"2025-10-10T10:53:06","slug":"usein-kysyttya","status":"publish","type":"page","link":"https:\/\/multi-gyn.com\/fi\/usein-kysyttya\/","title":{"rendered":"Usein kysytty\u00e4"},"content":{"rendered":"\n<div class=\"wp-block-karopharma-free-text pt-large pb-large bg-center bg-cover bg-no-repeat\" style=\"background-image:url(https:\/\/multi-gyn.com\/cdn-cgi\/image\/format=auto\/app\/uploads\/sites\/23\/2025\/10\/Multi-Gyn_1920x750_Banner_FAQ.jpg)\"><div class=\"free-text-wrapper container max-w-medium text-center\">\n<div style=\"height:100px\" aria-hidden=\"true\" class=\"wp-block-spacer is-style-responsive-medium\"><\/div>\n\n\n\n<h1 class=\"wp-block-heading is-style-heading-huge has-white-color has-text-color\">Usein kysytty\u00e4<\/h1>\n\n\n\n<div style=\"height:100px\" aria-hidden=\"true\" class=\"wp-block-spacer is-style-responsive-medium\"><\/div>\n<\/div><\/div>\n\n\n\n<div class=\"wp-block-karopharma-accordions\"><div class=\"container\">\n<details class=\"wp-block-karopharma-accordion\"><summary><h2 class=\"accordion-title\">Kuinka Multi-Gyn tuotteet toimivat?<\/h2><\/summary><div class=\"accordion-content\">\n<p>Multi-Gyn \u2013tuotteet hoitavat ja ennaltaehk\u00e4isev\u00e4t em\u00e4ttimen vaivoja yll\u00e4pit\u00e4m\u00e4ll\u00e4 em\u00e4ttimen bakteerikannan normaalia tasapainoa. Em\u00e4ttimen bakteeriflooran ep\u00e4tasapaino on tavallisimpia syit\u00e4 kutinaan, vuotoon, kuivuuteen ja ep\u00e4miellytt\u00e4v\u00e4\u00e4n hajuun. Multi-Gyn \u2013tuotteet helpottavat nopeasti oireitasi sek\u00e4 est\u00e4v\u00e4t niiden uusiutumista.<\/p>\n<\/div><\/details>\n\n\n\n<details class=\"wp-block-karopharma-accordion\"><summary><h2 class=\"accordion-title\">Vaikutukset ja sivuvaikutukset<\/h2><\/summary><div class=\"accordion-content\">\n<p>Tuotteemme koostuvat p\u00e4\u00e4osin luonnollisista ainesosista. Yksi p\u00e4\u00e4aine on 2QR-yhdistelm\u00e4, joka on luonnollinen, kasvipohjainen ainesosa. 2QR-yhdistelm\u00e4 neutralisoi haitallisia bakteereita ja hiivaa est\u00e4m\u00e4ll\u00e4 niit\u00e4 kiinnittym\u00e4st\u00e4 kudoksiin. T\u00e4m\u00e4 tukee luonnollista paranemisprosessia ja em\u00e4ttimen bakteerikannan tasapainottumista. 2QR-yhdistelm\u00e4ll\u00e4 ei ole tunnettuja sivuvaikutuksia.<\/p>\n<\/div><\/details>\n\n\n\n<details class=\"wp-block-karopharma-accordion\"><summary><h2 class=\"accordion-title\">Hoito ja ennaltaehk\u00e4isy<\/h2><\/summary><div class=\"accordion-content\">\n<p>Voit havaita oireita, kuten kutinaa ja \u00e4rsytyst\u00e4 hillitsev\u00e4n vaikutuksen useimmiten jo ensimm\u00e4isell\u00e4 kerralla, kun annostelet Multi-Gyn valmistetta. Jos sinulla on tulehdus, kuten esimerkiksi bakteerivaginoosi tai em\u00e4ttimen hiivatulehdus, tuotteemme helpottavat heti oireitasi ja hoitavat tulehdusta. Tuotteita voi my\u00f6s k\u00e4ytt\u00e4\u00e4 vaivojen ja tulehdusten ennaltaehk\u00e4isyyn.<\/p>\n<\/div><\/details>\n\n\n\n<details class=\"wp-block-karopharma-accordion\"><summary><h2 class=\"accordion-title\">Mik\u00e4 on bakteerivaginoosi?<\/h2><\/summary><div class=\"accordion-content\">\n<p>Em\u00e4ttimell\u00e4 on erityinen haju, joka yleens\u00e4 koetaan happamaksi. Se on t\u00e4ysin normaalia, eik\u00e4 siit\u00e4 pid\u00e4 huolestua. Jos em\u00e4ttimest\u00e4si tuleva haju on kuitenkin voimakas ja muistuttaa m\u00e4t\u00e4\u00e4 kalaa, se voi olla merkki bakteerivaginoosista (BV). Bakteerivaginoosi on yleisin em\u00e4ttimen ep\u00e4miellytt\u00e4v\u00e4\u00e4 hajua aiheuttava em\u00e4tintulehdus, josta k\u00e4rsii jopa joka nelj\u00e4s nainen Euroopassa. Hedelm\u00e4llisess\u00e4 i\u00e4ss\u00e4 olevilla naisilla on suurin riski saada bakteerivaginoosi, mutta se on mahdollista miss\u00e4 i\u00e4ss\u00e4 tahansa. Hyv\u00e4 uutinen on, ett\u00e4 bakteerivaginoosia voidaan helposti hoitaa ja ehk\u00e4ist\u00e4 luonnollisilla tuotteilla, joita voit ostaa verkosta tai paikallisesta apteekista.<\/p>\n<\/div><\/details>\n\n\n\n<details class=\"wp-block-karopharma-accordion\"><summary><h2 class=\"accordion-title\">Mik\u00e4 on em\u00e4ttimen hiivatulehdus?<\/h2><\/summary><div class=\"accordion-content\">\n<p>Onko sinulla em\u00e4ttimen kutinaa ja \u00e4rsytyst\u00e4? Onko vuoto paksua, valkoista ja kokkareista? Tunnetko kirvely\u00e4 tai polttavaa tunnetta em\u00e4ttimen suuaukolla, kun k\u00e4yt wc:ss\u00e4? Sinulla on todennn\u00e4k\u00f6isesti em\u00e4ttimen hiivatulehdus. Jopa kolmella nelj\u00e4st\u00e4 naisesta on hiivatulehdus v\u00e4hint\u00e4\u00e4n kerran el\u00e4m\u00e4ss\u00e4\u00e4n ja monet naiset k\u00e4rsiv\u00e4t toistuvista infektioista. Hiivatulehdukset eiv\u00e4t ole vaarallisia, ja useimmat niist\u00e4 ovat helposti hoidettavissa ja ehk\u00e4ist\u00e4viss\u00e4 tuotteilla, joita voit ostaa verkosta tai paikallisesta apteekista.<\/p>\n<\/div><\/details>\n\n\n\n<details class=\"wp-block-karopharma-accordion\"><summary><h2 class=\"accordion-title\">Miksi em\u00e4ttimeni on kuiva?<\/h2><\/summary><div class=\"accordion-content\">\n<p>Kuumat aallot ja ep\u00e4s\u00e4\u00e4nn\u00f6lliset kuukautiset ovat kaksi tunnettua merkki\u00e4 siit\u00e4, ett\u00e4 vaihdevuodet koputtavat ovelle. Mutta tiesitk\u00f6, ett\u00e4 em\u00e4ttimen kuivuus ja em\u00e4ttimen \u00e4rsytys ovat my\u00f6s yleisi\u00e4 vaihdevuosien oireita? I\u00e4n my\u00f6t\u00e4 my\u00f6s em\u00e4ttimesi muuttuu. Normaalisti estrogeeni auttaa kosteuttamaan em\u00e4tint\u00e4 ja pit\u00e4m\u00e4\u00e4n sen terveen\u00e4, mutta vaihdevuosien my\u00f6t\u00e4 naissukupuolihormonin tuotanto laskee merkitt\u00e4v\u00e4sti. T\u00e4m\u00e4n seurauksena limakalvot ohenevat, kuivuvat ja ovat tulehduksille alttiimpia. T\u00e4m\u00e4 tila tunnetaan nimell\u00e4 em\u00e4ttimen limakalvojen surkastuminen eli atrofia. Mutta vaihdevuodet ei ole ainoa syy, miksi estrogeenitasosi voivat laskea. Synnytys, imetys, tietyt sairaudet ja suun kautta otettavien ehk\u00e4isyvalmisteiden k\u00e4ytt\u00f6 voivat my\u00f6s v\u00e4hent\u00e4\u00e4 estrogeenin m\u00e4\u00e4r\u00e4\u00e4 ja johtaa em\u00e4ttimen kuivumiseen. Joissakin tapauksissa kuiva vagina ei liity lainkaan estrogeeniin, vaan liialliseen hygieniaan. Riippumatta siit\u00e4, mik\u00e4 saa em\u00e4ttimesi tuntumaan Saharan autiomaalta, on olemassa turvallisia ja tehokkaita hoitoja, jotka voivat auttaa.<\/p>\n<\/div><\/details>\n<\/div><\/div>\n","protected":false},"excerpt":{"rendered":"","protected":false},"author":2,"featured_media":0,"parent":0,"menu_order":0,"comment_status":"closed","ping_status":"closed","template":"","meta":{"_acf_changed":false,"footnotes":""},"from-article-database":[],"class_list":["post-53","page","type-page","status-publish","hentry"],"acf":[],"yoast_head":"<!-- This site is optimized with the Yoast SEO plugin v26.6 - https:\/\/yoast.com\/wordpress\/plugins\/seo\/ -->\n<title>Usein kysytty\u00e4 - Multi-Gyn<\/title>\n<meta name=\"description\" content=\"Kuinka Multi-Gyn tuotteet toimivat? Vaikutukset ja sivuvaikutukset Hoito ja ennaltaehk\u00e4isy\" \/>\n<meta name=\"robots\" content=\"index, follow, max-snippet:-1, max-image-preview:large, max-video-preview:-1\" \/>\n<link rel=\"canonical\" href=\"https:\/\/multi-gyn.com\/fi\/usein-kysyttya\/\" \/>\n<meta property=\"og:locale\" content=\"fi_FI\" \/>\n<meta property=\"og:type\" content=\"article\" \/>\n<meta property=\"og:title\" content=\"Usein kysytty\u00e4 - Multi-Gyn\" \/>\n<meta property=\"og:description\" content=\"Kuinka Multi-Gyn tuotteet toimivat? Vaikutukset ja sivuvaikutukset Hoito ja ennaltaehk\u00e4isy\" \/>\n<meta property=\"og:url\" content=\"https:\/\/multi-gyn.com\/fi\/usein-kysyttya\/\" \/>\n<meta property=\"og:site_name\" content=\"Multi-Gyn\" \/>\n<meta property=\"article:modified_time\" content=\"2025-10-10T10:53:06+00:00\" \/>\n<meta name=\"twitter:card\" content=\"summary_large_image\" \/>\n<meta name=\"twitter:label1\" content=\"Est. reading time\" \/>\n\t<meta name=\"twitter:data1\" content=\"3 minutes\" \/>\n<script type=\"application\/ld+json\" class=\"yoast-schema-graph\">{\"@context\":\"https:\/\/schema.org\",\"@graph\":[{\"@type\":\"WebPage\",\"@id\":\"https:\/\/multi-gyn.com\/fi\/usein-kysyttya\/\",\"url\":\"https:\/\/multi-gyn.com\/fi\/usein-kysyttya\/\",\"name\":\"Usein kysytty\u00e4 - Multi-Gyn\",\"isPartOf\":{\"@id\":\"https:\/\/multi-gyn.com\/fi\/#website\"},\"datePublished\":\"2022-09-01T11:43:21+00:00\",\"dateModified\":\"2025-10-10T10:53:06+00:00\",\"description\":\"Kuinka Multi-Gyn tuotteet toimivat? Vaikutukset ja sivuvaikutukset Hoito ja ennaltaehk\u00e4isy\",\"breadcrumb\":{\"@id\":\"https:\/\/multi-gyn.com\/fi\/usein-kysyttya\/#breadcrumb\"},\"inLanguage\":\"fi-FI\",\"potentialAction\":[{\"@type\":\"ReadAction\",\"target\":[\"https:\/\/multi-gyn.com\/fi\/usein-kysyttya\/\"]}]},{\"@type\":\"BreadcrumbList\",\"@id\":\"https:\/\/multi-gyn.com\/fi\/usein-kysyttya\/#breadcrumb\",\"itemListElement\":[{\"@type\":\"ListItem\",\"position\":1,\"name\":\"Home\",\"item\":\"https:\/\/multi-gyn.com\/fi\/\"},{\"@type\":\"ListItem\",\"position\":2,\"name\":\"Usein kysytty\u00e4\"}]},{\"@type\":\"WebSite\",\"@id\":\"https:\/\/multi-gyn.com\/fi\/#website\",\"url\":\"https:\/\/multi-gyn.com\/fi\/\",\"name\":\"Multi-Gyn\",\"description\":\"\",\"publisher\":{\"@id\":\"https:\/\/multi-gyn.com\/fi\/#organization\"},\"potentialAction\":[{\"@type\":\"SearchAction\",\"target\":{\"@type\":\"EntryPoint\",\"urlTemplate\":\"https:\/\/multi-gyn.com\/fi\/?s={search_term_string}\"},\"query-input\":{\"@type\":\"PropertyValueSpecification\",\"valueRequired\":true,\"valueName\":\"search_term_string\"}}],\"inLanguage\":\"fi-FI\"},{\"@type\":\"Organization\",\"@id\":\"https:\/\/multi-gyn.com\/fi\/#organization\",\"name\":\"Multi-Gyn\",\"url\":\"https:\/\/multi-gyn.com\/fi\/\",\"logo\":{\"@type\":\"ImageObject\",\"inLanguage\":\"fi-FI\",\"@id\":\"https:\/\/multi-gyn.com\/fi\/#\/schema\/logo\/image\/\",\"url\":\"https:\/\/multi-gyn.com\/app\/uploads\/sites\/23\/2022\/08\/multi-gyn-logo.png\",\"contentUrl\":\"https:\/\/multi-gyn.com\/app\/uploads\/sites\/23\/2022\/08\/multi-gyn-logo.png\",\"width\":149,\"height\":32,\"caption\":\"Multi-Gyn\"},\"image\":{\"@id\":\"https:\/\/multi-gyn.com\/fi\/#\/schema\/logo\/image\/\"}}]}<\/script>\n<!-- \/ Yoast SEO plugin. -->","yoast_head_json":{"title":"Usein kysytty\u00e4 - Multi-Gyn","description":"Kuinka Multi-Gyn tuotteet toimivat? Vaikutukset ja sivuvaikutukset Hoito ja ennaltaehk\u00e4isy","robots":{"index":"index","follow":"follow","max-snippet":"max-snippet:-1","max-image-preview":"max-image-preview:large","max-video-preview":"max-video-preview:-1"},"canonical":"https:\/\/multi-gyn.com\/fi\/usein-kysyttya\/","og_locale":"fi_FI","og_type":"article","og_title":"Usein kysytty\u00e4 - Multi-Gyn","og_description":"Kuinka Multi-Gyn tuotteet toimivat? Vaikutukset ja sivuvaikutukset Hoito ja ennaltaehk\u00e4isy","og_url":"https:\/\/multi-gyn.com\/fi\/usein-kysyttya\/","og_site_name":"Multi-Gyn","article_modified_time":"2025-10-10T10:53:06+00:00","twitter_card":"summary_large_image","twitter_misc":{"Est. reading time":"3 minutes"},"schema":{"@context":"https:\/\/schema.org","@graph":[{"@type":"WebPage","@id":"https:\/\/multi-gyn.com\/fi\/usein-kysyttya\/","url":"https:\/\/multi-gyn.com\/fi\/usein-kysyttya\/","name":"Usein kysytty\u00e4 - Multi-Gyn","isPartOf":{"@id":"https:\/\/multi-gyn.com\/fi\/#website"},"datePublished":"2022-09-01T11:43:21+00:00","dateModified":"2025-10-10T10:53:06+00:00","description":"Kuinka Multi-Gyn tuotteet toimivat? Vaikutukset ja sivuvaikutukset Hoito ja ennaltaehk\u00e4isy","breadcrumb":{"@id":"https:\/\/multi-gyn.com\/fi\/usein-kysyttya\/#breadcrumb"},"inLanguage":"fi-FI","potentialAction":[{"@type":"ReadAction","target":["https:\/\/multi-gyn.com\/fi\/usein-kysyttya\/"]}]},{"@type":"BreadcrumbList","@id":"https:\/\/multi-gyn.com\/fi\/usein-kysyttya\/#breadcrumb","itemListElement":[{"@type":"ListItem","position":1,"name":"Home","item":"https:\/\/multi-gyn.com\/fi\/"},{"@type":"ListItem","position":2,"name":"Usein kysytty\u00e4"}]},{"@type":"WebSite","@id":"https:\/\/multi-gyn.com\/fi\/#website","url":"https:\/\/multi-gyn.com\/fi\/","name":"Multi-Gyn","description":"","publisher":{"@id":"https:\/\/multi-gyn.com\/fi\/#organization"},"potentialAction":[{"@type":"SearchAction","target":{"@type":"EntryPoint","urlTemplate":"https:\/\/multi-gyn.com\/fi\/?s={search_term_string}"},"query-input":{"@type":"PropertyValueSpecification","valueRequired":true,"valueName":"search_term_string"}}],"inLanguage":"fi-FI"},{"@type":"Organization","@id":"https:\/\/multi-gyn.com\/fi\/#organization","name":"Multi-Gyn","url":"https:\/\/multi-gyn.com\/fi\/","logo":{"@type":"ImageObject","inLanguage":"fi-FI","@id":"https:\/\/multi-gyn.com\/fi\/#\/schema\/logo\/image\/","url":"https:\/\/multi-gyn.com\/app\/uploads\/sites\/23\/2022\/08\/multi-gyn-logo.png","contentUrl":"https:\/\/multi-gyn.com\/app\/uploads\/sites\/23\/2022\/08\/multi-gyn-logo.png","width":149,"height":32,"caption":"Multi-Gyn"},"image":{"@id":"https:\/\/multi-gyn.com\/fi\/#\/schema\/logo\/image\/"}}]}},"_links":{"self":[{"href":"https:\/\/multi-gyn.com\/fi\/wp-json\/wp\/v2\/pages\/53","targetHints":{"allow":["GET"]}}],"collection":[{"href":"https:\/\/multi-gyn.com\/fi\/wp-json\/wp\/v2\/pages"}],"about":[{"href":"https:\/\/multi-gyn.com\/fi\/wp-json\/wp\/v2\/types\/page"}],"author":[{"embeddable":true,"href":"https:\/\/multi-gyn.com\/fi\/wp-json\/wp\/v2\/users\/2"}],"replies":[{"embeddable":true,"href":"https:\/\/multi-gyn.com\/fi\/wp-json\/wp\/v2\/comments?post=53"}],"version-history":[{"count":9,"href":"https:\/\/multi-gyn.com\/fi\/wp-json\/wp\/v2\/pages\/53\/revisions"}],"predecessor-version":[{"id":367,"href":"https:\/\/multi-gyn.com\/fi\/wp-json\/wp\/v2\/pages\/53\/revisions\/367"}],"wp:attachment":[{"href":"https:\/\/multi-gyn.com\/fi\/wp-json\/wp\/v2\/media?parent=53"}],"wp:term":[{"taxonomy":"from-article-database","embeddable":true,"href":"https:\/\/multi-gyn.com\/fi\/wp-json\/wp\/v2\/from-article-database?post=53"}],"curies":[{"name":"wp","href":"https:\/\/api.w.org\/{rel}","templated":true}]}}