{"id":58,"date":"2022-09-01T14:47:33","date_gmt":"2022-09-01T11:47:33","guid":{"rendered":"https:\/\/multi-gyn.com\/rebrand-fi\/?page_id=58"},"modified":"2025-02-19T08:56:10","modified_gmt":"2025-02-19T06:56:10","slug":"bakteerivaginoosi-bv","status":"publish","type":"page","link":"https:\/\/multi-gyn.com\/fi\/loyda-ratkaisu\/bakteerivaginoosi-bv\/","title":{"rendered":"Bakteerivaginoosi (BV)"},"content":{"rendered":"\n<div class=\"wp-block-karopharma-free-text pt-large pb-large bg-center bg-cover bg-no-repeat\" style=\"background-image:url(https:\/\/multi-gyn.com\/cdn-cgi\/image\/format=auto\/app\/uploads\/sites\/23\/2022\/10\/solution-hero.jpg)\"><div class=\"free-text-wrapper container max-w-medium text-left\">\n<div style=\"height:100px\" aria-hidden=\"true\" class=\"wp-block-spacer is-style-responsive-medium\"><\/div>\n\n\n\n<h1 class=\"has-text-align-center is-style-heading-huge has-white-color has-text-color wp-block-heading\">Tulokset<\/h1>\n\n\n\n<div style=\"height:100px\" aria-hidden=\"true\" class=\"wp-block-spacer is-style-responsive-medium\"><\/div>\n<\/div><\/div>\n\n\n\n<div class=\"wp-block-karopharma-free-text pt-large pb-large bg-center bg-contain bg-no-repeat  undefined is-style-primary\" style=\"background-image:url()\"><div class=\"free-text-wrapper container max-w-medium text-left\">\n<h2 class=\"wp-block-heading\">Sinulla saattaa olla bakteerivaginoosi (BV)<\/h2>\n\n\n\n<p class=\"is-style-paragraph-preamble\"><strong>Mutta ei h\u00e4t\u00e4\u00e4 <\/strong>\u2013 jopa joka kolmas nainen k\u00e4rsii bakteerivaginoosista jossain vaiheessa. Itse asiassa se on yleisempi kuin hiivatulehdus. Bakteerivaginoosi on vaaraton ja helposti hoidettavissa, mutta se voi tuntua ep\u00e4mukavalta.<\/p>\n<\/div><\/div>\n\n\n\n<div class=\"wp-block-karopharma-free-text pt-large pb-large bg-center bg-contain bg-no-repeat  undefined\" style=\"background-image:url()\"><div class=\"free-text-wrapper container max-w-medium text-left\">\n<h2 class=\"wp-block-heading\" id=\"wie-man-bv-behandelt\">Mik\u00e4 aiheuttaa bakteerivaginoosin?<\/h2>\n\n\n\n<p>Bakteerivaginoosi on seurausta ei-toivottujen bakteerien liiallisesta kasvusta em\u00e4ttimess\u00e4si. Normaalisti hyv\u00e4t laktobasillit ovat hallitsevia bakteereja em\u00e4ttimess\u00e4, mutta bakteerivaginoosissa haitalliset bakteerit alkavat kasvamaan liikaa.<\/p>\n\n\n\n<p>Syit\u00e4 ei t\u00e4ysin tiedet\u00e4, mutta tietyt toimet, kuten suojaamaton seksi tai toistuva peseytyminen, lis\u00e4\u00e4v\u00e4t bakteerivaginoosin riski\u00e4.<\/p>\n<\/div><\/div>\n\n\n\n<div class=\"wp-block-karopharma-free-text pt-large pb-large bg-center bg-contain bg-no-repeat  undefined is-style-secondary\" style=\"background-image:url()\"><div class=\"free-text-wrapper container max-w-medium text-left\">\n<h2 class=\"wp-block-heading\" id=\"wie-man-bv-behandelt\">Kuinka bakteerivaginoosia hoidetaan?<\/h2>\n\n\n\n<p>Yleens\u00e4 bakteerivaginoosi hoidetaan antibiooteilla; l\u00e4\u00e4k\u00e4ri voi m\u00e4\u00e4r\u00e4t\u00e4 suun kautta otettavan antibioottikuurin tai em\u00e4ttimeen annosteltavaa valmistetta. T\u00e4m\u00e4 on useimmiten tehokas hoitotapa, mutta antibioottien k\u00e4ytt\u00f6 voi lis\u00e4t\u00e4 bakteerien vastustuskyky\u00e4 kyseisille l\u00e4\u00e4kkeille tehden hoidosta v\u00e4hemm\u00e4n tehokkaan jatkossa. Suun kautta otettavat antibiootit saattavat aiheuttaa my\u00f6s sivuvaikutuksia, kuten vatsavaivoja, pahoinvointia ja oksentelua.<\/p>\n\n\n\n<p>Toinen yleinen hoitomuoto on itsehoitotuotteiden, kuten <strong><a href=\"https:\/\/multi-gyn.com\/rebrand-fi\/tuote\/multi-gyn-actigel\/\">Multi-Gyn ActiGel<\/a><\/strong> -tuotteen, k\u00e4ytt\u00f6. Multi-Gyn ActiGel palauttaa em\u00e4ttimen pH-tason ja hoitaa bakteerivaginoosia ja siihen liittyvi\u00e4 oireita, kuten voimakasta hajua ja ep\u00e4normaalia vuotoa. Se lievitt\u00e4\u00e4 kutinaa, \u00e4rsytyst\u00e4, punoitusta ja arkuutta ja limakalvojen herkkyytt\u00e4, jotka liittyv\u00e4t em\u00e4ttimen bakteeritasapaino-ongelmiin.<\/p>\n\n\n\n<p>Jos vaivasi jatkuvat tai toistuvat, ota yhteytt\u00e4 l\u00e4\u00e4k\u00e4riisi tai gynekologiin.<\/p>\n<\/div><\/div>\n\n\n<div class=\"product-list wp-block-karopharma-product-list\" data-testid=\"product-list\">\n      <div class=\"swiper-container\">\n      <div class=\"swiper\">\n        <div class=\"swiper-wrapper\">\n                      <div class=\"swiper-slide\">\n              <div class=\"product-card\" data-testid=\"product-card\">\n  <a\n    href=https:\/\/multi-gyn.com\/fi\/tuote\/multi-gyn-actigel\/\n    class=\"product-card-link\"\n    title=\"Multi-Gyn ActiGel\"\n  >\n  <figure class=\"product-card-image\" data-testid=\"product-image\">\n                          <img decoding=\"async\" src=\"https:\/\/multi-gyn.com\/cdn-cgi\/image\/width=700,format=auto\/app\/uploads\/sites\/23\/2022\/09\/MultiGyn_ActiGel_FI-1.png\"\n        srcset=\"https:\/\/multi-gyn.com\/cdn-cgi\/image\/width=250,format=auto\/app\/uploads\/sites\/23\/2022\/09\/MultiGyn_ActiGel_FI-1.png 250w,\n                https:\/\/multi-gyn.com\/cdn-cgi\/image\/width=500,format=auto\/app\/uploads\/sites\/23\/2022\/09\/MultiGyn_ActiGel_FI-1.png 500w,\n                https:\/\/multi-gyn.com\/cdn-cgi\/image\/width=700,format=auto\/app\/uploads\/sites\/23\/2022\/09\/MultiGyn_ActiGel_FI-1.png 700w\"\n        sizes=\"(max-width: 400px) 250px, (max-width: 800px) 500px, 700px\"\n        alt=\"Multi-Gyn ActiGel\"\n        class=\"img\">\n            <\/figure>\n    <div class=\"product-card-content\">\n      <div class=\"heading-wrapper\">\n        <h2 class=\"heading\">Multi-Gyn ActiGel<\/h2>\n      <\/div>\n      <div class=\"product-card-description\">Hoitaa bakteerivaginoosia<\/div>\n                      <\/div>\n  <\/a>\n          <div class=\"button-wrapper buy-now \" data-testid=\"buy-now\">\n      <div class=\"buy-now-container dropdown-container\">\n      <div class=\"theme-button button-primary-color dropdown-link\" aria-label=\"Osta heti\">\n          Osta heti <i class=\"dropdown\"><\/i>\n      <\/div>\n      <ul class=\"reseller-list submenu\">\n                    <li>\n              <a\n                href=\"https:\/\/www.apteekkishop.fi\/epages\/ApteekkiShop.sf\/fi_FI\/?ObjectPath=\/Shops\/ApteekkiShop\/Products\/2199701\" onclick=\"dataLayer.push({'event':'ga_event', 'eventCategory':'Click on Reseller', 'eventAction':'Apteekishop', 'eventLabel':'Multi-Gyn ActiGel', 'eventValue': undefined})\" rel=\"noopener\" target=\"_blank\" title=\"Apteekishop\"\n                data-testid=\"buy-now-reseller\">\n                <i class=\"fa-solid fa-arrow-right\"><\/i> Apteekishop\n              <\/a>\n          <\/li>\n                    <li>\n              <a\n                href=\"https:\/\/www.apteekkiplus.fi\/products\/multi-gyn-actigel?_pos=1&amp;_sid=afc77afd4&amp;_ss=r\" onclick=\"dataLayer.push({'event':'ga_event', 'eventCategory':'Click on Reseller', 'eventAction':'ApteekkiPlus', 'eventLabel':'Multi-Gyn ActiGel', 'eventValue': undefined})\" rel=\"noopener\" target=\"_blank\" title=\"ApteekkiPlus\"\n                data-testid=\"buy-now-reseller\">\n                <i class=\"fa-solid fa-arrow-right\"><\/i> ApteekkiPlus\n              <\/a>\n          <\/li>\n                    <li>\n              <a\n                href=\"https:\/\/www.bonusapteekki.fi\/epages\/Bonusapteekki.sf\/fi_FI\/?ObjectPath=\/Shops\/Bonusapteekki\/Products\/2150803\" onclick=\"dataLayer.push({'event':'ga_event', 'eventCategory':'Click on Reseller', 'eventAction':'bonusapteekki', 'eventLabel':'Multi-Gyn ActiGel', 'eventValue': undefined})\" rel=\"noopener\" target=\"_blank\" title=\"bonusapteekki\"\n                data-testid=\"buy-now-reseller\">\n                <i class=\"fa-solid fa-arrow-right\"><\/i> bonusapteekki\n              <\/a>\n          <\/li>\n                    <li>\n              <a\n                href=\"https:\/\/www.nettiapteekki.fi\/products\/multi-gyn-actigel-tamro?_pos=1&amp;_sid=9fa04c988&amp;_ss=r\" onclick=\"dataLayer.push({'event':'ga_event', 'eventCategory':'Click on Reseller', 'eventAction':'Nettiapteekki', 'eventLabel':'Multi-Gyn ActiGel', 'eventValue': undefined})\" rel=\"noopener\" target=\"_blank\" title=\"Nettiapteekki\"\n                data-testid=\"buy-now-reseller\">\n                <i class=\"fa-solid fa-arrow-right\"><\/i> Nettiapteekki\n              <\/a>\n          <\/li>\n                    <li>\n              <a\n                href=\"https:\/\/www.oloapteekki.fi\/multi-gyn-actigel-50-ml\" onclick=\"dataLayer.push({'event':'ga_event', 'eventCategory':'Click on Reseller', 'eventAction':'Olo-apteekki', 'eventLabel':'Multi-Gyn ActiGel', 'eventValue': undefined})\" rel=\"noopener\" target=\"_blank\" title=\"Olo-apteekki\"\n                data-testid=\"buy-now-reseller\">\n                <i class=\"fa-solid fa-arrow-right\"><\/i> Olo-apteekki\n              <\/a>\n          <\/li>\n                    <li>\n              <a\n                href=\"https:\/\/www.verkkoapteekki.fi\/Multi-Gyn-Actigel-50-ml?utm_source=Karo&amp;utm_medium=Referral\" onclick=\"dataLayer.push({'event':'ga_event', 'eventCategory':'Click on Reseller', 'eventAction':'Verkkoapteekki', 'eventLabel':'Multi-Gyn ActiGel', 'eventValue': undefined})\" rel=\"noopener\" target=\"_blank\" title=\"Verkkoapteekki\"\n                data-testid=\"buy-now-reseller\">\n                <i class=\"fa-solid fa-arrow-right\"><\/i> Verkkoapteekki\n              <\/a>\n          <\/li>\n                    <li>\n              <a\n                href=\"https:\/\/www.yliopistonverkkoapteekki.fi\/epages\/KYA.sf\/fi_FI\/?ObjectPath=\/Shops\/KYA\/Products\/2199701\" onclick=\"dataLayer.push({'event':'ga_event', 'eventCategory':'Click on Reseller', 'eventAction':'Yliopistonverkkoapteekki', 'eventLabel':'Multi-Gyn ActiGel', 'eventValue': undefined})\" rel=\"noopener\" target=\"_blank\" title=\"Yliopistonverkkoapteekki\"\n                data-testid=\"buy-now-reseller\">\n                <i class=\"fa-solid fa-arrow-right\"><\/i> Yliopistonverkkoapteekki\n              <\/a>\n          <\/li>\n                <\/ul>\n    <\/div>\n  <\/div>\n  <\/div>\n            <\/div>\n                  <\/div>\n        <div class=\"swiper-scrollbar\"><\/div>\n      <\/div>\n    <\/div>\n  <\/div>\n","protected":false},"excerpt":{"rendered":"","protected":false},"author":2,"featured_media":0,"parent":55,"menu_order":0,"comment_status":"closed","ping_status":"closed","template":"","meta":{"_acf_changed":false,"footnotes":""},"from-article-database":[],"class_list":["post-58","page","type-page","status-publish","hentry"],"acf":[],"yoast_head":"<!-- This site is optimized with the Yoast SEO plugin v26.6 - https:\/\/yoast.com\/wordpress\/plugins\/seo\/ -->\n<title>Bakteerivaginoosi (BV) - Multi-Gyn<\/title>\n<meta name=\"description\" content=\"Bakteerivaginoosi (BV) on yleisin em\u00e4tintulehdus hedelm\u00e4llisess\u00e4 i\u00e4ss\u00e4 olevissa naisilla.\" \/>\n<meta name=\"robots\" content=\"index, follow, max-snippet:-1, max-image-preview:large, max-video-preview:-1\" \/>\n<link rel=\"canonical\" href=\"https:\/\/multi-gyn.com\/fi\/loyda-ratkaisu\/bakteerivaginoosi-bv\/\" \/>\n<meta property=\"og:locale\" content=\"fi_FI\" \/>\n<meta property=\"og:type\" content=\"article\" \/>\n<meta property=\"og:title\" content=\"Bakteerivaginoosi (BV) - Multi-Gyn\" \/>\n<meta property=\"og:description\" content=\"Bakteerivaginoosi (BV) on yleisin em\u00e4tintulehdus hedelm\u00e4llisess\u00e4 i\u00e4ss\u00e4 olevissa naisilla.\" \/>\n<meta property=\"og:url\" content=\"https:\/\/multi-gyn.com\/fi\/loyda-ratkaisu\/bakteerivaginoosi-bv\/\" \/>\n<meta property=\"og:site_name\" content=\"Multi-Gyn\" \/>\n<meta property=\"article:modified_time\" content=\"2025-02-19T06:56:10+00:00\" \/>\n<meta name=\"twitter:card\" content=\"summary_large_image\" \/>\n<meta name=\"twitter:label1\" content=\"Est. reading time\" \/>\n\t<meta name=\"twitter:data1\" content=\"2 minutes\" \/>\n<script type=\"application\/ld+json\" class=\"yoast-schema-graph\">{\"@context\":\"https:\/\/schema.org\",\"@graph\":[{\"@type\":\"WebPage\",\"@id\":\"https:\/\/multi-gyn.com\/fi\/loyda-ratkaisu\/bakteerivaginoosi-bv\/\",\"url\":\"https:\/\/multi-gyn.com\/fi\/loyda-ratkaisu\/bakteerivaginoosi-bv\/\",\"name\":\"Bakteerivaginoosi (BV) - Multi-Gyn\",\"isPartOf\":{\"@id\":\"https:\/\/multi-gyn.com\/fi\/#website\"},\"datePublished\":\"2022-09-01T11:47:33+00:00\",\"dateModified\":\"2025-02-19T06:56:10+00:00\",\"description\":\"Bakteerivaginoosi (BV) on yleisin em\u00e4tintulehdus hedelm\u00e4llisess\u00e4 i\u00e4ss\u00e4 olevissa naisilla.\",\"breadcrumb\":{\"@id\":\"https:\/\/multi-gyn.com\/fi\/loyda-ratkaisu\/bakteerivaginoosi-bv\/#breadcrumb\"},\"inLanguage\":\"fi-FI\",\"potentialAction\":[{\"@type\":\"ReadAction\",\"target\":[\"https:\/\/multi-gyn.com\/fi\/loyda-ratkaisu\/bakteerivaginoosi-bv\/\"]}]},{\"@type\":\"BreadcrumbList\",\"@id\":\"https:\/\/multi-gyn.com\/fi\/loyda-ratkaisu\/bakteerivaginoosi-bv\/#breadcrumb\",\"itemListElement\":[{\"@type\":\"ListItem\",\"position\":1,\"name\":\"Home\",\"item\":\"https:\/\/multi-gyn.com\/fi\/\"},{\"@type\":\"ListItem\",\"position\":2,\"name\":\"L\u00f6yd\u00e4 ratkaisu\",\"item\":\"https:\/\/multi-gyn.com\/fi\/loyda-ratkaisu\/\"},{\"@type\":\"ListItem\",\"position\":3,\"name\":\"Bakteerivaginoosi (BV)\"}]},{\"@type\":\"WebSite\",\"@id\":\"https:\/\/multi-gyn.com\/fi\/#website\",\"url\":\"https:\/\/multi-gyn.com\/fi\/\",\"name\":\"Multi-Gyn\",\"description\":\"\",\"publisher\":{\"@id\":\"https:\/\/multi-gyn.com\/fi\/#organization\"},\"potentialAction\":[{\"@type\":\"SearchAction\",\"target\":{\"@type\":\"EntryPoint\",\"urlTemplate\":\"https:\/\/multi-gyn.com\/fi\/?s={search_term_string}\"},\"query-input\":{\"@type\":\"PropertyValueSpecification\",\"valueRequired\":true,\"valueName\":\"search_term_string\"}}],\"inLanguage\":\"fi-FI\"},{\"@type\":\"Organization\",\"@id\":\"https:\/\/multi-gyn.com\/fi\/#organization\",\"name\":\"Multi-Gyn\",\"url\":\"https:\/\/multi-gyn.com\/fi\/\",\"logo\":{\"@type\":\"ImageObject\",\"inLanguage\":\"fi-FI\",\"@id\":\"https:\/\/multi-gyn.com\/fi\/#\/schema\/logo\/image\/\",\"url\":\"https:\/\/multi-gyn.com\/app\/uploads\/sites\/23\/2022\/08\/multi-gyn-logo.png\",\"contentUrl\":\"https:\/\/multi-gyn.com\/app\/uploads\/sites\/23\/2022\/08\/multi-gyn-logo.png\",\"width\":149,\"height\":32,\"caption\":\"Multi-Gyn\"},\"image\":{\"@id\":\"https:\/\/multi-gyn.com\/fi\/#\/schema\/logo\/image\/\"}}]}<\/script>\n<!-- \/ Yoast SEO plugin. -->","yoast_head_json":{"title":"Bakteerivaginoosi (BV) - Multi-Gyn","description":"Bakteerivaginoosi (BV) on yleisin em\u00e4tintulehdus hedelm\u00e4llisess\u00e4 i\u00e4ss\u00e4 olevissa naisilla.","robots":{"index":"index","follow":"follow","max-snippet":"max-snippet:-1","max-image-preview":"max-image-preview:large","max-video-preview":"max-video-preview:-1"},"canonical":"https:\/\/multi-gyn.com\/fi\/loyda-ratkaisu\/bakteerivaginoosi-bv\/","og_locale":"fi_FI","og_type":"article","og_title":"Bakteerivaginoosi (BV) - Multi-Gyn","og_description":"Bakteerivaginoosi (BV) on yleisin em\u00e4tintulehdus hedelm\u00e4llisess\u00e4 i\u00e4ss\u00e4 olevissa naisilla.","og_url":"https:\/\/multi-gyn.com\/fi\/loyda-ratkaisu\/bakteerivaginoosi-bv\/","og_site_name":"Multi-Gyn","article_modified_time":"2025-02-19T06:56:10+00:00","twitter_card":"summary_large_image","twitter_misc":{"Est. reading time":"2 minutes"},"schema":{"@context":"https:\/\/schema.org","@graph":[{"@type":"WebPage","@id":"https:\/\/multi-gyn.com\/fi\/loyda-ratkaisu\/bakteerivaginoosi-bv\/","url":"https:\/\/multi-gyn.com\/fi\/loyda-ratkaisu\/bakteerivaginoosi-bv\/","name":"Bakteerivaginoosi (BV) - Multi-Gyn","isPartOf":{"@id":"https:\/\/multi-gyn.com\/fi\/#website"},"datePublished":"2022-09-01T11:47:33+00:00","dateModified":"2025-02-19T06:56:10+00:00","description":"Bakteerivaginoosi (BV) on yleisin em\u00e4tintulehdus hedelm\u00e4llisess\u00e4 i\u00e4ss\u00e4 olevissa naisilla.","breadcrumb":{"@id":"https:\/\/multi-gyn.com\/fi\/loyda-ratkaisu\/bakteerivaginoosi-bv\/#breadcrumb"},"inLanguage":"fi-FI","potentialAction":[{"@type":"ReadAction","target":["https:\/\/multi-gyn.com\/fi\/loyda-ratkaisu\/bakteerivaginoosi-bv\/"]}]},{"@type":"BreadcrumbList","@id":"https:\/\/multi-gyn.com\/fi\/loyda-ratkaisu\/bakteerivaginoosi-bv\/#breadcrumb","itemListElement":[{"@type":"ListItem","position":1,"name":"Home","item":"https:\/\/multi-gyn.com\/fi\/"},{"@type":"ListItem","position":2,"name":"L\u00f6yd\u00e4 ratkaisu","item":"https:\/\/multi-gyn.com\/fi\/loyda-ratkaisu\/"},{"@type":"ListItem","position":3,"name":"Bakteerivaginoosi (BV)"}]},{"@type":"WebSite","@id":"https:\/\/multi-gyn.com\/fi\/#website","url":"https:\/\/multi-gyn.com\/fi\/","name":"Multi-Gyn","description":"","publisher":{"@id":"https:\/\/multi-gyn.com\/fi\/#organization"},"potentialAction":[{"@type":"SearchAction","target":{"@type":"EntryPoint","urlTemplate":"https:\/\/multi-gyn.com\/fi\/?s={search_term_string}"},"query-input":{"@type":"PropertyValueSpecification","valueRequired":true,"valueName":"search_term_string"}}],"inLanguage":"fi-FI"},{"@type":"Organization","@id":"https:\/\/multi-gyn.com\/fi\/#organization","name":"Multi-Gyn","url":"https:\/\/multi-gyn.com\/fi\/","logo":{"@type":"ImageObject","inLanguage":"fi-FI","@id":"https:\/\/multi-gyn.com\/fi\/#\/schema\/logo\/image\/","url":"https:\/\/multi-gyn.com\/app\/uploads\/sites\/23\/2022\/08\/multi-gyn-logo.png","contentUrl":"https:\/\/multi-gyn.com\/app\/uploads\/sites\/23\/2022\/08\/multi-gyn-logo.png","width":149,"height":32,"caption":"Multi-Gyn"},"image":{"@id":"https:\/\/multi-gyn.com\/fi\/#\/schema\/logo\/image\/"}}]}},"_links":{"self":[{"href":"https:\/\/multi-gyn.com\/fi\/wp-json\/wp\/v2\/pages\/58","targetHints":{"allow":["GET"]}}],"collection":[{"href":"https:\/\/multi-gyn.com\/fi\/wp-json\/wp\/v2\/pages"}],"about":[{"href":"https:\/\/multi-gyn.com\/fi\/wp-json\/wp\/v2\/types\/page"}],"author":[{"embeddable":true,"href":"https:\/\/multi-gyn.com\/fi\/wp-json\/wp\/v2\/users\/2"}],"replies":[{"embeddable":true,"href":"https:\/\/multi-gyn.com\/fi\/wp-json\/wp\/v2\/comments?post=58"}],"version-history":[{"count":4,"href":"https:\/\/multi-gyn.com\/fi\/wp-json\/wp\/v2\/pages\/58\/revisions"}],"predecessor-version":[{"id":148,"href":"https:\/\/multi-gyn.com\/fi\/wp-json\/wp\/v2\/pages\/58\/revisions\/148"}],"up":[{"embeddable":true,"href":"https:\/\/multi-gyn.com\/fi\/wp-json\/wp\/v2\/pages\/55"}],"wp:attachment":[{"href":"https:\/\/multi-gyn.com\/fi\/wp-json\/wp\/v2\/media?parent=58"}],"wp:term":[{"taxonomy":"from-article-database","embeddable":true,"href":"https:\/\/multi-gyn.com\/fi\/wp-json\/wp\/v2\/from-article-database?post=58"}],"curies":[{"name":"wp","href":"https:\/\/api.w.org\/{rel}","templated":true}]}}