{"id":64,"date":"2022-09-01T14:49:12","date_gmt":"2022-09-01T11:49:12","guid":{"rendered":"https:\/\/multi-gyn.com\/rebrand-fi\/?page_id=64"},"modified":"2025-02-19T08:56:06","modified_gmt":"2025-02-19T06:56:06","slug":"hiivatulehdus","status":"publish","type":"page","link":"https:\/\/multi-gyn.com\/fi\/loyda-ratkaisu\/hiivatulehdus\/","title":{"rendered":"Hiivatulehdus"},"content":{"rendered":"\n<div class=\"wp-block-karopharma-free-text pt-large pb-large bg-center bg-cover bg-no-repeat\" style=\"background-image:url(https:\/\/multi-gyn.com\/cdn-cgi\/image\/format=auto\/app\/uploads\/sites\/23\/2022\/10\/solution-hero.jpg)\"><div class=\"free-text-wrapper container max-w-medium text-left\">\n<div style=\"height:100px\" aria-hidden=\"true\" class=\"wp-block-spacer is-style-responsive-medium\"><\/div>\n\n\n\n<h1 class=\"has-text-align-center is-style-heading-huge has-white-color has-text-color wp-block-heading\">Tulokset<\/h1>\n\n\n\n<div style=\"height:100px\" aria-hidden=\"true\" class=\"wp-block-spacer is-style-responsive-medium\"><\/div>\n<\/div><\/div>\n\n\n\n<div class=\"wp-block-karopharma-free-text pt-large pb-large bg-center bg-contain bg-no-repeat  undefined is-style-primary\" style=\"background-image:url()\"><div class=\"free-text-wrapper container max-w-medium text-left\">\n<h2 class=\"wp-block-heading\">Sinulla saatta olla em\u00e4ttimen hiivatulehdus.<\/h2>\n\n\n\n<p class=\"is-style-paragraph-preamble\"><strong>Sinulla voi olla em\u00e4ttimen hiivatulehdus. <\/strong>T\u00e4m\u00e4n aiheuttaa Candida albicans, ihollamme ja limakalvoillamme esiintyv\u00e4 hiivasieni. Em\u00e4ttimen mikrobikannan muuttuminen ep\u00e4tasapainoiseksi voi aiheuttaa Candida albicans hiivasienen liikakasvua ja siten ep\u00e4mukavuutta, kuten kutinaa, \u00e4rsytyst\u00e4, kipua ja ep\u00e4normaalia vuotoa.<\/p>\n<\/div><\/div>\n\n\n\n<div class=\"wp-block-karopharma-free-text pt-large pb-large bg-center bg-contain bg-no-repeat  undefined\" style=\"background-image:url()\"><div class=\"free-text-wrapper container max-w-medium text-left\">\n<h2 class=\"wp-block-heading\" id=\"wie-man-scheidenpilz-behandelt\">Mik\u00e4 aiheuttaa hiivatulehduksen?<\/h2>\n\n\n\n<p>Antibiootit, liian tehokas tai liian usein toistuva peseytyminen, em\u00e4ttimen kuivuus tai muut tekij\u00e4t, kuten hormonaaliset vaihtelut, h\u00e4iritsev\u00e4t em\u00e4ttimen mikrobitasapainoa. T\u00e4m\u00e4 voi johtaa Candida albicans -hiivasienen liikakasvuun, ja vaivaan jota kutsutaan em\u00e4ttimen hiivainfektioksi. Jotkut naiset ovat alttiimpia em\u00e4ttimen hiivainfektioille kuin toiset.<\/p>\n<\/div><\/div>\n\n\n\n<div class=\"wp-block-karopharma-free-text pt-large pb-large bg-center bg-cover bg-no-repeat  is-style-secondary\" style=\"background-image:url()\"><div class=\"free-text-wrapper container max-w-medium text-left\">\n<h2 class=\"wp-block-heading\">Kuinka em\u00e4ttimen hiivatulehdusta hoidetaan?<\/h2>\n\n\n\n<p>Em\u00e4ttimen hiivaa voidaan hoitaa hiival\u00e4\u00e4kkeill\u00e4. Ne eiv\u00e4t kuitenkaan est\u00e4 em\u00e4ttimen hiivainfektion uusiutumista. L\u00e4\u00e4kehoidon sijaan pidemm\u00e4n aikav\u00e4lin ratkaisuksi kannattaa valita tuote, joka optimoi em\u00e4ttimen mikrobikantaa ja hoitaa em\u00e4ttimen hiivaoireita. T\u00e4ss\u00e4 <strong><a href=\"https:\/\/multi-gyn.com\/rebrand-fi\/tuote\/multi-gyn-flora-plus\/\">Multi-Gyn FloraPlus<\/a><\/strong> on oikea valinta. Se hoitaa em\u00e4ttimen hiivatulheduksen oireita ja lievitt\u00e4\u00e4 kutinaa, \u00e4rsytyst\u00e4 ja kokkareista valkovuotoa.<\/p>\n\n\n\n<p>Jos oireesi eiv\u00e4t helpota jonkin ajan kuluttua, keskustele l\u00e4\u00e4k\u00e4risi tai gynekologisi kanssa.<\/p>\n<\/div><\/div>\n\n\n<div class=\"product-list wp-block-karopharma-product-list\" data-testid=\"product-list\">\n      <div class=\"swiper-container\">\n      <div class=\"swiper\">\n        <div class=\"swiper-wrapper\">\n                      <div class=\"swiper-slide\">\n              <div class=\"product-card\" data-testid=\"product-card\">\n  <a\n    href=https:\/\/multi-gyn.com\/fi\/tuote\/multi-gyn-flora-plus\/\n    class=\"product-card-link\"\n    title=\"Multi-Gyn FloraPlus\"\n  >\n  <figure class=\"product-card-image\" data-testid=\"product-image\">\n                          <img decoding=\"async\" src=\"https:\/\/multi-gyn.com\/cdn-cgi\/image\/width=700,format=auto\/app\/uploads\/sites\/23\/2022\/09\/MultiGyn_FloraPlus_FI-1.png\"\n        srcset=\"https:\/\/multi-gyn.com\/cdn-cgi\/image\/width=250,format=auto\/app\/uploads\/sites\/23\/2022\/09\/MultiGyn_FloraPlus_FI-1.png 250w,\n                https:\/\/multi-gyn.com\/cdn-cgi\/image\/width=500,format=auto\/app\/uploads\/sites\/23\/2022\/09\/MultiGyn_FloraPlus_FI-1.png 500w,\n                https:\/\/multi-gyn.com\/cdn-cgi\/image\/width=700,format=auto\/app\/uploads\/sites\/23\/2022\/09\/MultiGyn_FloraPlus_FI-1.png 700w\"\n        sizes=\"(max-width: 400px) 250px, (max-width: 800px) 500px, 700px\"\n        alt=\"Multi-Gyn FloraPlus\"\n        class=\"img\">\n            <\/figure>\n    <div class=\"product-card-content\">\n      <div class=\"heading-wrapper\">\n        <h2 class=\"heading\">Multi-Gyn FloraPlus<\/h2>\n      <\/div>\n      <div class=\"product-card-description\">V\u00e4hent\u00e4\u00e4 v\u00e4litt\u00f6m\u00e4sti kutinaa, \u00e4rsytyst\u00e4, ja valkoista, kokkareista vuotoa.<\/div>\n                      <\/div>\n  <\/a>\n          <div class=\"button-wrapper buy-now \" data-testid=\"buy-now\">\n      <div class=\"buy-now-container dropdown-container\">\n      <div class=\"theme-button button-primary-color dropdown-link\" aria-label=\"Osta heti\">\n          Osta heti <i class=\"dropdown\"><\/i>\n      <\/div>\n      <ul class=\"reseller-list submenu\">\n                    <li>\n              <a\n                href=\"https:\/\/www.apteekkishop.fi\/epages\/ApteekkiShop.sf\/fi_FI\/?ObjectPath=%2FShops%2FApteekkiShop%2FProducts%2F2180811\" onclick=\"dataLayer.push({'event':'ga_event', 'eventCategory':'Click on Reseller', 'eventAction':'Apteekishop', 'eventLabel':'Multi-Gyn FloraPlus', 'eventValue': undefined})\" rel=\"noopener\" target=\"_blank\" title=\"Apteekishop\"\n                data-testid=\"buy-now-reseller\">\n                <i class=\"fa-solid fa-arrow-right\"><\/i> Apteekishop\n              <\/a>\n          <\/li>\n                    <li>\n              <a\n                href=\"https:\/\/www.apteekkiplus.fi\/products\/multi-gyn-floraplus?_pos=2&amp;_sid=a1fedb512&amp;_ss=r\" onclick=\"dataLayer.push({'event':'ga_event', 'eventCategory':'Click on Reseller', 'eventAction':'ApteekkiPlus', 'eventLabel':'Multi-Gyn FloraPlus', 'eventValue': undefined})\" rel=\"noopener\" target=\"_blank\" title=\"ApteekkiPlus\"\n                data-testid=\"buy-now-reseller\">\n                <i class=\"fa-solid fa-arrow-right\"><\/i> ApteekkiPlus\n              <\/a>\n          <\/li>\n                    <li>\n              <a\n                href=\"https:\/\/www.bonusapteekki.fi\/epages\/Bonusapteekki.sf\/fi_FI\/?ObjectPath=\/Shops\/Bonusapteekki\/Products\/2180811\" onclick=\"dataLayer.push({'event':'ga_event', 'eventCategory':'Click on Reseller', 'eventAction':'bonusapteekki', 'eventLabel':'Multi-Gyn FloraPlus', 'eventValue': undefined})\" rel=\"noopener\" target=\"_blank\" title=\"bonusapteekki\"\n                data-testid=\"buy-now-reseller\">\n                <i class=\"fa-solid fa-arrow-right\"><\/i> bonusapteekki\n              <\/a>\n          <\/li>\n                    <li>\n              <a\n                href=\"https:\/\/www.nettiapteekki.fi\/products\/multi-gyn-floraplus-tamro?_pos=3&amp;_sid=9fa04c988&amp;_ss=r\" onclick=\"dataLayer.push({'event':'ga_event', 'eventCategory':'Click on Reseller', 'eventAction':'Nettiapteekki', 'eventLabel':'Multi-Gyn FloraPlus', 'eventValue': undefined})\" rel=\"noopener\" target=\"_blank\" title=\"Nettiapteekki\"\n                data-testid=\"buy-now-reseller\">\n                <i class=\"fa-solid fa-arrow-right\"><\/i> Nettiapteekki\n              <\/a>\n          <\/li>\n                    <li>\n              <a\n                href=\"https:\/\/www.yliopistonverkkoapteekki.fi\/epages\/KYA.sf\/fi_FI\/?ObjectPath=\/Shops\/KYA\/Products\/2180811\" onclick=\"dataLayer.push({'event':'ga_event', 'eventCategory':'Click on Reseller', 'eventAction':'Yliopistonverkkoapteekki', 'eventLabel':'Multi-Gyn FloraPlus', 'eventValue': undefined})\" rel=\"noopener\" target=\"_blank\" title=\"Yliopistonverkkoapteekki\"\n                data-testid=\"buy-now-reseller\">\n                <i class=\"fa-solid fa-arrow-right\"><\/i> Yliopistonverkkoapteekki\n              <\/a>\n          <\/li>\n                <\/ul>\n    <\/div>\n  <\/div>\n  <\/div>\n            <\/div>\n                  <\/div>\n        <div class=\"swiper-scrollbar\"><\/div>\n      <\/div>\n    <\/div>\n  <\/div>\n","protected":false},"excerpt":{"rendered":"","protected":false},"author":2,"featured_media":0,"parent":55,"menu_order":0,"comment_status":"closed","ping_status":"closed","template":"","meta":{"_acf_changed":false,"footnotes":""},"from-article-database":[],"class_list":["post-64","page","type-page","status-publish","hentry"],"acf":[],"yoast_head":"<!-- This site is optimized with the Yoast SEO plugin v26.6 - https:\/\/yoast.com\/wordpress\/plugins\/seo\/ -->\n<title>Hiivatulehdus - Multi-Gyn<\/title>\n<meta name=\"description\" content=\"Sinulla voi olla em\u00e4ttimen hiivatulehdus. T\u00e4m\u00e4n aiheuttaa Candida albicans, ihollamme ja limakalvoillamme esiintyv\u00e4 hiivasieni.\" \/>\n<meta name=\"robots\" content=\"index, follow, max-snippet:-1, max-image-preview:large, max-video-preview:-1\" \/>\n<link rel=\"canonical\" href=\"https:\/\/multi-gyn.com\/fi\/loyda-ratkaisu\/hiivatulehdus\/\" \/>\n<meta property=\"og:locale\" content=\"fi_FI\" \/>\n<meta property=\"og:type\" content=\"article\" \/>\n<meta property=\"og:title\" content=\"Hiivatulehdus - Multi-Gyn\" \/>\n<meta property=\"og:description\" content=\"Sinulla voi olla em\u00e4ttimen hiivatulehdus. T\u00e4m\u00e4n aiheuttaa Candida albicans, ihollamme ja limakalvoillamme esiintyv\u00e4 hiivasieni.\" \/>\n<meta property=\"og:url\" content=\"https:\/\/multi-gyn.com\/fi\/loyda-ratkaisu\/hiivatulehdus\/\" \/>\n<meta property=\"og:site_name\" content=\"Multi-Gyn\" \/>\n<meta property=\"article:modified_time\" content=\"2025-02-19T06:56:06+00:00\" \/>\n<meta name=\"twitter:card\" content=\"summary_large_image\" \/>\n<meta name=\"twitter:label1\" content=\"Est. reading time\" \/>\n\t<meta name=\"twitter:data1\" content=\"1 minute\" \/>\n<script type=\"application\/ld+json\" class=\"yoast-schema-graph\">{\"@context\":\"https:\/\/schema.org\",\"@graph\":[{\"@type\":\"WebPage\",\"@id\":\"https:\/\/multi-gyn.com\/fi\/loyda-ratkaisu\/hiivatulehdus\/\",\"url\":\"https:\/\/multi-gyn.com\/fi\/loyda-ratkaisu\/hiivatulehdus\/\",\"name\":\"Hiivatulehdus - Multi-Gyn\",\"isPartOf\":{\"@id\":\"https:\/\/multi-gyn.com\/fi\/#website\"},\"datePublished\":\"2022-09-01T11:49:12+00:00\",\"dateModified\":\"2025-02-19T06:56:06+00:00\",\"description\":\"Sinulla voi olla em\u00e4ttimen hiivatulehdus. T\u00e4m\u00e4n aiheuttaa Candida albicans, ihollamme ja limakalvoillamme esiintyv\u00e4 hiivasieni.\",\"breadcrumb\":{\"@id\":\"https:\/\/multi-gyn.com\/fi\/loyda-ratkaisu\/hiivatulehdus\/#breadcrumb\"},\"inLanguage\":\"fi-FI\",\"potentialAction\":[{\"@type\":\"ReadAction\",\"target\":[\"https:\/\/multi-gyn.com\/fi\/loyda-ratkaisu\/hiivatulehdus\/\"]}]},{\"@type\":\"BreadcrumbList\",\"@id\":\"https:\/\/multi-gyn.com\/fi\/loyda-ratkaisu\/hiivatulehdus\/#breadcrumb\",\"itemListElement\":[{\"@type\":\"ListItem\",\"position\":1,\"name\":\"Home\",\"item\":\"https:\/\/multi-gyn.com\/fi\/\"},{\"@type\":\"ListItem\",\"position\":2,\"name\":\"L\u00f6yd\u00e4 ratkaisu\",\"item\":\"https:\/\/multi-gyn.com\/fi\/loyda-ratkaisu\/\"},{\"@type\":\"ListItem\",\"position\":3,\"name\":\"Hiivatulehdus\"}]},{\"@type\":\"WebSite\",\"@id\":\"https:\/\/multi-gyn.com\/fi\/#website\",\"url\":\"https:\/\/multi-gyn.com\/fi\/\",\"name\":\"Multi-Gyn\",\"description\":\"\",\"publisher\":{\"@id\":\"https:\/\/multi-gyn.com\/fi\/#organization\"},\"potentialAction\":[{\"@type\":\"SearchAction\",\"target\":{\"@type\":\"EntryPoint\",\"urlTemplate\":\"https:\/\/multi-gyn.com\/fi\/?s={search_term_string}\"},\"query-input\":{\"@type\":\"PropertyValueSpecification\",\"valueRequired\":true,\"valueName\":\"search_term_string\"}}],\"inLanguage\":\"fi-FI\"},{\"@type\":\"Organization\",\"@id\":\"https:\/\/multi-gyn.com\/fi\/#organization\",\"name\":\"Multi-Gyn\",\"url\":\"https:\/\/multi-gyn.com\/fi\/\",\"logo\":{\"@type\":\"ImageObject\",\"inLanguage\":\"fi-FI\",\"@id\":\"https:\/\/multi-gyn.com\/fi\/#\/schema\/logo\/image\/\",\"url\":\"https:\/\/multi-gyn.com\/app\/uploads\/sites\/23\/2022\/08\/multi-gyn-logo.png\",\"contentUrl\":\"https:\/\/multi-gyn.com\/app\/uploads\/sites\/23\/2022\/08\/multi-gyn-logo.png\",\"width\":149,\"height\":32,\"caption\":\"Multi-Gyn\"},\"image\":{\"@id\":\"https:\/\/multi-gyn.com\/fi\/#\/schema\/logo\/image\/\"}}]}<\/script>\n<!-- \/ Yoast SEO plugin. -->","yoast_head_json":{"title":"Hiivatulehdus - Multi-Gyn","description":"Sinulla voi olla em\u00e4ttimen hiivatulehdus. T\u00e4m\u00e4n aiheuttaa Candida albicans, ihollamme ja limakalvoillamme esiintyv\u00e4 hiivasieni.","robots":{"index":"index","follow":"follow","max-snippet":"max-snippet:-1","max-image-preview":"max-image-preview:large","max-video-preview":"max-video-preview:-1"},"canonical":"https:\/\/multi-gyn.com\/fi\/loyda-ratkaisu\/hiivatulehdus\/","og_locale":"fi_FI","og_type":"article","og_title":"Hiivatulehdus - Multi-Gyn","og_description":"Sinulla voi olla em\u00e4ttimen hiivatulehdus. T\u00e4m\u00e4n aiheuttaa Candida albicans, ihollamme ja limakalvoillamme esiintyv\u00e4 hiivasieni.","og_url":"https:\/\/multi-gyn.com\/fi\/loyda-ratkaisu\/hiivatulehdus\/","og_site_name":"Multi-Gyn","article_modified_time":"2025-02-19T06:56:06+00:00","twitter_card":"summary_large_image","twitter_misc":{"Est. reading time":"1 minute"},"schema":{"@context":"https:\/\/schema.org","@graph":[{"@type":"WebPage","@id":"https:\/\/multi-gyn.com\/fi\/loyda-ratkaisu\/hiivatulehdus\/","url":"https:\/\/multi-gyn.com\/fi\/loyda-ratkaisu\/hiivatulehdus\/","name":"Hiivatulehdus - Multi-Gyn","isPartOf":{"@id":"https:\/\/multi-gyn.com\/fi\/#website"},"datePublished":"2022-09-01T11:49:12+00:00","dateModified":"2025-02-19T06:56:06+00:00","description":"Sinulla voi olla em\u00e4ttimen hiivatulehdus. T\u00e4m\u00e4n aiheuttaa Candida albicans, ihollamme ja limakalvoillamme esiintyv\u00e4 hiivasieni.","breadcrumb":{"@id":"https:\/\/multi-gyn.com\/fi\/loyda-ratkaisu\/hiivatulehdus\/#breadcrumb"},"inLanguage":"fi-FI","potentialAction":[{"@type":"ReadAction","target":["https:\/\/multi-gyn.com\/fi\/loyda-ratkaisu\/hiivatulehdus\/"]}]},{"@type":"BreadcrumbList","@id":"https:\/\/multi-gyn.com\/fi\/loyda-ratkaisu\/hiivatulehdus\/#breadcrumb","itemListElement":[{"@type":"ListItem","position":1,"name":"Home","item":"https:\/\/multi-gyn.com\/fi\/"},{"@type":"ListItem","position":2,"name":"L\u00f6yd\u00e4 ratkaisu","item":"https:\/\/multi-gyn.com\/fi\/loyda-ratkaisu\/"},{"@type":"ListItem","position":3,"name":"Hiivatulehdus"}]},{"@type":"WebSite","@id":"https:\/\/multi-gyn.com\/fi\/#website","url":"https:\/\/multi-gyn.com\/fi\/","name":"Multi-Gyn","description":"","publisher":{"@id":"https:\/\/multi-gyn.com\/fi\/#organization"},"potentialAction":[{"@type":"SearchAction","target":{"@type":"EntryPoint","urlTemplate":"https:\/\/multi-gyn.com\/fi\/?s={search_term_string}"},"query-input":{"@type":"PropertyValueSpecification","valueRequired":true,"valueName":"search_term_string"}}],"inLanguage":"fi-FI"},{"@type":"Organization","@id":"https:\/\/multi-gyn.com\/fi\/#organization","name":"Multi-Gyn","url":"https:\/\/multi-gyn.com\/fi\/","logo":{"@type":"ImageObject","inLanguage":"fi-FI","@id":"https:\/\/multi-gyn.com\/fi\/#\/schema\/logo\/image\/","url":"https:\/\/multi-gyn.com\/app\/uploads\/sites\/23\/2022\/08\/multi-gyn-logo.png","contentUrl":"https:\/\/multi-gyn.com\/app\/uploads\/sites\/23\/2022\/08\/multi-gyn-logo.png","width":149,"height":32,"caption":"Multi-Gyn"},"image":{"@id":"https:\/\/multi-gyn.com\/fi\/#\/schema\/logo\/image\/"}}]}},"_links":{"self":[{"href":"https:\/\/multi-gyn.com\/fi\/wp-json\/wp\/v2\/pages\/64","targetHints":{"allow":["GET"]}}],"collection":[{"href":"https:\/\/multi-gyn.com\/fi\/wp-json\/wp\/v2\/pages"}],"about":[{"href":"https:\/\/multi-gyn.com\/fi\/wp-json\/wp\/v2\/types\/page"}],"author":[{"embeddable":true,"href":"https:\/\/multi-gyn.com\/fi\/wp-json\/wp\/v2\/users\/2"}],"replies":[{"embeddable":true,"href":"https:\/\/multi-gyn.com\/fi\/wp-json\/wp\/v2\/comments?post=64"}],"version-history":[{"count":2,"href":"https:\/\/multi-gyn.com\/fi\/wp-json\/wp\/v2\/pages\/64\/revisions"}],"predecessor-version":[{"id":142,"href":"https:\/\/multi-gyn.com\/fi\/wp-json\/wp\/v2\/pages\/64\/revisions\/142"}],"up":[{"embeddable":true,"href":"https:\/\/multi-gyn.com\/fi\/wp-json\/wp\/v2\/pages\/55"}],"wp:attachment":[{"href":"https:\/\/multi-gyn.com\/fi\/wp-json\/wp\/v2\/media?parent=64"}],"wp:term":[{"taxonomy":"from-article-database","embeddable":true,"href":"https:\/\/multi-gyn.com\/fi\/wp-json\/wp\/v2\/from-article-database?post=64"}],"curies":[{"name":"wp","href":"https:\/\/api.w.org\/{rel}","templated":true}]}}