{"id":73,"date":"2022-09-01T15:10:42","date_gmt":"2022-09-01T12:10:42","guid":{"rendered":"https:\/\/multi-gyn.com\/rebrand-fi\/?post_type=product&#038;p=73"},"modified":"2026-02-19T10:03:25","modified_gmt":"2026-02-19T08:03:25","slug":"multi-gyn-actigel","status":"publish","type":"product","link":"https:\/\/multi-gyn.com\/fi\/tuote\/multi-gyn-actigel\/","title":{"rendered":"Multi-Gyn ActiGel"},"content":{"rendered":"\n<div class=\"wp-block-karopharma-accordions is-style-secondary\"><div class=\"container\">\n<details class=\"wp-block-karopharma-accordion\"><summary><h2 class=\"accordion-title\">Kuinka usein Multi-Gyn ActiGeli\u00e4 pit\u00e4\u00e4 k\u00e4ytt\u00e4\u00e4?<\/h2><\/summary><div class=\"accordion-content\">\n<p>Em\u00e4ttimen vaivoihin neuvomme k\u00e4ytt\u00e4m\u00e4\u00e4n Multi-Gyn ActiGeli\u00e4 viiden per\u00e4kk\u00e4isen p\u00e4iv\u00e4n ajan kahdesti p\u00e4iv\u00e4ss\u00e4. Voit kuitenkin k\u00e4ytt\u00e4\u00e4 Multi-Gyn ActiGeli\u00e4 aina, kun lievitys on tarpeen.  Multi-Gyn ActiGel 2in1 -valmistetta ei saa k\u00e4ytt\u00e4\u00e4 30 per\u00e4kk\u00e4ist\u00e4<br>p\u00e4iv\u00e4\u00e4 pidemp\u00e4\u00e4n.<\/p>\n<\/div><\/details>\n\n\n\n<details class=\"wp-block-karopharma-accordion\"><summary><h2 class=\"accordion-title\">Milloin tuote alkaa vaikuttaa?<\/h2><\/summary><div class=\"accordion-content\">\n<p>Voit havaita v\u00e4litt\u00f6mi\u00e4 vaikutuksia, etenkin \u00e4rsytyksen ja kutinan kohdalla. Vaikutusten nopeus kuitenkin vaihtelee yksil\u00f6llisesti.<\/p>\n<\/div><\/details>\n\n\n\n<details class=\"wp-block-karopharma-accordion\"><summary><h2 class=\"accordion-title\">Onko Multi-Gyn ActiGelill\u00e4 sivuvaikutuksia?<\/h2><\/summary><div class=\"accordion-content\">\n<p>Ei, tuotteella ei ole tunnettuja sivuvaikutuksia.<\/p>\n<\/div><\/details>\n\n\n\n<details class=\"wp-block-karopharma-accordion\"><summary><h2 class=\"accordion-title\">Kun vaivani ovat kadonneet, pit\u00e4\u00e4k\u00f6 minun viel\u00e4 jatkaa Multi-Gyn ActiGelin k\u00e4ytt\u00f6\u00e4?<\/h2><\/summary><div class=\"accordion-content\">\n<p>Ei ole tarpeen jatkaa Multi-Gyn ActiGelin k\u00e4ytt\u00f6\u00e4. Voit kuitenkin halutessasi k\u00e4ytt\u00e4\u00e4 Multi-Gyn ActiGeli\u00e4 muutaman kerran viikossa.<\/p>\n<\/div><\/details>\n\n\n\n<details class=\"wp-block-karopharma-accordion\"><summary><h2 class=\"accordion-title\">Vaikuttaako Multi-Gyn ActiGelin k\u00e4ytt\u00f6 antibioottien tehoon?<\/h2><\/summary><div class=\"accordion-content\">\n<p>Multi-Gyn ActiGel ei vaikuta antibioottikuuriin mitenk\u00e4\u00e4n negatiivisella tavalla. Itse asiassa suosittelemme k\u00e4ytt\u00e4m\u00e4\u00e4n Multi-Gyn ActiGeli\u00e4 yht\u00e4 aikaa tai antibioottikuurin j\u00e4lkeen.<\/p>\n<\/div><\/details>\n\n\n\n<details class=\"wp-block-karopharma-accordion\"><summary><h2 class=\"accordion-title\">T\u00e4ytyyk\u00f6 minun k\u00e4ytt\u00e4\u00e4 koko tuubi?<\/h2><\/summary><div class=\"accordion-content\">\n<p>Bakteerivaginoosin hoidossa sinun tarvitsee k\u00e4ytt\u00e4\u00e4 Multi-Gyn ActiGeli\u00e4 v\u00e4hint\u00e4\u00e4n kahdesti p\u00e4iv\u00e4ss\u00e4 viiden per\u00e4kk\u00e4isen p\u00e4iv\u00e4n ajan. Jos vaivat ovat h\u00e4vinneet n\u00e4iden viiden p\u00e4iv\u00e4n kuluttua, sinun ei tarvitse k\u00e4ytt\u00e4\u00e4 koko tuubia.<\/p>\n<\/div><\/details>\n<\/div><\/div>\n","protected":false},"excerpt":{"rendered":"<p>Hoitaa bakteerivaginoosia<\/p>\n","protected":false},"featured_media":240,"comment_status":"closed","ping_status":"closed","template":"","meta":{"_acf_changed":false,"footnotes":""},"product_brand":[],"product_cat":[],"product_tag":[],"class_list":{"0":"post-73","1":"product","2":"type-product","3":"status-publish","4":"has-post-thumbnail","7":"first","8":"instock","9":"shipping-taxable","10":"product-type-simple"},"acf":[],"yoast_head":"<!-- This site is optimized with the Yoast SEO plugin v26.6 - https:\/\/yoast.com\/wordpress\/plugins\/seo\/ -->\n<title>Multi-Gyn ActiGel - Multi-Gyn<\/title>\n<meta name=\"description\" content=\"Multi-Gyn ActiGel hoitaa bakteerivaginoosia ja siihen liittyvi\u00e4 oireita, kuten ep\u00e4toivottua vuotoa ja hajua.\" \/>\n<meta name=\"robots\" content=\"index, follow, max-snippet:-1, max-image-preview:large, max-video-preview:-1\" \/>\n<link rel=\"canonical\" href=\"https:\/\/multi-gyn.com\/fi\/tuote\/multi-gyn-actigel\/\" \/>\n<meta property=\"og:locale\" content=\"fi_FI\" \/>\n<meta property=\"og:type\" content=\"article\" \/>\n<meta property=\"og:title\" content=\"Multi-Gyn ActiGel - Multi-Gyn\" \/>\n<meta property=\"og:description\" content=\"Multi-Gyn ActiGel hoitaa bakteerivaginoosia ja siihen liittyvi\u00e4 oireita, kuten ep\u00e4toivottua vuotoa ja hajua.\" \/>\n<meta property=\"og:url\" content=\"https:\/\/multi-gyn.com\/fi\/tuote\/multi-gyn-actigel\/\" \/>\n<meta property=\"og:site_name\" content=\"Multi-Gyn\" \/>\n<meta property=\"article:modified_time\" content=\"2026-02-19T08:03:25+00:00\" \/>\n<meta property=\"og:image\" content=\"https:\/\/multi-gyn.com\/app\/uploads\/sites\/23\/2022\/09\/MultiGyn_ActiGel_FI-1.png\" \/>\n\t<meta property=\"og:image:width\" content=\"800\" \/>\n\t<meta property=\"og:image:height\" content=\"800\" \/>\n\t<meta property=\"og:image:type\" content=\"image\/png\" \/>\n<meta name=\"twitter:card\" content=\"summary_large_image\" \/>\n<meta name=\"twitter:label1\" content=\"Est. reading time\" \/>\n\t<meta name=\"twitter:data1\" content=\"2 minutes\" \/>\n<script type=\"application\/ld+json\" class=\"yoast-schema-graph\">{\"@context\":\"https:\/\/schema.org\",\"@graph\":[{\"@type\":\"WebPage\",\"@id\":\"https:\/\/multi-gyn.com\/fi\/tuote\/multi-gyn-actigel\/\",\"url\":\"https:\/\/multi-gyn.com\/fi\/tuote\/multi-gyn-actigel\/\",\"name\":\"Multi-Gyn ActiGel - Multi-Gyn\",\"isPartOf\":{\"@id\":\"https:\/\/multi-gyn.com\/fi\/#website\"},\"primaryImageOfPage\":{\"@id\":\"https:\/\/multi-gyn.com\/fi\/tuote\/multi-gyn-actigel\/#primaryimage\"},\"image\":{\"@id\":\"https:\/\/multi-gyn.com\/fi\/tuote\/multi-gyn-actigel\/#primaryimage\"},\"thumbnailUrl\":\"https:\/\/multi-gyn.com\/app\/uploads\/sites\/23\/2022\/09\/MultiGyn_ActiGel_FI-1.png\",\"datePublished\":\"2022-09-01T12:10:42+00:00\",\"dateModified\":\"2026-02-19T08:03:25+00:00\",\"description\":\"Multi-Gyn ActiGel hoitaa bakteerivaginoosia ja siihen liittyvi\u00e4 oireita, kuten ep\u00e4toivottua vuotoa ja hajua.\",\"breadcrumb\":{\"@id\":\"https:\/\/multi-gyn.com\/fi\/tuote\/multi-gyn-actigel\/#breadcrumb\"},\"inLanguage\":\"fi-FI\",\"potentialAction\":[{\"@type\":\"ReadAction\",\"target\":[\"https:\/\/multi-gyn.com\/fi\/tuote\/multi-gyn-actigel\/\"]}]},{\"@type\":\"ImageObject\",\"inLanguage\":\"fi-FI\",\"@id\":\"https:\/\/multi-gyn.com\/fi\/tuote\/multi-gyn-actigel\/#primaryimage\",\"url\":\"https:\/\/multi-gyn.com\/app\/uploads\/sites\/23\/2022\/09\/MultiGyn_ActiGel_FI-1.png\",\"contentUrl\":\"https:\/\/multi-gyn.com\/app\/uploads\/sites\/23\/2022\/09\/MultiGyn_ActiGel_FI-1.png\",\"width\":800,\"height\":800,\"caption\":\"Multi-Gyn ActiGel\"},{\"@type\":\"BreadcrumbList\",\"@id\":\"https:\/\/multi-gyn.com\/fi\/tuote\/multi-gyn-actigel\/#breadcrumb\",\"itemListElement\":[{\"@type\":\"ListItem\",\"position\":1,\"name\":\"Home\",\"item\":\"https:\/\/multi-gyn.com\/fi\/\"},{\"@type\":\"ListItem\",\"position\":2,\"name\":\"Tuotteet\",\"item\":\"https:\/\/multi-gyn.com\/fi\/tuotteet\/\"},{\"@type\":\"ListItem\",\"position\":3,\"name\":\"Multi-Gyn ActiGel\"}]},{\"@type\":\"WebSite\",\"@id\":\"https:\/\/multi-gyn.com\/fi\/#website\",\"url\":\"https:\/\/multi-gyn.com\/fi\/\",\"name\":\"Multi-Gyn\",\"description\":\"\",\"publisher\":{\"@id\":\"https:\/\/multi-gyn.com\/fi\/#organization\"},\"potentialAction\":[{\"@type\":\"SearchAction\",\"target\":{\"@type\":\"EntryPoint\",\"urlTemplate\":\"https:\/\/multi-gyn.com\/fi\/?s={search_term_string}\"},\"query-input\":{\"@type\":\"PropertyValueSpecification\",\"valueRequired\":true,\"valueName\":\"search_term_string\"}}],\"inLanguage\":\"fi-FI\"},{\"@type\":\"Organization\",\"@id\":\"https:\/\/multi-gyn.com\/fi\/#organization\",\"name\":\"Multi-Gyn\",\"url\":\"https:\/\/multi-gyn.com\/fi\/\",\"logo\":{\"@type\":\"ImageObject\",\"inLanguage\":\"fi-FI\",\"@id\":\"https:\/\/multi-gyn.com\/fi\/#\/schema\/logo\/image\/\",\"url\":\"https:\/\/multi-gyn.com\/app\/uploads\/sites\/23\/2022\/08\/multi-gyn-logo.png\",\"contentUrl\":\"https:\/\/multi-gyn.com\/app\/uploads\/sites\/23\/2022\/08\/multi-gyn-logo.png\",\"width\":149,\"height\":32,\"caption\":\"Multi-Gyn\"},\"image\":{\"@id\":\"https:\/\/multi-gyn.com\/fi\/#\/schema\/logo\/image\/\"}}]}<\/script>\n<!-- \/ Yoast SEO plugin. -->","yoast_head_json":{"title":"Multi-Gyn ActiGel - Multi-Gyn","description":"Multi-Gyn ActiGel hoitaa bakteerivaginoosia ja siihen liittyvi\u00e4 oireita, kuten ep\u00e4toivottua vuotoa ja hajua.","robots":{"index":"index","follow":"follow","max-snippet":"max-snippet:-1","max-image-preview":"max-image-preview:large","max-video-preview":"max-video-preview:-1"},"canonical":"https:\/\/multi-gyn.com\/fi\/tuote\/multi-gyn-actigel\/","og_locale":"fi_FI","og_type":"article","og_title":"Multi-Gyn ActiGel - Multi-Gyn","og_description":"Multi-Gyn ActiGel hoitaa bakteerivaginoosia ja siihen liittyvi\u00e4 oireita, kuten ep\u00e4toivottua vuotoa ja hajua.","og_url":"https:\/\/multi-gyn.com\/fi\/tuote\/multi-gyn-actigel\/","og_site_name":"Multi-Gyn","article_modified_time":"2026-02-19T08:03:25+00:00","og_image":[{"width":800,"height":800,"url":"https:\/\/multi-gyn.com\/app\/uploads\/sites\/23\/2022\/09\/MultiGyn_ActiGel_FI-1.png","type":"image\/png"}],"twitter_card":"summary_large_image","twitter_misc":{"Est. reading time":"2 minutes"},"schema":{"@context":"https:\/\/schema.org","@graph":[{"@type":"WebPage","@id":"https:\/\/multi-gyn.com\/fi\/tuote\/multi-gyn-actigel\/","url":"https:\/\/multi-gyn.com\/fi\/tuote\/multi-gyn-actigel\/","name":"Multi-Gyn ActiGel - Multi-Gyn","isPartOf":{"@id":"https:\/\/multi-gyn.com\/fi\/#website"},"primaryImageOfPage":{"@id":"https:\/\/multi-gyn.com\/fi\/tuote\/multi-gyn-actigel\/#primaryimage"},"image":{"@id":"https:\/\/multi-gyn.com\/fi\/tuote\/multi-gyn-actigel\/#primaryimage"},"thumbnailUrl":"https:\/\/multi-gyn.com\/app\/uploads\/sites\/23\/2022\/09\/MultiGyn_ActiGel_FI-1.png","datePublished":"2022-09-01T12:10:42+00:00","dateModified":"2026-02-19T08:03:25+00:00","description":"Multi-Gyn ActiGel hoitaa bakteerivaginoosia ja siihen liittyvi\u00e4 oireita, kuten ep\u00e4toivottua vuotoa ja hajua.","breadcrumb":{"@id":"https:\/\/multi-gyn.com\/fi\/tuote\/multi-gyn-actigel\/#breadcrumb"},"inLanguage":"fi-FI","potentialAction":[{"@type":"ReadAction","target":["https:\/\/multi-gyn.com\/fi\/tuote\/multi-gyn-actigel\/"]}]},{"@type":"ImageObject","inLanguage":"fi-FI","@id":"https:\/\/multi-gyn.com\/fi\/tuote\/multi-gyn-actigel\/#primaryimage","url":"https:\/\/multi-gyn.com\/app\/uploads\/sites\/23\/2022\/09\/MultiGyn_ActiGel_FI-1.png","contentUrl":"https:\/\/multi-gyn.com\/app\/uploads\/sites\/23\/2022\/09\/MultiGyn_ActiGel_FI-1.png","width":800,"height":800,"caption":"Multi-Gyn ActiGel"},{"@type":"BreadcrumbList","@id":"https:\/\/multi-gyn.com\/fi\/tuote\/multi-gyn-actigel\/#breadcrumb","itemListElement":[{"@type":"ListItem","position":1,"name":"Home","item":"https:\/\/multi-gyn.com\/fi\/"},{"@type":"ListItem","position":2,"name":"Tuotteet","item":"https:\/\/multi-gyn.com\/fi\/tuotteet\/"},{"@type":"ListItem","position":3,"name":"Multi-Gyn ActiGel"}]},{"@type":"WebSite","@id":"https:\/\/multi-gyn.com\/fi\/#website","url":"https:\/\/multi-gyn.com\/fi\/","name":"Multi-Gyn","description":"","publisher":{"@id":"https:\/\/multi-gyn.com\/fi\/#organization"},"potentialAction":[{"@type":"SearchAction","target":{"@type":"EntryPoint","urlTemplate":"https:\/\/multi-gyn.com\/fi\/?s={search_term_string}"},"query-input":{"@type":"PropertyValueSpecification","valueRequired":true,"valueName":"search_term_string"}}],"inLanguage":"fi-FI"},{"@type":"Organization","@id":"https:\/\/multi-gyn.com\/fi\/#organization","name":"Multi-Gyn","url":"https:\/\/multi-gyn.com\/fi\/","logo":{"@type":"ImageObject","inLanguage":"fi-FI","@id":"https:\/\/multi-gyn.com\/fi\/#\/schema\/logo\/image\/","url":"https:\/\/multi-gyn.com\/app\/uploads\/sites\/23\/2022\/08\/multi-gyn-logo.png","contentUrl":"https:\/\/multi-gyn.com\/app\/uploads\/sites\/23\/2022\/08\/multi-gyn-logo.png","width":149,"height":32,"caption":"Multi-Gyn"},"image":{"@id":"https:\/\/multi-gyn.com\/fi\/#\/schema\/logo\/image\/"}}]}},"_links":{"self":[{"href":"https:\/\/multi-gyn.com\/fi\/wp-json\/wp\/v2\/product\/73","targetHints":{"allow":["GET"]}}],"collection":[{"href":"https:\/\/multi-gyn.com\/fi\/wp-json\/wp\/v2\/product"}],"about":[{"href":"https:\/\/multi-gyn.com\/fi\/wp-json\/wp\/v2\/types\/product"}],"replies":[{"embeddable":true,"href":"https:\/\/multi-gyn.com\/fi\/wp-json\/wp\/v2\/comments?post=73"}],"version-history":[{"count":9,"href":"https:\/\/multi-gyn.com\/fi\/wp-json\/wp\/v2\/product\/73\/revisions"}],"predecessor-version":[{"id":426,"href":"https:\/\/multi-gyn.com\/fi\/wp-json\/wp\/v2\/product\/73\/revisions\/426"}],"wp:featuredmedia":[{"embeddable":true,"href":"https:\/\/multi-gyn.com\/fi\/wp-json\/wp\/v2\/media\/240"}],"wp:attachment":[{"href":"https:\/\/multi-gyn.com\/fi\/wp-json\/wp\/v2\/media?parent=73"}],"wp:term":[{"taxonomy":"product_brand","embeddable":true,"href":"https:\/\/multi-gyn.com\/fi\/wp-json\/wp\/v2\/product_brand?post=73"},{"taxonomy":"product_cat","embeddable":true,"href":"https:\/\/multi-gyn.com\/fi\/wp-json\/wp\/v2\/product_cat?post=73"},{"taxonomy":"product_tag","embeddable":true,"href":"https:\/\/multi-gyn.com\/fi\/wp-json\/wp\/v2\/product_tag?post=73"}],"curies":[{"name":"wp","href":"https:\/\/api.w.org\/{rel}","templated":true}]}}