{"id":78,"date":"2022-09-01T15:30:14","date_gmt":"2022-09-01T12:30:14","guid":{"rendered":"https:\/\/multi-gyn.com\/rebrand-fi\/?post_type=product&#038;p=78"},"modified":"2026-02-19T10:03:45","modified_gmt":"2026-02-19T08:03:45","slug":"multi-gyn-calmingcream","status":"publish","type":"product","link":"https:\/\/multi-gyn.com\/fi\/tuote\/multi-gyn-calmingcream\/","title":{"rendered":"Multi-Gyn CalmingCream"},"content":{"rendered":"\n<div class=\"wp-block-karopharma-accordions is-style-secondary\"><div class=\"container\">\n<details class=\"wp-block-karopharma-accordion\"><summary><h2 class=\"accordion-title\">Miten usein voin k\u00e4ytt\u00e4\u00e4 Multi-Gyn CalmingCreamia?<\/h2><\/summary><div class=\"accordion-content\">\n<p>Niin usein kuin haluat. Voit k\u00e4ytt\u00e4\u00e4 Multi-Gyn CalmingCreamia aina, kun oireiden lievitys on tarpeen.<\/p>\n<\/div><\/details>\n\n\n\n<details class=\"wp-block-karopharma-accordion\"><summary><h2 class=\"accordion-title\">Voinko k\u00e4ytt\u00e4\u00e4 Multi-Gyn CalmingCreamia sis\u00e4isesti?<\/h2><\/summary><div class=\"accordion-content\">\n<p>Et, se on tarkoitettu vain ulkoiseen k\u00e4ytt\u00f6\u00f6n.<\/p>\n<\/div><\/details>\n\n\n\n<details class=\"wp-block-karopharma-accordion\"><summary><h2 class=\"accordion-title\">Voinko k\u00e4ytt\u00e4\u00e4 Multi-Gyn CalmingCreamia, jos minulla on bakteerivaginoosi tai em\u00e4ttimen hiivatulehdus?<\/h2><\/summary><div class=\"accordion-content\">\n<p>Multi-Gyn CalmingCream ei tehoa bakteerivaginoosiin eik\u00e4 em\u00e4ttimen hiivatulehdukseen. Sit\u00e4 voi kuitenkin k\u00e4ytt\u00e4\u00e4 yhdess\u00e4 Multi-Gyn ActiGel (bakteerivaginoosin hoito) tai Multi-Gyn FloraPlus (em\u00e4ttimen hiivatulehduksen oireiden hoito) kanssa rauhoittamaan ja suojaamaan \u00e4rtynytt\u00e4, kuivaa ja kutisevaa intiimialueen ihoa.<\/p>\n<\/div><\/details>\n\n\n\n<details class=\"wp-block-karopharma-accordion\"><summary><h2 class=\"accordion-title\">Miten Multi-Gyn CalmingCreamia k\u00e4ytet\u00e4\u00e4n?<\/h2><\/summary><div class=\"accordion-content\">\n<p>Multi-Gyn CalmingCream on tarkoitettu k\u00e4ytett\u00e4v\u00e4ksi ulkoisesti aivan em\u00e4ttimen ulkopuolelle ja per\u00e4aukon ymp\u00e4rille. Levit\u00e4 ohut kerros voidetta intiimialueelle kerran p\u00e4iv\u00e4ss\u00e4 tai aina, kun lievitys on tarpeen. Soveltuu p\u00e4ivitt\u00e4iseen k\u00e4ytt\u00f6\u00f6n.<\/p>\n<\/div><\/details>\n\n\n\n<details class=\"wp-block-karopharma-accordion\"><summary><h2 class=\"accordion-title\">Vaikuttaako Multi-Gyn ActiGelin k\u00e4ytt\u00f6 antibioottien tehoon?<\/h2><\/summary><div class=\"accordion-content\">\n<p>Multi-Gyn ActiGel ei vaikuta antibioottikuuriin mitenk\u00e4\u00e4n negatiivisella tavalla. Itse asiassa suosittelemme k\u00e4ytt\u00e4m\u00e4\u00e4n Multi-Gyn ActiGeli\u00e4 yht\u00e4 aikaa tai antibioottikuurin j\u00e4lkeen.<\/p>\n<\/div><\/details>\n\n\n\n<details class=\"wp-block-karopharma-accordion\"><summary><h2 class=\"accordion-title\">Miten pitk\u00e4\u00e4n Multi-Gyn CalmingCreamia voi k\u00e4ytt\u00e4\u00e4 putkilon avaamisen j\u00e4lkeen?<\/h2><\/summary><div class=\"accordion-content\">\n<p>Voit k\u00e4ytt\u00e4\u00e4 Multi-Gyn CalmingCreamia pakkaukseen ja putkilon yl\u00e4osaan merkittyyn vanhentumisp\u00e4iv\u00e4\u00e4n asti.<\/p>\n<\/div><\/details>\n<\/div><\/div>\n","protected":false},"excerpt":{"rendered":"<p>Rauhoittaa ja suojaa \u00e4rtynytt\u00e4, kuivaa ja kutisevaa ihoa ihoa ja helpottaa oireita <\/p>\n","protected":false},"featured_media":242,"comment_status":"closed","ping_status":"closed","template":"","meta":{"_acf_changed":false,"footnotes":""},"product_brand":[],"product_cat":[19],"product_tag":[],"class_list":{"0":"post-78","1":"product","2":"type-product","3":"status-publish","4":"has-post-thumbnail","6":"product_cat-hygienia-ja-hoito","8":"first","9":"instock","10":"shipping-taxable","11":"product-type-simple"},"acf":[],"yoast_head":"<!-- This site is optimized with the Yoast SEO plugin v26.6 - https:\/\/yoast.com\/wordpress\/plugins\/seo\/ -->\n<title>Multi-Gyn CalmingCream - Multi-Gyn<\/title>\n<meta name=\"description\" content=\"Bakteerivaginoosia voidaan hoitaa Multi-Gyn ActiGelill\u00e4. Se sis\u00e4lt\u00e4\u00e4 luonnollisia ainesosia, joilla on v\u00e4lit\u00f6n vaikutus. Lue lis\u00e4\u00e4 ActiGelist\u00e4 t\u00e4st\u00e4.\" \/>\n<meta name=\"robots\" content=\"index, follow, max-snippet:-1, max-image-preview:large, max-video-preview:-1\" \/>\n<link rel=\"canonical\" href=\"https:\/\/multi-gyn.com\/fi\/tuote\/multi-gyn-calmingcream\/\" \/>\n<meta property=\"og:locale\" content=\"fi_FI\" \/>\n<meta property=\"og:type\" content=\"article\" \/>\n<meta property=\"og:title\" content=\"Multi-Gyn CalmingCream - Multi-Gyn\" \/>\n<meta property=\"og:description\" content=\"Bakteerivaginoosia voidaan hoitaa Multi-Gyn ActiGelill\u00e4. Se sis\u00e4lt\u00e4\u00e4 luonnollisia ainesosia, joilla on v\u00e4lit\u00f6n vaikutus. Lue lis\u00e4\u00e4 ActiGelist\u00e4 t\u00e4st\u00e4.\" \/>\n<meta property=\"og:url\" content=\"https:\/\/multi-gyn.com\/fi\/tuote\/multi-gyn-calmingcream\/\" \/>\n<meta property=\"og:site_name\" content=\"Multi-Gyn\" \/>\n<meta property=\"article:modified_time\" content=\"2026-02-19T08:03:45+00:00\" \/>\n<meta property=\"og:image\" content=\"https:\/\/multi-gyn.com\/app\/uploads\/sites\/23\/2022\/09\/MultiGyn_CalmingCream_FI-1.png\" \/>\n\t<meta property=\"og:image:width\" content=\"800\" \/>\n\t<meta property=\"og:image:height\" content=\"800\" \/>\n\t<meta property=\"og:image:type\" content=\"image\/png\" \/>\n<meta name=\"twitter:card\" content=\"summary_large_image\" \/>\n<meta name=\"twitter:label1\" content=\"Est. reading time\" \/>\n\t<meta name=\"twitter:data1\" content=\"2 minutes\" \/>\n<script type=\"application\/ld+json\" class=\"yoast-schema-graph\">{\"@context\":\"https:\/\/schema.org\",\"@graph\":[{\"@type\":\"WebPage\",\"@id\":\"https:\/\/multi-gyn.com\/fi\/tuote\/multi-gyn-calmingcream\/\",\"url\":\"https:\/\/multi-gyn.com\/fi\/tuote\/multi-gyn-calmingcream\/\",\"name\":\"Multi-Gyn CalmingCream - Multi-Gyn\",\"isPartOf\":{\"@id\":\"https:\/\/multi-gyn.com\/fi\/#website\"},\"primaryImageOfPage\":{\"@id\":\"https:\/\/multi-gyn.com\/fi\/tuote\/multi-gyn-calmingcream\/#primaryimage\"},\"image\":{\"@id\":\"https:\/\/multi-gyn.com\/fi\/tuote\/multi-gyn-calmingcream\/#primaryimage\"},\"thumbnailUrl\":\"https:\/\/multi-gyn.com\/app\/uploads\/sites\/23\/2022\/09\/MultiGyn_CalmingCream_FI-1.png\",\"datePublished\":\"2022-09-01T12:30:14+00:00\",\"dateModified\":\"2026-02-19T08:03:45+00:00\",\"description\":\"Bakteerivaginoosia voidaan hoitaa Multi-Gyn ActiGelill\u00e4. Se sis\u00e4lt\u00e4\u00e4 luonnollisia ainesosia, joilla on v\u00e4lit\u00f6n vaikutus. Lue lis\u00e4\u00e4 ActiGelist\u00e4 t\u00e4st\u00e4.\",\"breadcrumb\":{\"@id\":\"https:\/\/multi-gyn.com\/fi\/tuote\/multi-gyn-calmingcream\/#breadcrumb\"},\"inLanguage\":\"fi-FI\",\"potentialAction\":[{\"@type\":\"ReadAction\",\"target\":[\"https:\/\/multi-gyn.com\/fi\/tuote\/multi-gyn-calmingcream\/\"]}]},{\"@type\":\"ImageObject\",\"inLanguage\":\"fi-FI\",\"@id\":\"https:\/\/multi-gyn.com\/fi\/tuote\/multi-gyn-calmingcream\/#primaryimage\",\"url\":\"https:\/\/multi-gyn.com\/app\/uploads\/sites\/23\/2022\/09\/MultiGyn_CalmingCream_FI-1.png\",\"contentUrl\":\"https:\/\/multi-gyn.com\/app\/uploads\/sites\/23\/2022\/09\/MultiGyn_CalmingCream_FI-1.png\",\"width\":800,\"height\":800,\"caption\":\"Multi-Gyn CalmingCream\"},{\"@type\":\"BreadcrumbList\",\"@id\":\"https:\/\/multi-gyn.com\/fi\/tuote\/multi-gyn-calmingcream\/#breadcrumb\",\"itemListElement\":[{\"@type\":\"ListItem\",\"position\":1,\"name\":\"Home\",\"item\":\"https:\/\/multi-gyn.com\/fi\/\"},{\"@type\":\"ListItem\",\"position\":2,\"name\":\"Tuotteet\",\"item\":\"https:\/\/multi-gyn.com\/fi\/tuotteet\/\"},{\"@type\":\"ListItem\",\"position\":3,\"name\":\"Multi-Gyn CalmingCream\"}]},{\"@type\":\"WebSite\",\"@id\":\"https:\/\/multi-gyn.com\/fi\/#website\",\"url\":\"https:\/\/multi-gyn.com\/fi\/\",\"name\":\"Multi-Gyn\",\"description\":\"\",\"publisher\":{\"@id\":\"https:\/\/multi-gyn.com\/fi\/#organization\"},\"potentialAction\":[{\"@type\":\"SearchAction\",\"target\":{\"@type\":\"EntryPoint\",\"urlTemplate\":\"https:\/\/multi-gyn.com\/fi\/?s={search_term_string}\"},\"query-input\":{\"@type\":\"PropertyValueSpecification\",\"valueRequired\":true,\"valueName\":\"search_term_string\"}}],\"inLanguage\":\"fi-FI\"},{\"@type\":\"Organization\",\"@id\":\"https:\/\/multi-gyn.com\/fi\/#organization\",\"name\":\"Multi-Gyn\",\"url\":\"https:\/\/multi-gyn.com\/fi\/\",\"logo\":{\"@type\":\"ImageObject\",\"inLanguage\":\"fi-FI\",\"@id\":\"https:\/\/multi-gyn.com\/fi\/#\/schema\/logo\/image\/\",\"url\":\"https:\/\/multi-gyn.com\/app\/uploads\/sites\/23\/2022\/08\/multi-gyn-logo.png\",\"contentUrl\":\"https:\/\/multi-gyn.com\/app\/uploads\/sites\/23\/2022\/08\/multi-gyn-logo.png\",\"width\":149,\"height\":32,\"caption\":\"Multi-Gyn\"},\"image\":{\"@id\":\"https:\/\/multi-gyn.com\/fi\/#\/schema\/logo\/image\/\"}}]}<\/script>\n<!-- \/ Yoast SEO plugin. -->","yoast_head_json":{"title":"Multi-Gyn CalmingCream - Multi-Gyn","description":"Bakteerivaginoosia voidaan hoitaa Multi-Gyn ActiGelill\u00e4. Se sis\u00e4lt\u00e4\u00e4 luonnollisia ainesosia, joilla on v\u00e4lit\u00f6n vaikutus. Lue lis\u00e4\u00e4 ActiGelist\u00e4 t\u00e4st\u00e4.","robots":{"index":"index","follow":"follow","max-snippet":"max-snippet:-1","max-image-preview":"max-image-preview:large","max-video-preview":"max-video-preview:-1"},"canonical":"https:\/\/multi-gyn.com\/fi\/tuote\/multi-gyn-calmingcream\/","og_locale":"fi_FI","og_type":"article","og_title":"Multi-Gyn CalmingCream - Multi-Gyn","og_description":"Bakteerivaginoosia voidaan hoitaa Multi-Gyn ActiGelill\u00e4. Se sis\u00e4lt\u00e4\u00e4 luonnollisia ainesosia, joilla on v\u00e4lit\u00f6n vaikutus. Lue lis\u00e4\u00e4 ActiGelist\u00e4 t\u00e4st\u00e4.","og_url":"https:\/\/multi-gyn.com\/fi\/tuote\/multi-gyn-calmingcream\/","og_site_name":"Multi-Gyn","article_modified_time":"2026-02-19T08:03:45+00:00","og_image":[{"width":800,"height":800,"url":"https:\/\/multi-gyn.com\/app\/uploads\/sites\/23\/2022\/09\/MultiGyn_CalmingCream_FI-1.png","type":"image\/png"}],"twitter_card":"summary_large_image","twitter_misc":{"Est. reading time":"2 minutes"},"schema":{"@context":"https:\/\/schema.org","@graph":[{"@type":"WebPage","@id":"https:\/\/multi-gyn.com\/fi\/tuote\/multi-gyn-calmingcream\/","url":"https:\/\/multi-gyn.com\/fi\/tuote\/multi-gyn-calmingcream\/","name":"Multi-Gyn CalmingCream - Multi-Gyn","isPartOf":{"@id":"https:\/\/multi-gyn.com\/fi\/#website"},"primaryImageOfPage":{"@id":"https:\/\/multi-gyn.com\/fi\/tuote\/multi-gyn-calmingcream\/#primaryimage"},"image":{"@id":"https:\/\/multi-gyn.com\/fi\/tuote\/multi-gyn-calmingcream\/#primaryimage"},"thumbnailUrl":"https:\/\/multi-gyn.com\/app\/uploads\/sites\/23\/2022\/09\/MultiGyn_CalmingCream_FI-1.png","datePublished":"2022-09-01T12:30:14+00:00","dateModified":"2026-02-19T08:03:45+00:00","description":"Bakteerivaginoosia voidaan hoitaa Multi-Gyn ActiGelill\u00e4. Se sis\u00e4lt\u00e4\u00e4 luonnollisia ainesosia, joilla on v\u00e4lit\u00f6n vaikutus. Lue lis\u00e4\u00e4 ActiGelist\u00e4 t\u00e4st\u00e4.","breadcrumb":{"@id":"https:\/\/multi-gyn.com\/fi\/tuote\/multi-gyn-calmingcream\/#breadcrumb"},"inLanguage":"fi-FI","potentialAction":[{"@type":"ReadAction","target":["https:\/\/multi-gyn.com\/fi\/tuote\/multi-gyn-calmingcream\/"]}]},{"@type":"ImageObject","inLanguage":"fi-FI","@id":"https:\/\/multi-gyn.com\/fi\/tuote\/multi-gyn-calmingcream\/#primaryimage","url":"https:\/\/multi-gyn.com\/app\/uploads\/sites\/23\/2022\/09\/MultiGyn_CalmingCream_FI-1.png","contentUrl":"https:\/\/multi-gyn.com\/app\/uploads\/sites\/23\/2022\/09\/MultiGyn_CalmingCream_FI-1.png","width":800,"height":800,"caption":"Multi-Gyn CalmingCream"},{"@type":"BreadcrumbList","@id":"https:\/\/multi-gyn.com\/fi\/tuote\/multi-gyn-calmingcream\/#breadcrumb","itemListElement":[{"@type":"ListItem","position":1,"name":"Home","item":"https:\/\/multi-gyn.com\/fi\/"},{"@type":"ListItem","position":2,"name":"Tuotteet","item":"https:\/\/multi-gyn.com\/fi\/tuotteet\/"},{"@type":"ListItem","position":3,"name":"Multi-Gyn CalmingCream"}]},{"@type":"WebSite","@id":"https:\/\/multi-gyn.com\/fi\/#website","url":"https:\/\/multi-gyn.com\/fi\/","name":"Multi-Gyn","description":"","publisher":{"@id":"https:\/\/multi-gyn.com\/fi\/#organization"},"potentialAction":[{"@type":"SearchAction","target":{"@type":"EntryPoint","urlTemplate":"https:\/\/multi-gyn.com\/fi\/?s={search_term_string}"},"query-input":{"@type":"PropertyValueSpecification","valueRequired":true,"valueName":"search_term_string"}}],"inLanguage":"fi-FI"},{"@type":"Organization","@id":"https:\/\/multi-gyn.com\/fi\/#organization","name":"Multi-Gyn","url":"https:\/\/multi-gyn.com\/fi\/","logo":{"@type":"ImageObject","inLanguage":"fi-FI","@id":"https:\/\/multi-gyn.com\/fi\/#\/schema\/logo\/image\/","url":"https:\/\/multi-gyn.com\/app\/uploads\/sites\/23\/2022\/08\/multi-gyn-logo.png","contentUrl":"https:\/\/multi-gyn.com\/app\/uploads\/sites\/23\/2022\/08\/multi-gyn-logo.png","width":149,"height":32,"caption":"Multi-Gyn"},"image":{"@id":"https:\/\/multi-gyn.com\/fi\/#\/schema\/logo\/image\/"}}]}},"_links":{"self":[{"href":"https:\/\/multi-gyn.com\/fi\/wp-json\/wp\/v2\/product\/78","targetHints":{"allow":["GET"]}}],"collection":[{"href":"https:\/\/multi-gyn.com\/fi\/wp-json\/wp\/v2\/product"}],"about":[{"href":"https:\/\/multi-gyn.com\/fi\/wp-json\/wp\/v2\/types\/product"}],"replies":[{"embeddable":true,"href":"https:\/\/multi-gyn.com\/fi\/wp-json\/wp\/v2\/comments?post=78"}],"version-history":[{"count":9,"href":"https:\/\/multi-gyn.com\/fi\/wp-json\/wp\/v2\/product\/78\/revisions"}],"predecessor-version":[{"id":427,"href":"https:\/\/multi-gyn.com\/fi\/wp-json\/wp\/v2\/product\/78\/revisions\/427"}],"wp:featuredmedia":[{"embeddable":true,"href":"https:\/\/multi-gyn.com\/fi\/wp-json\/wp\/v2\/media\/242"}],"wp:attachment":[{"href":"https:\/\/multi-gyn.com\/fi\/wp-json\/wp\/v2\/media?parent=78"}],"wp:term":[{"taxonomy":"product_brand","embeddable":true,"href":"https:\/\/multi-gyn.com\/fi\/wp-json\/wp\/v2\/product_brand?post=78"},{"taxonomy":"product_cat","embeddable":true,"href":"https:\/\/multi-gyn.com\/fi\/wp-json\/wp\/v2\/product_cat?post=78"},{"taxonomy":"product_tag","embeddable":true,"href":"https:\/\/multi-gyn.com\/fi\/wp-json\/wp\/v2\/product_tag?post=78"}],"curies":[{"name":"wp","href":"https:\/\/api.w.org\/{rel}","templated":true}]}}