{"id":82,"date":"2022-09-01T15:30:48","date_gmt":"2022-09-01T12:30:48","guid":{"rendered":"https:\/\/multi-gyn.com\/rebrand-fi\/?post_type=product&#038;p=82"},"modified":"2026-04-16T12:56:21","modified_gmt":"2026-04-16T09:56:21","slug":"multi-gyn-flora-plus","status":"publish","type":"product","link":"https:\/\/multi-gyn.com\/fi\/tuote\/multi-gyn-flora-plus\/","title":{"rendered":"Multi-Gyn FloraPlus"},"content":{"rendered":"\n<div class=\"wp-block-karopharma-accordions is-style-secondary\"><div class=\"container\">\n<details class=\"wp-block-karopharma-accordion\"><summary><h2 class=\"accordion-title\">Milloin tuote alkaa vaikuttaa?<\/h2><\/summary><div class=\"accordion-content\">\n<p>Se vaihtelee yksil\u00f6llisesti, mutta saatat tuntea oireiden helpotuksen heti.<\/p>\n<\/div><\/details>\n\n\n\n<details class=\"wp-block-karopharma-accordion\"><summary><h2 class=\"accordion-title\">T\u00e4ytyyk\u00f6 minun k\u00e4ytt\u00e4\u00e4 tuotetta viisi per\u00e4kk\u00e4ist\u00e4 p\u00e4iv\u00e4\u00e4?<\/h2><\/summary><div class=\"accordion-content\">\n<p>Kyll\u00e4, suosittelemme sinua k\u00e4ytt\u00e4m\u00e4\u00e4n viisi tuubia, jotta vaikutus olisi paras mahdollinen.<\/p>\n<\/div><\/details>\n\n\n\n<details class=\"wp-block-karopharma-accordion\"><summary><h2 class=\"accordion-title\">Onko Multi-Gyn FloraPlusilla mit\u00e4\u00e4n sivuvaikutuksia?<\/h2><\/summary><div class=\"accordion-content\">\n<p>Ei, tuotteella ei ole tunnettuja sivuvaikutuksia.<\/p>\n<\/div><\/details>\n\n\n\n<details class=\"wp-block-karopharma-accordion\"><summary><h2 class=\"accordion-title\">Miten Multi-Gyn FloraPlus eroaa muista em\u00e4ttimen hiivasienihoidoista?<\/h2><\/summary><div class=\"accordion-content\">\n<p>Multi-Gyn FloraPlusilla on v\u00e4lit\u00f6n vaikutus oireisiin, ja se on luonnollinen tuote, jolla ei ole haitallista vaikutusta em\u00e4ttimen bakteeritasapainoon. Multi-Gyn FloraPlus auttaa hyvi\u00e4 bakteereita lis\u00e4\u00e4ntym\u00e4\u00e4n, mik\u00e4 hillitsee hiivan kasvua.<\/p>\n<\/div><\/details>\n<\/div><\/div>\n","protected":false},"excerpt":{"rendered":"<p>V\u00e4hent\u00e4\u00e4 v\u00e4litt\u00f6m\u00e4sti kutinaa, \u00e4rsytyst\u00e4, ja valkoista, kokkareista vuotoa.<\/p>\n","protected":false},"featured_media":244,"comment_status":"closed","ping_status":"closed","template":"","meta":{"_acf_changed":false,"footnotes":""},"product_brand":[],"product_cat":[18],"product_tag":[],"class_list":{"0":"post-82","1":"product","2":"type-product","3":"status-publish","4":"has-post-thumbnail","6":"product_cat-hoitoon","8":"first","9":"instock","10":"shipping-taxable","11":"product-type-simple"},"acf":[],"yoast_head":"<!-- This site is optimized with the Yoast SEO plugin v26.6 - https:\/\/yoast.com\/wordpress\/plugins\/seo\/ -->\n<title>Multi-Gyn FloraPlus - Multi-Gyn<\/title>\n<meta name=\"description\" content=\"Em\u00e4ttimen hiivatulehduksen yleisi\u00e4 oireita ovat valkovuoto, \u00e4rsytys ja kutina. V\u00e4lit\u00f6n helpotus Multi-Gyn FloraPlus -hoidolla. Lue lis\u00e4\u00e4 t\u00e4st\u00e4.\" \/>\n<meta name=\"robots\" content=\"index, follow, max-snippet:-1, max-image-preview:large, max-video-preview:-1\" \/>\n<link rel=\"canonical\" href=\"https:\/\/multi-gyn.com\/fi\/tuote\/multi-gyn-flora-plus\/\" \/>\n<meta property=\"og:locale\" content=\"fi_FI\" \/>\n<meta property=\"og:type\" content=\"article\" \/>\n<meta property=\"og:title\" content=\"Multi-Gyn FloraPlus - Multi-Gyn\" \/>\n<meta property=\"og:description\" content=\"Em\u00e4ttimen hiivatulehduksen yleisi\u00e4 oireita ovat valkovuoto, \u00e4rsytys ja kutina. V\u00e4lit\u00f6n helpotus Multi-Gyn FloraPlus -hoidolla. Lue lis\u00e4\u00e4 t\u00e4st\u00e4.\" \/>\n<meta property=\"og:url\" content=\"https:\/\/multi-gyn.com\/fi\/tuote\/multi-gyn-flora-plus\/\" \/>\n<meta property=\"og:site_name\" content=\"Multi-Gyn\" \/>\n<meta property=\"article:modified_time\" content=\"2026-04-16T09:56:21+00:00\" \/>\n<meta property=\"og:image\" content=\"https:\/\/multi-gyn.com\/app\/uploads\/sites\/23\/2022\/09\/MultiGyn_FloraPlus_FI-1.png\" \/>\n\t<meta property=\"og:image:width\" content=\"800\" \/>\n\t<meta property=\"og:image:height\" content=\"800\" \/>\n\t<meta property=\"og:image:type\" content=\"image\/png\" \/>\n<meta name=\"twitter:card\" content=\"summary_large_image\" \/>\n<meta name=\"twitter:label1\" content=\"Est. reading time\" \/>\n\t<meta name=\"twitter:data1\" content=\"1 minute\" \/>\n<script type=\"application\/ld+json\" class=\"yoast-schema-graph\">{\"@context\":\"https:\/\/schema.org\",\"@graph\":[{\"@type\":\"WebPage\",\"@id\":\"https:\/\/multi-gyn.com\/fi\/tuote\/multi-gyn-flora-plus\/\",\"url\":\"https:\/\/multi-gyn.com\/fi\/tuote\/multi-gyn-flora-plus\/\",\"name\":\"Multi-Gyn FloraPlus - Multi-Gyn\",\"isPartOf\":{\"@id\":\"https:\/\/multi-gyn.com\/fi\/#website\"},\"primaryImageOfPage\":{\"@id\":\"https:\/\/multi-gyn.com\/fi\/tuote\/multi-gyn-flora-plus\/#primaryimage\"},\"image\":{\"@id\":\"https:\/\/multi-gyn.com\/fi\/tuote\/multi-gyn-flora-plus\/#primaryimage\"},\"thumbnailUrl\":\"https:\/\/multi-gyn.com\/app\/uploads\/sites\/23\/2022\/09\/MultiGyn_FloraPlus_FI-1.png\",\"datePublished\":\"2022-09-01T12:30:48+00:00\",\"dateModified\":\"2026-04-16T09:56:21+00:00\",\"description\":\"Em\u00e4ttimen hiivatulehduksen yleisi\u00e4 oireita ovat valkovuoto, \u00e4rsytys ja kutina. V\u00e4lit\u00f6n helpotus Multi-Gyn FloraPlus -hoidolla. Lue lis\u00e4\u00e4 t\u00e4st\u00e4.\",\"breadcrumb\":{\"@id\":\"https:\/\/multi-gyn.com\/fi\/tuote\/multi-gyn-flora-plus\/#breadcrumb\"},\"inLanguage\":\"fi-FI\",\"potentialAction\":[{\"@type\":\"ReadAction\",\"target\":[\"https:\/\/multi-gyn.com\/fi\/tuote\/multi-gyn-flora-plus\/\"]}]},{\"@type\":\"ImageObject\",\"inLanguage\":\"fi-FI\",\"@id\":\"https:\/\/multi-gyn.com\/fi\/tuote\/multi-gyn-flora-plus\/#primaryimage\",\"url\":\"https:\/\/multi-gyn.com\/app\/uploads\/sites\/23\/2022\/09\/MultiGyn_FloraPlus_FI-1.png\",\"contentUrl\":\"https:\/\/multi-gyn.com\/app\/uploads\/sites\/23\/2022\/09\/MultiGyn_FloraPlus_FI-1.png\",\"width\":800,\"height\":800,\"caption\":\"Multi-Gyn FloraPlus\"},{\"@type\":\"BreadcrumbList\",\"@id\":\"https:\/\/multi-gyn.com\/fi\/tuote\/multi-gyn-flora-plus\/#breadcrumb\",\"itemListElement\":[{\"@type\":\"ListItem\",\"position\":1,\"name\":\"Home\",\"item\":\"https:\/\/multi-gyn.com\/fi\/\"},{\"@type\":\"ListItem\",\"position\":2,\"name\":\"Tuotteet\",\"item\":\"https:\/\/multi-gyn.com\/fi\/tuotteet\/\"},{\"@type\":\"ListItem\",\"position\":3,\"name\":\"Multi-Gyn FloraPlus\"}]},{\"@type\":\"WebSite\",\"@id\":\"https:\/\/multi-gyn.com\/fi\/#website\",\"url\":\"https:\/\/multi-gyn.com\/fi\/\",\"name\":\"Multi-Gyn\",\"description\":\"\",\"publisher\":{\"@id\":\"https:\/\/multi-gyn.com\/fi\/#organization\"},\"potentialAction\":[{\"@type\":\"SearchAction\",\"target\":{\"@type\":\"EntryPoint\",\"urlTemplate\":\"https:\/\/multi-gyn.com\/fi\/?s={search_term_string}\"},\"query-input\":{\"@type\":\"PropertyValueSpecification\",\"valueRequired\":true,\"valueName\":\"search_term_string\"}}],\"inLanguage\":\"fi-FI\"},{\"@type\":\"Organization\",\"@id\":\"https:\/\/multi-gyn.com\/fi\/#organization\",\"name\":\"Multi-Gyn\",\"url\":\"https:\/\/multi-gyn.com\/fi\/\",\"logo\":{\"@type\":\"ImageObject\",\"inLanguage\":\"fi-FI\",\"@id\":\"https:\/\/multi-gyn.com\/fi\/#\/schema\/logo\/image\/\",\"url\":\"https:\/\/multi-gyn.com\/app\/uploads\/sites\/23\/2022\/08\/multi-gyn-logo.png\",\"contentUrl\":\"https:\/\/multi-gyn.com\/app\/uploads\/sites\/23\/2022\/08\/multi-gyn-logo.png\",\"width\":149,\"height\":32,\"caption\":\"Multi-Gyn\"},\"image\":{\"@id\":\"https:\/\/multi-gyn.com\/fi\/#\/schema\/logo\/image\/\"}}]}<\/script>\n<!-- \/ Yoast SEO plugin. -->","yoast_head_json":{"title":"Multi-Gyn FloraPlus - Multi-Gyn","description":"Em\u00e4ttimen hiivatulehduksen yleisi\u00e4 oireita ovat valkovuoto, \u00e4rsytys ja kutina. V\u00e4lit\u00f6n helpotus Multi-Gyn FloraPlus -hoidolla. Lue lis\u00e4\u00e4 t\u00e4st\u00e4.","robots":{"index":"index","follow":"follow","max-snippet":"max-snippet:-1","max-image-preview":"max-image-preview:large","max-video-preview":"max-video-preview:-1"},"canonical":"https:\/\/multi-gyn.com\/fi\/tuote\/multi-gyn-flora-plus\/","og_locale":"fi_FI","og_type":"article","og_title":"Multi-Gyn FloraPlus - Multi-Gyn","og_description":"Em\u00e4ttimen hiivatulehduksen yleisi\u00e4 oireita ovat valkovuoto, \u00e4rsytys ja kutina. V\u00e4lit\u00f6n helpotus Multi-Gyn FloraPlus -hoidolla. Lue lis\u00e4\u00e4 t\u00e4st\u00e4.","og_url":"https:\/\/multi-gyn.com\/fi\/tuote\/multi-gyn-flora-plus\/","og_site_name":"Multi-Gyn","article_modified_time":"2026-04-16T09:56:21+00:00","og_image":[{"width":800,"height":800,"url":"https:\/\/multi-gyn.com\/app\/uploads\/sites\/23\/2022\/09\/MultiGyn_FloraPlus_FI-1.png","type":"image\/png"}],"twitter_card":"summary_large_image","twitter_misc":{"Est. reading time":"1 minute"},"schema":{"@context":"https:\/\/schema.org","@graph":[{"@type":"WebPage","@id":"https:\/\/multi-gyn.com\/fi\/tuote\/multi-gyn-flora-plus\/","url":"https:\/\/multi-gyn.com\/fi\/tuote\/multi-gyn-flora-plus\/","name":"Multi-Gyn FloraPlus - Multi-Gyn","isPartOf":{"@id":"https:\/\/multi-gyn.com\/fi\/#website"},"primaryImageOfPage":{"@id":"https:\/\/multi-gyn.com\/fi\/tuote\/multi-gyn-flora-plus\/#primaryimage"},"image":{"@id":"https:\/\/multi-gyn.com\/fi\/tuote\/multi-gyn-flora-plus\/#primaryimage"},"thumbnailUrl":"https:\/\/multi-gyn.com\/app\/uploads\/sites\/23\/2022\/09\/MultiGyn_FloraPlus_FI-1.png","datePublished":"2022-09-01T12:30:48+00:00","dateModified":"2026-04-16T09:56:21+00:00","description":"Em\u00e4ttimen hiivatulehduksen yleisi\u00e4 oireita ovat valkovuoto, \u00e4rsytys ja kutina. V\u00e4lit\u00f6n helpotus Multi-Gyn FloraPlus -hoidolla. Lue lis\u00e4\u00e4 t\u00e4st\u00e4.","breadcrumb":{"@id":"https:\/\/multi-gyn.com\/fi\/tuote\/multi-gyn-flora-plus\/#breadcrumb"},"inLanguage":"fi-FI","potentialAction":[{"@type":"ReadAction","target":["https:\/\/multi-gyn.com\/fi\/tuote\/multi-gyn-flora-plus\/"]}]},{"@type":"ImageObject","inLanguage":"fi-FI","@id":"https:\/\/multi-gyn.com\/fi\/tuote\/multi-gyn-flora-plus\/#primaryimage","url":"https:\/\/multi-gyn.com\/app\/uploads\/sites\/23\/2022\/09\/MultiGyn_FloraPlus_FI-1.png","contentUrl":"https:\/\/multi-gyn.com\/app\/uploads\/sites\/23\/2022\/09\/MultiGyn_FloraPlus_FI-1.png","width":800,"height":800,"caption":"Multi-Gyn FloraPlus"},{"@type":"BreadcrumbList","@id":"https:\/\/multi-gyn.com\/fi\/tuote\/multi-gyn-flora-plus\/#breadcrumb","itemListElement":[{"@type":"ListItem","position":1,"name":"Home","item":"https:\/\/multi-gyn.com\/fi\/"},{"@type":"ListItem","position":2,"name":"Tuotteet","item":"https:\/\/multi-gyn.com\/fi\/tuotteet\/"},{"@type":"ListItem","position":3,"name":"Multi-Gyn FloraPlus"}]},{"@type":"WebSite","@id":"https:\/\/multi-gyn.com\/fi\/#website","url":"https:\/\/multi-gyn.com\/fi\/","name":"Multi-Gyn","description":"","publisher":{"@id":"https:\/\/multi-gyn.com\/fi\/#organization"},"potentialAction":[{"@type":"SearchAction","target":{"@type":"EntryPoint","urlTemplate":"https:\/\/multi-gyn.com\/fi\/?s={search_term_string}"},"query-input":{"@type":"PropertyValueSpecification","valueRequired":true,"valueName":"search_term_string"}}],"inLanguage":"fi-FI"},{"@type":"Organization","@id":"https:\/\/multi-gyn.com\/fi\/#organization","name":"Multi-Gyn","url":"https:\/\/multi-gyn.com\/fi\/","logo":{"@type":"ImageObject","inLanguage":"fi-FI","@id":"https:\/\/multi-gyn.com\/fi\/#\/schema\/logo\/image\/","url":"https:\/\/multi-gyn.com\/app\/uploads\/sites\/23\/2022\/08\/multi-gyn-logo.png","contentUrl":"https:\/\/multi-gyn.com\/app\/uploads\/sites\/23\/2022\/08\/multi-gyn-logo.png","width":149,"height":32,"caption":"Multi-Gyn"},"image":{"@id":"https:\/\/multi-gyn.com\/fi\/#\/schema\/logo\/image\/"}}]}},"_links":{"self":[{"href":"https:\/\/multi-gyn.com\/fi\/wp-json\/wp\/v2\/product\/82","targetHints":{"allow":["GET"]}}],"collection":[{"href":"https:\/\/multi-gyn.com\/fi\/wp-json\/wp\/v2\/product"}],"about":[{"href":"https:\/\/multi-gyn.com\/fi\/wp-json\/wp\/v2\/types\/product"}],"replies":[{"embeddable":true,"href":"https:\/\/multi-gyn.com\/fi\/wp-json\/wp\/v2\/comments?post=82"}],"version-history":[{"count":9,"href":"https:\/\/multi-gyn.com\/fi\/wp-json\/wp\/v2\/product\/82\/revisions"}],"predecessor-version":[{"id":436,"href":"https:\/\/multi-gyn.com\/fi\/wp-json\/wp\/v2\/product\/82\/revisions\/436"}],"wp:featuredmedia":[{"embeddable":true,"href":"https:\/\/multi-gyn.com\/fi\/wp-json\/wp\/v2\/media\/244"}],"wp:attachment":[{"href":"https:\/\/multi-gyn.com\/fi\/wp-json\/wp\/v2\/media?parent=82"}],"wp:term":[{"taxonomy":"product_brand","embeddable":true,"href":"https:\/\/multi-gyn.com\/fi\/wp-json\/wp\/v2\/product_brand?post=82"},{"taxonomy":"product_cat","embeddable":true,"href":"https:\/\/multi-gyn.com\/fi\/wp-json\/wp\/v2\/product_cat?post=82"},{"taxonomy":"product_tag","embeddable":true,"href":"https:\/\/multi-gyn.com\/fi\/wp-json\/wp\/v2\/product_tag?post=82"}],"curies":[{"name":"wp","href":"https:\/\/api.w.org\/{rel}","templated":true}]}}