{"id":108,"date":"2023-02-17T11:24:12","date_gmt":"2023-02-17T10:24:12","guid":{"rendered":"https:\/\/multi-gyn.com\/hr\/?page_id=108"},"modified":"2025-10-10T10:48:29","modified_gmt":"2025-10-10T08:48:29","slug":"pitanja","status":"publish","type":"page","link":"https:\/\/multi-gyn.com\/hr\/pitanja\/","title":{"rendered":"Pitanja"},"content":{"rendered":"\n<div class=\"wp-block-karopharma-free-text pt-large pb-large bg-center bg-cover bg-no-repeat\" style=\"background-image:url(https:\/\/multi-gyn.com\/cdn-cgi\/image\/format=auto\/app\/uploads\/sites\/43\/2025\/10\/Multi-Gyn_1920x750_Banner_FAQ.jpg)\"><div class=\"free-text-wrapper container max-w-medium text-center\">\n<div style=\"height:100px\" aria-hidden=\"true\" class=\"wp-block-spacer is-style-responsive-medium\"><\/div>\n\n\n\n<h1 class=\"wp-block-heading is-style-heading-huge has-white-color has-text-color\">\u010cESTA PITANJA<\/h1>\n\n\n\n<div style=\"height:100px\" aria-hidden=\"true\" class=\"wp-block-spacer is-style-responsive-medium\"><\/div>\n<\/div><\/div>\n\n\n\n<div class=\"wp-block-karopharma-accordions\"><div class=\"container\">\n<details class=\"wp-block-karopharma-accordion\"><summary><h2 class=\"accordion-title\">\u0160to je bakterijska vaginoza?<\/h2><\/summary><div class=\"accordion-content\">\n<p>Bakterijska vaginoza jedan je od uzroka vaginalnog iscjetka i mirisa, zbog \u010dega \u017eene tra\u017ee medicinsku pomo\u0107. To se doga\u0111a zbog neravnote\u017ee vaginalne flore, \u0161to rezultira prekomjernim rastom &#8220;lo\u0161ih&#8221; bakterija. Pored neugodnih simptoma, ako se ne lije\u010di, bakterijska vaginoza mo\u017ee pove\u0107ati rizik od dobivanja spolno prenosive bolesti poput HIV-a ili herpesa. Uz to, pove\u0107ava rizik od poba\u010daja ili prijevremenog poroda, ako se dogodi tijekom trudno\u0107e, a \u017eene s bakterijskom vaginozom \u010de\u0161\u0107e dobivaju infekciju nakon zdjeli\u010dnih procedura, poput carskog reza ili histerektomije. To su samo neki od razloga za\u0161to je toliko va\u017eno bakterijske vaginoze lije\u010diti odgovaraju\u0107im lijekovima prije nego \u0161to se jave komplikacije.<\/p>\n<\/div><\/details>\n\n\n\n<details class=\"wp-block-karopharma-accordion\"><summary><h2 class=\"accordion-title\">\u0160to je vaginalna gljivi\u010dna infekcija?<\/h2><\/summary><div class=\"accordion-content\">\n<p>Mnoge tegobe rodnice mogu se manifestirati kao kandidijaza, poznata i kao gljivi\u010dna infekcija rodnice ili infekcija kandidom. Gljivi\u010dnu infekciju rodnice izaziva Candida albicans, mikroorganizam koji se uobi\u010dajeno nalazi na na\u0161oj ko\u017ei i sluznici. Me\u0111utim, kad se poremeti flora rodnice (zbog uzimanja antibiotika, pretjerane higijene, suho\u0107e rodnicei dr.) ili zbog drugih faktora (kao \u0161to su hormonalne promjene), kandida mo\u017ee prerasti i izazvati tegobe kao \u0161to su svrbe\u017e, iritacija, bol i poja\u010dan iscjedak. To se ozna\u010dava kao gljivi\u010dna infekcija rodnice. Neke \u017eene sklonije su nastanku gljvi\u010dne infekcije rodnice u odnosu na druge.<\/p>\n<\/div><\/details>\n\n\n\n<details class=\"wp-block-karopharma-accordion\"><summary><h2 class=\"accordion-title\">Za\u0161to je moja vagina suha?<\/h2><\/summary><div class=\"accordion-content\">\n<p>Suho\u0107a \u010desto je simptom menopauze, ali se mo\u017ee javiti u bilo kojem razdoblju \u017eivota. Drugi uobi\u010dajeni krivci za to su hormonalne promjene koje se doga\u0111aju nakon poroda ili za vrijeme dojenja, tijekom lije\u010denja raka ili odre\u0111enih terapija.<\/p>\n\n\n\n<p>Suho\u0107a mo\u017ee biti izazvana strahom i anksiozno\u0161\u0107u, prekomjernim vje\u017ebanjem, alkoholom, kofeinom ili cigaretama. Iako suho\u0107a rodnice mo\u017ee izgledati kao manja iritacija, ozbiljno mo\u017ee smanjiti kvalitetu \u017eivota. Lije\u010denje suho\u0107e rodnice vrlo je va\u017eno, ne samo za fizi\u010dku dobrobit \u017eene, nego i za njezino emotivno stanje i zdravu vezu.<\/p>\n<\/div><\/details>\n<\/div><\/div>\n","protected":false},"excerpt":{"rendered":"","protected":false},"author":2,"featured_media":0,"parent":0,"menu_order":0,"comment_status":"closed","ping_status":"closed","template":"","meta":{"_acf_changed":false,"footnotes":""},"from-article-database":[],"class_list":["post-108","page","type-page","status-publish","hentry"],"acf":[],"yoast_head":"<!-- This site is optimized with the Yoast SEO plugin v26.6 - https:\/\/yoast.com\/wordpress\/plugins\/seo\/ -->\n<title>Pitanja - Multi-Gyn<\/title>\n<meta name=\"description\" content=\"\u0160to je bakterijska vaginoza? \u0160to je vaginalna gljivi\u010dna infekcija? Za\u0161to je moja vagina suha?\" \/>\n<meta name=\"robots\" content=\"index, follow, max-snippet:-1, max-image-preview:large, max-video-preview:-1\" \/>\n<link rel=\"canonical\" href=\"https:\/\/multi-gyn.com\/hr\/pitanja\/\" \/>\n<meta property=\"og:locale\" content=\"hr_HR\" \/>\n<meta property=\"og:type\" content=\"article\" \/>\n<meta property=\"og:title\" content=\"Pitanja - Multi-Gyn\" \/>\n<meta property=\"og:description\" content=\"\u0160to je bakterijska vaginoza? \u0160to je vaginalna gljivi\u010dna infekcija? Za\u0161to je moja vagina suha?\" \/>\n<meta property=\"og:url\" content=\"https:\/\/multi-gyn.com\/hr\/pitanja\/\" \/>\n<meta property=\"og:site_name\" content=\"Multi-Gyn\" \/>\n<meta property=\"article:modified_time\" content=\"2025-10-10T08:48:29+00:00\" \/>\n<meta name=\"twitter:card\" content=\"summary_large_image\" \/>\n<meta name=\"twitter:label1\" content=\"Est. reading time\" \/>\n\t<meta name=\"twitter:data1\" content=\"2 minutes\" \/>\n<script type=\"application\/ld+json\" class=\"yoast-schema-graph\">{\"@context\":\"https:\/\/schema.org\",\"@graph\":[{\"@type\":\"WebPage\",\"@id\":\"https:\/\/multi-gyn.com\/hr\/pitanja\/\",\"url\":\"https:\/\/multi-gyn.com\/hr\/pitanja\/\",\"name\":\"Pitanja - Multi-Gyn\",\"isPartOf\":{\"@id\":\"https:\/\/multi-gyn.com\/hr\/#website\"},\"datePublished\":\"2023-02-17T10:24:12+00:00\",\"dateModified\":\"2025-10-10T08:48:29+00:00\",\"description\":\"\u0160to je bakterijska vaginoza? \u0160to je vaginalna gljivi\u010dna infekcija? Za\u0161to je moja vagina suha?\",\"breadcrumb\":{\"@id\":\"https:\/\/multi-gyn.com\/hr\/pitanja\/#breadcrumb\"},\"inLanguage\":\"hr-HR\",\"potentialAction\":[{\"@type\":\"ReadAction\",\"target\":[\"https:\/\/multi-gyn.com\/hr\/pitanja\/\"]}]},{\"@type\":\"BreadcrumbList\",\"@id\":\"https:\/\/multi-gyn.com\/hr\/pitanja\/#breadcrumb\",\"itemListElement\":[{\"@type\":\"ListItem\",\"position\":1,\"name\":\"Home\",\"item\":\"https:\/\/multi-gyn.com\/hr\/\"},{\"@type\":\"ListItem\",\"position\":2,\"name\":\"Pitanja\"}]},{\"@type\":\"WebSite\",\"@id\":\"https:\/\/multi-gyn.com\/hr\/#website\",\"url\":\"https:\/\/multi-gyn.com\/hr\/\",\"name\":\"Multi-Gyn\",\"description\":\"\",\"publisher\":{\"@id\":\"https:\/\/multi-gyn.com\/hr\/#organization\"},\"potentialAction\":[{\"@type\":\"SearchAction\",\"target\":{\"@type\":\"EntryPoint\",\"urlTemplate\":\"https:\/\/multi-gyn.com\/hr\/?s={search_term_string}\"},\"query-input\":{\"@type\":\"PropertyValueSpecification\",\"valueRequired\":true,\"valueName\":\"search_term_string\"}}],\"inLanguage\":\"hr-HR\"},{\"@type\":\"Organization\",\"@id\":\"https:\/\/multi-gyn.com\/hr\/#organization\",\"name\":\"Multi-Gyn\",\"url\":\"https:\/\/multi-gyn.com\/hr\/\",\"logo\":{\"@type\":\"ImageObject\",\"inLanguage\":\"hr-HR\",\"@id\":\"https:\/\/multi-gyn.com\/hr\/#\/schema\/logo\/image\/\",\"url\":\"https:\/\/multi-gyn.com\/app\/uploads\/sites\/43\/2023\/02\/multi-gyn-logo.png\",\"contentUrl\":\"https:\/\/multi-gyn.com\/app\/uploads\/sites\/43\/2023\/02\/multi-gyn-logo.png\",\"width\":149,\"height\":32,\"caption\":\"Multi-Gyn\"},\"image\":{\"@id\":\"https:\/\/multi-gyn.com\/hr\/#\/schema\/logo\/image\/\"}}]}<\/script>\n<!-- \/ Yoast SEO plugin. -->","yoast_head_json":{"title":"Pitanja - Multi-Gyn","description":"\u0160to je bakterijska vaginoza? \u0160to je vaginalna gljivi\u010dna infekcija? Za\u0161to je moja vagina suha?","robots":{"index":"index","follow":"follow","max-snippet":"max-snippet:-1","max-image-preview":"max-image-preview:large","max-video-preview":"max-video-preview:-1"},"canonical":"https:\/\/multi-gyn.com\/hr\/pitanja\/","og_locale":"hr_HR","og_type":"article","og_title":"Pitanja - Multi-Gyn","og_description":"\u0160to je bakterijska vaginoza? \u0160to je vaginalna gljivi\u010dna infekcija? Za\u0161to je moja vagina suha?","og_url":"https:\/\/multi-gyn.com\/hr\/pitanja\/","og_site_name":"Multi-Gyn","article_modified_time":"2025-10-10T08:48:29+00:00","twitter_card":"summary_large_image","twitter_misc":{"Est. reading time":"2 minutes"},"schema":{"@context":"https:\/\/schema.org","@graph":[{"@type":"WebPage","@id":"https:\/\/multi-gyn.com\/hr\/pitanja\/","url":"https:\/\/multi-gyn.com\/hr\/pitanja\/","name":"Pitanja - Multi-Gyn","isPartOf":{"@id":"https:\/\/multi-gyn.com\/hr\/#website"},"datePublished":"2023-02-17T10:24:12+00:00","dateModified":"2025-10-10T08:48:29+00:00","description":"\u0160to je bakterijska vaginoza? \u0160to je vaginalna gljivi\u010dna infekcija? Za\u0161to je moja vagina suha?","breadcrumb":{"@id":"https:\/\/multi-gyn.com\/hr\/pitanja\/#breadcrumb"},"inLanguage":"hr-HR","potentialAction":[{"@type":"ReadAction","target":["https:\/\/multi-gyn.com\/hr\/pitanja\/"]}]},{"@type":"BreadcrumbList","@id":"https:\/\/multi-gyn.com\/hr\/pitanja\/#breadcrumb","itemListElement":[{"@type":"ListItem","position":1,"name":"Home","item":"https:\/\/multi-gyn.com\/hr\/"},{"@type":"ListItem","position":2,"name":"Pitanja"}]},{"@type":"WebSite","@id":"https:\/\/multi-gyn.com\/hr\/#website","url":"https:\/\/multi-gyn.com\/hr\/","name":"Multi-Gyn","description":"","publisher":{"@id":"https:\/\/multi-gyn.com\/hr\/#organization"},"potentialAction":[{"@type":"SearchAction","target":{"@type":"EntryPoint","urlTemplate":"https:\/\/multi-gyn.com\/hr\/?s={search_term_string}"},"query-input":{"@type":"PropertyValueSpecification","valueRequired":true,"valueName":"search_term_string"}}],"inLanguage":"hr-HR"},{"@type":"Organization","@id":"https:\/\/multi-gyn.com\/hr\/#organization","name":"Multi-Gyn","url":"https:\/\/multi-gyn.com\/hr\/","logo":{"@type":"ImageObject","inLanguage":"hr-HR","@id":"https:\/\/multi-gyn.com\/hr\/#\/schema\/logo\/image\/","url":"https:\/\/multi-gyn.com\/app\/uploads\/sites\/43\/2023\/02\/multi-gyn-logo.png","contentUrl":"https:\/\/multi-gyn.com\/app\/uploads\/sites\/43\/2023\/02\/multi-gyn-logo.png","width":149,"height":32,"caption":"Multi-Gyn"},"image":{"@id":"https:\/\/multi-gyn.com\/hr\/#\/schema\/logo\/image\/"}}]}},"_links":{"self":[{"href":"https:\/\/multi-gyn.com\/hr\/wp-json\/wp\/v2\/pages\/108","targetHints":{"allow":["GET"]}}],"collection":[{"href":"https:\/\/multi-gyn.com\/hr\/wp-json\/wp\/v2\/pages"}],"about":[{"href":"https:\/\/multi-gyn.com\/hr\/wp-json\/wp\/v2\/types\/page"}],"author":[{"embeddable":true,"href":"https:\/\/multi-gyn.com\/hr\/wp-json\/wp\/v2\/users\/2"}],"replies":[{"embeddable":true,"href":"https:\/\/multi-gyn.com\/hr\/wp-json\/wp\/v2\/comments?post=108"}],"version-history":[{"count":6,"href":"https:\/\/multi-gyn.com\/hr\/wp-json\/wp\/v2\/pages\/108\/revisions"}],"predecessor-version":[{"id":631,"href":"https:\/\/multi-gyn.com\/hr\/wp-json\/wp\/v2\/pages\/108\/revisions\/631"}],"wp:attachment":[{"href":"https:\/\/multi-gyn.com\/hr\/wp-json\/wp\/v2\/media?parent=108"}],"wp:term":[{"taxonomy":"from-article-database","embeddable":true,"href":"https:\/\/multi-gyn.com\/hr\/wp-json\/wp\/v2\/from-article-database?post=108"}],"curies":[{"name":"wp","href":"https:\/\/api.w.org\/{rel}","templated":true}]}}